{"id":10865,"date":"2023-02-13T19:48:41","date_gmt":"2023-02-13T18:48:41","guid":{"rendered":"https:\/\/deliciaspersas.com\/?post_type=product&#038;p=10865"},"modified":"2024-10-18T19:23:01","modified_gmt":"2024-10-18T17:23:01","slug":"extracto-de-azafran-natural-15ml","status":"publish","type":"product","link":"https:\/\/deliciaspersas.com\/en\/tienda\/azafran\/extracto-de-azafran-natural-15ml\/","title":{"rendered":"Extracto de Azafr\u00e1n Natural 15ml"},"content":{"rendered":"<h1>Extracto de Azafr\u00e1n<\/h1>\n<h6>Las ventajas del extracto:<\/h6>\n<p>Facilidad de uso<br \/>\nEl extracto es un producto extra\u00eddo por ultrasonidos de los estigmas de azafr\u00e1n La extracci\u00f3n tiene lugar por fen\u00f3meno de cavitaci\u00f3n. Contrariamente a las formas habituales que necesitan calor y mucho tiempo, las ondas ultras\u00f3nicas demuelen las paredes celulares en un tiempo m\u00e1s corto sin producir calor y los materiales efectivos de la planta de azafr\u00e1n se extraen por completo<br \/>\nExtraordinario color, sabor y aroma.<\/p>\n<h5>Las sustancias efectivas del azafr\u00e1n incluyen:<\/h5>\n<p>1. Crocina, que es el principal pigmento del azafr\u00e1n<br \/>\n2. Picrocrocina, que es el sabor principal del azafr\u00e1n<br \/>\n3. Saffranal, que es el principal aroma del azafr\u00e1n<\/p>\n<p>El recipiente con cuentagotas permite verter la cantidad deseada de extracto de azafr\u00e1n de forma controlada sobre el arroz, el pollo, el pescado y otros platos favorables durante la cocci\u00f3n o antes de servir. Puede dar un hermoso color al yogur, ensalada, varios postres, diferentes tipos de pasteles y bombones usando unas gotas del extracto, sin m\u00e9todos de molienda e infusi\u00f3n que consumen mucho tiempo. Durante el proceso de producci\u00f3n, el \u00fanico aditivo utilizado es agua destilada, que se infiltra en la membrana celular para extraer el material efectivo de azafr\u00e1n despu\u00e9s de que las ondas ultras\u00f3nicas hayan creado cavidades en las c\u00e9lulas.<\/p>\n","protected":false},"excerpt":{"rendered":"<p>Extracto de Azafr\u00e1n Las ventajas del extracto: Facilidad de uso El extracto es un producto extra\u00eddo por ultrasonidos de los estigmas de azafr\u00e1n La extracci\u00f3n tiene lugar por fen\u00f3meno de cavitaci\u00f3n. Contrariamente a las formas habituales que necesitan calor y mucho tiempo, las ondas ultras\u00f3nicas demuelen las paredes celulares en un tiempo m\u00e1s corto sin [&hellip;]<\/p>\n","protected":false},"featured_media":10866,"template":"","meta":{"_surecart_dashboard_logo_width":"180px","_surecart_dashboard_show_logo":true,"_surecart_dashboard_navigation_orders":true,"_surecart_dashboard_navigation_invoices":true,"_surecart_dashboard_navigation_subscriptions":true,"_surecart_dashboard_navigation_downloads":true,"_surecart_dashboard_navigation_billing":true,"_surecart_dashboard_navigation_account":true,"_uag_custom_page_level_css":"","site-sidebar-layout":"default","site-content-layout":"default","ast-site-content-layout":"default","site-content-style":"default","site-sidebar-style":"default","ast-global-header-display":"","ast-banner-title-visibility":"","ast-main-header-display":"","ast-hfb-above-header-display":"","ast-hfb-below-header-display":"","ast-hfb-mobile-header-display":"","site-post-title":"","ast-breadcrumbs-content":"","ast-featured-img":"","footer-sml-layout":"","theme-transparent-header-meta":"default","adv-header-id-meta":"","stick-header-meta":"","header-above-stick-meta":"","header-main-stick-meta":"","header-below-stick-meta":"","astra-migrate-meta-layouts":"set","ast-page-background-enabled":"default","ast-page-background-meta":{"desktop":{"background-color":"","background-image":"","background-repeat":"repeat","background-position":"center center","background-size":"auto","background-attachment":"scroll","background-type":"","background-media":"","overlay-type":"","overlay-color":"","overlay-opacity":"","overlay-gradient":""},"tablet":{"background-color":"","background-image":"","background-repeat":"repeat","background-position":"center center","background-size":"auto","background-attachment":"scroll","background-type":"","background-media":"","overlay-type":"","overlay-color":"","overlay-opacity":"","overlay-gradient":""},"mobile":{"background-color":"","background-image":"","background-repeat":"repeat","background-position":"center center","background-size":"auto","background-attachment":"scroll","background-type":"","background-media":"","overlay-type":"","overlay-color":"","overlay-opacity":"","overlay-gradient":""}},"ast-content-background-meta":{"desktop":{"background-color":"var(--ast-global-color-5)","background-image":"","background-repeat":"repeat","background-position":"center center","background-size":"auto","background-attachment":"scroll","background-type":"","background-media":"","overlay-type":"","overlay-color":"","overlay-opacity":"","overlay-gradient":""},"tablet":{"background-color":"var(--ast-global-color-5)","background-image":"","background-repeat":"repeat","background-position":"center center","background-size":"auto","background-attachment":"scroll","background-type":"","background-media":"","overlay-type":"","overlay-color":"","overlay-opacity":"","overlay-gradient":""},"mobile":{"background-color":"var(--ast-global-color-5)","background-image":"","background-repeat":"repeat","background-position":"center center","background-size":"auto","background-attachment":"scroll","background-type":"","background-media":"","overlay-type":"","overlay-color":"","overlay-opacity":"","overlay-gradient":""}}},"pwb-brand":[1157,113],"product_cat":[49,106],"product_tag":[],"class_list":{"0":"post-10865","1":"product","2":"type-product","3":"status-publish","4":"has-post-thumbnail","6":"pwb-brand-azafran-irani","7":"pwb-brand-dayan-2","8":"product_cat-azafran","9":"product_cat-nuevos-productos","10":"desktop-align-center","11":"tablet-align-center","12":"mobile-align-center","14":"first","15":"outofstock","16":"taxable","17":"shipping-taxable","18":"purchasable","19":"product-type-simple"},"yoast_head":"<!-- This site is optimized with the Yoast SEO plugin v23.6 - https:\/\/yoast.com\/wordpress\/plugins\/seo\/ -->\n<title>Extracto de Azafr\u00e1n Natural 15ml - Delicias Persas<\/title>\n<meta name=\"robots\" content=\"index, follow, max-snippet:-1, max-image-preview:large, max-video-preview:-1\" \/>\n<link rel=\"canonical\" href=\"https:\/\/deliciaspersas.com\/en\/tienda\/azafran\/extracto-de-azafran-natural-15ml\/\" \/>\n<meta property=\"og:locale\" content=\"en_US\" \/>\n<meta property=\"og:type\" content=\"article\" \/>\n<meta property=\"og:title\" content=\"Extracto de Azafr\u00e1n Natural 15ml - Delicias Persas\" \/>\n<meta property=\"og:description\" content=\"Extracto de Azafr\u00e1n Las ventajas del extracto: Facilidad de uso El extracto es un producto extra\u00eddo por ultrasonidos de los estigmas de azafr\u00e1n La extracci\u00f3n tiene lugar por fen\u00f3meno de cavitaci\u00f3n. Contrariamente a las formas habituales que necesitan calor y mucho tiempo, las ondas ultras\u00f3nicas demuelen las paredes celulares en un tiempo m\u00e1s corto sin [&hellip;]\" \/>\n<meta property=\"og:url\" content=\"https:\/\/deliciaspersas.com\/en\/tienda\/azafran\/extracto-de-azafran-natural-15ml\/\" \/>\n<meta property=\"og:site_name\" content=\"Delicias Persas\" \/>\n<meta property=\"article:publisher\" content=\"https:\/\/www.facebook.com\/Deliciaspersas\" \/>\n<meta property=\"article:modified_time\" content=\"2024-10-18T17:23:01+00:00\" \/>\n<meta property=\"og:image\" content=\"https:\/\/deliciaspersas.com\/wp-content\/uploads\/extract-azafron.jpg\" \/>\n\t<meta property=\"og:image:width\" content=\"265\" \/>\n\t<meta property=\"og:image:height\" content=\"265\" \/>\n\t<meta property=\"og:image:type\" content=\"image\/jpeg\" \/>\n<meta name=\"twitter:card\" content=\"summary_large_image\" \/>\n<meta name=\"twitter:label1\" content=\"Est. reading time\" \/>\n\t<meta name=\"twitter:data1\" content=\"2 minutes\" \/>\n<script type=\"application\/ld+json\" class=\"yoast-schema-graph\">{\"@context\":\"https:\/\/schema.org\",\"@graph\":[{\"@type\":\"WebPage\",\"@id\":\"https:\/\/deliciaspersas.com\/en\/tienda\/azafran\/extracto-de-azafran-natural-15ml\/\",\"url\":\"https:\/\/deliciaspersas.com\/en\/tienda\/azafran\/extracto-de-azafran-natural-15ml\/\",\"name\":\"Extracto de Azafr\u00e1n Natural 15ml - Delicias Persas\",\"isPartOf\":{\"@id\":\"https:\/\/deliciaspersas.com\/en\/#website\"},\"primaryImageOfPage\":{\"@id\":\"https:\/\/deliciaspersas.com\/en\/tienda\/azafran\/extracto-de-azafran-natural-15ml\/#primaryimage\"},\"image\":{\"@id\":\"https:\/\/deliciaspersas.com\/en\/tienda\/azafran\/extracto-de-azafran-natural-15ml\/#primaryimage\"},\"thumbnailUrl\":\"https:\/\/deliciaspersas.com\/wp-content\/uploads\/extract-azafron.jpg\",\"datePublished\":\"2023-02-13T18:48:41+00:00\",\"dateModified\":\"2024-10-18T17:23:01+00:00\",\"breadcrumb\":{\"@id\":\"https:\/\/deliciaspersas.com\/en\/tienda\/azafran\/extracto-de-azafran-natural-15ml\/#breadcrumb\"},\"inLanguage\":\"en-US\",\"potentialAction\":[{\"@type\":\"ReadAction\",\"target\":[\"https:\/\/deliciaspersas.com\/en\/tienda\/azafran\/extracto-de-azafran-natural-15ml\/\"]}]},{\"@type\":\"ImageObject\",\"inLanguage\":\"en-US\",\"@id\":\"https:\/\/deliciaspersas.com\/en\/tienda\/azafran\/extracto-de-azafran-natural-15ml\/#primaryimage\",\"url\":\"https:\/\/deliciaspersas.com\/wp-content\/uploads\/extract-azafron.jpg\",\"contentUrl\":\"https:\/\/deliciaspersas.com\/wp-content\/uploads\/extract-azafron.jpg\",\"width\":265,\"height\":265},{\"@type\":\"BreadcrumbList\",\"@id\":\"https:\/\/deliciaspersas.com\/en\/tienda\/azafran\/extracto-de-azafran-natural-15ml\/#breadcrumb\",\"itemListElement\":[{\"@type\":\"ListItem\",\"position\":1,\"name\":\"Portada\",\"item\":\"https:\/\/deliciaspersas.com\/en\/\"},{\"@type\":\"ListItem\",\"position\":2,\"name\":\"Tienda\",\"item\":\"https:\/\/deliciaspersas.com\/\"},{\"@type\":\"ListItem\",\"position\":3,\"name\":\"Extracto de Azafr\u00e1n Natural 15ml\"}]},{\"@type\":\"WebSite\",\"@id\":\"https:\/\/deliciaspersas.com\/en\/#website\",\"url\":\"https:\/\/deliciaspersas.com\/en\/\",\"name\":\"Delicias Persas\",\"description\":\"Gastronom&iacute;a persa al alcance de tus manos\",\"publisher\":{\"@id\":\"https:\/\/deliciaspersas.com\/en\/#organization\"},\"potentialAction\":[{\"@type\":\"SearchAction\",\"target\":{\"@type\":\"EntryPoint\",\"urlTemplate\":\"https:\/\/deliciaspersas.com\/en\/?s={search_term_string}\"},\"query-input\":{\"@type\":\"PropertyValueSpecification\",\"valueRequired\":true,\"valueName\":\"search_term_string\"}}],\"inLanguage\":\"en-US\"},{\"@type\":\"Organization\",\"@id\":\"https:\/\/deliciaspersas.com\/en\/#organization\",\"name\":\"Delicias Persas\",\"url\":\"https:\/\/deliciaspersas.com\/en\/\",\"logo\":{\"@type\":\"ImageObject\",\"inLanguage\":\"en-US\",\"@id\":\"https:\/\/deliciaspersas.com\/en\/#\/schema\/logo\/image\/\",\"url\":\"https:\/\/deliciaspersas.com\/wp-content\/uploads\/2020\/07\/logo-2020.png\",\"contentUrl\":\"https:\/\/deliciaspersas.com\/wp-content\/uploads\/2020\/07\/logo-2020.png\",\"width\":520,\"height\":490,\"caption\":\"Delicias Persas\"},\"image\":{\"@id\":\"https:\/\/deliciaspersas.com\/en\/#\/schema\/logo\/image\/\"},\"sameAs\":[\"https:\/\/www.facebook.com\/Deliciaspersas\",\"https:\/\/www.instagram.com\/delicias_persas\/\",\"https:\/\/www.linkedin.com\/delicias-persas\"]}]}<\/script>\n<!-- \/ Yoast SEO plugin. -->","yoast_head_json":{"title":"Extracto de Azafr\u00e1n Natural 15ml - Delicias Persas","robots":{"index":"index","follow":"follow","max-snippet":"max-snippet:-1","max-image-preview":"max-image-preview:large","max-video-preview":"max-video-preview:-1"},"canonical":"https:\/\/deliciaspersas.com\/en\/tienda\/azafran\/extracto-de-azafran-natural-15ml\/","og_locale":"en_US","og_type":"article","og_title":"Extracto de Azafr\u00e1n Natural 15ml - Delicias Persas","og_description":"Extracto de Azafr\u00e1n Las ventajas del extracto: Facilidad de uso El extracto es un producto extra\u00eddo por ultrasonidos de los estigmas de azafr\u00e1n La extracci\u00f3n tiene lugar por fen\u00f3meno de cavitaci\u00f3n. Contrariamente a las formas habituales que necesitan calor y mucho tiempo, las ondas ultras\u00f3nicas demuelen las paredes celulares en un tiempo m\u00e1s corto sin [&hellip;]","og_url":"https:\/\/deliciaspersas.com\/en\/tienda\/azafran\/extracto-de-azafran-natural-15ml\/","og_site_name":"Delicias Persas","article_publisher":"https:\/\/www.facebook.com\/Deliciaspersas","article_modified_time":"2024-10-18T17:23:01+00:00","og_image":[{"width":265,"height":265,"url":"https:\/\/deliciaspersas.com\/wp-content\/uploads\/extract-azafron.jpg","type":"image\/jpeg"}],"twitter_card":"summary_large_image","twitter_misc":{"Est. reading time":"2 minutes"},"schema":{"@context":"https:\/\/schema.org","@graph":[{"@type":"WebPage","@id":"https:\/\/deliciaspersas.com\/en\/tienda\/azafran\/extracto-de-azafran-natural-15ml\/","url":"https:\/\/deliciaspersas.com\/en\/tienda\/azafran\/extracto-de-azafran-natural-15ml\/","name":"Extracto de Azafr\u00e1n Natural 15ml - Delicias Persas","isPartOf":{"@id":"https:\/\/deliciaspersas.com\/en\/#website"},"primaryImageOfPage":{"@id":"https:\/\/deliciaspersas.com\/en\/tienda\/azafran\/extracto-de-azafran-natural-15ml\/#primaryimage"},"image":{"@id":"https:\/\/deliciaspersas.com\/en\/tienda\/azafran\/extracto-de-azafran-natural-15ml\/#primaryimage"},"thumbnailUrl":"https:\/\/deliciaspersas.com\/wp-content\/uploads\/extract-azafron.jpg","datePublished":"2023-02-13T18:48:41+00:00","dateModified":"2024-10-18T17:23:01+00:00","breadcrumb":{"@id":"https:\/\/deliciaspersas.com\/en\/tienda\/azafran\/extracto-de-azafran-natural-15ml\/#breadcrumb"},"inLanguage":"en-US","potentialAction":[{"@type":"ReadAction","target":["https:\/\/deliciaspersas.com\/en\/tienda\/azafran\/extracto-de-azafran-natural-15ml\/"]}]},{"@type":"ImageObject","inLanguage":"en-US","@id":"https:\/\/deliciaspersas.com\/en\/tienda\/azafran\/extracto-de-azafran-natural-15ml\/#primaryimage","url":"https:\/\/deliciaspersas.com\/wp-content\/uploads\/extract-azafron.jpg","contentUrl":"https:\/\/deliciaspersas.com\/wp-content\/uploads\/extract-azafron.jpg","width":265,"height":265},{"@type":"BreadcrumbList","@id":"https:\/\/deliciaspersas.com\/en\/tienda\/azafran\/extracto-de-azafran-natural-15ml\/#breadcrumb","itemListElement":[{"@type":"ListItem","position":1,"name":"Portada","item":"https:\/\/deliciaspersas.com\/en\/"},{"@type":"ListItem","position":2,"name":"Tienda","item":"https:\/\/deliciaspersas.com\/"},{"@type":"ListItem","position":3,"name":"Extracto de Azafr\u00e1n Natural 15ml"}]},{"@type":"WebSite","@id":"https:\/\/deliciaspersas.com\/en\/#website","url":"https:\/\/deliciaspersas.com\/en\/","name":"Delicias Persas","description":"Gastronom&iacute;a persa al alcance de tus manos","publisher":{"@id":"https:\/\/deliciaspersas.com\/en\/#organization"},"potentialAction":[{"@type":"SearchAction","target":{"@type":"EntryPoint","urlTemplate":"https:\/\/deliciaspersas.com\/en\/?s={search_term_string}"},"query-input":{"@type":"PropertyValueSpecification","valueRequired":true,"valueName":"search_term_string"}}],"inLanguage":"en-US"},{"@type":"Organization","@id":"https:\/\/deliciaspersas.com\/en\/#organization","name":"Delicias Persas","url":"https:\/\/deliciaspersas.com\/en\/","logo":{"@type":"ImageObject","inLanguage":"en-US","@id":"https:\/\/deliciaspersas.com\/en\/#\/schema\/logo\/image\/","url":"https:\/\/deliciaspersas.com\/wp-content\/uploads\/2020\/07\/logo-2020.png","contentUrl":"https:\/\/deliciaspersas.com\/wp-content\/uploads\/2020\/07\/logo-2020.png","width":520,"height":490,"caption":"Delicias Persas"},"image":{"@id":"https:\/\/deliciaspersas.com\/en\/#\/schema\/logo\/image\/"},"sameAs":["https:\/\/www.facebook.com\/Deliciaspersas","https:\/\/www.instagram.com\/delicias_persas\/","https:\/\/www.linkedin.com\/delicias-persas"]}]}},"uagb_featured_image_src":{"full":["https:\/\/deliciaspersas.com\/wp-content\/uploads\/extract-azafron.jpg",265,265,false],"thumbnail":["https:\/\/deliciaspersas.com\/wp-content\/uploads\/extract-azafron-150x150.jpg",150,150,true],"medium":["https:\/\/deliciaspersas.com\/wp-content\/uploads\/extract-azafron.jpg",265,265,false],"medium_large":["https:\/\/deliciaspersas.com\/wp-content\/uploads\/extract-azafron.jpg",265,265,false],"large":["https:\/\/deliciaspersas.com\/wp-content\/uploads\/extract-azafron.jpg",265,265,false],"1536x1536":["https:\/\/deliciaspersas.com\/wp-content\/uploads\/extract-azafron.jpg",265,265,false],"2048x2048":["https:\/\/deliciaspersas.com\/wp-content\/uploads\/extract-azafron.jpg",265,265,false],"woocommerce_thumbnail":["https:\/\/deliciaspersas.com\/wp-content\/uploads\/extract-azafron.jpg",265,265,false],"woocommerce_single":["https:\/\/deliciaspersas.com\/wp-content\/uploads\/extract-azafron.jpg",265,265,false],"woocommerce_gallery_thumbnail":["https:\/\/deliciaspersas.com\/wp-content\/uploads\/extract-azafron-100x100.jpg",100,100,true]},"uagb_author_info":{"display_name":"admin","author_link":"https:\/\/deliciaspersas.com\/en\/author\/"},"uagb_comment_info":0,"uagb_excerpt":"Extracto de Azafr\u00e1n Las ventajas del extracto: Facilidad de uso El extracto es un producto extra\u00eddo por ultrasonidos de los estigmas de azafr\u00e1n La extracci\u00f3n tiene lugar por fen\u00f3meno de cavitaci\u00f3n. Contrariamente a las formas habituales que necesitan calor y mucho tiempo, las ondas ultras\u00f3nicas demuelen las paredes celulares en un tiempo m\u00e1s corto sin&hellip;","brands":[{"id":1157,"name":"Azafr\u00e1n Iran\u00ed","slug":"azafran-irani"},{"id":113,"name":"Dayan","slug":"dayan-2"}],"_links":{"self":[{"href":"https:\/\/deliciaspersas.com\/en\/wp-json\/wp\/v2\/product\/10865"}],"collection":[{"href":"https:\/\/deliciaspersas.com\/en\/wp-json\/wp\/v2\/product"}],"about":[{"href":"https:\/\/deliciaspersas.com\/en\/wp-json\/wp\/v2\/types\/product"}],"wp:featuredmedia":[{"embeddable":true,"href":"https:\/\/deliciaspersas.com\/en\/wp-json\/wp\/v2\/media\/10866"}],"wp:attachment":[{"href":"https:\/\/deliciaspersas.com\/en\/wp-json\/wp\/v2\/media?parent=10865"}],"wp:term":[{"taxonomy":"pwb-brand","embeddable":true,"href":"https:\/\/deliciaspersas.com\/en\/wp-json\/wp\/v2\/pwb-brand?post=10865"},{"taxonomy":"product_cat","embeddable":true,"href":"https:\/\/deliciaspersas.com\/en\/wp-json\/wp\/v2\/product_cat?post=10865"},{"taxonomy":"product_tag","embeddable":true,"href":"https:\/\/deliciaspersas.com\/en\/wp-json\/wp\/v2\/product_tag?post=10865"}],"curies":[{"name":"wp","href":"https:\/\/api.w.org\/{rel}","templated":true}]}}