{"id":11465,"date":"2023-06-13T17:53:17","date_gmt":"2023-06-13T15:53:17","guid":{"rendered":"https:\/\/deliciaspersas.com\/?post_type=product&#038;p=11465"},"modified":"2025-08-14T10:20:46","modified_gmt":"2025-08-14T08:20:46","slug":"tahini-y-sirope-de-uvas-850g-shirreza","status":"publish","type":"product","link":"https:\/\/deliciaspersas.com\/en\/tienda\/delicias-dulces\/tahini-y-sirope-de-uvas-850g-shirreza\/","title":{"rendered":"Tahini y Sirope de Uvas 850g SHIRREZA"},"content":{"rendered":"<h1>Tahini y Sirope de Uvas 850g SHIRREZA<\/h1>\n<p>La naturaleza del aceite de s\u00e9samo es c\u00e1lida y h\u00fameda y es muy \u00fatil para mejorar el temperamento de las personas de mal genio. La caracter\u00edstica principal de las semillas de s\u00e9samo son sus propiedades energizantes, y se las considera el mejor alimento para la temporada de invierno cuando el cuerpo necesita m\u00e1s energ\u00eda para calentarse.<\/p>\n<p>Uno de los beneficios de la harina de s\u00e9samo es reducir el colesterol malo en la sangre. El trigo sarraceno es una muy buena fuente de calcio para el cuerpo. Debido a la gran movilidad de los ni\u00f1os, comer ardeh y halwa ardeh en el desayuno, adem\u00e1s de aportarles la energ\u00eda necesaria, tambi\u00e9n fortalece su memoria. Se recomienda usar arde para curar enfermedades uterinas. Erde es un suavizante para la rigidez y la hinchaz\u00f3n interna dura y tambi\u00e9n suaviza los for\u00fanculos.<\/p>\n<p>Uno de los beneficios de la harina de s\u00e9samo es la fortaleza y salud de huesos y dientes. Es muy eficaz en la prevenci\u00f3n de enfermedades cardiovasculares. El consumo de una cantidad proporcionada y equilibrada de trigo sarraceno a lo largo de la semana y el mes ayuda a aumentar el nivel de l\u00edpidos buenos en la sangre o HDL.<\/p>\n<p>Los abundantes antioxidantes que se encuentran en las semillas de s\u00e9samo y sus productos, como el arde, pueden considerarse un factor en la prevenci\u00f3n del c\u00e1ncer en el cuerpo.<\/p>\n","protected":false},"excerpt":{"rendered":"<p>Tahini y Sirope de Uvas 850g SHIRREZA La naturaleza del aceite de s\u00e9samo es c\u00e1lida y h\u00fameda y es muy \u00fatil para mejorar el temperamento de las personas de mal genio. La caracter\u00edstica principal de las semillas de s\u00e9samo son sus propiedades energizantes, y se las considera el mejor alimento para la temporada de invierno [&hellip;]<\/p>\n","protected":false},"featured_media":11466,"template":"","meta":{"_surecart_dashboard_logo_width":"180px","_surecart_dashboard_show_logo":true,"_surecart_dashboard_navigation_orders":true,"_surecart_dashboard_navigation_invoices":true,"_surecart_dashboard_navigation_subscriptions":true,"_surecart_dashboard_navigation_downloads":true,"_surecart_dashboard_navigation_billing":true,"_surecart_dashboard_navigation_account":true,"_uag_custom_page_level_css":"","site-sidebar-layout":"default","site-content-layout":"default","ast-site-content-layout":"","site-content-style":"default","site-sidebar-style":"default","ast-global-header-display":"","ast-banner-title-visibility":"","ast-main-header-display":"","ast-hfb-above-header-display":"","ast-hfb-below-header-display":"","ast-hfb-mobile-header-display":"","site-post-title":"","ast-breadcrumbs-content":"","ast-featured-img":"","footer-sml-layout":"","theme-transparent-header-meta":"default","adv-header-id-meta":"","stick-header-meta":"","header-above-stick-meta":"","header-main-stick-meta":"","header-below-stick-meta":"","astra-migrate-meta-layouts":"default","ast-page-background-enabled":"default","ast-page-background-meta":{"desktop":{"background-color":"","background-image":"","background-repeat":"repeat","background-position":"center center","background-size":"auto","background-attachment":"scroll","background-type":"","background-media":"","overlay-type":"","overlay-color":"","overlay-opacity":"","overlay-gradient":""},"tablet":{"background-color":"","background-image":"","background-repeat":"repeat","background-position":"center center","background-size":"auto","background-attachment":"scroll","background-type":"","background-media":"","overlay-type":"","overlay-color":"","overlay-opacity":"","overlay-gradient":""},"mobile":{"background-color":"","background-image":"","background-repeat":"repeat","background-position":"center center","background-size":"auto","background-attachment":"scroll","background-type":"","background-media":"","overlay-type":"","overlay-color":"","overlay-opacity":"","overlay-gradient":""}},"ast-content-background-meta":{"desktop":{"background-color":"var(--ast-global-color-5)","background-image":"","background-repeat":"repeat","background-position":"center center","background-size":"auto","background-attachment":"scroll","background-type":"","background-media":"","overlay-type":"","overlay-color":"","overlay-opacity":"","overlay-gradient":""},"tablet":{"background-color":"var(--ast-global-color-5)","background-image":"","background-repeat":"repeat","background-position":"center center","background-size":"auto","background-attachment":"scroll","background-type":"","background-media":"","overlay-type":"","overlay-color":"","overlay-opacity":"","overlay-gradient":""},"mobile":{"background-color":"var(--ast-global-color-5)","background-image":"","background-repeat":"repeat","background-position":"center center","background-size":"auto","background-attachment":"scroll","background-type":"","background-media":"","overlay-type":"","overlay-color":"","overlay-opacity":"","overlay-gradient":""}}},"pwb-brand":[198],"product_cat":[31,36,106],"product_tag":[580,576,581,582,583,334,415],"class_list":{"0":"post-11465","1":"product","2":"type-product","3":"status-publish","4":"has-post-thumbnail","6":"pwb-brand-shirreza","7":"product_cat-delicias-dulces","8":"product_cat-desayuno","9":"product_cat-nuevos-productos","10":"product_tag-crema-de-sesamo","11":"product_tag-desayuno","12":"product_tag-sesamo","13":"product_tag-582","14":"product_tag-583","15":"product_tag-334","16":"product_tag-415","17":"desktop-align-center","18":"tablet-align-center","19":"mobile-align-center","21":"first","22":"instock","23":"taxable","24":"shipping-taxable","25":"purchasable","26":"product-type-simple"},"yoast_head":"<!-- This site is optimized with the Yoast SEO plugin v23.6 - https:\/\/yoast.com\/wordpress\/plugins\/seo\/ -->\n<title>Tahini y Sirope de Uvas 850g SHIRREZA - Delicias Persas<\/title>\n<meta name=\"description\" content=\"Deliciosa crema de s\u00e9samo. Ideal para Desayunar o merendar, tambi\u00e9n la puedes usar para elaborar los mejores postres..\" \/>\n<meta name=\"robots\" content=\"index, follow, max-snippet:-1, max-image-preview:large, max-video-preview:-1\" \/>\n<link rel=\"canonical\" href=\"https:\/\/deliciaspersas.com\/en\/tienda\/delicias-dulces\/tahini-y-sirope-de-uvas-850g-shirreza\/\" \/>\n<meta property=\"og:locale\" content=\"en_US\" \/>\n<meta property=\"og:type\" content=\"article\" \/>\n<meta property=\"og:title\" content=\"Tahini y Sirope de Uvas 850g SHIRREZA - Delicias Persas\" \/>\n<meta property=\"og:description\" content=\"Deliciosa crema de s\u00e9samo. Ideal para Desayunar o merendar, tambi\u00e9n la puedes usar para elaborar los mejores postres..\" \/>\n<meta property=\"og:url\" content=\"https:\/\/deliciaspersas.com\/en\/tienda\/delicias-dulces\/tahini-y-sirope-de-uvas-850g-shirreza\/\" \/>\n<meta property=\"og:site_name\" content=\"Delicias Persas\" \/>\n<meta property=\"article:publisher\" content=\"https:\/\/www.facebook.com\/Deliciaspersas\" \/>\n<meta property=\"article:modified_time\" content=\"2025-08-14T08:20:46+00:00\" \/>\n<meta property=\"og:image\" content=\"https:\/\/deliciaspersas.com\/wp-content\/uploads\/Tahini-y-Sirope-de-Uvas-850g-SHIRREZA.jpg\" \/>\n\t<meta property=\"og:image:width\" content=\"600\" \/>\n\t<meta property=\"og:image:height\" content=\"600\" \/>\n\t<meta property=\"og:image:type\" content=\"image\/jpeg\" \/>\n<meta name=\"twitter:card\" content=\"summary_large_image\" \/>\n<meta name=\"twitter:label1\" content=\"Est. reading time\" \/>\n\t<meta name=\"twitter:data1\" content=\"2 minutes\" \/>\n<script type=\"application\/ld+json\" class=\"yoast-schema-graph\">{\"@context\":\"https:\/\/schema.org\",\"@graph\":[{\"@type\":\"WebPage\",\"@id\":\"https:\/\/deliciaspersas.com\/en\/tienda\/delicias-dulces\/tahini-y-sirope-de-uvas-850g-shirreza\/\",\"url\":\"https:\/\/deliciaspersas.com\/en\/tienda\/delicias-dulces\/tahini-y-sirope-de-uvas-850g-shirreza\/\",\"name\":\"Tahini y Sirope de Uvas 850g SHIRREZA - Delicias Persas\",\"isPartOf\":{\"@id\":\"https:\/\/deliciaspersas.com\/en\/#website\"},\"primaryImageOfPage\":{\"@id\":\"https:\/\/deliciaspersas.com\/en\/tienda\/delicias-dulces\/tahini-y-sirope-de-uvas-850g-shirreza\/#primaryimage\"},\"image\":{\"@id\":\"https:\/\/deliciaspersas.com\/en\/tienda\/delicias-dulces\/tahini-y-sirope-de-uvas-850g-shirreza\/#primaryimage\"},\"thumbnailUrl\":\"https:\/\/deliciaspersas.com\/wp-content\/uploads\/Tahini-y-Sirope-de-Uvas-850g-SHIRREZA.jpg\",\"datePublished\":\"2023-06-13T15:53:17+00:00\",\"dateModified\":\"2025-08-14T08:20:46+00:00\",\"description\":\"Deliciosa crema de s\u00e9samo. Ideal para Desayunar o merendar, tambi\u00e9n la puedes usar para elaborar los mejores postres..\",\"breadcrumb\":{\"@id\":\"https:\/\/deliciaspersas.com\/en\/tienda\/delicias-dulces\/tahini-y-sirope-de-uvas-850g-shirreza\/#breadcrumb\"},\"inLanguage\":\"en-US\",\"potentialAction\":[{\"@type\":\"ReadAction\",\"target\":[\"https:\/\/deliciaspersas.com\/en\/tienda\/delicias-dulces\/tahini-y-sirope-de-uvas-850g-shirreza\/\"]}]},{\"@type\":\"ImageObject\",\"inLanguage\":\"en-US\",\"@id\":\"https:\/\/deliciaspersas.com\/en\/tienda\/delicias-dulces\/tahini-y-sirope-de-uvas-850g-shirreza\/#primaryimage\",\"url\":\"https:\/\/deliciaspersas.com\/wp-content\/uploads\/Tahini-y-Sirope-de-Uvas-850g-SHIRREZA.jpg\",\"contentUrl\":\"https:\/\/deliciaspersas.com\/wp-content\/uploads\/Tahini-y-Sirope-de-Uvas-850g-SHIRREZA.jpg\",\"width\":600,\"height\":600},{\"@type\":\"BreadcrumbList\",\"@id\":\"https:\/\/deliciaspersas.com\/en\/tienda\/delicias-dulces\/tahini-y-sirope-de-uvas-850g-shirreza\/#breadcrumb\",\"itemListElement\":[{\"@type\":\"ListItem\",\"position\":1,\"name\":\"Portada\",\"item\":\"https:\/\/deliciaspersas.com\/en\/\"},{\"@type\":\"ListItem\",\"position\":2,\"name\":\"Tienda\",\"item\":\"https:\/\/deliciaspersas.com\/\"},{\"@type\":\"ListItem\",\"position\":3,\"name\":\"Tahini y Sirope de Uvas 850g SHIRREZA\"}]},{\"@type\":\"WebSite\",\"@id\":\"https:\/\/deliciaspersas.com\/en\/#website\",\"url\":\"https:\/\/deliciaspersas.com\/en\/\",\"name\":\"Delicias Persas\",\"description\":\"Gastronom&iacute;a persa al alcance de tus manos\",\"publisher\":{\"@id\":\"https:\/\/deliciaspersas.com\/en\/#organization\"},\"potentialAction\":[{\"@type\":\"SearchAction\",\"target\":{\"@type\":\"EntryPoint\",\"urlTemplate\":\"https:\/\/deliciaspersas.com\/en\/?s={search_term_string}\"},\"query-input\":{\"@type\":\"PropertyValueSpecification\",\"valueRequired\":true,\"valueName\":\"search_term_string\"}}],\"inLanguage\":\"en-US\"},{\"@type\":\"Organization\",\"@id\":\"https:\/\/deliciaspersas.com\/en\/#organization\",\"name\":\"Delicias Persas\",\"url\":\"https:\/\/deliciaspersas.com\/en\/\",\"logo\":{\"@type\":\"ImageObject\",\"inLanguage\":\"en-US\",\"@id\":\"https:\/\/deliciaspersas.com\/en\/#\/schema\/logo\/image\/\",\"url\":\"https:\/\/deliciaspersas.com\/wp-content\/uploads\/2020\/07\/logo-2020.png\",\"contentUrl\":\"https:\/\/deliciaspersas.com\/wp-content\/uploads\/2020\/07\/logo-2020.png\",\"width\":520,\"height\":490,\"caption\":\"Delicias Persas\"},\"image\":{\"@id\":\"https:\/\/deliciaspersas.com\/en\/#\/schema\/logo\/image\/\"},\"sameAs\":[\"https:\/\/www.facebook.com\/Deliciaspersas\",\"https:\/\/www.instagram.com\/delicias_persas\/\",\"https:\/\/www.linkedin.com\/delicias-persas\"]}]}<\/script>\n<!-- \/ Yoast SEO plugin. -->","yoast_head_json":{"title":"Tahini y Sirope de Uvas 850g SHIRREZA - Delicias Persas","description":"Deliciosa crema de s\u00e9samo. Ideal para Desayunar o merendar, tambi\u00e9n la puedes usar para elaborar los mejores postres..","robots":{"index":"index","follow":"follow","max-snippet":"max-snippet:-1","max-image-preview":"max-image-preview:large","max-video-preview":"max-video-preview:-1"},"canonical":"https:\/\/deliciaspersas.com\/en\/tienda\/delicias-dulces\/tahini-y-sirope-de-uvas-850g-shirreza\/","og_locale":"en_US","og_type":"article","og_title":"Tahini y Sirope de Uvas 850g SHIRREZA - Delicias Persas","og_description":"Deliciosa crema de s\u00e9samo. Ideal para Desayunar o merendar, tambi\u00e9n la puedes usar para elaborar los mejores postres..","og_url":"https:\/\/deliciaspersas.com\/en\/tienda\/delicias-dulces\/tahini-y-sirope-de-uvas-850g-shirreza\/","og_site_name":"Delicias Persas","article_publisher":"https:\/\/www.facebook.com\/Deliciaspersas","article_modified_time":"2025-08-14T08:20:46+00:00","og_image":[{"width":600,"height":600,"url":"https:\/\/deliciaspersas.com\/wp-content\/uploads\/Tahini-y-Sirope-de-Uvas-850g-SHIRREZA.jpg","type":"image\/jpeg"}],"twitter_card":"summary_large_image","twitter_misc":{"Est. reading time":"2 minutes"},"schema":{"@context":"https:\/\/schema.org","@graph":[{"@type":"WebPage","@id":"https:\/\/deliciaspersas.com\/en\/tienda\/delicias-dulces\/tahini-y-sirope-de-uvas-850g-shirreza\/","url":"https:\/\/deliciaspersas.com\/en\/tienda\/delicias-dulces\/tahini-y-sirope-de-uvas-850g-shirreza\/","name":"Tahini y Sirope de Uvas 850g SHIRREZA - Delicias Persas","isPartOf":{"@id":"https:\/\/deliciaspersas.com\/en\/#website"},"primaryImageOfPage":{"@id":"https:\/\/deliciaspersas.com\/en\/tienda\/delicias-dulces\/tahini-y-sirope-de-uvas-850g-shirreza\/#primaryimage"},"image":{"@id":"https:\/\/deliciaspersas.com\/en\/tienda\/delicias-dulces\/tahini-y-sirope-de-uvas-850g-shirreza\/#primaryimage"},"thumbnailUrl":"https:\/\/deliciaspersas.com\/wp-content\/uploads\/Tahini-y-Sirope-de-Uvas-850g-SHIRREZA.jpg","datePublished":"2023-06-13T15:53:17+00:00","dateModified":"2025-08-14T08:20:46+00:00","description":"Deliciosa crema de s\u00e9samo. Ideal para Desayunar o merendar, tambi\u00e9n la puedes usar para elaborar los mejores postres..","breadcrumb":{"@id":"https:\/\/deliciaspersas.com\/en\/tienda\/delicias-dulces\/tahini-y-sirope-de-uvas-850g-shirreza\/#breadcrumb"},"inLanguage":"en-US","potentialAction":[{"@type":"ReadAction","target":["https:\/\/deliciaspersas.com\/en\/tienda\/delicias-dulces\/tahini-y-sirope-de-uvas-850g-shirreza\/"]}]},{"@type":"ImageObject","inLanguage":"en-US","@id":"https:\/\/deliciaspersas.com\/en\/tienda\/delicias-dulces\/tahini-y-sirope-de-uvas-850g-shirreza\/#primaryimage","url":"https:\/\/deliciaspersas.com\/wp-content\/uploads\/Tahini-y-Sirope-de-Uvas-850g-SHIRREZA.jpg","contentUrl":"https:\/\/deliciaspersas.com\/wp-content\/uploads\/Tahini-y-Sirope-de-Uvas-850g-SHIRREZA.jpg","width":600,"height":600},{"@type":"BreadcrumbList","@id":"https:\/\/deliciaspersas.com\/en\/tienda\/delicias-dulces\/tahini-y-sirope-de-uvas-850g-shirreza\/#breadcrumb","itemListElement":[{"@type":"ListItem","position":1,"name":"Portada","item":"https:\/\/deliciaspersas.com\/en\/"},{"@type":"ListItem","position":2,"name":"Tienda","item":"https:\/\/deliciaspersas.com\/"},{"@type":"ListItem","position":3,"name":"Tahini y Sirope de Uvas 850g SHIRREZA"}]},{"@type":"WebSite","@id":"https:\/\/deliciaspersas.com\/en\/#website","url":"https:\/\/deliciaspersas.com\/en\/","name":"Delicias Persas","description":"Gastronom&iacute;a persa al alcance de tus manos","publisher":{"@id":"https:\/\/deliciaspersas.com\/en\/#organization"},"potentialAction":[{"@type":"SearchAction","target":{"@type":"EntryPoint","urlTemplate":"https:\/\/deliciaspersas.com\/en\/?s={search_term_string}"},"query-input":{"@type":"PropertyValueSpecification","valueRequired":true,"valueName":"search_term_string"}}],"inLanguage":"en-US"},{"@type":"Organization","@id":"https:\/\/deliciaspersas.com\/en\/#organization","name":"Delicias Persas","url":"https:\/\/deliciaspersas.com\/en\/","logo":{"@type":"ImageObject","inLanguage":"en-US","@id":"https:\/\/deliciaspersas.com\/en\/#\/schema\/logo\/image\/","url":"https:\/\/deliciaspersas.com\/wp-content\/uploads\/2020\/07\/logo-2020.png","contentUrl":"https:\/\/deliciaspersas.com\/wp-content\/uploads\/2020\/07\/logo-2020.png","width":520,"height":490,"caption":"Delicias Persas"},"image":{"@id":"https:\/\/deliciaspersas.com\/en\/#\/schema\/logo\/image\/"},"sameAs":["https:\/\/www.facebook.com\/Deliciaspersas","https:\/\/www.instagram.com\/delicias_persas\/","https:\/\/www.linkedin.com\/delicias-persas"]}]}},"uagb_featured_image_src":{"full":["https:\/\/deliciaspersas.com\/wp-content\/uploads\/Tahini-y-Sirope-de-Uvas-850g-SHIRREZA.jpg",600,600,false],"thumbnail":["https:\/\/deliciaspersas.com\/wp-content\/uploads\/Tahini-y-Sirope-de-Uvas-850g-SHIRREZA-150x150.jpg",150,150,true],"medium":["https:\/\/deliciaspersas.com\/wp-content\/uploads\/Tahini-y-Sirope-de-Uvas-850g-SHIRREZA-300x300.jpg",300,300,true],"medium_large":["https:\/\/deliciaspersas.com\/wp-content\/uploads\/Tahini-y-Sirope-de-Uvas-850g-SHIRREZA.jpg",600,600,false],"large":["https:\/\/deliciaspersas.com\/wp-content\/uploads\/Tahini-y-Sirope-de-Uvas-850g-SHIRREZA.jpg",600,600,false],"1536x1536":["https:\/\/deliciaspersas.com\/wp-content\/uploads\/Tahini-y-Sirope-de-Uvas-850g-SHIRREZA.jpg",600,600,false],"2048x2048":["https:\/\/deliciaspersas.com\/wp-content\/uploads\/Tahini-y-Sirope-de-Uvas-850g-SHIRREZA.jpg",600,600,false],"woocommerce_thumbnail":["https:\/\/deliciaspersas.com\/wp-content\/uploads\/Tahini-y-Sirope-de-Uvas-850g-SHIRREZA-300x300.jpg",300,300,true],"woocommerce_single":["https:\/\/deliciaspersas.com\/wp-content\/uploads\/Tahini-y-Sirope-de-Uvas-850g-SHIRREZA.jpg",600,600,false],"woocommerce_gallery_thumbnail":["https:\/\/deliciaspersas.com\/wp-content\/uploads\/Tahini-y-Sirope-de-Uvas-850g-SHIRREZA-100x100.jpg",100,100,true]},"uagb_author_info":{"display_name":"admin","author_link":"https:\/\/deliciaspersas.com\/en\/author\/"},"uagb_comment_info":0,"uagb_excerpt":"Tahini y Sirope de Uvas 850g SHIRREZA La naturaleza del aceite de s\u00e9samo es c\u00e1lida y h\u00fameda y es muy \u00fatil para mejorar el temperamento de las personas de mal genio. La caracter\u00edstica principal de las semillas de s\u00e9samo son sus propiedades energizantes, y se las considera el mejor alimento para la temporada de invierno&hellip;","brands":[{"id":198,"name":"SHIRREZA","slug":"shirreza"}],"_links":{"self":[{"href":"https:\/\/deliciaspersas.com\/en\/wp-json\/wp\/v2\/product\/11465"}],"collection":[{"href":"https:\/\/deliciaspersas.com\/en\/wp-json\/wp\/v2\/product"}],"about":[{"href":"https:\/\/deliciaspersas.com\/en\/wp-json\/wp\/v2\/types\/product"}],"wp:featuredmedia":[{"embeddable":true,"href":"https:\/\/deliciaspersas.com\/en\/wp-json\/wp\/v2\/media\/11466"}],"wp:attachment":[{"href":"https:\/\/deliciaspersas.com\/en\/wp-json\/wp\/v2\/media?parent=11465"}],"wp:term":[{"taxonomy":"pwb-brand","embeddable":true,"href":"https:\/\/deliciaspersas.com\/en\/wp-json\/wp\/v2\/pwb-brand?post=11465"},{"taxonomy":"product_cat","embeddable":true,"href":"https:\/\/deliciaspersas.com\/en\/wp-json\/wp\/v2\/product_cat?post=11465"},{"taxonomy":"product_tag","embeddable":true,"href":"https:\/\/deliciaspersas.com\/en\/wp-json\/wp\/v2\/product_tag?post=11465"}],"curies":[{"name":"wp","href":"https:\/\/api.w.org\/{rel}","templated":true}]}}