{"id":11488,"date":"2023-06-20T17:38:15","date_gmt":"2023-06-20T15:38:15","guid":{"rendered":"https:\/\/deliciaspersas.com\/?post_type=product&#038;p=11488"},"modified":"2026-03-24T18:57:06","modified_gmt":"2026-03-24T17:57:06","slug":"queso-irani-panir-lighvan-400g-choopan","status":"publish","type":"product","link":"https:\/\/deliciaspersas.com\/en\/tienda\/desayuno\/queso-irani-panir-lighvan-400g-choopan\/","title":{"rendered":"Queso irani (Panir Lighvan) 400g &#8211; Choopan"},"content":{"rendered":"<h1>Queso irani (Panir Lighvan) 400g &#8211; Choopan<\/h1>\n<h6>Informaci\u00f3n del producto:<\/h6>\n<p>Queso Fresco o Queso Blanco o Cuajada es un tipo de queso blando; es decir, retiene gran parte del suero\u00a0y no tiene proceso de maduraci\u00f3n o refinado.<\/p>\n<p>Debido a que es un producto l\u00e1cteo muy h\u00famedo (60-80% de agua) es muy poco conservable y su trensporte en largas distancias es muy dif\u00edcil. Requiere de la pasteurizaci\u00f3n de la leche y de la nata\u00a0porque los g\u00e9rmenes pat\u00f3genos quedan intactos debido a la inexistencia de proceso madurativo.<\/p>\n<h6>Ingredientes y al\u00e9rgenos:<\/h6>\n<p>Queso fresco<\/p>\n<h6>Usos:<\/h6>\n<p>Principalmente se usa como desayuno.<\/p>\n<h6>Beneficios:<\/h6>\n<p>El queso contiene una serie de nutrientes como calcio, prote\u00ednas, f\u00f3sforo, zinc, vitamina A y vitamina B12. El calcio es uno de los nutrientes de los cuales m\u00e1s solemos carecer en las dietas de los pa\u00edses occidentales. En base a estad\u00edsticas del gobierno de EEUU, nueve de cada 10 mujeres y seis de cada 10 hombres no cumplen las recomendaciones de calcio diarias.<\/p>\n<p>Otro de los beneficios del queso fresco, es que nos aporta una gran cantidad de prote\u00edna de alta calidad. \u00c9sta, nos ayudar\u00e1 a aportar al cuerpo la cantidad necesaria de prote\u00edna para reparar nuestros m\u00fasculos, y que pueda cumplir correctamente con sus funciones estructurales.<\/p>\n<p>Se considera, que el queso fresco contiene una cantidad mucho menos significativa de grasa total respecto de lo que tiene el queso normal.\u00a0Adem\u00e1s, la grasa que tiene el queso fresco es de alta calidad, ya que proceden del \u00e1cido linol\u00e9ico que ayuda a que nuestro cuerpo aumente la quema de grasas, e incremente el consumo cal\u00f3rico.<\/p>\n<p>Por tanto, el queso fresco es un buen producto a la hora de perder peso. Se trata de una buena manera de eliminar la acumulaci\u00f3n de grasa en nuestras arterias. Lo que, adem\u00e1s ayuda a reducir la probabilidad de que podamos sufrir alguna enfermedad de \u00edndole cardiovascular.<\/p>\n<h6>Condiciones de conservaci\u00f3n:<\/h6>\n<p>Conservar en un lugar fresco, seco y protegido de la luz.<\/p>\n<h6>Informaci\u00f3n adicional:<\/h6>\n<p>Fabricado por: Lighvan .<\/p>\n","protected":false},"excerpt":{"rendered":"<p>Queso irani (Panir Lighvan) 400g &#8211; Choopan Informaci\u00f3n del producto: Queso Fresco o Queso Blanco o Cuajada es un tipo de queso blando; es decir, retiene gran parte del suero\u00a0y no tiene proceso de maduraci\u00f3n o refinado. Debido a que es un producto l\u00e1cteo muy h\u00famedo (60-80% de agua) es muy poco conservable y su [&hellip;]<\/p>\n","protected":false},"featured_media":17067,"template":"","meta":{"_surecart_dashboard_logo_width":"180px","_surecart_dashboard_show_logo":true,"_surecart_dashboard_navigation_orders":true,"_surecart_dashboard_navigation_invoices":true,"_surecart_dashboard_navigation_subscriptions":true,"_surecart_dashboard_navigation_downloads":true,"_surecart_dashboard_navigation_billing":true,"_surecart_dashboard_navigation_account":true,"_uag_custom_page_level_css":"","site-sidebar-layout":"default","site-content-layout":"default","ast-site-content-layout":"default","site-content-style":"default","site-sidebar-style":"default","ast-global-header-display":"","ast-banner-title-visibility":"","ast-main-header-display":"","ast-hfb-above-header-display":"","ast-hfb-below-header-display":"","ast-hfb-mobile-header-display":"","site-post-title":"","ast-breadcrumbs-content":"","ast-featured-img":"","footer-sml-layout":"","theme-transparent-header-meta":"default","adv-header-id-meta":"","stick-header-meta":"","header-above-stick-meta":"","header-main-stick-meta":"","header-below-stick-meta":"","astra-migrate-meta-layouts":"set","ast-page-background-enabled":"default","ast-page-background-meta":{"desktop":{"background-color":"","background-image":"","background-repeat":"repeat","background-position":"center center","background-size":"auto","background-attachment":"scroll","background-type":"","background-media":"","overlay-type":"","overlay-color":"","overlay-opacity":"","overlay-gradient":""},"tablet":{"background-color":"","background-image":"","background-repeat":"repeat","background-position":"center center","background-size":"auto","background-attachment":"scroll","background-type":"","background-media":"","overlay-type":"","overlay-color":"","overlay-opacity":"","overlay-gradient":""},"mobile":{"background-color":"","background-image":"","background-repeat":"repeat","background-position":"center center","background-size":"auto","background-attachment":"scroll","background-type":"","background-media":"","overlay-type":"","overlay-color":"","overlay-opacity":"","overlay-gradient":""}},"ast-content-background-meta":{"desktop":{"background-color":"var(--ast-global-color-5)","background-image":"","background-repeat":"repeat","background-position":"center center","background-size":"auto","background-attachment":"scroll","background-type":"","background-media":"","overlay-type":"","overlay-color":"","overlay-opacity":"","overlay-gradient":""},"tablet":{"background-color":"var(--ast-global-color-5)","background-image":"","background-repeat":"repeat","background-position":"center center","background-size":"auto","background-attachment":"scroll","background-type":"","background-media":"","overlay-type":"","overlay-color":"","overlay-opacity":"","overlay-gradient":""},"mobile":{"background-color":"var(--ast-global-color-5)","background-image":"","background-repeat":"repeat","background-position":"center center","background-size":"auto","background-attachment":"scroll","background-type":"","background-media":"","overlay-type":"","overlay-color":"","overlay-opacity":"","overlay-gradient":""}}},"pwb-brand":[1189],"product_cat":[36,38,106],"product_tag":[576,777,1699,1698,776,363,293,334,364],"class_list":{"0":"post-11488","1":"product","2":"type-product","3":"status-publish","4":"has-post-thumbnail","6":"pwb-brand-chupan","7":"product_cat-desayuno","8":"product_cat-encurtidos","9":"product_cat-nuevos-productos","10":"product_tag-desayuno","11":"product_tag-fresco","12":"product_tag-lighvan","13":"product_tag-panir","14":"product_tag-queso","15":"product_tag-363","16":"product_tag-293","17":"product_tag-334","18":"product_tag-364","19":"desktop-align-center","20":"tablet-align-center","21":"mobile-align-center","23":"first","24":"instock","25":"taxable","26":"shipping-taxable","27":"purchasable","28":"product-type-simple"},"yoast_head":"<!-- This site is optimized with the Yoast SEO plugin v23.6 - https:\/\/yoast.com\/wordpress\/plugins\/seo\/ -->\n<title>Queso irani (Panir Lighvan) 400g - Choopan - Delicias Persas<\/title>\n<meta name=\"description\" content=\"El queso es una salsa agria que se emplea para acompa\u00f1ar comidas persas como el &quot;, el &quot;, y muchos mas\" \/>\n<meta name=\"robots\" content=\"index, follow, max-snippet:-1, max-image-preview:large, max-video-preview:-1\" \/>\n<link rel=\"canonical\" href=\"https:\/\/deliciaspersas.com\/en\/tienda\/desayuno\/queso-irani-panir-lighvan-400g-choopan\/\" \/>\n<meta property=\"og:locale\" content=\"en_US\" \/>\n<meta property=\"og:type\" content=\"article\" \/>\n<meta property=\"og:title\" content=\"Queso irani (Panir Lighvan) 400g - Choopan - Delicias Persas\" \/>\n<meta property=\"og:description\" content=\"El queso es una salsa agria que se emplea para acompa\u00f1ar comidas persas como el &quot;, el &quot;, y muchos mas\" \/>\n<meta property=\"og:url\" content=\"https:\/\/deliciaspersas.com\/en\/tienda\/desayuno\/queso-irani-panir-lighvan-400g-choopan\/\" \/>\n<meta property=\"og:site_name\" content=\"Delicias Persas\" \/>\n<meta property=\"article:publisher\" content=\"https:\/\/www.facebook.com\/Deliciaspersas\" \/>\n<meta property=\"article:modified_time\" content=\"2026-03-24T17:57:06+00:00\" \/>\n<meta property=\"og:image\" content=\"https:\/\/deliciaspersas.com\/wp-content\/uploads\/lighvan-choopan-DAYAN.jpg\" \/>\n\t<meta property=\"og:image:width\" content=\"960\" \/>\n\t<meta property=\"og:image:height\" content=\"1200\" \/>\n\t<meta property=\"og:image:type\" content=\"image\/jpeg\" \/>\n<meta name=\"twitter:card\" content=\"summary_large_image\" \/>\n<meta name=\"twitter:label1\" content=\"Est. reading time\" \/>\n\t<meta name=\"twitter:data1\" content=\"2 minutes\" \/>\n<script type=\"application\/ld+json\" class=\"yoast-schema-graph\">{\"@context\":\"https:\/\/schema.org\",\"@graph\":[{\"@type\":\"WebPage\",\"@id\":\"https:\/\/deliciaspersas.com\/en\/tienda\/desayuno\/queso-irani-panir-lighvan-400g-choopan\/\",\"url\":\"https:\/\/deliciaspersas.com\/en\/tienda\/desayuno\/queso-irani-panir-lighvan-400g-choopan\/\",\"name\":\"Queso irani (Panir Lighvan) 400g - Choopan - Delicias Persas\",\"isPartOf\":{\"@id\":\"https:\/\/deliciaspersas.com\/en\/#website\"},\"primaryImageOfPage\":{\"@id\":\"https:\/\/deliciaspersas.com\/en\/tienda\/desayuno\/queso-irani-panir-lighvan-400g-choopan\/#primaryimage\"},\"image\":{\"@id\":\"https:\/\/deliciaspersas.com\/en\/tienda\/desayuno\/queso-irani-panir-lighvan-400g-choopan\/#primaryimage\"},\"thumbnailUrl\":\"https:\/\/deliciaspersas.com\/wp-content\/uploads\/lighvan-choopan-DAYAN.jpg\",\"datePublished\":\"2023-06-20T15:38:15+00:00\",\"dateModified\":\"2026-03-24T17:57:06+00:00\",\"description\":\"El queso es una salsa agria que se emplea para acompa\u00f1ar comidas persas como el \\\", el \\\", y muchos mas\",\"breadcrumb\":{\"@id\":\"https:\/\/deliciaspersas.com\/en\/tienda\/desayuno\/queso-irani-panir-lighvan-400g-choopan\/#breadcrumb\"},\"inLanguage\":\"en-US\",\"potentialAction\":[{\"@type\":\"ReadAction\",\"target\":[\"https:\/\/deliciaspersas.com\/en\/tienda\/desayuno\/queso-irani-panir-lighvan-400g-choopan\/\"]}]},{\"@type\":\"ImageObject\",\"inLanguage\":\"en-US\",\"@id\":\"https:\/\/deliciaspersas.com\/en\/tienda\/desayuno\/queso-irani-panir-lighvan-400g-choopan\/#primaryimage\",\"url\":\"https:\/\/deliciaspersas.com\/wp-content\/uploads\/lighvan-choopan-DAYAN.jpg\",\"contentUrl\":\"https:\/\/deliciaspersas.com\/wp-content\/uploads\/lighvan-choopan-DAYAN.jpg\",\"width\":960,\"height\":1200},{\"@type\":\"BreadcrumbList\",\"@id\":\"https:\/\/deliciaspersas.com\/en\/tienda\/desayuno\/queso-irani-panir-lighvan-400g-choopan\/#breadcrumb\",\"itemListElement\":[{\"@type\":\"ListItem\",\"position\":1,\"name\":\"Portada\",\"item\":\"https:\/\/deliciaspersas.com\/en\/\"},{\"@type\":\"ListItem\",\"position\":2,\"name\":\"Tienda\",\"item\":\"https:\/\/deliciaspersas.com\/\"},{\"@type\":\"ListItem\",\"position\":3,\"name\":\"Queso irani (Panir Lighvan) 400g &#8211; Choopan\"}]},{\"@type\":\"WebSite\",\"@id\":\"https:\/\/deliciaspersas.com\/en\/#website\",\"url\":\"https:\/\/deliciaspersas.com\/en\/\",\"name\":\"Delicias Persas\",\"description\":\"Gastronom&iacute;a persa al alcance de tus manos\",\"publisher\":{\"@id\":\"https:\/\/deliciaspersas.com\/en\/#organization\"},\"potentialAction\":[{\"@type\":\"SearchAction\",\"target\":{\"@type\":\"EntryPoint\",\"urlTemplate\":\"https:\/\/deliciaspersas.com\/en\/?s={search_term_string}\"},\"query-input\":{\"@type\":\"PropertyValueSpecification\",\"valueRequired\":true,\"valueName\":\"search_term_string\"}}],\"inLanguage\":\"en-US\"},{\"@type\":\"Organization\",\"@id\":\"https:\/\/deliciaspersas.com\/en\/#organization\",\"name\":\"Delicias Persas\",\"url\":\"https:\/\/deliciaspersas.com\/en\/\",\"logo\":{\"@type\":\"ImageObject\",\"inLanguage\":\"en-US\",\"@id\":\"https:\/\/deliciaspersas.com\/en\/#\/schema\/logo\/image\/\",\"url\":\"https:\/\/deliciaspersas.com\/wp-content\/uploads\/2020\/07\/logo-2020.png\",\"contentUrl\":\"https:\/\/deliciaspersas.com\/wp-content\/uploads\/2020\/07\/logo-2020.png\",\"width\":520,\"height\":490,\"caption\":\"Delicias Persas\"},\"image\":{\"@id\":\"https:\/\/deliciaspersas.com\/en\/#\/schema\/logo\/image\/\"},\"sameAs\":[\"https:\/\/www.facebook.com\/Deliciaspersas\",\"https:\/\/www.instagram.com\/delicias_persas\/\",\"https:\/\/www.linkedin.com\/delicias-persas\"]}]}<\/script>\n<!-- \/ Yoast SEO plugin. -->","yoast_head_json":{"title":"Queso irani (Panir Lighvan) 400g - Choopan - Delicias Persas","description":"El queso es una salsa agria que se emplea para acompa\u00f1ar comidas persas como el \", el \", y muchos mas","robots":{"index":"index","follow":"follow","max-snippet":"max-snippet:-1","max-image-preview":"max-image-preview:large","max-video-preview":"max-video-preview:-1"},"canonical":"https:\/\/deliciaspersas.com\/en\/tienda\/desayuno\/queso-irani-panir-lighvan-400g-choopan\/","og_locale":"en_US","og_type":"article","og_title":"Queso irani (Panir Lighvan) 400g - Choopan - Delicias Persas","og_description":"El queso es una salsa agria que se emplea para acompa\u00f1ar comidas persas como el \", el \", y muchos mas","og_url":"https:\/\/deliciaspersas.com\/en\/tienda\/desayuno\/queso-irani-panir-lighvan-400g-choopan\/","og_site_name":"Delicias Persas","article_publisher":"https:\/\/www.facebook.com\/Deliciaspersas","article_modified_time":"2026-03-24T17:57:06+00:00","og_image":[{"width":960,"height":1200,"url":"https:\/\/deliciaspersas.com\/wp-content\/uploads\/lighvan-choopan-DAYAN.jpg","type":"image\/jpeg"}],"twitter_card":"summary_large_image","twitter_misc":{"Est. reading time":"2 minutes"},"schema":{"@context":"https:\/\/schema.org","@graph":[{"@type":"WebPage","@id":"https:\/\/deliciaspersas.com\/en\/tienda\/desayuno\/queso-irani-panir-lighvan-400g-choopan\/","url":"https:\/\/deliciaspersas.com\/en\/tienda\/desayuno\/queso-irani-panir-lighvan-400g-choopan\/","name":"Queso irani (Panir Lighvan) 400g - Choopan - Delicias Persas","isPartOf":{"@id":"https:\/\/deliciaspersas.com\/en\/#website"},"primaryImageOfPage":{"@id":"https:\/\/deliciaspersas.com\/en\/tienda\/desayuno\/queso-irani-panir-lighvan-400g-choopan\/#primaryimage"},"image":{"@id":"https:\/\/deliciaspersas.com\/en\/tienda\/desayuno\/queso-irani-panir-lighvan-400g-choopan\/#primaryimage"},"thumbnailUrl":"https:\/\/deliciaspersas.com\/wp-content\/uploads\/lighvan-choopan-DAYAN.jpg","datePublished":"2023-06-20T15:38:15+00:00","dateModified":"2026-03-24T17:57:06+00:00","description":"El queso es una salsa agria que se emplea para acompa\u00f1ar comidas persas como el \", el \", y muchos mas","breadcrumb":{"@id":"https:\/\/deliciaspersas.com\/en\/tienda\/desayuno\/queso-irani-panir-lighvan-400g-choopan\/#breadcrumb"},"inLanguage":"en-US","potentialAction":[{"@type":"ReadAction","target":["https:\/\/deliciaspersas.com\/en\/tienda\/desayuno\/queso-irani-panir-lighvan-400g-choopan\/"]}]},{"@type":"ImageObject","inLanguage":"en-US","@id":"https:\/\/deliciaspersas.com\/en\/tienda\/desayuno\/queso-irani-panir-lighvan-400g-choopan\/#primaryimage","url":"https:\/\/deliciaspersas.com\/wp-content\/uploads\/lighvan-choopan-DAYAN.jpg","contentUrl":"https:\/\/deliciaspersas.com\/wp-content\/uploads\/lighvan-choopan-DAYAN.jpg","width":960,"height":1200},{"@type":"BreadcrumbList","@id":"https:\/\/deliciaspersas.com\/en\/tienda\/desayuno\/queso-irani-panir-lighvan-400g-choopan\/#breadcrumb","itemListElement":[{"@type":"ListItem","position":1,"name":"Portada","item":"https:\/\/deliciaspersas.com\/en\/"},{"@type":"ListItem","position":2,"name":"Tienda","item":"https:\/\/deliciaspersas.com\/"},{"@type":"ListItem","position":3,"name":"Queso irani (Panir Lighvan) 400g &#8211; Choopan"}]},{"@type":"WebSite","@id":"https:\/\/deliciaspersas.com\/en\/#website","url":"https:\/\/deliciaspersas.com\/en\/","name":"Delicias Persas","description":"Gastronom&iacute;a persa al alcance de tus manos","publisher":{"@id":"https:\/\/deliciaspersas.com\/en\/#organization"},"potentialAction":[{"@type":"SearchAction","target":{"@type":"EntryPoint","urlTemplate":"https:\/\/deliciaspersas.com\/en\/?s={search_term_string}"},"query-input":{"@type":"PropertyValueSpecification","valueRequired":true,"valueName":"search_term_string"}}],"inLanguage":"en-US"},{"@type":"Organization","@id":"https:\/\/deliciaspersas.com\/en\/#organization","name":"Delicias Persas","url":"https:\/\/deliciaspersas.com\/en\/","logo":{"@type":"ImageObject","inLanguage":"en-US","@id":"https:\/\/deliciaspersas.com\/en\/#\/schema\/logo\/image\/","url":"https:\/\/deliciaspersas.com\/wp-content\/uploads\/2020\/07\/logo-2020.png","contentUrl":"https:\/\/deliciaspersas.com\/wp-content\/uploads\/2020\/07\/logo-2020.png","width":520,"height":490,"caption":"Delicias Persas"},"image":{"@id":"https:\/\/deliciaspersas.com\/en\/#\/schema\/logo\/image\/"},"sameAs":["https:\/\/www.facebook.com\/Deliciaspersas","https:\/\/www.instagram.com\/delicias_persas\/","https:\/\/www.linkedin.com\/delicias-persas"]}]}},"uagb_featured_image_src":{"full":["https:\/\/deliciaspersas.com\/wp-content\/uploads\/lighvan-choopan-DAYAN.jpg",960,1200,false],"thumbnail":["https:\/\/deliciaspersas.com\/wp-content\/uploads\/lighvan-choopan-DAYAN-150x150.jpg",150,150,true],"medium":["https:\/\/deliciaspersas.com\/wp-content\/uploads\/lighvan-choopan-DAYAN-240x300.jpg",240,300,true],"medium_large":["https:\/\/deliciaspersas.com\/wp-content\/uploads\/lighvan-choopan-DAYAN-768x960.jpg",768,960,true],"large":["https:\/\/deliciaspersas.com\/wp-content\/uploads\/lighvan-choopan-DAYAN-819x1024.jpg",819,1024,true],"1536x1536":["https:\/\/deliciaspersas.com\/wp-content\/uploads\/lighvan-choopan-DAYAN.jpg",960,1200,false],"2048x2048":["https:\/\/deliciaspersas.com\/wp-content\/uploads\/lighvan-choopan-DAYAN.jpg",960,1200,false],"woocommerce_thumbnail":["https:\/\/deliciaspersas.com\/wp-content\/uploads\/lighvan-choopan-DAYAN-300x300.jpg",300,300,true],"woocommerce_single":["https:\/\/deliciaspersas.com\/wp-content\/uploads\/lighvan-choopan-DAYAN-600x750.jpg",600,750,true],"woocommerce_gallery_thumbnail":["https:\/\/deliciaspersas.com\/wp-content\/uploads\/lighvan-choopan-DAYAN-100x100.jpg",100,100,true]},"uagb_author_info":{"display_name":"admin","author_link":"https:\/\/deliciaspersas.com\/en\/author\/"},"uagb_comment_info":0,"uagb_excerpt":"Queso irani (Panir Lighvan) 400g &#8211; Choopan Informaci\u00f3n del producto: Queso Fresco o Queso Blanco o Cuajada es un tipo de queso blando; es decir, retiene gran parte del suero\u00a0y no tiene proceso de maduraci\u00f3n o refinado. Debido a que es un producto l\u00e1cteo muy h\u00famedo (60-80% de agua) es muy poco conservable y su&hellip;","brands":[{"id":1189,"name":"Chupan","slug":"chupan"}],"_links":{"self":[{"href":"https:\/\/deliciaspersas.com\/en\/wp-json\/wp\/v2\/product\/11488"}],"collection":[{"href":"https:\/\/deliciaspersas.com\/en\/wp-json\/wp\/v2\/product"}],"about":[{"href":"https:\/\/deliciaspersas.com\/en\/wp-json\/wp\/v2\/types\/product"}],"wp:featuredmedia":[{"embeddable":true,"href":"https:\/\/deliciaspersas.com\/en\/wp-json\/wp\/v2\/media\/17067"}],"wp:attachment":[{"href":"https:\/\/deliciaspersas.com\/en\/wp-json\/wp\/v2\/media?parent=11488"}],"wp:term":[{"taxonomy":"pwb-brand","embeddable":true,"href":"https:\/\/deliciaspersas.com\/en\/wp-json\/wp\/v2\/pwb-brand?post=11488"},{"taxonomy":"product_cat","embeddable":true,"href":"https:\/\/deliciaspersas.com\/en\/wp-json\/wp\/v2\/product_cat?post=11488"},{"taxonomy":"product_tag","embeddable":true,"href":"https:\/\/deliciaspersas.com\/en\/wp-json\/wp\/v2\/product_tag?post=11488"}],"curies":[{"name":"wp","href":"https:\/\/api.w.org\/{rel}","templated":true}]}}