{"id":11506,"date":"2023-06-21T19:16:06","date_gmt":"2023-06-21T17:16:06","guid":{"rendered":"https:\/\/deliciaspersas.com\/?post_type=product&#038;p=11506"},"modified":"2025-03-08T14:47:47","modified_gmt":"2025-03-08T13:47:47","slug":"pack-x2-agua-de-uvas-agrias-330ml-%d9%8eabe-ghoreh-11","status":"publish","type":"product","link":"https:\/\/deliciaspersas.com\/en\/tienda\/destilados\/pack-x2-agua-de-uvas-agrias-330ml-%d9%8eabe-ghoreh-11\/","title":{"rendered":"Pack x2 &#8211; Agua de Uvas agrias 330ml (\u064eAbe ghoreh) 1&#038;1"},"content":{"rendered":"<h1>Pack x2 &#8211; Agua de Uvas agrias 330ml (Abe ghoreh) 1&amp;1<\/h1>\n<h6>Informaci\u00f3n del producto:<\/h6>\n<p>\u00a1El secreto que todos los chefs y gourmets de diferentes culturas! La uva \u00e1cida que hace agua los ojos y se exprime los labios, demasiado verde, se usa en la cocina oriental principalmente como especia para el refinamiento. \u00a1Para acidificar o para condimentar la ensalada!<br \/>\nLa cocina oriental tiene una variedad de formas y costumbres en el uso del exprimido de uva.<\/p>\n<h6>Usos:<\/h6>\n<p>Recetas, ensaladas, todo tipo de verduras, platos fr\u00edos y calientes, adem\u00e1s de bebidas.<\/p>\n<h6>Beneficios:<\/h6>\n<p>El jugo tiene una propiedad apetitosa y digestible que elimina los trastornos intestinales y g\u00e1stricos. Se recomienda el uso de caldo por sus propiedades anti-estre\u00f1imiento en la desinfecci\u00f3n de los intestinos.<\/p>\n<p>En la medicina tradicional, hacer g\u00e1rgaras es excelente para tratar el dolor de garganta. El jugo tambi\u00e9n es \u00fatil para tratar la mucositis oral y las enc\u00edas blandas.<br \/>\nUna de las propiedades medicinales del jugo es la prevenci\u00f3n de varios c\u00e1nceres. La vitamina C es una de las vitaminas m\u00e1s importantes para reducir el riesgo de infecci\u00f3n. Abghoreh es rica en vitamina C. Adem\u00e1s, las propiedades infecciosas del jugo han llevado a los m\u00e9dicos a recomendar el consumo de este alimento para prevenir diversos c\u00e1nceres.<\/p>\n<p>El potasio es un mineral muy \u00fatil para el tratamiento de la ci\u00e1tica, problemas de espalda y trastornos reum\u00e1ticos, y el exprimido tiene mucho potasio. Adem\u00e1s, el consumo de jugo ayuda a tratar el reumatismo y a reducir el dolor de pie y otros trastornos musculoesquel\u00e9ticos.<\/p>\n<p>El jugo promueve una mejor digesti\u00f3n de los alimentos grasos y pesados \u200b\u200bal aumentar el \u00e1cido del est\u00f3mago. Las personas mayores que no digieren bien los alimentos debido a una disminuci\u00f3n de la acidez del est\u00f3mago tambi\u00e9n pueden utilizar esta especia para facilitar su digesti\u00f3n.<\/p>\n<h6>Ingredientes y al\u00e9rgenos:<\/h6>\n<p>Zumo de uva y antioxidante.<\/p>\n<h6>Condiciones de conservaci\u00f3n:<\/h6>\n<p>Conservar en un lugar fresco, seco y protegido de la luz.<\/p>\n","protected":false},"excerpt":{"rendered":"<p>Pack x2 &#8211; Agua de Uvas agrias 330ml (Abe ghoreh) 1&amp;1 Informaci\u00f3n del producto: \u00a1El secreto que todos los chefs y gourmets de diferentes culturas! La uva \u00e1cida que hace agua los ojos y se exprime los labios, demasiado verde, se usa en la cocina oriental principalmente como especia para el refinamiento. \u00a1Para acidificar o [&hellip;]<\/p>\n","protected":false},"featured_media":13396,"template":"","meta":{"_surecart_dashboard_logo_width":"180px","_surecart_dashboard_show_logo":true,"_surecart_dashboard_navigation_orders":true,"_surecart_dashboard_navigation_invoices":true,"_surecart_dashboard_navigation_subscriptions":true,"_surecart_dashboard_navigation_downloads":true,"_surecart_dashboard_navigation_billing":true,"_surecart_dashboard_navigation_account":true,"_uag_custom_page_level_css":"","site-sidebar-layout":"default","site-content-layout":"default","ast-site-content-layout":"default","site-content-style":"default","site-sidebar-style":"default","ast-global-header-display":"","ast-banner-title-visibility":"","ast-main-header-display":"","ast-hfb-above-header-display":"","ast-hfb-below-header-display":"","ast-hfb-mobile-header-display":"","site-post-title":"","ast-breadcrumbs-content":"","ast-featured-img":"","footer-sml-layout":"","theme-transparent-header-meta":"default","adv-header-id-meta":"","stick-header-meta":"","header-above-stick-meta":"","header-main-stick-meta":"","header-below-stick-meta":"","astra-migrate-meta-layouts":"set","ast-page-background-enabled":"default","ast-page-background-meta":{"desktop":{"background-color":"","background-image":"","background-repeat":"repeat","background-position":"center center","background-size":"auto","background-attachment":"scroll","background-type":"","background-media":"","overlay-type":"","overlay-color":"","overlay-opacity":"","overlay-gradient":""},"tablet":{"background-color":"","background-image":"","background-repeat":"repeat","background-position":"center center","background-size":"auto","background-attachment":"scroll","background-type":"","background-media":"","overlay-type":"","overlay-color":"","overlay-opacity":"","overlay-gradient":""},"mobile":{"background-color":"","background-image":"","background-repeat":"repeat","background-position":"center center","background-size":"auto","background-attachment":"scroll","background-type":"","background-media":"","overlay-type":"","overlay-color":"","overlay-opacity":"","overlay-gradient":""}},"ast-content-background-meta":{"desktop":{"background-color":"var(--ast-global-color-5)","background-image":"","background-repeat":"repeat","background-position":"center center","background-size":"auto","background-attachment":"scroll","background-type":"","background-media":"","overlay-type":"","overlay-color":"","overlay-opacity":"","overlay-gradient":""},"tablet":{"background-color":"var(--ast-global-color-5)","background-image":"","background-repeat":"repeat","background-position":"center center","background-size":"auto","background-attachment":"scroll","background-type":"","background-media":"","overlay-type":"","overlay-color":"","overlay-opacity":"","overlay-gradient":""},"mobile":{"background-color":"var(--ast-global-color-5)","background-image":"","background-repeat":"repeat","background-position":"center center","background-size":"auto","background-attachment":"scroll","background-type":"","background-media":"","overlay-type":"","overlay-color":"","overlay-opacity":"","overlay-gradient":""}}},"pwb-brand":[51],"product_cat":[39,106,44],"product_tag":[628,626,625,627,629,321,322,323,279],"class_list":{"0":"post-11506","1":"product","2":"type-product","3":"status-publish","4":"has-post-thumbnail","6":"pwb-brand-51","7":"product_cat-destilados","8":"product_cat-nuevos-productos","9":"product_cat-ofertas","10":"product_tag-acido","11":"product_tag-esprimido-de-limon","12":"product_tag-lima","13":"product_tag-limon","14":"product_tag-629","15":"product_tag-321","16":"product_tag-322","17":"product_tag-323","18":"product_tag-279","19":"desktop-align-center","20":"tablet-align-center","21":"mobile-align-center","23":"first","24":"instock","25":"sale","26":"taxable","27":"shipping-taxable","28":"purchasable","29":"product-type-simple"},"yoast_head":"<!-- This site is optimized with the Yoast SEO plugin v23.6 - https:\/\/yoast.com\/wordpress\/plugins\/seo\/ -->\n<title>Pack x2 - Agua de Uvas agrias 330ml (\u064eAbe ghoreh) 1&amp;1 - Delicias Persas<\/title>\n<meta name=\"description\" content=\"Agua de Bahar Narenj 330ml Anjoman. Se usa en una gran diversidad de bebidas que referescan y ayudan a la digesti\u00f3n...\" \/>\n<meta name=\"robots\" content=\"index, follow, max-snippet:-1, max-image-preview:large, max-video-preview:-1\" \/>\n<link rel=\"canonical\" href=\"https:\/\/deliciaspersas.com\/en\/tienda\/destilados\/pack-x2-agua-de-uvas-agrias-330ml-%d9%8eabe-ghoreh-11\/\" \/>\n<meta property=\"og:locale\" content=\"en_US\" \/>\n<meta property=\"og:type\" content=\"article\" \/>\n<meta property=\"og:title\" content=\"Pack x2 - Agua de Uvas agrias 330ml (\u064eAbe ghoreh) 1&amp;1 - Delicias Persas\" \/>\n<meta property=\"og:description\" content=\"Agua de Bahar Narenj 330ml Anjoman. Se usa en una gran diversidad de bebidas que referescan y ayudan a la digesti\u00f3n...\" \/>\n<meta property=\"og:url\" content=\"https:\/\/deliciaspersas.com\/en\/tienda\/destilados\/pack-x2-agua-de-uvas-agrias-330ml-%d9%8eabe-ghoreh-11\/\" \/>\n<meta property=\"og:site_name\" content=\"Delicias Persas\" \/>\n<meta property=\"article:publisher\" content=\"https:\/\/www.facebook.com\/Deliciaspersas\" \/>\n<meta property=\"article:modified_time\" content=\"2025-03-08T13:47:47+00:00\" \/>\n<meta property=\"og:image\" content=\"https:\/\/deliciaspersas.com\/wp-content\/uploads\/Untitled-2-scaled.jpg\" \/>\n\t<meta property=\"og:image:width\" content=\"2560\" \/>\n\t<meta property=\"og:image:height\" content=\"2560\" \/>\n\t<meta property=\"og:image:type\" content=\"image\/jpeg\" \/>\n<meta name=\"twitter:card\" content=\"summary_large_image\" \/>\n<meta name=\"twitter:label1\" content=\"Est. reading time\" \/>\n\t<meta name=\"twitter:data1\" content=\"2 minutes\" \/>\n<script type=\"application\/ld+json\" class=\"yoast-schema-graph\">{\"@context\":\"https:\/\/schema.org\",\"@graph\":[{\"@type\":\"WebPage\",\"@id\":\"https:\/\/deliciaspersas.com\/en\/tienda\/destilados\/pack-x2-agua-de-uvas-agrias-330ml-%d9%8eabe-ghoreh-11\/\",\"url\":\"https:\/\/deliciaspersas.com\/en\/tienda\/destilados\/pack-x2-agua-de-uvas-agrias-330ml-%d9%8eabe-ghoreh-11\/\",\"name\":\"Pack x2 - Agua de Uvas agrias 330ml (\u064eAbe ghoreh) 1&1 - Delicias Persas\",\"isPartOf\":{\"@id\":\"https:\/\/deliciaspersas.com\/en\/#website\"},\"primaryImageOfPage\":{\"@id\":\"https:\/\/deliciaspersas.com\/en\/tienda\/destilados\/pack-x2-agua-de-uvas-agrias-330ml-%d9%8eabe-ghoreh-11\/#primaryimage\"},\"image\":{\"@id\":\"https:\/\/deliciaspersas.com\/en\/tienda\/destilados\/pack-x2-agua-de-uvas-agrias-330ml-%d9%8eabe-ghoreh-11\/#primaryimage\"},\"thumbnailUrl\":\"https:\/\/deliciaspersas.com\/wp-content\/uploads\/Untitled-2-scaled.jpg\",\"datePublished\":\"2023-06-21T17:16:06+00:00\",\"dateModified\":\"2025-03-08T13:47:47+00:00\",\"description\":\"Agua de Bahar Narenj 330ml Anjoman. Se usa en una gran diversidad de bebidas que referescan y ayudan a la digesti\u00f3n...\",\"breadcrumb\":{\"@id\":\"https:\/\/deliciaspersas.com\/en\/tienda\/destilados\/pack-x2-agua-de-uvas-agrias-330ml-%d9%8eabe-ghoreh-11\/#breadcrumb\"},\"inLanguage\":\"en-US\",\"potentialAction\":[{\"@type\":\"ReadAction\",\"target\":[\"https:\/\/deliciaspersas.com\/en\/tienda\/destilados\/pack-x2-agua-de-uvas-agrias-330ml-%d9%8eabe-ghoreh-11\/\"]}]},{\"@type\":\"ImageObject\",\"inLanguage\":\"en-US\",\"@id\":\"https:\/\/deliciaspersas.com\/en\/tienda\/destilados\/pack-x2-agua-de-uvas-agrias-330ml-%d9%8eabe-ghoreh-11\/#primaryimage\",\"url\":\"https:\/\/deliciaspersas.com\/wp-content\/uploads\/Untitled-2-scaled.jpg\",\"contentUrl\":\"https:\/\/deliciaspersas.com\/wp-content\/uploads\/Untitled-2-scaled.jpg\",\"width\":2560,\"height\":2560},{\"@type\":\"BreadcrumbList\",\"@id\":\"https:\/\/deliciaspersas.com\/en\/tienda\/destilados\/pack-x2-agua-de-uvas-agrias-330ml-%d9%8eabe-ghoreh-11\/#breadcrumb\",\"itemListElement\":[{\"@type\":\"ListItem\",\"position\":1,\"name\":\"Portada\",\"item\":\"https:\/\/deliciaspersas.com\/en\/\"},{\"@type\":\"ListItem\",\"position\":2,\"name\":\"Tienda\",\"item\":\"https:\/\/deliciaspersas.com\/\"},{\"@type\":\"ListItem\",\"position\":3,\"name\":\"Pack x2 &#8211; Agua de Uvas agrias 330ml (\u064eAbe ghoreh) 1&#038;1\"}]},{\"@type\":\"WebSite\",\"@id\":\"https:\/\/deliciaspersas.com\/en\/#website\",\"url\":\"https:\/\/deliciaspersas.com\/en\/\",\"name\":\"Delicias Persas\",\"description\":\"Gastronom&iacute;a persa al alcance de tus manos\",\"publisher\":{\"@id\":\"https:\/\/deliciaspersas.com\/en\/#organization\"},\"potentialAction\":[{\"@type\":\"SearchAction\",\"target\":{\"@type\":\"EntryPoint\",\"urlTemplate\":\"https:\/\/deliciaspersas.com\/en\/?s={search_term_string}\"},\"query-input\":{\"@type\":\"PropertyValueSpecification\",\"valueRequired\":true,\"valueName\":\"search_term_string\"}}],\"inLanguage\":\"en-US\"},{\"@type\":\"Organization\",\"@id\":\"https:\/\/deliciaspersas.com\/en\/#organization\",\"name\":\"Delicias Persas\",\"url\":\"https:\/\/deliciaspersas.com\/en\/\",\"logo\":{\"@type\":\"ImageObject\",\"inLanguage\":\"en-US\",\"@id\":\"https:\/\/deliciaspersas.com\/en\/#\/schema\/logo\/image\/\",\"url\":\"https:\/\/deliciaspersas.com\/wp-content\/uploads\/2020\/07\/logo-2020.png\",\"contentUrl\":\"https:\/\/deliciaspersas.com\/wp-content\/uploads\/2020\/07\/logo-2020.png\",\"width\":520,\"height\":490,\"caption\":\"Delicias Persas\"},\"image\":{\"@id\":\"https:\/\/deliciaspersas.com\/en\/#\/schema\/logo\/image\/\"},\"sameAs\":[\"https:\/\/www.facebook.com\/Deliciaspersas\",\"https:\/\/www.instagram.com\/delicias_persas\/\",\"https:\/\/www.linkedin.com\/delicias-persas\"]}]}<\/script>\n<!-- \/ Yoast SEO plugin. -->","yoast_head_json":{"title":"Pack x2 - Agua de Uvas agrias 330ml (\u064eAbe ghoreh) 1&1 - Delicias Persas","description":"Agua de Bahar Narenj 330ml Anjoman. Se usa en una gran diversidad de bebidas que referescan y ayudan a la digesti\u00f3n...","robots":{"index":"index","follow":"follow","max-snippet":"max-snippet:-1","max-image-preview":"max-image-preview:large","max-video-preview":"max-video-preview:-1"},"canonical":"https:\/\/deliciaspersas.com\/en\/tienda\/destilados\/pack-x2-agua-de-uvas-agrias-330ml-%d9%8eabe-ghoreh-11\/","og_locale":"en_US","og_type":"article","og_title":"Pack x2 - Agua de Uvas agrias 330ml (\u064eAbe ghoreh) 1&1 - Delicias Persas","og_description":"Agua de Bahar Narenj 330ml Anjoman. Se usa en una gran diversidad de bebidas que referescan y ayudan a la digesti\u00f3n...","og_url":"https:\/\/deliciaspersas.com\/en\/tienda\/destilados\/pack-x2-agua-de-uvas-agrias-330ml-%d9%8eabe-ghoreh-11\/","og_site_name":"Delicias Persas","article_publisher":"https:\/\/www.facebook.com\/Deliciaspersas","article_modified_time":"2025-03-08T13:47:47+00:00","og_image":[{"width":2560,"height":2560,"url":"https:\/\/deliciaspersas.com\/wp-content\/uploads\/Untitled-2-scaled.jpg","type":"image\/jpeg"}],"twitter_card":"summary_large_image","twitter_misc":{"Est. reading time":"2 minutes"},"schema":{"@context":"https:\/\/schema.org","@graph":[{"@type":"WebPage","@id":"https:\/\/deliciaspersas.com\/en\/tienda\/destilados\/pack-x2-agua-de-uvas-agrias-330ml-%d9%8eabe-ghoreh-11\/","url":"https:\/\/deliciaspersas.com\/en\/tienda\/destilados\/pack-x2-agua-de-uvas-agrias-330ml-%d9%8eabe-ghoreh-11\/","name":"Pack x2 - Agua de Uvas agrias 330ml (\u064eAbe ghoreh) 1&1 - Delicias Persas","isPartOf":{"@id":"https:\/\/deliciaspersas.com\/en\/#website"},"primaryImageOfPage":{"@id":"https:\/\/deliciaspersas.com\/en\/tienda\/destilados\/pack-x2-agua-de-uvas-agrias-330ml-%d9%8eabe-ghoreh-11\/#primaryimage"},"image":{"@id":"https:\/\/deliciaspersas.com\/en\/tienda\/destilados\/pack-x2-agua-de-uvas-agrias-330ml-%d9%8eabe-ghoreh-11\/#primaryimage"},"thumbnailUrl":"https:\/\/deliciaspersas.com\/wp-content\/uploads\/Untitled-2-scaled.jpg","datePublished":"2023-06-21T17:16:06+00:00","dateModified":"2025-03-08T13:47:47+00:00","description":"Agua de Bahar Narenj 330ml Anjoman. Se usa en una gran diversidad de bebidas que referescan y ayudan a la digesti\u00f3n...","breadcrumb":{"@id":"https:\/\/deliciaspersas.com\/en\/tienda\/destilados\/pack-x2-agua-de-uvas-agrias-330ml-%d9%8eabe-ghoreh-11\/#breadcrumb"},"inLanguage":"en-US","potentialAction":[{"@type":"ReadAction","target":["https:\/\/deliciaspersas.com\/en\/tienda\/destilados\/pack-x2-agua-de-uvas-agrias-330ml-%d9%8eabe-ghoreh-11\/"]}]},{"@type":"ImageObject","inLanguage":"en-US","@id":"https:\/\/deliciaspersas.com\/en\/tienda\/destilados\/pack-x2-agua-de-uvas-agrias-330ml-%d9%8eabe-ghoreh-11\/#primaryimage","url":"https:\/\/deliciaspersas.com\/wp-content\/uploads\/Untitled-2-scaled.jpg","contentUrl":"https:\/\/deliciaspersas.com\/wp-content\/uploads\/Untitled-2-scaled.jpg","width":2560,"height":2560},{"@type":"BreadcrumbList","@id":"https:\/\/deliciaspersas.com\/en\/tienda\/destilados\/pack-x2-agua-de-uvas-agrias-330ml-%d9%8eabe-ghoreh-11\/#breadcrumb","itemListElement":[{"@type":"ListItem","position":1,"name":"Portada","item":"https:\/\/deliciaspersas.com\/en\/"},{"@type":"ListItem","position":2,"name":"Tienda","item":"https:\/\/deliciaspersas.com\/"},{"@type":"ListItem","position":3,"name":"Pack x2 &#8211; Agua de Uvas agrias 330ml (\u064eAbe ghoreh) 1&#038;1"}]},{"@type":"WebSite","@id":"https:\/\/deliciaspersas.com\/en\/#website","url":"https:\/\/deliciaspersas.com\/en\/","name":"Delicias Persas","description":"Gastronom&iacute;a persa al alcance de tus manos","publisher":{"@id":"https:\/\/deliciaspersas.com\/en\/#organization"},"potentialAction":[{"@type":"SearchAction","target":{"@type":"EntryPoint","urlTemplate":"https:\/\/deliciaspersas.com\/en\/?s={search_term_string}"},"query-input":{"@type":"PropertyValueSpecification","valueRequired":true,"valueName":"search_term_string"}}],"inLanguage":"en-US"},{"@type":"Organization","@id":"https:\/\/deliciaspersas.com\/en\/#organization","name":"Delicias Persas","url":"https:\/\/deliciaspersas.com\/en\/","logo":{"@type":"ImageObject","inLanguage":"en-US","@id":"https:\/\/deliciaspersas.com\/en\/#\/schema\/logo\/image\/","url":"https:\/\/deliciaspersas.com\/wp-content\/uploads\/2020\/07\/logo-2020.png","contentUrl":"https:\/\/deliciaspersas.com\/wp-content\/uploads\/2020\/07\/logo-2020.png","width":520,"height":490,"caption":"Delicias Persas"},"image":{"@id":"https:\/\/deliciaspersas.com\/en\/#\/schema\/logo\/image\/"},"sameAs":["https:\/\/www.facebook.com\/Deliciaspersas","https:\/\/www.instagram.com\/delicias_persas\/","https:\/\/www.linkedin.com\/delicias-persas"]}]}},"uagb_featured_image_src":{"full":["https:\/\/deliciaspersas.com\/wp-content\/uploads\/Untitled-2-scaled.jpg",2560,2560,false],"thumbnail":["https:\/\/deliciaspersas.com\/wp-content\/uploads\/Untitled-2-150x150.jpg",150,150,true],"medium":["https:\/\/deliciaspersas.com\/wp-content\/uploads\/Untitled-2-300x300.jpg",300,300,true],"medium_large":["https:\/\/deliciaspersas.com\/wp-content\/uploads\/Untitled-2-768x768.jpg",768,768,true],"large":["https:\/\/deliciaspersas.com\/wp-content\/uploads\/Untitled-2-1024x1024.jpg",1024,1024,true],"1536x1536":["https:\/\/deliciaspersas.com\/wp-content\/uploads\/Untitled-2-scaled.jpg",1536,1536,false],"2048x2048":["https:\/\/deliciaspersas.com\/wp-content\/uploads\/Untitled-2-scaled.jpg",2048,2048,false],"woocommerce_thumbnail":["https:\/\/deliciaspersas.com\/wp-content\/uploads\/Untitled-2-scaled.jpg",300,300,false],"woocommerce_single":["https:\/\/deliciaspersas.com\/wp-content\/uploads\/Untitled-2-scaled.jpg",600,600,false],"woocommerce_gallery_thumbnail":["https:\/\/deliciaspersas.com\/wp-content\/uploads\/Untitled-2-scaled.jpg",100,100,false]},"uagb_author_info":{"display_name":"admin","author_link":"https:\/\/deliciaspersas.com\/en\/author\/"},"uagb_comment_info":0,"uagb_excerpt":"Pack x2 &#8211; Agua de Uvas agrias 330ml (Abe ghoreh) 1&amp;1 Informaci\u00f3n del producto: \u00a1El secreto que todos los chefs y gourmets de diferentes culturas! La uva \u00e1cida que hace agua los ojos y se exprime los labios, demasiado verde, se usa en la cocina oriental principalmente como especia para el refinamiento. \u00a1Para acidificar o&hellip;","brands":[{"id":51,"name":"1&amp;1","slug":"11"}],"_links":{"self":[{"href":"https:\/\/deliciaspersas.com\/en\/wp-json\/wp\/v2\/product\/11506"}],"collection":[{"href":"https:\/\/deliciaspersas.com\/en\/wp-json\/wp\/v2\/product"}],"about":[{"href":"https:\/\/deliciaspersas.com\/en\/wp-json\/wp\/v2\/types\/product"}],"wp:featuredmedia":[{"embeddable":true,"href":"https:\/\/deliciaspersas.com\/en\/wp-json\/wp\/v2\/media\/13396"}],"wp:attachment":[{"href":"https:\/\/deliciaspersas.com\/en\/wp-json\/wp\/v2\/media?parent=11506"}],"wp:term":[{"taxonomy":"pwb-brand","embeddable":true,"href":"https:\/\/deliciaspersas.com\/en\/wp-json\/wp\/v2\/pwb-brand?post=11506"},{"taxonomy":"product_cat","embeddable":true,"href":"https:\/\/deliciaspersas.com\/en\/wp-json\/wp\/v2\/product_cat?post=11506"},{"taxonomy":"product_tag","embeddable":true,"href":"https:\/\/deliciaspersas.com\/en\/wp-json\/wp\/v2\/product_tag?post=11506"}],"curies":[{"name":"wp","href":"https:\/\/api.w.org\/{rel}","templated":true}]}}