{"id":11860,"date":"2023-07-14T18:57:50","date_gmt":"2023-07-14T16:57:50","guid":{"rendered":"https:\/\/deliciaspersas.com\/?post_type=product&#038;p=11860"},"modified":"2026-02-07T17:45:10","modified_gmt":"2026-02-07T16:45:10","slug":"arroz-y-judias-verdes-lubia-polow-350g-sar-ashpaz","status":"publish","type":"product","link":"https:\/\/deliciaspersas.com\/en\/tienda\/ready\/arroz-y-judias-verdes-lubia-polow-350g-sar-ashpaz\/","title":{"rendered":"Arroz y jud\u00edas verdes (Lubia Polow) &#8211; 350g Sar Ashpaz"},"content":{"rendered":"<h1>Arroz y jud\u00edas verdes (Lubia Polow) &#8211; 350g Sar Ashpaz<\/h1>\n<h1>Sin CARNE<\/h1>\n<p>Arroz y jud\u00edas verdes (Lubia Polow) es uno de los platos iran\u00edes m\u00e1s populares y aut\u00e9nticos, que fue producido por Gilani Food Industry Group de acuerdo con la demanda de los mercados nacionales y extranjeros. El m\u00e9todo de producci\u00f3n y empaque del producto ha hecho que la vida \u00fatil de este producto sea de 2 a\u00f1os, lo que es un gran paso en la direcci\u00f3n de la producci\u00f3n de productos enlatados en el pa\u00eds. En la producci\u00f3n de este producto se utilizan materias primas frescas y de primera calidad para que el estimado consumidor pueda experimentar el placer de comer una aut\u00e9ntica comida iran\u00ed en una sola comida.Tenga en cuenta que este producto se prepara en forma de lata&#8230;<\/p>\n","protected":false},"excerpt":{"rendered":"<p>Arroz y jud\u00edas verdes (Lubia Polow) &#8211; 350g Sar Ashpaz Sin CARNE Arroz y jud\u00edas verdes (Lubia Polow) es uno de los platos iran\u00edes m\u00e1s populares y aut\u00e9nticos, que fue producido por Gilani Food Industry Group de acuerdo con la demanda de los mercados nacionales y extranjeros. El m\u00e9todo de producci\u00f3n y empaque del producto [&hellip;]<\/p>\n","protected":false},"featured_media":17088,"template":"","meta":{"_surecart_dashboard_logo_width":"180px","_surecart_dashboard_show_logo":true,"_surecart_dashboard_navigation_orders":true,"_surecart_dashboard_navigation_invoices":true,"_surecart_dashboard_navigation_subscriptions":true,"_surecart_dashboard_navigation_downloads":true,"_surecart_dashboard_navigation_billing":true,"_surecart_dashboard_navigation_account":true,"_uag_custom_page_level_css":"","site-sidebar-layout":"default","site-content-layout":"default","ast-site-content-layout":"default","site-content-style":"default","site-sidebar-style":"default","ast-global-header-display":"","ast-banner-title-visibility":"","ast-main-header-display":"","ast-hfb-above-header-display":"","ast-hfb-below-header-display":"","ast-hfb-mobile-header-display":"","site-post-title":"","ast-breadcrumbs-content":"","ast-featured-img":"","footer-sml-layout":"","theme-transparent-header-meta":"default","adv-header-id-meta":"","stick-header-meta":"","header-above-stick-meta":"","header-main-stick-meta":"","header-below-stick-meta":"","astra-migrate-meta-layouts":"set","ast-page-background-enabled":"default","ast-page-background-meta":{"desktop":{"background-color":"","background-image":"","background-repeat":"repeat","background-position":"center center","background-size":"auto","background-attachment":"scroll","background-type":"","background-media":"","overlay-type":"","overlay-color":"","overlay-opacity":"","overlay-gradient":""},"tablet":{"background-color":"","background-image":"","background-repeat":"repeat","background-position":"center center","background-size":"auto","background-attachment":"scroll","background-type":"","background-media":"","overlay-type":"","overlay-color":"","overlay-opacity":"","overlay-gradient":""},"mobile":{"background-color":"","background-image":"","background-repeat":"repeat","background-position":"center center","background-size":"auto","background-attachment":"scroll","background-type":"","background-media":"","overlay-type":"","overlay-color":"","overlay-opacity":"","overlay-gradient":""}},"ast-content-background-meta":{"desktop":{"background-color":"var(--ast-global-color-5)","background-image":"","background-repeat":"repeat","background-position":"center center","background-size":"auto","background-attachment":"scroll","background-type":"","background-media":"","overlay-type":"","overlay-color":"","overlay-opacity":"","overlay-gradient":""},"tablet":{"background-color":"var(--ast-global-color-5)","background-image":"","background-repeat":"repeat","background-position":"center center","background-size":"auto","background-attachment":"scroll","background-type":"","background-media":"","overlay-type":"","overlay-color":"","overlay-opacity":"","overlay-gradient":""},"mobile":{"background-color":"var(--ast-global-color-5)","background-image":"","background-repeat":"repeat","background-position":"center center","background-size":"auto","background-attachment":"scroll","background-type":"","background-media":"","overlay-type":"","overlay-color":"","overlay-opacity":"","overlay-gradient":""}}},"pwb-brand":[199],"product_cat":[35,34,106],"product_tag":[564,667,573,668,669,450],"class_list":{"0":"post-11860","1":"product","2":"type-product","3":"status-publish","4":"has-post-thumbnail","6":"pwb-brand-sarashpaz","7":"product_cat-conservas","8":"product_cat-ready","9":"product_cat-nuevos-productos","10":"product_tag-conserva","11":"product_tag-ghorme-sabzi","12":"product_tag-guiso","13":"product_tag-listo-para-comer","14":"product_tag-669","15":"product_tag-450","16":"desktop-align-center","17":"tablet-align-center","18":"mobile-align-center","20":"first","21":"instock","22":"taxable","23":"shipping-taxable","24":"purchasable","25":"product-type-simple"},"yoast_head":"<!-- This site is optimized with the Yoast SEO plugin v23.6 - https:\/\/yoast.com\/wordpress\/plugins\/seo\/ -->\n<title>Arroz y jud\u00edas verdes (Lubia Polow) - 350g Sar Ashpaz - Delicias Persas<\/title>\n<meta name=\"description\" content=\"Ghorme Sabzi 460g SarashpazInformaci\u00f3n del producto:El estofado Ghormeh Sabzi es uno de los guisos iran\u00edes m\u00e1s populares que....\" \/>\n<meta name=\"robots\" content=\"index, follow, max-snippet:-1, max-image-preview:large, max-video-preview:-1\" \/>\n<link rel=\"canonical\" href=\"https:\/\/deliciaspersas.com\/en\/tienda\/ready\/arroz-y-judias-verdes-lubia-polow-350g-sar-ashpaz\/\" \/>\n<meta property=\"og:locale\" content=\"en_US\" \/>\n<meta property=\"og:type\" content=\"article\" \/>\n<meta property=\"og:title\" content=\"Arroz y jud\u00edas verdes (Lubia Polow) - 350g Sar Ashpaz - Delicias Persas\" \/>\n<meta property=\"og:description\" content=\"Ghorme Sabzi 460g SarashpazInformaci\u00f3n del producto:El estofado Ghormeh Sabzi es uno de los guisos iran\u00edes m\u00e1s populares que....\" \/>\n<meta property=\"og:url\" content=\"https:\/\/deliciaspersas.com\/en\/tienda\/ready\/arroz-y-judias-verdes-lubia-polow-350g-sar-ashpaz\/\" \/>\n<meta property=\"og:site_name\" content=\"Delicias Persas\" \/>\n<meta property=\"article:publisher\" content=\"https:\/\/www.facebook.com\/Deliciaspersas\" \/>\n<meta property=\"article:modified_time\" content=\"2026-02-07T16:45:10+00:00\" \/>\n<meta property=\"og:image\" content=\"https:\/\/deliciaspersas.com\/wp-content\/uploads\/Alubia-con-arroz-sarashpaz-Dayan-scaled.jpeg\" \/>\n\t<meta property=\"og:image:width\" content=\"2167\" \/>\n\t<meta property=\"og:image:height\" content=\"2560\" \/>\n\t<meta property=\"og:image:type\" content=\"image\/jpeg\" \/>\n<meta name=\"twitter:card\" content=\"summary_large_image\" \/>\n<meta name=\"twitter:label1\" content=\"Est. reading time\" \/>\n\t<meta name=\"twitter:data1\" content=\"1 minute\" \/>\n<script type=\"application\/ld+json\" class=\"yoast-schema-graph\">{\"@context\":\"https:\/\/schema.org\",\"@graph\":[{\"@type\":\"WebPage\",\"@id\":\"https:\/\/deliciaspersas.com\/en\/tienda\/ready\/arroz-y-judias-verdes-lubia-polow-350g-sar-ashpaz\/\",\"url\":\"https:\/\/deliciaspersas.com\/en\/tienda\/ready\/arroz-y-judias-verdes-lubia-polow-350g-sar-ashpaz\/\",\"name\":\"Arroz y jud\u00edas verdes (Lubia Polow) - 350g Sar Ashpaz - Delicias Persas\",\"isPartOf\":{\"@id\":\"https:\/\/deliciaspersas.com\/en\/#website\"},\"primaryImageOfPage\":{\"@id\":\"https:\/\/deliciaspersas.com\/en\/tienda\/ready\/arroz-y-judias-verdes-lubia-polow-350g-sar-ashpaz\/#primaryimage\"},\"image\":{\"@id\":\"https:\/\/deliciaspersas.com\/en\/tienda\/ready\/arroz-y-judias-verdes-lubia-polow-350g-sar-ashpaz\/#primaryimage\"},\"thumbnailUrl\":\"https:\/\/deliciaspersas.com\/wp-content\/uploads\/Alubia-con-arroz-sarashpaz-Dayan-scaled.jpeg\",\"datePublished\":\"2023-07-14T16:57:50+00:00\",\"dateModified\":\"2026-02-07T16:45:10+00:00\",\"description\":\"Ghorme Sabzi 460g SarashpazInformaci\u00f3n del producto:El estofado Ghormeh Sabzi es uno de los guisos iran\u00edes m\u00e1s populares que....\",\"breadcrumb\":{\"@id\":\"https:\/\/deliciaspersas.com\/en\/tienda\/ready\/arroz-y-judias-verdes-lubia-polow-350g-sar-ashpaz\/#breadcrumb\"},\"inLanguage\":\"en-US\",\"potentialAction\":[{\"@type\":\"ReadAction\",\"target\":[\"https:\/\/deliciaspersas.com\/en\/tienda\/ready\/arroz-y-judias-verdes-lubia-polow-350g-sar-ashpaz\/\"]}]},{\"@type\":\"ImageObject\",\"inLanguage\":\"en-US\",\"@id\":\"https:\/\/deliciaspersas.com\/en\/tienda\/ready\/arroz-y-judias-verdes-lubia-polow-350g-sar-ashpaz\/#primaryimage\",\"url\":\"https:\/\/deliciaspersas.com\/wp-content\/uploads\/Alubia-con-arroz-sarashpaz-Dayan-scaled.jpeg\",\"contentUrl\":\"https:\/\/deliciaspersas.com\/wp-content\/uploads\/Alubia-con-arroz-sarashpaz-Dayan-scaled.jpeg\",\"width\":2167,\"height\":2560},{\"@type\":\"BreadcrumbList\",\"@id\":\"https:\/\/deliciaspersas.com\/en\/tienda\/ready\/arroz-y-judias-verdes-lubia-polow-350g-sar-ashpaz\/#breadcrumb\",\"itemListElement\":[{\"@type\":\"ListItem\",\"position\":1,\"name\":\"Portada\",\"item\":\"https:\/\/deliciaspersas.com\/en\/\"},{\"@type\":\"ListItem\",\"position\":2,\"name\":\"Tienda\",\"item\":\"https:\/\/deliciaspersas.com\/\"},{\"@type\":\"ListItem\",\"position\":3,\"name\":\"Arroz y jud\u00edas verdes (Lubia Polow) &#8211; 350g Sar Ashpaz\"}]},{\"@type\":\"WebSite\",\"@id\":\"https:\/\/deliciaspersas.com\/en\/#website\",\"url\":\"https:\/\/deliciaspersas.com\/en\/\",\"name\":\"Delicias Persas\",\"description\":\"Gastronom&iacute;a persa al alcance de tus manos\",\"publisher\":{\"@id\":\"https:\/\/deliciaspersas.com\/en\/#organization\"},\"potentialAction\":[{\"@type\":\"SearchAction\",\"target\":{\"@type\":\"EntryPoint\",\"urlTemplate\":\"https:\/\/deliciaspersas.com\/en\/?s={search_term_string}\"},\"query-input\":{\"@type\":\"PropertyValueSpecification\",\"valueRequired\":true,\"valueName\":\"search_term_string\"}}],\"inLanguage\":\"en-US\"},{\"@type\":\"Organization\",\"@id\":\"https:\/\/deliciaspersas.com\/en\/#organization\",\"name\":\"Delicias Persas\",\"url\":\"https:\/\/deliciaspersas.com\/en\/\",\"logo\":{\"@type\":\"ImageObject\",\"inLanguage\":\"en-US\",\"@id\":\"https:\/\/deliciaspersas.com\/en\/#\/schema\/logo\/image\/\",\"url\":\"https:\/\/deliciaspersas.com\/wp-content\/uploads\/2020\/07\/logo-2020.png\",\"contentUrl\":\"https:\/\/deliciaspersas.com\/wp-content\/uploads\/2020\/07\/logo-2020.png\",\"width\":520,\"height\":490,\"caption\":\"Delicias Persas\"},\"image\":{\"@id\":\"https:\/\/deliciaspersas.com\/en\/#\/schema\/logo\/image\/\"},\"sameAs\":[\"https:\/\/www.facebook.com\/Deliciaspersas\",\"https:\/\/www.instagram.com\/delicias_persas\/\",\"https:\/\/www.linkedin.com\/delicias-persas\"]}]}<\/script>\n<!-- \/ Yoast SEO plugin. -->","yoast_head_json":{"title":"Arroz y jud\u00edas verdes (Lubia Polow) - 350g Sar Ashpaz - Delicias Persas","description":"Ghorme Sabzi 460g SarashpazInformaci\u00f3n del producto:El estofado Ghormeh Sabzi es uno de los guisos iran\u00edes m\u00e1s populares que....","robots":{"index":"index","follow":"follow","max-snippet":"max-snippet:-1","max-image-preview":"max-image-preview:large","max-video-preview":"max-video-preview:-1"},"canonical":"https:\/\/deliciaspersas.com\/en\/tienda\/ready\/arroz-y-judias-verdes-lubia-polow-350g-sar-ashpaz\/","og_locale":"en_US","og_type":"article","og_title":"Arroz y jud\u00edas verdes (Lubia Polow) - 350g Sar Ashpaz - Delicias Persas","og_description":"Ghorme Sabzi 460g SarashpazInformaci\u00f3n del producto:El estofado Ghormeh Sabzi es uno de los guisos iran\u00edes m\u00e1s populares que....","og_url":"https:\/\/deliciaspersas.com\/en\/tienda\/ready\/arroz-y-judias-verdes-lubia-polow-350g-sar-ashpaz\/","og_site_name":"Delicias Persas","article_publisher":"https:\/\/www.facebook.com\/Deliciaspersas","article_modified_time":"2026-02-07T16:45:10+00:00","og_image":[{"width":2167,"height":2560,"url":"https:\/\/deliciaspersas.com\/wp-content\/uploads\/Alubia-con-arroz-sarashpaz-Dayan-scaled.jpeg","type":"image\/jpeg"}],"twitter_card":"summary_large_image","twitter_misc":{"Est. reading time":"1 minute"},"schema":{"@context":"https:\/\/schema.org","@graph":[{"@type":"WebPage","@id":"https:\/\/deliciaspersas.com\/en\/tienda\/ready\/arroz-y-judias-verdes-lubia-polow-350g-sar-ashpaz\/","url":"https:\/\/deliciaspersas.com\/en\/tienda\/ready\/arroz-y-judias-verdes-lubia-polow-350g-sar-ashpaz\/","name":"Arroz y jud\u00edas verdes (Lubia Polow) - 350g Sar Ashpaz - Delicias Persas","isPartOf":{"@id":"https:\/\/deliciaspersas.com\/en\/#website"},"primaryImageOfPage":{"@id":"https:\/\/deliciaspersas.com\/en\/tienda\/ready\/arroz-y-judias-verdes-lubia-polow-350g-sar-ashpaz\/#primaryimage"},"image":{"@id":"https:\/\/deliciaspersas.com\/en\/tienda\/ready\/arroz-y-judias-verdes-lubia-polow-350g-sar-ashpaz\/#primaryimage"},"thumbnailUrl":"https:\/\/deliciaspersas.com\/wp-content\/uploads\/Alubia-con-arroz-sarashpaz-Dayan-scaled.jpeg","datePublished":"2023-07-14T16:57:50+00:00","dateModified":"2026-02-07T16:45:10+00:00","description":"Ghorme Sabzi 460g SarashpazInformaci\u00f3n del producto:El estofado Ghormeh Sabzi es uno de los guisos iran\u00edes m\u00e1s populares que....","breadcrumb":{"@id":"https:\/\/deliciaspersas.com\/en\/tienda\/ready\/arroz-y-judias-verdes-lubia-polow-350g-sar-ashpaz\/#breadcrumb"},"inLanguage":"en-US","potentialAction":[{"@type":"ReadAction","target":["https:\/\/deliciaspersas.com\/en\/tienda\/ready\/arroz-y-judias-verdes-lubia-polow-350g-sar-ashpaz\/"]}]},{"@type":"ImageObject","inLanguage":"en-US","@id":"https:\/\/deliciaspersas.com\/en\/tienda\/ready\/arroz-y-judias-verdes-lubia-polow-350g-sar-ashpaz\/#primaryimage","url":"https:\/\/deliciaspersas.com\/wp-content\/uploads\/Alubia-con-arroz-sarashpaz-Dayan-scaled.jpeg","contentUrl":"https:\/\/deliciaspersas.com\/wp-content\/uploads\/Alubia-con-arroz-sarashpaz-Dayan-scaled.jpeg","width":2167,"height":2560},{"@type":"BreadcrumbList","@id":"https:\/\/deliciaspersas.com\/en\/tienda\/ready\/arroz-y-judias-verdes-lubia-polow-350g-sar-ashpaz\/#breadcrumb","itemListElement":[{"@type":"ListItem","position":1,"name":"Portada","item":"https:\/\/deliciaspersas.com\/en\/"},{"@type":"ListItem","position":2,"name":"Tienda","item":"https:\/\/deliciaspersas.com\/"},{"@type":"ListItem","position":3,"name":"Arroz y jud\u00edas verdes (Lubia Polow) &#8211; 350g Sar Ashpaz"}]},{"@type":"WebSite","@id":"https:\/\/deliciaspersas.com\/en\/#website","url":"https:\/\/deliciaspersas.com\/en\/","name":"Delicias Persas","description":"Gastronom&iacute;a persa al alcance de tus manos","publisher":{"@id":"https:\/\/deliciaspersas.com\/en\/#organization"},"potentialAction":[{"@type":"SearchAction","target":{"@type":"EntryPoint","urlTemplate":"https:\/\/deliciaspersas.com\/en\/?s={search_term_string}"},"query-input":{"@type":"PropertyValueSpecification","valueRequired":true,"valueName":"search_term_string"}}],"inLanguage":"en-US"},{"@type":"Organization","@id":"https:\/\/deliciaspersas.com\/en\/#organization","name":"Delicias Persas","url":"https:\/\/deliciaspersas.com\/en\/","logo":{"@type":"ImageObject","inLanguage":"en-US","@id":"https:\/\/deliciaspersas.com\/en\/#\/schema\/logo\/image\/","url":"https:\/\/deliciaspersas.com\/wp-content\/uploads\/2020\/07\/logo-2020.png","contentUrl":"https:\/\/deliciaspersas.com\/wp-content\/uploads\/2020\/07\/logo-2020.png","width":520,"height":490,"caption":"Delicias Persas"},"image":{"@id":"https:\/\/deliciaspersas.com\/en\/#\/schema\/logo\/image\/"},"sameAs":["https:\/\/www.facebook.com\/Deliciaspersas","https:\/\/www.instagram.com\/delicias_persas\/","https:\/\/www.linkedin.com\/delicias-persas"]}]}},"uagb_featured_image_src":{"full":["https:\/\/deliciaspersas.com\/wp-content\/uploads\/Alubia-con-arroz-sarashpaz-Dayan-scaled.jpeg",2167,2560,false],"thumbnail":["https:\/\/deliciaspersas.com\/wp-content\/uploads\/Alubia-con-arroz-sarashpaz-Dayan-150x150.jpeg",150,150,true],"medium":["https:\/\/deliciaspersas.com\/wp-content\/uploads\/Alubia-con-arroz-sarashpaz-Dayan-254x300.jpeg",254,300,true],"medium_large":["https:\/\/deliciaspersas.com\/wp-content\/uploads\/Alubia-con-arroz-sarashpaz-Dayan-768x907.jpeg",768,907,true],"large":["https:\/\/deliciaspersas.com\/wp-content\/uploads\/Alubia-con-arroz-sarashpaz-Dayan-867x1024.jpeg",867,1024,true],"1536x1536":["https:\/\/deliciaspersas.com\/wp-content\/uploads\/Alubia-con-arroz-sarashpaz-Dayan-1300x1536.jpeg",1300,1536,true],"2048x2048":["https:\/\/deliciaspersas.com\/wp-content\/uploads\/Alubia-con-arroz-sarashpaz-Dayan-1734x2048.jpeg",1734,2048,true],"woocommerce_thumbnail":["https:\/\/deliciaspersas.com\/wp-content\/uploads\/Alubia-con-arroz-sarashpaz-Dayan-300x300.jpeg",300,300,true],"woocommerce_single":["https:\/\/deliciaspersas.com\/wp-content\/uploads\/Alubia-con-arroz-sarashpaz-Dayan-600x709.jpeg",600,709,true],"woocommerce_gallery_thumbnail":["https:\/\/deliciaspersas.com\/wp-content\/uploads\/Alubia-con-arroz-sarashpaz-Dayan-100x100.jpeg",100,100,true]},"uagb_author_info":{"display_name":"admin","author_link":"https:\/\/deliciaspersas.com\/en\/author\/"},"uagb_comment_info":0,"uagb_excerpt":"Arroz y jud\u00edas verdes (Lubia Polow) &#8211; 350g Sar Ashpaz Sin CARNE Arroz y jud\u00edas verdes (Lubia Polow) es uno de los platos iran\u00edes m\u00e1s populares y aut\u00e9nticos, que fue producido por Gilani Food Industry Group de acuerdo con la demanda de los mercados nacionales y extranjeros. El m\u00e9todo de producci\u00f3n y empaque del producto&hellip;","brands":[{"id":199,"name":"Sarashpaz","slug":"sarashpaz"}],"_links":{"self":[{"href":"https:\/\/deliciaspersas.com\/en\/wp-json\/wp\/v2\/product\/11860"}],"collection":[{"href":"https:\/\/deliciaspersas.com\/en\/wp-json\/wp\/v2\/product"}],"about":[{"href":"https:\/\/deliciaspersas.com\/en\/wp-json\/wp\/v2\/types\/product"}],"wp:featuredmedia":[{"embeddable":true,"href":"https:\/\/deliciaspersas.com\/en\/wp-json\/wp\/v2\/media\/17088"}],"wp:attachment":[{"href":"https:\/\/deliciaspersas.com\/en\/wp-json\/wp\/v2\/media?parent=11860"}],"wp:term":[{"taxonomy":"pwb-brand","embeddable":true,"href":"https:\/\/deliciaspersas.com\/en\/wp-json\/wp\/v2\/pwb-brand?post=11860"},{"taxonomy":"product_cat","embeddable":true,"href":"https:\/\/deliciaspersas.com\/en\/wp-json\/wp\/v2\/product_cat?post=11860"},{"taxonomy":"product_tag","embeddable":true,"href":"https:\/\/deliciaspersas.com\/en\/wp-json\/wp\/v2\/product_tag?post=11860"}],"curies":[{"name":"wp","href":"https:\/\/api.w.org\/{rel}","templated":true}]}}