{"id":12404,"date":"2023-10-31T13:24:32","date_gmt":"2023-10-31T12:24:32","guid":{"rendered":"https:\/\/deliciaspersas.com\/?post_type=product&#038;p=12404"},"modified":"2024-07-29T13:53:47","modified_gmt":"2024-07-29T11:53:47","slug":"hierba-seca-de-menta-nana-180g-tiar","status":"publish","type":"product","link":"https:\/\/deliciaspersas.com\/en\/tienda\/especias\/hierba-seca-de-menta-nana-180g-tiar\/","title":{"rendered":"Hierba Seca de Menta Nana 180g- Tiar"},"content":{"rendered":"<h1>Hierba Seca de Menta Nana 180g- Tiar<\/h1>\n<h6>Informaci\u00f3n del producto:<\/h6>\n<p class=\"title\" data-asset-id=\"967547802\">Es habitual acompa\u00f1ar con menta los platillos con legumbres tales como\u00a0garbanzos, habas, lentejas, guisantes, alubias o bien para estofados de carne roja, patatas, queso y pastas.<\/p>\n<h6>Ingredientes y al\u00e9rgenos:<\/h6>\n<p>Hojas de menta.<\/p>\n<h6>Usos:<\/h6>\n<div class=\"step\">\n<div class=\"paragraph\">\n<p>Al tener un sabor m\u00e1s pronunciado, la menta es la que se emplea en pasteler\u00eda, as\u00ed como en sopas, guisos, carnes y pescados. Se puede ingerir fresca, seca o en infusi\u00f3n.<\/p>\n<h6>Beneficios:<\/h6>\n<p>La infusi\u00f3n de menta se utiliza para aliviar las digestiones pesadas debido a su efecto digestivo.<\/p>\n<p>Gracias a su acci\u00f3n carminativa, evita los gases.<\/p>\n<p>Alivia los dolores de cabeza. A<span style=\"font-size: 16px;\">plicar unas gotas de aceite de menta en las sienes y en la nuca es un remedio efectivo contra la cefalea.<\/span><\/p>\n<p><span style=\"font-size: 16px;\">Es un remedio natural muy utilizado en caso de bronquitis, tos o resfriados. Por su acci\u00f3n descongestionante, el mentol ayuda a disminuir la congesti\u00f3n de los pulmones, nariz y garganta. \u00a0Tambi\u00e9n trata la tos y el asma.<\/span><\/p>\n<p>La menta es\u00a0antif\u00fangica por lo que aplicarla de forma t\u00f3pica en forma de aceite esencial o en emplastes, puede\u00a0eliminar los hongos de las u\u00f1as\u00a0y de la piel de forma efectiva.<\/p>\n<p>Puede aliviar los casos de\u00a0dermatitis, eczema y urticaria\u00a0aplic\u00e1ndola de forma t\u00f3pica.<\/p>\n<p>Reduce la inflamaci\u00f3n y el dolor. <span style=\"font-size: 16px;\">Sobre todo en caso de golpes, esguinces, artritis y dolencias cr\u00f3nicas.<\/span><\/p>\n<p>Adem\u00e1s reduce las bacterias en la boca que causan el mal olor.<\/p>\n<p>Mejora la circulaci\u00f3n de la sangre. <span style=\"font-size: 16px;\">Esto se debe a sus<\/span>propiedades anticoagulantes,\u00a0por ello\u00a0alivia<span style=\"font-size: 16px;\">\u00a0el dolor de cabeza, la hinchaz\u00f3n de las piernas, etc.<\/span><\/p>\n<p>Trata infecciones vaginales. <span style=\"font-size: 16px;\">Adem\u00e1s alivia la picaz\u00f3n y el escozor derivados de la infecci\u00f3n.<\/span><\/p>\n<\/div>\n<\/div>\n<h6>Condiciones de conservaci\u00f3n:<\/h6>\n<p>Conservar en un lugar fresco, seco y protegido de la luz.<\/p>\n","protected":false},"excerpt":{"rendered":"<p>Hierba Seca de Menta Nana 180g- Tiar Informaci\u00f3n del producto: Es habitual acompa\u00f1ar con menta los platillos con legumbres tales como\u00a0garbanzos, habas, lentejas, guisantes, alubias o bien para estofados de carne roja, patatas, queso y pastas. Ingredientes y al\u00e9rgenos: Hojas de menta. Usos: Al tener un sabor m\u00e1s pronunciado, la menta es la que se [&hellip;]<\/p>\n","protected":false},"featured_media":12405,"template":"","meta":{"_surecart_dashboard_logo_width":"180px","_surecart_dashboard_show_logo":true,"_surecart_dashboard_navigation_orders":true,"_surecart_dashboard_navigation_invoices":true,"_surecart_dashboard_navigation_subscriptions":true,"_surecart_dashboard_navigation_downloads":true,"_surecart_dashboard_navigation_billing":true,"_surecart_dashboard_navigation_account":true,"_uag_custom_page_level_css":"","site-sidebar-layout":"default","site-content-layout":"default","ast-site-content-layout":"default","site-content-style":"default","site-sidebar-style":"default","ast-global-header-display":"","ast-banner-title-visibility":"","ast-main-header-display":"","ast-hfb-above-header-display":"","ast-hfb-below-header-display":"","ast-hfb-mobile-header-display":"","site-post-title":"","ast-breadcrumbs-content":"","ast-featured-img":"","footer-sml-layout":"","theme-transparent-header-meta":"default","adv-header-id-meta":"","stick-header-meta":"","header-above-stick-meta":"","header-main-stick-meta":"","header-below-stick-meta":"","astra-migrate-meta-layouts":"set","ast-page-background-enabled":"default","ast-page-background-meta":{"desktop":{"background-color":"","background-image":"","background-repeat":"repeat","background-position":"center center","background-size":"auto","background-attachment":"scroll","background-type":"","background-media":"","overlay-type":"","overlay-color":"","overlay-opacity":"","overlay-gradient":""},"tablet":{"background-color":"","background-image":"","background-repeat":"repeat","background-position":"center center","background-size":"auto","background-attachment":"scroll","background-type":"","background-media":"","overlay-type":"","overlay-color":"","overlay-opacity":"","overlay-gradient":""},"mobile":{"background-color":"","background-image":"","background-repeat":"repeat","background-position":"center center","background-size":"auto","background-attachment":"scroll","background-type":"","background-media":"","overlay-type":"","overlay-color":"","overlay-opacity":"","overlay-gradient":""}},"ast-content-background-meta":{"desktop":{"background-color":"var(--ast-global-color-5)","background-image":"","background-repeat":"repeat","background-position":"center center","background-size":"auto","background-attachment":"scroll","background-type":"","background-media":"","overlay-type":"","overlay-color":"","overlay-opacity":"","overlay-gradient":""},"tablet":{"background-color":"var(--ast-global-color-5)","background-image":"","background-repeat":"repeat","background-position":"center center","background-size":"auto","background-attachment":"scroll","background-type":"","background-media":"","overlay-type":"","overlay-color":"","overlay-opacity":"","overlay-gradient":""},"mobile":{"background-color":"var(--ast-global-color-5)","background-image":"","background-repeat":"repeat","background-position":"center center","background-size":"auto","background-attachment":"scroll","background-type":"","background-media":"","overlay-type":"","overlay-color":"","overlay-opacity":"","overlay-gradient":""}}},"pwb-brand":[1199],"product_cat":[32,41,106],"product_tag":[1148,832,1154,467,1153],"class_list":{"0":"post-12404","1":"product","2":"type-product","3":"status-publish","4":"has-post-thumbnail","6":"pwb-brand-tiar","7":"product_cat-especias","8":"product_cat-hierbas","9":"product_cat-nuevos-productos","10":"product_tag-hierbas-secas","11":"product_tag-menta","12":"product_tag-menta-seca","13":"product_tag-467","14":"product_tag-1153","15":"desktop-align-center","16":"tablet-align-center","17":"mobile-align-center","19":"first","20":"outofstock","21":"taxable","22":"shipping-taxable","23":"purchasable","24":"product-type-simple"},"yoast_head":"<!-- This site is optimized with the Yoast SEO plugin v23.6 - https:\/\/yoast.com\/wordpress\/plugins\/seo\/ -->\n<title>Hierba Seca de Menta Nana 180g- Tiar - Delicias Persas<\/title>\n<meta name=\"robots\" content=\"index, follow, max-snippet:-1, max-image-preview:large, max-video-preview:-1\" \/>\n<link rel=\"canonical\" href=\"https:\/\/deliciaspersas.com\/en\/tienda\/especias\/hierba-seca-de-menta-nana-180g-tiar\/\" \/>\n<meta property=\"og:locale\" content=\"en_US\" \/>\n<meta property=\"og:type\" content=\"article\" \/>\n<meta property=\"og:title\" content=\"Hierba Seca de Menta Nana 180g- Tiar - Delicias Persas\" \/>\n<meta property=\"og:description\" content=\"Hierba Seca de Menta Nana 180g- Tiar Informaci\u00f3n del producto: Es habitual acompa\u00f1ar con menta los platillos con legumbres tales como\u00a0garbanzos, habas, lentejas, guisantes, alubias o bien para estofados de carne roja, patatas, queso y pastas. Ingredientes y al\u00e9rgenos: Hojas de menta. Usos: Al tener un sabor m\u00e1s pronunciado, la menta es la que se [&hellip;]\" \/>\n<meta property=\"og:url\" content=\"https:\/\/deliciaspersas.com\/en\/tienda\/especias\/hierba-seca-de-menta-nana-180g-tiar\/\" \/>\n<meta property=\"og:site_name\" content=\"Delicias Persas\" \/>\n<meta property=\"article:publisher\" content=\"https:\/\/www.facebook.com\/Deliciaspersas\" \/>\n<meta property=\"article:modified_time\" content=\"2024-07-29T11:53:47+00:00\" \/>\n<meta property=\"og:image\" content=\"https:\/\/deliciaspersas.com\/wp-content\/uploads\/Sabzi-Sorkh-shode-Nana-180-Tiar.jpg\" \/>\n\t<meta property=\"og:image:width\" content=\"550\" \/>\n\t<meta property=\"og:image:height\" content=\"550\" \/>\n\t<meta property=\"og:image:type\" content=\"image\/jpeg\" \/>\n<meta name=\"twitter:card\" content=\"summary_large_image\" \/>\n<meta name=\"twitter:label1\" content=\"Est. reading time\" \/>\n\t<meta name=\"twitter:data1\" content=\"2 minutes\" \/>\n<script type=\"application\/ld+json\" class=\"yoast-schema-graph\">{\"@context\":\"https:\/\/schema.org\",\"@graph\":[{\"@type\":\"WebPage\",\"@id\":\"https:\/\/deliciaspersas.com\/en\/tienda\/especias\/hierba-seca-de-menta-nana-180g-tiar\/\",\"url\":\"https:\/\/deliciaspersas.com\/en\/tienda\/especias\/hierba-seca-de-menta-nana-180g-tiar\/\",\"name\":\"Hierba Seca de Menta Nana 180g- Tiar - Delicias Persas\",\"isPartOf\":{\"@id\":\"https:\/\/deliciaspersas.com\/en\/#website\"},\"primaryImageOfPage\":{\"@id\":\"https:\/\/deliciaspersas.com\/en\/tienda\/especias\/hierba-seca-de-menta-nana-180g-tiar\/#primaryimage\"},\"image\":{\"@id\":\"https:\/\/deliciaspersas.com\/en\/tienda\/especias\/hierba-seca-de-menta-nana-180g-tiar\/#primaryimage\"},\"thumbnailUrl\":\"https:\/\/deliciaspersas.com\/wp-content\/uploads\/Sabzi-Sorkh-shode-Nana-180-Tiar.jpg\",\"datePublished\":\"2023-10-31T12:24:32+00:00\",\"dateModified\":\"2024-07-29T11:53:47+00:00\",\"breadcrumb\":{\"@id\":\"https:\/\/deliciaspersas.com\/en\/tienda\/especias\/hierba-seca-de-menta-nana-180g-tiar\/#breadcrumb\"},\"inLanguage\":\"en-US\",\"potentialAction\":[{\"@type\":\"ReadAction\",\"target\":[\"https:\/\/deliciaspersas.com\/en\/tienda\/especias\/hierba-seca-de-menta-nana-180g-tiar\/\"]}]},{\"@type\":\"ImageObject\",\"inLanguage\":\"en-US\",\"@id\":\"https:\/\/deliciaspersas.com\/en\/tienda\/especias\/hierba-seca-de-menta-nana-180g-tiar\/#primaryimage\",\"url\":\"https:\/\/deliciaspersas.com\/wp-content\/uploads\/Sabzi-Sorkh-shode-Nana-180-Tiar.jpg\",\"contentUrl\":\"https:\/\/deliciaspersas.com\/wp-content\/uploads\/Sabzi-Sorkh-shode-Nana-180-Tiar.jpg\",\"width\":550,\"height\":550},{\"@type\":\"BreadcrumbList\",\"@id\":\"https:\/\/deliciaspersas.com\/en\/tienda\/especias\/hierba-seca-de-menta-nana-180g-tiar\/#breadcrumb\",\"itemListElement\":[{\"@type\":\"ListItem\",\"position\":1,\"name\":\"Portada\",\"item\":\"https:\/\/deliciaspersas.com\/en\/\"},{\"@type\":\"ListItem\",\"position\":2,\"name\":\"Tienda\",\"item\":\"https:\/\/deliciaspersas.com\/\"},{\"@type\":\"ListItem\",\"position\":3,\"name\":\"Hierba Seca de Menta Nana 180g- Tiar\"}]},{\"@type\":\"WebSite\",\"@id\":\"https:\/\/deliciaspersas.com\/en\/#website\",\"url\":\"https:\/\/deliciaspersas.com\/en\/\",\"name\":\"Delicias Persas\",\"description\":\"Gastronom&iacute;a persa al alcance de tus manos\",\"publisher\":{\"@id\":\"https:\/\/deliciaspersas.com\/en\/#organization\"},\"potentialAction\":[{\"@type\":\"SearchAction\",\"target\":{\"@type\":\"EntryPoint\",\"urlTemplate\":\"https:\/\/deliciaspersas.com\/en\/?s={search_term_string}\"},\"query-input\":{\"@type\":\"PropertyValueSpecification\",\"valueRequired\":true,\"valueName\":\"search_term_string\"}}],\"inLanguage\":\"en-US\"},{\"@type\":\"Organization\",\"@id\":\"https:\/\/deliciaspersas.com\/en\/#organization\",\"name\":\"Delicias Persas\",\"url\":\"https:\/\/deliciaspersas.com\/en\/\",\"logo\":{\"@type\":\"ImageObject\",\"inLanguage\":\"en-US\",\"@id\":\"https:\/\/deliciaspersas.com\/en\/#\/schema\/logo\/image\/\",\"url\":\"https:\/\/deliciaspersas.com\/wp-content\/uploads\/2020\/07\/logo-2020.png\",\"contentUrl\":\"https:\/\/deliciaspersas.com\/wp-content\/uploads\/2020\/07\/logo-2020.png\",\"width\":520,\"height\":490,\"caption\":\"Delicias Persas\"},\"image\":{\"@id\":\"https:\/\/deliciaspersas.com\/en\/#\/schema\/logo\/image\/\"},\"sameAs\":[\"https:\/\/www.facebook.com\/Deliciaspersas\",\"https:\/\/www.instagram.com\/delicias_persas\/\",\"https:\/\/www.linkedin.com\/delicias-persas\"]}]}<\/script>\n<!-- \/ Yoast SEO plugin. -->","yoast_head_json":{"title":"Hierba Seca de Menta Nana 180g- Tiar - Delicias Persas","robots":{"index":"index","follow":"follow","max-snippet":"max-snippet:-1","max-image-preview":"max-image-preview:large","max-video-preview":"max-video-preview:-1"},"canonical":"https:\/\/deliciaspersas.com\/en\/tienda\/especias\/hierba-seca-de-menta-nana-180g-tiar\/","og_locale":"en_US","og_type":"article","og_title":"Hierba Seca de Menta Nana 180g- Tiar - Delicias Persas","og_description":"Hierba Seca de Menta Nana 180g- Tiar Informaci\u00f3n del producto: Es habitual acompa\u00f1ar con menta los platillos con legumbres tales como\u00a0garbanzos, habas, lentejas, guisantes, alubias o bien para estofados de carne roja, patatas, queso y pastas. Ingredientes y al\u00e9rgenos: Hojas de menta. Usos: Al tener un sabor m\u00e1s pronunciado, la menta es la que se [&hellip;]","og_url":"https:\/\/deliciaspersas.com\/en\/tienda\/especias\/hierba-seca-de-menta-nana-180g-tiar\/","og_site_name":"Delicias Persas","article_publisher":"https:\/\/www.facebook.com\/Deliciaspersas","article_modified_time":"2024-07-29T11:53:47+00:00","og_image":[{"width":550,"height":550,"url":"https:\/\/deliciaspersas.com\/wp-content\/uploads\/Sabzi-Sorkh-shode-Nana-180-Tiar.jpg","type":"image\/jpeg"}],"twitter_card":"summary_large_image","twitter_misc":{"Est. reading time":"2 minutes"},"schema":{"@context":"https:\/\/schema.org","@graph":[{"@type":"WebPage","@id":"https:\/\/deliciaspersas.com\/en\/tienda\/especias\/hierba-seca-de-menta-nana-180g-tiar\/","url":"https:\/\/deliciaspersas.com\/en\/tienda\/especias\/hierba-seca-de-menta-nana-180g-tiar\/","name":"Hierba Seca de Menta Nana 180g- Tiar - Delicias Persas","isPartOf":{"@id":"https:\/\/deliciaspersas.com\/en\/#website"},"primaryImageOfPage":{"@id":"https:\/\/deliciaspersas.com\/en\/tienda\/especias\/hierba-seca-de-menta-nana-180g-tiar\/#primaryimage"},"image":{"@id":"https:\/\/deliciaspersas.com\/en\/tienda\/especias\/hierba-seca-de-menta-nana-180g-tiar\/#primaryimage"},"thumbnailUrl":"https:\/\/deliciaspersas.com\/wp-content\/uploads\/Sabzi-Sorkh-shode-Nana-180-Tiar.jpg","datePublished":"2023-10-31T12:24:32+00:00","dateModified":"2024-07-29T11:53:47+00:00","breadcrumb":{"@id":"https:\/\/deliciaspersas.com\/en\/tienda\/especias\/hierba-seca-de-menta-nana-180g-tiar\/#breadcrumb"},"inLanguage":"en-US","potentialAction":[{"@type":"ReadAction","target":["https:\/\/deliciaspersas.com\/en\/tienda\/especias\/hierba-seca-de-menta-nana-180g-tiar\/"]}]},{"@type":"ImageObject","inLanguage":"en-US","@id":"https:\/\/deliciaspersas.com\/en\/tienda\/especias\/hierba-seca-de-menta-nana-180g-tiar\/#primaryimage","url":"https:\/\/deliciaspersas.com\/wp-content\/uploads\/Sabzi-Sorkh-shode-Nana-180-Tiar.jpg","contentUrl":"https:\/\/deliciaspersas.com\/wp-content\/uploads\/Sabzi-Sorkh-shode-Nana-180-Tiar.jpg","width":550,"height":550},{"@type":"BreadcrumbList","@id":"https:\/\/deliciaspersas.com\/en\/tienda\/especias\/hierba-seca-de-menta-nana-180g-tiar\/#breadcrumb","itemListElement":[{"@type":"ListItem","position":1,"name":"Portada","item":"https:\/\/deliciaspersas.com\/en\/"},{"@type":"ListItem","position":2,"name":"Tienda","item":"https:\/\/deliciaspersas.com\/"},{"@type":"ListItem","position":3,"name":"Hierba Seca de Menta Nana 180g- Tiar"}]},{"@type":"WebSite","@id":"https:\/\/deliciaspersas.com\/en\/#website","url":"https:\/\/deliciaspersas.com\/en\/","name":"Delicias Persas","description":"Gastronom&iacute;a persa al alcance de tus manos","publisher":{"@id":"https:\/\/deliciaspersas.com\/en\/#organization"},"potentialAction":[{"@type":"SearchAction","target":{"@type":"EntryPoint","urlTemplate":"https:\/\/deliciaspersas.com\/en\/?s={search_term_string}"},"query-input":{"@type":"PropertyValueSpecification","valueRequired":true,"valueName":"search_term_string"}}],"inLanguage":"en-US"},{"@type":"Organization","@id":"https:\/\/deliciaspersas.com\/en\/#organization","name":"Delicias Persas","url":"https:\/\/deliciaspersas.com\/en\/","logo":{"@type":"ImageObject","inLanguage":"en-US","@id":"https:\/\/deliciaspersas.com\/en\/#\/schema\/logo\/image\/","url":"https:\/\/deliciaspersas.com\/wp-content\/uploads\/2020\/07\/logo-2020.png","contentUrl":"https:\/\/deliciaspersas.com\/wp-content\/uploads\/2020\/07\/logo-2020.png","width":520,"height":490,"caption":"Delicias Persas"},"image":{"@id":"https:\/\/deliciaspersas.com\/en\/#\/schema\/logo\/image\/"},"sameAs":["https:\/\/www.facebook.com\/Deliciaspersas","https:\/\/www.instagram.com\/delicias_persas\/","https:\/\/www.linkedin.com\/delicias-persas"]}]}},"uagb_featured_image_src":{"full":["https:\/\/deliciaspersas.com\/wp-content\/uploads\/Sabzi-Sorkh-shode-Nana-180-Tiar.jpg",550,550,false],"thumbnail":["https:\/\/deliciaspersas.com\/wp-content\/uploads\/Sabzi-Sorkh-shode-Nana-180-Tiar-150x150.jpg",150,150,true],"medium":["https:\/\/deliciaspersas.com\/wp-content\/uploads\/Sabzi-Sorkh-shode-Nana-180-Tiar-300x300.jpg",300,300,true],"medium_large":["https:\/\/deliciaspersas.com\/wp-content\/uploads\/Sabzi-Sorkh-shode-Nana-180-Tiar.jpg",550,550,false],"large":["https:\/\/deliciaspersas.com\/wp-content\/uploads\/Sabzi-Sorkh-shode-Nana-180-Tiar.jpg",550,550,false],"1536x1536":["https:\/\/deliciaspersas.com\/wp-content\/uploads\/Sabzi-Sorkh-shode-Nana-180-Tiar.jpg",550,550,false],"2048x2048":["https:\/\/deliciaspersas.com\/wp-content\/uploads\/Sabzi-Sorkh-shode-Nana-180-Tiar.jpg",550,550,false],"woocommerce_thumbnail":["https:\/\/deliciaspersas.com\/wp-content\/uploads\/Sabzi-Sorkh-shode-Nana-180-Tiar-300x300.jpg",300,300,true],"woocommerce_single":["https:\/\/deliciaspersas.com\/wp-content\/uploads\/Sabzi-Sorkh-shode-Nana-180-Tiar.jpg",550,550,false],"woocommerce_gallery_thumbnail":["https:\/\/deliciaspersas.com\/wp-content\/uploads\/Sabzi-Sorkh-shode-Nana-180-Tiar-100x100.jpg",100,100,true]},"uagb_author_info":{"display_name":"admin","author_link":"https:\/\/deliciaspersas.com\/en\/author\/"},"uagb_comment_info":0,"uagb_excerpt":"Hierba Seca de Menta Nana 180g- Tiar Informaci\u00f3n del producto: Es habitual acompa\u00f1ar con menta los platillos con legumbres tales como\u00a0garbanzos, habas, lentejas, guisantes, alubias o bien para estofados de carne roja, patatas, queso y pastas. Ingredientes y al\u00e9rgenos: Hojas de menta. Usos: Al tener un sabor m\u00e1s pronunciado, la menta es la que se&hellip;","brands":[{"id":1199,"name":"Tiar","slug":"tiar"}],"_links":{"self":[{"href":"https:\/\/deliciaspersas.com\/en\/wp-json\/wp\/v2\/product\/12404"}],"collection":[{"href":"https:\/\/deliciaspersas.com\/en\/wp-json\/wp\/v2\/product"}],"about":[{"href":"https:\/\/deliciaspersas.com\/en\/wp-json\/wp\/v2\/types\/product"}],"wp:featuredmedia":[{"embeddable":true,"href":"https:\/\/deliciaspersas.com\/en\/wp-json\/wp\/v2\/media\/12405"}],"wp:attachment":[{"href":"https:\/\/deliciaspersas.com\/en\/wp-json\/wp\/v2\/media?parent=12404"}],"wp:term":[{"taxonomy":"pwb-brand","embeddable":true,"href":"https:\/\/deliciaspersas.com\/en\/wp-json\/wp\/v2\/pwb-brand?post=12404"},{"taxonomy":"product_cat","embeddable":true,"href":"https:\/\/deliciaspersas.com\/en\/wp-json\/wp\/v2\/product_cat?post=12404"},{"taxonomy":"product_tag","embeddable":true,"href":"https:\/\/deliciaspersas.com\/en\/wp-json\/wp\/v2\/product_tag?post=12404"}],"curies":[{"name":"wp","href":"https:\/\/api.w.org\/{rel}","templated":true}]}}