{"id":12417,"date":"2023-11-02T18:01:25","date_gmt":"2023-11-02T17:01:25","guid":{"rendered":"https:\/\/deliciaspersas.com\/?post_type=product&#038;p=12417"},"modified":"2025-06-17T11:13:45","modified_gmt":"2025-06-17T09:13:45","slug":"datil-en-ramas-natural-desecado-khorma-1kg","status":"publish","type":"product","link":"https:\/\/deliciaspersas.com\/en\/tienda\/delicias-dulces\/datil-en-ramas-natural-desecado-khorma-1kg\/","title":{"rendered":"D\u00e1til en ramas Natural Desecado (Khorma) 1kg"},"content":{"rendered":"<h1>D\u00e1til en ramas Natural Desecado (Khorma) 1kg<\/h1>\n<div id=\"short_description_block\">\n<div id=\"short_description_content\" class=\"rte align_justify\">\n<p>El d\u00e1til\u00a0<strong>Deglet Nour\u00a0<\/strong>\u00a0significa &#8220;dedo de luz&#8221;. Hace referencia a una de las 300 variedades de d\u00e1tiles existentes. Se dice de \u00e9l que es el &#8220;rey de los d\u00e1tiles&#8221; o &#8220;un sol en miniatura&#8221; por su color dorado, translucido y brillante.<\/p>\n<p>Su sabor es dulce y ligeramente meloso.<\/p>\n<p>Origen: T\u00fanez\/Espa\u00f1a<\/p>\n<\/div>\n<\/div>\n","protected":false},"excerpt":{"rendered":"<p>D\u00e1til en ramas Natural Desecado (Khorma) 1kg El d\u00e1til\u00a0Deglet Nour\u00a0\u00a0significa &#8220;dedo de luz&#8221;. Hace referencia a una de las 300 variedades de d\u00e1tiles existentes. Se dice de \u00e9l que es el &#8220;rey de los d\u00e1tiles&#8221; o &#8220;un sol en miniatura&#8221; por su color dorado, translucido y brillante. Su sabor es dulce y ligeramente meloso. Origen: [&hellip;]<\/p>\n","protected":false},"featured_media":12427,"template":"","meta":{"_surecart_dashboard_logo_width":"180px","_surecart_dashboard_show_logo":true,"_surecart_dashboard_navigation_orders":true,"_surecart_dashboard_navigation_invoices":true,"_surecart_dashboard_navigation_subscriptions":true,"_surecart_dashboard_navigation_downloads":true,"_surecart_dashboard_navigation_billing":true,"_surecart_dashboard_navigation_account":true,"_uag_custom_page_level_css":"","site-sidebar-layout":"default","site-content-layout":"default","ast-site-content-layout":"default","site-content-style":"default","site-sidebar-style":"default","ast-global-header-display":"","ast-banner-title-visibility":"","ast-main-header-display":"","ast-hfb-above-header-display":"","ast-hfb-below-header-display":"","ast-hfb-mobile-header-display":"","site-post-title":"","ast-breadcrumbs-content":"","ast-featured-img":"","footer-sml-layout":"","theme-transparent-header-meta":"default","adv-header-id-meta":"","stick-header-meta":"","header-above-stick-meta":"","header-main-stick-meta":"","header-below-stick-meta":"","astra-migrate-meta-layouts":"set","ast-page-background-enabled":"default","ast-page-background-meta":{"desktop":{"background-color":"","background-image":"","background-repeat":"repeat","background-position":"center center","background-size":"auto","background-attachment":"scroll","background-type":"","background-media":"","overlay-type":"","overlay-color":"","overlay-opacity":"","overlay-gradient":""},"tablet":{"background-color":"","background-image":"","background-repeat":"repeat","background-position":"center center","background-size":"auto","background-attachment":"scroll","background-type":"","background-media":"","overlay-type":"","overlay-color":"","overlay-opacity":"","overlay-gradient":""},"mobile":{"background-color":"","background-image":"","background-repeat":"repeat","background-position":"center center","background-size":"auto","background-attachment":"scroll","background-type":"","background-media":"","overlay-type":"","overlay-color":"","overlay-opacity":"","overlay-gradient":""}},"ast-content-background-meta":{"desktop":{"background-color":"var(--ast-global-color-5)","background-image":"","background-repeat":"repeat","background-position":"center center","background-size":"auto","background-attachment":"scroll","background-type":"","background-media":"","overlay-type":"","overlay-color":"","overlay-opacity":"","overlay-gradient":""},"tablet":{"background-color":"var(--ast-global-color-5)","background-image":"","background-repeat":"repeat","background-position":"center center","background-size":"auto","background-attachment":"scroll","background-type":"","background-media":"","overlay-type":"","overlay-color":"","overlay-opacity":"","overlay-gradient":""},"mobile":{"background-color":"var(--ast-global-color-5)","background-image":"","background-repeat":"repeat","background-position":"center center","background-size":"auto","background-attachment":"scroll","background-type":"","background-media":"","overlay-type":"","overlay-color":"","overlay-opacity":"","overlay-gradient":""}}},"pwb-brand":[],"product_cat":[31,36,106],"product_tag":[917,764,1021],"class_list":{"0":"post-12417","1":"product","2":"type-product","3":"status-publish","4":"has-post-thumbnail","6":"product_cat-delicias-dulces","7":"product_cat-desayuno","8":"product_cat-nuevos-productos","9":"product_tag-datiles","10":"product_tag-dulce","11":"product_tag-1021","12":"desktop-align-center","13":"tablet-align-center","14":"mobile-align-center","16":"first","17":"instock","18":"taxable","19":"shipping-taxable","20":"purchasable","21":"product-type-simple"},"yoast_head":"<!-- This site is optimized with the Yoast SEO plugin v23.6 - https:\/\/yoast.com\/wordpress\/plugins\/seo\/ -->\n<title>D\u00e1til en ramas Natural Desecado (Khorma) 1kg - Delicias Persas<\/title>\n<meta name=\"description\" content=\"Los datiles mazafati son una delica que se pueden tomar solos, o como complemento. Adem\u00e1s son una fuente de vitaminas, mine...\" \/>\n<meta name=\"robots\" content=\"index, follow, max-snippet:-1, max-image-preview:large, max-video-preview:-1\" \/>\n<link rel=\"canonical\" href=\"https:\/\/deliciaspersas.com\/en\/tienda\/delicias-dulces\/datil-en-ramas-natural-desecado-khorma-1kg\/\" \/>\n<meta property=\"og:locale\" content=\"en_US\" \/>\n<meta property=\"og:type\" content=\"article\" \/>\n<meta property=\"og:title\" content=\"D\u00e1til en ramas Natural Desecado (Khorma) 1kg - Delicias Persas\" \/>\n<meta property=\"og:description\" content=\"Los datiles mazafati son una delica que se pueden tomar solos, o como complemento. Adem\u00e1s son una fuente de vitaminas, mine...\" \/>\n<meta property=\"og:url\" content=\"https:\/\/deliciaspersas.com\/en\/tienda\/delicias-dulces\/datil-en-ramas-natural-desecado-khorma-1kg\/\" \/>\n<meta property=\"og:site_name\" content=\"Delicias Persas\" \/>\n<meta property=\"article:publisher\" content=\"https:\/\/www.facebook.com\/Deliciaspersas\" \/>\n<meta property=\"article:modified_time\" content=\"2025-06-17T09:13:45+00:00\" \/>\n<meta property=\"og:image\" content=\"https:\/\/deliciaspersas.com\/wp-content\/uploads\/Datiles-en-rama.png\" \/>\n\t<meta property=\"og:image:width\" content=\"600\" \/>\n\t<meta property=\"og:image:height\" content=\"600\" \/>\n\t<meta property=\"og:image:type\" content=\"image\/png\" \/>\n<meta name=\"twitter:card\" content=\"summary_large_image\" \/>\n<meta name=\"twitter:label1\" content=\"Est. reading time\" \/>\n\t<meta name=\"twitter:data1\" content=\"1 minute\" \/>\n<script type=\"application\/ld+json\" class=\"yoast-schema-graph\">{\"@context\":\"https:\/\/schema.org\",\"@graph\":[{\"@type\":\"WebPage\",\"@id\":\"https:\/\/deliciaspersas.com\/en\/tienda\/delicias-dulces\/datil-en-ramas-natural-desecado-khorma-1kg\/\",\"url\":\"https:\/\/deliciaspersas.com\/en\/tienda\/delicias-dulces\/datil-en-ramas-natural-desecado-khorma-1kg\/\",\"name\":\"D\u00e1til en ramas Natural Desecado (Khorma) 1kg - Delicias Persas\",\"isPartOf\":{\"@id\":\"https:\/\/deliciaspersas.com\/en\/#website\"},\"primaryImageOfPage\":{\"@id\":\"https:\/\/deliciaspersas.com\/en\/tienda\/delicias-dulces\/datil-en-ramas-natural-desecado-khorma-1kg\/#primaryimage\"},\"image\":{\"@id\":\"https:\/\/deliciaspersas.com\/en\/tienda\/delicias-dulces\/datil-en-ramas-natural-desecado-khorma-1kg\/#primaryimage\"},\"thumbnailUrl\":\"https:\/\/deliciaspersas.com\/wp-content\/uploads\/Datiles-en-rama.png\",\"datePublished\":\"2023-11-02T17:01:25+00:00\",\"dateModified\":\"2025-06-17T09:13:45+00:00\",\"description\":\"Los datiles mazafati son una delica que se pueden tomar solos, o como complemento. Adem\u00e1s son una fuente de vitaminas, mine...\",\"breadcrumb\":{\"@id\":\"https:\/\/deliciaspersas.com\/en\/tienda\/delicias-dulces\/datil-en-ramas-natural-desecado-khorma-1kg\/#breadcrumb\"},\"inLanguage\":\"en-US\",\"potentialAction\":[{\"@type\":\"ReadAction\",\"target\":[\"https:\/\/deliciaspersas.com\/en\/tienda\/delicias-dulces\/datil-en-ramas-natural-desecado-khorma-1kg\/\"]}]},{\"@type\":\"ImageObject\",\"inLanguage\":\"en-US\",\"@id\":\"https:\/\/deliciaspersas.com\/en\/tienda\/delicias-dulces\/datil-en-ramas-natural-desecado-khorma-1kg\/#primaryimage\",\"url\":\"https:\/\/deliciaspersas.com\/wp-content\/uploads\/Datiles-en-rama.png\",\"contentUrl\":\"https:\/\/deliciaspersas.com\/wp-content\/uploads\/Datiles-en-rama.png\",\"width\":600,\"height\":600},{\"@type\":\"BreadcrumbList\",\"@id\":\"https:\/\/deliciaspersas.com\/en\/tienda\/delicias-dulces\/datil-en-ramas-natural-desecado-khorma-1kg\/#breadcrumb\",\"itemListElement\":[{\"@type\":\"ListItem\",\"position\":1,\"name\":\"Portada\",\"item\":\"https:\/\/deliciaspersas.com\/en\/\"},{\"@type\":\"ListItem\",\"position\":2,\"name\":\"Tienda\",\"item\":\"https:\/\/deliciaspersas.com\/\"},{\"@type\":\"ListItem\",\"position\":3,\"name\":\"D\u00e1til en ramas Natural Desecado (Khorma) 1kg\"}]},{\"@type\":\"WebSite\",\"@id\":\"https:\/\/deliciaspersas.com\/en\/#website\",\"url\":\"https:\/\/deliciaspersas.com\/en\/\",\"name\":\"Delicias Persas\",\"description\":\"Gastronom&iacute;a persa al alcance de tus manos\",\"publisher\":{\"@id\":\"https:\/\/deliciaspersas.com\/en\/#organization\"},\"potentialAction\":[{\"@type\":\"SearchAction\",\"target\":{\"@type\":\"EntryPoint\",\"urlTemplate\":\"https:\/\/deliciaspersas.com\/en\/?s={search_term_string}\"},\"query-input\":{\"@type\":\"PropertyValueSpecification\",\"valueRequired\":true,\"valueName\":\"search_term_string\"}}],\"inLanguage\":\"en-US\"},{\"@type\":\"Organization\",\"@id\":\"https:\/\/deliciaspersas.com\/en\/#organization\",\"name\":\"Delicias Persas\",\"url\":\"https:\/\/deliciaspersas.com\/en\/\",\"logo\":{\"@type\":\"ImageObject\",\"inLanguage\":\"en-US\",\"@id\":\"https:\/\/deliciaspersas.com\/en\/#\/schema\/logo\/image\/\",\"url\":\"https:\/\/deliciaspersas.com\/wp-content\/uploads\/2020\/07\/logo-2020.png\",\"contentUrl\":\"https:\/\/deliciaspersas.com\/wp-content\/uploads\/2020\/07\/logo-2020.png\",\"width\":520,\"height\":490,\"caption\":\"Delicias Persas\"},\"image\":{\"@id\":\"https:\/\/deliciaspersas.com\/en\/#\/schema\/logo\/image\/\"},\"sameAs\":[\"https:\/\/www.facebook.com\/Deliciaspersas\",\"https:\/\/www.instagram.com\/delicias_persas\/\",\"https:\/\/www.linkedin.com\/delicias-persas\"]}]}<\/script>\n<!-- \/ Yoast SEO plugin. -->","yoast_head_json":{"title":"D\u00e1til en ramas Natural Desecado (Khorma) 1kg - Delicias Persas","description":"Los datiles mazafati son una delica que se pueden tomar solos, o como complemento. Adem\u00e1s son una fuente de vitaminas, mine...","robots":{"index":"index","follow":"follow","max-snippet":"max-snippet:-1","max-image-preview":"max-image-preview:large","max-video-preview":"max-video-preview:-1"},"canonical":"https:\/\/deliciaspersas.com\/en\/tienda\/delicias-dulces\/datil-en-ramas-natural-desecado-khorma-1kg\/","og_locale":"en_US","og_type":"article","og_title":"D\u00e1til en ramas Natural Desecado (Khorma) 1kg - Delicias Persas","og_description":"Los datiles mazafati son una delica que se pueden tomar solos, o como complemento. Adem\u00e1s son una fuente de vitaminas, mine...","og_url":"https:\/\/deliciaspersas.com\/en\/tienda\/delicias-dulces\/datil-en-ramas-natural-desecado-khorma-1kg\/","og_site_name":"Delicias Persas","article_publisher":"https:\/\/www.facebook.com\/Deliciaspersas","article_modified_time":"2025-06-17T09:13:45+00:00","og_image":[{"width":600,"height":600,"url":"https:\/\/deliciaspersas.com\/wp-content\/uploads\/Datiles-en-rama.png","type":"image\/png"}],"twitter_card":"summary_large_image","twitter_misc":{"Est. reading time":"1 minute"},"schema":{"@context":"https:\/\/schema.org","@graph":[{"@type":"WebPage","@id":"https:\/\/deliciaspersas.com\/en\/tienda\/delicias-dulces\/datil-en-ramas-natural-desecado-khorma-1kg\/","url":"https:\/\/deliciaspersas.com\/en\/tienda\/delicias-dulces\/datil-en-ramas-natural-desecado-khorma-1kg\/","name":"D\u00e1til en ramas Natural Desecado (Khorma) 1kg - Delicias Persas","isPartOf":{"@id":"https:\/\/deliciaspersas.com\/en\/#website"},"primaryImageOfPage":{"@id":"https:\/\/deliciaspersas.com\/en\/tienda\/delicias-dulces\/datil-en-ramas-natural-desecado-khorma-1kg\/#primaryimage"},"image":{"@id":"https:\/\/deliciaspersas.com\/en\/tienda\/delicias-dulces\/datil-en-ramas-natural-desecado-khorma-1kg\/#primaryimage"},"thumbnailUrl":"https:\/\/deliciaspersas.com\/wp-content\/uploads\/Datiles-en-rama.png","datePublished":"2023-11-02T17:01:25+00:00","dateModified":"2025-06-17T09:13:45+00:00","description":"Los datiles mazafati son una delica que se pueden tomar solos, o como complemento. Adem\u00e1s son una fuente de vitaminas, mine...","breadcrumb":{"@id":"https:\/\/deliciaspersas.com\/en\/tienda\/delicias-dulces\/datil-en-ramas-natural-desecado-khorma-1kg\/#breadcrumb"},"inLanguage":"en-US","potentialAction":[{"@type":"ReadAction","target":["https:\/\/deliciaspersas.com\/en\/tienda\/delicias-dulces\/datil-en-ramas-natural-desecado-khorma-1kg\/"]}]},{"@type":"ImageObject","inLanguage":"en-US","@id":"https:\/\/deliciaspersas.com\/en\/tienda\/delicias-dulces\/datil-en-ramas-natural-desecado-khorma-1kg\/#primaryimage","url":"https:\/\/deliciaspersas.com\/wp-content\/uploads\/Datiles-en-rama.png","contentUrl":"https:\/\/deliciaspersas.com\/wp-content\/uploads\/Datiles-en-rama.png","width":600,"height":600},{"@type":"BreadcrumbList","@id":"https:\/\/deliciaspersas.com\/en\/tienda\/delicias-dulces\/datil-en-ramas-natural-desecado-khorma-1kg\/#breadcrumb","itemListElement":[{"@type":"ListItem","position":1,"name":"Portada","item":"https:\/\/deliciaspersas.com\/en\/"},{"@type":"ListItem","position":2,"name":"Tienda","item":"https:\/\/deliciaspersas.com\/"},{"@type":"ListItem","position":3,"name":"D\u00e1til en ramas Natural Desecado (Khorma) 1kg"}]},{"@type":"WebSite","@id":"https:\/\/deliciaspersas.com\/en\/#website","url":"https:\/\/deliciaspersas.com\/en\/","name":"Delicias Persas","description":"Gastronom&iacute;a persa al alcance de tus manos","publisher":{"@id":"https:\/\/deliciaspersas.com\/en\/#organization"},"potentialAction":[{"@type":"SearchAction","target":{"@type":"EntryPoint","urlTemplate":"https:\/\/deliciaspersas.com\/en\/?s={search_term_string}"},"query-input":{"@type":"PropertyValueSpecification","valueRequired":true,"valueName":"search_term_string"}}],"inLanguage":"en-US"},{"@type":"Organization","@id":"https:\/\/deliciaspersas.com\/en\/#organization","name":"Delicias Persas","url":"https:\/\/deliciaspersas.com\/en\/","logo":{"@type":"ImageObject","inLanguage":"en-US","@id":"https:\/\/deliciaspersas.com\/en\/#\/schema\/logo\/image\/","url":"https:\/\/deliciaspersas.com\/wp-content\/uploads\/2020\/07\/logo-2020.png","contentUrl":"https:\/\/deliciaspersas.com\/wp-content\/uploads\/2020\/07\/logo-2020.png","width":520,"height":490,"caption":"Delicias Persas"},"image":{"@id":"https:\/\/deliciaspersas.com\/en\/#\/schema\/logo\/image\/"},"sameAs":["https:\/\/www.facebook.com\/Deliciaspersas","https:\/\/www.instagram.com\/delicias_persas\/","https:\/\/www.linkedin.com\/delicias-persas"]}]}},"uagb_featured_image_src":{"full":["https:\/\/deliciaspersas.com\/wp-content\/uploads\/Datiles-en-rama.png",600,600,false],"thumbnail":["https:\/\/deliciaspersas.com\/wp-content\/uploads\/Datiles-en-rama-150x150.png",150,150,true],"medium":["https:\/\/deliciaspersas.com\/wp-content\/uploads\/Datiles-en-rama-300x300.png",300,300,true],"medium_large":["https:\/\/deliciaspersas.com\/wp-content\/uploads\/Datiles-en-rama.png",600,600,false],"large":["https:\/\/deliciaspersas.com\/wp-content\/uploads\/Datiles-en-rama.png",600,600,false],"1536x1536":["https:\/\/deliciaspersas.com\/wp-content\/uploads\/Datiles-en-rama.png",600,600,false],"2048x2048":["https:\/\/deliciaspersas.com\/wp-content\/uploads\/Datiles-en-rama.png",600,600,false],"woocommerce_thumbnail":["https:\/\/deliciaspersas.com\/wp-content\/uploads\/Datiles-en-rama-300x300.png",300,300,true],"woocommerce_single":["https:\/\/deliciaspersas.com\/wp-content\/uploads\/Datiles-en-rama.png",600,600,false],"woocommerce_gallery_thumbnail":["https:\/\/deliciaspersas.com\/wp-content\/uploads\/Datiles-en-rama-100x100.png",100,100,true]},"uagb_author_info":{"display_name":"admin","author_link":"https:\/\/deliciaspersas.com\/en\/author\/"},"uagb_comment_info":0,"uagb_excerpt":"D\u00e1til en ramas Natural Desecado (Khorma) 1kg El d\u00e1til\u00a0Deglet Nour\u00a0\u00a0significa &#8220;dedo de luz&#8221;. Hace referencia a una de las 300 variedades de d\u00e1tiles existentes. Se dice de \u00e9l que es el &#8220;rey de los d\u00e1tiles&#8221; o &#8220;un sol en miniatura&#8221; por su color dorado, translucido y brillante. Su sabor es dulce y ligeramente meloso. Origen:&hellip;","brands":[],"_links":{"self":[{"href":"https:\/\/deliciaspersas.com\/en\/wp-json\/wp\/v2\/product\/12417"}],"collection":[{"href":"https:\/\/deliciaspersas.com\/en\/wp-json\/wp\/v2\/product"}],"about":[{"href":"https:\/\/deliciaspersas.com\/en\/wp-json\/wp\/v2\/types\/product"}],"wp:featuredmedia":[{"embeddable":true,"href":"https:\/\/deliciaspersas.com\/en\/wp-json\/wp\/v2\/media\/12427"}],"wp:attachment":[{"href":"https:\/\/deliciaspersas.com\/en\/wp-json\/wp\/v2\/media?parent=12417"}],"wp:term":[{"taxonomy":"pwb-brand","embeddable":true,"href":"https:\/\/deliciaspersas.com\/en\/wp-json\/wp\/v2\/pwb-brand?post=12417"},{"taxonomy":"product_cat","embeddable":true,"href":"https:\/\/deliciaspersas.com\/en\/wp-json\/wp\/v2\/product_cat?post=12417"},{"taxonomy":"product_tag","embeddable":true,"href":"https:\/\/deliciaspersas.com\/en\/wp-json\/wp\/v2\/product_tag?post=12417"}],"curies":[{"name":"wp","href":"https:\/\/api.w.org\/{rel}","templated":true}]}}