{"id":12512,"date":"2023-11-09T13:04:37","date_gmt":"2023-11-09T12:04:37","guid":{"rendered":"https:\/\/deliciaspersas.com\/?post_type=product&#038;p=12512"},"modified":"2026-02-18T16:24:16","modified_gmt":"2026-02-18T15:24:16","slug":"zumo-de-cereza-agria-1l-sanich","status":"publish","type":"product","link":"https:\/\/deliciaspersas.com\/en\/tienda\/bebidas\/zumo-de-cereza-agria-1l-sanich\/","title":{"rendered":"Zumo de cereza agria 1L Sanich"},"content":{"rendered":"<h1>Zumo de cereza agria 1L Sanich<\/h1>\n<h6>Informaci\u00f3n del producto:<\/h6>\n<p class=\"title\" data-asset-id=\"967547802\">El Sirope de cereza agria, totalmente natural.<\/p>\n<h6>Usos:<\/h6>\n<p>Podr\u00e1s hacer bebidas refrescantes, mezcla a gusto con abundante agua! No te olvides del hielo!<\/p>\n<h6>Beneficios:<\/h6>\n<p>Las cerezas son una fruta de verano con un gran poder antioxidante y con una composici\u00f3n nutricional que aporta muchos beneficios a nuestra salud. Es aconsejable consumir las cerezas bien maduras, cuando lucen un rojo intenso, y no s\u00f3lo porque resultan m\u00e1s dulces, si no porque los nutrientes est\u00e1n m\u00e1s concentrados.<\/p>\n<p class=\"paragraph\" data-gtm-element-container=\"modulo-texto-link\">Las cerezas se usan como un depurativo intestinal desde hace siglos. Ayudan a eliminar toxinas, y esto es debido a que los pigmentos que les dan su color morado son las antocianinas.<\/p>\n<p class=\"paragraph\" data-gtm-element-container=\"modulo-texto-link\">Las antocianinas que contienen las cerezas son unos antioxidantes muy poderosos. Seg\u00fan unos estudios realizados en la Universidad de Arizona, las cerezas son la fruta que concentra mayor cantidad de flavonoides.<\/p>\n<p class=\"paragraph\" data-gtm-element-container=\"modulo-texto-link\">Las antocianinas, pueden reducir la inflamaci\u00f3n y los s\u00edntomas de la artritis y la gota. Debido a sus propiedades anti inflamatorias, las cerezas se aconsejan para combatir el dolor de tendones y m\u00fasculos .<\/p>\n<p class=\"paragraph\" data-gtm-element-container=\"modulo-texto-link\">Las cerezas son uno de los pocos alimentos que contienen melatonina, un antioxidante que ayuda a regular el ritmo card\u00edaco y los ciclos de sue\u00f1o del cuerpo. Adem\u00e1m las cerezas como parte de los alimentos beneficiosos para la memoria gracias a sus antioxidantes.<\/p>\n<p class=\"paragraph\" data-gtm-element-container=\"modulo-texto-link\">Entre los m\u00faltiples beneficios de las cerezas, tambi\u00e9n destaca que ayudan a combatir el estre\u00f1imiento, a regular los niveles de az\u00facar en sangre; fortalecen el sistema inmunol\u00f3gico; reducen la acumulaci\u00f3n de gases intestinales y malestares digestivos; ayudan a relajar y calmar el estado de \u00e1nimo\u2026 As\u00ed que se trata de una fruta realmente saludable que vale la pena incluir en nuestra alimentaci\u00f3n.<\/p>\n<h6>Ingredientes y al\u00e9rgenos:<\/h6>\n<p>Cereza agria y az\u00facar.<\/p>\n<h6>Condiciones de conservaci\u00f3n:<\/h6>\n<p>Conservar en un lugar fresco, seco y protegido de la luz.<\/p>\n","protected":false},"excerpt":{"rendered":"<p>Zumo de cereza agria 1L Sanich Informaci\u00f3n del producto: El Sirope de cereza agria, totalmente natural. Usos: Podr\u00e1s hacer bebidas refrescantes, mezcla a gusto con abundante agua! No te olvides del hielo! Beneficios: Las cerezas son una fruta de verano con un gran poder antioxidante y con una composici\u00f3n nutricional que aporta muchos beneficios a [&hellip;]<\/p>\n","protected":false},"featured_media":12522,"template":"","meta":{"_surecart_dashboard_logo_width":"180px","_surecart_dashboard_show_logo":true,"_surecart_dashboard_navigation_orders":true,"_surecart_dashboard_navigation_invoices":true,"_surecart_dashboard_navigation_subscriptions":true,"_surecart_dashboard_navigation_downloads":true,"_surecart_dashboard_navigation_billing":true,"_surecart_dashboard_navigation_account":true,"_uag_custom_page_level_css":"","site-sidebar-layout":"default","site-content-layout":"default","ast-site-content-layout":"default","site-content-style":"default","site-sidebar-style":"default","ast-global-header-display":"","ast-banner-title-visibility":"","ast-main-header-display":"","ast-hfb-above-header-display":"","ast-hfb-below-header-display":"","ast-hfb-mobile-header-display":"","site-post-title":"","ast-breadcrumbs-content":"","ast-featured-img":"","footer-sml-layout":"","theme-transparent-header-meta":"default","adv-header-id-meta":"","stick-header-meta":"","header-above-stick-meta":"","header-main-stick-meta":"","header-below-stick-meta":"","astra-migrate-meta-layouts":"set","ast-page-background-enabled":"default","ast-page-background-meta":{"desktop":{"background-color":"","background-image":"","background-repeat":"repeat","background-position":"center center","background-size":"auto","background-attachment":"scroll","background-type":"","background-media":"","overlay-type":"","overlay-color":"","overlay-opacity":"","overlay-gradient":""},"tablet":{"background-color":"","background-image":"","background-repeat":"repeat","background-position":"center center","background-size":"auto","background-attachment":"scroll","background-type":"","background-media":"","overlay-type":"","overlay-color":"","overlay-opacity":"","overlay-gradient":""},"mobile":{"background-color":"","background-image":"","background-repeat":"repeat","background-position":"center center","background-size":"auto","background-attachment":"scroll","background-type":"","background-media":"","overlay-type":"","overlay-color":"","overlay-opacity":"","overlay-gradient":""}},"ast-content-background-meta":{"desktop":{"background-color":"var(--ast-global-color-5)","background-image":"","background-repeat":"repeat","background-position":"center center","background-size":"auto","background-attachment":"scroll","background-type":"","background-media":"","overlay-type":"","overlay-color":"","overlay-opacity":"","overlay-gradient":""},"tablet":{"background-color":"var(--ast-global-color-5)","background-image":"","background-repeat":"repeat","background-position":"center center","background-size":"auto","background-attachment":"scroll","background-type":"","background-media":"","overlay-type":"","overlay-color":"","overlay-opacity":"","overlay-gradient":""},"mobile":{"background-color":"var(--ast-global-color-5)","background-image":"","background-repeat":"repeat","background-position":"center center","background-size":"auto","background-attachment":"scroll","background-type":"","background-media":"","overlay-type":"","overlay-color":"","overlay-opacity":"","overlay-gradient":""}}},"pwb-brand":[1202,452],"product_cat":[37,106],"product_tag":[664,663,662,661,453,408,343,279,1134],"class_list":{"0":"post-12512","1":"product","2":"type-product","3":"status-publish","4":"has-post-thumbnail","6":"pwb-brand-sanich","7":"pwb-brand-takdaneh","8":"product_cat-bebidas","9":"product_cat-nuevos-productos","10":"product_tag-zumo-de-cereza","11":"product_tag-663","12":"product_tag-662","13":"product_tag-661","14":"product_tag-453","15":"product_tag-408","16":"product_tag-343","17":"product_tag-279","18":"product_tag-1134","19":"desktop-align-center","20":"tablet-align-center","21":"mobile-align-center","23":"first","24":"instock","25":"taxable","26":"shipping-taxable","27":"purchasable","28":"product-type-simple"},"yoast_head":"<!-- This site is optimized with the Yoast SEO plugin v23.6 - https:\/\/yoast.com\/wordpress\/plugins\/seo\/ -->\n<title>Zumo de cereza agria 1L Sanich - Delicias Persas<\/title>\n<meta name=\"description\" content=\"El Sirope de cereza agria se emplea para dar sabor a tus platos y postres; y aporta antioxidantes, melatonina y beta-caroteno a tu dieta.\" \/>\n<meta name=\"robots\" content=\"index, follow, max-snippet:-1, max-image-preview:large, max-video-preview:-1\" \/>\n<link rel=\"canonical\" href=\"https:\/\/deliciaspersas.com\/en\/tienda\/bebidas\/zumo-de-cereza-agria-1l-sanich\/\" \/>\n<meta property=\"og:locale\" content=\"en_US\" \/>\n<meta property=\"og:type\" content=\"article\" \/>\n<meta property=\"og:title\" content=\"Zumo de cereza agria 1L Sanich - Delicias Persas\" \/>\n<meta property=\"og:description\" content=\"El Sirope de cereza agria se emplea para dar sabor a tus platos y postres; y aporta antioxidantes, melatonina y beta-caroteno a tu dieta.\" \/>\n<meta property=\"og:url\" content=\"https:\/\/deliciaspersas.com\/en\/tienda\/bebidas\/zumo-de-cereza-agria-1l-sanich\/\" \/>\n<meta property=\"og:site_name\" content=\"Delicias Persas\" \/>\n<meta property=\"article:publisher\" content=\"https:\/\/www.facebook.com\/Deliciaspersas\" \/>\n<meta property=\"article:modified_time\" content=\"2026-02-18T15:24:16+00:00\" \/>\n<meta property=\"og:image\" content=\"https:\/\/deliciaspersas.com\/wp-content\/uploads\/saniche-1l-albalo.jpg\" \/>\n\t<meta property=\"og:image:width\" content=\"1000\" \/>\n\t<meta property=\"og:image:height\" content=\"1000\" \/>\n\t<meta property=\"og:image:type\" content=\"image\/jpeg\" \/>\n<meta name=\"twitter:card\" content=\"summary_large_image\" \/>\n<meta name=\"twitter:label1\" content=\"Est. reading time\" \/>\n\t<meta name=\"twitter:data1\" content=\"2 minutes\" \/>\n<script type=\"application\/ld+json\" class=\"yoast-schema-graph\">{\"@context\":\"https:\/\/schema.org\",\"@graph\":[{\"@type\":\"WebPage\",\"@id\":\"https:\/\/deliciaspersas.com\/en\/tienda\/bebidas\/zumo-de-cereza-agria-1l-sanich\/\",\"url\":\"https:\/\/deliciaspersas.com\/en\/tienda\/bebidas\/zumo-de-cereza-agria-1l-sanich\/\",\"name\":\"Zumo de cereza agria 1L Sanich - Delicias Persas\",\"isPartOf\":{\"@id\":\"https:\/\/deliciaspersas.com\/en\/#website\"},\"primaryImageOfPage\":{\"@id\":\"https:\/\/deliciaspersas.com\/en\/tienda\/bebidas\/zumo-de-cereza-agria-1l-sanich\/#primaryimage\"},\"image\":{\"@id\":\"https:\/\/deliciaspersas.com\/en\/tienda\/bebidas\/zumo-de-cereza-agria-1l-sanich\/#primaryimage\"},\"thumbnailUrl\":\"https:\/\/deliciaspersas.com\/wp-content\/uploads\/saniche-1l-albalo.jpg\",\"datePublished\":\"2023-11-09T12:04:37+00:00\",\"dateModified\":\"2026-02-18T15:24:16+00:00\",\"description\":\"El Sirope de cereza agria se emplea para dar sabor a tus platos y postres; y aporta antioxidantes, melatonina y beta-caroteno a tu dieta.\",\"breadcrumb\":{\"@id\":\"https:\/\/deliciaspersas.com\/en\/tienda\/bebidas\/zumo-de-cereza-agria-1l-sanich\/#breadcrumb\"},\"inLanguage\":\"en-US\",\"potentialAction\":[{\"@type\":\"ReadAction\",\"target\":[\"https:\/\/deliciaspersas.com\/en\/tienda\/bebidas\/zumo-de-cereza-agria-1l-sanich\/\"]}]},{\"@type\":\"ImageObject\",\"inLanguage\":\"en-US\",\"@id\":\"https:\/\/deliciaspersas.com\/en\/tienda\/bebidas\/zumo-de-cereza-agria-1l-sanich\/#primaryimage\",\"url\":\"https:\/\/deliciaspersas.com\/wp-content\/uploads\/saniche-1l-albalo.jpg\",\"contentUrl\":\"https:\/\/deliciaspersas.com\/wp-content\/uploads\/saniche-1l-albalo.jpg\",\"width\":1000,\"height\":1000},{\"@type\":\"BreadcrumbList\",\"@id\":\"https:\/\/deliciaspersas.com\/en\/tienda\/bebidas\/zumo-de-cereza-agria-1l-sanich\/#breadcrumb\",\"itemListElement\":[{\"@type\":\"ListItem\",\"position\":1,\"name\":\"Portada\",\"item\":\"https:\/\/deliciaspersas.com\/en\/\"},{\"@type\":\"ListItem\",\"position\":2,\"name\":\"Tienda\",\"item\":\"https:\/\/deliciaspersas.com\/\"},{\"@type\":\"ListItem\",\"position\":3,\"name\":\"Zumo de cereza agria 1L Sanich\"}]},{\"@type\":\"WebSite\",\"@id\":\"https:\/\/deliciaspersas.com\/en\/#website\",\"url\":\"https:\/\/deliciaspersas.com\/en\/\",\"name\":\"Delicias Persas\",\"description\":\"Gastronom&iacute;a persa al alcance de tus manos\",\"publisher\":{\"@id\":\"https:\/\/deliciaspersas.com\/en\/#organization\"},\"potentialAction\":[{\"@type\":\"SearchAction\",\"target\":{\"@type\":\"EntryPoint\",\"urlTemplate\":\"https:\/\/deliciaspersas.com\/en\/?s={search_term_string}\"},\"query-input\":{\"@type\":\"PropertyValueSpecification\",\"valueRequired\":true,\"valueName\":\"search_term_string\"}}],\"inLanguage\":\"en-US\"},{\"@type\":\"Organization\",\"@id\":\"https:\/\/deliciaspersas.com\/en\/#organization\",\"name\":\"Delicias Persas\",\"url\":\"https:\/\/deliciaspersas.com\/en\/\",\"logo\":{\"@type\":\"ImageObject\",\"inLanguage\":\"en-US\",\"@id\":\"https:\/\/deliciaspersas.com\/en\/#\/schema\/logo\/image\/\",\"url\":\"https:\/\/deliciaspersas.com\/wp-content\/uploads\/2020\/07\/logo-2020.png\",\"contentUrl\":\"https:\/\/deliciaspersas.com\/wp-content\/uploads\/2020\/07\/logo-2020.png\",\"width\":520,\"height\":490,\"caption\":\"Delicias Persas\"},\"image\":{\"@id\":\"https:\/\/deliciaspersas.com\/en\/#\/schema\/logo\/image\/\"},\"sameAs\":[\"https:\/\/www.facebook.com\/Deliciaspersas\",\"https:\/\/www.instagram.com\/delicias_persas\/\",\"https:\/\/www.linkedin.com\/delicias-persas\"]}]}<\/script>\n<!-- \/ Yoast SEO plugin. -->","yoast_head_json":{"title":"Zumo de cereza agria 1L Sanich - Delicias Persas","description":"El Sirope de cereza agria se emplea para dar sabor a tus platos y postres; y aporta antioxidantes, melatonina y beta-caroteno a tu dieta.","robots":{"index":"index","follow":"follow","max-snippet":"max-snippet:-1","max-image-preview":"max-image-preview:large","max-video-preview":"max-video-preview:-1"},"canonical":"https:\/\/deliciaspersas.com\/en\/tienda\/bebidas\/zumo-de-cereza-agria-1l-sanich\/","og_locale":"en_US","og_type":"article","og_title":"Zumo de cereza agria 1L Sanich - Delicias Persas","og_description":"El Sirope de cereza agria se emplea para dar sabor a tus platos y postres; y aporta antioxidantes, melatonina y beta-caroteno a tu dieta.","og_url":"https:\/\/deliciaspersas.com\/en\/tienda\/bebidas\/zumo-de-cereza-agria-1l-sanich\/","og_site_name":"Delicias Persas","article_publisher":"https:\/\/www.facebook.com\/Deliciaspersas","article_modified_time":"2026-02-18T15:24:16+00:00","og_image":[{"width":1000,"height":1000,"url":"https:\/\/deliciaspersas.com\/wp-content\/uploads\/saniche-1l-albalo.jpg","type":"image\/jpeg"}],"twitter_card":"summary_large_image","twitter_misc":{"Est. reading time":"2 minutes"},"schema":{"@context":"https:\/\/schema.org","@graph":[{"@type":"WebPage","@id":"https:\/\/deliciaspersas.com\/en\/tienda\/bebidas\/zumo-de-cereza-agria-1l-sanich\/","url":"https:\/\/deliciaspersas.com\/en\/tienda\/bebidas\/zumo-de-cereza-agria-1l-sanich\/","name":"Zumo de cereza agria 1L Sanich - Delicias Persas","isPartOf":{"@id":"https:\/\/deliciaspersas.com\/en\/#website"},"primaryImageOfPage":{"@id":"https:\/\/deliciaspersas.com\/en\/tienda\/bebidas\/zumo-de-cereza-agria-1l-sanich\/#primaryimage"},"image":{"@id":"https:\/\/deliciaspersas.com\/en\/tienda\/bebidas\/zumo-de-cereza-agria-1l-sanich\/#primaryimage"},"thumbnailUrl":"https:\/\/deliciaspersas.com\/wp-content\/uploads\/saniche-1l-albalo.jpg","datePublished":"2023-11-09T12:04:37+00:00","dateModified":"2026-02-18T15:24:16+00:00","description":"El Sirope de cereza agria se emplea para dar sabor a tus platos y postres; y aporta antioxidantes, melatonina y beta-caroteno a tu dieta.","breadcrumb":{"@id":"https:\/\/deliciaspersas.com\/en\/tienda\/bebidas\/zumo-de-cereza-agria-1l-sanich\/#breadcrumb"},"inLanguage":"en-US","potentialAction":[{"@type":"ReadAction","target":["https:\/\/deliciaspersas.com\/en\/tienda\/bebidas\/zumo-de-cereza-agria-1l-sanich\/"]}]},{"@type":"ImageObject","inLanguage":"en-US","@id":"https:\/\/deliciaspersas.com\/en\/tienda\/bebidas\/zumo-de-cereza-agria-1l-sanich\/#primaryimage","url":"https:\/\/deliciaspersas.com\/wp-content\/uploads\/saniche-1l-albalo.jpg","contentUrl":"https:\/\/deliciaspersas.com\/wp-content\/uploads\/saniche-1l-albalo.jpg","width":1000,"height":1000},{"@type":"BreadcrumbList","@id":"https:\/\/deliciaspersas.com\/en\/tienda\/bebidas\/zumo-de-cereza-agria-1l-sanich\/#breadcrumb","itemListElement":[{"@type":"ListItem","position":1,"name":"Portada","item":"https:\/\/deliciaspersas.com\/en\/"},{"@type":"ListItem","position":2,"name":"Tienda","item":"https:\/\/deliciaspersas.com\/"},{"@type":"ListItem","position":3,"name":"Zumo de cereza agria 1L Sanich"}]},{"@type":"WebSite","@id":"https:\/\/deliciaspersas.com\/en\/#website","url":"https:\/\/deliciaspersas.com\/en\/","name":"Delicias Persas","description":"Gastronom&iacute;a persa al alcance de tus manos","publisher":{"@id":"https:\/\/deliciaspersas.com\/en\/#organization"},"potentialAction":[{"@type":"SearchAction","target":{"@type":"EntryPoint","urlTemplate":"https:\/\/deliciaspersas.com\/en\/?s={search_term_string}"},"query-input":{"@type":"PropertyValueSpecification","valueRequired":true,"valueName":"search_term_string"}}],"inLanguage":"en-US"},{"@type":"Organization","@id":"https:\/\/deliciaspersas.com\/en\/#organization","name":"Delicias Persas","url":"https:\/\/deliciaspersas.com\/en\/","logo":{"@type":"ImageObject","inLanguage":"en-US","@id":"https:\/\/deliciaspersas.com\/en\/#\/schema\/logo\/image\/","url":"https:\/\/deliciaspersas.com\/wp-content\/uploads\/2020\/07\/logo-2020.png","contentUrl":"https:\/\/deliciaspersas.com\/wp-content\/uploads\/2020\/07\/logo-2020.png","width":520,"height":490,"caption":"Delicias Persas"},"image":{"@id":"https:\/\/deliciaspersas.com\/en\/#\/schema\/logo\/image\/"},"sameAs":["https:\/\/www.facebook.com\/Deliciaspersas","https:\/\/www.instagram.com\/delicias_persas\/","https:\/\/www.linkedin.com\/delicias-persas"]}]}},"uagb_featured_image_src":{"full":["https:\/\/deliciaspersas.com\/wp-content\/uploads\/saniche-1l-albalo.jpg",1000,1000,false],"thumbnail":["https:\/\/deliciaspersas.com\/wp-content\/uploads\/saniche-1l-albalo-150x150.jpg",150,150,true],"medium":["https:\/\/deliciaspersas.com\/wp-content\/uploads\/saniche-1l-albalo-300x300.jpg",300,300,true],"medium_large":["https:\/\/deliciaspersas.com\/wp-content\/uploads\/saniche-1l-albalo-768x768.jpg",768,768,true],"large":["https:\/\/deliciaspersas.com\/wp-content\/uploads\/saniche-1l-albalo.jpg",1000,1000,false],"1536x1536":["https:\/\/deliciaspersas.com\/wp-content\/uploads\/saniche-1l-albalo.jpg",1000,1000,false],"2048x2048":["https:\/\/deliciaspersas.com\/wp-content\/uploads\/saniche-1l-albalo.jpg",1000,1000,false],"woocommerce_thumbnail":["https:\/\/deliciaspersas.com\/wp-content\/uploads\/saniche-1l-albalo-300x300.jpg",300,300,true],"woocommerce_single":["https:\/\/deliciaspersas.com\/wp-content\/uploads\/saniche-1l-albalo-600x600.jpg",600,600,true],"woocommerce_gallery_thumbnail":["https:\/\/deliciaspersas.com\/wp-content\/uploads\/saniche-1l-albalo-100x100.jpg",100,100,true]},"uagb_author_info":{"display_name":"admin","author_link":"https:\/\/deliciaspersas.com\/en\/author\/"},"uagb_comment_info":0,"uagb_excerpt":"Zumo de cereza agria 1L Sanich Informaci\u00f3n del producto: El Sirope de cereza agria, totalmente natural. Usos: Podr\u00e1s hacer bebidas refrescantes, mezcla a gusto con abundante agua! No te olvides del hielo! Beneficios: Las cerezas son una fruta de verano con un gran poder antioxidante y con una composici\u00f3n nutricional que aporta muchos beneficios a&hellip;","brands":[{"id":1202,"name":"Sanich","slug":"sanich"},{"id":452,"name":"takdaneh","slug":"takdaneh"}],"_links":{"self":[{"href":"https:\/\/deliciaspersas.com\/en\/wp-json\/wp\/v2\/product\/12512"}],"collection":[{"href":"https:\/\/deliciaspersas.com\/en\/wp-json\/wp\/v2\/product"}],"about":[{"href":"https:\/\/deliciaspersas.com\/en\/wp-json\/wp\/v2\/types\/product"}],"wp:featuredmedia":[{"embeddable":true,"href":"https:\/\/deliciaspersas.com\/en\/wp-json\/wp\/v2\/media\/12522"}],"wp:attachment":[{"href":"https:\/\/deliciaspersas.com\/en\/wp-json\/wp\/v2\/media?parent=12512"}],"wp:term":[{"taxonomy":"pwb-brand","embeddable":true,"href":"https:\/\/deliciaspersas.com\/en\/wp-json\/wp\/v2\/pwb-brand?post=12512"},{"taxonomy":"product_cat","embeddable":true,"href":"https:\/\/deliciaspersas.com\/en\/wp-json\/wp\/v2\/product_cat?post=12512"},{"taxonomy":"product_tag","embeddable":true,"href":"https:\/\/deliciaspersas.com\/en\/wp-json\/wp\/v2\/product_tag?post=12512"}],"curies":[{"name":"wp","href":"https:\/\/api.w.org\/{rel}","templated":true}]}}