{"id":12563,"date":"2023-11-14T15:41:44","date_gmt":"2023-11-14T14:41:44","guid":{"rendered":"https:\/\/deliciaspersas.com\/?post_type=product&#038;p=12563"},"modified":"2024-10-02T13:42:47","modified_gmt":"2024-10-02T11:42:47","slug":"halva-de-sesamo-con-pistacho-350g-buram","status":"publish","type":"product","link":"https:\/\/deliciaspersas.com\/en\/tienda\/delicias-dulces\/halva-de-sesamo-con-pistacho-350g-buram\/","title":{"rendered":"Halva de s\u00e9samo con pistacho 350g Buram"},"content":{"rendered":"<h1>Halva de s\u00e9samo con pistacho 350g Buram<\/h1>\n<p>&nbsp;<\/p>\n<h6>Informaci\u00f3n del producto:<\/h6>\n<p>El halawa es un aderezo t\u00edpico persa formado por pasta de s\u00e9mola; en el que se incluyen pistachos.<\/p>\n<h6>Usos:<\/h6>\n<p>El halva se emplea como aderezo, siendo un t\u00edpico alimento persa; que adem\u00e1s de un gran sabor, nos aporta m\u00faltiples beneficios. Las semillas de s\u00e9samo utilizadas para hacer tahini en halawa son nutritivas, ricas en\u00a0prote\u00ednas\u00a0,\u00a0vitaminas\u00a0y\u00a0minerales\u00a0, y tienen propiedades inmunoprotectoras y protectoras cardiovasculares similares a otros superalimentos como el aceite de oliva y las nueces.<\/p>\n<h6>Beneficios:<\/h6>\n<p>Los pistachos, uno de los ingredientes de Halawa, son uno de los frutos secos m\u00e1s valorados y no solo por su suculento sabor, tambi\u00e9n cuentan con numerosos beneficios para la salud gracias a su alto contenido en nutrientes como calcio, prote\u00edna, fibra o vitaminas.<\/p>\n<p>El pistacho es uno de los alimentos no l\u00e1cteos que m\u00e1s calcio posee. Un pu\u00f1adito de estos frutos secos puede ser una opci\u00f3n saludable siempre.<\/p>\n<p>Los pistachos poseen un alto contenido en\u00a0fibra, por lo que ayudan a prevenir el estre\u00f1imiento.<\/p>\n<p>Veinticinco gramos de este producto \u2014entre 40 y 49 pistachos\u2014, aportan el ocho por ciento del valor diario recomendado de magnesio, potasio, hierro y grasas saludables.<\/p>\n<p>El magnesio regula la funci\u00f3n de los m\u00fasculos corporales, del sistema nervioso, de la presi\u00f3n sangu\u00ednea y de los niveles de az\u00facar en sangre. Las personas que sufren migra\u00f1as a veces tienen bajos niveles de magnesio en la sangre y en otros tejidos. Los suplementos de magnesio pueden reducir un poco la frecuencia de las migra\u00f1as.<\/p>\n<p>Los pistachos no solo contienen vitaminas E, B2 y B6, magnesio, potasio y fibra, sino que tambi\u00e9n poseen una gran cantidad de hierro. Por eso, generalmente son productos beneficiosos para deportistas o para personas con anemia ferrop\u00e9nica.<\/p>\n<div class=\"step\">\n<div class=\"paragraph\">\n<p><span style=\"font-size: 1.1em; font-weight: bold;\">Ingredientes y al\u00e9rgenos:<\/span><\/p>\n<\/div>\n<\/div>\n<p>Sus ingredientes son:<\/p>\n<ol class=\"list-unstyled text-cookpad-18\" data-target=\"dir.auto\">\n<li id=\"ingredient_42620910\" class=\"ingredient first:border-t-0 border-t border-dashed border-quaternary\">\n<div>1 taza\u00a0leche descremada en polvo<\/div>\n<\/li>\n<li id=\"ingredient_42622521\" class=\"ingredient first:border-t-0 border-t border-dashed border-quaternary\">\n<div>3\/4\u00a0a 1 taza de az\u00facar flor (Icing sugar)<\/div>\n<\/li>\n<li id=\"ingredient_42622557\" class=\"ingredient first:border-t-0 border-t border-dashed border-quaternary\">\n<div>1 1\/2 taza\u00a0Tahini, aprox<\/div>\n<\/li>\n<li id=\"ingredient_42622572\" class=\"ingredient first:border-t-0 border-t border-dashed border-quaternary\">\n<div>50-100 g\u00a0pistachos partidos<\/div>\n<\/li>\n<li id=\"ingredient_42622700\" class=\"ingredient first:border-t-0 border-t border-dashed border-quaternary\">\n<div>50 g\u00a0harina de almendras<\/div>\n<\/li>\n<\/ol>\n<h6>Condiciones de conservaci\u00f3n:<\/h6>\n<p>Conservar en un lugar fresco, seco y protegido de la luz.<\/p>\n<p>&nbsp;<\/p>\n","protected":false},"excerpt":{"rendered":"<p>Halva de s\u00e9samo con pistacho 350g Buram &nbsp; Informaci\u00f3n del producto: El halawa es un aderezo t\u00edpico persa formado por pasta de s\u00e9mola; en el que se incluyen pistachos. Usos: El halva se emplea como aderezo, siendo un t\u00edpico alimento persa; que adem\u00e1s de un gran sabor, nos aporta m\u00faltiples beneficios. Las semillas de s\u00e9samo [&hellip;]<\/p>\n","protected":false},"featured_media":12564,"template":"","meta":{"_surecart_dashboard_logo_width":"180px","_surecart_dashboard_show_logo":true,"_surecart_dashboard_navigation_orders":true,"_surecart_dashboard_navigation_invoices":true,"_surecart_dashboard_navigation_subscriptions":true,"_surecart_dashboard_navigation_downloads":true,"_surecart_dashboard_navigation_billing":true,"_surecart_dashboard_navigation_account":true,"_uag_custom_page_level_css":"","site-sidebar-layout":"default","site-content-layout":"default","ast-site-content-layout":"default","site-content-style":"default","site-sidebar-style":"default","ast-global-header-display":"","ast-banner-title-visibility":"","ast-main-header-display":"","ast-hfb-above-header-display":"","ast-hfb-below-header-display":"","ast-hfb-mobile-header-display":"","site-post-title":"","ast-breadcrumbs-content":"","ast-featured-img":"","footer-sml-layout":"","theme-transparent-header-meta":"default","adv-header-id-meta":"","stick-header-meta":"","header-above-stick-meta":"","header-main-stick-meta":"","header-below-stick-meta":"","astra-migrate-meta-layouts":"set","ast-page-background-enabled":"default","ast-page-background-meta":{"desktop":{"background-color":"","background-image":"","background-repeat":"repeat","background-position":"center center","background-size":"auto","background-attachment":"scroll","background-type":"","background-media":"","overlay-type":"","overlay-color":"","overlay-opacity":"","overlay-gradient":""},"tablet":{"background-color":"","background-image":"","background-repeat":"repeat","background-position":"center center","background-size":"auto","background-attachment":"scroll","background-type":"","background-media":"","overlay-type":"","overlay-color":"","overlay-opacity":"","overlay-gradient":""},"mobile":{"background-color":"","background-image":"","background-repeat":"repeat","background-position":"center center","background-size":"auto","background-attachment":"scroll","background-type":"","background-media":"","overlay-type":"","overlay-color":"","overlay-opacity":"","overlay-gradient":""}},"ast-content-background-meta":{"desktop":{"background-color":"var(--ast-global-color-5)","background-image":"","background-repeat":"repeat","background-position":"center center","background-size":"auto","background-attachment":"scroll","background-type":"","background-media":"","overlay-type":"","overlay-color":"","overlay-opacity":"","overlay-gradient":""},"tablet":{"background-color":"var(--ast-global-color-5)","background-image":"","background-repeat":"repeat","background-position":"center center","background-size":"auto","background-attachment":"scroll","background-type":"","background-media":"","overlay-type":"","overlay-color":"","overlay-opacity":"","overlay-gradient":""},"mobile":{"background-color":"var(--ast-global-color-5)","background-image":"","background-repeat":"repeat","background-position":"center center","background-size":"auto","background-attachment":"scroll","background-type":"","background-media":"","overlay-type":"","overlay-color":"","overlay-opacity":"","overlay-gradient":""}}},"pwb-brand":[],"product_cat":[31,36],"product_tag":[576,997,679,843,998],"class_list":{"0":"post-12563","1":"product","2":"type-product","3":"status-publish","4":"has-post-thumbnail","6":"product_cat-delicias-dulces","7":"product_cat-desayuno","8":"product_tag-desayuno","9":"product_tag-halawa","10":"product_tag-pistacho","11":"product_tag-postre","12":"product_tag-998","13":"desktop-align-center","14":"tablet-align-center","15":"mobile-align-center","17":"first","18":"outofstock","19":"taxable","20":"shipping-taxable","21":"purchasable","22":"product-type-simple"},"yoast_head":"<!-- This site is optimized with the Yoast SEO plugin v23.6 - https:\/\/yoast.com\/wordpress\/plugins\/seo\/ -->\n<title>Halva de s\u00e9samo con pistacho 350g Buram - Delicias Persas<\/title>\n<meta name=\"description\" content=\"El halawa es un postre t\u00edpico persa en el que se incluyen pistachos y el cual nos aporta m\u00faltiples beneficios sus semillas de s\u00e9samo...\" \/>\n<meta name=\"robots\" content=\"index, follow, max-snippet:-1, max-image-preview:large, max-video-preview:-1\" \/>\n<link rel=\"canonical\" href=\"https:\/\/deliciaspersas.com\/en\/tienda\/delicias-dulces\/halva-de-sesamo-con-pistacho-350g-buram\/\" \/>\n<meta property=\"og:locale\" content=\"en_US\" \/>\n<meta property=\"og:type\" content=\"article\" \/>\n<meta property=\"og:title\" content=\"Halva de s\u00e9samo con pistacho 350g Buram - Delicias Persas\" \/>\n<meta property=\"og:description\" content=\"El halawa es un postre t\u00edpico persa en el que se incluyen pistachos y el cual nos aporta m\u00faltiples beneficios sus semillas de s\u00e9samo...\" \/>\n<meta property=\"og:url\" content=\"https:\/\/deliciaspersas.com\/en\/tienda\/delicias-dulces\/halva-de-sesamo-con-pistacho-350g-buram\/\" \/>\n<meta property=\"og:site_name\" content=\"Delicias Persas\" \/>\n<meta property=\"article:publisher\" content=\"https:\/\/www.facebook.com\/Deliciaspersas\" \/>\n<meta property=\"article:modified_time\" content=\"2024-10-02T11:42:47+00:00\" \/>\n<meta property=\"og:image\" content=\"https:\/\/deliciaspersas.com\/wp-content\/uploads\/Halva-con-pistacho-350g-buram.webp\" \/>\n\t<meta property=\"og:image:width\" content=\"616\" \/>\n\t<meta property=\"og:image:height\" content=\"437\" \/>\n\t<meta property=\"og:image:type\" content=\"image\/webp\" \/>\n<meta name=\"twitter:card\" content=\"summary_large_image\" \/>\n<meta name=\"twitter:label1\" content=\"Est. reading time\" \/>\n\t<meta name=\"twitter:data1\" content=\"2 minutes\" \/>\n<script type=\"application\/ld+json\" class=\"yoast-schema-graph\">{\"@context\":\"https:\/\/schema.org\",\"@graph\":[{\"@type\":\"WebPage\",\"@id\":\"https:\/\/deliciaspersas.com\/en\/tienda\/delicias-dulces\/halva-de-sesamo-con-pistacho-350g-buram\/\",\"url\":\"https:\/\/deliciaspersas.com\/en\/tienda\/delicias-dulces\/halva-de-sesamo-con-pistacho-350g-buram\/\",\"name\":\"Halva de s\u00e9samo con pistacho 350g Buram - Delicias Persas\",\"isPartOf\":{\"@id\":\"https:\/\/deliciaspersas.com\/en\/#website\"},\"primaryImageOfPage\":{\"@id\":\"https:\/\/deliciaspersas.com\/en\/tienda\/delicias-dulces\/halva-de-sesamo-con-pistacho-350g-buram\/#primaryimage\"},\"image\":{\"@id\":\"https:\/\/deliciaspersas.com\/en\/tienda\/delicias-dulces\/halva-de-sesamo-con-pistacho-350g-buram\/#primaryimage\"},\"thumbnailUrl\":\"https:\/\/deliciaspersas.com\/wp-content\/uploads\/Halva-con-pistacho-350g-buram.webp\",\"datePublished\":\"2023-11-14T14:41:44+00:00\",\"dateModified\":\"2024-10-02T11:42:47+00:00\",\"description\":\"El halawa es un postre t\u00edpico persa en el que se incluyen pistachos y el cual nos aporta m\u00faltiples beneficios sus semillas de s\u00e9samo...\",\"breadcrumb\":{\"@id\":\"https:\/\/deliciaspersas.com\/en\/tienda\/delicias-dulces\/halva-de-sesamo-con-pistacho-350g-buram\/#breadcrumb\"},\"inLanguage\":\"en-US\",\"potentialAction\":[{\"@type\":\"ReadAction\",\"target\":[\"https:\/\/deliciaspersas.com\/en\/tienda\/delicias-dulces\/halva-de-sesamo-con-pistacho-350g-buram\/\"]}]},{\"@type\":\"ImageObject\",\"inLanguage\":\"en-US\",\"@id\":\"https:\/\/deliciaspersas.com\/en\/tienda\/delicias-dulces\/halva-de-sesamo-con-pistacho-350g-buram\/#primaryimage\",\"url\":\"https:\/\/deliciaspersas.com\/wp-content\/uploads\/Halva-con-pistacho-350g-buram.webp\",\"contentUrl\":\"https:\/\/deliciaspersas.com\/wp-content\/uploads\/Halva-con-pistacho-350g-buram.webp\",\"width\":616,\"height\":437},{\"@type\":\"BreadcrumbList\",\"@id\":\"https:\/\/deliciaspersas.com\/en\/tienda\/delicias-dulces\/halva-de-sesamo-con-pistacho-350g-buram\/#breadcrumb\",\"itemListElement\":[{\"@type\":\"ListItem\",\"position\":1,\"name\":\"Portada\",\"item\":\"https:\/\/deliciaspersas.com\/en\/\"},{\"@type\":\"ListItem\",\"position\":2,\"name\":\"Tienda\",\"item\":\"https:\/\/deliciaspersas.com\/\"},{\"@type\":\"ListItem\",\"position\":3,\"name\":\"Halva de s\u00e9samo con pistacho 350g Buram\"}]},{\"@type\":\"WebSite\",\"@id\":\"https:\/\/deliciaspersas.com\/en\/#website\",\"url\":\"https:\/\/deliciaspersas.com\/en\/\",\"name\":\"Delicias Persas\",\"description\":\"Gastronom&iacute;a persa al alcance de tus manos\",\"publisher\":{\"@id\":\"https:\/\/deliciaspersas.com\/en\/#organization\"},\"potentialAction\":[{\"@type\":\"SearchAction\",\"target\":{\"@type\":\"EntryPoint\",\"urlTemplate\":\"https:\/\/deliciaspersas.com\/en\/?s={search_term_string}\"},\"query-input\":{\"@type\":\"PropertyValueSpecification\",\"valueRequired\":true,\"valueName\":\"search_term_string\"}}],\"inLanguage\":\"en-US\"},{\"@type\":\"Organization\",\"@id\":\"https:\/\/deliciaspersas.com\/en\/#organization\",\"name\":\"Delicias Persas\",\"url\":\"https:\/\/deliciaspersas.com\/en\/\",\"logo\":{\"@type\":\"ImageObject\",\"inLanguage\":\"en-US\",\"@id\":\"https:\/\/deliciaspersas.com\/en\/#\/schema\/logo\/image\/\",\"url\":\"https:\/\/deliciaspersas.com\/wp-content\/uploads\/2020\/07\/logo-2020.png\",\"contentUrl\":\"https:\/\/deliciaspersas.com\/wp-content\/uploads\/2020\/07\/logo-2020.png\",\"width\":520,\"height\":490,\"caption\":\"Delicias Persas\"},\"image\":{\"@id\":\"https:\/\/deliciaspersas.com\/en\/#\/schema\/logo\/image\/\"},\"sameAs\":[\"https:\/\/www.facebook.com\/Deliciaspersas\",\"https:\/\/www.instagram.com\/delicias_persas\/\",\"https:\/\/www.linkedin.com\/delicias-persas\"]}]}<\/script>\n<!-- \/ Yoast SEO plugin. -->","yoast_head_json":{"title":"Halva de s\u00e9samo con pistacho 350g Buram - Delicias Persas","description":"El halawa es un postre t\u00edpico persa en el que se incluyen pistachos y el cual nos aporta m\u00faltiples beneficios sus semillas de s\u00e9samo...","robots":{"index":"index","follow":"follow","max-snippet":"max-snippet:-1","max-image-preview":"max-image-preview:large","max-video-preview":"max-video-preview:-1"},"canonical":"https:\/\/deliciaspersas.com\/en\/tienda\/delicias-dulces\/halva-de-sesamo-con-pistacho-350g-buram\/","og_locale":"en_US","og_type":"article","og_title":"Halva de s\u00e9samo con pistacho 350g Buram - Delicias Persas","og_description":"El halawa es un postre t\u00edpico persa en el que se incluyen pistachos y el cual nos aporta m\u00faltiples beneficios sus semillas de s\u00e9samo...","og_url":"https:\/\/deliciaspersas.com\/en\/tienda\/delicias-dulces\/halva-de-sesamo-con-pistacho-350g-buram\/","og_site_name":"Delicias Persas","article_publisher":"https:\/\/www.facebook.com\/Deliciaspersas","article_modified_time":"2024-10-02T11:42:47+00:00","og_image":[{"width":616,"height":437,"url":"https:\/\/deliciaspersas.com\/wp-content\/uploads\/Halva-con-pistacho-350g-buram.webp","type":"image\/webp"}],"twitter_card":"summary_large_image","twitter_misc":{"Est. reading time":"2 minutes"},"schema":{"@context":"https:\/\/schema.org","@graph":[{"@type":"WebPage","@id":"https:\/\/deliciaspersas.com\/en\/tienda\/delicias-dulces\/halva-de-sesamo-con-pistacho-350g-buram\/","url":"https:\/\/deliciaspersas.com\/en\/tienda\/delicias-dulces\/halva-de-sesamo-con-pistacho-350g-buram\/","name":"Halva de s\u00e9samo con pistacho 350g Buram - Delicias Persas","isPartOf":{"@id":"https:\/\/deliciaspersas.com\/en\/#website"},"primaryImageOfPage":{"@id":"https:\/\/deliciaspersas.com\/en\/tienda\/delicias-dulces\/halva-de-sesamo-con-pistacho-350g-buram\/#primaryimage"},"image":{"@id":"https:\/\/deliciaspersas.com\/en\/tienda\/delicias-dulces\/halva-de-sesamo-con-pistacho-350g-buram\/#primaryimage"},"thumbnailUrl":"https:\/\/deliciaspersas.com\/wp-content\/uploads\/Halva-con-pistacho-350g-buram.webp","datePublished":"2023-11-14T14:41:44+00:00","dateModified":"2024-10-02T11:42:47+00:00","description":"El halawa es un postre t\u00edpico persa en el que se incluyen pistachos y el cual nos aporta m\u00faltiples beneficios sus semillas de s\u00e9samo...","breadcrumb":{"@id":"https:\/\/deliciaspersas.com\/en\/tienda\/delicias-dulces\/halva-de-sesamo-con-pistacho-350g-buram\/#breadcrumb"},"inLanguage":"en-US","potentialAction":[{"@type":"ReadAction","target":["https:\/\/deliciaspersas.com\/en\/tienda\/delicias-dulces\/halva-de-sesamo-con-pistacho-350g-buram\/"]}]},{"@type":"ImageObject","inLanguage":"en-US","@id":"https:\/\/deliciaspersas.com\/en\/tienda\/delicias-dulces\/halva-de-sesamo-con-pistacho-350g-buram\/#primaryimage","url":"https:\/\/deliciaspersas.com\/wp-content\/uploads\/Halva-con-pistacho-350g-buram.webp","contentUrl":"https:\/\/deliciaspersas.com\/wp-content\/uploads\/Halva-con-pistacho-350g-buram.webp","width":616,"height":437},{"@type":"BreadcrumbList","@id":"https:\/\/deliciaspersas.com\/en\/tienda\/delicias-dulces\/halva-de-sesamo-con-pistacho-350g-buram\/#breadcrumb","itemListElement":[{"@type":"ListItem","position":1,"name":"Portada","item":"https:\/\/deliciaspersas.com\/en\/"},{"@type":"ListItem","position":2,"name":"Tienda","item":"https:\/\/deliciaspersas.com\/"},{"@type":"ListItem","position":3,"name":"Halva de s\u00e9samo con pistacho 350g Buram"}]},{"@type":"WebSite","@id":"https:\/\/deliciaspersas.com\/en\/#website","url":"https:\/\/deliciaspersas.com\/en\/","name":"Delicias Persas","description":"Gastronom&iacute;a persa al alcance de tus manos","publisher":{"@id":"https:\/\/deliciaspersas.com\/en\/#organization"},"potentialAction":[{"@type":"SearchAction","target":{"@type":"EntryPoint","urlTemplate":"https:\/\/deliciaspersas.com\/en\/?s={search_term_string}"},"query-input":{"@type":"PropertyValueSpecification","valueRequired":true,"valueName":"search_term_string"}}],"inLanguage":"en-US"},{"@type":"Organization","@id":"https:\/\/deliciaspersas.com\/en\/#organization","name":"Delicias Persas","url":"https:\/\/deliciaspersas.com\/en\/","logo":{"@type":"ImageObject","inLanguage":"en-US","@id":"https:\/\/deliciaspersas.com\/en\/#\/schema\/logo\/image\/","url":"https:\/\/deliciaspersas.com\/wp-content\/uploads\/2020\/07\/logo-2020.png","contentUrl":"https:\/\/deliciaspersas.com\/wp-content\/uploads\/2020\/07\/logo-2020.png","width":520,"height":490,"caption":"Delicias Persas"},"image":{"@id":"https:\/\/deliciaspersas.com\/en\/#\/schema\/logo\/image\/"},"sameAs":["https:\/\/www.facebook.com\/Deliciaspersas","https:\/\/www.instagram.com\/delicias_persas\/","https:\/\/www.linkedin.com\/delicias-persas"]}]}},"uagb_featured_image_src":{"full":["https:\/\/deliciaspersas.com\/wp-content\/uploads\/Halva-con-pistacho-350g-buram.webp",616,437,false],"thumbnail":["https:\/\/deliciaspersas.com\/wp-content\/uploads\/Halva-con-pistacho-350g-buram-150x150.webp",150,150,true],"medium":["https:\/\/deliciaspersas.com\/wp-content\/uploads\/Halva-con-pistacho-350g-buram-300x213.webp",300,213,true],"medium_large":["https:\/\/deliciaspersas.com\/wp-content\/uploads\/Halva-con-pistacho-350g-buram.webp",616,437,false],"large":["https:\/\/deliciaspersas.com\/wp-content\/uploads\/Halva-con-pistacho-350g-buram.webp",616,437,false],"1536x1536":["https:\/\/deliciaspersas.com\/wp-content\/uploads\/Halva-con-pistacho-350g-buram.webp",616,437,false],"2048x2048":["https:\/\/deliciaspersas.com\/wp-content\/uploads\/Halva-con-pistacho-350g-buram.webp",616,437,false],"woocommerce_thumbnail":["https:\/\/deliciaspersas.com\/wp-content\/uploads\/Halva-con-pistacho-350g-buram-300x300.webp",300,300,true],"woocommerce_single":["https:\/\/deliciaspersas.com\/wp-content\/uploads\/Halva-con-pistacho-350g-buram-600x426.webp",600,426,true],"woocommerce_gallery_thumbnail":["https:\/\/deliciaspersas.com\/wp-content\/uploads\/Halva-con-pistacho-350g-buram-100x100.webp",100,100,true]},"uagb_author_info":{"display_name":"admin","author_link":"https:\/\/deliciaspersas.com\/en\/author\/"},"uagb_comment_info":0,"uagb_excerpt":"Halva de s\u00e9samo con pistacho 350g Buram &nbsp; Informaci\u00f3n del producto: El halawa es un aderezo t\u00edpico persa formado por pasta de s\u00e9mola; en el que se incluyen pistachos. Usos: El halva se emplea como aderezo, siendo un t\u00edpico alimento persa; que adem\u00e1s de un gran sabor, nos aporta m\u00faltiples beneficios. Las semillas de s\u00e9samo&hellip;","brands":[],"_links":{"self":[{"href":"https:\/\/deliciaspersas.com\/en\/wp-json\/wp\/v2\/product\/12563"}],"collection":[{"href":"https:\/\/deliciaspersas.com\/en\/wp-json\/wp\/v2\/product"}],"about":[{"href":"https:\/\/deliciaspersas.com\/en\/wp-json\/wp\/v2\/types\/product"}],"wp:featuredmedia":[{"embeddable":true,"href":"https:\/\/deliciaspersas.com\/en\/wp-json\/wp\/v2\/media\/12564"}],"wp:attachment":[{"href":"https:\/\/deliciaspersas.com\/en\/wp-json\/wp\/v2\/media?parent=12563"}],"wp:term":[{"taxonomy":"pwb-brand","embeddable":true,"href":"https:\/\/deliciaspersas.com\/en\/wp-json\/wp\/v2\/pwb-brand?post=12563"},{"taxonomy":"product_cat","embeddable":true,"href":"https:\/\/deliciaspersas.com\/en\/wp-json\/wp\/v2\/product_cat?post=12563"},{"taxonomy":"product_tag","embeddable":true,"href":"https:\/\/deliciaspersas.com\/en\/wp-json\/wp\/v2\/product_tag?post=12563"}],"curies":[{"name":"wp","href":"https:\/\/api.w.org\/{rel}","templated":true}]}}