{"id":12610,"date":"2023-11-14T19:18:51","date_gmt":"2023-11-14T18:18:51","guid":{"rendered":"https:\/\/deliciaspersas.com\/?post_type=product&#038;p=12610"},"modified":"2024-02-26T10:14:13","modified_gmt":"2024-02-26T09:14:13","slug":"jengibre-deshidratado-sin-azucar-zanjebi-100g-granel","status":"publish","type":"product","link":"https:\/\/deliciaspersas.com\/en\/tienda\/secos\/jengibre-deshidratado-sin-azucar-zanjebi-100g-granel\/","title":{"rendered":"Jengibre deshidratado Sin Az\u00facar (zanjebi) 100g Granel"},"content":{"rendered":"<h1>Jengibre deshidratado con Az\u00facar (zanjebi) 100g Granel<\/h1>\n<p>&nbsp;<\/p>\n<div align=\"justify\">Esta ra\u00edz de origen asi\u00e1tico tiene m\u00faltiples beneficios para la salud digestiva, respiratoria y muscular.<\/div>\n<div align=\"justify\"><\/div>\n<div align=\"justify\"><b>Se puede comer<\/b>\u00a0solo o bien con muesli, yogur o bien triturado con zumo de frutas naturales.<\/div>\n","protected":false},"excerpt":{"rendered":"<p>Jengibre deshidratado con Az\u00facar (zanjebi) 100g Granel &nbsp; Esta ra\u00edz de origen asi\u00e1tico tiene m\u00faltiples beneficios para la salud digestiva, respiratoria y muscular. Se puede comer\u00a0solo o bien con muesli, yogur o bien triturado con zumo de frutas naturales.<\/p>\n","protected":false},"featured_media":12611,"template":"","meta":{"_surecart_dashboard_logo_width":"180px","_surecart_dashboard_show_logo":true,"_surecart_dashboard_navigation_orders":true,"_surecart_dashboard_navigation_invoices":true,"_surecart_dashboard_navigation_subscriptions":true,"_surecart_dashboard_navigation_downloads":true,"_surecart_dashboard_navigation_billing":true,"_surecart_dashboard_navigation_account":true,"_uag_custom_page_level_css":"","site-sidebar-layout":"default","site-content-layout":"default","ast-site-content-layout":"default","site-content-style":"default","site-sidebar-style":"default","ast-global-header-display":"","ast-banner-title-visibility":"","ast-main-header-display":"","ast-hfb-above-header-display":"","ast-hfb-below-header-display":"","ast-hfb-mobile-header-display":"","site-post-title":"","ast-breadcrumbs-content":"","ast-featured-img":"","footer-sml-layout":"","theme-transparent-header-meta":"default","adv-header-id-meta":"","stick-header-meta":"","header-above-stick-meta":"","header-main-stick-meta":"","header-below-stick-meta":"","astra-migrate-meta-layouts":"set","ast-page-background-enabled":"default","ast-page-background-meta":{"desktop":{"background-color":"","background-image":"","background-repeat":"repeat","background-position":"center center","background-size":"auto","background-attachment":"scroll","background-type":"","background-media":"","overlay-type":"","overlay-color":"","overlay-opacity":"","overlay-gradient":""},"tablet":{"background-color":"","background-image":"","background-repeat":"repeat","background-position":"center center","background-size":"auto","background-attachment":"scroll","background-type":"","background-media":"","overlay-type":"","overlay-color":"","overlay-opacity":"","overlay-gradient":""},"mobile":{"background-color":"","background-image":"","background-repeat":"repeat","background-position":"center center","background-size":"auto","background-attachment":"scroll","background-type":"","background-media":"","overlay-type":"","overlay-color":"","overlay-opacity":"","overlay-gradient":""}},"ast-content-background-meta":{"desktop":{"background-color":"var(--ast-global-color-5)","background-image":"","background-repeat":"repeat","background-position":"center center","background-size":"auto","background-attachment":"scroll","background-type":"","background-media":"","overlay-type":"","overlay-color":"","overlay-opacity":"","overlay-gradient":""},"tablet":{"background-color":"var(--ast-global-color-5)","background-image":"","background-repeat":"repeat","background-position":"center center","background-size":"auto","background-attachment":"scroll","background-type":"","background-media":"","overlay-type":"","overlay-color":"","overlay-opacity":"","overlay-gradient":""},"mobile":{"background-color":"var(--ast-global-color-5)","background-image":"","background-repeat":"repeat","background-position":"center center","background-size":"auto","background-attachment":"scroll","background-type":"","background-media":"","overlay-type":"","overlay-color":"","overlay-opacity":"","overlay-gradient":""}}},"pwb-brand":[113],"product_cat":[40,1099,106],"product_tag":[],"class_list":{"0":"post-12610","1":"product","2":"type-product","3":"status-publish","4":"has-post-thumbnail","6":"pwb-brand-dayan-2","7":"product_cat-secos","8":"product_cat-granel","9":"product_cat-nuevos-productos","10":"desktop-align-center","11":"tablet-align-center","12":"mobile-align-center","14":"first","15":"instock","16":"taxable","17":"shipping-taxable","18":"purchasable","19":"product-type-simple"},"yoast_head":"<!-- This site is optimized with the Yoast SEO plugin v23.6 - https:\/\/yoast.com\/wordpress\/plugins\/seo\/ -->\n<title>Jengibre deshidratado Sin Az\u00facar (zanjebi) 100g Granel - Delicias Persas<\/title>\n<meta name=\"robots\" content=\"index, follow, max-snippet:-1, max-image-preview:large, max-video-preview:-1\" \/>\n<link rel=\"canonical\" href=\"https:\/\/deliciaspersas.com\/en\/tienda\/secos\/jengibre-deshidratado-sin-azucar-zanjebi-100g-granel\/\" \/>\n<meta property=\"og:locale\" content=\"en_US\" \/>\n<meta property=\"og:type\" content=\"article\" \/>\n<meta property=\"og:title\" content=\"Jengibre deshidratado Sin Az\u00facar (zanjebi) 100g Granel - Delicias Persas\" \/>\n<meta property=\"og:description\" content=\"Jengibre deshidratado con Az\u00facar (zanjebi) 100g Granel &nbsp; Esta ra\u00edz de origen asi\u00e1tico tiene m\u00faltiples beneficios para la salud digestiva, respiratoria y muscular. Se puede comer\u00a0solo o bien con muesli, yogur o bien triturado con zumo de frutas naturales.\" \/>\n<meta property=\"og:url\" content=\"https:\/\/deliciaspersas.com\/en\/tienda\/secos\/jengibre-deshidratado-sin-azucar-zanjebi-100g-granel\/\" \/>\n<meta property=\"og:site_name\" content=\"Delicias Persas\" \/>\n<meta property=\"article:publisher\" content=\"https:\/\/www.facebook.com\/Deliciaspersas\" \/>\n<meta property=\"article:modified_time\" content=\"2024-02-26T09:14:13+00:00\" \/>\n<meta property=\"og:image\" content=\"https:\/\/deliciaspersas.com\/wp-content\/uploads\/Jengibre-deshidratado-sin-azucar.webp\" \/>\n\t<meta property=\"og:image:width\" content=\"450\" \/>\n\t<meta property=\"og:image:height\" content=\"294\" \/>\n\t<meta property=\"og:image:type\" content=\"image\/webp\" \/>\n<meta name=\"twitter:card\" content=\"summary_large_image\" \/>\n<meta name=\"twitter:label1\" content=\"Est. reading time\" \/>\n\t<meta name=\"twitter:data1\" content=\"1 minute\" \/>\n<script type=\"application\/ld+json\" class=\"yoast-schema-graph\">{\"@context\":\"https:\/\/schema.org\",\"@graph\":[{\"@type\":\"WebPage\",\"@id\":\"https:\/\/deliciaspersas.com\/en\/tienda\/secos\/jengibre-deshidratado-sin-azucar-zanjebi-100g-granel\/\",\"url\":\"https:\/\/deliciaspersas.com\/en\/tienda\/secos\/jengibre-deshidratado-sin-azucar-zanjebi-100g-granel\/\",\"name\":\"Jengibre deshidratado Sin Az\u00facar (zanjebi) 100g Granel - Delicias Persas\",\"isPartOf\":{\"@id\":\"https:\/\/deliciaspersas.com\/en\/#website\"},\"primaryImageOfPage\":{\"@id\":\"https:\/\/deliciaspersas.com\/en\/tienda\/secos\/jengibre-deshidratado-sin-azucar-zanjebi-100g-granel\/#primaryimage\"},\"image\":{\"@id\":\"https:\/\/deliciaspersas.com\/en\/tienda\/secos\/jengibre-deshidratado-sin-azucar-zanjebi-100g-granel\/#primaryimage\"},\"thumbnailUrl\":\"https:\/\/deliciaspersas.com\/wp-content\/uploads\/Jengibre-deshidratado-sin-azucar.webp\",\"datePublished\":\"2023-11-14T18:18:51+00:00\",\"dateModified\":\"2024-02-26T09:14:13+00:00\",\"breadcrumb\":{\"@id\":\"https:\/\/deliciaspersas.com\/en\/tienda\/secos\/jengibre-deshidratado-sin-azucar-zanjebi-100g-granel\/#breadcrumb\"},\"inLanguage\":\"en-US\",\"potentialAction\":[{\"@type\":\"ReadAction\",\"target\":[\"https:\/\/deliciaspersas.com\/en\/tienda\/secos\/jengibre-deshidratado-sin-azucar-zanjebi-100g-granel\/\"]}]},{\"@type\":\"ImageObject\",\"inLanguage\":\"en-US\",\"@id\":\"https:\/\/deliciaspersas.com\/en\/tienda\/secos\/jengibre-deshidratado-sin-azucar-zanjebi-100g-granel\/#primaryimage\",\"url\":\"https:\/\/deliciaspersas.com\/wp-content\/uploads\/Jengibre-deshidratado-sin-azucar.webp\",\"contentUrl\":\"https:\/\/deliciaspersas.com\/wp-content\/uploads\/Jengibre-deshidratado-sin-azucar.webp\",\"width\":450,\"height\":294},{\"@type\":\"BreadcrumbList\",\"@id\":\"https:\/\/deliciaspersas.com\/en\/tienda\/secos\/jengibre-deshidratado-sin-azucar-zanjebi-100g-granel\/#breadcrumb\",\"itemListElement\":[{\"@type\":\"ListItem\",\"position\":1,\"name\":\"Portada\",\"item\":\"https:\/\/deliciaspersas.com\/en\/\"},{\"@type\":\"ListItem\",\"position\":2,\"name\":\"Tienda\",\"item\":\"https:\/\/deliciaspersas.com\/\"},{\"@type\":\"ListItem\",\"position\":3,\"name\":\"Jengibre deshidratado Sin Az\u00facar (zanjebi) 100g Granel\"}]},{\"@type\":\"WebSite\",\"@id\":\"https:\/\/deliciaspersas.com\/en\/#website\",\"url\":\"https:\/\/deliciaspersas.com\/en\/\",\"name\":\"Delicias Persas\",\"description\":\"Gastronom&iacute;a persa al alcance de tus manos\",\"publisher\":{\"@id\":\"https:\/\/deliciaspersas.com\/en\/#organization\"},\"potentialAction\":[{\"@type\":\"SearchAction\",\"target\":{\"@type\":\"EntryPoint\",\"urlTemplate\":\"https:\/\/deliciaspersas.com\/en\/?s={search_term_string}\"},\"query-input\":{\"@type\":\"PropertyValueSpecification\",\"valueRequired\":true,\"valueName\":\"search_term_string\"}}],\"inLanguage\":\"en-US\"},{\"@type\":\"Organization\",\"@id\":\"https:\/\/deliciaspersas.com\/en\/#organization\",\"name\":\"Delicias Persas\",\"url\":\"https:\/\/deliciaspersas.com\/en\/\",\"logo\":{\"@type\":\"ImageObject\",\"inLanguage\":\"en-US\",\"@id\":\"https:\/\/deliciaspersas.com\/en\/#\/schema\/logo\/image\/\",\"url\":\"https:\/\/deliciaspersas.com\/wp-content\/uploads\/2020\/07\/logo-2020.png\",\"contentUrl\":\"https:\/\/deliciaspersas.com\/wp-content\/uploads\/2020\/07\/logo-2020.png\",\"width\":520,\"height\":490,\"caption\":\"Delicias Persas\"},\"image\":{\"@id\":\"https:\/\/deliciaspersas.com\/en\/#\/schema\/logo\/image\/\"},\"sameAs\":[\"https:\/\/www.facebook.com\/Deliciaspersas\",\"https:\/\/www.instagram.com\/delicias_persas\/\",\"https:\/\/www.linkedin.com\/delicias-persas\"]}]}<\/script>\n<!-- \/ Yoast SEO plugin. -->","yoast_head_json":{"title":"Jengibre deshidratado Sin Az\u00facar (zanjebi) 100g Granel - Delicias Persas","robots":{"index":"index","follow":"follow","max-snippet":"max-snippet:-1","max-image-preview":"max-image-preview:large","max-video-preview":"max-video-preview:-1"},"canonical":"https:\/\/deliciaspersas.com\/en\/tienda\/secos\/jengibre-deshidratado-sin-azucar-zanjebi-100g-granel\/","og_locale":"en_US","og_type":"article","og_title":"Jengibre deshidratado Sin Az\u00facar (zanjebi) 100g Granel - Delicias Persas","og_description":"Jengibre deshidratado con Az\u00facar (zanjebi) 100g Granel &nbsp; Esta ra\u00edz de origen asi\u00e1tico tiene m\u00faltiples beneficios para la salud digestiva, respiratoria y muscular. Se puede comer\u00a0solo o bien con muesli, yogur o bien triturado con zumo de frutas naturales.","og_url":"https:\/\/deliciaspersas.com\/en\/tienda\/secos\/jengibre-deshidratado-sin-azucar-zanjebi-100g-granel\/","og_site_name":"Delicias Persas","article_publisher":"https:\/\/www.facebook.com\/Deliciaspersas","article_modified_time":"2024-02-26T09:14:13+00:00","og_image":[{"width":450,"height":294,"url":"https:\/\/deliciaspersas.com\/wp-content\/uploads\/Jengibre-deshidratado-sin-azucar.webp","type":"image\/webp"}],"twitter_card":"summary_large_image","twitter_misc":{"Est. reading time":"1 minute"},"schema":{"@context":"https:\/\/schema.org","@graph":[{"@type":"WebPage","@id":"https:\/\/deliciaspersas.com\/en\/tienda\/secos\/jengibre-deshidratado-sin-azucar-zanjebi-100g-granel\/","url":"https:\/\/deliciaspersas.com\/en\/tienda\/secos\/jengibre-deshidratado-sin-azucar-zanjebi-100g-granel\/","name":"Jengibre deshidratado Sin Az\u00facar (zanjebi) 100g Granel - Delicias Persas","isPartOf":{"@id":"https:\/\/deliciaspersas.com\/en\/#website"},"primaryImageOfPage":{"@id":"https:\/\/deliciaspersas.com\/en\/tienda\/secos\/jengibre-deshidratado-sin-azucar-zanjebi-100g-granel\/#primaryimage"},"image":{"@id":"https:\/\/deliciaspersas.com\/en\/tienda\/secos\/jengibre-deshidratado-sin-azucar-zanjebi-100g-granel\/#primaryimage"},"thumbnailUrl":"https:\/\/deliciaspersas.com\/wp-content\/uploads\/Jengibre-deshidratado-sin-azucar.webp","datePublished":"2023-11-14T18:18:51+00:00","dateModified":"2024-02-26T09:14:13+00:00","breadcrumb":{"@id":"https:\/\/deliciaspersas.com\/en\/tienda\/secos\/jengibre-deshidratado-sin-azucar-zanjebi-100g-granel\/#breadcrumb"},"inLanguage":"en-US","potentialAction":[{"@type":"ReadAction","target":["https:\/\/deliciaspersas.com\/en\/tienda\/secos\/jengibre-deshidratado-sin-azucar-zanjebi-100g-granel\/"]}]},{"@type":"ImageObject","inLanguage":"en-US","@id":"https:\/\/deliciaspersas.com\/en\/tienda\/secos\/jengibre-deshidratado-sin-azucar-zanjebi-100g-granel\/#primaryimage","url":"https:\/\/deliciaspersas.com\/wp-content\/uploads\/Jengibre-deshidratado-sin-azucar.webp","contentUrl":"https:\/\/deliciaspersas.com\/wp-content\/uploads\/Jengibre-deshidratado-sin-azucar.webp","width":450,"height":294},{"@type":"BreadcrumbList","@id":"https:\/\/deliciaspersas.com\/en\/tienda\/secos\/jengibre-deshidratado-sin-azucar-zanjebi-100g-granel\/#breadcrumb","itemListElement":[{"@type":"ListItem","position":1,"name":"Portada","item":"https:\/\/deliciaspersas.com\/en\/"},{"@type":"ListItem","position":2,"name":"Tienda","item":"https:\/\/deliciaspersas.com\/"},{"@type":"ListItem","position":3,"name":"Jengibre deshidratado Sin Az\u00facar (zanjebi) 100g Granel"}]},{"@type":"WebSite","@id":"https:\/\/deliciaspersas.com\/en\/#website","url":"https:\/\/deliciaspersas.com\/en\/","name":"Delicias Persas","description":"Gastronom&iacute;a persa al alcance de tus manos","publisher":{"@id":"https:\/\/deliciaspersas.com\/en\/#organization"},"potentialAction":[{"@type":"SearchAction","target":{"@type":"EntryPoint","urlTemplate":"https:\/\/deliciaspersas.com\/en\/?s={search_term_string}"},"query-input":{"@type":"PropertyValueSpecification","valueRequired":true,"valueName":"search_term_string"}}],"inLanguage":"en-US"},{"@type":"Organization","@id":"https:\/\/deliciaspersas.com\/en\/#organization","name":"Delicias Persas","url":"https:\/\/deliciaspersas.com\/en\/","logo":{"@type":"ImageObject","inLanguage":"en-US","@id":"https:\/\/deliciaspersas.com\/en\/#\/schema\/logo\/image\/","url":"https:\/\/deliciaspersas.com\/wp-content\/uploads\/2020\/07\/logo-2020.png","contentUrl":"https:\/\/deliciaspersas.com\/wp-content\/uploads\/2020\/07\/logo-2020.png","width":520,"height":490,"caption":"Delicias Persas"},"image":{"@id":"https:\/\/deliciaspersas.com\/en\/#\/schema\/logo\/image\/"},"sameAs":["https:\/\/www.facebook.com\/Deliciaspersas","https:\/\/www.instagram.com\/delicias_persas\/","https:\/\/www.linkedin.com\/delicias-persas"]}]}},"uagb_featured_image_src":{"full":["https:\/\/deliciaspersas.com\/wp-content\/uploads\/Jengibre-deshidratado-sin-azucar.webp",450,294,false],"thumbnail":["https:\/\/deliciaspersas.com\/wp-content\/uploads\/Jengibre-deshidratado-sin-azucar-150x150.webp",150,150,true],"medium":["https:\/\/deliciaspersas.com\/wp-content\/uploads\/Jengibre-deshidratado-sin-azucar-300x196.webp",300,196,true],"medium_large":["https:\/\/deliciaspersas.com\/wp-content\/uploads\/Jengibre-deshidratado-sin-azucar.webp",450,294,false],"large":["https:\/\/deliciaspersas.com\/wp-content\/uploads\/Jengibre-deshidratado-sin-azucar.webp",450,294,false],"1536x1536":["https:\/\/deliciaspersas.com\/wp-content\/uploads\/Jengibre-deshidratado-sin-azucar.webp",450,294,false],"2048x2048":["https:\/\/deliciaspersas.com\/wp-content\/uploads\/Jengibre-deshidratado-sin-azucar.webp",450,294,false],"woocommerce_thumbnail":["https:\/\/deliciaspersas.com\/wp-content\/uploads\/Jengibre-deshidratado-sin-azucar-300x294.webp",300,294,true],"woocommerce_single":["https:\/\/deliciaspersas.com\/wp-content\/uploads\/Jengibre-deshidratado-sin-azucar.webp",450,294,false],"woocommerce_gallery_thumbnail":["https:\/\/deliciaspersas.com\/wp-content\/uploads\/Jengibre-deshidratado-sin-azucar-100x100.webp",100,100,true]},"uagb_author_info":{"display_name":"admin","author_link":"https:\/\/deliciaspersas.com\/en\/author\/"},"uagb_comment_info":0,"uagb_excerpt":"Jengibre deshidratado con Az\u00facar (zanjebi) 100g Granel &nbsp; Esta ra\u00edz de origen asi\u00e1tico tiene m\u00faltiples beneficios para la salud digestiva, respiratoria y muscular. Se puede comer\u00a0solo o bien con muesli, yogur o bien triturado con zumo de frutas naturales.","brands":[{"id":113,"name":"Dayan","slug":"dayan-2"}],"_links":{"self":[{"href":"https:\/\/deliciaspersas.com\/en\/wp-json\/wp\/v2\/product\/12610"}],"collection":[{"href":"https:\/\/deliciaspersas.com\/en\/wp-json\/wp\/v2\/product"}],"about":[{"href":"https:\/\/deliciaspersas.com\/en\/wp-json\/wp\/v2\/types\/product"}],"wp:featuredmedia":[{"embeddable":true,"href":"https:\/\/deliciaspersas.com\/en\/wp-json\/wp\/v2\/media\/12611"}],"wp:attachment":[{"href":"https:\/\/deliciaspersas.com\/en\/wp-json\/wp\/v2\/media?parent=12610"}],"wp:term":[{"taxonomy":"pwb-brand","embeddable":true,"href":"https:\/\/deliciaspersas.com\/en\/wp-json\/wp\/v2\/pwb-brand?post=12610"},{"taxonomy":"product_cat","embeddable":true,"href":"https:\/\/deliciaspersas.com\/en\/wp-json\/wp\/v2\/product_cat?post=12610"},{"taxonomy":"product_tag","embeddable":true,"href":"https:\/\/deliciaspersas.com\/en\/wp-json\/wp\/v2\/product_tag?post=12610"}],"curies":[{"name":"wp","href":"https:\/\/api.w.org\/{rel}","templated":true}]}}