{"id":12885,"date":"2023-12-13T18:15:12","date_gmt":"2023-12-13T17:15:12","guid":{"rendered":"https:\/\/deliciaspersas.com\/?post_type=product&#038;p=12885"},"modified":"2025-03-17T14:26:24","modified_gmt":"2025-03-17T13:26:24","slug":"lokum-mix-sabores-delicias-turcas-360g-sebahat","status":"publish","type":"product","link":"https:\/\/deliciaspersas.com\/en\/tienda\/delicias-dulces\/lokum-mix-sabores-delicias-turcas-360g-sebahat\/","title":{"rendered":"Lokum Mix Sabores (delicias turcas) 360g &#8211; Sebahat"},"content":{"rendered":"<h1>Lokum Mix Sabores (delicias turcas) 360g &#8211; Sebahat<\/h1>\n<p>&nbsp;<\/p>\n<p>Aut\u00e9ntico surtido de delicias turcas aromatizadas con naranja, manzana y granada y rematadas con una capa de az\u00facar glas. Esta deliciosa delicia turca ha sido elaborada seg\u00fan una receta tradicional por la familia Sebahat durante generaciones utilizando \u00fanicamente sabores naturales.<\/p>\n<p>Para al\u00e9rgenos, consulte los ingredientes enumerados en negrita.<\/p>\n<p>Az\u00facar, agua, Almid\u00f3n de Trigo, Aromas, Colorantes (E141, E161b, E163) Acidulante: \u00c1cido C\u00edtrico.<\/p>\n<p>Este producto se envasa en una instalaci\u00f3n que manipula leche, gluten, soja, s\u00e9samo, frutos secos y cacahuetes.<\/p>\n","protected":false},"excerpt":{"rendered":"<p>Lokum Mix Sabores (delicias turcas) 360g &#8211; Sebahat &nbsp; Aut\u00e9ntico surtido de delicias turcas aromatizadas con naranja, manzana y granada y rematadas con una capa de az\u00facar glas. Esta deliciosa delicia turca ha sido elaborada seg\u00fan una receta tradicional por la familia Sebahat durante generaciones utilizando \u00fanicamente sabores naturales. Para al\u00e9rgenos, consulte los ingredientes enumerados [&hellip;]<\/p>\n","protected":false},"featured_media":12898,"template":"","meta":{"_surecart_dashboard_logo_width":"180px","_surecart_dashboard_show_logo":true,"_surecart_dashboard_navigation_orders":true,"_surecart_dashboard_navigation_invoices":true,"_surecart_dashboard_navigation_subscriptions":true,"_surecart_dashboard_navigation_downloads":true,"_surecart_dashboard_navigation_billing":true,"_surecart_dashboard_navigation_account":true,"_uag_custom_page_level_css":"","site-sidebar-layout":"default","site-content-layout":"default","ast-site-content-layout":"default","site-content-style":"default","site-sidebar-style":"default","ast-global-header-display":"","ast-banner-title-visibility":"","ast-main-header-display":"","ast-hfb-above-header-display":"","ast-hfb-below-header-display":"","ast-hfb-mobile-header-display":"","site-post-title":"","ast-breadcrumbs-content":"","ast-featured-img":"","footer-sml-layout":"","theme-transparent-header-meta":"default","adv-header-id-meta":"","stick-header-meta":"","header-above-stick-meta":"","header-main-stick-meta":"","header-below-stick-meta":"","astra-migrate-meta-layouts":"set","ast-page-background-enabled":"default","ast-page-background-meta":{"desktop":{"background-color":"","background-image":"","background-repeat":"repeat","background-position":"center center","background-size":"auto","background-attachment":"scroll","background-type":"","background-media":"","overlay-type":"","overlay-color":"","overlay-opacity":"","overlay-gradient":""},"tablet":{"background-color":"","background-image":"","background-repeat":"repeat","background-position":"center center","background-size":"auto","background-attachment":"scroll","background-type":"","background-media":"","overlay-type":"","overlay-color":"","overlay-opacity":"","overlay-gradient":""},"mobile":{"background-color":"","background-image":"","background-repeat":"repeat","background-position":"center center","background-size":"auto","background-attachment":"scroll","background-type":"","background-media":"","overlay-type":"","overlay-color":"","overlay-opacity":"","overlay-gradient":""}},"ast-content-background-meta":{"desktop":{"background-color":"var(--ast-global-color-5)","background-image":"","background-repeat":"repeat","background-position":"center center","background-size":"auto","background-attachment":"scroll","background-type":"","background-media":"","overlay-type":"","overlay-color":"","overlay-opacity":"","overlay-gradient":""},"tablet":{"background-color":"var(--ast-global-color-5)","background-image":"","background-repeat":"repeat","background-position":"center center","background-size":"auto","background-attachment":"scroll","background-type":"","background-media":"","overlay-type":"","overlay-color":"","overlay-opacity":"","overlay-gradient":""},"mobile":{"background-color":"var(--ast-global-color-5)","background-image":"","background-repeat":"repeat","background-position":"center center","background-size":"auto","background-attachment":"scroll","background-type":"","background-media":"","overlay-type":"","overlay-color":"","overlay-opacity":"","overlay-gradient":""}}},"pwb-brand":[1197],"product_cat":[31,106,1228],"product_tag":[706,1212,1210,1211,1209,1213,291],"class_list":{"0":"post-12885","1":"product","2":"type-product","3":"status-publish","4":"has-post-thumbnail","6":"pwb-brand-sebahat","7":"product_cat-delicias-dulces","8":"product_cat-nuevos-productos","9":"product_cat-productos-turcos-dulces-delicias-turcas-en-madrid","10":"product_tag-baklava","11":"product_tag-baslogh","12":"product_tag-delicias-turcos","13":"product_tag-lokum","14":"product_tag-sebahat","15":"product_tag-1213","16":"product_tag-291","17":"desktop-align-center","18":"tablet-align-center","19":"mobile-align-center","21":"first","22":"outofstock","23":"taxable","24":"shipping-taxable","25":"purchasable","26":"product-type-simple"},"yoast_head":"<!-- This site is optimized with the Yoast SEO plugin v23.6 - https:\/\/yoast.com\/wordpress\/plugins\/seo\/ -->\n<title>Lokum Mix Sabores (delicias turcas) 360g - Sebahat - Delicias Persas<\/title>\n<meta name=\"robots\" content=\"index, follow, max-snippet:-1, max-image-preview:large, max-video-preview:-1\" \/>\n<link rel=\"canonical\" href=\"https:\/\/deliciaspersas.com\/en\/tienda\/delicias-dulces\/lokum-mix-sabores-delicias-turcas-360g-sebahat\/\" \/>\n<meta property=\"og:locale\" content=\"en_US\" \/>\n<meta property=\"og:type\" content=\"article\" \/>\n<meta property=\"og:title\" content=\"Lokum Mix Sabores (delicias turcas) 360g - Sebahat - Delicias Persas\" \/>\n<meta property=\"og:description\" content=\"Lokum Mix Sabores (delicias turcas) 360g &#8211; Sebahat &nbsp; Aut\u00e9ntico surtido de delicias turcas aromatizadas con naranja, manzana y granada y rematadas con una capa de az\u00facar glas. Esta deliciosa delicia turca ha sido elaborada seg\u00fan una receta tradicional por la familia Sebahat durante generaciones utilizando \u00fanicamente sabores naturales. Para al\u00e9rgenos, consulte los ingredientes enumerados [&hellip;]\" \/>\n<meta property=\"og:url\" content=\"https:\/\/deliciaspersas.com\/en\/tienda\/delicias-dulces\/lokum-mix-sabores-delicias-turcas-360g-sebahat\/\" \/>\n<meta property=\"og:site_name\" content=\"Delicias Persas\" \/>\n<meta property=\"article:publisher\" content=\"https:\/\/www.facebook.com\/Deliciaspersas\" \/>\n<meta property=\"article:modified_time\" content=\"2025-03-17T13:26:24+00:00\" \/>\n<meta property=\"og:image\" content=\"https:\/\/deliciaspersas.com\/wp-content\/uploads\/lokum-mix-400g.png\" \/>\n\t<meta property=\"og:image:width\" content=\"405\" \/>\n\t<meta property=\"og:image:height\" content=\"335\" \/>\n\t<meta property=\"og:image:type\" content=\"image\/png\" \/>\n<meta name=\"twitter:card\" content=\"summary_large_image\" \/>\n<meta name=\"twitter:label1\" content=\"Est. reading time\" \/>\n\t<meta name=\"twitter:data1\" content=\"1 minute\" \/>\n<script type=\"application\/ld+json\" class=\"yoast-schema-graph\">{\"@context\":\"https:\/\/schema.org\",\"@graph\":[{\"@type\":\"WebPage\",\"@id\":\"https:\/\/deliciaspersas.com\/en\/tienda\/delicias-dulces\/lokum-mix-sabores-delicias-turcas-360g-sebahat\/\",\"url\":\"https:\/\/deliciaspersas.com\/en\/tienda\/delicias-dulces\/lokum-mix-sabores-delicias-turcas-360g-sebahat\/\",\"name\":\"Lokum Mix Sabores (delicias turcas) 360g - Sebahat - Delicias Persas\",\"isPartOf\":{\"@id\":\"https:\/\/deliciaspersas.com\/en\/#website\"},\"primaryImageOfPage\":{\"@id\":\"https:\/\/deliciaspersas.com\/en\/tienda\/delicias-dulces\/lokum-mix-sabores-delicias-turcas-360g-sebahat\/#primaryimage\"},\"image\":{\"@id\":\"https:\/\/deliciaspersas.com\/en\/tienda\/delicias-dulces\/lokum-mix-sabores-delicias-turcas-360g-sebahat\/#primaryimage\"},\"thumbnailUrl\":\"https:\/\/deliciaspersas.com\/wp-content\/uploads\/lokum-mix-400g.png\",\"datePublished\":\"2023-12-13T17:15:12+00:00\",\"dateModified\":\"2025-03-17T13:26:24+00:00\",\"breadcrumb\":{\"@id\":\"https:\/\/deliciaspersas.com\/en\/tienda\/delicias-dulces\/lokum-mix-sabores-delicias-turcas-360g-sebahat\/#breadcrumb\"},\"inLanguage\":\"en-US\",\"potentialAction\":[{\"@type\":\"ReadAction\",\"target\":[\"https:\/\/deliciaspersas.com\/en\/tienda\/delicias-dulces\/lokum-mix-sabores-delicias-turcas-360g-sebahat\/\"]}]},{\"@type\":\"ImageObject\",\"inLanguage\":\"en-US\",\"@id\":\"https:\/\/deliciaspersas.com\/en\/tienda\/delicias-dulces\/lokum-mix-sabores-delicias-turcas-360g-sebahat\/#primaryimage\",\"url\":\"https:\/\/deliciaspersas.com\/wp-content\/uploads\/lokum-mix-400g.png\",\"contentUrl\":\"https:\/\/deliciaspersas.com\/wp-content\/uploads\/lokum-mix-400g.png\",\"width\":405,\"height\":335},{\"@type\":\"BreadcrumbList\",\"@id\":\"https:\/\/deliciaspersas.com\/en\/tienda\/delicias-dulces\/lokum-mix-sabores-delicias-turcas-360g-sebahat\/#breadcrumb\",\"itemListElement\":[{\"@type\":\"ListItem\",\"position\":1,\"name\":\"Portada\",\"item\":\"https:\/\/deliciaspersas.com\/en\/\"},{\"@type\":\"ListItem\",\"position\":2,\"name\":\"Tienda\",\"item\":\"https:\/\/deliciaspersas.com\/\"},{\"@type\":\"ListItem\",\"position\":3,\"name\":\"Lokum Mix Sabores (delicias turcas) 360g &#8211; Sebahat\"}]},{\"@type\":\"WebSite\",\"@id\":\"https:\/\/deliciaspersas.com\/en\/#website\",\"url\":\"https:\/\/deliciaspersas.com\/en\/\",\"name\":\"Delicias Persas\",\"description\":\"Gastronom&iacute;a persa al alcance de tus manos\",\"publisher\":{\"@id\":\"https:\/\/deliciaspersas.com\/en\/#organization\"},\"potentialAction\":[{\"@type\":\"SearchAction\",\"target\":{\"@type\":\"EntryPoint\",\"urlTemplate\":\"https:\/\/deliciaspersas.com\/en\/?s={search_term_string}\"},\"query-input\":{\"@type\":\"PropertyValueSpecification\",\"valueRequired\":true,\"valueName\":\"search_term_string\"}}],\"inLanguage\":\"en-US\"},{\"@type\":\"Organization\",\"@id\":\"https:\/\/deliciaspersas.com\/en\/#organization\",\"name\":\"Delicias Persas\",\"url\":\"https:\/\/deliciaspersas.com\/en\/\",\"logo\":{\"@type\":\"ImageObject\",\"inLanguage\":\"en-US\",\"@id\":\"https:\/\/deliciaspersas.com\/en\/#\/schema\/logo\/image\/\",\"url\":\"https:\/\/deliciaspersas.com\/wp-content\/uploads\/2020\/07\/logo-2020.png\",\"contentUrl\":\"https:\/\/deliciaspersas.com\/wp-content\/uploads\/2020\/07\/logo-2020.png\",\"width\":520,\"height\":490,\"caption\":\"Delicias Persas\"},\"image\":{\"@id\":\"https:\/\/deliciaspersas.com\/en\/#\/schema\/logo\/image\/\"},\"sameAs\":[\"https:\/\/www.facebook.com\/Deliciaspersas\",\"https:\/\/www.instagram.com\/delicias_persas\/\",\"https:\/\/www.linkedin.com\/delicias-persas\"]}]}<\/script>\n<!-- \/ Yoast SEO plugin. -->","yoast_head_json":{"title":"Lokum Mix Sabores (delicias turcas) 360g - Sebahat - Delicias Persas","robots":{"index":"index","follow":"follow","max-snippet":"max-snippet:-1","max-image-preview":"max-image-preview:large","max-video-preview":"max-video-preview:-1"},"canonical":"https:\/\/deliciaspersas.com\/en\/tienda\/delicias-dulces\/lokum-mix-sabores-delicias-turcas-360g-sebahat\/","og_locale":"en_US","og_type":"article","og_title":"Lokum Mix Sabores (delicias turcas) 360g - Sebahat - Delicias Persas","og_description":"Lokum Mix Sabores (delicias turcas) 360g &#8211; Sebahat &nbsp; Aut\u00e9ntico surtido de delicias turcas aromatizadas con naranja, manzana y granada y rematadas con una capa de az\u00facar glas. Esta deliciosa delicia turca ha sido elaborada seg\u00fan una receta tradicional por la familia Sebahat durante generaciones utilizando \u00fanicamente sabores naturales. Para al\u00e9rgenos, consulte los ingredientes enumerados [&hellip;]","og_url":"https:\/\/deliciaspersas.com\/en\/tienda\/delicias-dulces\/lokum-mix-sabores-delicias-turcas-360g-sebahat\/","og_site_name":"Delicias Persas","article_publisher":"https:\/\/www.facebook.com\/Deliciaspersas","article_modified_time":"2025-03-17T13:26:24+00:00","og_image":[{"width":405,"height":335,"url":"https:\/\/deliciaspersas.com\/wp-content\/uploads\/lokum-mix-400g.png","type":"image\/png"}],"twitter_card":"summary_large_image","twitter_misc":{"Est. reading time":"1 minute"},"schema":{"@context":"https:\/\/schema.org","@graph":[{"@type":"WebPage","@id":"https:\/\/deliciaspersas.com\/en\/tienda\/delicias-dulces\/lokum-mix-sabores-delicias-turcas-360g-sebahat\/","url":"https:\/\/deliciaspersas.com\/en\/tienda\/delicias-dulces\/lokum-mix-sabores-delicias-turcas-360g-sebahat\/","name":"Lokum Mix Sabores (delicias turcas) 360g - Sebahat - Delicias Persas","isPartOf":{"@id":"https:\/\/deliciaspersas.com\/en\/#website"},"primaryImageOfPage":{"@id":"https:\/\/deliciaspersas.com\/en\/tienda\/delicias-dulces\/lokum-mix-sabores-delicias-turcas-360g-sebahat\/#primaryimage"},"image":{"@id":"https:\/\/deliciaspersas.com\/en\/tienda\/delicias-dulces\/lokum-mix-sabores-delicias-turcas-360g-sebahat\/#primaryimage"},"thumbnailUrl":"https:\/\/deliciaspersas.com\/wp-content\/uploads\/lokum-mix-400g.png","datePublished":"2023-12-13T17:15:12+00:00","dateModified":"2025-03-17T13:26:24+00:00","breadcrumb":{"@id":"https:\/\/deliciaspersas.com\/en\/tienda\/delicias-dulces\/lokum-mix-sabores-delicias-turcas-360g-sebahat\/#breadcrumb"},"inLanguage":"en-US","potentialAction":[{"@type":"ReadAction","target":["https:\/\/deliciaspersas.com\/en\/tienda\/delicias-dulces\/lokum-mix-sabores-delicias-turcas-360g-sebahat\/"]}]},{"@type":"ImageObject","inLanguage":"en-US","@id":"https:\/\/deliciaspersas.com\/en\/tienda\/delicias-dulces\/lokum-mix-sabores-delicias-turcas-360g-sebahat\/#primaryimage","url":"https:\/\/deliciaspersas.com\/wp-content\/uploads\/lokum-mix-400g.png","contentUrl":"https:\/\/deliciaspersas.com\/wp-content\/uploads\/lokum-mix-400g.png","width":405,"height":335},{"@type":"BreadcrumbList","@id":"https:\/\/deliciaspersas.com\/en\/tienda\/delicias-dulces\/lokum-mix-sabores-delicias-turcas-360g-sebahat\/#breadcrumb","itemListElement":[{"@type":"ListItem","position":1,"name":"Portada","item":"https:\/\/deliciaspersas.com\/en\/"},{"@type":"ListItem","position":2,"name":"Tienda","item":"https:\/\/deliciaspersas.com\/"},{"@type":"ListItem","position":3,"name":"Lokum Mix Sabores (delicias turcas) 360g &#8211; Sebahat"}]},{"@type":"WebSite","@id":"https:\/\/deliciaspersas.com\/en\/#website","url":"https:\/\/deliciaspersas.com\/en\/","name":"Delicias Persas","description":"Gastronom&iacute;a persa al alcance de tus manos","publisher":{"@id":"https:\/\/deliciaspersas.com\/en\/#organization"},"potentialAction":[{"@type":"SearchAction","target":{"@type":"EntryPoint","urlTemplate":"https:\/\/deliciaspersas.com\/en\/?s={search_term_string}"},"query-input":{"@type":"PropertyValueSpecification","valueRequired":true,"valueName":"search_term_string"}}],"inLanguage":"en-US"},{"@type":"Organization","@id":"https:\/\/deliciaspersas.com\/en\/#organization","name":"Delicias Persas","url":"https:\/\/deliciaspersas.com\/en\/","logo":{"@type":"ImageObject","inLanguage":"en-US","@id":"https:\/\/deliciaspersas.com\/en\/#\/schema\/logo\/image\/","url":"https:\/\/deliciaspersas.com\/wp-content\/uploads\/2020\/07\/logo-2020.png","contentUrl":"https:\/\/deliciaspersas.com\/wp-content\/uploads\/2020\/07\/logo-2020.png","width":520,"height":490,"caption":"Delicias Persas"},"image":{"@id":"https:\/\/deliciaspersas.com\/en\/#\/schema\/logo\/image\/"},"sameAs":["https:\/\/www.facebook.com\/Deliciaspersas","https:\/\/www.instagram.com\/delicias_persas\/","https:\/\/www.linkedin.com\/delicias-persas"]}]}},"uagb_featured_image_src":{"full":["https:\/\/deliciaspersas.com\/wp-content\/uploads\/lokum-mix-400g.png",405,335,false],"thumbnail":["https:\/\/deliciaspersas.com\/wp-content\/uploads\/lokum-mix-400g-150x150.png",150,150,true],"medium":["https:\/\/deliciaspersas.com\/wp-content\/uploads\/lokum-mix-400g-300x248.png",300,248,true],"medium_large":["https:\/\/deliciaspersas.com\/wp-content\/uploads\/lokum-mix-400g.png",405,335,false],"large":["https:\/\/deliciaspersas.com\/wp-content\/uploads\/lokum-mix-400g.png",405,335,false],"1536x1536":["https:\/\/deliciaspersas.com\/wp-content\/uploads\/lokum-mix-400g.png",405,335,false],"2048x2048":["https:\/\/deliciaspersas.com\/wp-content\/uploads\/lokum-mix-400g.png",405,335,false],"woocommerce_thumbnail":["https:\/\/deliciaspersas.com\/wp-content\/uploads\/lokum-mix-400g-300x300.png",300,300,true],"woocommerce_single":["https:\/\/deliciaspersas.com\/wp-content\/uploads\/lokum-mix-400g.png",405,335,false],"woocommerce_gallery_thumbnail":["https:\/\/deliciaspersas.com\/wp-content\/uploads\/lokum-mix-400g-100x100.png",100,100,true]},"uagb_author_info":{"display_name":"admin","author_link":"https:\/\/deliciaspersas.com\/en\/author\/"},"uagb_comment_info":0,"uagb_excerpt":"Lokum Mix Sabores (delicias turcas) 360g &#8211; Sebahat &nbsp; Aut\u00e9ntico surtido de delicias turcas aromatizadas con naranja, manzana y granada y rematadas con una capa de az\u00facar glas. Esta deliciosa delicia turca ha sido elaborada seg\u00fan una receta tradicional por la familia Sebahat durante generaciones utilizando \u00fanicamente sabores naturales. Para al\u00e9rgenos, consulte los ingredientes enumerados&hellip;","brands":[{"id":1197,"name":"Sebahat","slug":"sebahat"}],"_links":{"self":[{"href":"https:\/\/deliciaspersas.com\/en\/wp-json\/wp\/v2\/product\/12885"}],"collection":[{"href":"https:\/\/deliciaspersas.com\/en\/wp-json\/wp\/v2\/product"}],"about":[{"href":"https:\/\/deliciaspersas.com\/en\/wp-json\/wp\/v2\/types\/product"}],"wp:featuredmedia":[{"embeddable":true,"href":"https:\/\/deliciaspersas.com\/en\/wp-json\/wp\/v2\/media\/12898"}],"wp:attachment":[{"href":"https:\/\/deliciaspersas.com\/en\/wp-json\/wp\/v2\/media?parent=12885"}],"wp:term":[{"taxonomy":"pwb-brand","embeddable":true,"href":"https:\/\/deliciaspersas.com\/en\/wp-json\/wp\/v2\/pwb-brand?post=12885"},{"taxonomy":"product_cat","embeddable":true,"href":"https:\/\/deliciaspersas.com\/en\/wp-json\/wp\/v2\/product_cat?post=12885"},{"taxonomy":"product_tag","embeddable":true,"href":"https:\/\/deliciaspersas.com\/en\/wp-json\/wp\/v2\/product_tag?post=12885"}],"curies":[{"name":"wp","href":"https:\/\/api.w.org\/{rel}","templated":true}]}}