{"id":13353,"date":"2024-02-13T18:11:34","date_gmt":"2024-02-13T17:11:34","guid":{"rendered":"https:\/\/deliciaspersas.com\/?post_type=product&#038;p=13353"},"modified":"2025-04-15T11:44:40","modified_gmt":"2025-04-15T09:44:40","slug":"azucar-en-cubos-shekar-panir-400g-pamir","status":"publish","type":"product","link":"https:\/\/deliciaspersas.com\/en\/tienda\/delicias-dulces\/azucar-en-cubos-shekar-panir-400g-pamir\/","title":{"rendered":"Az\u00facar en cubos ( Shekar panir ) 400g pamir"},"content":{"rendered":"<h1>Az\u00facar en cubos\u00a0( Shekar panir ) 400g pamir<\/h1>\n<p>&nbsp;<\/p>\n<p>El shekarpanir es un dulce que se elabora a partir de la concentraci\u00f3n de una mezcla de az\u00facar y agua, y se le a\u00f1aden aromas naturales como cardamomo en polvo, coco en polvo, etc. El queso azucarado es un recuerdo de Bojnoord; Pero desde los a\u00f1os 80, debido a la producci\u00f3n en masa de las f\u00e1bricas en otras ciudades de la regi\u00f3n de Joras\u00e1n, entre ellas Mashhad, Gorgan, etc., este producto ha sido eliminado del monopolio de Bojnord. El queso de az\u00facar es un tipo de dulce de Bojnord y Shirvan. El az\u00facar del queso es una mezcla de agua y az\u00facar que se deja hervir y alcanzar cierto grado de consistencia. Cuando est\u00e1 lista, la extienden sobre la carga de piedras y dos personas la van tirando regularmente por ambos lados hasta que el az\u00facar rojo se vuelve blanco. Luego se corta con unas tijeras para que quede redondo y cuadrado. Luego lo vierten en harina hasta que se vuelve pegajoso y para que quede delicioso le a\u00f1aden aceites esenciales como el de cardamomo y naranja.<\/p>\n","protected":false},"excerpt":{"rendered":"<p>Az\u00facar en cubos\u00a0( Shekar panir ) 400g pamir &nbsp; El shekarpanir es un dulce que se elabora a partir de la concentraci\u00f3n de una mezcla de az\u00facar y agua, y se le a\u00f1aden aromas naturales como cardamomo en polvo, coco en polvo, etc. El queso azucarado es un recuerdo de Bojnoord; Pero desde los a\u00f1os [&hellip;]<\/p>\n","protected":false},"featured_media":13370,"template":"","meta":{"_surecart_dashboard_logo_width":"180px","_surecart_dashboard_show_logo":true,"_surecart_dashboard_navigation_orders":true,"_surecart_dashboard_navigation_invoices":true,"_surecart_dashboard_navigation_subscriptions":true,"_surecart_dashboard_navigation_downloads":true,"_surecart_dashboard_navigation_billing":true,"_surecart_dashboard_navigation_account":true,"_uag_custom_page_level_css":"","site-sidebar-layout":"default","site-content-layout":"","ast-site-content-layout":"default","site-content-style":"default","site-sidebar-style":"default","ast-global-header-display":"","ast-banner-title-visibility":"","ast-main-header-display":"","ast-hfb-above-header-display":"","ast-hfb-below-header-display":"","ast-hfb-mobile-header-display":"","site-post-title":"","ast-breadcrumbs-content":"","ast-featured-img":"","footer-sml-layout":"","theme-transparent-header-meta":"default","adv-header-id-meta":"","stick-header-meta":"","header-above-stick-meta":"","header-main-stick-meta":"","header-below-stick-meta":"","astra-migrate-meta-layouts":"set","ast-page-background-enabled":"default","ast-page-background-meta":{"desktop":{"background-color":"","background-image":"","background-repeat":"repeat","background-position":"center center","background-size":"auto","background-attachment":"scroll","background-type":"","background-media":"","overlay-type":"","overlay-color":"","overlay-opacity":"","overlay-gradient":""},"tablet":{"background-color":"","background-image":"","background-repeat":"repeat","background-position":"center center","background-size":"auto","background-attachment":"scroll","background-type":"","background-media":"","overlay-type":"","overlay-color":"","overlay-opacity":"","overlay-gradient":""},"mobile":{"background-color":"","background-image":"","background-repeat":"repeat","background-position":"center center","background-size":"auto","background-attachment":"scroll","background-type":"","background-media":"","overlay-type":"","overlay-color":"","overlay-opacity":"","overlay-gradient":""}},"ast-content-background-meta":{"desktop":{"background-color":"var(--ast-global-color-5)","background-image":"","background-repeat":"repeat","background-position":"center center","background-size":"auto","background-attachment":"scroll","background-type":"","background-media":"","overlay-type":"","overlay-color":"","overlay-opacity":"","overlay-gradient":""},"tablet":{"background-color":"var(--ast-global-color-5)","background-image":"","background-repeat":"repeat","background-position":"center center","background-size":"auto","background-attachment":"scroll","background-type":"","background-media":"","overlay-type":"","overlay-color":"","overlay-opacity":"","overlay-gradient":""},"mobile":{"background-color":"var(--ast-global-color-5)","background-image":"","background-repeat":"repeat","background-position":"center center","background-size":"auto","background-attachment":"scroll","background-type":"","background-media":"","overlay-type":"","overlay-color":"","overlay-opacity":"","overlay-gradient":""}}},"pwb-brand":[1137],"product_cat":[47,31,106],"product_tag":[705,1252,776,1253,1254],"class_list":{"0":"post-13353","1":"product","2":"type-product","3":"status-publish","4":"has-post-thumbnail","6":"pwb-brand-pamir","7":"product_cat-azucares","8":"product_cat-delicias-dulces","9":"product_cat-nuevos-productos","10":"product_tag-azucar","11":"product_tag-pamir","12":"product_tag-queso","13":"product_tag-shekar-panir","14":"product_tag-1254","15":"desktop-align-center","16":"tablet-align-center","17":"mobile-align-center","19":"first","20":"outofstock","21":"taxable","22":"shipping-taxable","23":"purchasable","24":"product-type-simple"},"yoast_head":"<!-- This site is optimized with the Yoast SEO plugin v23.6 - https:\/\/yoast.com\/wordpress\/plugins\/seo\/ -->\n<title>Az\u00facar en cubos ( Shekar panir ) 400g pamir - Delicias Persas<\/title>\n<meta name=\"robots\" content=\"index, follow, max-snippet:-1, max-image-preview:large, max-video-preview:-1\" \/>\n<link rel=\"canonical\" href=\"https:\/\/deliciaspersas.com\/en\/tienda\/delicias-dulces\/azucar-en-cubos-shekar-panir-400g-pamir\/\" \/>\n<meta property=\"og:locale\" content=\"en_US\" \/>\n<meta property=\"og:type\" content=\"article\" \/>\n<meta property=\"og:title\" content=\"Az\u00facar en cubos ( Shekar panir ) 400g pamir - Delicias Persas\" \/>\n<meta property=\"og:description\" content=\"Az\u00facar en cubos\u00a0( Shekar panir ) 400g pamir &nbsp; El shekarpanir es un dulce que se elabora a partir de la concentraci\u00f3n de una mezcla de az\u00facar y agua, y se le a\u00f1aden aromas naturales como cardamomo en polvo, coco en polvo, etc. El queso azucarado es un recuerdo de Bojnoord; Pero desde los a\u00f1os [&hellip;]\" \/>\n<meta property=\"og:url\" content=\"https:\/\/deliciaspersas.com\/en\/tienda\/delicias-dulces\/azucar-en-cubos-shekar-panir-400g-pamir\/\" \/>\n<meta property=\"og:site_name\" content=\"Delicias Persas\" \/>\n<meta property=\"article:publisher\" content=\"https:\/\/www.facebook.com\/Deliciaspersas\" \/>\n<meta property=\"article:modified_time\" content=\"2025-04-15T09:44:40+00:00\" \/>\n<meta property=\"og:image\" content=\"https:\/\/deliciaspersas.com\/wp-content\/uploads\/Shekar-panir-pamir.jpg\" \/>\n\t<meta property=\"og:image:width\" content=\"869\" \/>\n\t<meta property=\"og:image:height\" content=\"1024\" \/>\n\t<meta property=\"og:image:type\" content=\"image\/jpeg\" \/>\n<meta name=\"twitter:card\" content=\"summary_large_image\" \/>\n<meta name=\"twitter:label1\" content=\"Est. reading time\" \/>\n\t<meta name=\"twitter:data1\" content=\"2 minutes\" \/>\n<script type=\"application\/ld+json\" class=\"yoast-schema-graph\">{\"@context\":\"https:\/\/schema.org\",\"@graph\":[{\"@type\":\"WebPage\",\"@id\":\"https:\/\/deliciaspersas.com\/en\/tienda\/delicias-dulces\/azucar-en-cubos-shekar-panir-400g-pamir\/\",\"url\":\"https:\/\/deliciaspersas.com\/en\/tienda\/delicias-dulces\/azucar-en-cubos-shekar-panir-400g-pamir\/\",\"name\":\"Az\u00facar en cubos ( Shekar panir ) 400g pamir - Delicias Persas\",\"isPartOf\":{\"@id\":\"https:\/\/deliciaspersas.com\/en\/#website\"},\"primaryImageOfPage\":{\"@id\":\"https:\/\/deliciaspersas.com\/en\/tienda\/delicias-dulces\/azucar-en-cubos-shekar-panir-400g-pamir\/#primaryimage\"},\"image\":{\"@id\":\"https:\/\/deliciaspersas.com\/en\/tienda\/delicias-dulces\/azucar-en-cubos-shekar-panir-400g-pamir\/#primaryimage\"},\"thumbnailUrl\":\"https:\/\/deliciaspersas.com\/wp-content\/uploads\/Shekar-panir-pamir.jpg\",\"datePublished\":\"2024-02-13T17:11:34+00:00\",\"dateModified\":\"2025-04-15T09:44:40+00:00\",\"breadcrumb\":{\"@id\":\"https:\/\/deliciaspersas.com\/en\/tienda\/delicias-dulces\/azucar-en-cubos-shekar-panir-400g-pamir\/#breadcrumb\"},\"inLanguage\":\"en-US\",\"potentialAction\":[{\"@type\":\"ReadAction\",\"target\":[\"https:\/\/deliciaspersas.com\/en\/tienda\/delicias-dulces\/azucar-en-cubos-shekar-panir-400g-pamir\/\"]}]},{\"@type\":\"ImageObject\",\"inLanguage\":\"en-US\",\"@id\":\"https:\/\/deliciaspersas.com\/en\/tienda\/delicias-dulces\/azucar-en-cubos-shekar-panir-400g-pamir\/#primaryimage\",\"url\":\"https:\/\/deliciaspersas.com\/wp-content\/uploads\/Shekar-panir-pamir.jpg\",\"contentUrl\":\"https:\/\/deliciaspersas.com\/wp-content\/uploads\/Shekar-panir-pamir.jpg\",\"width\":869,\"height\":1024},{\"@type\":\"BreadcrumbList\",\"@id\":\"https:\/\/deliciaspersas.com\/en\/tienda\/delicias-dulces\/azucar-en-cubos-shekar-panir-400g-pamir\/#breadcrumb\",\"itemListElement\":[{\"@type\":\"ListItem\",\"position\":1,\"name\":\"Portada\",\"item\":\"https:\/\/deliciaspersas.com\/en\/\"},{\"@type\":\"ListItem\",\"position\":2,\"name\":\"Tienda\",\"item\":\"https:\/\/deliciaspersas.com\/\"},{\"@type\":\"ListItem\",\"position\":3,\"name\":\"Az\u00facar en cubos ( Shekar panir ) 400g pamir\"}]},{\"@type\":\"WebSite\",\"@id\":\"https:\/\/deliciaspersas.com\/en\/#website\",\"url\":\"https:\/\/deliciaspersas.com\/en\/\",\"name\":\"Delicias Persas\",\"description\":\"Gastronom&iacute;a persa al alcance de tus manos\",\"publisher\":{\"@id\":\"https:\/\/deliciaspersas.com\/en\/#organization\"},\"potentialAction\":[{\"@type\":\"SearchAction\",\"target\":{\"@type\":\"EntryPoint\",\"urlTemplate\":\"https:\/\/deliciaspersas.com\/en\/?s={search_term_string}\"},\"query-input\":{\"@type\":\"PropertyValueSpecification\",\"valueRequired\":true,\"valueName\":\"search_term_string\"}}],\"inLanguage\":\"en-US\"},{\"@type\":\"Organization\",\"@id\":\"https:\/\/deliciaspersas.com\/en\/#organization\",\"name\":\"Delicias Persas\",\"url\":\"https:\/\/deliciaspersas.com\/en\/\",\"logo\":{\"@type\":\"ImageObject\",\"inLanguage\":\"en-US\",\"@id\":\"https:\/\/deliciaspersas.com\/en\/#\/schema\/logo\/image\/\",\"url\":\"https:\/\/deliciaspersas.com\/wp-content\/uploads\/2020\/07\/logo-2020.png\",\"contentUrl\":\"https:\/\/deliciaspersas.com\/wp-content\/uploads\/2020\/07\/logo-2020.png\",\"width\":520,\"height\":490,\"caption\":\"Delicias Persas\"},\"image\":{\"@id\":\"https:\/\/deliciaspersas.com\/en\/#\/schema\/logo\/image\/\"},\"sameAs\":[\"https:\/\/www.facebook.com\/Deliciaspersas\",\"https:\/\/www.instagram.com\/delicias_persas\/\",\"https:\/\/www.linkedin.com\/delicias-persas\"]}]}<\/script>\n<!-- \/ Yoast SEO plugin. -->","yoast_head_json":{"title":"Az\u00facar en cubos ( Shekar panir ) 400g pamir - Delicias Persas","robots":{"index":"index","follow":"follow","max-snippet":"max-snippet:-1","max-image-preview":"max-image-preview:large","max-video-preview":"max-video-preview:-1"},"canonical":"https:\/\/deliciaspersas.com\/en\/tienda\/delicias-dulces\/azucar-en-cubos-shekar-panir-400g-pamir\/","og_locale":"en_US","og_type":"article","og_title":"Az\u00facar en cubos ( Shekar panir ) 400g pamir - Delicias Persas","og_description":"Az\u00facar en cubos\u00a0( Shekar panir ) 400g pamir &nbsp; El shekarpanir es un dulce que se elabora a partir de la concentraci\u00f3n de una mezcla de az\u00facar y agua, y se le a\u00f1aden aromas naturales como cardamomo en polvo, coco en polvo, etc. El queso azucarado es un recuerdo de Bojnoord; Pero desde los a\u00f1os [&hellip;]","og_url":"https:\/\/deliciaspersas.com\/en\/tienda\/delicias-dulces\/azucar-en-cubos-shekar-panir-400g-pamir\/","og_site_name":"Delicias Persas","article_publisher":"https:\/\/www.facebook.com\/Deliciaspersas","article_modified_time":"2025-04-15T09:44:40+00:00","og_image":[{"width":869,"height":1024,"url":"https:\/\/deliciaspersas.com\/wp-content\/uploads\/Shekar-panir-pamir.jpg","type":"image\/jpeg"}],"twitter_card":"summary_large_image","twitter_misc":{"Est. reading time":"2 minutes"},"schema":{"@context":"https:\/\/schema.org","@graph":[{"@type":"WebPage","@id":"https:\/\/deliciaspersas.com\/en\/tienda\/delicias-dulces\/azucar-en-cubos-shekar-panir-400g-pamir\/","url":"https:\/\/deliciaspersas.com\/en\/tienda\/delicias-dulces\/azucar-en-cubos-shekar-panir-400g-pamir\/","name":"Az\u00facar en cubos ( Shekar panir ) 400g pamir - Delicias Persas","isPartOf":{"@id":"https:\/\/deliciaspersas.com\/en\/#website"},"primaryImageOfPage":{"@id":"https:\/\/deliciaspersas.com\/en\/tienda\/delicias-dulces\/azucar-en-cubos-shekar-panir-400g-pamir\/#primaryimage"},"image":{"@id":"https:\/\/deliciaspersas.com\/en\/tienda\/delicias-dulces\/azucar-en-cubos-shekar-panir-400g-pamir\/#primaryimage"},"thumbnailUrl":"https:\/\/deliciaspersas.com\/wp-content\/uploads\/Shekar-panir-pamir.jpg","datePublished":"2024-02-13T17:11:34+00:00","dateModified":"2025-04-15T09:44:40+00:00","breadcrumb":{"@id":"https:\/\/deliciaspersas.com\/en\/tienda\/delicias-dulces\/azucar-en-cubos-shekar-panir-400g-pamir\/#breadcrumb"},"inLanguage":"en-US","potentialAction":[{"@type":"ReadAction","target":["https:\/\/deliciaspersas.com\/en\/tienda\/delicias-dulces\/azucar-en-cubos-shekar-panir-400g-pamir\/"]}]},{"@type":"ImageObject","inLanguage":"en-US","@id":"https:\/\/deliciaspersas.com\/en\/tienda\/delicias-dulces\/azucar-en-cubos-shekar-panir-400g-pamir\/#primaryimage","url":"https:\/\/deliciaspersas.com\/wp-content\/uploads\/Shekar-panir-pamir.jpg","contentUrl":"https:\/\/deliciaspersas.com\/wp-content\/uploads\/Shekar-panir-pamir.jpg","width":869,"height":1024},{"@type":"BreadcrumbList","@id":"https:\/\/deliciaspersas.com\/en\/tienda\/delicias-dulces\/azucar-en-cubos-shekar-panir-400g-pamir\/#breadcrumb","itemListElement":[{"@type":"ListItem","position":1,"name":"Portada","item":"https:\/\/deliciaspersas.com\/en\/"},{"@type":"ListItem","position":2,"name":"Tienda","item":"https:\/\/deliciaspersas.com\/"},{"@type":"ListItem","position":3,"name":"Az\u00facar en cubos ( Shekar panir ) 400g pamir"}]},{"@type":"WebSite","@id":"https:\/\/deliciaspersas.com\/en\/#website","url":"https:\/\/deliciaspersas.com\/en\/","name":"Delicias Persas","description":"Gastronom&iacute;a persa al alcance de tus manos","publisher":{"@id":"https:\/\/deliciaspersas.com\/en\/#organization"},"potentialAction":[{"@type":"SearchAction","target":{"@type":"EntryPoint","urlTemplate":"https:\/\/deliciaspersas.com\/en\/?s={search_term_string}"},"query-input":{"@type":"PropertyValueSpecification","valueRequired":true,"valueName":"search_term_string"}}],"inLanguage":"en-US"},{"@type":"Organization","@id":"https:\/\/deliciaspersas.com\/en\/#organization","name":"Delicias Persas","url":"https:\/\/deliciaspersas.com\/en\/","logo":{"@type":"ImageObject","inLanguage":"en-US","@id":"https:\/\/deliciaspersas.com\/en\/#\/schema\/logo\/image\/","url":"https:\/\/deliciaspersas.com\/wp-content\/uploads\/2020\/07\/logo-2020.png","contentUrl":"https:\/\/deliciaspersas.com\/wp-content\/uploads\/2020\/07\/logo-2020.png","width":520,"height":490,"caption":"Delicias Persas"},"image":{"@id":"https:\/\/deliciaspersas.com\/en\/#\/schema\/logo\/image\/"},"sameAs":["https:\/\/www.facebook.com\/Deliciaspersas","https:\/\/www.instagram.com\/delicias_persas\/","https:\/\/www.linkedin.com\/delicias-persas"]}]}},"uagb_featured_image_src":{"full":["https:\/\/deliciaspersas.com\/wp-content\/uploads\/Shekar-panir-pamir.jpg",869,1024,false],"thumbnail":["https:\/\/deliciaspersas.com\/wp-content\/uploads\/Shekar-panir-pamir-150x150.jpg",150,150,true],"medium":["https:\/\/deliciaspersas.com\/wp-content\/uploads\/Shekar-panir-pamir-255x300.jpg",255,300,true],"medium_large":["https:\/\/deliciaspersas.com\/wp-content\/uploads\/Shekar-panir-pamir-768x905.jpg",768,905,true],"large":["https:\/\/deliciaspersas.com\/wp-content\/uploads\/Shekar-panir-pamir.jpg",869,1024,false],"1536x1536":["https:\/\/deliciaspersas.com\/wp-content\/uploads\/Shekar-panir-pamir.jpg",869,1024,false],"2048x2048":["https:\/\/deliciaspersas.com\/wp-content\/uploads\/Shekar-panir-pamir.jpg",869,1024,false],"woocommerce_thumbnail":["https:\/\/deliciaspersas.com\/wp-content\/uploads\/Shekar-panir-pamir-300x300.jpg",300,300,true],"woocommerce_single":["https:\/\/deliciaspersas.com\/wp-content\/uploads\/Shekar-panir-pamir-600x707.jpg",600,707,true],"woocommerce_gallery_thumbnail":["https:\/\/deliciaspersas.com\/wp-content\/uploads\/Shekar-panir-pamir-100x100.jpg",100,100,true]},"uagb_author_info":{"display_name":"admin","author_link":"https:\/\/deliciaspersas.com\/en\/author\/"},"uagb_comment_info":0,"uagb_excerpt":"Az\u00facar en cubos\u00a0( Shekar panir ) 400g pamir &nbsp; El shekarpanir es un dulce que se elabora a partir de la concentraci\u00f3n de una mezcla de az\u00facar y agua, y se le a\u00f1aden aromas naturales como cardamomo en polvo, coco en polvo, etc. El queso azucarado es un recuerdo de Bojnoord; Pero desde los a\u00f1os&hellip;","brands":[{"id":1137,"name":"Pamir","slug":"pamir"}],"_links":{"self":[{"href":"https:\/\/deliciaspersas.com\/en\/wp-json\/wp\/v2\/product\/13353"}],"collection":[{"href":"https:\/\/deliciaspersas.com\/en\/wp-json\/wp\/v2\/product"}],"about":[{"href":"https:\/\/deliciaspersas.com\/en\/wp-json\/wp\/v2\/types\/product"}],"wp:featuredmedia":[{"embeddable":true,"href":"https:\/\/deliciaspersas.com\/en\/wp-json\/wp\/v2\/media\/13370"}],"wp:attachment":[{"href":"https:\/\/deliciaspersas.com\/en\/wp-json\/wp\/v2\/media?parent=13353"}],"wp:term":[{"taxonomy":"pwb-brand","embeddable":true,"href":"https:\/\/deliciaspersas.com\/en\/wp-json\/wp\/v2\/pwb-brand?post=13353"},{"taxonomy":"product_cat","embeddable":true,"href":"https:\/\/deliciaspersas.com\/en\/wp-json\/wp\/v2\/product_cat?post=13353"},{"taxonomy":"product_tag","embeddable":true,"href":"https:\/\/deliciaspersas.com\/en\/wp-json\/wp\/v2\/product_tag?post=13353"}],"curies":[{"name":"wp","href":"https:\/\/api.w.org\/{rel}","templated":true}]}}