{"id":13425,"date":"2024-02-24T10:48:52","date_gmt":"2024-02-24T09:48:52","guid":{"rendered":"https:\/\/deliciaspersas.com\/?post_type=product&#038;p=13425"},"modified":"2024-04-29T12:44:35","modified_gmt":"2024-04-29T10:44:35","slug":"te-earl-grey-400g-do-ghazal-latas-de-metal","status":"publish","type":"product","link":"https:\/\/deliciaspersas.com\/en\/tienda\/te\/te-earl-grey-400g-do-ghazal-latas-de-metal\/","title":{"rendered":"T\u00e9 Earl Grey 400g Do Ghazal Latas de metal"},"content":{"rendered":"<h1>T\u00e9 Earl Grey 400g Do Ghazal Latas de metal<\/h1>\n<h6>Informaci\u00f3n del producto:<\/h6>\n<p>Contribuye a reducir el colesterol, es ideal para consumirse antes de las comidas, ya que prepara el aparato digestivo para trabajar correctamente, ayuda a mantener sanas las arterias pudiendo prevenir enfermedades card\u00edacas, protege el sistema inmunitario y ayuda a combatir infecciones, por su contenido de Fl\u00faor ayuda a prevenir caries y enfermedades bucales, permite reducir los niveles de az\u00facar en sangre, colabora a reducir el estr\u00e9s, ayuda a controlar la presi\u00f3n sangu\u00ednea, activa la mente, permite mejorar la concentraci\u00f3n y favorece a la memoria.<\/p>\n<h6>Usos:<\/h6>\n<p>El t\u00e9 es una bebida que posee muchas variedades y usos. Algunos lo consumen para aliviar un malestar digestivo, mientras que otros lo disfrutan en un descanso. pero a parte de este uso clasico hay quienes lo consumen para\u00a0\u00a1mejorar su piel! Este t\u00e9 contiene vitamina B2, C y E adem\u00e1s de ofrecer minerales como el magnesio, el potasio y el zinc.<\/p>\n<p>otro uso de este producto podr\u00eda ser para prevenir infecciones, gracias a las catequinas y los flovonoides de t\u00e9 negro, se reduce la capacidad de reproducci\u00f3n de los microbios. para poder usarlo con tal objetivo les ofrecemos una receta efectiva:<\/p>\n<p><strong>Ingredientes:<\/strong><\/p>\n<ul>\n<li>\u00bc taza de t\u00e9 negro fr\u00edo (62,5 mililitros).<\/li>\n<li>\u00bc taza de agua de rosas fr\u00eda (62,5 mililitros).<\/li>\n<li>1 botella de pl\u00e1stico con atomizador.<\/li>\n<\/ul>\n<p>Mezcla los dos ingredientes y gu\u00e1rdalos en la botella. Aplica este t\u00f3nico para limpiar tu rostro hasta dos veces al d\u00eda.<\/p>\n<h6>Preparaci\u00f3n:<\/h6>\n<p>El t\u00e9 negro se prepara igual que otras infusiones. Una vez que a\u00f1ade las hojas, debe retirarlas a los pocos minutos.<\/p>\n<ul>\n<li>1 cucharadita de t\u00e9 negro seco (5 gramos).<\/li>\n<li>1 taza de agua hirviendo (250 mililitros).<\/li>\n<\/ul>\n<p>A\u00f1ade el t\u00e9 al agua y mu\u00e9velo un poco. Deja reposar por seis minutos (con tapa). Cuela y sirve.<\/p>\n<p>\u00a1Qu\u00e9 aproveche!<\/p>\n<h6>Ingredientes y al\u00e9rgenos:<\/h6>\n<p><span style=\"font-size: 16px;\">Hojas de t\u00e9 secas.<\/span><\/p>\n<h6>Condiciones de conservaci\u00f3n:<\/h6>\n<p>Conservar en un lugar fresco, seco y protegido de la luz.<\/p>\n<h6><\/h6>\n","protected":false},"excerpt":{"rendered":"<p>T\u00e9 Earl Grey 400g Do Ghazal Latas de metal Informaci\u00f3n del producto: Contribuye a reducir el colesterol, es ideal para consumirse antes de las comidas, ya que prepara el aparato digestivo para trabajar correctamente, ayuda a mantener sanas las arterias pudiendo prevenir enfermedades card\u00edacas, protege el sistema inmunitario y ayuda a combatir infecciones, por su [&hellip;]<\/p>\n","protected":false},"featured_media":13429,"template":"","meta":{"_surecart_dashboard_logo_width":"180px","_surecart_dashboard_show_logo":true,"_surecart_dashboard_navigation_orders":true,"_surecart_dashboard_navigation_invoices":true,"_surecart_dashboard_navigation_subscriptions":true,"_surecart_dashboard_navigation_downloads":true,"_surecart_dashboard_navigation_billing":true,"_surecart_dashboard_navigation_account":true,"_uag_custom_page_level_css":"","site-sidebar-layout":"default","site-content-layout":"","ast-site-content-layout":"default","site-content-style":"default","site-sidebar-style":"default","ast-global-header-display":"","ast-banner-title-visibility":"","ast-main-header-display":"","ast-hfb-above-header-display":"","ast-hfb-below-header-display":"","ast-hfb-mobile-header-display":"","site-post-title":"","ast-breadcrumbs-content":"","ast-featured-img":"","footer-sml-layout":"","theme-transparent-header-meta":"default","adv-header-id-meta":"","stick-header-meta":"","header-above-stick-meta":"","header-main-stick-meta":"","header-below-stick-meta":"","astra-migrate-meta-layouts":"set","ast-page-background-enabled":"default","ast-page-background-meta":{"desktop":{"background-color":"","background-image":"","background-repeat":"repeat","background-position":"center center","background-size":"auto","background-attachment":"scroll","background-type":"","background-media":"","overlay-type":"","overlay-color":"","overlay-opacity":"","overlay-gradient":""},"tablet":{"background-color":"","background-image":"","background-repeat":"repeat","background-position":"center center","background-size":"auto","background-attachment":"scroll","background-type":"","background-media":"","overlay-type":"","overlay-color":"","overlay-opacity":"","overlay-gradient":""},"mobile":{"background-color":"","background-image":"","background-repeat":"repeat","background-position":"center center","background-size":"auto","background-attachment":"scroll","background-type":"","background-media":"","overlay-type":"","overlay-color":"","overlay-opacity":"","overlay-gradient":""}},"ast-content-background-meta":{"desktop":{"background-color":"var(--ast-global-color-5)","background-image":"","background-repeat":"repeat","background-position":"center center","background-size":"auto","background-attachment":"scroll","background-type":"","background-media":"","overlay-type":"","overlay-color":"","overlay-opacity":"","overlay-gradient":""},"tablet":{"background-color":"var(--ast-global-color-5)","background-image":"","background-repeat":"repeat","background-position":"center center","background-size":"auto","background-attachment":"scroll","background-type":"","background-media":"","overlay-type":"","overlay-color":"","overlay-opacity":"","overlay-gradient":""},"mobile":{"background-color":"var(--ast-global-color-5)","background-image":"","background-repeat":"repeat","background-position":"center center","background-size":"auto","background-attachment":"scroll","background-type":"","background-media":"","overlay-type":"","overlay-color":"","overlay-opacity":"","overlay-gradient":""}}},"pwb-brand":[50],"product_cat":[106,30],"product_tag":[1269,1271,588,1263,293,1270,1272],"class_list":{"0":"post-13425","1":"product","2":"type-product","3":"status-publish","4":"has-post-thumbnail","6":"pwb-brand-doghazal","7":"product_cat-nuevos-productos","8":"product_cat-te","9":"product_tag-do-ghazal","10":"product_tag-latas-de-metal","11":"product_tag-te","12":"product_tag-tea","13":"product_tag-293","14":"product_tag-1270","15":"product_tag-1272","16":"desktop-align-center","17":"tablet-align-center","18":"mobile-align-center","20":"first","21":"outofstock","22":"taxable","23":"shipping-taxable","24":"purchasable","25":"product-type-simple"},"yoast_head":"<!-- This site is optimized with the Yoast SEO plugin v23.6 - https:\/\/yoast.com\/wordpress\/plugins\/seo\/ -->\n<title>T\u00e9 Earl Grey 400g Do Ghazal Latas de metal - Delicias Persas<\/title>\n<meta name=\"robots\" content=\"index, follow, max-snippet:-1, max-image-preview:large, max-video-preview:-1\" \/>\n<link rel=\"canonical\" href=\"https:\/\/deliciaspersas.com\/en\/tienda\/te\/te-earl-grey-400g-do-ghazal-latas-de-metal\/\" \/>\n<meta property=\"og:locale\" content=\"en_US\" \/>\n<meta property=\"og:type\" content=\"article\" \/>\n<meta property=\"og:title\" content=\"T\u00e9 Earl Grey 400g Do Ghazal Latas de metal - Delicias Persas\" \/>\n<meta property=\"og:description\" content=\"T\u00e9 Earl Grey 400g Do Ghazal Latas de metal Informaci\u00f3n del producto: Contribuye a reducir el colesterol, es ideal para consumirse antes de las comidas, ya que prepara el aparato digestivo para trabajar correctamente, ayuda a mantener sanas las arterias pudiendo prevenir enfermedades card\u00edacas, protege el sistema inmunitario y ayuda a combatir infecciones, por su [&hellip;]\" \/>\n<meta property=\"og:url\" content=\"https:\/\/deliciaspersas.com\/en\/tienda\/te\/te-earl-grey-400g-do-ghazal-latas-de-metal\/\" \/>\n<meta property=\"og:site_name\" content=\"Delicias Persas\" \/>\n<meta property=\"article:publisher\" content=\"https:\/\/www.facebook.com\/Deliciaspersas\" \/>\n<meta property=\"article:modified_time\" content=\"2024-04-29T10:44:35+00:00\" \/>\n<meta property=\"og:image\" content=\"https:\/\/deliciaspersas.com\/wp-content\/uploads\/Do-ghazal-ghoti.jpg\" \/>\n\t<meta property=\"og:image:width\" content=\"512\" \/>\n\t<meta property=\"og:image:height\" content=\"512\" \/>\n\t<meta property=\"og:image:type\" content=\"image\/jpeg\" \/>\n<meta name=\"twitter:card\" content=\"summary_large_image\" \/>\n<meta name=\"twitter:label1\" content=\"Est. reading time\" \/>\n\t<meta name=\"twitter:data1\" content=\"2 minutes\" \/>\n<script type=\"application\/ld+json\" class=\"yoast-schema-graph\">{\"@context\":\"https:\/\/schema.org\",\"@graph\":[{\"@type\":\"WebPage\",\"@id\":\"https:\/\/deliciaspersas.com\/en\/tienda\/te\/te-earl-grey-400g-do-ghazal-latas-de-metal\/\",\"url\":\"https:\/\/deliciaspersas.com\/en\/tienda\/te\/te-earl-grey-400g-do-ghazal-latas-de-metal\/\",\"name\":\"T\u00e9 Earl Grey 400g Do Ghazal Latas de metal - Delicias Persas\",\"isPartOf\":{\"@id\":\"https:\/\/deliciaspersas.com\/en\/#website\"},\"primaryImageOfPage\":{\"@id\":\"https:\/\/deliciaspersas.com\/en\/tienda\/te\/te-earl-grey-400g-do-ghazal-latas-de-metal\/#primaryimage\"},\"image\":{\"@id\":\"https:\/\/deliciaspersas.com\/en\/tienda\/te\/te-earl-grey-400g-do-ghazal-latas-de-metal\/#primaryimage\"},\"thumbnailUrl\":\"https:\/\/deliciaspersas.com\/wp-content\/uploads\/Do-ghazal-ghoti.jpg\",\"datePublished\":\"2024-02-24T09:48:52+00:00\",\"dateModified\":\"2024-04-29T10:44:35+00:00\",\"breadcrumb\":{\"@id\":\"https:\/\/deliciaspersas.com\/en\/tienda\/te\/te-earl-grey-400g-do-ghazal-latas-de-metal\/#breadcrumb\"},\"inLanguage\":\"en-US\",\"potentialAction\":[{\"@type\":\"ReadAction\",\"target\":[\"https:\/\/deliciaspersas.com\/en\/tienda\/te\/te-earl-grey-400g-do-ghazal-latas-de-metal\/\"]}]},{\"@type\":\"ImageObject\",\"inLanguage\":\"en-US\",\"@id\":\"https:\/\/deliciaspersas.com\/en\/tienda\/te\/te-earl-grey-400g-do-ghazal-latas-de-metal\/#primaryimage\",\"url\":\"https:\/\/deliciaspersas.com\/wp-content\/uploads\/Do-ghazal-ghoti.jpg\",\"contentUrl\":\"https:\/\/deliciaspersas.com\/wp-content\/uploads\/Do-ghazal-ghoti.jpg\",\"width\":512,\"height\":512},{\"@type\":\"BreadcrumbList\",\"@id\":\"https:\/\/deliciaspersas.com\/en\/tienda\/te\/te-earl-grey-400g-do-ghazal-latas-de-metal\/#breadcrumb\",\"itemListElement\":[{\"@type\":\"ListItem\",\"position\":1,\"name\":\"Portada\",\"item\":\"https:\/\/deliciaspersas.com\/en\/\"},{\"@type\":\"ListItem\",\"position\":2,\"name\":\"Tienda\",\"item\":\"https:\/\/deliciaspersas.com\/\"},{\"@type\":\"ListItem\",\"position\":3,\"name\":\"T\u00e9 Earl Grey 400g Do Ghazal Latas de metal\"}]},{\"@type\":\"WebSite\",\"@id\":\"https:\/\/deliciaspersas.com\/en\/#website\",\"url\":\"https:\/\/deliciaspersas.com\/en\/\",\"name\":\"Delicias Persas\",\"description\":\"Gastronom&iacute;a persa al alcance de tus manos\",\"publisher\":{\"@id\":\"https:\/\/deliciaspersas.com\/en\/#organization\"},\"potentialAction\":[{\"@type\":\"SearchAction\",\"target\":{\"@type\":\"EntryPoint\",\"urlTemplate\":\"https:\/\/deliciaspersas.com\/en\/?s={search_term_string}\"},\"query-input\":{\"@type\":\"PropertyValueSpecification\",\"valueRequired\":true,\"valueName\":\"search_term_string\"}}],\"inLanguage\":\"en-US\"},{\"@type\":\"Organization\",\"@id\":\"https:\/\/deliciaspersas.com\/en\/#organization\",\"name\":\"Delicias Persas\",\"url\":\"https:\/\/deliciaspersas.com\/en\/\",\"logo\":{\"@type\":\"ImageObject\",\"inLanguage\":\"en-US\",\"@id\":\"https:\/\/deliciaspersas.com\/en\/#\/schema\/logo\/image\/\",\"url\":\"https:\/\/deliciaspersas.com\/wp-content\/uploads\/2020\/07\/logo-2020.png\",\"contentUrl\":\"https:\/\/deliciaspersas.com\/wp-content\/uploads\/2020\/07\/logo-2020.png\",\"width\":520,\"height\":490,\"caption\":\"Delicias Persas\"},\"image\":{\"@id\":\"https:\/\/deliciaspersas.com\/en\/#\/schema\/logo\/image\/\"},\"sameAs\":[\"https:\/\/www.facebook.com\/Deliciaspersas\",\"https:\/\/www.instagram.com\/delicias_persas\/\",\"https:\/\/www.linkedin.com\/delicias-persas\"]}]}<\/script>\n<!-- \/ Yoast SEO plugin. -->","yoast_head_json":{"title":"T\u00e9 Earl Grey 400g Do Ghazal Latas de metal - Delicias Persas","robots":{"index":"index","follow":"follow","max-snippet":"max-snippet:-1","max-image-preview":"max-image-preview:large","max-video-preview":"max-video-preview:-1"},"canonical":"https:\/\/deliciaspersas.com\/en\/tienda\/te\/te-earl-grey-400g-do-ghazal-latas-de-metal\/","og_locale":"en_US","og_type":"article","og_title":"T\u00e9 Earl Grey 400g Do Ghazal Latas de metal - Delicias Persas","og_description":"T\u00e9 Earl Grey 400g Do Ghazal Latas de metal Informaci\u00f3n del producto: Contribuye a reducir el colesterol, es ideal para consumirse antes de las comidas, ya que prepara el aparato digestivo para trabajar correctamente, ayuda a mantener sanas las arterias pudiendo prevenir enfermedades card\u00edacas, protege el sistema inmunitario y ayuda a combatir infecciones, por su [&hellip;]","og_url":"https:\/\/deliciaspersas.com\/en\/tienda\/te\/te-earl-grey-400g-do-ghazal-latas-de-metal\/","og_site_name":"Delicias Persas","article_publisher":"https:\/\/www.facebook.com\/Deliciaspersas","article_modified_time":"2024-04-29T10:44:35+00:00","og_image":[{"width":512,"height":512,"url":"https:\/\/deliciaspersas.com\/wp-content\/uploads\/Do-ghazal-ghoti.jpg","type":"image\/jpeg"}],"twitter_card":"summary_large_image","twitter_misc":{"Est. reading time":"2 minutes"},"schema":{"@context":"https:\/\/schema.org","@graph":[{"@type":"WebPage","@id":"https:\/\/deliciaspersas.com\/en\/tienda\/te\/te-earl-grey-400g-do-ghazal-latas-de-metal\/","url":"https:\/\/deliciaspersas.com\/en\/tienda\/te\/te-earl-grey-400g-do-ghazal-latas-de-metal\/","name":"T\u00e9 Earl Grey 400g Do Ghazal Latas de metal - Delicias Persas","isPartOf":{"@id":"https:\/\/deliciaspersas.com\/en\/#website"},"primaryImageOfPage":{"@id":"https:\/\/deliciaspersas.com\/en\/tienda\/te\/te-earl-grey-400g-do-ghazal-latas-de-metal\/#primaryimage"},"image":{"@id":"https:\/\/deliciaspersas.com\/en\/tienda\/te\/te-earl-grey-400g-do-ghazal-latas-de-metal\/#primaryimage"},"thumbnailUrl":"https:\/\/deliciaspersas.com\/wp-content\/uploads\/Do-ghazal-ghoti.jpg","datePublished":"2024-02-24T09:48:52+00:00","dateModified":"2024-04-29T10:44:35+00:00","breadcrumb":{"@id":"https:\/\/deliciaspersas.com\/en\/tienda\/te\/te-earl-grey-400g-do-ghazal-latas-de-metal\/#breadcrumb"},"inLanguage":"en-US","potentialAction":[{"@type":"ReadAction","target":["https:\/\/deliciaspersas.com\/en\/tienda\/te\/te-earl-grey-400g-do-ghazal-latas-de-metal\/"]}]},{"@type":"ImageObject","inLanguage":"en-US","@id":"https:\/\/deliciaspersas.com\/en\/tienda\/te\/te-earl-grey-400g-do-ghazal-latas-de-metal\/#primaryimage","url":"https:\/\/deliciaspersas.com\/wp-content\/uploads\/Do-ghazal-ghoti.jpg","contentUrl":"https:\/\/deliciaspersas.com\/wp-content\/uploads\/Do-ghazal-ghoti.jpg","width":512,"height":512},{"@type":"BreadcrumbList","@id":"https:\/\/deliciaspersas.com\/en\/tienda\/te\/te-earl-grey-400g-do-ghazal-latas-de-metal\/#breadcrumb","itemListElement":[{"@type":"ListItem","position":1,"name":"Portada","item":"https:\/\/deliciaspersas.com\/en\/"},{"@type":"ListItem","position":2,"name":"Tienda","item":"https:\/\/deliciaspersas.com\/"},{"@type":"ListItem","position":3,"name":"T\u00e9 Earl Grey 400g Do Ghazal Latas de metal"}]},{"@type":"WebSite","@id":"https:\/\/deliciaspersas.com\/en\/#website","url":"https:\/\/deliciaspersas.com\/en\/","name":"Delicias Persas","description":"Gastronom&iacute;a persa al alcance de tus manos","publisher":{"@id":"https:\/\/deliciaspersas.com\/en\/#organization"},"potentialAction":[{"@type":"SearchAction","target":{"@type":"EntryPoint","urlTemplate":"https:\/\/deliciaspersas.com\/en\/?s={search_term_string}"},"query-input":{"@type":"PropertyValueSpecification","valueRequired":true,"valueName":"search_term_string"}}],"inLanguage":"en-US"},{"@type":"Organization","@id":"https:\/\/deliciaspersas.com\/en\/#organization","name":"Delicias Persas","url":"https:\/\/deliciaspersas.com\/en\/","logo":{"@type":"ImageObject","inLanguage":"en-US","@id":"https:\/\/deliciaspersas.com\/en\/#\/schema\/logo\/image\/","url":"https:\/\/deliciaspersas.com\/wp-content\/uploads\/2020\/07\/logo-2020.png","contentUrl":"https:\/\/deliciaspersas.com\/wp-content\/uploads\/2020\/07\/logo-2020.png","width":520,"height":490,"caption":"Delicias Persas"},"image":{"@id":"https:\/\/deliciaspersas.com\/en\/#\/schema\/logo\/image\/"},"sameAs":["https:\/\/www.facebook.com\/Deliciaspersas","https:\/\/www.instagram.com\/delicias_persas\/","https:\/\/www.linkedin.com\/delicias-persas"]}]}},"uagb_featured_image_src":{"full":["https:\/\/deliciaspersas.com\/wp-content\/uploads\/Do-ghazal-ghoti.jpg",512,512,false],"thumbnail":["https:\/\/deliciaspersas.com\/wp-content\/uploads\/Do-ghazal-ghoti-150x150.jpg",150,150,true],"medium":["https:\/\/deliciaspersas.com\/wp-content\/uploads\/Do-ghazal-ghoti-300x300.jpg",300,300,true],"medium_large":["https:\/\/deliciaspersas.com\/wp-content\/uploads\/Do-ghazal-ghoti.jpg",512,512,false],"large":["https:\/\/deliciaspersas.com\/wp-content\/uploads\/Do-ghazal-ghoti.jpg",512,512,false],"1536x1536":["https:\/\/deliciaspersas.com\/wp-content\/uploads\/Do-ghazal-ghoti.jpg",512,512,false],"2048x2048":["https:\/\/deliciaspersas.com\/wp-content\/uploads\/Do-ghazal-ghoti.jpg",512,512,false],"woocommerce_thumbnail":["https:\/\/deliciaspersas.com\/wp-content\/uploads\/Do-ghazal-ghoti-300x300.jpg",300,300,true],"woocommerce_single":["https:\/\/deliciaspersas.com\/wp-content\/uploads\/Do-ghazal-ghoti.jpg",512,512,false],"woocommerce_gallery_thumbnail":["https:\/\/deliciaspersas.com\/wp-content\/uploads\/Do-ghazal-ghoti-100x100.jpg",100,100,true]},"uagb_author_info":{"display_name":"admin","author_link":"https:\/\/deliciaspersas.com\/en\/author\/"},"uagb_comment_info":0,"uagb_excerpt":"T\u00e9 Earl Grey 400g Do Ghazal Latas de metal Informaci\u00f3n del producto: Contribuye a reducir el colesterol, es ideal para consumirse antes de las comidas, ya que prepara el aparato digestivo para trabajar correctamente, ayuda a mantener sanas las arterias pudiendo prevenir enfermedades card\u00edacas, protege el sistema inmunitario y ayuda a combatir infecciones, por su&hellip;","brands":[{"id":50,"name":"Do Ghazal","slug":"doghazal"}],"_links":{"self":[{"href":"https:\/\/deliciaspersas.com\/en\/wp-json\/wp\/v2\/product\/13425"}],"collection":[{"href":"https:\/\/deliciaspersas.com\/en\/wp-json\/wp\/v2\/product"}],"about":[{"href":"https:\/\/deliciaspersas.com\/en\/wp-json\/wp\/v2\/types\/product"}],"wp:featuredmedia":[{"embeddable":true,"href":"https:\/\/deliciaspersas.com\/en\/wp-json\/wp\/v2\/media\/13429"}],"wp:attachment":[{"href":"https:\/\/deliciaspersas.com\/en\/wp-json\/wp\/v2\/media?parent=13425"}],"wp:term":[{"taxonomy":"pwb-brand","embeddable":true,"href":"https:\/\/deliciaspersas.com\/en\/wp-json\/wp\/v2\/pwb-brand?post=13425"},{"taxonomy":"product_cat","embeddable":true,"href":"https:\/\/deliciaspersas.com\/en\/wp-json\/wp\/v2\/product_cat?post=13425"},{"taxonomy":"product_tag","embeddable":true,"href":"https:\/\/deliciaspersas.com\/en\/wp-json\/wp\/v2\/product_tag?post=13425"}],"curies":[{"name":"wp","href":"https:\/\/api.w.org\/{rel}","templated":true}]}}