{"id":13493,"date":"2024-02-27T10:39:55","date_gmt":"2024-02-27T09:39:55","guid":{"rendered":"https:\/\/deliciaspersas.com\/?post_type=product&#038;p=13493"},"modified":"2024-04-26T10:53:25","modified_gmt":"2024-04-26T08:53:25","slug":"te-negro-con-azafran-natural-irani-200g-refah-lahijan","status":"publish","type":"product","link":"https:\/\/deliciaspersas.com\/en\/tienda\/te\/te-negro-con-azafran-natural-irani-200g-refah-lahijan\/","title":{"rendered":"T\u00e9 Negro con Azafr\u00e1n Natural Iran\u00ed 200g Refah lahijan"},"content":{"rendered":"<h1>T\u00e9 Negro con Azafr\u00e1n Natural Iran\u00ed 200g Refah lahijan<\/h1>\n<p>El azafr\u00e1n es una especia que se obtiene de la flor del azafr\u00e1n. El azafr\u00e1n crece en Oriente Medio y partes de Europa y actualmente se cultiva principalmente en Ir\u00e1n, India y Grecia.<br \/>\nEsta planta s\u00f3lo florece durante unas tres o cuatro semanas en octubre y noviembre. Esta flor tiene hilos rojos que se recogen y secan cuidadosamente a mano y, de hecho, estas ra\u00edces se utilizan como especia.<br \/>\nEl azafr\u00e1n se utiliza en la cocina para a\u00f1adir color, aroma y sabor a los alimentos, tambi\u00e9n como tinte para telas y como perfume.<br \/>\nComo muchas hierbas y especias, el azafr\u00e1n tambi\u00e9n se puede preparar en forma de t\u00e9. Seg\u00fan los investigadores, comer azafr\u00e1n e incluso inhalarlo puede tener beneficios medicinales y\u00a0para\u00a0la\u00a0salud.<\/p>\n","protected":false},"excerpt":{"rendered":"<p>T\u00e9 Negro con Azafr\u00e1n Natural Iran\u00ed 200g Refah lahijan El azafr\u00e1n es una especia que se obtiene de la flor del azafr\u00e1n. El azafr\u00e1n crece en Oriente Medio y partes de Europa y actualmente se cultiva principalmente en Ir\u00e1n, India y Grecia. Esta planta s\u00f3lo florece durante unas tres o cuatro semanas en octubre y [&hellip;]<\/p>\n","protected":false},"featured_media":13494,"template":"","meta":{"_surecart_dashboard_logo_width":"180px","_surecart_dashboard_show_logo":true,"_surecart_dashboard_navigation_orders":true,"_surecart_dashboard_navigation_invoices":true,"_surecart_dashboard_navigation_subscriptions":true,"_surecart_dashboard_navigation_downloads":true,"_surecart_dashboard_navigation_billing":true,"_surecart_dashboard_navigation_account":true,"_uag_custom_page_level_css":"","site-sidebar-layout":"default","site-content-layout":"","ast-site-content-layout":"default","site-content-style":"default","site-sidebar-style":"default","ast-global-header-display":"","ast-banner-title-visibility":"","ast-main-header-display":"","ast-hfb-above-header-display":"","ast-hfb-below-header-display":"","ast-hfb-mobile-header-display":"","site-post-title":"","ast-breadcrumbs-content":"","ast-featured-img":"","footer-sml-layout":"","theme-transparent-header-meta":"default","adv-header-id-meta":"","stick-header-meta":"","header-above-stick-meta":"","header-main-stick-meta":"","header-below-stick-meta":"","astra-migrate-meta-layouts":"set","ast-page-background-enabled":"default","ast-page-background-meta":{"desktop":{"background-color":"","background-image":"","background-repeat":"repeat","background-position":"center center","background-size":"auto","background-attachment":"scroll","background-type":"","background-media":"","overlay-type":"","overlay-color":"","overlay-opacity":"","overlay-gradient":""},"tablet":{"background-color":"","background-image":"","background-repeat":"repeat","background-position":"center center","background-size":"auto","background-attachment":"scroll","background-type":"","background-media":"","overlay-type":"","overlay-color":"","overlay-opacity":"","overlay-gradient":""},"mobile":{"background-color":"","background-image":"","background-repeat":"repeat","background-position":"center center","background-size":"auto","background-attachment":"scroll","background-type":"","background-media":"","overlay-type":"","overlay-color":"","overlay-opacity":"","overlay-gradient":""}},"ast-content-background-meta":{"desktop":{"background-color":"var(--ast-global-color-5)","background-image":"","background-repeat":"repeat","background-position":"center center","background-size":"auto","background-attachment":"scroll","background-type":"","background-media":"","overlay-type":"","overlay-color":"","overlay-opacity":"","overlay-gradient":""},"tablet":{"background-color":"var(--ast-global-color-5)","background-image":"","background-repeat":"repeat","background-position":"center center","background-size":"auto","background-attachment":"scroll","background-type":"","background-media":"","overlay-type":"","overlay-color":"","overlay-opacity":"","overlay-gradient":""},"mobile":{"background-color":"var(--ast-global-color-5)","background-image":"","background-repeat":"repeat","background-position":"center center","background-size":"auto","background-attachment":"scroll","background-type":"","background-media":"","overlay-type":"","overlay-color":"","overlay-opacity":"","overlay-gradient":""}}},"pwb-brand":[1155],"product_cat":[1099,106,30],"product_tag":[717,1094,1294,1296,1297,588,1263,1295],"class_list":{"0":"post-13493","1":"product","2":"type-product","3":"status-publish","4":"has-post-thumbnail","6":"pwb-brand-refah-lahijan","7":"product_cat-granel","8":"product_cat-nuevos-productos","9":"product_cat-te","10":"product_tag-azafran","11":"product_tag-irani","12":"product_tag-lahijan","13":"product_tag-negro","14":"product_tag-refah","15":"product_tag-te","16":"product_tag-tea","17":"product_tag-1295","18":"desktop-align-center","19":"tablet-align-center","20":"mobile-align-center","22":"first","23":"outofstock","24":"taxable","25":"shipping-taxable","26":"purchasable","27":"product-type-simple"},"yoast_head":"<!-- This site is optimized with the Yoast SEO plugin v23.6 - https:\/\/yoast.com\/wordpress\/plugins\/seo\/ -->\n<title>T\u00e9 Negro con Azafr\u00e1n Natural Iran\u00ed 200g Refah lahijan - Delicias Persas<\/title>\n<meta name=\"robots\" content=\"index, follow, max-snippet:-1, max-image-preview:large, max-video-preview:-1\" \/>\n<link rel=\"canonical\" href=\"https:\/\/deliciaspersas.com\/en\/tienda\/te\/te-negro-con-azafran-natural-irani-200g-refah-lahijan\/\" \/>\n<meta property=\"og:locale\" content=\"en_US\" \/>\n<meta property=\"og:type\" content=\"article\" \/>\n<meta property=\"og:title\" content=\"T\u00e9 Negro con Azafr\u00e1n Natural Iran\u00ed 200g Refah lahijan - Delicias Persas\" \/>\n<meta property=\"og:description\" content=\"T\u00e9 Negro con Azafr\u00e1n Natural Iran\u00ed 200g Refah lahijan El azafr\u00e1n es una especia que se obtiene de la flor del azafr\u00e1n. El azafr\u00e1n crece en Oriente Medio y partes de Europa y actualmente se cultiva principalmente en Ir\u00e1n, India y Grecia. Esta planta s\u00f3lo florece durante unas tres o cuatro semanas en octubre y [&hellip;]\" \/>\n<meta property=\"og:url\" content=\"https:\/\/deliciaspersas.com\/en\/tienda\/te\/te-negro-con-azafran-natural-irani-200g-refah-lahijan\/\" \/>\n<meta property=\"og:site_name\" content=\"Delicias Persas\" \/>\n<meta property=\"article:publisher\" content=\"https:\/\/www.facebook.com\/Deliciaspersas\" \/>\n<meta property=\"article:modified_time\" content=\"2024-04-26T08:53:25+00:00\" \/>\n<meta property=\"og:image\" content=\"https:\/\/deliciaspersas.com\/wp-content\/uploads\/Chaye-refah-.jpg\" \/>\n\t<meta property=\"og:image:width\" content=\"1000\" \/>\n\t<meta property=\"og:image:height\" content=\"1000\" \/>\n\t<meta property=\"og:image:type\" content=\"image\/jpeg\" \/>\n<meta name=\"twitter:card\" content=\"summary_large_image\" \/>\n<meta name=\"twitter:label1\" content=\"Est. reading time\" \/>\n\t<meta name=\"twitter:data1\" content=\"1 minute\" \/>\n<script type=\"application\/ld+json\" class=\"yoast-schema-graph\">{\"@context\":\"https:\/\/schema.org\",\"@graph\":[{\"@type\":\"WebPage\",\"@id\":\"https:\/\/deliciaspersas.com\/en\/tienda\/te\/te-negro-con-azafran-natural-irani-200g-refah-lahijan\/\",\"url\":\"https:\/\/deliciaspersas.com\/en\/tienda\/te\/te-negro-con-azafran-natural-irani-200g-refah-lahijan\/\",\"name\":\"T\u00e9 Negro con Azafr\u00e1n Natural Iran\u00ed 200g Refah lahijan - Delicias Persas\",\"isPartOf\":{\"@id\":\"https:\/\/deliciaspersas.com\/en\/#website\"},\"primaryImageOfPage\":{\"@id\":\"https:\/\/deliciaspersas.com\/en\/tienda\/te\/te-negro-con-azafran-natural-irani-200g-refah-lahijan\/#primaryimage\"},\"image\":{\"@id\":\"https:\/\/deliciaspersas.com\/en\/tienda\/te\/te-negro-con-azafran-natural-irani-200g-refah-lahijan\/#primaryimage\"},\"thumbnailUrl\":\"https:\/\/deliciaspersas.com\/wp-content\/uploads\/Chaye-refah-.jpg\",\"datePublished\":\"2024-02-27T09:39:55+00:00\",\"dateModified\":\"2024-04-26T08:53:25+00:00\",\"breadcrumb\":{\"@id\":\"https:\/\/deliciaspersas.com\/en\/tienda\/te\/te-negro-con-azafran-natural-irani-200g-refah-lahijan\/#breadcrumb\"},\"inLanguage\":\"en-US\",\"potentialAction\":[{\"@type\":\"ReadAction\",\"target\":[\"https:\/\/deliciaspersas.com\/en\/tienda\/te\/te-negro-con-azafran-natural-irani-200g-refah-lahijan\/\"]}]},{\"@type\":\"ImageObject\",\"inLanguage\":\"en-US\",\"@id\":\"https:\/\/deliciaspersas.com\/en\/tienda\/te\/te-negro-con-azafran-natural-irani-200g-refah-lahijan\/#primaryimage\",\"url\":\"https:\/\/deliciaspersas.com\/wp-content\/uploads\/Chaye-refah-.jpg\",\"contentUrl\":\"https:\/\/deliciaspersas.com\/wp-content\/uploads\/Chaye-refah-.jpg\",\"width\":1000,\"height\":1000},{\"@type\":\"BreadcrumbList\",\"@id\":\"https:\/\/deliciaspersas.com\/en\/tienda\/te\/te-negro-con-azafran-natural-irani-200g-refah-lahijan\/#breadcrumb\",\"itemListElement\":[{\"@type\":\"ListItem\",\"position\":1,\"name\":\"Portada\",\"item\":\"https:\/\/deliciaspersas.com\/en\/\"},{\"@type\":\"ListItem\",\"position\":2,\"name\":\"Tienda\",\"item\":\"https:\/\/deliciaspersas.com\/\"},{\"@type\":\"ListItem\",\"position\":3,\"name\":\"T\u00e9 Negro con Azafr\u00e1n Natural Iran\u00ed 200g Refah lahijan\"}]},{\"@type\":\"WebSite\",\"@id\":\"https:\/\/deliciaspersas.com\/en\/#website\",\"url\":\"https:\/\/deliciaspersas.com\/en\/\",\"name\":\"Delicias Persas\",\"description\":\"Gastronom&iacute;a persa al alcance de tus manos\",\"publisher\":{\"@id\":\"https:\/\/deliciaspersas.com\/en\/#organization\"},\"potentialAction\":[{\"@type\":\"SearchAction\",\"target\":{\"@type\":\"EntryPoint\",\"urlTemplate\":\"https:\/\/deliciaspersas.com\/en\/?s={search_term_string}\"},\"query-input\":{\"@type\":\"PropertyValueSpecification\",\"valueRequired\":true,\"valueName\":\"search_term_string\"}}],\"inLanguage\":\"en-US\"},{\"@type\":\"Organization\",\"@id\":\"https:\/\/deliciaspersas.com\/en\/#organization\",\"name\":\"Delicias Persas\",\"url\":\"https:\/\/deliciaspersas.com\/en\/\",\"logo\":{\"@type\":\"ImageObject\",\"inLanguage\":\"en-US\",\"@id\":\"https:\/\/deliciaspersas.com\/en\/#\/schema\/logo\/image\/\",\"url\":\"https:\/\/deliciaspersas.com\/wp-content\/uploads\/2020\/07\/logo-2020.png\",\"contentUrl\":\"https:\/\/deliciaspersas.com\/wp-content\/uploads\/2020\/07\/logo-2020.png\",\"width\":520,\"height\":490,\"caption\":\"Delicias Persas\"},\"image\":{\"@id\":\"https:\/\/deliciaspersas.com\/en\/#\/schema\/logo\/image\/\"},\"sameAs\":[\"https:\/\/www.facebook.com\/Deliciaspersas\",\"https:\/\/www.instagram.com\/delicias_persas\/\",\"https:\/\/www.linkedin.com\/delicias-persas\"]}]}<\/script>\n<!-- \/ Yoast SEO plugin. -->","yoast_head_json":{"title":"T\u00e9 Negro con Azafr\u00e1n Natural Iran\u00ed 200g Refah lahijan - Delicias Persas","robots":{"index":"index","follow":"follow","max-snippet":"max-snippet:-1","max-image-preview":"max-image-preview:large","max-video-preview":"max-video-preview:-1"},"canonical":"https:\/\/deliciaspersas.com\/en\/tienda\/te\/te-negro-con-azafran-natural-irani-200g-refah-lahijan\/","og_locale":"en_US","og_type":"article","og_title":"T\u00e9 Negro con Azafr\u00e1n Natural Iran\u00ed 200g Refah lahijan - Delicias Persas","og_description":"T\u00e9 Negro con Azafr\u00e1n Natural Iran\u00ed 200g Refah lahijan El azafr\u00e1n es una especia que se obtiene de la flor del azafr\u00e1n. El azafr\u00e1n crece en Oriente Medio y partes de Europa y actualmente se cultiva principalmente en Ir\u00e1n, India y Grecia. Esta planta s\u00f3lo florece durante unas tres o cuatro semanas en octubre y [&hellip;]","og_url":"https:\/\/deliciaspersas.com\/en\/tienda\/te\/te-negro-con-azafran-natural-irani-200g-refah-lahijan\/","og_site_name":"Delicias Persas","article_publisher":"https:\/\/www.facebook.com\/Deliciaspersas","article_modified_time":"2024-04-26T08:53:25+00:00","og_image":[{"width":1000,"height":1000,"url":"https:\/\/deliciaspersas.com\/wp-content\/uploads\/Chaye-refah-.jpg","type":"image\/jpeg"}],"twitter_card":"summary_large_image","twitter_misc":{"Est. reading time":"1 minute"},"schema":{"@context":"https:\/\/schema.org","@graph":[{"@type":"WebPage","@id":"https:\/\/deliciaspersas.com\/en\/tienda\/te\/te-negro-con-azafran-natural-irani-200g-refah-lahijan\/","url":"https:\/\/deliciaspersas.com\/en\/tienda\/te\/te-negro-con-azafran-natural-irani-200g-refah-lahijan\/","name":"T\u00e9 Negro con Azafr\u00e1n Natural Iran\u00ed 200g Refah lahijan - Delicias Persas","isPartOf":{"@id":"https:\/\/deliciaspersas.com\/en\/#website"},"primaryImageOfPage":{"@id":"https:\/\/deliciaspersas.com\/en\/tienda\/te\/te-negro-con-azafran-natural-irani-200g-refah-lahijan\/#primaryimage"},"image":{"@id":"https:\/\/deliciaspersas.com\/en\/tienda\/te\/te-negro-con-azafran-natural-irani-200g-refah-lahijan\/#primaryimage"},"thumbnailUrl":"https:\/\/deliciaspersas.com\/wp-content\/uploads\/Chaye-refah-.jpg","datePublished":"2024-02-27T09:39:55+00:00","dateModified":"2024-04-26T08:53:25+00:00","breadcrumb":{"@id":"https:\/\/deliciaspersas.com\/en\/tienda\/te\/te-negro-con-azafran-natural-irani-200g-refah-lahijan\/#breadcrumb"},"inLanguage":"en-US","potentialAction":[{"@type":"ReadAction","target":["https:\/\/deliciaspersas.com\/en\/tienda\/te\/te-negro-con-azafran-natural-irani-200g-refah-lahijan\/"]}]},{"@type":"ImageObject","inLanguage":"en-US","@id":"https:\/\/deliciaspersas.com\/en\/tienda\/te\/te-negro-con-azafran-natural-irani-200g-refah-lahijan\/#primaryimage","url":"https:\/\/deliciaspersas.com\/wp-content\/uploads\/Chaye-refah-.jpg","contentUrl":"https:\/\/deliciaspersas.com\/wp-content\/uploads\/Chaye-refah-.jpg","width":1000,"height":1000},{"@type":"BreadcrumbList","@id":"https:\/\/deliciaspersas.com\/en\/tienda\/te\/te-negro-con-azafran-natural-irani-200g-refah-lahijan\/#breadcrumb","itemListElement":[{"@type":"ListItem","position":1,"name":"Portada","item":"https:\/\/deliciaspersas.com\/en\/"},{"@type":"ListItem","position":2,"name":"Tienda","item":"https:\/\/deliciaspersas.com\/"},{"@type":"ListItem","position":3,"name":"T\u00e9 Negro con Azafr\u00e1n Natural Iran\u00ed 200g Refah lahijan"}]},{"@type":"WebSite","@id":"https:\/\/deliciaspersas.com\/en\/#website","url":"https:\/\/deliciaspersas.com\/en\/","name":"Delicias Persas","description":"Gastronom&iacute;a persa al alcance de tus manos","publisher":{"@id":"https:\/\/deliciaspersas.com\/en\/#organization"},"potentialAction":[{"@type":"SearchAction","target":{"@type":"EntryPoint","urlTemplate":"https:\/\/deliciaspersas.com\/en\/?s={search_term_string}"},"query-input":{"@type":"PropertyValueSpecification","valueRequired":true,"valueName":"search_term_string"}}],"inLanguage":"en-US"},{"@type":"Organization","@id":"https:\/\/deliciaspersas.com\/en\/#organization","name":"Delicias Persas","url":"https:\/\/deliciaspersas.com\/en\/","logo":{"@type":"ImageObject","inLanguage":"en-US","@id":"https:\/\/deliciaspersas.com\/en\/#\/schema\/logo\/image\/","url":"https:\/\/deliciaspersas.com\/wp-content\/uploads\/2020\/07\/logo-2020.png","contentUrl":"https:\/\/deliciaspersas.com\/wp-content\/uploads\/2020\/07\/logo-2020.png","width":520,"height":490,"caption":"Delicias Persas"},"image":{"@id":"https:\/\/deliciaspersas.com\/en\/#\/schema\/logo\/image\/"},"sameAs":["https:\/\/www.facebook.com\/Deliciaspersas","https:\/\/www.instagram.com\/delicias_persas\/","https:\/\/www.linkedin.com\/delicias-persas"]}]}},"uagb_featured_image_src":{"full":["https:\/\/deliciaspersas.com\/wp-content\/uploads\/Chaye-refah-.jpg",1000,1000,false],"thumbnail":["https:\/\/deliciaspersas.com\/wp-content\/uploads\/Chaye-refah--150x150.jpg",150,150,true],"medium":["https:\/\/deliciaspersas.com\/wp-content\/uploads\/Chaye-refah--300x300.jpg",300,300,true],"medium_large":["https:\/\/deliciaspersas.com\/wp-content\/uploads\/Chaye-refah--768x768.jpg",768,768,true],"large":["https:\/\/deliciaspersas.com\/wp-content\/uploads\/Chaye-refah-.jpg",1000,1000,false],"1536x1536":["https:\/\/deliciaspersas.com\/wp-content\/uploads\/Chaye-refah-.jpg",1000,1000,false],"2048x2048":["https:\/\/deliciaspersas.com\/wp-content\/uploads\/Chaye-refah-.jpg",1000,1000,false],"woocommerce_thumbnail":["https:\/\/deliciaspersas.com\/wp-content\/uploads\/Chaye-refah--300x300.jpg",300,300,true],"woocommerce_single":["https:\/\/deliciaspersas.com\/wp-content\/uploads\/Chaye-refah--600x600.jpg",600,600,true],"woocommerce_gallery_thumbnail":["https:\/\/deliciaspersas.com\/wp-content\/uploads\/Chaye-refah--100x100.jpg",100,100,true]},"uagb_author_info":{"display_name":"admin","author_link":"https:\/\/deliciaspersas.com\/en\/author\/"},"uagb_comment_info":0,"uagb_excerpt":"T\u00e9 Negro con Azafr\u00e1n Natural Iran\u00ed 200g Refah lahijan El azafr\u00e1n es una especia que se obtiene de la flor del azafr\u00e1n. El azafr\u00e1n crece en Oriente Medio y partes de Europa y actualmente se cultiva principalmente en Ir\u00e1n, India y Grecia. Esta planta s\u00f3lo florece durante unas tres o cuatro semanas en octubre y&hellip;","brands":[{"id":1155,"name":"REFAH LAHIJAN","slug":"refah-lahijan"}],"_links":{"self":[{"href":"https:\/\/deliciaspersas.com\/en\/wp-json\/wp\/v2\/product\/13493"}],"collection":[{"href":"https:\/\/deliciaspersas.com\/en\/wp-json\/wp\/v2\/product"}],"about":[{"href":"https:\/\/deliciaspersas.com\/en\/wp-json\/wp\/v2\/types\/product"}],"wp:featuredmedia":[{"embeddable":true,"href":"https:\/\/deliciaspersas.com\/en\/wp-json\/wp\/v2\/media\/13494"}],"wp:attachment":[{"href":"https:\/\/deliciaspersas.com\/en\/wp-json\/wp\/v2\/media?parent=13493"}],"wp:term":[{"taxonomy":"pwb-brand","embeddable":true,"href":"https:\/\/deliciaspersas.com\/en\/wp-json\/wp\/v2\/pwb-brand?post=13493"},{"taxonomy":"product_cat","embeddable":true,"href":"https:\/\/deliciaspersas.com\/en\/wp-json\/wp\/v2\/product_cat?post=13493"},{"taxonomy":"product_tag","embeddable":true,"href":"https:\/\/deliciaspersas.com\/en\/wp-json\/wp\/v2\/product_tag?post=13493"}],"curies":[{"name":"wp","href":"https:\/\/api.w.org\/{rel}","templated":true}]}}