{"id":13663,"date":"2024-03-19T13:27:15","date_gmt":"2024-03-19T12:27:15","guid":{"rendered":"https:\/\/deliciaspersas.com\/?post_type=product&#038;p=13663"},"modified":"2024-04-25T11:04:20","modified_gmt":"2024-04-25T09:04:20","slug":"fruta-confitada-caramelos-mixtos-lavashak-loghme-300g-khanum-khanuma","status":"publish","type":"product","link":"https:\/\/deliciaspersas.com\/en\/tienda\/frutas\/fruta-confitada-caramelos-mixtos-lavashak-loghme-300g-khanum-khanuma\/","title":{"rendered":"Fruta confitada caramelos mixtos ( Lavashak Loghme ) 300g Khanum khanuma"},"content":{"rendered":"<h1>Fruta confitada caramelos mixtos con caja 300g Khanum khanuma<\/h1>\n<h6>Informaci\u00f3n del producto:<\/h6>\n<div>Caramelos de fruta confitada con sabores mixtos importados directamente desde Ir\u00e1n.(con caja)<\/div>\n<div>\n<p>Son extraidos de fruta que se han troceado y cocinado en alm\u00edbar para conservar su humedad y poder almacenarlas.<\/p>\n<p>La cobertura de las frutas confitadas es una t\u00e9cnica de conservaci\u00f3n que se realiza desde la antig\u00fcedad. Hoy d\u00eda, pueblos de Oriente siguen aplicando estas t\u00e9cnicas para conservar sus frutas naturales durante todo el a\u00f1o.<\/p>\n<p>Las variedades de frutas que suelen confitarse con m\u00e1s frecuencia son: las cerezas (principalmente las de tipo marrascas), los d\u00e1tiles, las pi\u00f1as, los albaricoques, los higos, los melocotones, las manzanas, los c\u00edtricos y las peras.<\/p>\n<p>Es una alternativa dulce a la boller\u00eda tradicional que satisface a los m\u00e1s golosos.<\/p>\n<\/div>\n<div><\/div>\n<h6>Usos:<\/h6>\n<p>Se puede tomar solo o acompa\u00f1ado de cualquier bebida.<\/p>\n<p>Aunque tradicionalmente la fruta confitada se utiliza en reposter\u00eda, tambi\u00e9n son muy empleadas en la realizaci\u00f3n de salsas, rellenos de carne o incluso como snack o tentempi\u00e9 o en el campo de helader\u00eda.<\/p>\n<h6>Beneficios:<\/h6>\n<p>La fruta confitada tiene m\u00faltiples propiedades y cualidades que la convierten en un recurso muy \u00fatil en la alimentaci\u00f3n de personas de todas las edades. La m\u00e1s destacada est\u00e1 vinculada a su capacidad para mantenerse en condiciones \u00f3ptimas.<\/p>\n<p>Otra propiedad de la fruta confitada es que son piezas que conservan su sabor, jugosidad, su color, textura, aroma y gusto, por lo que mantiene muchas de las cualidades de la fruta fresca.<\/p>\n<h6>Curiosidades:<\/h6>\n<p>Originalmente la fruta confitada est\u00e1 datada en la cultura China y Mesopot\u00e1mica. Su prioridad era evitar la putrefacci\u00f3n de la fruta y los alimentos. Marineros, ejercito, agricultores\u2026tener alimentos conservados durante meses y comestibles marcar\u00eda la diferencia entre muchas culturas en su expansi\u00f3n y conquistas.<\/p>\n<p>Los romanos ya conservaban el pescado sumergido en miel, aunque los verdaderos precursores del confitado moderno se adjudica a la cultura Arabe. En sus banquetes reales ya serv\u00edan c\u00edtricos y rosas confitadas. Con la conquista de muchas tierras en occidente por parte del pueblo \u00e1rabe, lleg\u00f3 esta t\u00e9cnica milenaria.<\/p>\n<h6>Ingredientes y al\u00e9rgenos:<\/h6>\n<p>Este alimento est\u00e1 formado por manzana y melocot\u00f3n confitado.<\/p>\n<h6>Condiciones de conservaci\u00f3n:<\/h6>\n<p>Conservar en un lugar fresco, seco y protegido de la luz.<\/p>\n<h6>Informaci\u00f3n adicional:<\/h6>\n<p>Fabricado por: Khanum khanuma<\/p>\n","protected":false},"excerpt":{"rendered":"<p>Fruta confitada caramelos mixtos con caja 300g Khanum khanuma Informaci\u00f3n del producto: Caramelos de fruta confitada con sabores mixtos importados directamente desde Ir\u00e1n.(con caja) Son extraidos de fruta que se han troceado y cocinado en alm\u00edbar para conservar su humedad y poder almacenarlas. La cobertura de las frutas confitadas es una t\u00e9cnica de conservaci\u00f3n que [&hellip;]<\/p>\n","protected":false},"featured_media":13664,"template":"","meta":{"_surecart_dashboard_logo_width":"180px","_surecart_dashboard_show_logo":true,"_surecart_dashboard_navigation_orders":true,"_surecart_dashboard_navigation_invoices":true,"_surecart_dashboard_navigation_subscriptions":true,"_surecart_dashboard_navigation_downloads":true,"_surecart_dashboard_navigation_billing":true,"_surecart_dashboard_navigation_account":true,"_uag_custom_page_level_css":"","site-sidebar-layout":"default","site-content-layout":"","ast-site-content-layout":"default","site-content-style":"default","site-sidebar-style":"default","ast-global-header-display":"","ast-banner-title-visibility":"","ast-main-header-display":"","ast-hfb-above-header-display":"","ast-hfb-below-header-display":"","ast-hfb-mobile-header-display":"","site-post-title":"","ast-breadcrumbs-content":"","ast-featured-img":"","footer-sml-layout":"","theme-transparent-header-meta":"default","adv-header-id-meta":"","stick-header-meta":"","header-above-stick-meta":"","header-main-stick-meta":"","header-below-stick-meta":"","astra-migrate-meta-layouts":"set","ast-page-background-enabled":"default","ast-page-background-meta":{"desktop":{"background-color":"","background-image":"","background-repeat":"repeat","background-position":"center center","background-size":"auto","background-attachment":"scroll","background-type":"","background-media":"","overlay-type":"","overlay-color":"","overlay-opacity":"","overlay-gradient":""},"tablet":{"background-color":"","background-image":"","background-repeat":"repeat","background-position":"center center","background-size":"auto","background-attachment":"scroll","background-type":"","background-media":"","overlay-type":"","overlay-color":"","overlay-opacity":"","overlay-gradient":""},"mobile":{"background-color":"","background-image":"","background-repeat":"repeat","background-position":"center center","background-size":"auto","background-attachment":"scroll","background-type":"","background-media":"","overlay-type":"","overlay-color":"","overlay-opacity":"","overlay-gradient":""}},"ast-content-background-meta":{"desktop":{"background-color":"var(--ast-global-color-5)","background-image":"","background-repeat":"repeat","background-position":"center center","background-size":"auto","background-attachment":"scroll","background-type":"","background-media":"","overlay-type":"","overlay-color":"","overlay-opacity":"","overlay-gradient":""},"tablet":{"background-color":"var(--ast-global-color-5)","background-image":"","background-repeat":"repeat","background-position":"center center","background-size":"auto","background-attachment":"scroll","background-type":"","background-media":"","overlay-type":"","overlay-color":"","overlay-opacity":"","overlay-gradient":""},"mobile":{"background-color":"var(--ast-global-color-5)","background-image":"","background-repeat":"repeat","background-position":"center center","background-size":"auto","background-attachment":"scroll","background-type":"","background-media":"","overlay-type":"","overlay-color":"","overlay-opacity":"","overlay-gradient":""}}},"pwb-brand":[1289],"product_cat":[38,33],"product_tag":[966,959,647,1313,1177,965,369],"class_list":{"0":"post-13663","1":"product","2":"type-product","3":"status-publish","4":"has-post-thumbnail","6":"pwb-brand-khanoom-khanooma","7":"product_cat-encurtidos","8":"product_cat-frutas","9":"product_tag-caja","10":"product_tag-cereza","11":"product_tag-frutas","12":"product_tag-khanum-khanuma","13":"product_tag-lavashak","14":"product_tag-mixto","15":"product_tag-369","16":"desktop-align-center","17":"tablet-align-center","18":"mobile-align-center","20":"first","21":"outofstock","22":"taxable","23":"shipping-taxable","24":"purchasable","25":"product-type-simple"},"yoast_head":"<!-- This site is optimized with the Yoast SEO plugin v23.6 - https:\/\/yoast.com\/wordpress\/plugins\/seo\/ -->\n<title>Fruta confitada caramelos mixtos ( Lavashak Loghme ) 300g Khanum khanuma - Delicias Persas<\/title>\n<meta name=\"robots\" content=\"index, follow, max-snippet:-1, max-image-preview:large, max-video-preview:-1\" \/>\n<link rel=\"canonical\" href=\"https:\/\/deliciaspersas.com\/en\/tienda\/frutas\/fruta-confitada-caramelos-mixtos-lavashak-loghme-300g-khanum-khanuma\/\" \/>\n<meta property=\"og:locale\" content=\"en_US\" \/>\n<meta property=\"og:type\" content=\"article\" \/>\n<meta property=\"og:title\" content=\"Fruta confitada caramelos mixtos ( Lavashak Loghme ) 300g Khanum khanuma - Delicias Persas\" \/>\n<meta property=\"og:description\" content=\"Fruta confitada caramelos mixtos con caja 300g Khanum khanuma Informaci\u00f3n del producto: Caramelos de fruta confitada con sabores mixtos importados directamente desde Ir\u00e1n.(con caja) Son extraidos de fruta que se han troceado y cocinado en alm\u00edbar para conservar su humedad y poder almacenarlas. La cobertura de las frutas confitadas es una t\u00e9cnica de conservaci\u00f3n que [&hellip;]\" \/>\n<meta property=\"og:url\" content=\"https:\/\/deliciaspersas.com\/en\/tienda\/frutas\/fruta-confitada-caramelos-mixtos-lavashak-loghme-300g-khanum-khanuma\/\" \/>\n<meta property=\"og:site_name\" content=\"Delicias Persas\" \/>\n<meta property=\"article:publisher\" content=\"https:\/\/www.facebook.com\/Deliciaspersas\" \/>\n<meta property=\"article:modified_time\" content=\"2024-04-25T09:04:20+00:00\" \/>\n<meta property=\"og:image\" content=\"https:\/\/deliciaspersas.com\/wp-content\/uploads\/\u0644\u0648\u0627\u0634\u06a9-\u067e\u0630\u06cc\u0631\u0627\u06cc\u06cc-\u062e\u0627\u0646\u0648\u0645-\u062e\u0627\u0646\u0648\u0645\u0627-300-\u06af\u0631\u0645\u06cc-1.jpg\" \/>\n\t<meta property=\"og:image:width\" content=\"900\" \/>\n\t<meta property=\"og:image:height\" content=\"900\" \/>\n\t<meta property=\"og:image:type\" content=\"image\/jpeg\" \/>\n<meta name=\"twitter:card\" content=\"summary_large_image\" \/>\n<meta name=\"twitter:label1\" content=\"Est. reading time\" \/>\n\t<meta name=\"twitter:data1\" content=\"2 minutes\" \/>\n<script type=\"application\/ld+json\" class=\"yoast-schema-graph\">{\"@context\":\"https:\/\/schema.org\",\"@graph\":[{\"@type\":\"WebPage\",\"@id\":\"https:\/\/deliciaspersas.com\/en\/tienda\/frutas\/fruta-confitada-caramelos-mixtos-lavashak-loghme-300g-khanum-khanuma\/\",\"url\":\"https:\/\/deliciaspersas.com\/en\/tienda\/frutas\/fruta-confitada-caramelos-mixtos-lavashak-loghme-300g-khanum-khanuma\/\",\"name\":\"Fruta confitada caramelos mixtos ( Lavashak Loghme ) 300g Khanum khanuma - Delicias Persas\",\"isPartOf\":{\"@id\":\"https:\/\/deliciaspersas.com\/en\/#website\"},\"primaryImageOfPage\":{\"@id\":\"https:\/\/deliciaspersas.com\/en\/tienda\/frutas\/fruta-confitada-caramelos-mixtos-lavashak-loghme-300g-khanum-khanuma\/#primaryimage\"},\"image\":{\"@id\":\"https:\/\/deliciaspersas.com\/en\/tienda\/frutas\/fruta-confitada-caramelos-mixtos-lavashak-loghme-300g-khanum-khanuma\/#primaryimage\"},\"thumbnailUrl\":\"https:\/\/deliciaspersas.com\/wp-content\/uploads\/\u0644\u0648\u0627\u0634\u06a9-\u067e\u0630\u06cc\u0631\u0627\u06cc\u06cc-\u062e\u0627\u0646\u0648\u0645-\u062e\u0627\u0646\u0648\u0645\u0627-300-\u06af\u0631\u0645\u06cc-1.jpg\",\"datePublished\":\"2024-03-19T12:27:15+00:00\",\"dateModified\":\"2024-04-25T09:04:20+00:00\",\"breadcrumb\":{\"@id\":\"https:\/\/deliciaspersas.com\/en\/tienda\/frutas\/fruta-confitada-caramelos-mixtos-lavashak-loghme-300g-khanum-khanuma\/#breadcrumb\"},\"inLanguage\":\"en-US\",\"potentialAction\":[{\"@type\":\"ReadAction\",\"target\":[\"https:\/\/deliciaspersas.com\/en\/tienda\/frutas\/fruta-confitada-caramelos-mixtos-lavashak-loghme-300g-khanum-khanuma\/\"]}]},{\"@type\":\"ImageObject\",\"inLanguage\":\"en-US\",\"@id\":\"https:\/\/deliciaspersas.com\/en\/tienda\/frutas\/fruta-confitada-caramelos-mixtos-lavashak-loghme-300g-khanum-khanuma\/#primaryimage\",\"url\":\"https:\/\/deliciaspersas.com\/wp-content\/uploads\/\u0644\u0648\u0627\u0634\u06a9-\u067e\u0630\u06cc\u0631\u0627\u06cc\u06cc-\u062e\u0627\u0646\u0648\u0645-\u062e\u0627\u0646\u0648\u0645\u0627-300-\u06af\u0631\u0645\u06cc-1.jpg\",\"contentUrl\":\"https:\/\/deliciaspersas.com\/wp-content\/uploads\/\u0644\u0648\u0627\u0634\u06a9-\u067e\u0630\u06cc\u0631\u0627\u06cc\u06cc-\u062e\u0627\u0646\u0648\u0645-\u062e\u0627\u0646\u0648\u0645\u0627-300-\u06af\u0631\u0645\u06cc-1.jpg\",\"width\":900,\"height\":900},{\"@type\":\"BreadcrumbList\",\"@id\":\"https:\/\/deliciaspersas.com\/en\/tienda\/frutas\/fruta-confitada-caramelos-mixtos-lavashak-loghme-300g-khanum-khanuma\/#breadcrumb\",\"itemListElement\":[{\"@type\":\"ListItem\",\"position\":1,\"name\":\"Portada\",\"item\":\"https:\/\/deliciaspersas.com\/en\/\"},{\"@type\":\"ListItem\",\"position\":2,\"name\":\"Tienda\",\"item\":\"https:\/\/deliciaspersas.com\/\"},{\"@type\":\"ListItem\",\"position\":3,\"name\":\"Fruta confitada caramelos mixtos ( Lavashak Loghme ) 300g Khanum khanuma\"}]},{\"@type\":\"WebSite\",\"@id\":\"https:\/\/deliciaspersas.com\/en\/#website\",\"url\":\"https:\/\/deliciaspersas.com\/en\/\",\"name\":\"Delicias Persas\",\"description\":\"Gastronom&iacute;a persa al alcance de tus manos\",\"publisher\":{\"@id\":\"https:\/\/deliciaspersas.com\/en\/#organization\"},\"potentialAction\":[{\"@type\":\"SearchAction\",\"target\":{\"@type\":\"EntryPoint\",\"urlTemplate\":\"https:\/\/deliciaspersas.com\/en\/?s={search_term_string}\"},\"query-input\":{\"@type\":\"PropertyValueSpecification\",\"valueRequired\":true,\"valueName\":\"search_term_string\"}}],\"inLanguage\":\"en-US\"},{\"@type\":\"Organization\",\"@id\":\"https:\/\/deliciaspersas.com\/en\/#organization\",\"name\":\"Delicias Persas\",\"url\":\"https:\/\/deliciaspersas.com\/en\/\",\"logo\":{\"@type\":\"ImageObject\",\"inLanguage\":\"en-US\",\"@id\":\"https:\/\/deliciaspersas.com\/en\/#\/schema\/logo\/image\/\",\"url\":\"https:\/\/deliciaspersas.com\/wp-content\/uploads\/2020\/07\/logo-2020.png\",\"contentUrl\":\"https:\/\/deliciaspersas.com\/wp-content\/uploads\/2020\/07\/logo-2020.png\",\"width\":520,\"height\":490,\"caption\":\"Delicias Persas\"},\"image\":{\"@id\":\"https:\/\/deliciaspersas.com\/en\/#\/schema\/logo\/image\/\"},\"sameAs\":[\"https:\/\/www.facebook.com\/Deliciaspersas\",\"https:\/\/www.instagram.com\/delicias_persas\/\",\"https:\/\/www.linkedin.com\/delicias-persas\"]}]}<\/script>\n<!-- \/ Yoast SEO plugin. -->","yoast_head_json":{"title":"Fruta confitada caramelos mixtos ( Lavashak Loghme ) 300g Khanum khanuma - Delicias Persas","robots":{"index":"index","follow":"follow","max-snippet":"max-snippet:-1","max-image-preview":"max-image-preview:large","max-video-preview":"max-video-preview:-1"},"canonical":"https:\/\/deliciaspersas.com\/en\/tienda\/frutas\/fruta-confitada-caramelos-mixtos-lavashak-loghme-300g-khanum-khanuma\/","og_locale":"en_US","og_type":"article","og_title":"Fruta confitada caramelos mixtos ( Lavashak Loghme ) 300g Khanum khanuma - Delicias Persas","og_description":"Fruta confitada caramelos mixtos con caja 300g Khanum khanuma Informaci\u00f3n del producto: Caramelos de fruta confitada con sabores mixtos importados directamente desde Ir\u00e1n.(con caja) Son extraidos de fruta que se han troceado y cocinado en alm\u00edbar para conservar su humedad y poder almacenarlas. La cobertura de las frutas confitadas es una t\u00e9cnica de conservaci\u00f3n que [&hellip;]","og_url":"https:\/\/deliciaspersas.com\/en\/tienda\/frutas\/fruta-confitada-caramelos-mixtos-lavashak-loghme-300g-khanum-khanuma\/","og_site_name":"Delicias Persas","article_publisher":"https:\/\/www.facebook.com\/Deliciaspersas","article_modified_time":"2024-04-25T09:04:20+00:00","og_image":[{"width":900,"height":900,"url":"https:\/\/deliciaspersas.com\/wp-content\/uploads\/\u0644\u0648\u0627\u0634\u06a9-\u067e\u0630\u06cc\u0631\u0627\u06cc\u06cc-\u062e\u0627\u0646\u0648\u0645-\u062e\u0627\u0646\u0648\u0645\u0627-300-\u06af\u0631\u0645\u06cc-1.jpg","type":"image\/jpeg"}],"twitter_card":"summary_large_image","twitter_misc":{"Est. reading time":"2 minutes"},"schema":{"@context":"https:\/\/schema.org","@graph":[{"@type":"WebPage","@id":"https:\/\/deliciaspersas.com\/en\/tienda\/frutas\/fruta-confitada-caramelos-mixtos-lavashak-loghme-300g-khanum-khanuma\/","url":"https:\/\/deliciaspersas.com\/en\/tienda\/frutas\/fruta-confitada-caramelos-mixtos-lavashak-loghme-300g-khanum-khanuma\/","name":"Fruta confitada caramelos mixtos ( Lavashak Loghme ) 300g Khanum khanuma - Delicias Persas","isPartOf":{"@id":"https:\/\/deliciaspersas.com\/en\/#website"},"primaryImageOfPage":{"@id":"https:\/\/deliciaspersas.com\/en\/tienda\/frutas\/fruta-confitada-caramelos-mixtos-lavashak-loghme-300g-khanum-khanuma\/#primaryimage"},"image":{"@id":"https:\/\/deliciaspersas.com\/en\/tienda\/frutas\/fruta-confitada-caramelos-mixtos-lavashak-loghme-300g-khanum-khanuma\/#primaryimage"},"thumbnailUrl":"https:\/\/deliciaspersas.com\/wp-content\/uploads\/\u0644\u0648\u0627\u0634\u06a9-\u067e\u0630\u06cc\u0631\u0627\u06cc\u06cc-\u062e\u0627\u0646\u0648\u0645-\u062e\u0627\u0646\u0648\u0645\u0627-300-\u06af\u0631\u0645\u06cc-1.jpg","datePublished":"2024-03-19T12:27:15+00:00","dateModified":"2024-04-25T09:04:20+00:00","breadcrumb":{"@id":"https:\/\/deliciaspersas.com\/en\/tienda\/frutas\/fruta-confitada-caramelos-mixtos-lavashak-loghme-300g-khanum-khanuma\/#breadcrumb"},"inLanguage":"en-US","potentialAction":[{"@type":"ReadAction","target":["https:\/\/deliciaspersas.com\/en\/tienda\/frutas\/fruta-confitada-caramelos-mixtos-lavashak-loghme-300g-khanum-khanuma\/"]}]},{"@type":"ImageObject","inLanguage":"en-US","@id":"https:\/\/deliciaspersas.com\/en\/tienda\/frutas\/fruta-confitada-caramelos-mixtos-lavashak-loghme-300g-khanum-khanuma\/#primaryimage","url":"https:\/\/deliciaspersas.com\/wp-content\/uploads\/\u0644\u0648\u0627\u0634\u06a9-\u067e\u0630\u06cc\u0631\u0627\u06cc\u06cc-\u062e\u0627\u0646\u0648\u0645-\u062e\u0627\u0646\u0648\u0645\u0627-300-\u06af\u0631\u0645\u06cc-1.jpg","contentUrl":"https:\/\/deliciaspersas.com\/wp-content\/uploads\/\u0644\u0648\u0627\u0634\u06a9-\u067e\u0630\u06cc\u0631\u0627\u06cc\u06cc-\u062e\u0627\u0646\u0648\u0645-\u062e\u0627\u0646\u0648\u0645\u0627-300-\u06af\u0631\u0645\u06cc-1.jpg","width":900,"height":900},{"@type":"BreadcrumbList","@id":"https:\/\/deliciaspersas.com\/en\/tienda\/frutas\/fruta-confitada-caramelos-mixtos-lavashak-loghme-300g-khanum-khanuma\/#breadcrumb","itemListElement":[{"@type":"ListItem","position":1,"name":"Portada","item":"https:\/\/deliciaspersas.com\/en\/"},{"@type":"ListItem","position":2,"name":"Tienda","item":"https:\/\/deliciaspersas.com\/"},{"@type":"ListItem","position":3,"name":"Fruta confitada caramelos mixtos ( Lavashak Loghme ) 300g Khanum khanuma"}]},{"@type":"WebSite","@id":"https:\/\/deliciaspersas.com\/en\/#website","url":"https:\/\/deliciaspersas.com\/en\/","name":"Delicias Persas","description":"Gastronom&iacute;a persa al alcance de tus manos","publisher":{"@id":"https:\/\/deliciaspersas.com\/en\/#organization"},"potentialAction":[{"@type":"SearchAction","target":{"@type":"EntryPoint","urlTemplate":"https:\/\/deliciaspersas.com\/en\/?s={search_term_string}"},"query-input":{"@type":"PropertyValueSpecification","valueRequired":true,"valueName":"search_term_string"}}],"inLanguage":"en-US"},{"@type":"Organization","@id":"https:\/\/deliciaspersas.com\/en\/#organization","name":"Delicias Persas","url":"https:\/\/deliciaspersas.com\/en\/","logo":{"@type":"ImageObject","inLanguage":"en-US","@id":"https:\/\/deliciaspersas.com\/en\/#\/schema\/logo\/image\/","url":"https:\/\/deliciaspersas.com\/wp-content\/uploads\/2020\/07\/logo-2020.png","contentUrl":"https:\/\/deliciaspersas.com\/wp-content\/uploads\/2020\/07\/logo-2020.png","width":520,"height":490,"caption":"Delicias Persas"},"image":{"@id":"https:\/\/deliciaspersas.com\/en\/#\/schema\/logo\/image\/"},"sameAs":["https:\/\/www.facebook.com\/Deliciaspersas","https:\/\/www.instagram.com\/delicias_persas\/","https:\/\/www.linkedin.com\/delicias-persas"]}]}},"uagb_featured_image_src":{"full":["https:\/\/deliciaspersas.com\/wp-content\/uploads\/\u0644\u0648\u0627\u0634\u06a9-\u067e\u0630\u06cc\u0631\u0627\u06cc\u06cc-\u062e\u0627\u0646\u0648\u0645-\u062e\u0627\u0646\u0648\u0645\u0627-300-\u06af\u0631\u0645\u06cc-1.jpg",900,900,false],"thumbnail":["https:\/\/deliciaspersas.com\/wp-content\/uploads\/\u0644\u0648\u0627\u0634\u06a9-\u067e\u0630\u06cc\u0631\u0627\u06cc\u06cc-\u062e\u0627\u0646\u0648\u0645-\u062e\u0627\u0646\u0648\u0645\u0627-300-\u06af\u0631\u0645\u06cc-1-150x150.jpg",150,150,true],"medium":["https:\/\/deliciaspersas.com\/wp-content\/uploads\/\u0644\u0648\u0627\u0634\u06a9-\u067e\u0630\u06cc\u0631\u0627\u06cc\u06cc-\u062e\u0627\u0646\u0648\u0645-\u062e\u0627\u0646\u0648\u0645\u0627-300-\u06af\u0631\u0645\u06cc-1-300x300.jpg",300,300,true],"medium_large":["https:\/\/deliciaspersas.com\/wp-content\/uploads\/\u0644\u0648\u0627\u0634\u06a9-\u067e\u0630\u06cc\u0631\u0627\u06cc\u06cc-\u062e\u0627\u0646\u0648\u0645-\u062e\u0627\u0646\u0648\u0645\u0627-300-\u06af\u0631\u0645\u06cc-1-768x768.jpg",768,768,true],"large":["https:\/\/deliciaspersas.com\/wp-content\/uploads\/\u0644\u0648\u0627\u0634\u06a9-\u067e\u0630\u06cc\u0631\u0627\u06cc\u06cc-\u062e\u0627\u0646\u0648\u0645-\u062e\u0627\u0646\u0648\u0645\u0627-300-\u06af\u0631\u0645\u06cc-1.jpg",900,900,false],"1536x1536":["https:\/\/deliciaspersas.com\/wp-content\/uploads\/\u0644\u0648\u0627\u0634\u06a9-\u067e\u0630\u06cc\u0631\u0627\u06cc\u06cc-\u062e\u0627\u0646\u0648\u0645-\u062e\u0627\u0646\u0648\u0645\u0627-300-\u06af\u0631\u0645\u06cc-1.jpg",900,900,false],"2048x2048":["https:\/\/deliciaspersas.com\/wp-content\/uploads\/\u0644\u0648\u0627\u0634\u06a9-\u067e\u0630\u06cc\u0631\u0627\u06cc\u06cc-\u062e\u0627\u0646\u0648\u0645-\u062e\u0627\u0646\u0648\u0645\u0627-300-\u06af\u0631\u0645\u06cc-1.jpg",900,900,false],"woocommerce_thumbnail":["https:\/\/deliciaspersas.com\/wp-content\/uploads\/\u0644\u0648\u0627\u0634\u06a9-\u067e\u0630\u06cc\u0631\u0627\u06cc\u06cc-\u062e\u0627\u0646\u0648\u0645-\u062e\u0627\u0646\u0648\u0645\u0627-300-\u06af\u0631\u0645\u06cc-1-300x300.jpg",300,300,true],"woocommerce_single":["https:\/\/deliciaspersas.com\/wp-content\/uploads\/\u0644\u0648\u0627\u0634\u06a9-\u067e\u0630\u06cc\u0631\u0627\u06cc\u06cc-\u062e\u0627\u0646\u0648\u0645-\u062e\u0627\u0646\u0648\u0645\u0627-300-\u06af\u0631\u0645\u06cc-1-600x600.jpg",600,600,true],"woocommerce_gallery_thumbnail":["https:\/\/deliciaspersas.com\/wp-content\/uploads\/\u0644\u0648\u0627\u0634\u06a9-\u067e\u0630\u06cc\u0631\u0627\u06cc\u06cc-\u062e\u0627\u0646\u0648\u0645-\u062e\u0627\u0646\u0648\u0645\u0627-300-\u06af\u0631\u0645\u06cc-1-100x100.jpg",100,100,true]},"uagb_author_info":{"display_name":"admin","author_link":"https:\/\/deliciaspersas.com\/en\/author\/"},"uagb_comment_info":0,"uagb_excerpt":"Fruta confitada caramelos mixtos con caja 300g Khanum khanuma Informaci\u00f3n del producto: Caramelos de fruta confitada con sabores mixtos importados directamente desde Ir\u00e1n.(con caja) Son extraidos de fruta que se han troceado y cocinado en alm\u00edbar para conservar su humedad y poder almacenarlas. La cobertura de las frutas confitadas es una t\u00e9cnica de conservaci\u00f3n que&hellip;","brands":[{"id":1289,"name":"Khanoom khanooma","slug":"khanoom-khanooma"}],"_links":{"self":[{"href":"https:\/\/deliciaspersas.com\/en\/wp-json\/wp\/v2\/product\/13663"}],"collection":[{"href":"https:\/\/deliciaspersas.com\/en\/wp-json\/wp\/v2\/product"}],"about":[{"href":"https:\/\/deliciaspersas.com\/en\/wp-json\/wp\/v2\/types\/product"}],"wp:featuredmedia":[{"embeddable":true,"href":"https:\/\/deliciaspersas.com\/en\/wp-json\/wp\/v2\/media\/13664"}],"wp:attachment":[{"href":"https:\/\/deliciaspersas.com\/en\/wp-json\/wp\/v2\/media?parent=13663"}],"wp:term":[{"taxonomy":"pwb-brand","embeddable":true,"href":"https:\/\/deliciaspersas.com\/en\/wp-json\/wp\/v2\/pwb-brand?post=13663"},{"taxonomy":"product_cat","embeddable":true,"href":"https:\/\/deliciaspersas.com\/en\/wp-json\/wp\/v2\/product_cat?post=13663"},{"taxonomy":"product_tag","embeddable":true,"href":"https:\/\/deliciaspersas.com\/en\/wp-json\/wp\/v2\/product_tag?post=13663"}],"curies":[{"name":"wp","href":"https:\/\/api.w.org\/{rel}","templated":true}]}}