{"id":14357,"date":"2024-07-03T14:01:59","date_gmt":"2024-07-03T12:01:59","guid":{"rendered":"https:\/\/deliciaspersas.com\/?post_type=product&#038;p=14357"},"modified":"2025-10-22T09:52:44","modified_gmt":"2025-10-22T07:52:44","slug":"sumac-somagh100g-naz","status":"publish","type":"product","link":"https:\/\/deliciaspersas.com\/en\/tienda\/especias\/sumac-somagh100g-naz\/","title":{"rendered":"Sumac (Somagh)100g Naz"},"content":{"rendered":"<h1>Sumac (Somagh)100g Naz<\/h1>\n<p>&nbsp;<\/p>\n<h6>Informaci\u00f3n del producto:<\/h6>\n<p class=\"title\" data-asset-id=\"967547802\">De color rojo intenso, el sumac o zumaque es una especia que sustituye al vinagre o lim\u00f3n, rica en antioxidantes.<\/p>\n<h6>Ingredientes y al\u00e9rgenos:<\/h6>\n<p>El Somag es obtenido de la planta &#8220;Rhus coriaria&#8221;. Los peque\u00f1os frutos o bayas rojas de la planta de zumaque se secan y se muelen, y as\u00ed se obtiene un polvo de intenso color rojo, fino y con sabor \u00e1cido.<\/p>\n<h6>Usos:<\/h6>\n<p>El sumag hace de esta especia un ingrediente especial para dar sabor y color a los platos, un intenso sabor a lim\u00f3n, que puede sustituir al vinagre en ensaladas.<\/p>\n<h6>Beneficios:<\/h6>\n<p>Somag como otras hierbas y especias, es bajo en calor\u00edas pero rico en vitamina C, lo que lo convierte en un antioxidante importante para ayudar a combatir enfermedades y mejorar la salud.<br \/>\nEn particular, el Somag es rico en polifenoles y flavonoides, tales como: \u00e1cido g\u00e1lico, galato de metilo, camperlo y quercetina; tambi\u00e9n contiene taninos, que act\u00faan como antioxidantes y pueden tener propiedades anticancer\u00edgenas.<\/p>\n<p>El Somag contiene poderosos antioxidantes que combaten las c\u00e9lulas malas y da\u00f1an las c\u00e9lulas sanas.<br \/>\nSeg\u00fan un estudio cient\u00edfico, los antioxidantes combaten las c\u00e9lulas malas que son responsables de las enfermedades card\u00edacas, el envejecimiento prematuro, los trastornos abdominales y muchos otros eventos desafortunados.<\/p>\n<p>El Somag es una planta antimicrobiana. Se utiliza como una defensa seria contra los oligoelementos, especialmente Salmonella typhimurium.<br \/>\nEs un arma muy eficaz contra los g\u00e9rmenes cuando se usa como una mezcla de aceite de Somag y tomillo.<\/p>\n<p>Tambi\u00e9n es eficaz para tratar la diabetes y la obesidad. Seg\u00fan los resultados de laboratorio, el Somag es un poderoso antioxidante que ayuda a reducir el colesterol y el az\u00facar en sangre.<\/p>\n<h6>Condiciones de conservaci\u00f3n:<\/h6>\n<p>Conservar en un lugar fresco, seco y protegido de la luz.<\/p>\n<p>&nbsp;<\/p>\n","protected":false},"excerpt":{"rendered":"<p>Sumac (Somagh)100g Naz &nbsp; Informaci\u00f3n del producto: De color rojo intenso, el sumac o zumaque es una especia que sustituye al vinagre o lim\u00f3n, rica en antioxidantes. Ingredientes y al\u00e9rgenos: El Somag es obtenido de la planta &#8220;Rhus coriaria&#8221;. Los peque\u00f1os frutos o bayas rojas de la planta de zumaque se secan y se muelen, [&hellip;]<\/p>\n","protected":false},"featured_media":14358,"template":"","meta":{"_surecart_dashboard_logo_width":"180px","_surecart_dashboard_show_logo":true,"_surecart_dashboard_navigation_orders":true,"_surecart_dashboard_navigation_invoices":true,"_surecart_dashboard_navigation_subscriptions":true,"_surecart_dashboard_navigation_downloads":true,"_surecart_dashboard_navigation_billing":true,"_surecart_dashboard_navigation_account":true,"_uag_custom_page_level_css":"","site-sidebar-layout":"default","site-content-layout":"default","ast-site-content-layout":"default","site-content-style":"default","site-sidebar-style":"default","ast-global-header-display":"","ast-banner-title-visibility":"","ast-main-header-display":"","ast-hfb-above-header-display":"","ast-hfb-below-header-display":"","ast-hfb-mobile-header-display":"","site-post-title":"","ast-breadcrumbs-content":"","ast-featured-img":"","footer-sml-layout":"","theme-transparent-header-meta":"default","adv-header-id-meta":"","stick-header-meta":"","header-above-stick-meta":"","header-main-stick-meta":"","header-below-stick-meta":"","astra-migrate-meta-layouts":"set","ast-page-background-enabled":"default","ast-page-background-meta":{"desktop":{"background-color":"","background-image":"","background-repeat":"repeat","background-position":"center center","background-size":"auto","background-attachment":"scroll","background-type":"","background-media":"","overlay-type":"","overlay-color":"","overlay-opacity":"","overlay-gradient":""},"tablet":{"background-color":"","background-image":"","background-repeat":"repeat","background-position":"center center","background-size":"auto","background-attachment":"scroll","background-type":"","background-media":"","overlay-type":"","overlay-color":"","overlay-opacity":"","overlay-gradient":""},"mobile":{"background-color":"","background-image":"","background-repeat":"repeat","background-position":"center center","background-size":"auto","background-attachment":"scroll","background-type":"","background-media":"","overlay-type":"","overlay-color":"","overlay-opacity":"","overlay-gradient":""}},"ast-content-background-meta":{"desktop":{"background-color":"var(--ast-global-color-5)","background-image":"","background-repeat":"repeat","background-position":"center center","background-size":"auto","background-attachment":"scroll","background-type":"","background-media":"","overlay-type":"","overlay-color":"","overlay-opacity":"","overlay-gradient":""},"tablet":{"background-color":"var(--ast-global-color-5)","background-image":"","background-repeat":"repeat","background-position":"center center","background-size":"auto","background-attachment":"scroll","background-type":"","background-media":"","overlay-type":"","overlay-color":"","overlay-opacity":"","overlay-gradient":""},"mobile":{"background-color":"var(--ast-global-color-5)","background-image":"","background-repeat":"repeat","background-position":"center center","background-size":"auto","background-attachment":"scroll","background-type":"","background-media":"","overlay-type":"","overlay-color":"","overlay-opacity":"","overlay-gradient":""}}},"pwb-brand":[113],"product_cat":[39,32],"product_tag":[689,1062,1083,803],"class_list":{"0":"post-14357","1":"product","2":"type-product","3":"status-publish","4":"has-post-thumbnail","6":"pwb-brand-dayan-2","7":"product_cat-destilados","8":"product_cat-especias","9":"product_tag-aderezos","10":"product_tag-especia","11":"product_tag-somag","12":"product_tag-803","13":"desktop-align-center","14":"tablet-align-center","15":"mobile-align-center","17":"first","18":"instock","19":"taxable","20":"shipping-taxable","21":"purchasable","22":"product-type-simple"},"yoast_head":"<!-- This site is optimized with the Yoast SEO plugin v23.6 - https:\/\/yoast.com\/wordpress\/plugins\/seo\/ -->\n<title>Sumac (Somagh)100g Naz - Delicias Persas<\/title>\n<meta name=\"description\" content=\"El somag hace de esta especia un ingrediente especial para dar sabor a los platos, y un intenso sabor a lim\u00f3n, que sustituye al vinagre.\" \/>\n<meta name=\"robots\" content=\"index, follow, max-snippet:-1, max-image-preview:large, max-video-preview:-1\" \/>\n<link rel=\"canonical\" href=\"https:\/\/deliciaspersas.com\/en\/tienda\/especias\/sumac-somagh100g-naz\/\" \/>\n<meta property=\"og:locale\" content=\"en_US\" \/>\n<meta property=\"og:type\" content=\"article\" \/>\n<meta property=\"og:title\" content=\"Sumac (Somagh)100g Naz - Delicias Persas\" \/>\n<meta property=\"og:description\" content=\"El somag hace de esta especia un ingrediente especial para dar sabor a los platos, y un intenso sabor a lim\u00f3n, que sustituye al vinagre.\" \/>\n<meta property=\"og:url\" content=\"https:\/\/deliciaspersas.com\/en\/tienda\/especias\/sumac-somagh100g-naz\/\" \/>\n<meta property=\"og:site_name\" content=\"Delicias Persas\" \/>\n<meta property=\"article:publisher\" content=\"https:\/\/www.facebook.com\/Deliciaspersas\" \/>\n<meta property=\"article:modified_time\" content=\"2025-10-22T07:52:44+00:00\" \/>\n<meta property=\"og:image\" content=\"https:\/\/deliciaspersas.com\/wp-content\/uploads\/180-1.jpg\" \/>\n\t<meta property=\"og:image:width\" content=\"700\" \/>\n\t<meta property=\"og:image:height\" content=\"700\" \/>\n\t<meta property=\"og:image:type\" content=\"image\/jpeg\" \/>\n<meta name=\"twitter:card\" content=\"summary_large_image\" \/>\n<meta name=\"twitter:label1\" content=\"Est. reading time\" \/>\n\t<meta name=\"twitter:data1\" content=\"2 minutes\" \/>\n<script type=\"application\/ld+json\" class=\"yoast-schema-graph\">{\"@context\":\"https:\/\/schema.org\",\"@graph\":[{\"@type\":\"WebPage\",\"@id\":\"https:\/\/deliciaspersas.com\/en\/tienda\/especias\/sumac-somagh100g-naz\/\",\"url\":\"https:\/\/deliciaspersas.com\/en\/tienda\/especias\/sumac-somagh100g-naz\/\",\"name\":\"Sumac (Somagh)100g Naz - Delicias Persas\",\"isPartOf\":{\"@id\":\"https:\/\/deliciaspersas.com\/en\/#website\"},\"primaryImageOfPage\":{\"@id\":\"https:\/\/deliciaspersas.com\/en\/tienda\/especias\/sumac-somagh100g-naz\/#primaryimage\"},\"image\":{\"@id\":\"https:\/\/deliciaspersas.com\/en\/tienda\/especias\/sumac-somagh100g-naz\/#primaryimage\"},\"thumbnailUrl\":\"https:\/\/deliciaspersas.com\/wp-content\/uploads\/180-1.jpg\",\"datePublished\":\"2024-07-03T12:01:59+00:00\",\"dateModified\":\"2025-10-22T07:52:44+00:00\",\"description\":\"El somag hace de esta especia un ingrediente especial para dar sabor a los platos, y un intenso sabor a lim\u00f3n, que sustituye al vinagre.\",\"breadcrumb\":{\"@id\":\"https:\/\/deliciaspersas.com\/en\/tienda\/especias\/sumac-somagh100g-naz\/#breadcrumb\"},\"inLanguage\":\"en-US\",\"potentialAction\":[{\"@type\":\"ReadAction\",\"target\":[\"https:\/\/deliciaspersas.com\/en\/tienda\/especias\/sumac-somagh100g-naz\/\"]}]},{\"@type\":\"ImageObject\",\"inLanguage\":\"en-US\",\"@id\":\"https:\/\/deliciaspersas.com\/en\/tienda\/especias\/sumac-somagh100g-naz\/#primaryimage\",\"url\":\"https:\/\/deliciaspersas.com\/wp-content\/uploads\/180-1.jpg\",\"contentUrl\":\"https:\/\/deliciaspersas.com\/wp-content\/uploads\/180-1.jpg\",\"width\":700,\"height\":700},{\"@type\":\"BreadcrumbList\",\"@id\":\"https:\/\/deliciaspersas.com\/en\/tienda\/especias\/sumac-somagh100g-naz\/#breadcrumb\",\"itemListElement\":[{\"@type\":\"ListItem\",\"position\":1,\"name\":\"Portada\",\"item\":\"https:\/\/deliciaspersas.com\/en\/\"},{\"@type\":\"ListItem\",\"position\":2,\"name\":\"Tienda\",\"item\":\"https:\/\/deliciaspersas.com\/\"},{\"@type\":\"ListItem\",\"position\":3,\"name\":\"Sumac (Somagh)100g Naz\"}]},{\"@type\":\"WebSite\",\"@id\":\"https:\/\/deliciaspersas.com\/en\/#website\",\"url\":\"https:\/\/deliciaspersas.com\/en\/\",\"name\":\"Delicias Persas\",\"description\":\"Gastronom&iacute;a persa al alcance de tus manos\",\"publisher\":{\"@id\":\"https:\/\/deliciaspersas.com\/en\/#organization\"},\"potentialAction\":[{\"@type\":\"SearchAction\",\"target\":{\"@type\":\"EntryPoint\",\"urlTemplate\":\"https:\/\/deliciaspersas.com\/en\/?s={search_term_string}\"},\"query-input\":{\"@type\":\"PropertyValueSpecification\",\"valueRequired\":true,\"valueName\":\"search_term_string\"}}],\"inLanguage\":\"en-US\"},{\"@type\":\"Organization\",\"@id\":\"https:\/\/deliciaspersas.com\/en\/#organization\",\"name\":\"Delicias Persas\",\"url\":\"https:\/\/deliciaspersas.com\/en\/\",\"logo\":{\"@type\":\"ImageObject\",\"inLanguage\":\"en-US\",\"@id\":\"https:\/\/deliciaspersas.com\/en\/#\/schema\/logo\/image\/\",\"url\":\"https:\/\/deliciaspersas.com\/wp-content\/uploads\/2020\/07\/logo-2020.png\",\"contentUrl\":\"https:\/\/deliciaspersas.com\/wp-content\/uploads\/2020\/07\/logo-2020.png\",\"width\":520,\"height\":490,\"caption\":\"Delicias Persas\"},\"image\":{\"@id\":\"https:\/\/deliciaspersas.com\/en\/#\/schema\/logo\/image\/\"},\"sameAs\":[\"https:\/\/www.facebook.com\/Deliciaspersas\",\"https:\/\/www.instagram.com\/delicias_persas\/\",\"https:\/\/www.linkedin.com\/delicias-persas\"]}]}<\/script>\n<!-- \/ Yoast SEO plugin. -->","yoast_head_json":{"title":"Sumac (Somagh)100g Naz - Delicias Persas","description":"El somag hace de esta especia un ingrediente especial para dar sabor a los platos, y un intenso sabor a lim\u00f3n, que sustituye al vinagre.","robots":{"index":"index","follow":"follow","max-snippet":"max-snippet:-1","max-image-preview":"max-image-preview:large","max-video-preview":"max-video-preview:-1"},"canonical":"https:\/\/deliciaspersas.com\/en\/tienda\/especias\/sumac-somagh100g-naz\/","og_locale":"en_US","og_type":"article","og_title":"Sumac (Somagh)100g Naz - Delicias Persas","og_description":"El somag hace de esta especia un ingrediente especial para dar sabor a los platos, y un intenso sabor a lim\u00f3n, que sustituye al vinagre.","og_url":"https:\/\/deliciaspersas.com\/en\/tienda\/especias\/sumac-somagh100g-naz\/","og_site_name":"Delicias Persas","article_publisher":"https:\/\/www.facebook.com\/Deliciaspersas","article_modified_time":"2025-10-22T07:52:44+00:00","og_image":[{"width":700,"height":700,"url":"https:\/\/deliciaspersas.com\/wp-content\/uploads\/180-1.jpg","type":"image\/jpeg"}],"twitter_card":"summary_large_image","twitter_misc":{"Est. reading time":"2 minutes"},"schema":{"@context":"https:\/\/schema.org","@graph":[{"@type":"WebPage","@id":"https:\/\/deliciaspersas.com\/en\/tienda\/especias\/sumac-somagh100g-naz\/","url":"https:\/\/deliciaspersas.com\/en\/tienda\/especias\/sumac-somagh100g-naz\/","name":"Sumac (Somagh)100g Naz - Delicias Persas","isPartOf":{"@id":"https:\/\/deliciaspersas.com\/en\/#website"},"primaryImageOfPage":{"@id":"https:\/\/deliciaspersas.com\/en\/tienda\/especias\/sumac-somagh100g-naz\/#primaryimage"},"image":{"@id":"https:\/\/deliciaspersas.com\/en\/tienda\/especias\/sumac-somagh100g-naz\/#primaryimage"},"thumbnailUrl":"https:\/\/deliciaspersas.com\/wp-content\/uploads\/180-1.jpg","datePublished":"2024-07-03T12:01:59+00:00","dateModified":"2025-10-22T07:52:44+00:00","description":"El somag hace de esta especia un ingrediente especial para dar sabor a los platos, y un intenso sabor a lim\u00f3n, que sustituye al vinagre.","breadcrumb":{"@id":"https:\/\/deliciaspersas.com\/en\/tienda\/especias\/sumac-somagh100g-naz\/#breadcrumb"},"inLanguage":"en-US","potentialAction":[{"@type":"ReadAction","target":["https:\/\/deliciaspersas.com\/en\/tienda\/especias\/sumac-somagh100g-naz\/"]}]},{"@type":"ImageObject","inLanguage":"en-US","@id":"https:\/\/deliciaspersas.com\/en\/tienda\/especias\/sumac-somagh100g-naz\/#primaryimage","url":"https:\/\/deliciaspersas.com\/wp-content\/uploads\/180-1.jpg","contentUrl":"https:\/\/deliciaspersas.com\/wp-content\/uploads\/180-1.jpg","width":700,"height":700},{"@type":"BreadcrumbList","@id":"https:\/\/deliciaspersas.com\/en\/tienda\/especias\/sumac-somagh100g-naz\/#breadcrumb","itemListElement":[{"@type":"ListItem","position":1,"name":"Portada","item":"https:\/\/deliciaspersas.com\/en\/"},{"@type":"ListItem","position":2,"name":"Tienda","item":"https:\/\/deliciaspersas.com\/"},{"@type":"ListItem","position":3,"name":"Sumac (Somagh)100g Naz"}]},{"@type":"WebSite","@id":"https:\/\/deliciaspersas.com\/en\/#website","url":"https:\/\/deliciaspersas.com\/en\/","name":"Delicias Persas","description":"Gastronom&iacute;a persa al alcance de tus manos","publisher":{"@id":"https:\/\/deliciaspersas.com\/en\/#organization"},"potentialAction":[{"@type":"SearchAction","target":{"@type":"EntryPoint","urlTemplate":"https:\/\/deliciaspersas.com\/en\/?s={search_term_string}"},"query-input":{"@type":"PropertyValueSpecification","valueRequired":true,"valueName":"search_term_string"}}],"inLanguage":"en-US"},{"@type":"Organization","@id":"https:\/\/deliciaspersas.com\/en\/#organization","name":"Delicias Persas","url":"https:\/\/deliciaspersas.com\/en\/","logo":{"@type":"ImageObject","inLanguage":"en-US","@id":"https:\/\/deliciaspersas.com\/en\/#\/schema\/logo\/image\/","url":"https:\/\/deliciaspersas.com\/wp-content\/uploads\/2020\/07\/logo-2020.png","contentUrl":"https:\/\/deliciaspersas.com\/wp-content\/uploads\/2020\/07\/logo-2020.png","width":520,"height":490,"caption":"Delicias Persas"},"image":{"@id":"https:\/\/deliciaspersas.com\/en\/#\/schema\/logo\/image\/"},"sameAs":["https:\/\/www.facebook.com\/Deliciaspersas","https:\/\/www.instagram.com\/delicias_persas\/","https:\/\/www.linkedin.com\/delicias-persas"]}]}},"uagb_featured_image_src":{"full":["https:\/\/deliciaspersas.com\/wp-content\/uploads\/180-1.jpg",700,700,false],"thumbnail":["https:\/\/deliciaspersas.com\/wp-content\/uploads\/180-1-150x150.jpg",150,150,true],"medium":["https:\/\/deliciaspersas.com\/wp-content\/uploads\/180-1-300x300.jpg",300,300,true],"medium_large":["https:\/\/deliciaspersas.com\/wp-content\/uploads\/180-1.jpg",700,700,false],"large":["https:\/\/deliciaspersas.com\/wp-content\/uploads\/180-1.jpg",700,700,false],"1536x1536":["https:\/\/deliciaspersas.com\/wp-content\/uploads\/180-1.jpg",700,700,false],"2048x2048":["https:\/\/deliciaspersas.com\/wp-content\/uploads\/180-1.jpg",700,700,false],"woocommerce_thumbnail":["https:\/\/deliciaspersas.com\/wp-content\/uploads\/180-1-300x300.jpg",300,300,true],"woocommerce_single":["https:\/\/deliciaspersas.com\/wp-content\/uploads\/180-1-600x600.jpg",600,600,true],"woocommerce_gallery_thumbnail":["https:\/\/deliciaspersas.com\/wp-content\/uploads\/180-1-100x100.jpg",100,100,true]},"uagb_author_info":{"display_name":"admin","author_link":"https:\/\/deliciaspersas.com\/en\/author\/"},"uagb_comment_info":0,"uagb_excerpt":"Sumac (Somagh)100g Naz &nbsp; Informaci\u00f3n del producto: De color rojo intenso, el sumac o zumaque es una especia que sustituye al vinagre o lim\u00f3n, rica en antioxidantes. Ingredientes y al\u00e9rgenos: El Somag es obtenido de la planta &#8220;Rhus coriaria&#8221;. Los peque\u00f1os frutos o bayas rojas de la planta de zumaque se secan y se muelen,&hellip;","brands":[{"id":113,"name":"Dayan","slug":"dayan-2"}],"_links":{"self":[{"href":"https:\/\/deliciaspersas.com\/en\/wp-json\/wp\/v2\/product\/14357"}],"collection":[{"href":"https:\/\/deliciaspersas.com\/en\/wp-json\/wp\/v2\/product"}],"about":[{"href":"https:\/\/deliciaspersas.com\/en\/wp-json\/wp\/v2\/types\/product"}],"wp:featuredmedia":[{"embeddable":true,"href":"https:\/\/deliciaspersas.com\/en\/wp-json\/wp\/v2\/media\/14358"}],"wp:attachment":[{"href":"https:\/\/deliciaspersas.com\/en\/wp-json\/wp\/v2\/media?parent=14357"}],"wp:term":[{"taxonomy":"pwb-brand","embeddable":true,"href":"https:\/\/deliciaspersas.com\/en\/wp-json\/wp\/v2\/pwb-brand?post=14357"},{"taxonomy":"product_cat","embeddable":true,"href":"https:\/\/deliciaspersas.com\/en\/wp-json\/wp\/v2\/product_cat?post=14357"},{"taxonomy":"product_tag","embeddable":true,"href":"https:\/\/deliciaspersas.com\/en\/wp-json\/wp\/v2\/product_tag?post=14357"}],"curies":[{"name":"wp","href":"https:\/\/api.w.org\/{rel}","templated":true}]}}