{"id":14941,"date":"2024-08-16T14:01:55","date_gmt":"2024-08-16T12:01:55","guid":{"rendered":"https:\/\/deliciaspersas.com\/?post_type=product&#038;p=14941"},"modified":"2024-08-18T13:54:34","modified_gmt":"2024-08-18T11:54:34","slug":"pincho-quadrado-para-kebab-sikh-morabea-kabab-dayan","status":"publish","type":"product","link":"https:\/\/deliciaspersas.com\/en\/tienda\/carnes\/pincho-quadrado-para-kebab-sikh-morabea-kabab-dayan\/","title":{"rendered":"Pincho quadrado para kebab (Sikh morabea kabab)  Dayan"},"content":{"rendered":"<h1>Pincho quadrado para kebab (Sikh morabea kabab) Dayan<\/h1>\n<p>\u00bfEs posible ignorar el placer de comer carne hecha en fuego?<\/p>\n<p>Muchos de nosotros los iran\u00edes sabemos que asar carne al fuego es uno de los alimentos m\u00e1s comunes en el viaje, picnic o cuando haces una barbacua. Para servir un kebab adecuado, necesita una brocheta adecuada Para cada tipo de kebab, se puede utilizar una brocheta especial, por lo que al elegir una brocheta adecuada, hay que prestarle atenci\u00f3n.<\/p>\n<p>Aqu\u00ed vamos a ense\u00f1arles una receta lo cual se puede hacer con esta heramienta util:<\/p>\n<h3>Ingredientes<\/h3>\n<p>350 g de carne de ternera<\/p>\n<p>150 g de tocineta, 2 tomates<\/p>\n<p>1\/2 pimiento morr\u00f3n<\/p>\n<p>2 dientes de ajo<\/p>\n<p>hojas de lechugas variadas<\/p>\n<p>1 cebolleta<\/p>\n<p>aceite virgen extra, vinagre, sal, pimienta, piment\u00f3n y perejil.<\/p>\n<h3>Elaboraci\u00f3n:<\/h3>\n<div class=\"row\">\n<div class=\"col-md-6\">\n<div class=\"texto\">\n<div class=\"step\">\n<p>Cortar la carne en 8 trozos, o puede picarla y hacer una masa, la tocineta en 4, el pimiento en 4 y los tomates en 2.<\/p>\n<p>Ensartar en las brochetas de acero, un trozo de carne, uno de tocineta, medio tomate, otro de h\u00edgado y finalmente uno de pimiento. Poner en un vaso batidor, los dientes de ajo picados, el piment\u00f3n, un poco de perejil picado y el aceite (100 ml), triturar con la batidora el\u00e9ctrica. Salpimientar las brochetas, untarlas con la mezcla anterior y cocinarlas sobre la plancha 3-4 minutos por cada lado. Mientras se est\u00e9n cocinando, untarlas con el adobo. Cuando est\u00e9n hechas servir en una fuente amplia y decorar con una rama de perejil. Poner en un bol amplio las hojas de lechuga limpias y troceadas. Sazonar y ali\u00f1ar con vinagre y aceite. Picar finamente la cebolleta, incorporarla y mezclar bien. Acompa\u00f1ar las brochetas con la ensalada.<\/p>\n<\/div>\n<\/div>\n<\/div>\n<\/div>\n","protected":false},"excerpt":{"rendered":"<p>Pincho quadrado para kebab (Sikh morabea kabab) Dayan \u00bfEs posible ignorar el placer de comer carne hecha en fuego? Muchos de nosotros los iran\u00edes sabemos que asar carne al fuego es uno de los alimentos m\u00e1s comunes en el viaje, picnic o cuando haces una barbacua. Para servir un kebab adecuado, necesita una brocheta adecuada [&hellip;]<\/p>\n","protected":false},"featured_media":14955,"template":"","meta":{"_surecart_dashboard_logo_width":"180px","_surecart_dashboard_show_logo":true,"_surecart_dashboard_navigation_orders":true,"_surecart_dashboard_navigation_invoices":true,"_surecart_dashboard_navigation_subscriptions":true,"_surecart_dashboard_navigation_downloads":true,"_surecart_dashboard_navigation_billing":true,"_surecart_dashboard_navigation_account":true,"_uag_custom_page_level_css":"","site-sidebar-layout":"default","site-content-layout":"default","ast-site-content-layout":"default","site-content-style":"default","site-sidebar-style":"default","ast-global-header-display":"","ast-banner-title-visibility":"","ast-main-header-display":"","ast-hfb-above-header-display":"","ast-hfb-below-header-display":"","ast-hfb-mobile-header-display":"","site-post-title":"","ast-breadcrumbs-content":"","ast-featured-img":"","footer-sml-layout":"","theme-transparent-header-meta":"default","adv-header-id-meta":"","stick-header-meta":"","header-above-stick-meta":"","header-main-stick-meta":"","header-below-stick-meta":"","astra-migrate-meta-layouts":"set","ast-page-background-enabled":"default","ast-page-background-meta":{"desktop":{"background-color":"","background-image":"","background-repeat":"repeat","background-position":"center center","background-size":"auto","background-attachment":"scroll","background-type":"","background-media":"","overlay-type":"","overlay-color":"","overlay-opacity":"","overlay-gradient":""},"tablet":{"background-color":"","background-image":"","background-repeat":"repeat","background-position":"center center","background-size":"auto","background-attachment":"scroll","background-type":"","background-media":"","overlay-type":"","overlay-color":"","overlay-opacity":"","overlay-gradient":""},"mobile":{"background-color":"","background-image":"","background-repeat":"repeat","background-position":"center center","background-size":"auto","background-attachment":"scroll","background-type":"","background-media":"","overlay-type":"","overlay-color":"","overlay-opacity":"","overlay-gradient":""}},"ast-content-background-meta":{"desktop":{"background-color":"var(--ast-global-color-5)","background-image":"","background-repeat":"repeat","background-position":"center center","background-size":"auto","background-attachment":"scroll","background-type":"","background-media":"","overlay-type":"","overlay-color":"","overlay-opacity":"","overlay-gradient":""},"tablet":{"background-color":"var(--ast-global-color-5)","background-image":"","background-repeat":"repeat","background-position":"center center","background-size":"auto","background-attachment":"scroll","background-type":"","background-media":"","overlay-type":"","overlay-color":"","overlay-opacity":"","overlay-gradient":""},"mobile":{"background-color":"var(--ast-global-color-5)","background-image":"","background-repeat":"repeat","background-position":"center center","background-size":"auto","background-attachment":"scroll","background-type":"","background-media":"","overlay-type":"","overlay-color":"","overlay-opacity":"","overlay-gradient":""}}},"pwb-brand":[113],"product_cat":[93,1169,683],"product_tag":[729,1533,1534,373,399,279,401,400,398],"class_list":{"0":"post-14941","1":"product","2":"type-product","3":"status-publish","4":"has-post-thumbnail","6":"pwb-brand-dayan-2","7":"product_cat-carnes","8":"product_cat-cocina","9":"product_cat-utensilios","10":"product_tag-brochetas","11":"product_tag-pincho","12":"product_tag-quadrado","13":"product_tag-373","14":"product_tag-399","15":"product_tag-279","16":"product_tag-401","17":"product_tag-400","18":"product_tag-398","19":"desktop-align-center","20":"tablet-align-center","21":"mobile-align-center","23":"first","24":"instock","25":"taxable","26":"shipping-taxable","27":"purchasable","28":"product-type-simple"},"yoast_head":"<!-- This site is optimized with the Yoast SEO plugin v23.6 - https:\/\/yoast.com\/wordpress\/plugins\/seo\/ -->\n<title>Pincho quadrado para kebab (Sikh morabea kabab) Dayan - Delicias Persas<\/title>\n<meta name=\"description\" content=\"Brochetas de acero gruesas Koobideh 1 Unidad\u00bfEs posible ignorar el placer de comer carne hecha en fuego?Muchos de nosotros los....\" \/>\n<meta name=\"robots\" content=\"index, follow, max-snippet:-1, max-image-preview:large, max-video-preview:-1\" \/>\n<link rel=\"canonical\" href=\"https:\/\/deliciaspersas.com\/en\/tienda\/carnes\/pincho-quadrado-para-kebab-sikh-morabea-kabab-dayan\/\" \/>\n<meta property=\"og:locale\" content=\"en_US\" \/>\n<meta property=\"og:type\" content=\"article\" \/>\n<meta property=\"og:title\" content=\"Pincho quadrado para kebab (Sikh morabea kabab) Dayan - Delicias Persas\" \/>\n<meta property=\"og:description\" content=\"Brochetas de acero gruesas Koobideh 1 Unidad\u00bfEs posible ignorar el placer de comer carne hecha en fuego?Muchos de nosotros los....\" \/>\n<meta property=\"og:url\" content=\"https:\/\/deliciaspersas.com\/en\/tienda\/carnes\/pincho-quadrado-para-kebab-sikh-morabea-kabab-dayan\/\" \/>\n<meta property=\"og:site_name\" content=\"Delicias Persas\" \/>\n<meta property=\"article:publisher\" content=\"https:\/\/www.facebook.com\/Deliciaspersas\" \/>\n<meta property=\"article:modified_time\" content=\"2024-08-18T11:54:34+00:00\" \/>\n<meta property=\"og:image\" content=\"https:\/\/deliciaspersas.com\/wp-content\/uploads\/pincho-quadrado-Dayan-.jpg\" \/>\n\t<meta property=\"og:image:width\" content=\"1600\" \/>\n\t<meta property=\"og:image:height\" content=\"1600\" \/>\n\t<meta property=\"og:image:type\" content=\"image\/jpeg\" \/>\n<meta name=\"twitter:card\" content=\"summary_large_image\" \/>\n<meta name=\"twitter:label1\" content=\"Est. reading time\" \/>\n\t<meta name=\"twitter:data1\" content=\"2 minutes\" \/>\n<script type=\"application\/ld+json\" class=\"yoast-schema-graph\">{\"@context\":\"https:\/\/schema.org\",\"@graph\":[{\"@type\":\"WebPage\",\"@id\":\"https:\/\/deliciaspersas.com\/en\/tienda\/carnes\/pincho-quadrado-para-kebab-sikh-morabea-kabab-dayan\/\",\"url\":\"https:\/\/deliciaspersas.com\/en\/tienda\/carnes\/pincho-quadrado-para-kebab-sikh-morabea-kabab-dayan\/\",\"name\":\"Pincho quadrado para kebab (Sikh morabea kabab) Dayan - Delicias Persas\",\"isPartOf\":{\"@id\":\"https:\/\/deliciaspersas.com\/en\/#website\"},\"primaryImageOfPage\":{\"@id\":\"https:\/\/deliciaspersas.com\/en\/tienda\/carnes\/pincho-quadrado-para-kebab-sikh-morabea-kabab-dayan\/#primaryimage\"},\"image\":{\"@id\":\"https:\/\/deliciaspersas.com\/en\/tienda\/carnes\/pincho-quadrado-para-kebab-sikh-morabea-kabab-dayan\/#primaryimage\"},\"thumbnailUrl\":\"https:\/\/deliciaspersas.com\/wp-content\/uploads\/pincho-quadrado-Dayan-.jpg\",\"datePublished\":\"2024-08-16T12:01:55+00:00\",\"dateModified\":\"2024-08-18T11:54:34+00:00\",\"description\":\"Brochetas de acero gruesas Koobideh 1 Unidad\u00bfEs posible ignorar el placer de comer carne hecha en fuego?Muchos de nosotros los....\",\"breadcrumb\":{\"@id\":\"https:\/\/deliciaspersas.com\/en\/tienda\/carnes\/pincho-quadrado-para-kebab-sikh-morabea-kabab-dayan\/#breadcrumb\"},\"inLanguage\":\"en-US\",\"potentialAction\":[{\"@type\":\"ReadAction\",\"target\":[\"https:\/\/deliciaspersas.com\/en\/tienda\/carnes\/pincho-quadrado-para-kebab-sikh-morabea-kabab-dayan\/\"]}]},{\"@type\":\"ImageObject\",\"inLanguage\":\"en-US\",\"@id\":\"https:\/\/deliciaspersas.com\/en\/tienda\/carnes\/pincho-quadrado-para-kebab-sikh-morabea-kabab-dayan\/#primaryimage\",\"url\":\"https:\/\/deliciaspersas.com\/wp-content\/uploads\/pincho-quadrado-Dayan-.jpg\",\"contentUrl\":\"https:\/\/deliciaspersas.com\/wp-content\/uploads\/pincho-quadrado-Dayan-.jpg\",\"width\":1600,\"height\":1600},{\"@type\":\"BreadcrumbList\",\"@id\":\"https:\/\/deliciaspersas.com\/en\/tienda\/carnes\/pincho-quadrado-para-kebab-sikh-morabea-kabab-dayan\/#breadcrumb\",\"itemListElement\":[{\"@type\":\"ListItem\",\"position\":1,\"name\":\"Portada\",\"item\":\"https:\/\/deliciaspersas.com\/en\/\"},{\"@type\":\"ListItem\",\"position\":2,\"name\":\"Tienda\",\"item\":\"https:\/\/deliciaspersas.com\/\"},{\"@type\":\"ListItem\",\"position\":3,\"name\":\"Pincho quadrado para kebab (Sikh morabea kabab) Dayan\"}]},{\"@type\":\"WebSite\",\"@id\":\"https:\/\/deliciaspersas.com\/en\/#website\",\"url\":\"https:\/\/deliciaspersas.com\/en\/\",\"name\":\"Delicias Persas\",\"description\":\"Gastronom&iacute;a persa al alcance de tus manos\",\"publisher\":{\"@id\":\"https:\/\/deliciaspersas.com\/en\/#organization\"},\"potentialAction\":[{\"@type\":\"SearchAction\",\"target\":{\"@type\":\"EntryPoint\",\"urlTemplate\":\"https:\/\/deliciaspersas.com\/en\/?s={search_term_string}\"},\"query-input\":{\"@type\":\"PropertyValueSpecification\",\"valueRequired\":true,\"valueName\":\"search_term_string\"}}],\"inLanguage\":\"en-US\"},{\"@type\":\"Organization\",\"@id\":\"https:\/\/deliciaspersas.com\/en\/#organization\",\"name\":\"Delicias Persas\",\"url\":\"https:\/\/deliciaspersas.com\/en\/\",\"logo\":{\"@type\":\"ImageObject\",\"inLanguage\":\"en-US\",\"@id\":\"https:\/\/deliciaspersas.com\/en\/#\/schema\/logo\/image\/\",\"url\":\"https:\/\/deliciaspersas.com\/wp-content\/uploads\/2020\/07\/logo-2020.png\",\"contentUrl\":\"https:\/\/deliciaspersas.com\/wp-content\/uploads\/2020\/07\/logo-2020.png\",\"width\":520,\"height\":490,\"caption\":\"Delicias Persas\"},\"image\":{\"@id\":\"https:\/\/deliciaspersas.com\/en\/#\/schema\/logo\/image\/\"},\"sameAs\":[\"https:\/\/www.facebook.com\/Deliciaspersas\",\"https:\/\/www.instagram.com\/delicias_persas\/\",\"https:\/\/www.linkedin.com\/delicias-persas\"]}]}<\/script>\n<!-- \/ Yoast SEO plugin. -->","yoast_head_json":{"title":"Pincho quadrado para kebab (Sikh morabea kabab) Dayan - Delicias Persas","description":"Brochetas de acero gruesas Koobideh 1 Unidad\u00bfEs posible ignorar el placer de comer carne hecha en fuego?Muchos de nosotros los....","robots":{"index":"index","follow":"follow","max-snippet":"max-snippet:-1","max-image-preview":"max-image-preview:large","max-video-preview":"max-video-preview:-1"},"canonical":"https:\/\/deliciaspersas.com\/en\/tienda\/carnes\/pincho-quadrado-para-kebab-sikh-morabea-kabab-dayan\/","og_locale":"en_US","og_type":"article","og_title":"Pincho quadrado para kebab (Sikh morabea kabab) Dayan - Delicias Persas","og_description":"Brochetas de acero gruesas Koobideh 1 Unidad\u00bfEs posible ignorar el placer de comer carne hecha en fuego?Muchos de nosotros los....","og_url":"https:\/\/deliciaspersas.com\/en\/tienda\/carnes\/pincho-quadrado-para-kebab-sikh-morabea-kabab-dayan\/","og_site_name":"Delicias Persas","article_publisher":"https:\/\/www.facebook.com\/Deliciaspersas","article_modified_time":"2024-08-18T11:54:34+00:00","og_image":[{"width":1600,"height":1600,"url":"https:\/\/deliciaspersas.com\/wp-content\/uploads\/pincho-quadrado-Dayan-.jpg","type":"image\/jpeg"}],"twitter_card":"summary_large_image","twitter_misc":{"Est. reading time":"2 minutes"},"schema":{"@context":"https:\/\/schema.org","@graph":[{"@type":"WebPage","@id":"https:\/\/deliciaspersas.com\/en\/tienda\/carnes\/pincho-quadrado-para-kebab-sikh-morabea-kabab-dayan\/","url":"https:\/\/deliciaspersas.com\/en\/tienda\/carnes\/pincho-quadrado-para-kebab-sikh-morabea-kabab-dayan\/","name":"Pincho quadrado para kebab (Sikh morabea kabab) Dayan - Delicias Persas","isPartOf":{"@id":"https:\/\/deliciaspersas.com\/en\/#website"},"primaryImageOfPage":{"@id":"https:\/\/deliciaspersas.com\/en\/tienda\/carnes\/pincho-quadrado-para-kebab-sikh-morabea-kabab-dayan\/#primaryimage"},"image":{"@id":"https:\/\/deliciaspersas.com\/en\/tienda\/carnes\/pincho-quadrado-para-kebab-sikh-morabea-kabab-dayan\/#primaryimage"},"thumbnailUrl":"https:\/\/deliciaspersas.com\/wp-content\/uploads\/pincho-quadrado-Dayan-.jpg","datePublished":"2024-08-16T12:01:55+00:00","dateModified":"2024-08-18T11:54:34+00:00","description":"Brochetas de acero gruesas Koobideh 1 Unidad\u00bfEs posible ignorar el placer de comer carne hecha en fuego?Muchos de nosotros los....","breadcrumb":{"@id":"https:\/\/deliciaspersas.com\/en\/tienda\/carnes\/pincho-quadrado-para-kebab-sikh-morabea-kabab-dayan\/#breadcrumb"},"inLanguage":"en-US","potentialAction":[{"@type":"ReadAction","target":["https:\/\/deliciaspersas.com\/en\/tienda\/carnes\/pincho-quadrado-para-kebab-sikh-morabea-kabab-dayan\/"]}]},{"@type":"ImageObject","inLanguage":"en-US","@id":"https:\/\/deliciaspersas.com\/en\/tienda\/carnes\/pincho-quadrado-para-kebab-sikh-morabea-kabab-dayan\/#primaryimage","url":"https:\/\/deliciaspersas.com\/wp-content\/uploads\/pincho-quadrado-Dayan-.jpg","contentUrl":"https:\/\/deliciaspersas.com\/wp-content\/uploads\/pincho-quadrado-Dayan-.jpg","width":1600,"height":1600},{"@type":"BreadcrumbList","@id":"https:\/\/deliciaspersas.com\/en\/tienda\/carnes\/pincho-quadrado-para-kebab-sikh-morabea-kabab-dayan\/#breadcrumb","itemListElement":[{"@type":"ListItem","position":1,"name":"Portada","item":"https:\/\/deliciaspersas.com\/en\/"},{"@type":"ListItem","position":2,"name":"Tienda","item":"https:\/\/deliciaspersas.com\/"},{"@type":"ListItem","position":3,"name":"Pincho quadrado para kebab (Sikh morabea kabab) Dayan"}]},{"@type":"WebSite","@id":"https:\/\/deliciaspersas.com\/en\/#website","url":"https:\/\/deliciaspersas.com\/en\/","name":"Delicias Persas","description":"Gastronom&iacute;a persa al alcance de tus manos","publisher":{"@id":"https:\/\/deliciaspersas.com\/en\/#organization"},"potentialAction":[{"@type":"SearchAction","target":{"@type":"EntryPoint","urlTemplate":"https:\/\/deliciaspersas.com\/en\/?s={search_term_string}"},"query-input":{"@type":"PropertyValueSpecification","valueRequired":true,"valueName":"search_term_string"}}],"inLanguage":"en-US"},{"@type":"Organization","@id":"https:\/\/deliciaspersas.com\/en\/#organization","name":"Delicias Persas","url":"https:\/\/deliciaspersas.com\/en\/","logo":{"@type":"ImageObject","inLanguage":"en-US","@id":"https:\/\/deliciaspersas.com\/en\/#\/schema\/logo\/image\/","url":"https:\/\/deliciaspersas.com\/wp-content\/uploads\/2020\/07\/logo-2020.png","contentUrl":"https:\/\/deliciaspersas.com\/wp-content\/uploads\/2020\/07\/logo-2020.png","width":520,"height":490,"caption":"Delicias Persas"},"image":{"@id":"https:\/\/deliciaspersas.com\/en\/#\/schema\/logo\/image\/"},"sameAs":["https:\/\/www.facebook.com\/Deliciaspersas","https:\/\/www.instagram.com\/delicias_persas\/","https:\/\/www.linkedin.com\/delicias-persas"]}]}},"uagb_featured_image_src":{"full":["https:\/\/deliciaspersas.com\/wp-content\/uploads\/pincho-quadrado-Dayan-.jpg",1600,1600,false],"thumbnail":["https:\/\/deliciaspersas.com\/wp-content\/uploads\/pincho-quadrado-Dayan--150x150.jpg",150,150,true],"medium":["https:\/\/deliciaspersas.com\/wp-content\/uploads\/pincho-quadrado-Dayan--300x300.jpg",300,300,true],"medium_large":["https:\/\/deliciaspersas.com\/wp-content\/uploads\/pincho-quadrado-Dayan--768x768.jpg",768,768,true],"large":["https:\/\/deliciaspersas.com\/wp-content\/uploads\/pincho-quadrado-Dayan--1024x1024.jpg",1024,1024,true],"1536x1536":["https:\/\/deliciaspersas.com\/wp-content\/uploads\/pincho-quadrado-Dayan--1536x1536.jpg",1536,1536,true],"2048x2048":["https:\/\/deliciaspersas.com\/wp-content\/uploads\/pincho-quadrado-Dayan-.jpg",1600,1600,false],"woocommerce_thumbnail":["https:\/\/deliciaspersas.com\/wp-content\/uploads\/pincho-quadrado-Dayan--300x300.jpg",300,300,true],"woocommerce_single":["https:\/\/deliciaspersas.com\/wp-content\/uploads\/pincho-quadrado-Dayan--600x600.jpg",600,600,true],"woocommerce_gallery_thumbnail":["https:\/\/deliciaspersas.com\/wp-content\/uploads\/pincho-quadrado-Dayan--100x100.jpg",100,100,true]},"uagb_author_info":{"display_name":"admin","author_link":"https:\/\/deliciaspersas.com\/en\/author\/"},"uagb_comment_info":0,"uagb_excerpt":"Pincho quadrado para kebab (Sikh morabea kabab) Dayan \u00bfEs posible ignorar el placer de comer carne hecha en fuego? Muchos de nosotros los iran\u00edes sabemos que asar carne al fuego es uno de los alimentos m\u00e1s comunes en el viaje, picnic o cuando haces una barbacua. Para servir un kebab adecuado, necesita una brocheta adecuada&hellip;","brands":[{"id":113,"name":"Dayan","slug":"dayan-2"}],"_links":{"self":[{"href":"https:\/\/deliciaspersas.com\/en\/wp-json\/wp\/v2\/product\/14941"}],"collection":[{"href":"https:\/\/deliciaspersas.com\/en\/wp-json\/wp\/v2\/product"}],"about":[{"href":"https:\/\/deliciaspersas.com\/en\/wp-json\/wp\/v2\/types\/product"}],"wp:featuredmedia":[{"embeddable":true,"href":"https:\/\/deliciaspersas.com\/en\/wp-json\/wp\/v2\/media\/14955"}],"wp:attachment":[{"href":"https:\/\/deliciaspersas.com\/en\/wp-json\/wp\/v2\/media?parent=14941"}],"wp:term":[{"taxonomy":"pwb-brand","embeddable":true,"href":"https:\/\/deliciaspersas.com\/en\/wp-json\/wp\/v2\/pwb-brand?post=14941"},{"taxonomy":"product_cat","embeddable":true,"href":"https:\/\/deliciaspersas.com\/en\/wp-json\/wp\/v2\/product_cat?post=14941"},{"taxonomy":"product_tag","embeddable":true,"href":"https:\/\/deliciaspersas.com\/en\/wp-json\/wp\/v2\/product_tag?post=14941"}],"curies":[{"name":"wp","href":"https:\/\/api.w.org\/{rel}","templated":true}]}}