{"id":15429,"date":"2024-10-18T18:06:39","date_gmt":"2024-10-18T16:06:39","guid":{"rendered":"https:\/\/deliciaspersas.com\/?post_type=product&#038;p=15429"},"modified":"2026-04-19T15:40:41","modified_gmt":"2026-04-19T13:40:41","slug":"pipas-de-jaboni-tokhme-jaboni-granel-dayan","status":"publish","type":"product","link":"https:\/\/deliciaspersas.com\/en\/tienda\/secos\/pipas-de-jaboni-tokhme-jaboni-granel-dayan\/","title":{"rendered":"Pipas de Jaboni (Tokhme Jaboni ) Granel  Dayan"},"content":{"rendered":"<h1>Pipas de Jaboni (Tokhme Jaboni ) Granel Dayan<\/h1>\n<h6>Informaci\u00f3n del producto:<\/h6>\n<p>Pipas de sand\u00eda.<\/p>\n<h6>Usos:<\/h6>\n<p>Se usa como aperitivo.<\/p>\n<h6>Beneficios:<\/h6>\n<p class=\"paragraph\" data-gtm-element-container=\"modulo-texto-link\">Las pipas de la sand\u00eda son una fuente de energ\u00eda importante. Se trata de un alimento recomendado para personas que desarrollan una alta actividad f\u00edsica, al tiempo que son ricas en prote\u00ednas, que permiten el desarrollo muscular y la regeneraci\u00f3n de tejidos.<\/p>\n<p class=\"paragraph\" data-gtm-element-container=\"modulo-texto-link\">Asimismo, aportan grasas saludables, como ocurre con los frutos secos, que regulan los niveles de colesterol en sangre.<\/p>\n<p class=\"paragraph\" data-gtm-element-container=\"modulo-texto-link\">Tambi\u00e9n ayuda a eliminar toxinas de nuestro organismo gracias al efecto diur\u00e9tico y combate el estre\u00f1imiento a trav\u00e9s de la fibra que se halla en estas semillas.<\/p>\n<p class=\"paragraph\" data-gtm-element-container=\"modulo-texto-link\">El zinc que se halla en este alimento protege el sistema inmune, mientras que, al igual que ocurre con la sand\u00eda, aporta antioxidantes que retrasan los signos de envejecimiento.<\/p>\n<p data-gtm-element-container=\"modulo-texto-link\">Adem\u00e1s, proporciona interesantes cantidades de fibra, vitaminas A, C y B6 y minerales como el magnesio o el potasio. Aunque el componente m\u00e1s valioso que encontramos en su composici\u00f3n es el\u00a0licopeno. Se trata de un carotenoide que, adem\u00e1s de conferirle el intenso color rojo que luce, tiene un enorme poder\u00a0antioxidante. Dicha funci\u00f3n antioxidante est\u00e1 posiblemente asociada a la reducci\u00f3n del riesgo de la ocurrencia del c\u00e1ncer y ciertas enfermedades cr\u00f3nicas. Este nutriente se encuentra en un n\u00famero limitado de alimentos y, adem\u00e1s, el organismo no es capaz de sintetizarlo; de esta forma, el licopeno se obtiene exclusivamente a trav\u00e9s de la dieta alimentaria.<\/p>\n<p data-gtm-element-container=\"modulo-texto-link\">Son una gran fuente de fibra, especialmente la c\u00e1scara que las envuelve. Como bien es sabido, esta sustancia interviene en la\u00a0salud digestiva<strong>,<\/strong> regulando la funci\u00f3n intestinal, mejora la composici\u00f3n bacteriana y, adem\u00e1s, favorece el control de peso, en tanto que tiene poder saciante. El consumo de fibra se asocia tambi\u00e9n a la reducci\u00f3n de la mortalidad por\u00a0enfermedad cardiovascular, respiratoria y c\u00e1ncer. Adem\u00e1s, regula los niveles de colesterol y glucemia.<\/p>\n<h6>Ingredientes y al\u00e9rgenos:<\/h6>\n<p>Pepitas de sand\u00eda.<\/p>\n<h6>Condiciones de conservaci\u00f3n:<\/h6>\n<p>Conservar en un lugar fresco, seco y protegido de la luz.<\/p>\n<h6>Informaci\u00f3n adicional:<\/h6>\n<p>Fabricado por: Donya<\/p>\n<p><span class=\"LrzXr\">UNIT 1B, 6 Greycaine Rd<\/span><\/p>\n<p><span class=\"LrzXr\">Watford WD24 7GP,<\/span><\/p>\n","protected":false},"excerpt":{"rendered":"<p>Pipas de Jaboni (Tokhme Jaboni ) Granel Dayan Informaci\u00f3n del producto: Pipas de sand\u00eda. Usos: Se usa como aperitivo. Beneficios: Las pipas de la sand\u00eda son una fuente de energ\u00eda importante. Se trata de un alimento recomendado para personas que desarrollan una alta actividad f\u00edsica, al tiempo que son ricas en prote\u00ednas, que permiten el [&hellip;]<\/p>\n","protected":false},"featured_media":15430,"template":"","meta":{"_surecart_dashboard_logo_width":"180px","_surecart_dashboard_show_logo":true,"_surecart_dashboard_navigation_orders":true,"_surecart_dashboard_navigation_invoices":true,"_surecart_dashboard_navigation_subscriptions":true,"_surecart_dashboard_navigation_downloads":true,"_surecart_dashboard_navigation_billing":true,"_surecart_dashboard_navigation_account":true,"_uag_custom_page_level_css":"","site-sidebar-layout":"default","site-content-layout":"default","ast-site-content-layout":"default","site-content-style":"default","site-sidebar-style":"default","ast-global-header-display":"","ast-banner-title-visibility":"","ast-main-header-display":"","ast-hfb-above-header-display":"","ast-hfb-below-header-display":"","ast-hfb-mobile-header-display":"","site-post-title":"","ast-breadcrumbs-content":"","ast-featured-img":"","footer-sml-layout":"","theme-transparent-header-meta":"default","adv-header-id-meta":"","stick-header-meta":"","header-above-stick-meta":"","header-main-stick-meta":"","header-below-stick-meta":"","astra-migrate-meta-layouts":"set","ast-page-background-enabled":"default","ast-page-background-meta":{"desktop":{"background-color":"","background-image":"","background-repeat":"repeat","background-position":"center center","background-size":"auto","background-attachment":"scroll","background-type":"","background-media":"","overlay-type":"","overlay-color":"","overlay-opacity":"","overlay-gradient":""},"tablet":{"background-color":"","background-image":"","background-repeat":"repeat","background-position":"center center","background-size":"auto","background-attachment":"scroll","background-type":"","background-media":"","overlay-type":"","overlay-color":"","overlay-opacity":"","overlay-gradient":""},"mobile":{"background-color":"","background-image":"","background-repeat":"repeat","background-position":"center center","background-size":"auto","background-attachment":"scroll","background-type":"","background-media":"","overlay-type":"","overlay-color":"","overlay-opacity":"","overlay-gradient":""}},"ast-content-background-meta":{"desktop":{"background-color":"var(--ast-global-color-5)","background-image":"","background-repeat":"repeat","background-position":"center center","background-size":"auto","background-attachment":"scroll","background-type":"","background-media":"","overlay-type":"","overlay-color":"","overlay-opacity":"","overlay-gradient":""},"tablet":{"background-color":"var(--ast-global-color-5)","background-image":"","background-repeat":"repeat","background-position":"center center","background-size":"auto","background-attachment":"scroll","background-type":"","background-media":"","overlay-type":"","overlay-color":"","overlay-opacity":"","overlay-gradient":""},"mobile":{"background-color":"var(--ast-global-color-5)","background-image":"","background-repeat":"repeat","background-position":"center center","background-size":"auto","background-attachment":"scroll","background-type":"","background-media":"","overlay-type":"","overlay-color":"","overlay-opacity":"","overlay-gradient":""}}},"pwb-brand":[113],"product_cat":[40],"product_tag":[556,875,373,383,371,279,384,335],"class_list":{"0":"post-15429","1":"product","2":"type-product","3":"status-publish","4":"has-post-thumbnail","6":"pwb-brand-dayan-2","7":"product_cat-secos","8":"product_tag-frutos-secos","9":"product_tag-pipas","10":"product_tag-373","11":"product_tag-383","12":"product_tag-371","13":"product_tag-279","14":"product_tag-384","15":"product_tag-335","16":"desktop-align-center","17":"tablet-align-center","18":"mobile-align-center","20":"first","21":"outofstock","22":"taxable","23":"shipping-taxable","24":"product-type-variable"},"yoast_head":"<!-- This site is optimized with the Yoast SEO plugin v23.6 - https:\/\/yoast.com\/wordpress\/plugins\/seo\/ -->\n<title>Pipas de Jaboni (Tokhme Jaboni ) Granel Dayan - Delicias Persas<\/title>\n<meta name=\"description\" content=\"Las pipas de sand\u00eda\u00a0son una fuente de energ\u00eda importante. Son ricas en prote\u00ednas, y permiten el desarollo muscular y regeneracion de tejidos\" \/>\n<meta name=\"robots\" content=\"index, follow, max-snippet:-1, max-image-preview:large, max-video-preview:-1\" \/>\n<link rel=\"canonical\" href=\"https:\/\/deliciaspersas.com\/en\/tienda\/secos\/pipas-de-jaboni-tokhme-jaboni-granel-dayan\/\" \/>\n<meta property=\"og:locale\" content=\"en_US\" \/>\n<meta property=\"og:type\" content=\"article\" \/>\n<meta property=\"og:title\" content=\"Pipas de Jaboni (Tokhme Jaboni ) Granel Dayan - Delicias Persas\" \/>\n<meta property=\"og:description\" content=\"Las pipas de sand\u00eda\u00a0son una fuente de energ\u00eda importante. Son ricas en prote\u00ednas, y permiten el desarollo muscular y regeneracion de tejidos\" \/>\n<meta property=\"og:url\" content=\"https:\/\/deliciaspersas.com\/en\/tienda\/secos\/pipas-de-jaboni-tokhme-jaboni-granel-dayan\/\" \/>\n<meta property=\"og:site_name\" content=\"Delicias Persas\" \/>\n<meta property=\"article:publisher\" content=\"https:\/\/www.facebook.com\/Deliciaspersas\" \/>\n<meta property=\"article:modified_time\" content=\"2026-04-19T13:40:41+00:00\" \/>\n<meta property=\"og:image\" content=\"https:\/\/deliciaspersas.com\/wp-content\/uploads\/Tokhmeh-Jabani-Dayan.jpeg\" \/>\n\t<meta property=\"og:image:width\" content=\"512\" \/>\n\t<meta property=\"og:image:height\" content=\"512\" \/>\n\t<meta property=\"og:image:type\" content=\"image\/jpeg\" \/>\n<meta name=\"twitter:card\" content=\"summary_large_image\" \/>\n<meta name=\"twitter:label1\" content=\"Est. reading time\" \/>\n\t<meta name=\"twitter:data1\" content=\"2 minutes\" \/>\n<script type=\"application\/ld+json\" class=\"yoast-schema-graph\">{\"@context\":\"https:\/\/schema.org\",\"@graph\":[{\"@type\":\"WebPage\",\"@id\":\"https:\/\/deliciaspersas.com\/en\/tienda\/secos\/pipas-de-jaboni-tokhme-jaboni-granel-dayan\/\",\"url\":\"https:\/\/deliciaspersas.com\/en\/tienda\/secos\/pipas-de-jaboni-tokhme-jaboni-granel-dayan\/\",\"name\":\"Pipas de Jaboni (Tokhme Jaboni ) Granel Dayan - Delicias Persas\",\"isPartOf\":{\"@id\":\"https:\/\/deliciaspersas.com\/en\/#website\"},\"primaryImageOfPage\":{\"@id\":\"https:\/\/deliciaspersas.com\/en\/tienda\/secos\/pipas-de-jaboni-tokhme-jaboni-granel-dayan\/#primaryimage\"},\"image\":{\"@id\":\"https:\/\/deliciaspersas.com\/en\/tienda\/secos\/pipas-de-jaboni-tokhme-jaboni-granel-dayan\/#primaryimage\"},\"thumbnailUrl\":\"https:\/\/deliciaspersas.com\/wp-content\/uploads\/Tokhmeh-Jabani-Dayan.jpeg\",\"datePublished\":\"2024-10-18T16:06:39+00:00\",\"dateModified\":\"2026-04-19T13:40:41+00:00\",\"description\":\"Las pipas de sand\u00eda\u00a0son una fuente de energ\u00eda importante. Son ricas en prote\u00ednas, y permiten el desarollo muscular y regeneracion de tejidos\",\"breadcrumb\":{\"@id\":\"https:\/\/deliciaspersas.com\/en\/tienda\/secos\/pipas-de-jaboni-tokhme-jaboni-granel-dayan\/#breadcrumb\"},\"inLanguage\":\"en-US\",\"potentialAction\":[{\"@type\":\"ReadAction\",\"target\":[\"https:\/\/deliciaspersas.com\/en\/tienda\/secos\/pipas-de-jaboni-tokhme-jaboni-granel-dayan\/\"]}]},{\"@type\":\"ImageObject\",\"inLanguage\":\"en-US\",\"@id\":\"https:\/\/deliciaspersas.com\/en\/tienda\/secos\/pipas-de-jaboni-tokhme-jaboni-granel-dayan\/#primaryimage\",\"url\":\"https:\/\/deliciaspersas.com\/wp-content\/uploads\/Tokhmeh-Jabani-Dayan.jpeg\",\"contentUrl\":\"https:\/\/deliciaspersas.com\/wp-content\/uploads\/Tokhmeh-Jabani-Dayan.jpeg\",\"width\":512,\"height\":512},{\"@type\":\"BreadcrumbList\",\"@id\":\"https:\/\/deliciaspersas.com\/en\/tienda\/secos\/pipas-de-jaboni-tokhme-jaboni-granel-dayan\/#breadcrumb\",\"itemListElement\":[{\"@type\":\"ListItem\",\"position\":1,\"name\":\"Portada\",\"item\":\"https:\/\/deliciaspersas.com\/en\/\"},{\"@type\":\"ListItem\",\"position\":2,\"name\":\"Tienda\",\"item\":\"https:\/\/deliciaspersas.com\/\"},{\"@type\":\"ListItem\",\"position\":3,\"name\":\"Pipas de Jaboni (Tokhme Jaboni ) Granel Dayan\"}]},{\"@type\":\"WebSite\",\"@id\":\"https:\/\/deliciaspersas.com\/en\/#website\",\"url\":\"https:\/\/deliciaspersas.com\/en\/\",\"name\":\"Delicias Persas\",\"description\":\"Gastronom&iacute;a persa al alcance de tus manos\",\"publisher\":{\"@id\":\"https:\/\/deliciaspersas.com\/en\/#organization\"},\"potentialAction\":[{\"@type\":\"SearchAction\",\"target\":{\"@type\":\"EntryPoint\",\"urlTemplate\":\"https:\/\/deliciaspersas.com\/en\/?s={search_term_string}\"},\"query-input\":{\"@type\":\"PropertyValueSpecification\",\"valueRequired\":true,\"valueName\":\"search_term_string\"}}],\"inLanguage\":\"en-US\"},{\"@type\":\"Organization\",\"@id\":\"https:\/\/deliciaspersas.com\/en\/#organization\",\"name\":\"Delicias Persas\",\"url\":\"https:\/\/deliciaspersas.com\/en\/\",\"logo\":{\"@type\":\"ImageObject\",\"inLanguage\":\"en-US\",\"@id\":\"https:\/\/deliciaspersas.com\/en\/#\/schema\/logo\/image\/\",\"url\":\"https:\/\/deliciaspersas.com\/wp-content\/uploads\/2020\/07\/logo-2020.png\",\"contentUrl\":\"https:\/\/deliciaspersas.com\/wp-content\/uploads\/2020\/07\/logo-2020.png\",\"width\":520,\"height\":490,\"caption\":\"Delicias Persas\"},\"image\":{\"@id\":\"https:\/\/deliciaspersas.com\/en\/#\/schema\/logo\/image\/\"},\"sameAs\":[\"https:\/\/www.facebook.com\/Deliciaspersas\",\"https:\/\/www.instagram.com\/delicias_persas\/\",\"https:\/\/www.linkedin.com\/delicias-persas\"]}]}<\/script>\n<!-- \/ Yoast SEO plugin. -->","yoast_head_json":{"title":"Pipas de Jaboni (Tokhme Jaboni ) Granel Dayan - Delicias Persas","description":"Las pipas de sand\u00eda\u00a0son una fuente de energ\u00eda importante. Son ricas en prote\u00ednas, y permiten el desarollo muscular y regeneracion de tejidos","robots":{"index":"index","follow":"follow","max-snippet":"max-snippet:-1","max-image-preview":"max-image-preview:large","max-video-preview":"max-video-preview:-1"},"canonical":"https:\/\/deliciaspersas.com\/en\/tienda\/secos\/pipas-de-jaboni-tokhme-jaboni-granel-dayan\/","og_locale":"en_US","og_type":"article","og_title":"Pipas de Jaboni (Tokhme Jaboni ) Granel Dayan - Delicias Persas","og_description":"Las pipas de sand\u00eda\u00a0son una fuente de energ\u00eda importante. Son ricas en prote\u00ednas, y permiten el desarollo muscular y regeneracion de tejidos","og_url":"https:\/\/deliciaspersas.com\/en\/tienda\/secos\/pipas-de-jaboni-tokhme-jaboni-granel-dayan\/","og_site_name":"Delicias Persas","article_publisher":"https:\/\/www.facebook.com\/Deliciaspersas","article_modified_time":"2026-04-19T13:40:41+00:00","og_image":[{"width":512,"height":512,"url":"https:\/\/deliciaspersas.com\/wp-content\/uploads\/Tokhmeh-Jabani-Dayan.jpeg","type":"image\/jpeg"}],"twitter_card":"summary_large_image","twitter_misc":{"Est. reading time":"2 minutes"},"schema":{"@context":"https:\/\/schema.org","@graph":[{"@type":"WebPage","@id":"https:\/\/deliciaspersas.com\/en\/tienda\/secos\/pipas-de-jaboni-tokhme-jaboni-granel-dayan\/","url":"https:\/\/deliciaspersas.com\/en\/tienda\/secos\/pipas-de-jaboni-tokhme-jaboni-granel-dayan\/","name":"Pipas de Jaboni (Tokhme Jaboni ) Granel Dayan - Delicias Persas","isPartOf":{"@id":"https:\/\/deliciaspersas.com\/en\/#website"},"primaryImageOfPage":{"@id":"https:\/\/deliciaspersas.com\/en\/tienda\/secos\/pipas-de-jaboni-tokhme-jaboni-granel-dayan\/#primaryimage"},"image":{"@id":"https:\/\/deliciaspersas.com\/en\/tienda\/secos\/pipas-de-jaboni-tokhme-jaboni-granel-dayan\/#primaryimage"},"thumbnailUrl":"https:\/\/deliciaspersas.com\/wp-content\/uploads\/Tokhmeh-Jabani-Dayan.jpeg","datePublished":"2024-10-18T16:06:39+00:00","dateModified":"2026-04-19T13:40:41+00:00","description":"Las pipas de sand\u00eda\u00a0son una fuente de energ\u00eda importante. Son ricas en prote\u00ednas, y permiten el desarollo muscular y regeneracion de tejidos","breadcrumb":{"@id":"https:\/\/deliciaspersas.com\/en\/tienda\/secos\/pipas-de-jaboni-tokhme-jaboni-granel-dayan\/#breadcrumb"},"inLanguage":"en-US","potentialAction":[{"@type":"ReadAction","target":["https:\/\/deliciaspersas.com\/en\/tienda\/secos\/pipas-de-jaboni-tokhme-jaboni-granel-dayan\/"]}]},{"@type":"ImageObject","inLanguage":"en-US","@id":"https:\/\/deliciaspersas.com\/en\/tienda\/secos\/pipas-de-jaboni-tokhme-jaboni-granel-dayan\/#primaryimage","url":"https:\/\/deliciaspersas.com\/wp-content\/uploads\/Tokhmeh-Jabani-Dayan.jpeg","contentUrl":"https:\/\/deliciaspersas.com\/wp-content\/uploads\/Tokhmeh-Jabani-Dayan.jpeg","width":512,"height":512},{"@type":"BreadcrumbList","@id":"https:\/\/deliciaspersas.com\/en\/tienda\/secos\/pipas-de-jaboni-tokhme-jaboni-granel-dayan\/#breadcrumb","itemListElement":[{"@type":"ListItem","position":1,"name":"Portada","item":"https:\/\/deliciaspersas.com\/en\/"},{"@type":"ListItem","position":2,"name":"Tienda","item":"https:\/\/deliciaspersas.com\/"},{"@type":"ListItem","position":3,"name":"Pipas de Jaboni (Tokhme Jaboni ) Granel Dayan"}]},{"@type":"WebSite","@id":"https:\/\/deliciaspersas.com\/en\/#website","url":"https:\/\/deliciaspersas.com\/en\/","name":"Delicias Persas","description":"Gastronom&iacute;a persa al alcance de tus manos","publisher":{"@id":"https:\/\/deliciaspersas.com\/en\/#organization"},"potentialAction":[{"@type":"SearchAction","target":{"@type":"EntryPoint","urlTemplate":"https:\/\/deliciaspersas.com\/en\/?s={search_term_string}"},"query-input":{"@type":"PropertyValueSpecification","valueRequired":true,"valueName":"search_term_string"}}],"inLanguage":"en-US"},{"@type":"Organization","@id":"https:\/\/deliciaspersas.com\/en\/#organization","name":"Delicias Persas","url":"https:\/\/deliciaspersas.com\/en\/","logo":{"@type":"ImageObject","inLanguage":"en-US","@id":"https:\/\/deliciaspersas.com\/en\/#\/schema\/logo\/image\/","url":"https:\/\/deliciaspersas.com\/wp-content\/uploads\/2020\/07\/logo-2020.png","contentUrl":"https:\/\/deliciaspersas.com\/wp-content\/uploads\/2020\/07\/logo-2020.png","width":520,"height":490,"caption":"Delicias Persas"},"image":{"@id":"https:\/\/deliciaspersas.com\/en\/#\/schema\/logo\/image\/"},"sameAs":["https:\/\/www.facebook.com\/Deliciaspersas","https:\/\/www.instagram.com\/delicias_persas\/","https:\/\/www.linkedin.com\/delicias-persas"]}]}},"uagb_featured_image_src":{"full":["https:\/\/deliciaspersas.com\/wp-content\/uploads\/Tokhmeh-Jabani-Dayan.jpeg",512,512,false],"thumbnail":["https:\/\/deliciaspersas.com\/wp-content\/uploads\/Tokhmeh-Jabani-Dayan-150x150.jpeg",150,150,true],"medium":["https:\/\/deliciaspersas.com\/wp-content\/uploads\/Tokhmeh-Jabani-Dayan-300x300.jpeg",300,300,true],"medium_large":["https:\/\/deliciaspersas.com\/wp-content\/uploads\/Tokhmeh-Jabani-Dayan.jpeg",512,512,false],"large":["https:\/\/deliciaspersas.com\/wp-content\/uploads\/Tokhmeh-Jabani-Dayan.jpeg",512,512,false],"1536x1536":["https:\/\/deliciaspersas.com\/wp-content\/uploads\/Tokhmeh-Jabani-Dayan.jpeg",512,512,false],"2048x2048":["https:\/\/deliciaspersas.com\/wp-content\/uploads\/Tokhmeh-Jabani-Dayan.jpeg",512,512,false],"woocommerce_thumbnail":["https:\/\/deliciaspersas.com\/wp-content\/uploads\/Tokhmeh-Jabani-Dayan-300x300.jpeg",300,300,true],"woocommerce_single":["https:\/\/deliciaspersas.com\/wp-content\/uploads\/Tokhmeh-Jabani-Dayan.jpeg",512,512,false],"woocommerce_gallery_thumbnail":["https:\/\/deliciaspersas.com\/wp-content\/uploads\/Tokhmeh-Jabani-Dayan-100x100.jpeg",100,100,true]},"uagb_author_info":{"display_name":"admin","author_link":"https:\/\/deliciaspersas.com\/en\/author\/"},"uagb_comment_info":0,"uagb_excerpt":"Pipas de Jaboni (Tokhme Jaboni ) Granel Dayan Informaci\u00f3n del producto: Pipas de sand\u00eda. Usos: Se usa como aperitivo. Beneficios: Las pipas de la sand\u00eda son una fuente de energ\u00eda importante. Se trata de un alimento recomendado para personas que desarrollan una alta actividad f\u00edsica, al tiempo que son ricas en prote\u00ednas, que permiten el&hellip;","brands":[{"id":113,"name":"Dayan","slug":"dayan-2"}],"_links":{"self":[{"href":"https:\/\/deliciaspersas.com\/en\/wp-json\/wp\/v2\/product\/15429"}],"collection":[{"href":"https:\/\/deliciaspersas.com\/en\/wp-json\/wp\/v2\/product"}],"about":[{"href":"https:\/\/deliciaspersas.com\/en\/wp-json\/wp\/v2\/types\/product"}],"wp:featuredmedia":[{"embeddable":true,"href":"https:\/\/deliciaspersas.com\/en\/wp-json\/wp\/v2\/media\/15430"}],"wp:attachment":[{"href":"https:\/\/deliciaspersas.com\/en\/wp-json\/wp\/v2\/media?parent=15429"}],"wp:term":[{"taxonomy":"pwb-brand","embeddable":true,"href":"https:\/\/deliciaspersas.com\/en\/wp-json\/wp\/v2\/pwb-brand?post=15429"},{"taxonomy":"product_cat","embeddable":true,"href":"https:\/\/deliciaspersas.com\/en\/wp-json\/wp\/v2\/product_cat?post=15429"},{"taxonomy":"product_tag","embeddable":true,"href":"https:\/\/deliciaspersas.com\/en\/wp-json\/wp\/v2\/product_tag?post=15429"}],"curies":[{"name":"wp","href":"https:\/\/api.w.org\/{rel}","templated":true}]}}