{"id":16024,"date":"2024-11-26T19:21:17","date_gmt":"2024-11-26T18:21:17","guid":{"rendered":"https:\/\/deliciaspersas.com\/?post_type=product&#038;p=16024"},"modified":"2024-12-02T17:21:14","modified_gmt":"2024-12-02T16:21:14","slug":"coctel-de-frutos-secos-ajil-mix-granel-dayan-black-friday","status":"publish","type":"product","link":"https:\/\/deliciaspersas.com\/en\/tienda\/sin-categorizar\/coctel-de-frutos-secos-ajil-mix-granel-dayan-black-friday\/","title":{"rendered":"C\u00f3ctel de frutos secos (Ajil mix)  Granel Dayan BLACK FRIDAY"},"content":{"rendered":"<h1>C\u00f3ctel de frutos secos (Ajil mix) Granel Dayan BLACK FRIDAY<\/h1>\n<p>Aunque, como se mencion\u00f3, la gama de ingredientes utilizados en varios frutos secos es muy amplia, pero en general, los siguientes elementos pueden mencionarse como los principales componentes de los frutos secos: pistachos, avellanas, semillas de girasol, semillas de calabaza, semillas japonesas, cacahuetes, almendras. , anacardos, nueces, c\u00edtricos, pasas, garbanzos y nueces de macadamia<\/p>\n<p>El sistema inmunol\u00f3gico necesita nutrientes para combatir virus, g\u00e9rmenes, bacterias y una variedad de enfermedades. Estos nutrientes incluyen grasas naturales y prote\u00ednas de calidad. Cuanto m\u00e1s rico es el cuerpo humano en estos nutrientes, m\u00e1s exitoso es el sistema inmunol\u00f3gico para combatir los factores externos. Las nueces son una gran fuente de estos nutrientes. La vitamina E de los frutos secos, especialmente los pistachos, las almendras y las nueces, es muy eficaz para combatir infecciones, virus y bacterias. Estas semillas nutritivas tambi\u00e9n son ricas en omega-3, zinc y magnesio y fortalecen el sistema inmunol\u00f3gico y absorben vitaminas como A, D, E, K.<\/p>\n","protected":false},"excerpt":{"rendered":"<p>C\u00f3ctel de frutos secos (Ajil mix) Granel Dayan BLACK FRIDAY Aunque, como se mencion\u00f3, la gama de ingredientes utilizados en varios frutos secos es muy amplia, pero en general, los siguientes elementos pueden mencionarse como los principales componentes de los frutos secos: pistachos, avellanas, semillas de girasol, semillas de calabaza, semillas japonesas, cacahuetes, almendras. , [&hellip;]<\/p>\n","protected":false},"featured_media":9881,"template":"","meta":{"_surecart_dashboard_logo_width":"180px","_surecart_dashboard_show_logo":true,"_surecart_dashboard_navigation_orders":true,"_surecart_dashboard_navigation_invoices":true,"_surecart_dashboard_navigation_subscriptions":true,"_surecart_dashboard_navigation_downloads":true,"_surecart_dashboard_navigation_billing":true,"_surecart_dashboard_navigation_account":true,"_uag_custom_page_level_css":"","site-sidebar-layout":"default","site-content-layout":"default","ast-site-content-layout":"default","site-content-style":"default","site-sidebar-style":"default","ast-global-header-display":"","ast-banner-title-visibility":"","ast-main-header-display":"","ast-hfb-above-header-display":"","ast-hfb-below-header-display":"","ast-hfb-mobile-header-display":"","site-post-title":"","ast-breadcrumbs-content":"","ast-featured-img":"","footer-sml-layout":"","theme-transparent-header-meta":"default","adv-header-id-meta":"","stick-header-meta":"","header-above-stick-meta":"","header-main-stick-meta":"","header-below-stick-meta":"","astra-migrate-meta-layouts":"set","ast-page-background-enabled":"default","ast-page-background-meta":{"desktop":{"background-color":"","background-image":"","background-repeat":"repeat","background-position":"center center","background-size":"auto","background-attachment":"scroll","background-type":"","background-media":"","overlay-type":"","overlay-color":"","overlay-opacity":"","overlay-gradient":""},"tablet":{"background-color":"","background-image":"","background-repeat":"repeat","background-position":"center center","background-size":"auto","background-attachment":"scroll","background-type":"","background-media":"","overlay-type":"","overlay-color":"","overlay-opacity":"","overlay-gradient":""},"mobile":{"background-color":"","background-image":"","background-repeat":"repeat","background-position":"center center","background-size":"auto","background-attachment":"scroll","background-type":"","background-media":"","overlay-type":"","overlay-color":"","overlay-opacity":"","overlay-gradient":""}},"ast-content-background-meta":{"desktop":{"background-color":"var(--ast-global-color-5)","background-image":"","background-repeat":"repeat","background-position":"center center","background-size":"auto","background-attachment":"scroll","background-type":"","background-media":"","overlay-type":"","overlay-color":"","overlay-opacity":"","overlay-gradient":""},"tablet":{"background-color":"var(--ast-global-color-5)","background-image":"","background-repeat":"repeat","background-position":"center center","background-size":"auto","background-attachment":"scroll","background-type":"","background-media":"","overlay-type":"","overlay-color":"","overlay-opacity":"","overlay-gradient":""},"mobile":{"background-color":"var(--ast-global-color-5)","background-image":"","background-repeat":"repeat","background-position":"center center","background-size":"auto","background-attachment":"scroll","background-type":"","background-media":"","overlay-type":"","overlay-color":"","overlay-opacity":"","overlay-gradient":""}}},"pwb-brand":[113],"product_cat":[15],"product_tag":[1546,1544,1547,1543,1545,1127,373,1126,1125],"class_list":{"0":"post-16024","1":"product","2":"type-product","3":"status-publish","4":"has-post-thumbnail","6":"pwb-brand-dayan-2","7":"product_cat-sin-categorizar","8":"product_tag-ajil","9":"product_tag-frutos","10":"product_tag-makhlut","11":"product_tag-nuts","12":"product_tag-secos","13":"product_tag-1127","14":"product_tag-373","15":"product_tag-1126","16":"product_tag-1125","17":"desktop-align-center","18":"tablet-align-center","19":"mobile-align-center","21":"first","22":"outofstock","23":"taxable","24":"shipping-taxable","25":"product-type-variable"},"yoast_head":"<!-- This site is optimized with the Yoast SEO plugin v23.6 - https:\/\/yoast.com\/wordpress\/plugins\/seo\/ -->\n<title>C\u00f3ctel de frutos secos (Ajil mix) Granel Dayan BLACK FRIDAY - Delicias Persas<\/title>\n<meta name=\"description\" content=\"virus y bacterias. Estas semillas nutritivas tambi\u00e9n son ricas en omega-3, zinc y magnesio y fortalecen el sistema inmunol\u00f3gico y absorben vitaminas como A, D, E, K.\" \/>\n<meta name=\"robots\" content=\"index, follow, max-snippet:-1, max-image-preview:large, max-video-preview:-1\" \/>\n<link rel=\"canonical\" href=\"https:\/\/deliciaspersas.com\/en\/tienda\/sin-categorizar\/coctel-de-frutos-secos-ajil-mix-granel-dayan-black-friday\/\" \/>\n<meta property=\"og:locale\" content=\"en_US\" \/>\n<meta property=\"og:type\" content=\"article\" \/>\n<meta property=\"og:title\" content=\"C\u00f3ctel de frutos secos (Ajil mix) Granel Dayan BLACK FRIDAY - Delicias Persas\" \/>\n<meta property=\"og:description\" content=\"virus y bacterias. Estas semillas nutritivas tambi\u00e9n son ricas en omega-3, zinc y magnesio y fortalecen el sistema inmunol\u00f3gico y absorben vitaminas como A, D, E, K.\" \/>\n<meta property=\"og:url\" content=\"https:\/\/deliciaspersas.com\/en\/tienda\/sin-categorizar\/coctel-de-frutos-secos-ajil-mix-granel-dayan-black-friday\/\" \/>\n<meta property=\"og:site_name\" content=\"Delicias Persas\" \/>\n<meta property=\"article:publisher\" content=\"https:\/\/www.facebook.com\/Deliciaspersas\" \/>\n<meta property=\"article:modified_time\" content=\"2024-12-02T16:21:14+00:00\" \/>\n<meta property=\"og:image\" content=\"https:\/\/deliciaspersas.com\/wp-content\/uploads\/WhatsApp-Image-2022-03-02-at-16.58.10.jpeg\" \/>\n\t<meta property=\"og:image:width\" content=\"1000\" \/>\n\t<meta property=\"og:image:height\" content=\"1000\" \/>\n\t<meta property=\"og:image:type\" content=\"image\/jpeg\" \/>\n<meta name=\"twitter:card\" content=\"summary_large_image\" \/>\n<meta name=\"twitter:label1\" content=\"Est. reading time\" \/>\n\t<meta name=\"twitter:data1\" content=\"1 minute\" \/>\n<script type=\"application\/ld+json\" class=\"yoast-schema-graph\">{\"@context\":\"https:\/\/schema.org\",\"@graph\":[{\"@type\":\"WebPage\",\"@id\":\"https:\/\/deliciaspersas.com\/en\/tienda\/sin-categorizar\/coctel-de-frutos-secos-ajil-mix-granel-dayan-black-friday\/\",\"url\":\"https:\/\/deliciaspersas.com\/en\/tienda\/sin-categorizar\/coctel-de-frutos-secos-ajil-mix-granel-dayan-black-friday\/\",\"name\":\"C\u00f3ctel de frutos secos (Ajil mix) Granel Dayan BLACK FRIDAY - Delicias Persas\",\"isPartOf\":{\"@id\":\"https:\/\/deliciaspersas.com\/en\/#website\"},\"primaryImageOfPage\":{\"@id\":\"https:\/\/deliciaspersas.com\/en\/tienda\/sin-categorizar\/coctel-de-frutos-secos-ajil-mix-granel-dayan-black-friday\/#primaryimage\"},\"image\":{\"@id\":\"https:\/\/deliciaspersas.com\/en\/tienda\/sin-categorizar\/coctel-de-frutos-secos-ajil-mix-granel-dayan-black-friday\/#primaryimage\"},\"thumbnailUrl\":\"https:\/\/deliciaspersas.com\/wp-content\/uploads\/WhatsApp-Image-2022-03-02-at-16.58.10.jpeg\",\"datePublished\":\"2024-11-26T18:21:17+00:00\",\"dateModified\":\"2024-12-02T16:21:14+00:00\",\"description\":\"virus y bacterias. Estas semillas nutritivas tambi\u00e9n son ricas en omega-3, zinc y magnesio y fortalecen el sistema inmunol\u00f3gico y absorben vitaminas como A, D, E, K.\",\"breadcrumb\":{\"@id\":\"https:\/\/deliciaspersas.com\/en\/tienda\/sin-categorizar\/coctel-de-frutos-secos-ajil-mix-granel-dayan-black-friday\/#breadcrumb\"},\"inLanguage\":\"en-US\",\"potentialAction\":[{\"@type\":\"ReadAction\",\"target\":[\"https:\/\/deliciaspersas.com\/en\/tienda\/sin-categorizar\/coctel-de-frutos-secos-ajil-mix-granel-dayan-black-friday\/\"]}]},{\"@type\":\"ImageObject\",\"inLanguage\":\"en-US\",\"@id\":\"https:\/\/deliciaspersas.com\/en\/tienda\/sin-categorizar\/coctel-de-frutos-secos-ajil-mix-granel-dayan-black-friday\/#primaryimage\",\"url\":\"https:\/\/deliciaspersas.com\/wp-content\/uploads\/WhatsApp-Image-2022-03-02-at-16.58.10.jpeg\",\"contentUrl\":\"https:\/\/deliciaspersas.com\/wp-content\/uploads\/WhatsApp-Image-2022-03-02-at-16.58.10.jpeg\",\"width\":1000,\"height\":1000,\"caption\":\"\u0622\u062c\u06cc\u0644 \u0645\u062e\u0644\u0648\u0637 \u06cc\u06a9 \u06a9\u06cc\u0644\u0648\u06af\u0631\u0645\u06cc\"},{\"@type\":\"BreadcrumbList\",\"@id\":\"https:\/\/deliciaspersas.com\/en\/tienda\/sin-categorizar\/coctel-de-frutos-secos-ajil-mix-granel-dayan-black-friday\/#breadcrumb\",\"itemListElement\":[{\"@type\":\"ListItem\",\"position\":1,\"name\":\"Portada\",\"item\":\"https:\/\/deliciaspersas.com\/en\/\"},{\"@type\":\"ListItem\",\"position\":2,\"name\":\"Tienda\",\"item\":\"https:\/\/deliciaspersas.com\/\"},{\"@type\":\"ListItem\",\"position\":3,\"name\":\"C\u00f3ctel de frutos secos (Ajil mix) Granel Dayan BLACK FRIDAY\"}]},{\"@type\":\"WebSite\",\"@id\":\"https:\/\/deliciaspersas.com\/en\/#website\",\"url\":\"https:\/\/deliciaspersas.com\/en\/\",\"name\":\"Delicias Persas\",\"description\":\"Gastronom&iacute;a persa al alcance de tus manos\",\"publisher\":{\"@id\":\"https:\/\/deliciaspersas.com\/en\/#organization\"},\"potentialAction\":[{\"@type\":\"SearchAction\",\"target\":{\"@type\":\"EntryPoint\",\"urlTemplate\":\"https:\/\/deliciaspersas.com\/en\/?s={search_term_string}\"},\"query-input\":{\"@type\":\"PropertyValueSpecification\",\"valueRequired\":true,\"valueName\":\"search_term_string\"}}],\"inLanguage\":\"en-US\"},{\"@type\":\"Organization\",\"@id\":\"https:\/\/deliciaspersas.com\/en\/#organization\",\"name\":\"Delicias Persas\",\"url\":\"https:\/\/deliciaspersas.com\/en\/\",\"logo\":{\"@type\":\"ImageObject\",\"inLanguage\":\"en-US\",\"@id\":\"https:\/\/deliciaspersas.com\/en\/#\/schema\/logo\/image\/\",\"url\":\"https:\/\/deliciaspersas.com\/wp-content\/uploads\/2020\/07\/logo-2020.png\",\"contentUrl\":\"https:\/\/deliciaspersas.com\/wp-content\/uploads\/2020\/07\/logo-2020.png\",\"width\":520,\"height\":490,\"caption\":\"Delicias Persas\"},\"image\":{\"@id\":\"https:\/\/deliciaspersas.com\/en\/#\/schema\/logo\/image\/\"},\"sameAs\":[\"https:\/\/www.facebook.com\/Deliciaspersas\",\"https:\/\/www.instagram.com\/delicias_persas\/\",\"https:\/\/www.linkedin.com\/delicias-persas\"]}]}<\/script>\n<!-- \/ Yoast SEO plugin. -->","yoast_head_json":{"title":"C\u00f3ctel de frutos secos (Ajil mix) Granel Dayan BLACK FRIDAY - Delicias Persas","description":"virus y bacterias. Estas semillas nutritivas tambi\u00e9n son ricas en omega-3, zinc y magnesio y fortalecen el sistema inmunol\u00f3gico y absorben vitaminas como A, D, E, K.","robots":{"index":"index","follow":"follow","max-snippet":"max-snippet:-1","max-image-preview":"max-image-preview:large","max-video-preview":"max-video-preview:-1"},"canonical":"https:\/\/deliciaspersas.com\/en\/tienda\/sin-categorizar\/coctel-de-frutos-secos-ajil-mix-granel-dayan-black-friday\/","og_locale":"en_US","og_type":"article","og_title":"C\u00f3ctel de frutos secos (Ajil mix) Granel Dayan BLACK FRIDAY - Delicias Persas","og_description":"virus y bacterias. Estas semillas nutritivas tambi\u00e9n son ricas en omega-3, zinc y magnesio y fortalecen el sistema inmunol\u00f3gico y absorben vitaminas como A, D, E, K.","og_url":"https:\/\/deliciaspersas.com\/en\/tienda\/sin-categorizar\/coctel-de-frutos-secos-ajil-mix-granel-dayan-black-friday\/","og_site_name":"Delicias Persas","article_publisher":"https:\/\/www.facebook.com\/Deliciaspersas","article_modified_time":"2024-12-02T16:21:14+00:00","og_image":[{"width":1000,"height":1000,"url":"https:\/\/deliciaspersas.com\/wp-content\/uploads\/WhatsApp-Image-2022-03-02-at-16.58.10.jpeg","type":"image\/jpeg"}],"twitter_card":"summary_large_image","twitter_misc":{"Est. reading time":"1 minute"},"schema":{"@context":"https:\/\/schema.org","@graph":[{"@type":"WebPage","@id":"https:\/\/deliciaspersas.com\/en\/tienda\/sin-categorizar\/coctel-de-frutos-secos-ajil-mix-granel-dayan-black-friday\/","url":"https:\/\/deliciaspersas.com\/en\/tienda\/sin-categorizar\/coctel-de-frutos-secos-ajil-mix-granel-dayan-black-friday\/","name":"C\u00f3ctel de frutos secos (Ajil mix) Granel Dayan BLACK FRIDAY - Delicias Persas","isPartOf":{"@id":"https:\/\/deliciaspersas.com\/en\/#website"},"primaryImageOfPage":{"@id":"https:\/\/deliciaspersas.com\/en\/tienda\/sin-categorizar\/coctel-de-frutos-secos-ajil-mix-granel-dayan-black-friday\/#primaryimage"},"image":{"@id":"https:\/\/deliciaspersas.com\/en\/tienda\/sin-categorizar\/coctel-de-frutos-secos-ajil-mix-granel-dayan-black-friday\/#primaryimage"},"thumbnailUrl":"https:\/\/deliciaspersas.com\/wp-content\/uploads\/WhatsApp-Image-2022-03-02-at-16.58.10.jpeg","datePublished":"2024-11-26T18:21:17+00:00","dateModified":"2024-12-02T16:21:14+00:00","description":"virus y bacterias. Estas semillas nutritivas tambi\u00e9n son ricas en omega-3, zinc y magnesio y fortalecen el sistema inmunol\u00f3gico y absorben vitaminas como A, D, E, K.","breadcrumb":{"@id":"https:\/\/deliciaspersas.com\/en\/tienda\/sin-categorizar\/coctel-de-frutos-secos-ajil-mix-granel-dayan-black-friday\/#breadcrumb"},"inLanguage":"en-US","potentialAction":[{"@type":"ReadAction","target":["https:\/\/deliciaspersas.com\/en\/tienda\/sin-categorizar\/coctel-de-frutos-secos-ajil-mix-granel-dayan-black-friday\/"]}]},{"@type":"ImageObject","inLanguage":"en-US","@id":"https:\/\/deliciaspersas.com\/en\/tienda\/sin-categorizar\/coctel-de-frutos-secos-ajil-mix-granel-dayan-black-friday\/#primaryimage","url":"https:\/\/deliciaspersas.com\/wp-content\/uploads\/WhatsApp-Image-2022-03-02-at-16.58.10.jpeg","contentUrl":"https:\/\/deliciaspersas.com\/wp-content\/uploads\/WhatsApp-Image-2022-03-02-at-16.58.10.jpeg","width":1000,"height":1000,"caption":"\u0622\u062c\u06cc\u0644 \u0645\u062e\u0644\u0648\u0637 \u06cc\u06a9 \u06a9\u06cc\u0644\u0648\u06af\u0631\u0645\u06cc"},{"@type":"BreadcrumbList","@id":"https:\/\/deliciaspersas.com\/en\/tienda\/sin-categorizar\/coctel-de-frutos-secos-ajil-mix-granel-dayan-black-friday\/#breadcrumb","itemListElement":[{"@type":"ListItem","position":1,"name":"Portada","item":"https:\/\/deliciaspersas.com\/en\/"},{"@type":"ListItem","position":2,"name":"Tienda","item":"https:\/\/deliciaspersas.com\/"},{"@type":"ListItem","position":3,"name":"C\u00f3ctel de frutos secos (Ajil mix) Granel Dayan BLACK FRIDAY"}]},{"@type":"WebSite","@id":"https:\/\/deliciaspersas.com\/en\/#website","url":"https:\/\/deliciaspersas.com\/en\/","name":"Delicias Persas","description":"Gastronom&iacute;a persa al alcance de tus manos","publisher":{"@id":"https:\/\/deliciaspersas.com\/en\/#organization"},"potentialAction":[{"@type":"SearchAction","target":{"@type":"EntryPoint","urlTemplate":"https:\/\/deliciaspersas.com\/en\/?s={search_term_string}"},"query-input":{"@type":"PropertyValueSpecification","valueRequired":true,"valueName":"search_term_string"}}],"inLanguage":"en-US"},{"@type":"Organization","@id":"https:\/\/deliciaspersas.com\/en\/#organization","name":"Delicias Persas","url":"https:\/\/deliciaspersas.com\/en\/","logo":{"@type":"ImageObject","inLanguage":"en-US","@id":"https:\/\/deliciaspersas.com\/en\/#\/schema\/logo\/image\/","url":"https:\/\/deliciaspersas.com\/wp-content\/uploads\/2020\/07\/logo-2020.png","contentUrl":"https:\/\/deliciaspersas.com\/wp-content\/uploads\/2020\/07\/logo-2020.png","width":520,"height":490,"caption":"Delicias Persas"},"image":{"@id":"https:\/\/deliciaspersas.com\/en\/#\/schema\/logo\/image\/"},"sameAs":["https:\/\/www.facebook.com\/Deliciaspersas","https:\/\/www.instagram.com\/delicias_persas\/","https:\/\/www.linkedin.com\/delicias-persas"]}]}},"uagb_featured_image_src":{"full":["https:\/\/deliciaspersas.com\/wp-content\/uploads\/WhatsApp-Image-2022-03-02-at-16.58.10.jpeg",1000,1000,false],"thumbnail":["https:\/\/deliciaspersas.com\/wp-content\/uploads\/WhatsApp-Image-2022-03-02-at-16.58.10-150x150.jpeg",150,150,true],"medium":["https:\/\/deliciaspersas.com\/wp-content\/uploads\/WhatsApp-Image-2022-03-02-at-16.58.10-300x300.jpeg",300,300,true],"medium_large":["https:\/\/deliciaspersas.com\/wp-content\/uploads\/WhatsApp-Image-2022-03-02-at-16.58.10-768x768.jpeg",768,768,true],"large":["https:\/\/deliciaspersas.com\/wp-content\/uploads\/WhatsApp-Image-2022-03-02-at-16.58.10.jpeg",1000,1000,false],"1536x1536":["https:\/\/deliciaspersas.com\/wp-content\/uploads\/WhatsApp-Image-2022-03-02-at-16.58.10.jpeg",1000,1000,false],"2048x2048":["https:\/\/deliciaspersas.com\/wp-content\/uploads\/WhatsApp-Image-2022-03-02-at-16.58.10.jpeg",1000,1000,false],"woocommerce_thumbnail":["https:\/\/deliciaspersas.com\/wp-content\/uploads\/WhatsApp-Image-2022-03-02-at-16.58.10-300x300.jpeg",300,300,true],"woocommerce_single":["https:\/\/deliciaspersas.com\/wp-content\/uploads\/WhatsApp-Image-2022-03-02-at-16.58.10-600x600.jpeg",600,600,true],"woocommerce_gallery_thumbnail":["https:\/\/deliciaspersas.com\/wp-content\/uploads\/WhatsApp-Image-2022-03-02-at-16.58.10-100x100.jpeg",100,100,true]},"uagb_author_info":{"display_name":"admin","author_link":"https:\/\/deliciaspersas.com\/en\/author\/"},"uagb_comment_info":0,"uagb_excerpt":"C\u00f3ctel de frutos secos (Ajil mix) Granel Dayan BLACK FRIDAY Aunque, como se mencion\u00f3, la gama de ingredientes utilizados en varios frutos secos es muy amplia, pero en general, los siguientes elementos pueden mencionarse como los principales componentes de los frutos secos: pistachos, avellanas, semillas de girasol, semillas de calabaza, semillas japonesas, cacahuetes, almendras. ,&hellip;","brands":[{"id":113,"name":"Dayan","slug":"dayan-2"}],"_links":{"self":[{"href":"https:\/\/deliciaspersas.com\/en\/wp-json\/wp\/v2\/product\/16024"}],"collection":[{"href":"https:\/\/deliciaspersas.com\/en\/wp-json\/wp\/v2\/product"}],"about":[{"href":"https:\/\/deliciaspersas.com\/en\/wp-json\/wp\/v2\/types\/product"}],"wp:featuredmedia":[{"embeddable":true,"href":"https:\/\/deliciaspersas.com\/en\/wp-json\/wp\/v2\/media\/9881"}],"wp:attachment":[{"href":"https:\/\/deliciaspersas.com\/en\/wp-json\/wp\/v2\/media?parent=16024"}],"wp:term":[{"taxonomy":"pwb-brand","embeddable":true,"href":"https:\/\/deliciaspersas.com\/en\/wp-json\/wp\/v2\/pwb-brand?post=16024"},{"taxonomy":"product_cat","embeddable":true,"href":"https:\/\/deliciaspersas.com\/en\/wp-json\/wp\/v2\/product_cat?post=16024"},{"taxonomy":"product_tag","embeddable":true,"href":"https:\/\/deliciaspersas.com\/en\/wp-json\/wp\/v2\/product_tag?post=16024"}],"curies":[{"name":"wp","href":"https:\/\/api.w.org\/{rel}","templated":true}]}}