{"id":16037,"date":"2024-11-26T19:34:42","date_gmt":"2024-11-26T18:34:42","guid":{"rendered":"https:\/\/deliciaspersas.com\/?post_type=product&#038;p=16037"},"modified":"2025-08-11T10:35:49","modified_gmt":"2025-08-11T08:35:49","slug":"bebida-de-semillas-de-chia-con-fresa-300ml-original-black-friday","status":"publish","type":"product","link":"https:\/\/deliciaspersas.com\/en\/tienda\/bebidas\/bebida-de-semillas-de-chia-con-fresa-300ml-original-black-friday\/","title":{"rendered":"Bebida de semillas de ch\u00eda con Fresa 300ml &#8211; Original BLACK FRIDAY"},"content":{"rendered":"<h1>Bebida de semillas de ch\u00eda con Fresa 300ml &#8211; Original<\/h1>\n<h6>Informaci\u00f3n del producto:<\/h6>\n<div>Las bebidas de Ch\u00eda son bebidas frescas aptas para la temporada de calor y la concentraci\u00f3n de sus materias primas es superior al 60%. La semilla Sherbati puede absorber agua varias veces su propio volumen, es por eso que usar estas semillas en bebidas en d\u00edas calurosos tambi\u00e9n reduce la sed y la temperatura corporal. Adem\u00e1s de la albahaca, esta bebida tiene un dulzor especial que la hace m\u00e1s agradable de comer. Adem\u00e1s, las semillas de albahaca durante el d\u00eda pueden ayudar a adelgazar mucho por su alto contenido en fibra. Es rico en antioxidantes, flavonoides, vitamina A, vitamina K, lute\u00edna, zeaxantina, potasio, cobre, calcio, hierro, magnesio y manganeso, y es muy famoso por sus propiedades para fortalecer el sistema inmunol\u00f3gico.<\/div>\n","protected":false},"excerpt":{"rendered":"<p>Bebida de semillas de ch\u00eda con Fresa 300ml &#8211; Original Informaci\u00f3n del producto: Las bebidas de Ch\u00eda son bebidas frescas aptas para la temporada de calor y la concentraci\u00f3n de sus materias primas es superior al 60%. La semilla Sherbati puede absorber agua varias veces su propio volumen, es por eso que usar estas semillas [&hellip;]<\/p>\n","protected":false},"featured_media":14617,"template":"","meta":{"_surecart_dashboard_logo_width":"180px","_surecart_dashboard_show_logo":true,"_surecart_dashboard_navigation_orders":true,"_surecart_dashboard_navigation_invoices":true,"_surecart_dashboard_navigation_subscriptions":true,"_surecart_dashboard_navigation_downloads":true,"_surecart_dashboard_navigation_billing":true,"_surecart_dashboard_navigation_account":true,"_uag_custom_page_level_css":"","site-sidebar-layout":"default","site-content-layout":"default","ast-site-content-layout":"default","site-content-style":"default","site-sidebar-style":"default","ast-global-header-display":"","ast-banner-title-visibility":"","ast-main-header-display":"","ast-hfb-above-header-display":"","ast-hfb-below-header-display":"","ast-hfb-mobile-header-display":"","site-post-title":"","ast-breadcrumbs-content":"","ast-featured-img":"","footer-sml-layout":"","theme-transparent-header-meta":"default","adv-header-id-meta":"","stick-header-meta":"","header-above-stick-meta":"","header-main-stick-meta":"","header-below-stick-meta":"","astra-migrate-meta-layouts":"set","ast-page-background-enabled":"default","ast-page-background-meta":{"desktop":{"background-color":"","background-image":"","background-repeat":"repeat","background-position":"center center","background-size":"auto","background-attachment":"scroll","background-type":"","background-media":"","overlay-type":"","overlay-color":"","overlay-opacity":"","overlay-gradient":""},"tablet":{"background-color":"","background-image":"","background-repeat":"repeat","background-position":"center center","background-size":"auto","background-attachment":"scroll","background-type":"","background-media":"","overlay-type":"","overlay-color":"","overlay-opacity":"","overlay-gradient":""},"mobile":{"background-color":"","background-image":"","background-repeat":"repeat","background-position":"center center","background-size":"auto","background-attachment":"scroll","background-type":"","background-media":"","overlay-type":"","overlay-color":"","overlay-opacity":"","overlay-gradient":""}},"ast-content-background-meta":{"desktop":{"background-color":"var(--ast-global-color-5)","background-image":"","background-repeat":"repeat","background-position":"center center","background-size":"auto","background-attachment":"scroll","background-type":"","background-media":"","overlay-type":"","overlay-color":"","overlay-opacity":"","overlay-gradient":""},"tablet":{"background-color":"var(--ast-global-color-5)","background-image":"","background-repeat":"repeat","background-position":"center center","background-size":"auto","background-attachment":"scroll","background-type":"","background-media":"","overlay-type":"","overlay-color":"","overlay-opacity":"","overlay-gradient":""},"mobile":{"background-color":"var(--ast-global-color-5)","background-image":"","background-repeat":"repeat","background-position":"center center","background-size":"auto","background-attachment":"scroll","background-type":"","background-media":"","overlay-type":"","overlay-color":"","overlay-opacity":"","overlay-gradient":""}}},"pwb-brand":[1187],"product_cat":[37,106],"product_tag":[793,656,642,1188],"class_list":{"0":"post-16037","1":"product","2":"type-product","3":"status-publish","4":"has-post-thumbnail","6":"pwb-brand-original","7":"product_cat-bebidas","8":"product_cat-nuevos-productos","9":"product_tag-bebida","10":"product_tag-mango","11":"product_tag-melocoton","12":"product_tag-semilla-de-chia","13":"desktop-align-center","14":"tablet-align-center","15":"mobile-align-center","17":"first","18":"outofstock","19":"taxable","20":"shipping-taxable","21":"purchasable","22":"product-type-simple"},"yoast_head":"<!-- This site is optimized with the Yoast SEO plugin v23.6 - https:\/\/yoast.com\/wordpress\/plugins\/seo\/ -->\n<title>Bebida de semillas de ch\u00eda con Fresa 300ml - Original BLACK FRIDAY - Delicias Persas<\/title>\n<meta name=\"description\" content=\"Bebida de Aloe vera con sabor a mango. Refrescante en los d\u00edas calurosos y despu\u00e9s de sesiones de entrenamiento....\" \/>\n<meta name=\"robots\" content=\"index, follow, max-snippet:-1, max-image-preview:large, max-video-preview:-1\" \/>\n<link rel=\"canonical\" href=\"https:\/\/deliciaspersas.com\/en\/tienda\/bebidas\/bebida-de-semillas-de-chia-con-fresa-300ml-original-black-friday\/\" \/>\n<meta property=\"og:locale\" content=\"en_US\" \/>\n<meta property=\"og:type\" content=\"article\" \/>\n<meta property=\"og:title\" content=\"Bebida de semillas de ch\u00eda con Fresa 300ml - Original BLACK FRIDAY - Delicias Persas\" \/>\n<meta property=\"og:description\" content=\"Bebida de Aloe vera con sabor a mango. Refrescante en los d\u00edas calurosos y despu\u00e9s de sesiones de entrenamiento....\" \/>\n<meta property=\"og:url\" content=\"https:\/\/deliciaspersas.com\/en\/tienda\/bebidas\/bebida-de-semillas-de-chia-con-fresa-300ml-original-black-friday\/\" \/>\n<meta property=\"og:site_name\" content=\"Delicias Persas\" \/>\n<meta property=\"article:publisher\" content=\"https:\/\/www.facebook.com\/Deliciaspersas\" \/>\n<meta property=\"article:modified_time\" content=\"2025-08-11T08:35:49+00:00\" \/>\n<meta property=\"og:image\" content=\"https:\/\/deliciaspersas.com\/wp-content\/uploads\/Bebida-con-semilla2-Dayan.jpg\" \/>\n\t<meta property=\"og:image:width\" content=\"1600\" \/>\n\t<meta property=\"og:image:height\" content=\"1600\" \/>\n\t<meta property=\"og:image:type\" content=\"image\/jpeg\" \/>\n<meta name=\"twitter:card\" content=\"summary_large_image\" \/>\n<meta name=\"twitter:label1\" content=\"Est. reading time\" \/>\n\t<meta name=\"twitter:data1\" content=\"1 minute\" \/>\n<script type=\"application\/ld+json\" class=\"yoast-schema-graph\">{\"@context\":\"https:\/\/schema.org\",\"@graph\":[{\"@type\":\"WebPage\",\"@id\":\"https:\/\/deliciaspersas.com\/en\/tienda\/bebidas\/bebida-de-semillas-de-chia-con-fresa-300ml-original-black-friday\/\",\"url\":\"https:\/\/deliciaspersas.com\/en\/tienda\/bebidas\/bebida-de-semillas-de-chia-con-fresa-300ml-original-black-friday\/\",\"name\":\"Bebida de semillas de ch\u00eda con Fresa 300ml - Original BLACK FRIDAY - Delicias Persas\",\"isPartOf\":{\"@id\":\"https:\/\/deliciaspersas.com\/en\/#website\"},\"primaryImageOfPage\":{\"@id\":\"https:\/\/deliciaspersas.com\/en\/tienda\/bebidas\/bebida-de-semillas-de-chia-con-fresa-300ml-original-black-friday\/#primaryimage\"},\"image\":{\"@id\":\"https:\/\/deliciaspersas.com\/en\/tienda\/bebidas\/bebida-de-semillas-de-chia-con-fresa-300ml-original-black-friday\/#primaryimage\"},\"thumbnailUrl\":\"https:\/\/deliciaspersas.com\/wp-content\/uploads\/Bebida-con-semilla2-Dayan.jpg\",\"datePublished\":\"2024-11-26T18:34:42+00:00\",\"dateModified\":\"2025-08-11T08:35:49+00:00\",\"description\":\"Bebida de Aloe vera con sabor a mango. Refrescante en los d\u00edas calurosos y despu\u00e9s de sesiones de entrenamiento....\",\"breadcrumb\":{\"@id\":\"https:\/\/deliciaspersas.com\/en\/tienda\/bebidas\/bebida-de-semillas-de-chia-con-fresa-300ml-original-black-friday\/#breadcrumb\"},\"inLanguage\":\"en-US\",\"potentialAction\":[{\"@type\":\"ReadAction\",\"target\":[\"https:\/\/deliciaspersas.com\/en\/tienda\/bebidas\/bebida-de-semillas-de-chia-con-fresa-300ml-original-black-friday\/\"]}]},{\"@type\":\"ImageObject\",\"inLanguage\":\"en-US\",\"@id\":\"https:\/\/deliciaspersas.com\/en\/tienda\/bebidas\/bebida-de-semillas-de-chia-con-fresa-300ml-original-black-friday\/#primaryimage\",\"url\":\"https:\/\/deliciaspersas.com\/wp-content\/uploads\/Bebida-con-semilla2-Dayan.jpg\",\"contentUrl\":\"https:\/\/deliciaspersas.com\/wp-content\/uploads\/Bebida-con-semilla2-Dayan.jpg\",\"width\":1600,\"height\":1600},{\"@type\":\"BreadcrumbList\",\"@id\":\"https:\/\/deliciaspersas.com\/en\/tienda\/bebidas\/bebida-de-semillas-de-chia-con-fresa-300ml-original-black-friday\/#breadcrumb\",\"itemListElement\":[{\"@type\":\"ListItem\",\"position\":1,\"name\":\"Portada\",\"item\":\"https:\/\/deliciaspersas.com\/en\/\"},{\"@type\":\"ListItem\",\"position\":2,\"name\":\"Tienda\",\"item\":\"https:\/\/deliciaspersas.com\/\"},{\"@type\":\"ListItem\",\"position\":3,\"name\":\"Bebida de semillas de ch\u00eda con Fresa 300ml &#8211; Original BLACK FRIDAY\"}]},{\"@type\":\"WebSite\",\"@id\":\"https:\/\/deliciaspersas.com\/en\/#website\",\"url\":\"https:\/\/deliciaspersas.com\/en\/\",\"name\":\"Delicias Persas\",\"description\":\"Gastronom&iacute;a persa al alcance de tus manos\",\"publisher\":{\"@id\":\"https:\/\/deliciaspersas.com\/en\/#organization\"},\"potentialAction\":[{\"@type\":\"SearchAction\",\"target\":{\"@type\":\"EntryPoint\",\"urlTemplate\":\"https:\/\/deliciaspersas.com\/en\/?s={search_term_string}\"},\"query-input\":{\"@type\":\"PropertyValueSpecification\",\"valueRequired\":true,\"valueName\":\"search_term_string\"}}],\"inLanguage\":\"en-US\"},{\"@type\":\"Organization\",\"@id\":\"https:\/\/deliciaspersas.com\/en\/#organization\",\"name\":\"Delicias Persas\",\"url\":\"https:\/\/deliciaspersas.com\/en\/\",\"logo\":{\"@type\":\"ImageObject\",\"inLanguage\":\"en-US\",\"@id\":\"https:\/\/deliciaspersas.com\/en\/#\/schema\/logo\/image\/\",\"url\":\"https:\/\/deliciaspersas.com\/wp-content\/uploads\/2020\/07\/logo-2020.png\",\"contentUrl\":\"https:\/\/deliciaspersas.com\/wp-content\/uploads\/2020\/07\/logo-2020.png\",\"width\":520,\"height\":490,\"caption\":\"Delicias Persas\"},\"image\":{\"@id\":\"https:\/\/deliciaspersas.com\/en\/#\/schema\/logo\/image\/\"},\"sameAs\":[\"https:\/\/www.facebook.com\/Deliciaspersas\",\"https:\/\/www.instagram.com\/delicias_persas\/\",\"https:\/\/www.linkedin.com\/delicias-persas\"]}]}<\/script>\n<!-- \/ Yoast SEO plugin. -->","yoast_head_json":{"title":"Bebida de semillas de ch\u00eda con Fresa 300ml - Original BLACK FRIDAY - Delicias Persas","description":"Bebida de Aloe vera con sabor a mango. Refrescante en los d\u00edas calurosos y despu\u00e9s de sesiones de entrenamiento....","robots":{"index":"index","follow":"follow","max-snippet":"max-snippet:-1","max-image-preview":"max-image-preview:large","max-video-preview":"max-video-preview:-1"},"canonical":"https:\/\/deliciaspersas.com\/en\/tienda\/bebidas\/bebida-de-semillas-de-chia-con-fresa-300ml-original-black-friday\/","og_locale":"en_US","og_type":"article","og_title":"Bebida de semillas de ch\u00eda con Fresa 300ml - Original BLACK FRIDAY - Delicias Persas","og_description":"Bebida de Aloe vera con sabor a mango. Refrescante en los d\u00edas calurosos y despu\u00e9s de sesiones de entrenamiento....","og_url":"https:\/\/deliciaspersas.com\/en\/tienda\/bebidas\/bebida-de-semillas-de-chia-con-fresa-300ml-original-black-friday\/","og_site_name":"Delicias Persas","article_publisher":"https:\/\/www.facebook.com\/Deliciaspersas","article_modified_time":"2025-08-11T08:35:49+00:00","og_image":[{"width":1600,"height":1600,"url":"https:\/\/deliciaspersas.com\/wp-content\/uploads\/Bebida-con-semilla2-Dayan.jpg","type":"image\/jpeg"}],"twitter_card":"summary_large_image","twitter_misc":{"Est. reading time":"1 minute"},"schema":{"@context":"https:\/\/schema.org","@graph":[{"@type":"WebPage","@id":"https:\/\/deliciaspersas.com\/en\/tienda\/bebidas\/bebida-de-semillas-de-chia-con-fresa-300ml-original-black-friday\/","url":"https:\/\/deliciaspersas.com\/en\/tienda\/bebidas\/bebida-de-semillas-de-chia-con-fresa-300ml-original-black-friday\/","name":"Bebida de semillas de ch\u00eda con Fresa 300ml - Original BLACK FRIDAY - Delicias Persas","isPartOf":{"@id":"https:\/\/deliciaspersas.com\/en\/#website"},"primaryImageOfPage":{"@id":"https:\/\/deliciaspersas.com\/en\/tienda\/bebidas\/bebida-de-semillas-de-chia-con-fresa-300ml-original-black-friday\/#primaryimage"},"image":{"@id":"https:\/\/deliciaspersas.com\/en\/tienda\/bebidas\/bebida-de-semillas-de-chia-con-fresa-300ml-original-black-friday\/#primaryimage"},"thumbnailUrl":"https:\/\/deliciaspersas.com\/wp-content\/uploads\/Bebida-con-semilla2-Dayan.jpg","datePublished":"2024-11-26T18:34:42+00:00","dateModified":"2025-08-11T08:35:49+00:00","description":"Bebida de Aloe vera con sabor a mango. Refrescante en los d\u00edas calurosos y despu\u00e9s de sesiones de entrenamiento....","breadcrumb":{"@id":"https:\/\/deliciaspersas.com\/en\/tienda\/bebidas\/bebida-de-semillas-de-chia-con-fresa-300ml-original-black-friday\/#breadcrumb"},"inLanguage":"en-US","potentialAction":[{"@type":"ReadAction","target":["https:\/\/deliciaspersas.com\/en\/tienda\/bebidas\/bebida-de-semillas-de-chia-con-fresa-300ml-original-black-friday\/"]}]},{"@type":"ImageObject","inLanguage":"en-US","@id":"https:\/\/deliciaspersas.com\/en\/tienda\/bebidas\/bebida-de-semillas-de-chia-con-fresa-300ml-original-black-friday\/#primaryimage","url":"https:\/\/deliciaspersas.com\/wp-content\/uploads\/Bebida-con-semilla2-Dayan.jpg","contentUrl":"https:\/\/deliciaspersas.com\/wp-content\/uploads\/Bebida-con-semilla2-Dayan.jpg","width":1600,"height":1600},{"@type":"BreadcrumbList","@id":"https:\/\/deliciaspersas.com\/en\/tienda\/bebidas\/bebida-de-semillas-de-chia-con-fresa-300ml-original-black-friday\/#breadcrumb","itemListElement":[{"@type":"ListItem","position":1,"name":"Portada","item":"https:\/\/deliciaspersas.com\/en\/"},{"@type":"ListItem","position":2,"name":"Tienda","item":"https:\/\/deliciaspersas.com\/"},{"@type":"ListItem","position":3,"name":"Bebida de semillas de ch\u00eda con Fresa 300ml &#8211; Original BLACK FRIDAY"}]},{"@type":"WebSite","@id":"https:\/\/deliciaspersas.com\/en\/#website","url":"https:\/\/deliciaspersas.com\/en\/","name":"Delicias Persas","description":"Gastronom&iacute;a persa al alcance de tus manos","publisher":{"@id":"https:\/\/deliciaspersas.com\/en\/#organization"},"potentialAction":[{"@type":"SearchAction","target":{"@type":"EntryPoint","urlTemplate":"https:\/\/deliciaspersas.com\/en\/?s={search_term_string}"},"query-input":{"@type":"PropertyValueSpecification","valueRequired":true,"valueName":"search_term_string"}}],"inLanguage":"en-US"},{"@type":"Organization","@id":"https:\/\/deliciaspersas.com\/en\/#organization","name":"Delicias Persas","url":"https:\/\/deliciaspersas.com\/en\/","logo":{"@type":"ImageObject","inLanguage":"en-US","@id":"https:\/\/deliciaspersas.com\/en\/#\/schema\/logo\/image\/","url":"https:\/\/deliciaspersas.com\/wp-content\/uploads\/2020\/07\/logo-2020.png","contentUrl":"https:\/\/deliciaspersas.com\/wp-content\/uploads\/2020\/07\/logo-2020.png","width":520,"height":490,"caption":"Delicias Persas"},"image":{"@id":"https:\/\/deliciaspersas.com\/en\/#\/schema\/logo\/image\/"},"sameAs":["https:\/\/www.facebook.com\/Deliciaspersas","https:\/\/www.instagram.com\/delicias_persas\/","https:\/\/www.linkedin.com\/delicias-persas"]}]}},"uagb_featured_image_src":{"full":["https:\/\/deliciaspersas.com\/wp-content\/uploads\/Bebida-con-semilla2-Dayan.jpg",1600,1600,false],"thumbnail":["https:\/\/deliciaspersas.com\/wp-content\/uploads\/Bebida-con-semilla2-Dayan-150x150.jpg",150,150,true],"medium":["https:\/\/deliciaspersas.com\/wp-content\/uploads\/Bebida-con-semilla2-Dayan-300x300.jpg",300,300,true],"medium_large":["https:\/\/deliciaspersas.com\/wp-content\/uploads\/Bebida-con-semilla2-Dayan-768x768.jpg",768,768,true],"large":["https:\/\/deliciaspersas.com\/wp-content\/uploads\/Bebida-con-semilla2-Dayan-1024x1024.jpg",1024,1024,true],"1536x1536":["https:\/\/deliciaspersas.com\/wp-content\/uploads\/Bebida-con-semilla2-Dayan-1536x1536.jpg",1536,1536,true],"2048x2048":["https:\/\/deliciaspersas.com\/wp-content\/uploads\/Bebida-con-semilla2-Dayan.jpg",1600,1600,false],"woocommerce_thumbnail":["https:\/\/deliciaspersas.com\/wp-content\/uploads\/Bebida-con-semilla2-Dayan-300x300.jpg",300,300,true],"woocommerce_single":["https:\/\/deliciaspersas.com\/wp-content\/uploads\/Bebida-con-semilla2-Dayan-600x600.jpg",600,600,true],"woocommerce_gallery_thumbnail":["https:\/\/deliciaspersas.com\/wp-content\/uploads\/Bebida-con-semilla2-Dayan-100x100.jpg",100,100,true]},"uagb_author_info":{"display_name":"admin","author_link":"https:\/\/deliciaspersas.com\/en\/author\/"},"uagb_comment_info":0,"uagb_excerpt":"Bebida de semillas de ch\u00eda con Fresa 300ml &#8211; Original Informaci\u00f3n del producto: Las bebidas de Ch\u00eda son bebidas frescas aptas para la temporada de calor y la concentraci\u00f3n de sus materias primas es superior al 60%. La semilla Sherbati puede absorber agua varias veces su propio volumen, es por eso que usar estas semillas&hellip;","brands":[{"id":1187,"name":"Original","slug":"original"}],"_links":{"self":[{"href":"https:\/\/deliciaspersas.com\/en\/wp-json\/wp\/v2\/product\/16037"}],"collection":[{"href":"https:\/\/deliciaspersas.com\/en\/wp-json\/wp\/v2\/product"}],"about":[{"href":"https:\/\/deliciaspersas.com\/en\/wp-json\/wp\/v2\/types\/product"}],"wp:featuredmedia":[{"embeddable":true,"href":"https:\/\/deliciaspersas.com\/en\/wp-json\/wp\/v2\/media\/14617"}],"wp:attachment":[{"href":"https:\/\/deliciaspersas.com\/en\/wp-json\/wp\/v2\/media?parent=16037"}],"wp:term":[{"taxonomy":"pwb-brand","embeddable":true,"href":"https:\/\/deliciaspersas.com\/en\/wp-json\/wp\/v2\/pwb-brand?post=16037"},{"taxonomy":"product_cat","embeddable":true,"href":"https:\/\/deliciaspersas.com\/en\/wp-json\/wp\/v2\/product_cat?post=16037"},{"taxonomy":"product_tag","embeddable":true,"href":"https:\/\/deliciaspersas.com\/en\/wp-json\/wp\/v2\/product_tag?post=16037"}],"curies":[{"name":"wp","href":"https:\/\/api.w.org\/{rel}","templated":true}]}}