{"id":16040,"date":"2024-11-26T19:39:04","date_gmt":"2024-11-26T18:39:04","guid":{"rendered":"https:\/\/deliciaspersas.com\/?post_type=product&#038;p=16040"},"modified":"2026-04-19T13:41:21","modified_gmt":"2026-04-19T11:41:21","slug":"pack-2-unidades-apio-frito-karafs-sorkh-shodeh-460-g-kamchin","status":"publish","type":"product","link":"https:\/\/deliciaspersas.com\/en\/tienda\/ready\/pack-2-unidades-apio-frito-karafs-sorkh-shodeh-460-g-kamchin\/","title":{"rendered":"Pack 2 unidades Apio frito ( Karafs sorkh shodeh )  460 g Kamchin"},"content":{"rendered":"<h1>Pack 2 unidades Apio frito ( Karafs sorkh shodeh ) 460 g Kamchin<\/h1>\n<h6>Informaci\u00f3n del producto:<\/h6>\n<p class=\"title\" data-asset-id=\"967547802\">Apio frito.<\/p>\n<h6>Usos:<\/h6>\n<p>Se usan en las recetas de los guisos de verduras.<\/p>\n<h6>Beneficios:<\/h6>\n<p>El apio es m\u00e1s que un ingrediente para los caldos o que una decoraci\u00f3n para el zumo de tomate. Repleto de propiedades, tiene origen antiguo, Es originario de las zonas mediterr\u00e1neas y de Oriente Medio. Los egipcios, los griegos y los romanos ya la cultivaban y le daban uso tanto gastron\u00f3mico como planta arom\u00e1tica, como medicinal.<\/p>\n<p>Sus dos caracter\u00edsticas principales son su\u00a0bajo contenido cal\u00f3rico\u00a0y su alto aporte de fibra. El 92% de su peso es agua y tiene un gran poder saciante por lo que es un aliado ideal para equilibrar las dietas de control de peso.<\/p>\n<p>Su contenido en flavonoide lo convierten en un buen antioxidante y aunque no tiene un\u00a0gran cantidad de vitaminas, s\u00ed cuenta con presencia de varias de ellas: A, B1, B2, B3, B6 y C. Sin embargo, es m\u00e1s relevante la cantidad de minerales y sales minerales (potasio, magnesio, hierro, f\u00f3sforo, calcio o selenio y es rico en aceite esenciales limoneno y selineno, compuestos que favorecen su poder alcalinizante, diur\u00e9tico y depurativo.<\/p>\n<aside class=\"roba-intercalado sin-fondo layer_inpage\"><span id=\"layer_inpage-id\" class=\"creatividad cmv_intext\" data-voc-vam=\"\" data-voc-vam-position=\"layer_inpage\" data-voc-vam-outofpage=\"true\"><\/span><\/aside>\n<p>Al ser tan arom\u00e1tico, el apio es muy apreciado como ingrediente en ensaladas y otras preparaciones de hoja verde. Combinan muy bien con patatas, nabos, calabaza, cebollas o puerros, sin embargo, no se les saca todo el partido posible con pimientos, berenjenas o setas.<\/p>\n<p>Incluir el apio de forma habitual en las comidas puede brindarle varios beneficios a la salud. A continuaci\u00f3n se los comentamos.<\/p>\n<p>Cuida la salud cardiovascular.<\/p>\n<p>Ayuda a regular la presi\u00f3n arterial. En gran medida esto se debe a su contenido de potasio.<\/p>\n<p>Ayuda a bajar los niveles de colesterol. La fibra es la que contribuye a eliminarlo de los intestinos,\u00a0de modo\u00a0que impide que llegue a la sangre.<\/p>\n<p>El apio es fuente de vitamina K, un nutriente\u00a0indispensable para la coagulaci\u00f3n de la sangre.<\/p>\n<p>Tiene propiedades antiinflamatorias.<\/p>\n<p>Los antioxidantes del apio\u00a0contribuyen a disminuir la inflamaci\u00f3n. Por eso,\u00a0su consumo es aconsejable para aliviar los procesos inflamatorios en caso de gota o artritis.<\/p>\n<h6>Condiciones de conservaci\u00f3n:<\/h6>\n<p>Conservar en un lugar fresco, seco y protegido de la luz.<\/p>\n<h6>Informaci\u00f3n adicional:<\/h6>\n<p>Fabricado por: Kamchin<\/p>\n","protected":false},"excerpt":{"rendered":"<p>Pack 2 unidades Apio frito ( Karafs sorkh shodeh ) 460 g Kamchin Informaci\u00f3n del producto: Apio frito. Usos: Se usan en las recetas de los guisos de verduras. Beneficios: El apio es m\u00e1s que un ingrediente para los caldos o que una decoraci\u00f3n para el zumo de tomate. Repleto de propiedades, tiene origen antiguo, [&hellip;]<\/p>\n","protected":false},"featured_media":14876,"template":"","meta":{"_surecart_dashboard_logo_width":"180px","_surecart_dashboard_show_logo":true,"_surecart_dashboard_navigation_orders":true,"_surecart_dashboard_navigation_invoices":true,"_surecart_dashboard_navigation_subscriptions":true,"_surecart_dashboard_navigation_downloads":true,"_surecart_dashboard_navigation_billing":true,"_surecart_dashboard_navigation_account":true,"_uag_custom_page_level_css":"","site-sidebar-layout":"default","site-content-layout":"default","ast-site-content-layout":"default","site-content-style":"default","site-sidebar-style":"default","ast-global-header-display":"","ast-banner-title-visibility":"","ast-main-header-display":"","ast-hfb-above-header-display":"","ast-hfb-below-header-display":"","ast-hfb-mobile-header-display":"","site-post-title":"","ast-breadcrumbs-content":"","ast-featured-img":"","footer-sml-layout":"","theme-transparent-header-meta":"default","adv-header-id-meta":"","stick-header-meta":"","header-above-stick-meta":"","header-main-stick-meta":"","header-below-stick-meta":"","astra-migrate-meta-layouts":"set","ast-page-background-enabled":"default","ast-page-background-meta":{"desktop":{"background-color":"","background-image":"","background-repeat":"repeat","background-position":"center center","background-size":"auto","background-attachment":"scroll","background-type":"","background-media":"","overlay-type":"","overlay-color":"","overlay-opacity":"","overlay-gradient":""},"tablet":{"background-color":"","background-image":"","background-repeat":"repeat","background-position":"center center","background-size":"auto","background-attachment":"scroll","background-type":"","background-media":"","overlay-type":"","overlay-color":"","overlay-opacity":"","overlay-gradient":""},"mobile":{"background-color":"","background-image":"","background-repeat":"repeat","background-position":"center center","background-size":"auto","background-attachment":"scroll","background-type":"","background-media":"","overlay-type":"","overlay-color":"","overlay-opacity":"","overlay-gradient":""}},"ast-content-background-meta":{"desktop":{"background-color":"var(--ast-global-color-5)","background-image":"","background-repeat":"repeat","background-position":"center center","background-size":"auto","background-attachment":"scroll","background-type":"","background-media":"","overlay-type":"","overlay-color":"","overlay-opacity":"","overlay-gradient":""},"tablet":{"background-color":"var(--ast-global-color-5)","background-image":"","background-repeat":"repeat","background-position":"center center","background-size":"auto","background-attachment":"scroll","background-type":"","background-media":"","overlay-type":"","overlay-color":"","overlay-opacity":"","overlay-gradient":""},"mobile":{"background-color":"var(--ast-global-color-5)","background-image":"","background-repeat":"repeat","background-position":"center center","background-size":"auto","background-attachment":"scroll","background-type":"","background-media":"","overlay-type":"","overlay-color":"","overlay-opacity":"","overlay-gradient":""}}},"pwb-brand":[69],"product_cat":[35,41,34],"product_tag":[697,696,1523,318,279,317],"class_list":{"0":"post-16040","1":"product","2":"type-product","3":"status-publish","4":"has-post-thumbnail","6":"pwb-brand-kamchin","7":"product_cat-conservas","8":"product_cat-hierbas","9":"product_cat-ready","10":"product_tag-apio","11":"product_tag-apio-frito","12":"product_tag-karafs","13":"product_tag-318","14":"product_tag-279","15":"product_tag-317","16":"desktop-align-center","17":"tablet-align-center","18":"mobile-align-center","20":"first","21":"instock","22":"sale","23":"taxable","24":"shipping-taxable","25":"purchasable","26":"product-type-simple"},"yoast_head":"<!-- This site is optimized with the Yoast SEO plugin v23.6 - https:\/\/yoast.com\/wordpress\/plugins\/seo\/ -->\n<title>Pack 2 unidades Apio frito ( Karafs sorkh shodeh ) 460 g Kamchin - Delicias Persas<\/title>\n<meta name=\"description\" content=\"Estos bocaditos, rellenos de hojas de uva, son una buena fuente de nutrientes; y adem\u00e1s no tienen grasa ni colesterol.\" \/>\n<meta name=\"robots\" content=\"index, follow, max-snippet:-1, max-image-preview:large, max-video-preview:-1\" \/>\n<link rel=\"canonical\" href=\"https:\/\/deliciaspersas.com\/en\/tienda\/ready\/pack-2-unidades-apio-frito-karafs-sorkh-shodeh-460-g-kamchin\/\" \/>\n<meta property=\"og:locale\" content=\"en_US\" \/>\n<meta property=\"og:type\" content=\"article\" \/>\n<meta property=\"og:title\" content=\"Pack 2 unidades Apio frito ( Karafs sorkh shodeh ) 460 g Kamchin - Delicias Persas\" \/>\n<meta property=\"og:description\" content=\"Estos bocaditos, rellenos de hojas de uva, son una buena fuente de nutrientes; y adem\u00e1s no tienen grasa ni colesterol.\" \/>\n<meta property=\"og:url\" content=\"https:\/\/deliciaspersas.com\/en\/tienda\/ready\/pack-2-unidades-apio-frito-karafs-sorkh-shodeh-460-g-kamchin\/\" \/>\n<meta property=\"og:site_name\" content=\"Delicias Persas\" \/>\n<meta property=\"article:publisher\" content=\"https:\/\/www.facebook.com\/Deliciaspersas\" \/>\n<meta property=\"article:modified_time\" content=\"2026-04-19T11:41:21+00:00\" \/>\n<meta property=\"og:image\" content=\"https:\/\/deliciaspersas.com\/wp-content\/uploads\/Karafs-sorkhsshodeh-Kamchin-Dayan-.jpg\" \/>\n\t<meta property=\"og:image:width\" content=\"1000\" \/>\n\t<meta property=\"og:image:height\" content=\"1000\" \/>\n\t<meta property=\"og:image:type\" content=\"image\/jpeg\" \/>\n<meta name=\"twitter:card\" content=\"summary_large_image\" \/>\n<meta name=\"twitter:label1\" content=\"Est. reading time\" \/>\n\t<meta name=\"twitter:data1\" content=\"2 minutes\" \/>\n<script type=\"application\/ld+json\" class=\"yoast-schema-graph\">{\"@context\":\"https:\/\/schema.org\",\"@graph\":[{\"@type\":\"WebPage\",\"@id\":\"https:\/\/deliciaspersas.com\/en\/tienda\/ready\/pack-2-unidades-apio-frito-karafs-sorkh-shodeh-460-g-kamchin\/\",\"url\":\"https:\/\/deliciaspersas.com\/en\/tienda\/ready\/pack-2-unidades-apio-frito-karafs-sorkh-shodeh-460-g-kamchin\/\",\"name\":\"Pack 2 unidades Apio frito ( Karafs sorkh shodeh ) 460 g Kamchin - Delicias Persas\",\"isPartOf\":{\"@id\":\"https:\/\/deliciaspersas.com\/en\/#website\"},\"primaryImageOfPage\":{\"@id\":\"https:\/\/deliciaspersas.com\/en\/tienda\/ready\/pack-2-unidades-apio-frito-karafs-sorkh-shodeh-460-g-kamchin\/#primaryimage\"},\"image\":{\"@id\":\"https:\/\/deliciaspersas.com\/en\/tienda\/ready\/pack-2-unidades-apio-frito-karafs-sorkh-shodeh-460-g-kamchin\/#primaryimage\"},\"thumbnailUrl\":\"https:\/\/deliciaspersas.com\/wp-content\/uploads\/Karafs-sorkhsshodeh-Kamchin-Dayan-.jpg\",\"datePublished\":\"2024-11-26T18:39:04+00:00\",\"dateModified\":\"2026-04-19T11:41:21+00:00\",\"description\":\"Estos bocaditos, rellenos de hojas de uva, son una buena fuente de nutrientes; y adem\u00e1s no tienen grasa ni colesterol.\",\"breadcrumb\":{\"@id\":\"https:\/\/deliciaspersas.com\/en\/tienda\/ready\/pack-2-unidades-apio-frito-karafs-sorkh-shodeh-460-g-kamchin\/#breadcrumb\"},\"inLanguage\":\"en-US\",\"potentialAction\":[{\"@type\":\"ReadAction\",\"target\":[\"https:\/\/deliciaspersas.com\/en\/tienda\/ready\/pack-2-unidades-apio-frito-karafs-sorkh-shodeh-460-g-kamchin\/\"]}]},{\"@type\":\"ImageObject\",\"inLanguage\":\"en-US\",\"@id\":\"https:\/\/deliciaspersas.com\/en\/tienda\/ready\/pack-2-unidades-apio-frito-karafs-sorkh-shodeh-460-g-kamchin\/#primaryimage\",\"url\":\"https:\/\/deliciaspersas.com\/wp-content\/uploads\/Karafs-sorkhsshodeh-Kamchin-Dayan-.jpg\",\"contentUrl\":\"https:\/\/deliciaspersas.com\/wp-content\/uploads\/Karafs-sorkhsshodeh-Kamchin-Dayan-.jpg\",\"width\":1000,\"height\":1000},{\"@type\":\"BreadcrumbList\",\"@id\":\"https:\/\/deliciaspersas.com\/en\/tienda\/ready\/pack-2-unidades-apio-frito-karafs-sorkh-shodeh-460-g-kamchin\/#breadcrumb\",\"itemListElement\":[{\"@type\":\"ListItem\",\"position\":1,\"name\":\"Portada\",\"item\":\"https:\/\/deliciaspersas.com\/en\/\"},{\"@type\":\"ListItem\",\"position\":2,\"name\":\"Tienda\",\"item\":\"https:\/\/deliciaspersas.com\/\"},{\"@type\":\"ListItem\",\"position\":3,\"name\":\"Pack 2 unidades Apio frito ( Karafs sorkh shodeh ) 460 g Kamchin\"}]},{\"@type\":\"WebSite\",\"@id\":\"https:\/\/deliciaspersas.com\/en\/#website\",\"url\":\"https:\/\/deliciaspersas.com\/en\/\",\"name\":\"Delicias Persas\",\"description\":\"Gastronom&iacute;a persa al alcance de tus manos\",\"publisher\":{\"@id\":\"https:\/\/deliciaspersas.com\/en\/#organization\"},\"potentialAction\":[{\"@type\":\"SearchAction\",\"target\":{\"@type\":\"EntryPoint\",\"urlTemplate\":\"https:\/\/deliciaspersas.com\/en\/?s={search_term_string}\"},\"query-input\":{\"@type\":\"PropertyValueSpecification\",\"valueRequired\":true,\"valueName\":\"search_term_string\"}}],\"inLanguage\":\"en-US\"},{\"@type\":\"Organization\",\"@id\":\"https:\/\/deliciaspersas.com\/en\/#organization\",\"name\":\"Delicias Persas\",\"url\":\"https:\/\/deliciaspersas.com\/en\/\",\"logo\":{\"@type\":\"ImageObject\",\"inLanguage\":\"en-US\",\"@id\":\"https:\/\/deliciaspersas.com\/en\/#\/schema\/logo\/image\/\",\"url\":\"https:\/\/deliciaspersas.com\/wp-content\/uploads\/2020\/07\/logo-2020.png\",\"contentUrl\":\"https:\/\/deliciaspersas.com\/wp-content\/uploads\/2020\/07\/logo-2020.png\",\"width\":520,\"height\":490,\"caption\":\"Delicias Persas\"},\"image\":{\"@id\":\"https:\/\/deliciaspersas.com\/en\/#\/schema\/logo\/image\/\"},\"sameAs\":[\"https:\/\/www.facebook.com\/Deliciaspersas\",\"https:\/\/www.instagram.com\/delicias_persas\/\",\"https:\/\/www.linkedin.com\/delicias-persas\"]}]}<\/script>\n<!-- \/ Yoast SEO plugin. -->","yoast_head_json":{"title":"Pack 2 unidades Apio frito ( Karafs sorkh shodeh ) 460 g Kamchin - Delicias Persas","description":"Estos bocaditos, rellenos de hojas de uva, son una buena fuente de nutrientes; y adem\u00e1s no tienen grasa ni colesterol.","robots":{"index":"index","follow":"follow","max-snippet":"max-snippet:-1","max-image-preview":"max-image-preview:large","max-video-preview":"max-video-preview:-1"},"canonical":"https:\/\/deliciaspersas.com\/en\/tienda\/ready\/pack-2-unidades-apio-frito-karafs-sorkh-shodeh-460-g-kamchin\/","og_locale":"en_US","og_type":"article","og_title":"Pack 2 unidades Apio frito ( Karafs sorkh shodeh ) 460 g Kamchin - Delicias Persas","og_description":"Estos bocaditos, rellenos de hojas de uva, son una buena fuente de nutrientes; y adem\u00e1s no tienen grasa ni colesterol.","og_url":"https:\/\/deliciaspersas.com\/en\/tienda\/ready\/pack-2-unidades-apio-frito-karafs-sorkh-shodeh-460-g-kamchin\/","og_site_name":"Delicias Persas","article_publisher":"https:\/\/www.facebook.com\/Deliciaspersas","article_modified_time":"2026-04-19T11:41:21+00:00","og_image":[{"width":1000,"height":1000,"url":"https:\/\/deliciaspersas.com\/wp-content\/uploads\/Karafs-sorkhsshodeh-Kamchin-Dayan-.jpg","type":"image\/jpeg"}],"twitter_card":"summary_large_image","twitter_misc":{"Est. reading time":"2 minutes"},"schema":{"@context":"https:\/\/schema.org","@graph":[{"@type":"WebPage","@id":"https:\/\/deliciaspersas.com\/en\/tienda\/ready\/pack-2-unidades-apio-frito-karafs-sorkh-shodeh-460-g-kamchin\/","url":"https:\/\/deliciaspersas.com\/en\/tienda\/ready\/pack-2-unidades-apio-frito-karafs-sorkh-shodeh-460-g-kamchin\/","name":"Pack 2 unidades Apio frito ( Karafs sorkh shodeh ) 460 g Kamchin - Delicias Persas","isPartOf":{"@id":"https:\/\/deliciaspersas.com\/en\/#website"},"primaryImageOfPage":{"@id":"https:\/\/deliciaspersas.com\/en\/tienda\/ready\/pack-2-unidades-apio-frito-karafs-sorkh-shodeh-460-g-kamchin\/#primaryimage"},"image":{"@id":"https:\/\/deliciaspersas.com\/en\/tienda\/ready\/pack-2-unidades-apio-frito-karafs-sorkh-shodeh-460-g-kamchin\/#primaryimage"},"thumbnailUrl":"https:\/\/deliciaspersas.com\/wp-content\/uploads\/Karafs-sorkhsshodeh-Kamchin-Dayan-.jpg","datePublished":"2024-11-26T18:39:04+00:00","dateModified":"2026-04-19T11:41:21+00:00","description":"Estos bocaditos, rellenos de hojas de uva, son una buena fuente de nutrientes; y adem\u00e1s no tienen grasa ni colesterol.","breadcrumb":{"@id":"https:\/\/deliciaspersas.com\/en\/tienda\/ready\/pack-2-unidades-apio-frito-karafs-sorkh-shodeh-460-g-kamchin\/#breadcrumb"},"inLanguage":"en-US","potentialAction":[{"@type":"ReadAction","target":["https:\/\/deliciaspersas.com\/en\/tienda\/ready\/pack-2-unidades-apio-frito-karafs-sorkh-shodeh-460-g-kamchin\/"]}]},{"@type":"ImageObject","inLanguage":"en-US","@id":"https:\/\/deliciaspersas.com\/en\/tienda\/ready\/pack-2-unidades-apio-frito-karafs-sorkh-shodeh-460-g-kamchin\/#primaryimage","url":"https:\/\/deliciaspersas.com\/wp-content\/uploads\/Karafs-sorkhsshodeh-Kamchin-Dayan-.jpg","contentUrl":"https:\/\/deliciaspersas.com\/wp-content\/uploads\/Karafs-sorkhsshodeh-Kamchin-Dayan-.jpg","width":1000,"height":1000},{"@type":"BreadcrumbList","@id":"https:\/\/deliciaspersas.com\/en\/tienda\/ready\/pack-2-unidades-apio-frito-karafs-sorkh-shodeh-460-g-kamchin\/#breadcrumb","itemListElement":[{"@type":"ListItem","position":1,"name":"Portada","item":"https:\/\/deliciaspersas.com\/en\/"},{"@type":"ListItem","position":2,"name":"Tienda","item":"https:\/\/deliciaspersas.com\/"},{"@type":"ListItem","position":3,"name":"Pack 2 unidades Apio frito ( Karafs sorkh shodeh ) 460 g Kamchin"}]},{"@type":"WebSite","@id":"https:\/\/deliciaspersas.com\/en\/#website","url":"https:\/\/deliciaspersas.com\/en\/","name":"Delicias Persas","description":"Gastronom&iacute;a persa al alcance de tus manos","publisher":{"@id":"https:\/\/deliciaspersas.com\/en\/#organization"},"potentialAction":[{"@type":"SearchAction","target":{"@type":"EntryPoint","urlTemplate":"https:\/\/deliciaspersas.com\/en\/?s={search_term_string}"},"query-input":{"@type":"PropertyValueSpecification","valueRequired":true,"valueName":"search_term_string"}}],"inLanguage":"en-US"},{"@type":"Organization","@id":"https:\/\/deliciaspersas.com\/en\/#organization","name":"Delicias Persas","url":"https:\/\/deliciaspersas.com\/en\/","logo":{"@type":"ImageObject","inLanguage":"en-US","@id":"https:\/\/deliciaspersas.com\/en\/#\/schema\/logo\/image\/","url":"https:\/\/deliciaspersas.com\/wp-content\/uploads\/2020\/07\/logo-2020.png","contentUrl":"https:\/\/deliciaspersas.com\/wp-content\/uploads\/2020\/07\/logo-2020.png","width":520,"height":490,"caption":"Delicias Persas"},"image":{"@id":"https:\/\/deliciaspersas.com\/en\/#\/schema\/logo\/image\/"},"sameAs":["https:\/\/www.facebook.com\/Deliciaspersas","https:\/\/www.instagram.com\/delicias_persas\/","https:\/\/www.linkedin.com\/delicias-persas"]}]}},"uagb_featured_image_src":{"full":["https:\/\/deliciaspersas.com\/wp-content\/uploads\/Karafs-sorkhsshodeh-Kamchin-Dayan-.jpg",1000,1000,false],"thumbnail":["https:\/\/deliciaspersas.com\/wp-content\/uploads\/Karafs-sorkhsshodeh-Kamchin-Dayan--150x150.jpg",150,150,true],"medium":["https:\/\/deliciaspersas.com\/wp-content\/uploads\/Karafs-sorkhsshodeh-Kamchin-Dayan--300x300.jpg",300,300,true],"medium_large":["https:\/\/deliciaspersas.com\/wp-content\/uploads\/Karafs-sorkhsshodeh-Kamchin-Dayan--768x768.jpg",768,768,true],"large":["https:\/\/deliciaspersas.com\/wp-content\/uploads\/Karafs-sorkhsshodeh-Kamchin-Dayan-.jpg",1000,1000,false],"1536x1536":["https:\/\/deliciaspersas.com\/wp-content\/uploads\/Karafs-sorkhsshodeh-Kamchin-Dayan-.jpg",1000,1000,false],"2048x2048":["https:\/\/deliciaspersas.com\/wp-content\/uploads\/Karafs-sorkhsshodeh-Kamchin-Dayan-.jpg",1000,1000,false],"woocommerce_thumbnail":["https:\/\/deliciaspersas.com\/wp-content\/uploads\/Karafs-sorkhsshodeh-Kamchin-Dayan--300x300.jpg",300,300,true],"woocommerce_single":["https:\/\/deliciaspersas.com\/wp-content\/uploads\/Karafs-sorkhsshodeh-Kamchin-Dayan--600x600.jpg",600,600,true],"woocommerce_gallery_thumbnail":["https:\/\/deliciaspersas.com\/wp-content\/uploads\/Karafs-sorkhsshodeh-Kamchin-Dayan--100x100.jpg",100,100,true]},"uagb_author_info":{"display_name":"admin","author_link":"https:\/\/deliciaspersas.com\/en\/author\/"},"uagb_comment_info":0,"uagb_excerpt":"Pack 2 unidades Apio frito ( Karafs sorkh shodeh ) 460 g Kamchin Informaci\u00f3n del producto: Apio frito. Usos: Se usan en las recetas de los guisos de verduras. Beneficios: El apio es m\u00e1s que un ingrediente para los caldos o que una decoraci\u00f3n para el zumo de tomate. Repleto de propiedades, tiene origen antiguo,&hellip;","brands":[{"id":69,"name":"Kamchin","slug":"kamchin"}],"_links":{"self":[{"href":"https:\/\/deliciaspersas.com\/en\/wp-json\/wp\/v2\/product\/16040"}],"collection":[{"href":"https:\/\/deliciaspersas.com\/en\/wp-json\/wp\/v2\/product"}],"about":[{"href":"https:\/\/deliciaspersas.com\/en\/wp-json\/wp\/v2\/types\/product"}],"wp:featuredmedia":[{"embeddable":true,"href":"https:\/\/deliciaspersas.com\/en\/wp-json\/wp\/v2\/media\/14876"}],"wp:attachment":[{"href":"https:\/\/deliciaspersas.com\/en\/wp-json\/wp\/v2\/media?parent=16040"}],"wp:term":[{"taxonomy":"pwb-brand","embeddable":true,"href":"https:\/\/deliciaspersas.com\/en\/wp-json\/wp\/v2\/pwb-brand?post=16040"},{"taxonomy":"product_cat","embeddable":true,"href":"https:\/\/deliciaspersas.com\/en\/wp-json\/wp\/v2\/product_cat?post=16040"},{"taxonomy":"product_tag","embeddable":true,"href":"https:\/\/deliciaspersas.com\/en\/wp-json\/wp\/v2\/product_tag?post=16040"}],"curies":[{"name":"wp","href":"https:\/\/api.w.org\/{rel}","templated":true}]}}