{"id":16052,"date":"2024-11-26T20:06:54","date_gmt":"2024-11-26T19:06:54","guid":{"rendered":"https:\/\/deliciaspersas.com\/?post_type=product&#038;p=16052"},"modified":"2025-05-19T09:55:13","modified_gmt":"2025-05-19T07:55:13","slug":"pepinillos-en-escabeche-khiar-shoor-1500g-esalat-2","status":"publish","type":"product","link":"https:\/\/deliciaspersas.com\/en\/tienda\/conservas\/pepinillos-en-escabeche-khiar-shoor-1500g-esalat-2\/","title":{"rendered":"Pepinillos en escabeche (Khiar shoor) 1500g Esalat"},"content":{"rendered":"<h1>Pepinillos en escabeche (Khiar shoor) 1500g Esalat<\/h1>\n<h6>Informaci\u00f3n del producto:<\/h6>\n<p>Los pepinillos en escabeche, es una de las hortalizas m\u00e1s sembradas a nivel mundial, ya que, de acuerdo con las estad\u00edsticas actuales, \u00a0posee el cuarto lugar en distribuci\u00f3n y cultivo.<\/p>\n<p>Las propiedades nutricionales del pepinillo son numerosas:<\/p>\n<ul>\n<li>Prote\u00ednas.<\/li>\n<li>L\u00edpidos<\/li>\n<li>Minerales (manganeso, hierro, cobre, yodo).<\/li>\n<li>Vitaminas B y C y, en menor medida, vitamina K.<\/li>\n<\/ul>\n<p>Muy bajo en calor\u00edas, el pepinillo se compone principalmente de agua (\u00b1 96%) y cuenta con tal solo 18 kcal \/ 100 gramos. Eso s\u00ed, debes tener en cuenta que una porci\u00f3n de 4 pepinillos, generalmente la de un adulto, no tiene m\u00e1s de cinco calor\u00edas.<\/p>\n<h6>Usos:<\/h6>\n<p>Acompa\u00f1ante, aperitivo.<\/p>\n<h6>Beneficios:<\/h6>\n<p>El agua y la fibra insoluble que poseen los\u00a0pepinillos\u00a0ayudan a aquellas personas que presentan dificultades de estre\u00f1imiento, e incluso, existen en el mercado diversos tratamientos alternativos contra el estre\u00f1imiento, utilizando exclusivamente\u00a0pepinillos en vinagre.<\/p>\n<p>Este producto es una fuente asombrosa de minerales, tal es el caso del potasio, el magnesio y el silicio.<\/p>\n<p>Cuando estos minerales ingresan a tu cuerpo, inmediatamente inician su funci\u00f3n de tonificar, mejorar y suavizar el aspecto de tu piel.<\/p>\n<p>El\u00a0\u00edndice gluc\u00e9mico\u00a0de este alimento es altamente bajo, lo que indica que su ingesta no generar\u00e1 picos de glucosa en la sangre que recarguen al p\u00e1ncreas.<\/p>\n<p>Quiz\u00e1 lo m\u00e1s importante radica en la hormona que posee el\u00a0pepinillo\u00a0y que las c\u00e9lulas beta de tu p\u00e1ncreas necesita para extractar la insulina.<\/p>\n<p>El potasio, la fibra y el magnesio que aportan los pepinillos en escabeche a tu dieta, ayudar\u00e1n sobre tu presi\u00f3n arterial, empezar\u00e1n a reducirla. Tambi\u00e9n el potasio, el magnesio y la fibra en una dieta equilibrada, pueden reducir 3 puntos la presi\u00f3n diast\u00f3lica y hasta en 5.5 puntos la sist\u00f3lica.<\/p>\n<h6>Ingredientes y al\u00e9rgenos:<\/h6>\n<p>Se compone de Pepinos, Vinagre, Sal: 4.5% m\u00e1ximo, Pimienta, Ajo, Estrag\u00f3n.<\/p>\n<h6>Condiciones de conservaci\u00f3n:<\/h6>\n<p>Conservar en un lugar fresco, seco y protegido de la luz.<\/p>\n<h6>Informaci\u00f3n adicional:<\/h6>\n<p>Fabricado por: Esalat<\/p>\n","protected":false},"excerpt":{"rendered":"<p>Pepinillos en escabeche (Khiar shoor) 1500g Esalat Informaci\u00f3n del producto: Los pepinillos en escabeche, es una de las hortalizas m\u00e1s sembradas a nivel mundial, ya que, de acuerdo con las estad\u00edsticas actuales, \u00a0posee el cuarto lugar en distribuci\u00f3n y cultivo. Las propiedades nutricionales del pepinillo son numerosas: Prote\u00ednas. L\u00edpidos Minerales (manganeso, hierro, cobre, yodo). Vitaminas [&hellip;]<\/p>\n","protected":false},"featured_media":12100,"template":"","meta":{"_surecart_dashboard_logo_width":"180px","_surecart_dashboard_show_logo":true,"_surecart_dashboard_navigation_orders":true,"_surecart_dashboard_navigation_invoices":true,"_surecart_dashboard_navigation_subscriptions":true,"_surecart_dashboard_navigation_downloads":true,"_surecart_dashboard_navigation_billing":true,"_surecart_dashboard_navigation_account":true,"_uag_custom_page_level_css":"","site-sidebar-layout":"default","site-content-layout":"default","ast-site-content-layout":"default","site-content-style":"default","site-sidebar-style":"default","ast-global-header-display":"","ast-banner-title-visibility":"","ast-main-header-display":"","ast-hfb-above-header-display":"","ast-hfb-below-header-display":"","ast-hfb-mobile-header-display":"","site-post-title":"","ast-breadcrumbs-content":"","ast-featured-img":"","footer-sml-layout":"","theme-transparent-header-meta":"default","adv-header-id-meta":"","stick-header-meta":"","header-above-stick-meta":"","header-main-stick-meta":"","header-below-stick-meta":"","astra-migrate-meta-layouts":"set","ast-page-background-enabled":"default","ast-page-background-meta":{"desktop":{"background-color":"","background-image":"","background-repeat":"repeat","background-position":"center center","background-size":"auto","background-attachment":"scroll","background-type":"","background-media":"","overlay-type":"","overlay-color":"","overlay-opacity":"","overlay-gradient":""},"tablet":{"background-color":"","background-image":"","background-repeat":"repeat","background-position":"center center","background-size":"auto","background-attachment":"scroll","background-type":"","background-media":"","overlay-type":"","overlay-color":"","overlay-opacity":"","overlay-gradient":""},"mobile":{"background-color":"","background-image":"","background-repeat":"repeat","background-position":"center center","background-size":"auto","background-attachment":"scroll","background-type":"","background-media":"","overlay-type":"","overlay-color":"","overlay-opacity":"","overlay-gradient":""}},"ast-content-background-meta":{"desktop":{"background-color":"var(--ast-global-color-5)","background-image":"","background-repeat":"repeat","background-position":"center center","background-size":"auto","background-attachment":"scroll","background-type":"","background-media":"","overlay-type":"","overlay-color":"","overlay-opacity":"","overlay-gradient":""},"tablet":{"background-color":"var(--ast-global-color-5)","background-image":"","background-repeat":"repeat","background-position":"center center","background-size":"auto","background-attachment":"scroll","background-type":"","background-media":"","overlay-type":"","overlay-color":"","overlay-opacity":"","overlay-gradient":""},"mobile":{"background-color":"var(--ast-global-color-5)","background-image":"","background-repeat":"repeat","background-position":"center center","background-size":"auto","background-attachment":"scroll","background-type":"","background-media":"","overlay-type":"","overlay-color":"","overlay-opacity":"","overlay-gradient":""}}},"pwb-brand":[183],"product_cat":[35,1129],"product_tag":[672,694,746,344],"class_list":{"0":"post-16052","1":"product","2":"type-product","3":"status-publish","4":"has-post-thumbnail","6":"pwb-brand-esalat","7":"product_cat-conservas","8":"product_cat-esalat","9":"product_tag-aperitivo","10":"product_tag-escabeche","11":"product_tag-pepinillo","12":"product_tag-344","13":"desktop-align-center","14":"tablet-align-center","15":"mobile-align-center","17":"first","18":"outofstock","19":"sale","20":"taxable","21":"shipping-taxable","22":"purchasable","23":"product-type-simple"},"yoast_head":"<!-- This site is optimized with the Yoast SEO plugin v23.6 - https:\/\/yoast.com\/wordpress\/plugins\/seo\/ -->\n<title>Pepinillos en escabeche (Khiar shoor) 1500g Esalat - Delicias Persas<\/title>\n<meta name=\"robots\" content=\"index, follow, max-snippet:-1, max-image-preview:large, max-video-preview:-1\" \/>\n<link rel=\"canonical\" href=\"https:\/\/deliciaspersas.com\/en\/tienda\/conservas\/pepinillos-en-escabeche-khiar-shoor-1500g-esalat-2\/\" \/>\n<meta property=\"og:locale\" content=\"en_US\" \/>\n<meta property=\"og:type\" content=\"article\" \/>\n<meta property=\"og:title\" content=\"Pepinillos en escabeche (Khiar shoor) 1500g Esalat - Delicias Persas\" \/>\n<meta property=\"og:description\" content=\"Pepinillos en escabeche (Khiar shoor) 1500g Esalat Informaci\u00f3n del producto: Los pepinillos en escabeche, es una de las hortalizas m\u00e1s sembradas a nivel mundial, ya que, de acuerdo con las estad\u00edsticas actuales, \u00a0posee el cuarto lugar en distribuci\u00f3n y cultivo. Las propiedades nutricionales del pepinillo son numerosas: Prote\u00ednas. L\u00edpidos Minerales (manganeso, hierro, cobre, yodo). Vitaminas [&hellip;]\" \/>\n<meta property=\"og:url\" content=\"https:\/\/deliciaspersas.com\/en\/tienda\/conservas\/pepinillos-en-escabeche-khiar-shoor-1500g-esalat-2\/\" \/>\n<meta property=\"og:site_name\" content=\"Delicias Persas\" \/>\n<meta property=\"article:publisher\" content=\"https:\/\/www.facebook.com\/Deliciaspersas\" \/>\n<meta property=\"article:modified_time\" content=\"2025-05-19T07:55:13+00:00\" \/>\n<meta property=\"og:image\" content=\"https:\/\/deliciaspersas.com\/wp-content\/uploads\/khiarshoor-1500-esalat.jpg\" \/>\n\t<meta property=\"og:image:width\" content=\"1200\" \/>\n\t<meta property=\"og:image:height\" content=\"1200\" \/>\n\t<meta property=\"og:image:type\" content=\"image\/jpeg\" \/>\n<meta name=\"twitter:card\" content=\"summary_large_image\" \/>\n<meta name=\"twitter:label1\" content=\"Est. reading time\" \/>\n\t<meta name=\"twitter:data1\" content=\"2 minutes\" \/>\n<script type=\"application\/ld+json\" class=\"yoast-schema-graph\">{\"@context\":\"https:\/\/schema.org\",\"@graph\":[{\"@type\":\"WebPage\",\"@id\":\"https:\/\/deliciaspersas.com\/en\/tienda\/conservas\/pepinillos-en-escabeche-khiar-shoor-1500g-esalat-2\/\",\"url\":\"https:\/\/deliciaspersas.com\/en\/tienda\/conservas\/pepinillos-en-escabeche-khiar-shoor-1500g-esalat-2\/\",\"name\":\"Pepinillos en escabeche (Khiar shoor) 1500g Esalat - Delicias Persas\",\"isPartOf\":{\"@id\":\"https:\/\/deliciaspersas.com\/en\/#website\"},\"primaryImageOfPage\":{\"@id\":\"https:\/\/deliciaspersas.com\/en\/tienda\/conservas\/pepinillos-en-escabeche-khiar-shoor-1500g-esalat-2\/#primaryimage\"},\"image\":{\"@id\":\"https:\/\/deliciaspersas.com\/en\/tienda\/conservas\/pepinillos-en-escabeche-khiar-shoor-1500g-esalat-2\/#primaryimage\"},\"thumbnailUrl\":\"https:\/\/deliciaspersas.com\/wp-content\/uploads\/khiarshoor-1500-esalat.jpg\",\"datePublished\":\"2024-11-26T19:06:54+00:00\",\"dateModified\":\"2025-05-19T07:55:13+00:00\",\"breadcrumb\":{\"@id\":\"https:\/\/deliciaspersas.com\/en\/tienda\/conservas\/pepinillos-en-escabeche-khiar-shoor-1500g-esalat-2\/#breadcrumb\"},\"inLanguage\":\"en-US\",\"potentialAction\":[{\"@type\":\"ReadAction\",\"target\":[\"https:\/\/deliciaspersas.com\/en\/tienda\/conservas\/pepinillos-en-escabeche-khiar-shoor-1500g-esalat-2\/\"]}]},{\"@type\":\"ImageObject\",\"inLanguage\":\"en-US\",\"@id\":\"https:\/\/deliciaspersas.com\/en\/tienda\/conservas\/pepinillos-en-escabeche-khiar-shoor-1500g-esalat-2\/#primaryimage\",\"url\":\"https:\/\/deliciaspersas.com\/wp-content\/uploads\/khiarshoor-1500-esalat.jpg\",\"contentUrl\":\"https:\/\/deliciaspersas.com\/wp-content\/uploads\/khiarshoor-1500-esalat.jpg\",\"width\":1200,\"height\":1200},{\"@type\":\"BreadcrumbList\",\"@id\":\"https:\/\/deliciaspersas.com\/en\/tienda\/conservas\/pepinillos-en-escabeche-khiar-shoor-1500g-esalat-2\/#breadcrumb\",\"itemListElement\":[{\"@type\":\"ListItem\",\"position\":1,\"name\":\"Portada\",\"item\":\"https:\/\/deliciaspersas.com\/en\/\"},{\"@type\":\"ListItem\",\"position\":2,\"name\":\"Tienda\",\"item\":\"https:\/\/deliciaspersas.com\/\"},{\"@type\":\"ListItem\",\"position\":3,\"name\":\"Pepinillos en escabeche (Khiar shoor) 1500g Esalat\"}]},{\"@type\":\"WebSite\",\"@id\":\"https:\/\/deliciaspersas.com\/en\/#website\",\"url\":\"https:\/\/deliciaspersas.com\/en\/\",\"name\":\"Delicias Persas\",\"description\":\"Gastronom&iacute;a persa al alcance de tus manos\",\"publisher\":{\"@id\":\"https:\/\/deliciaspersas.com\/en\/#organization\"},\"potentialAction\":[{\"@type\":\"SearchAction\",\"target\":{\"@type\":\"EntryPoint\",\"urlTemplate\":\"https:\/\/deliciaspersas.com\/en\/?s={search_term_string}\"},\"query-input\":{\"@type\":\"PropertyValueSpecification\",\"valueRequired\":true,\"valueName\":\"search_term_string\"}}],\"inLanguage\":\"en-US\"},{\"@type\":\"Organization\",\"@id\":\"https:\/\/deliciaspersas.com\/en\/#organization\",\"name\":\"Delicias Persas\",\"url\":\"https:\/\/deliciaspersas.com\/en\/\",\"logo\":{\"@type\":\"ImageObject\",\"inLanguage\":\"en-US\",\"@id\":\"https:\/\/deliciaspersas.com\/en\/#\/schema\/logo\/image\/\",\"url\":\"https:\/\/deliciaspersas.com\/wp-content\/uploads\/2020\/07\/logo-2020.png\",\"contentUrl\":\"https:\/\/deliciaspersas.com\/wp-content\/uploads\/2020\/07\/logo-2020.png\",\"width\":520,\"height\":490,\"caption\":\"Delicias Persas\"},\"image\":{\"@id\":\"https:\/\/deliciaspersas.com\/en\/#\/schema\/logo\/image\/\"},\"sameAs\":[\"https:\/\/www.facebook.com\/Deliciaspersas\",\"https:\/\/www.instagram.com\/delicias_persas\/\",\"https:\/\/www.linkedin.com\/delicias-persas\"]}]}<\/script>\n<!-- \/ Yoast SEO plugin. -->","yoast_head_json":{"title":"Pepinillos en escabeche (Khiar shoor) 1500g Esalat - Delicias Persas","robots":{"index":"index","follow":"follow","max-snippet":"max-snippet:-1","max-image-preview":"max-image-preview:large","max-video-preview":"max-video-preview:-1"},"canonical":"https:\/\/deliciaspersas.com\/en\/tienda\/conservas\/pepinillos-en-escabeche-khiar-shoor-1500g-esalat-2\/","og_locale":"en_US","og_type":"article","og_title":"Pepinillos en escabeche (Khiar shoor) 1500g Esalat - Delicias Persas","og_description":"Pepinillos en escabeche (Khiar shoor) 1500g Esalat Informaci\u00f3n del producto: Los pepinillos en escabeche, es una de las hortalizas m\u00e1s sembradas a nivel mundial, ya que, de acuerdo con las estad\u00edsticas actuales, \u00a0posee el cuarto lugar en distribuci\u00f3n y cultivo. Las propiedades nutricionales del pepinillo son numerosas: Prote\u00ednas. L\u00edpidos Minerales (manganeso, hierro, cobre, yodo). Vitaminas [&hellip;]","og_url":"https:\/\/deliciaspersas.com\/en\/tienda\/conservas\/pepinillos-en-escabeche-khiar-shoor-1500g-esalat-2\/","og_site_name":"Delicias Persas","article_publisher":"https:\/\/www.facebook.com\/Deliciaspersas","article_modified_time":"2025-05-19T07:55:13+00:00","og_image":[{"width":1200,"height":1200,"url":"https:\/\/deliciaspersas.com\/wp-content\/uploads\/khiarshoor-1500-esalat.jpg","type":"image\/jpeg"}],"twitter_card":"summary_large_image","twitter_misc":{"Est. reading time":"2 minutes"},"schema":{"@context":"https:\/\/schema.org","@graph":[{"@type":"WebPage","@id":"https:\/\/deliciaspersas.com\/en\/tienda\/conservas\/pepinillos-en-escabeche-khiar-shoor-1500g-esalat-2\/","url":"https:\/\/deliciaspersas.com\/en\/tienda\/conservas\/pepinillos-en-escabeche-khiar-shoor-1500g-esalat-2\/","name":"Pepinillos en escabeche (Khiar shoor) 1500g Esalat - Delicias Persas","isPartOf":{"@id":"https:\/\/deliciaspersas.com\/en\/#website"},"primaryImageOfPage":{"@id":"https:\/\/deliciaspersas.com\/en\/tienda\/conservas\/pepinillos-en-escabeche-khiar-shoor-1500g-esalat-2\/#primaryimage"},"image":{"@id":"https:\/\/deliciaspersas.com\/en\/tienda\/conservas\/pepinillos-en-escabeche-khiar-shoor-1500g-esalat-2\/#primaryimage"},"thumbnailUrl":"https:\/\/deliciaspersas.com\/wp-content\/uploads\/khiarshoor-1500-esalat.jpg","datePublished":"2024-11-26T19:06:54+00:00","dateModified":"2025-05-19T07:55:13+00:00","breadcrumb":{"@id":"https:\/\/deliciaspersas.com\/en\/tienda\/conservas\/pepinillos-en-escabeche-khiar-shoor-1500g-esalat-2\/#breadcrumb"},"inLanguage":"en-US","potentialAction":[{"@type":"ReadAction","target":["https:\/\/deliciaspersas.com\/en\/tienda\/conservas\/pepinillos-en-escabeche-khiar-shoor-1500g-esalat-2\/"]}]},{"@type":"ImageObject","inLanguage":"en-US","@id":"https:\/\/deliciaspersas.com\/en\/tienda\/conservas\/pepinillos-en-escabeche-khiar-shoor-1500g-esalat-2\/#primaryimage","url":"https:\/\/deliciaspersas.com\/wp-content\/uploads\/khiarshoor-1500-esalat.jpg","contentUrl":"https:\/\/deliciaspersas.com\/wp-content\/uploads\/khiarshoor-1500-esalat.jpg","width":1200,"height":1200},{"@type":"BreadcrumbList","@id":"https:\/\/deliciaspersas.com\/en\/tienda\/conservas\/pepinillos-en-escabeche-khiar-shoor-1500g-esalat-2\/#breadcrumb","itemListElement":[{"@type":"ListItem","position":1,"name":"Portada","item":"https:\/\/deliciaspersas.com\/en\/"},{"@type":"ListItem","position":2,"name":"Tienda","item":"https:\/\/deliciaspersas.com\/"},{"@type":"ListItem","position":3,"name":"Pepinillos en escabeche (Khiar shoor) 1500g Esalat"}]},{"@type":"WebSite","@id":"https:\/\/deliciaspersas.com\/en\/#website","url":"https:\/\/deliciaspersas.com\/en\/","name":"Delicias Persas","description":"Gastronom&iacute;a persa al alcance de tus manos","publisher":{"@id":"https:\/\/deliciaspersas.com\/en\/#organization"},"potentialAction":[{"@type":"SearchAction","target":{"@type":"EntryPoint","urlTemplate":"https:\/\/deliciaspersas.com\/en\/?s={search_term_string}"},"query-input":{"@type":"PropertyValueSpecification","valueRequired":true,"valueName":"search_term_string"}}],"inLanguage":"en-US"},{"@type":"Organization","@id":"https:\/\/deliciaspersas.com\/en\/#organization","name":"Delicias Persas","url":"https:\/\/deliciaspersas.com\/en\/","logo":{"@type":"ImageObject","inLanguage":"en-US","@id":"https:\/\/deliciaspersas.com\/en\/#\/schema\/logo\/image\/","url":"https:\/\/deliciaspersas.com\/wp-content\/uploads\/2020\/07\/logo-2020.png","contentUrl":"https:\/\/deliciaspersas.com\/wp-content\/uploads\/2020\/07\/logo-2020.png","width":520,"height":490,"caption":"Delicias Persas"},"image":{"@id":"https:\/\/deliciaspersas.com\/en\/#\/schema\/logo\/image\/"},"sameAs":["https:\/\/www.facebook.com\/Deliciaspersas","https:\/\/www.instagram.com\/delicias_persas\/","https:\/\/www.linkedin.com\/delicias-persas"]}]}},"uagb_featured_image_src":{"full":["https:\/\/deliciaspersas.com\/wp-content\/uploads\/khiarshoor-1500-esalat.jpg",1200,1200,false],"thumbnail":["https:\/\/deliciaspersas.com\/wp-content\/uploads\/khiarshoor-1500-esalat-150x150.jpg",150,150,true],"medium":["https:\/\/deliciaspersas.com\/wp-content\/uploads\/khiarshoor-1500-esalat-300x300.jpg",300,300,true],"medium_large":["https:\/\/deliciaspersas.com\/wp-content\/uploads\/khiarshoor-1500-esalat-768x768.jpg",768,768,true],"large":["https:\/\/deliciaspersas.com\/wp-content\/uploads\/khiarshoor-1500-esalat-1024x1024.jpg",1024,1024,true],"1536x1536":["https:\/\/deliciaspersas.com\/wp-content\/uploads\/khiarshoor-1500-esalat.jpg",1200,1200,false],"2048x2048":["https:\/\/deliciaspersas.com\/wp-content\/uploads\/khiarshoor-1500-esalat.jpg",1200,1200,false],"woocommerce_thumbnail":["https:\/\/deliciaspersas.com\/wp-content\/uploads\/khiarshoor-1500-esalat-300x300.jpg",300,300,true],"woocommerce_single":["https:\/\/deliciaspersas.com\/wp-content\/uploads\/khiarshoor-1500-esalat-600x600.jpg",600,600,true],"woocommerce_gallery_thumbnail":["https:\/\/deliciaspersas.com\/wp-content\/uploads\/khiarshoor-1500-esalat-100x100.jpg",100,100,true]},"uagb_author_info":{"display_name":"admin","author_link":"https:\/\/deliciaspersas.com\/en\/author\/"},"uagb_comment_info":0,"uagb_excerpt":"Pepinillos en escabeche (Khiar shoor) 1500g Esalat Informaci\u00f3n del producto: Los pepinillos en escabeche, es una de las hortalizas m\u00e1s sembradas a nivel mundial, ya que, de acuerdo con las estad\u00edsticas actuales, \u00a0posee el cuarto lugar en distribuci\u00f3n y cultivo. Las propiedades nutricionales del pepinillo son numerosas: Prote\u00ednas. L\u00edpidos Minerales (manganeso, hierro, cobre, yodo). Vitaminas&hellip;","brands":[{"id":183,"name":"Esalat","slug":"esalat"}],"_links":{"self":[{"href":"https:\/\/deliciaspersas.com\/en\/wp-json\/wp\/v2\/product\/16052"}],"collection":[{"href":"https:\/\/deliciaspersas.com\/en\/wp-json\/wp\/v2\/product"}],"about":[{"href":"https:\/\/deliciaspersas.com\/en\/wp-json\/wp\/v2\/types\/product"}],"wp:featuredmedia":[{"embeddable":true,"href":"https:\/\/deliciaspersas.com\/en\/wp-json\/wp\/v2\/media\/12100"}],"wp:attachment":[{"href":"https:\/\/deliciaspersas.com\/en\/wp-json\/wp\/v2\/media?parent=16052"}],"wp:term":[{"taxonomy":"pwb-brand","embeddable":true,"href":"https:\/\/deliciaspersas.com\/en\/wp-json\/wp\/v2\/pwb-brand?post=16052"},{"taxonomy":"product_cat","embeddable":true,"href":"https:\/\/deliciaspersas.com\/en\/wp-json\/wp\/v2\/product_cat?post=16052"},{"taxonomy":"product_tag","embeddable":true,"href":"https:\/\/deliciaspersas.com\/en\/wp-json\/wp\/v2\/product_tag?post=16052"}],"curies":[{"name":"wp","href":"https:\/\/api.w.org\/{rel}","templated":true}]}}