{"id":16060,"date":"2024-11-26T20:11:40","date_gmt":"2024-11-26T19:11:40","guid":{"rendered":"https:\/\/deliciaspersas.com\/?post_type=product&#038;p=16060"},"modified":"2024-12-05T14:29:56","modified_gmt":"2024-12-05T13:29:56","slug":"pack-2-unidades-ajo-en-escabeche-pelado-sir-torshi-680g-esalat","status":"publish","type":"product","link":"https:\/\/deliciaspersas.com\/en\/tienda\/encurtidos\/pack-2-unidades-ajo-en-escabeche-pelado-sir-torshi-680g-esalat\/","title":{"rendered":"Pack 2 unidades Ajo en escabeche pelado- Sir torshi 680g Esalat"},"content":{"rendered":"<h1>Ajo en escabeche pelado Sir 680g Esalat<\/h1>\n<h6>Informaci\u00f3n del producto:<\/h6>\n<p>El ajo pelado es mucho m\u00e1s que un condimento, es un ayuda a prevenir enfermedades cargado de propiedades nutritivas y beneficios para la salud.<\/p>\n<h6>Usos:<\/h6>\n<p>Platos variados, acompa\u00f1ante.<\/p>\n<h6>Beneficios:<\/h6>\n<p class=\"paragraph \" data-gtm-element-container=\"modulo-texto-link\">Es rico en vitamina B, un compuesto esencial que reduce los niveles de homociste\u00edna. Esta sustancia es la responsable de endurecer los vasos sangu\u00edneos y de traernos m\u00faltiples problemas como trombosis o enfermedades de las arterias coronarias.<\/p>\n<p class=\"paragraph \" data-gtm-element-container=\"modulo-texto-link\">Es sobre todo un excelente desintoxicante para nuestro organismo. Nos ayuda a depurar toxinas, a eliminar par\u00e1sitos y a liberar del cuerpo metales pesados como el mercurio o restos de medicamentos que el h\u00edgado no puede procesar. El ajo es rico en vitaminas A, B y C, muy adecuadas para estimular las funciones hep\u00e1ticas. Otra de sus virtudes es la de desinflamar, de ah\u00ed que sea muy saludable consumir un ajo diario en caso de tener el h\u00edgado graso.<\/p>\n<p class=\"paragraph \" data-gtm-element-container=\"modulo-texto-link\">Si cada vez que coga un resfriado acaba con mucha mucos, el ajo le viene muy bien porque descongestiona y es un buen antibi\u00f3tico natural para tratar problemas pulmonares. Si sufre de sinusitis o est\u00e1 pasando una \u00e9poca con mucha tos, puede hacer vahos o prepararse alg\u00fan jarabe a base de ajo.<\/p>\n<p class=\"paragraph \" data-gtm-element-container=\"modulo-texto-link\">El ajo contiene alicina, una sustancia que cuida de nuestro sistema cardiovascular. Tanto es as\u00ed que consumir cada d\u00eda un diente ajo natural puede reducir el colesterol malo en un 9%, as\u00ed lo asegura la Fundaci\u00f3n Espa\u00f1ola del Coraz\u00f3n.<\/p>\n<p class=\"paragraph \" data-gtm-element-container=\"modulo-texto-link\">No se trata de comerse una cabeza de ajos cada d\u00eda. La clave est\u00e1 en el equilibrio. Si nos acostumbramos a tomar el ajo como un medicamento cada ma\u00f1ana, en pocos d\u00edas notaremos sus beneficios. Las digestiones se realizan mucho mejor porque el ajo estimula los \u00e1cidos g\u00e1stricos y los alimentos se digieren y absorben adecuadamente.<\/p>\n<h6>Ingredientes y al\u00e9rgenos:<\/h6>\n<p>Se compone de ajo en escabeche.<\/p>\n<h6>Condiciones de conservaci\u00f3n:<\/h6>\n<p>Conservar en un lugar fresco, seco y protegido de la luz.<\/p>\n<h6>Informaci\u00f3n adicional:<\/h6>\n<p>Fabricado por: Esalat<\/p>\n","protected":false},"excerpt":{"rendered":"<p>Ajo en escabeche pelado Sir 680g Esalat Informaci\u00f3n del producto: El ajo pelado es mucho m\u00e1s que un condimento, es un ayuda a prevenir enfermedades cargado de propiedades nutritivas y beneficios para la salud. Usos: Platos variados, acompa\u00f1ante. Beneficios: Es rico en vitamina B, un compuesto esencial que reduce los niveles de homociste\u00edna. Esta sustancia [&hellip;]<\/p>\n","protected":false},"featured_media":11343,"template":"","meta":{"_surecart_dashboard_logo_width":"180px","_surecart_dashboard_show_logo":true,"_surecart_dashboard_navigation_orders":true,"_surecart_dashboard_navigation_invoices":true,"_surecart_dashboard_navigation_subscriptions":true,"_surecart_dashboard_navigation_downloads":true,"_surecart_dashboard_navigation_billing":true,"_surecart_dashboard_navigation_account":true,"_uag_custom_page_level_css":"","site-sidebar-layout":"default","site-content-layout":"default","ast-site-content-layout":"default","site-content-style":"default","site-sidebar-style":"default","ast-global-header-display":"","ast-banner-title-visibility":"","ast-main-header-display":"","ast-hfb-above-header-display":"","ast-hfb-below-header-display":"","ast-hfb-mobile-header-display":"","site-post-title":"","ast-breadcrumbs-content":"","ast-featured-img":"","footer-sml-layout":"","theme-transparent-header-meta":"default","adv-header-id-meta":"","stick-header-meta":"","header-above-stick-meta":"","header-main-stick-meta":"","header-below-stick-meta":"","astra-migrate-meta-layouts":"set","ast-page-background-enabled":"default","ast-page-background-meta":{"desktop":{"background-color":"","background-image":"","background-repeat":"repeat","background-position":"center center","background-size":"auto","background-attachment":"scroll","background-type":"","background-media":"","overlay-type":"","overlay-color":"","overlay-opacity":"","overlay-gradient":""},"tablet":{"background-color":"","background-image":"","background-repeat":"repeat","background-position":"center center","background-size":"auto","background-attachment":"scroll","background-type":"","background-media":"","overlay-type":"","overlay-color":"","overlay-opacity":"","overlay-gradient":""},"mobile":{"background-color":"","background-image":"","background-repeat":"repeat","background-position":"center center","background-size":"auto","background-attachment":"scroll","background-type":"","background-media":"","overlay-type":"","overlay-color":"","overlay-opacity":"","overlay-gradient":""}},"ast-content-background-meta":{"desktop":{"background-color":"var(--ast-global-color-5)","background-image":"","background-repeat":"repeat","background-position":"center center","background-size":"auto","background-attachment":"scroll","background-type":"","background-media":"","overlay-type":"","overlay-color":"","overlay-opacity":"","overlay-gradient":""},"tablet":{"background-color":"var(--ast-global-color-5)","background-image":"","background-repeat":"repeat","background-position":"center center","background-size":"auto","background-attachment":"scroll","background-type":"","background-media":"","overlay-type":"","overlay-color":"","overlay-opacity":"","overlay-gradient":""},"mobile":{"background-color":"var(--ast-global-color-5)","background-image":"","background-repeat":"repeat","background-position":"center center","background-size":"auto","background-attachment":"scroll","background-type":"","background-media":"","overlay-type":"","overlay-color":"","overlay-opacity":"","overlay-gradient":""}}},"pwb-brand":[183],"product_cat":[38,1129],"product_tag":[592,693,694,338,341,323,279,324,349],"class_list":{"0":"post-16060","1":"product","2":"type-product","3":"status-publish","4":"has-post-thumbnail","6":"pwb-brand-esalat","7":"product_cat-encurtidos","8":"product_cat-esalat","9":"product_tag-ajo","10":"product_tag-ajo-en-escabeche","11":"product_tag-escabeche","12":"product_tag-338","13":"product_tag-341","14":"product_tag-323","15":"product_tag-279","16":"product_tag-324","17":"product_tag-349","18":"desktop-align-center","19":"tablet-align-center","20":"mobile-align-center","22":"first","23":"instock","24":"sale","25":"taxable","26":"shipping-taxable","27":"purchasable","28":"product-type-simple"},"yoast_head":"<!-- This site is optimized with the Yoast SEO plugin v23.6 - https:\/\/yoast.com\/wordpress\/plugins\/seo\/ -->\n<title>Pack 2 unidades Ajo en escabeche pelado- Sir torshi 680g Esalat - Delicias Persas<\/title>\n<meta name=\"description\" content=\"Ajo pelado en escabeche. El ajo es mucho m\u00e1s que un condimento, es un ayuda a prevenir enfermedades cargado de propiedades...\" \/>\n<meta name=\"robots\" content=\"index, follow, max-snippet:-1, max-image-preview:large, max-video-preview:-1\" \/>\n<link rel=\"canonical\" href=\"https:\/\/deliciaspersas.com\/en\/tienda\/encurtidos\/pack-2-unidades-ajo-en-escabeche-pelado-sir-torshi-680g-esalat\/\" \/>\n<meta property=\"og:locale\" content=\"en_US\" \/>\n<meta property=\"og:type\" content=\"article\" \/>\n<meta property=\"og:title\" content=\"Pack 2 unidades Ajo en escabeche pelado- Sir torshi 680g Esalat - Delicias Persas\" \/>\n<meta property=\"og:description\" content=\"Ajo pelado en escabeche. El ajo es mucho m\u00e1s que un condimento, es un ayuda a prevenir enfermedades cargado de propiedades...\" \/>\n<meta property=\"og:url\" content=\"https:\/\/deliciaspersas.com\/en\/tienda\/encurtidos\/pack-2-unidades-ajo-en-escabeche-pelado-sir-torshi-680g-esalat\/\" \/>\n<meta property=\"og:site_name\" content=\"Delicias Persas\" \/>\n<meta property=\"article:publisher\" content=\"https:\/\/www.facebook.com\/Deliciaspersas\" \/>\n<meta property=\"article:modified_time\" content=\"2024-12-05T13:29:56+00:00\" \/>\n<meta property=\"og:image\" content=\"https:\/\/deliciaspersas.com\/wp-content\/uploads\/sir-torshi-morvarid.jpg\" \/>\n\t<meta property=\"og:image:width\" content=\"366\" \/>\n\t<meta property=\"og:image:height\" content=\"366\" \/>\n\t<meta property=\"og:image:type\" content=\"image\/jpeg\" \/>\n<meta name=\"twitter:card\" content=\"summary_large_image\" \/>\n<meta name=\"twitter:label1\" content=\"Est. reading time\" \/>\n\t<meta name=\"twitter:data1\" content=\"2 minutes\" \/>\n<script type=\"application\/ld+json\" class=\"yoast-schema-graph\">{\"@context\":\"https:\/\/schema.org\",\"@graph\":[{\"@type\":\"WebPage\",\"@id\":\"https:\/\/deliciaspersas.com\/en\/tienda\/encurtidos\/pack-2-unidades-ajo-en-escabeche-pelado-sir-torshi-680g-esalat\/\",\"url\":\"https:\/\/deliciaspersas.com\/en\/tienda\/encurtidos\/pack-2-unidades-ajo-en-escabeche-pelado-sir-torshi-680g-esalat\/\",\"name\":\"Pack 2 unidades Ajo en escabeche pelado- Sir torshi 680g Esalat - Delicias Persas\",\"isPartOf\":{\"@id\":\"https:\/\/deliciaspersas.com\/en\/#website\"},\"primaryImageOfPage\":{\"@id\":\"https:\/\/deliciaspersas.com\/en\/tienda\/encurtidos\/pack-2-unidades-ajo-en-escabeche-pelado-sir-torshi-680g-esalat\/#primaryimage\"},\"image\":{\"@id\":\"https:\/\/deliciaspersas.com\/en\/tienda\/encurtidos\/pack-2-unidades-ajo-en-escabeche-pelado-sir-torshi-680g-esalat\/#primaryimage\"},\"thumbnailUrl\":\"https:\/\/deliciaspersas.com\/wp-content\/uploads\/sir-torshi-morvarid.jpg\",\"datePublished\":\"2024-11-26T19:11:40+00:00\",\"dateModified\":\"2024-12-05T13:29:56+00:00\",\"description\":\"Ajo pelado en escabeche. El ajo es mucho m\u00e1s que un condimento, es un ayuda a prevenir enfermedades cargado de propiedades...\",\"breadcrumb\":{\"@id\":\"https:\/\/deliciaspersas.com\/en\/tienda\/encurtidos\/pack-2-unidades-ajo-en-escabeche-pelado-sir-torshi-680g-esalat\/#breadcrumb\"},\"inLanguage\":\"en-US\",\"potentialAction\":[{\"@type\":\"ReadAction\",\"target\":[\"https:\/\/deliciaspersas.com\/en\/tienda\/encurtidos\/pack-2-unidades-ajo-en-escabeche-pelado-sir-torshi-680g-esalat\/\"]}]},{\"@type\":\"ImageObject\",\"inLanguage\":\"en-US\",\"@id\":\"https:\/\/deliciaspersas.com\/en\/tienda\/encurtidos\/pack-2-unidades-ajo-en-escabeche-pelado-sir-torshi-680g-esalat\/#primaryimage\",\"url\":\"https:\/\/deliciaspersas.com\/wp-content\/uploads\/sir-torshi-morvarid.jpg\",\"contentUrl\":\"https:\/\/deliciaspersas.com\/wp-content\/uploads\/sir-torshi-morvarid.jpg\",\"width\":366,\"height\":366},{\"@type\":\"BreadcrumbList\",\"@id\":\"https:\/\/deliciaspersas.com\/en\/tienda\/encurtidos\/pack-2-unidades-ajo-en-escabeche-pelado-sir-torshi-680g-esalat\/#breadcrumb\",\"itemListElement\":[{\"@type\":\"ListItem\",\"position\":1,\"name\":\"Portada\",\"item\":\"https:\/\/deliciaspersas.com\/en\/\"},{\"@type\":\"ListItem\",\"position\":2,\"name\":\"Tienda\",\"item\":\"https:\/\/deliciaspersas.com\/\"},{\"@type\":\"ListItem\",\"position\":3,\"name\":\"Pack 2 unidades Ajo en escabeche pelado- Sir torshi 680g Esalat\"}]},{\"@type\":\"WebSite\",\"@id\":\"https:\/\/deliciaspersas.com\/en\/#website\",\"url\":\"https:\/\/deliciaspersas.com\/en\/\",\"name\":\"Delicias Persas\",\"description\":\"Gastronom&iacute;a persa al alcance de tus manos\",\"publisher\":{\"@id\":\"https:\/\/deliciaspersas.com\/en\/#organization\"},\"potentialAction\":[{\"@type\":\"SearchAction\",\"target\":{\"@type\":\"EntryPoint\",\"urlTemplate\":\"https:\/\/deliciaspersas.com\/en\/?s={search_term_string}\"},\"query-input\":{\"@type\":\"PropertyValueSpecification\",\"valueRequired\":true,\"valueName\":\"search_term_string\"}}],\"inLanguage\":\"en-US\"},{\"@type\":\"Organization\",\"@id\":\"https:\/\/deliciaspersas.com\/en\/#organization\",\"name\":\"Delicias Persas\",\"url\":\"https:\/\/deliciaspersas.com\/en\/\",\"logo\":{\"@type\":\"ImageObject\",\"inLanguage\":\"en-US\",\"@id\":\"https:\/\/deliciaspersas.com\/en\/#\/schema\/logo\/image\/\",\"url\":\"https:\/\/deliciaspersas.com\/wp-content\/uploads\/2020\/07\/logo-2020.png\",\"contentUrl\":\"https:\/\/deliciaspersas.com\/wp-content\/uploads\/2020\/07\/logo-2020.png\",\"width\":520,\"height\":490,\"caption\":\"Delicias Persas\"},\"image\":{\"@id\":\"https:\/\/deliciaspersas.com\/en\/#\/schema\/logo\/image\/\"},\"sameAs\":[\"https:\/\/www.facebook.com\/Deliciaspersas\",\"https:\/\/www.instagram.com\/delicias_persas\/\",\"https:\/\/www.linkedin.com\/delicias-persas\"]}]}<\/script>\n<!-- \/ Yoast SEO plugin. -->","yoast_head_json":{"title":"Pack 2 unidades Ajo en escabeche pelado- Sir torshi 680g Esalat - Delicias Persas","description":"Ajo pelado en escabeche. El ajo es mucho m\u00e1s que un condimento, es un ayuda a prevenir enfermedades cargado de propiedades...","robots":{"index":"index","follow":"follow","max-snippet":"max-snippet:-1","max-image-preview":"max-image-preview:large","max-video-preview":"max-video-preview:-1"},"canonical":"https:\/\/deliciaspersas.com\/en\/tienda\/encurtidos\/pack-2-unidades-ajo-en-escabeche-pelado-sir-torshi-680g-esalat\/","og_locale":"en_US","og_type":"article","og_title":"Pack 2 unidades Ajo en escabeche pelado- Sir torshi 680g Esalat - Delicias Persas","og_description":"Ajo pelado en escabeche. El ajo es mucho m\u00e1s que un condimento, es un ayuda a prevenir enfermedades cargado de propiedades...","og_url":"https:\/\/deliciaspersas.com\/en\/tienda\/encurtidos\/pack-2-unidades-ajo-en-escabeche-pelado-sir-torshi-680g-esalat\/","og_site_name":"Delicias Persas","article_publisher":"https:\/\/www.facebook.com\/Deliciaspersas","article_modified_time":"2024-12-05T13:29:56+00:00","og_image":[{"width":366,"height":366,"url":"https:\/\/deliciaspersas.com\/wp-content\/uploads\/sir-torshi-morvarid.jpg","type":"image\/jpeg"}],"twitter_card":"summary_large_image","twitter_misc":{"Est. reading time":"2 minutes"},"schema":{"@context":"https:\/\/schema.org","@graph":[{"@type":"WebPage","@id":"https:\/\/deliciaspersas.com\/en\/tienda\/encurtidos\/pack-2-unidades-ajo-en-escabeche-pelado-sir-torshi-680g-esalat\/","url":"https:\/\/deliciaspersas.com\/en\/tienda\/encurtidos\/pack-2-unidades-ajo-en-escabeche-pelado-sir-torshi-680g-esalat\/","name":"Pack 2 unidades Ajo en escabeche pelado- Sir torshi 680g Esalat - Delicias Persas","isPartOf":{"@id":"https:\/\/deliciaspersas.com\/en\/#website"},"primaryImageOfPage":{"@id":"https:\/\/deliciaspersas.com\/en\/tienda\/encurtidos\/pack-2-unidades-ajo-en-escabeche-pelado-sir-torshi-680g-esalat\/#primaryimage"},"image":{"@id":"https:\/\/deliciaspersas.com\/en\/tienda\/encurtidos\/pack-2-unidades-ajo-en-escabeche-pelado-sir-torshi-680g-esalat\/#primaryimage"},"thumbnailUrl":"https:\/\/deliciaspersas.com\/wp-content\/uploads\/sir-torshi-morvarid.jpg","datePublished":"2024-11-26T19:11:40+00:00","dateModified":"2024-12-05T13:29:56+00:00","description":"Ajo pelado en escabeche. El ajo es mucho m\u00e1s que un condimento, es un ayuda a prevenir enfermedades cargado de propiedades...","breadcrumb":{"@id":"https:\/\/deliciaspersas.com\/en\/tienda\/encurtidos\/pack-2-unidades-ajo-en-escabeche-pelado-sir-torshi-680g-esalat\/#breadcrumb"},"inLanguage":"en-US","potentialAction":[{"@type":"ReadAction","target":["https:\/\/deliciaspersas.com\/en\/tienda\/encurtidos\/pack-2-unidades-ajo-en-escabeche-pelado-sir-torshi-680g-esalat\/"]}]},{"@type":"ImageObject","inLanguage":"en-US","@id":"https:\/\/deliciaspersas.com\/en\/tienda\/encurtidos\/pack-2-unidades-ajo-en-escabeche-pelado-sir-torshi-680g-esalat\/#primaryimage","url":"https:\/\/deliciaspersas.com\/wp-content\/uploads\/sir-torshi-morvarid.jpg","contentUrl":"https:\/\/deliciaspersas.com\/wp-content\/uploads\/sir-torshi-morvarid.jpg","width":366,"height":366},{"@type":"BreadcrumbList","@id":"https:\/\/deliciaspersas.com\/en\/tienda\/encurtidos\/pack-2-unidades-ajo-en-escabeche-pelado-sir-torshi-680g-esalat\/#breadcrumb","itemListElement":[{"@type":"ListItem","position":1,"name":"Portada","item":"https:\/\/deliciaspersas.com\/en\/"},{"@type":"ListItem","position":2,"name":"Tienda","item":"https:\/\/deliciaspersas.com\/"},{"@type":"ListItem","position":3,"name":"Pack 2 unidades Ajo en escabeche pelado- Sir torshi 680g Esalat"}]},{"@type":"WebSite","@id":"https:\/\/deliciaspersas.com\/en\/#website","url":"https:\/\/deliciaspersas.com\/en\/","name":"Delicias Persas","description":"Gastronom&iacute;a persa al alcance de tus manos","publisher":{"@id":"https:\/\/deliciaspersas.com\/en\/#organization"},"potentialAction":[{"@type":"SearchAction","target":{"@type":"EntryPoint","urlTemplate":"https:\/\/deliciaspersas.com\/en\/?s={search_term_string}"},"query-input":{"@type":"PropertyValueSpecification","valueRequired":true,"valueName":"search_term_string"}}],"inLanguage":"en-US"},{"@type":"Organization","@id":"https:\/\/deliciaspersas.com\/en\/#organization","name":"Delicias Persas","url":"https:\/\/deliciaspersas.com\/en\/","logo":{"@type":"ImageObject","inLanguage":"en-US","@id":"https:\/\/deliciaspersas.com\/en\/#\/schema\/logo\/image\/","url":"https:\/\/deliciaspersas.com\/wp-content\/uploads\/2020\/07\/logo-2020.png","contentUrl":"https:\/\/deliciaspersas.com\/wp-content\/uploads\/2020\/07\/logo-2020.png","width":520,"height":490,"caption":"Delicias Persas"},"image":{"@id":"https:\/\/deliciaspersas.com\/en\/#\/schema\/logo\/image\/"},"sameAs":["https:\/\/www.facebook.com\/Deliciaspersas","https:\/\/www.instagram.com\/delicias_persas\/","https:\/\/www.linkedin.com\/delicias-persas"]}]}},"uagb_featured_image_src":{"full":["https:\/\/deliciaspersas.com\/wp-content\/uploads\/sir-torshi-morvarid.jpg",366,366,false],"thumbnail":["https:\/\/deliciaspersas.com\/wp-content\/uploads\/sir-torshi-morvarid-150x150.jpg",150,150,true],"medium":["https:\/\/deliciaspersas.com\/wp-content\/uploads\/sir-torshi-morvarid-300x300.jpg",300,300,true],"medium_large":["https:\/\/deliciaspersas.com\/wp-content\/uploads\/sir-torshi-morvarid.jpg",366,366,false],"large":["https:\/\/deliciaspersas.com\/wp-content\/uploads\/sir-torshi-morvarid.jpg",366,366,false],"1536x1536":["https:\/\/deliciaspersas.com\/wp-content\/uploads\/sir-torshi-morvarid.jpg",366,366,false],"2048x2048":["https:\/\/deliciaspersas.com\/wp-content\/uploads\/sir-torshi-morvarid.jpg",366,366,false],"woocommerce_thumbnail":["https:\/\/deliciaspersas.com\/wp-content\/uploads\/sir-torshi-morvarid-300x300.jpg",300,300,true],"woocommerce_single":["https:\/\/deliciaspersas.com\/wp-content\/uploads\/sir-torshi-morvarid.jpg",366,366,false],"woocommerce_gallery_thumbnail":["https:\/\/deliciaspersas.com\/wp-content\/uploads\/sir-torshi-morvarid-100x100.jpg",100,100,true]},"uagb_author_info":{"display_name":"admin","author_link":"https:\/\/deliciaspersas.com\/en\/author\/"},"uagb_comment_info":0,"uagb_excerpt":"Ajo en escabeche pelado Sir 680g Esalat Informaci\u00f3n del producto: El ajo pelado es mucho m\u00e1s que un condimento, es un ayuda a prevenir enfermedades cargado de propiedades nutritivas y beneficios para la salud. Usos: Platos variados, acompa\u00f1ante. Beneficios: Es rico en vitamina B, un compuesto esencial que reduce los niveles de homociste\u00edna. Esta sustancia&hellip;","brands":[{"id":183,"name":"Esalat","slug":"esalat"}],"_links":{"self":[{"href":"https:\/\/deliciaspersas.com\/en\/wp-json\/wp\/v2\/product\/16060"}],"collection":[{"href":"https:\/\/deliciaspersas.com\/en\/wp-json\/wp\/v2\/product"}],"about":[{"href":"https:\/\/deliciaspersas.com\/en\/wp-json\/wp\/v2\/types\/product"}],"wp:featuredmedia":[{"embeddable":true,"href":"https:\/\/deliciaspersas.com\/en\/wp-json\/wp\/v2\/media\/11343"}],"wp:attachment":[{"href":"https:\/\/deliciaspersas.com\/en\/wp-json\/wp\/v2\/media?parent=16060"}],"wp:term":[{"taxonomy":"pwb-brand","embeddable":true,"href":"https:\/\/deliciaspersas.com\/en\/wp-json\/wp\/v2\/pwb-brand?post=16060"},{"taxonomy":"product_cat","embeddable":true,"href":"https:\/\/deliciaspersas.com\/en\/wp-json\/wp\/v2\/product_cat?post=16060"},{"taxonomy":"product_tag","embeddable":true,"href":"https:\/\/deliciaspersas.com\/en\/wp-json\/wp\/v2\/product_tag?post=16060"}],"curies":[{"name":"wp","href":"https:\/\/api.w.org\/{rel}","templated":true}]}}