{"id":16408,"date":"2024-12-28T18:22:14","date_gmt":"2024-12-28T17:22:14","guid":{"rendered":"https:\/\/deliciaspersas.com\/?post_type=product&#038;p=16408"},"modified":"2024-12-28T18:34:57","modified_gmt":"2024-12-28T17:34:57","slug":"hierba-seca-de-sopa-sabzi-ash-100g-sarashpaz","status":"publish","type":"product","link":"https:\/\/deliciaspersas.com\/en\/tienda\/hierbas\/hierba-seca-de-sopa-sabzi-ash-100g-sarashpaz\/","title":{"rendered":"Hierba Seca de Sopa (Sabzi Ash) 100g &#8211; Sarashpaz"},"content":{"rendered":"<h1>Hierba Seca de Sopa (Sabzi Ash) 100g &#8211; Sarashpaz<\/h1>\n<h6>Informaci\u00f3n del producto:<\/h6>\n<p>El Ash es una sopa t\u00edpica persa, y uno de los ingredientes que necesita son estas hierbas.<\/p>\n<h6>Usos:<\/h6>\n<p>Estas hierbas, se emplean para completar el delicioso plato Ash. En adici\u00f3n a estas, se a\u00f1aden diferentes tipos de granos, frijoles, vegetales \/ hierbas (perejil, espinacas, eneldo, cebolla tierna, puerro, cilantro \/ cilantro, menta seca), frutas (granada, ciruelas pasas, albaricoques), nueces (pistachos, nueces), cebollas, carne, yogurt, ajo, fideos, especias (sal, pimienta, c\u00farcuma, azafr\u00e1n).<\/p>\n<h6>Beneficios:<\/h6>\n<p>Unos de las verduras de sabzi ash es Eneldo. Esta verdura facilita la digesti\u00f3n.<\/p>\n<p>El\u00a0eneldo\u00a0es bueno para combatir flatulencias (es carminativo), antiespasm\u00f3dico, y antidisp\u00e9ptico, en resumen, vuelve las digestiones livianas y evita molestias estomacales.<\/p>\n<p>Tambi\u00e9n refuerza el sistema inmunol\u00f3gico y alivia los dolores menstruales.<\/p>\n<p>Eneldo tambi\u00e9n calma las hemorroides.<\/p>\n<p>Otra verdura constituyente de sabzi ash es prejil; esta planta, tambi\u00e9n como eneldo, ayuda en la digesti\u00f3n. El perejil se utiliza como remedio para las digestiones lentas.<\/p>\n<p>Es antiinflamatorio y es rico en minerales y en potasio. Prejil es un gran antioxidante y alivia las picaduras.<\/p>\n<p>As\u00ed mismo protege los huesos.<\/p>\n<p>En sabzi ash, adem\u00e1s de muchas otras verduras, podemos encontrar espinacas.<\/p>\n<p>Este ingrediente es rica en fibra, vitamina A, B1, B2, C, K, calcio, f\u00f3sforo, hierro, \u00e1cido f\u00f3lico, magnesio, zinc y betacarotenos, estos \u00faltimos poseen potente actividad antioxidante.<\/p>\n<p>Las espinacas son sin duda un s\u00faper alimento<span lang=\"es-ES\">\u00a0cargado con toneladas de nutrientes dentro de un producto de alimentaci\u00f3n de bajas calor\u00edas.\u00a0<\/span><span lang=\"es-ES\">Ese verde intenso tan caracter\u00edstico es importante para la piel y el cabello y proporciona prote\u00ednas, hierro, vitaminas y minerales.<\/span><\/p>\n<p>La fibra de la espinaca impide la absorci\u00f3n del colesterol y los \u00e1cidos biliares, mientras que sus antioxidantes reducen la oxidaci\u00f3n del colesterol LDL y previenen la aterosclerosis.<\/p>\n<div class=\"step\">\n<div class=\"paragraph\">\n<p><span style=\"font-size: 1.1em; font-weight: bold;\">Ingredientes y al\u00e9rgenos:<\/span><\/p>\n<\/div>\n<\/div>\n<p>Hierbas de Ash.<\/p>\n<p>&nbsp;<\/p>\n","protected":false},"excerpt":{"rendered":"<p>Hierba Seca de Sopa (Sabzi Ash) 100g &#8211; Sarashpaz Informaci\u00f3n del producto: El Ash es una sopa t\u00edpica persa, y uno de los ingredientes que necesita son estas hierbas. Usos: Estas hierbas, se emplean para completar el delicioso plato Ash. En adici\u00f3n a estas, se a\u00f1aden diferentes tipos de granos, frijoles, vegetales \/ hierbas (perejil, [&hellip;]<\/p>\n","protected":false},"featured_media":16409,"template":"","meta":{"_surecart_dashboard_logo_width":"180px","_surecart_dashboard_show_logo":true,"_surecart_dashboard_navigation_orders":true,"_surecart_dashboard_navigation_invoices":true,"_surecart_dashboard_navigation_subscriptions":true,"_surecart_dashboard_navigation_downloads":true,"_surecart_dashboard_navigation_billing":true,"_surecart_dashboard_navigation_account":true,"_uag_custom_page_level_css":"","site-sidebar-layout":"default","site-content-layout":"default","ast-site-content-layout":"default","site-content-style":"default","site-sidebar-style":"default","ast-global-header-display":"","ast-banner-title-visibility":"","ast-main-header-display":"","ast-hfb-above-header-display":"","ast-hfb-below-header-display":"","ast-hfb-mobile-header-display":"","site-post-title":"","ast-breadcrumbs-content":"","ast-featured-img":"","footer-sml-layout":"","theme-transparent-header-meta":"default","adv-header-id-meta":"","stick-header-meta":"","header-above-stick-meta":"","header-main-stick-meta":"","header-below-stick-meta":"","astra-migrate-meta-layouts":"set","ast-page-background-enabled":"default","ast-page-background-meta":{"desktop":{"background-color":"","background-image":"","background-repeat":"repeat","background-position":"center center","background-size":"auto","background-attachment":"scroll","background-type":"","background-media":"","overlay-type":"","overlay-color":"","overlay-opacity":"","overlay-gradient":""},"tablet":{"background-color":"","background-image":"","background-repeat":"repeat","background-position":"center center","background-size":"auto","background-attachment":"scroll","background-type":"","background-media":"","overlay-type":"","overlay-color":"","overlay-opacity":"","overlay-gradient":""},"mobile":{"background-color":"","background-image":"","background-repeat":"repeat","background-position":"center center","background-size":"auto","background-attachment":"scroll","background-type":"","background-media":"","overlay-type":"","overlay-color":"","overlay-opacity":"","overlay-gradient":""}},"ast-content-background-meta":{"desktop":{"background-color":"var(--ast-global-color-5)","background-image":"","background-repeat":"repeat","background-position":"center center","background-size":"auto","background-attachment":"scroll","background-type":"","background-media":"","overlay-type":"","overlay-color":"","overlay-opacity":"","overlay-gradient":""},"tablet":{"background-color":"var(--ast-global-color-5)","background-image":"","background-repeat":"repeat","background-position":"center center","background-size":"auto","background-attachment":"scroll","background-type":"","background-media":"","overlay-type":"","overlay-color":"","overlay-opacity":"","overlay-gradient":""},"mobile":{"background-color":"var(--ast-global-color-5)","background-image":"","background-repeat":"repeat","background-position":"center center","background-size":"auto","background-attachment":"scroll","background-type":"","background-media":"","overlay-type":"","overlay-color":"","overlay-opacity":"","overlay-gradient":""}}},"pwb-brand":[199],"product_cat":[41],"product_tag":[1148,832,1154,467,1153],"class_list":{"0":"post-16408","1":"product","2":"type-product","3":"status-publish","4":"has-post-thumbnail","6":"pwb-brand-sarashpaz","7":"product_cat-hierbas","8":"product_tag-hierbas-secas","9":"product_tag-menta","10":"product_tag-menta-seca","11":"product_tag-467","12":"product_tag-1153","13":"desktop-align-center","14":"tablet-align-center","15":"mobile-align-center","17":"first","18":"instock","19":"taxable","20":"shipping-taxable","21":"purchasable","22":"product-type-simple"},"yoast_head":"<!-- This site is optimized with the Yoast SEO plugin v23.6 - https:\/\/yoast.com\/wordpress\/plugins\/seo\/ -->\n<title>Hierba Seca de Sopa (Sabzi Ash) 100g - Sarashpaz - Delicias Persas<\/title>\n<meta name=\"robots\" content=\"index, follow, max-snippet:-1, max-image-preview:large, max-video-preview:-1\" \/>\n<link rel=\"canonical\" href=\"https:\/\/deliciaspersas.com\/en\/tienda\/hierbas\/hierba-seca-de-sopa-sabzi-ash-100g-sarashpaz\/\" \/>\n<meta property=\"og:locale\" content=\"en_US\" \/>\n<meta property=\"og:type\" content=\"article\" \/>\n<meta property=\"og:title\" content=\"Hierba Seca de Sopa (Sabzi Ash) 100g - Sarashpaz - Delicias Persas\" \/>\n<meta property=\"og:description\" content=\"Hierba Seca de Sopa (Sabzi Ash) 100g &#8211; Sarashpaz Informaci\u00f3n del producto: El Ash es una sopa t\u00edpica persa, y uno de los ingredientes que necesita son estas hierbas. Usos: Estas hierbas, se emplean para completar el delicioso plato Ash. En adici\u00f3n a estas, se a\u00f1aden diferentes tipos de granos, frijoles, vegetales \/ hierbas (perejil, [&hellip;]\" \/>\n<meta property=\"og:url\" content=\"https:\/\/deliciaspersas.com\/en\/tienda\/hierbas\/hierba-seca-de-sopa-sabzi-ash-100g-sarashpaz\/\" \/>\n<meta property=\"og:site_name\" content=\"Delicias Persas\" \/>\n<meta property=\"article:publisher\" content=\"https:\/\/www.facebook.com\/Deliciaspersas\" \/>\n<meta property=\"article:modified_time\" content=\"2024-12-28T17:34:57+00:00\" \/>\n<meta property=\"og:image\" content=\"https:\/\/deliciaspersas.com\/wp-content\/uploads\/Sabzi-Ash-Dayan-scaled.jpeg\" \/>\n\t<meta property=\"og:image:width\" content=\"1920\" \/>\n\t<meta property=\"og:image:height\" content=\"2560\" \/>\n\t<meta property=\"og:image:type\" content=\"image\/jpeg\" \/>\n<meta name=\"twitter:card\" content=\"summary_large_image\" \/>\n<meta name=\"twitter:label1\" content=\"Est. reading time\" \/>\n\t<meta name=\"twitter:data1\" content=\"2 minutes\" \/>\n<script type=\"application\/ld+json\" class=\"yoast-schema-graph\">{\"@context\":\"https:\/\/schema.org\",\"@graph\":[{\"@type\":\"WebPage\",\"@id\":\"https:\/\/deliciaspersas.com\/en\/tienda\/hierbas\/hierba-seca-de-sopa-sabzi-ash-100g-sarashpaz\/\",\"url\":\"https:\/\/deliciaspersas.com\/en\/tienda\/hierbas\/hierba-seca-de-sopa-sabzi-ash-100g-sarashpaz\/\",\"name\":\"Hierba Seca de Sopa (Sabzi Ash) 100g - Sarashpaz - Delicias Persas\",\"isPartOf\":{\"@id\":\"https:\/\/deliciaspersas.com\/en\/#website\"},\"primaryImageOfPage\":{\"@id\":\"https:\/\/deliciaspersas.com\/en\/tienda\/hierbas\/hierba-seca-de-sopa-sabzi-ash-100g-sarashpaz\/#primaryimage\"},\"image\":{\"@id\":\"https:\/\/deliciaspersas.com\/en\/tienda\/hierbas\/hierba-seca-de-sopa-sabzi-ash-100g-sarashpaz\/#primaryimage\"},\"thumbnailUrl\":\"https:\/\/deliciaspersas.com\/wp-content\/uploads\/Sabzi-Ash-Dayan-scaled.jpeg\",\"datePublished\":\"2024-12-28T17:22:14+00:00\",\"dateModified\":\"2024-12-28T17:34:57+00:00\",\"breadcrumb\":{\"@id\":\"https:\/\/deliciaspersas.com\/en\/tienda\/hierbas\/hierba-seca-de-sopa-sabzi-ash-100g-sarashpaz\/#breadcrumb\"},\"inLanguage\":\"en-US\",\"potentialAction\":[{\"@type\":\"ReadAction\",\"target\":[\"https:\/\/deliciaspersas.com\/en\/tienda\/hierbas\/hierba-seca-de-sopa-sabzi-ash-100g-sarashpaz\/\"]}]},{\"@type\":\"ImageObject\",\"inLanguage\":\"en-US\",\"@id\":\"https:\/\/deliciaspersas.com\/en\/tienda\/hierbas\/hierba-seca-de-sopa-sabzi-ash-100g-sarashpaz\/#primaryimage\",\"url\":\"https:\/\/deliciaspersas.com\/wp-content\/uploads\/Sabzi-Ash-Dayan-scaled.jpeg\",\"contentUrl\":\"https:\/\/deliciaspersas.com\/wp-content\/uploads\/Sabzi-Ash-Dayan-scaled.jpeg\",\"width\":1920,\"height\":2560},{\"@type\":\"BreadcrumbList\",\"@id\":\"https:\/\/deliciaspersas.com\/en\/tienda\/hierbas\/hierba-seca-de-sopa-sabzi-ash-100g-sarashpaz\/#breadcrumb\",\"itemListElement\":[{\"@type\":\"ListItem\",\"position\":1,\"name\":\"Portada\",\"item\":\"https:\/\/deliciaspersas.com\/en\/\"},{\"@type\":\"ListItem\",\"position\":2,\"name\":\"Tienda\",\"item\":\"https:\/\/deliciaspersas.com\/\"},{\"@type\":\"ListItem\",\"position\":3,\"name\":\"Hierba Seca de Sopa (Sabzi Ash) 100g &#8211; Sarashpaz\"}]},{\"@type\":\"WebSite\",\"@id\":\"https:\/\/deliciaspersas.com\/en\/#website\",\"url\":\"https:\/\/deliciaspersas.com\/en\/\",\"name\":\"Delicias Persas\",\"description\":\"Gastronom&iacute;a persa al alcance de tus manos\",\"publisher\":{\"@id\":\"https:\/\/deliciaspersas.com\/en\/#organization\"},\"potentialAction\":[{\"@type\":\"SearchAction\",\"target\":{\"@type\":\"EntryPoint\",\"urlTemplate\":\"https:\/\/deliciaspersas.com\/en\/?s={search_term_string}\"},\"query-input\":{\"@type\":\"PropertyValueSpecification\",\"valueRequired\":true,\"valueName\":\"search_term_string\"}}],\"inLanguage\":\"en-US\"},{\"@type\":\"Organization\",\"@id\":\"https:\/\/deliciaspersas.com\/en\/#organization\",\"name\":\"Delicias Persas\",\"url\":\"https:\/\/deliciaspersas.com\/en\/\",\"logo\":{\"@type\":\"ImageObject\",\"inLanguage\":\"en-US\",\"@id\":\"https:\/\/deliciaspersas.com\/en\/#\/schema\/logo\/image\/\",\"url\":\"https:\/\/deliciaspersas.com\/wp-content\/uploads\/2020\/07\/logo-2020.png\",\"contentUrl\":\"https:\/\/deliciaspersas.com\/wp-content\/uploads\/2020\/07\/logo-2020.png\",\"width\":520,\"height\":490,\"caption\":\"Delicias Persas\"},\"image\":{\"@id\":\"https:\/\/deliciaspersas.com\/en\/#\/schema\/logo\/image\/\"},\"sameAs\":[\"https:\/\/www.facebook.com\/Deliciaspersas\",\"https:\/\/www.instagram.com\/delicias_persas\/\",\"https:\/\/www.linkedin.com\/delicias-persas\"]}]}<\/script>\n<!-- \/ Yoast SEO plugin. -->","yoast_head_json":{"title":"Hierba Seca de Sopa (Sabzi Ash) 100g - Sarashpaz - Delicias Persas","robots":{"index":"index","follow":"follow","max-snippet":"max-snippet:-1","max-image-preview":"max-image-preview:large","max-video-preview":"max-video-preview:-1"},"canonical":"https:\/\/deliciaspersas.com\/en\/tienda\/hierbas\/hierba-seca-de-sopa-sabzi-ash-100g-sarashpaz\/","og_locale":"en_US","og_type":"article","og_title":"Hierba Seca de Sopa (Sabzi Ash) 100g - Sarashpaz - Delicias Persas","og_description":"Hierba Seca de Sopa (Sabzi Ash) 100g &#8211; Sarashpaz Informaci\u00f3n del producto: El Ash es una sopa t\u00edpica persa, y uno de los ingredientes que necesita son estas hierbas. Usos: Estas hierbas, se emplean para completar el delicioso plato Ash. En adici\u00f3n a estas, se a\u00f1aden diferentes tipos de granos, frijoles, vegetales \/ hierbas (perejil, [&hellip;]","og_url":"https:\/\/deliciaspersas.com\/en\/tienda\/hierbas\/hierba-seca-de-sopa-sabzi-ash-100g-sarashpaz\/","og_site_name":"Delicias Persas","article_publisher":"https:\/\/www.facebook.com\/Deliciaspersas","article_modified_time":"2024-12-28T17:34:57+00:00","og_image":[{"width":1920,"height":2560,"url":"https:\/\/deliciaspersas.com\/wp-content\/uploads\/Sabzi-Ash-Dayan-scaled.jpeg","type":"image\/jpeg"}],"twitter_card":"summary_large_image","twitter_misc":{"Est. reading time":"2 minutes"},"schema":{"@context":"https:\/\/schema.org","@graph":[{"@type":"WebPage","@id":"https:\/\/deliciaspersas.com\/en\/tienda\/hierbas\/hierba-seca-de-sopa-sabzi-ash-100g-sarashpaz\/","url":"https:\/\/deliciaspersas.com\/en\/tienda\/hierbas\/hierba-seca-de-sopa-sabzi-ash-100g-sarashpaz\/","name":"Hierba Seca de Sopa (Sabzi Ash) 100g - Sarashpaz - Delicias Persas","isPartOf":{"@id":"https:\/\/deliciaspersas.com\/en\/#website"},"primaryImageOfPage":{"@id":"https:\/\/deliciaspersas.com\/en\/tienda\/hierbas\/hierba-seca-de-sopa-sabzi-ash-100g-sarashpaz\/#primaryimage"},"image":{"@id":"https:\/\/deliciaspersas.com\/en\/tienda\/hierbas\/hierba-seca-de-sopa-sabzi-ash-100g-sarashpaz\/#primaryimage"},"thumbnailUrl":"https:\/\/deliciaspersas.com\/wp-content\/uploads\/Sabzi-Ash-Dayan-scaled.jpeg","datePublished":"2024-12-28T17:22:14+00:00","dateModified":"2024-12-28T17:34:57+00:00","breadcrumb":{"@id":"https:\/\/deliciaspersas.com\/en\/tienda\/hierbas\/hierba-seca-de-sopa-sabzi-ash-100g-sarashpaz\/#breadcrumb"},"inLanguage":"en-US","potentialAction":[{"@type":"ReadAction","target":["https:\/\/deliciaspersas.com\/en\/tienda\/hierbas\/hierba-seca-de-sopa-sabzi-ash-100g-sarashpaz\/"]}]},{"@type":"ImageObject","inLanguage":"en-US","@id":"https:\/\/deliciaspersas.com\/en\/tienda\/hierbas\/hierba-seca-de-sopa-sabzi-ash-100g-sarashpaz\/#primaryimage","url":"https:\/\/deliciaspersas.com\/wp-content\/uploads\/Sabzi-Ash-Dayan-scaled.jpeg","contentUrl":"https:\/\/deliciaspersas.com\/wp-content\/uploads\/Sabzi-Ash-Dayan-scaled.jpeg","width":1920,"height":2560},{"@type":"BreadcrumbList","@id":"https:\/\/deliciaspersas.com\/en\/tienda\/hierbas\/hierba-seca-de-sopa-sabzi-ash-100g-sarashpaz\/#breadcrumb","itemListElement":[{"@type":"ListItem","position":1,"name":"Portada","item":"https:\/\/deliciaspersas.com\/en\/"},{"@type":"ListItem","position":2,"name":"Tienda","item":"https:\/\/deliciaspersas.com\/"},{"@type":"ListItem","position":3,"name":"Hierba Seca de Sopa (Sabzi Ash) 100g &#8211; Sarashpaz"}]},{"@type":"WebSite","@id":"https:\/\/deliciaspersas.com\/en\/#website","url":"https:\/\/deliciaspersas.com\/en\/","name":"Delicias Persas","description":"Gastronom&iacute;a persa al alcance de tus manos","publisher":{"@id":"https:\/\/deliciaspersas.com\/en\/#organization"},"potentialAction":[{"@type":"SearchAction","target":{"@type":"EntryPoint","urlTemplate":"https:\/\/deliciaspersas.com\/en\/?s={search_term_string}"},"query-input":{"@type":"PropertyValueSpecification","valueRequired":true,"valueName":"search_term_string"}}],"inLanguage":"en-US"},{"@type":"Organization","@id":"https:\/\/deliciaspersas.com\/en\/#organization","name":"Delicias Persas","url":"https:\/\/deliciaspersas.com\/en\/","logo":{"@type":"ImageObject","inLanguage":"en-US","@id":"https:\/\/deliciaspersas.com\/en\/#\/schema\/logo\/image\/","url":"https:\/\/deliciaspersas.com\/wp-content\/uploads\/2020\/07\/logo-2020.png","contentUrl":"https:\/\/deliciaspersas.com\/wp-content\/uploads\/2020\/07\/logo-2020.png","width":520,"height":490,"caption":"Delicias Persas"},"image":{"@id":"https:\/\/deliciaspersas.com\/en\/#\/schema\/logo\/image\/"},"sameAs":["https:\/\/www.facebook.com\/Deliciaspersas","https:\/\/www.instagram.com\/delicias_persas\/","https:\/\/www.linkedin.com\/delicias-persas"]}]}},"uagb_featured_image_src":{"full":["https:\/\/deliciaspersas.com\/wp-content\/uploads\/Sabzi-Ash-Dayan-scaled.jpeg",1920,2560,false],"thumbnail":["https:\/\/deliciaspersas.com\/wp-content\/uploads\/Sabzi-Ash-Dayan-150x150.jpeg",150,150,true],"medium":["https:\/\/deliciaspersas.com\/wp-content\/uploads\/Sabzi-Ash-Dayan-225x300.jpeg",225,300,true],"medium_large":["https:\/\/deliciaspersas.com\/wp-content\/uploads\/Sabzi-Ash-Dayan-768x1024.jpeg",768,1024,true],"large":["https:\/\/deliciaspersas.com\/wp-content\/uploads\/Sabzi-Ash-Dayan-768x1024.jpeg",768,1024,true],"1536x1536":["https:\/\/deliciaspersas.com\/wp-content\/uploads\/Sabzi-Ash-Dayan-1152x1536.jpeg",1152,1536,true],"2048x2048":["https:\/\/deliciaspersas.com\/wp-content\/uploads\/Sabzi-Ash-Dayan-1536x2048.jpeg",1536,2048,true],"woocommerce_thumbnail":["https:\/\/deliciaspersas.com\/wp-content\/uploads\/Sabzi-Ash-Dayan-300x300.jpeg",300,300,true],"woocommerce_single":["https:\/\/deliciaspersas.com\/wp-content\/uploads\/Sabzi-Ash-Dayan-600x800.jpeg",600,800,true],"woocommerce_gallery_thumbnail":["https:\/\/deliciaspersas.com\/wp-content\/uploads\/Sabzi-Ash-Dayan-100x100.jpeg",100,100,true]},"uagb_author_info":{"display_name":"admin","author_link":"https:\/\/deliciaspersas.com\/en\/author\/"},"uagb_comment_info":0,"uagb_excerpt":"Hierba Seca de Sopa (Sabzi Ash) 100g &#8211; Sarashpaz Informaci\u00f3n del producto: El Ash es una sopa t\u00edpica persa, y uno de los ingredientes que necesita son estas hierbas. Usos: Estas hierbas, se emplean para completar el delicioso plato Ash. En adici\u00f3n a estas, se a\u00f1aden diferentes tipos de granos, frijoles, vegetales \/ hierbas (perejil,&hellip;","brands":[{"id":199,"name":"Sarashpaz","slug":"sarashpaz"}],"_links":{"self":[{"href":"https:\/\/deliciaspersas.com\/en\/wp-json\/wp\/v2\/product\/16408"}],"collection":[{"href":"https:\/\/deliciaspersas.com\/en\/wp-json\/wp\/v2\/product"}],"about":[{"href":"https:\/\/deliciaspersas.com\/en\/wp-json\/wp\/v2\/types\/product"}],"wp:featuredmedia":[{"embeddable":true,"href":"https:\/\/deliciaspersas.com\/en\/wp-json\/wp\/v2\/media\/16409"}],"wp:attachment":[{"href":"https:\/\/deliciaspersas.com\/en\/wp-json\/wp\/v2\/media?parent=16408"}],"wp:term":[{"taxonomy":"pwb-brand","embeddable":true,"href":"https:\/\/deliciaspersas.com\/en\/wp-json\/wp\/v2\/pwb-brand?post=16408"},{"taxonomy":"product_cat","embeddable":true,"href":"https:\/\/deliciaspersas.com\/en\/wp-json\/wp\/v2\/product_cat?post=16408"},{"taxonomy":"product_tag","embeddable":true,"href":"https:\/\/deliciaspersas.com\/en\/wp-json\/wp\/v2\/product_tag?post=16408"}],"curies":[{"name":"wp","href":"https:\/\/api.w.org\/{rel}","templated":true}]}}