{"id":16467,"date":"2025-01-18T17:08:21","date_gmt":"2025-01-18T16:08:21","guid":{"rendered":"https:\/\/deliciaspersas.com\/?post_type=product&#038;p=16467"},"modified":"2026-02-07T17:42:44","modified_gmt":"2026-02-07T16:42:44","slug":"mung-mash-granel-dayan","status":"publish","type":"product","link":"https:\/\/deliciaspersas.com\/en\/tienda\/legumbres\/mung-mash-granel-dayan\/","title":{"rendered":"Mung ( Mash ) Granel Dayan"},"content":{"rendered":"<h1>Mung ( Mash ) Granel Dayan<\/h1>\n<h6>Informaci\u00f3n del producto:<\/h6>\n<p>El Mung es un tipo de legumbre resistente a la sequ\u00eda; y su rica materia org\u00e1nica se utiliza en el suelo como fertilizante.<\/p>\n<h6>Usos:<\/h6>\n<p>El Mash javanes se puede tomar en diferentes platos; como con arroz, por ejemplo. Su uso en la dieta aporta grandes beneficios gracias a sus propiedades anti-envejecimiento. Adem\u00e1s, este es \u00a0rico en cobre, convirti\u00e9ndolo en un aliado fabuloso para la lucha contra las arrugas y l\u00edneas de edad.<\/p>\n<p><span class=\"text_exposed_show\">Por otra parte, son sencillos de preparar: simplemente hay que lavarlos y dejarlos en remojo durante la noche. Luego cocinarlos alrededor de 20 minutos hasta que est\u00e9n tiernos. Son ideales para ensaladas y guisos.<\/span><\/p>\n<h6>Beneficios:<\/h6>\n<p>El Mung, Mash en persa, es una legumbre originaria de la India.<br \/>\nSon muy ricos en minerales, contienen una importante cantidad de prote\u00edna vegetal que ayuda a la producci\u00f3n del amino\u00e1cido metionina de efecto relajante.<br \/>\nAl aportar magnesio, f\u00f3sforo y vitaminas A y C, resultan ser excelentes antioxidantes que ayudan a eliminar los radicales libres. Mantiene en buen estado los dientes, la piel y los huesos. Por otra <span class=\"text_exposed_show\">parte cuentan con vitaminas del complejo B que brindan energ\u00eda y act\u00faan en los sistemas nervioso y circulatorio. Contribuyen a rebajar el exceso de colesterol<br \/>\nAyudan a desintoxicar el organismo. Se digieren f\u00e1cilmente, sin recargar el sistema digestivo. Ayudan a eliminar toxinas del organismo y tonifican el h\u00edgado.<\/span><\/p>\n<p><span class=\"text_exposed_show\">Combaten la anemia (gracias a la cantidad de hierro y acido f\u00f3lico).<br \/>\n<\/span><\/p>\n<p>Los frijiles mung son altamente ricos en cobre, convirti\u00e9ndolos en un aliado fabuloso para la lucha contra las arrugas y l\u00edneas de edad. Su uso regular puede quitarte hasta 10 a\u00f1os de encima y mejorar la apariencia de la piel y u\u00f1as de forma notable.<\/p>\n<h6>Ingredientes y al\u00e9rgenos:<\/h6>\n<p>Frijol mungo.<\/p>\n<h6>Condiciones de conservaci\u00f3n:<\/h6>\n<p>Conservar en un lugar fresco, seco y protegido de la luz.<\/p>\n<h6>Informaci\u00f3n adicional:<\/h6>\n<p>Fabricado por: Dayan<\/p>\n","protected":false},"excerpt":{"rendered":"<p>Mung ( Mash ) Granel Dayan Informaci\u00f3n del producto: El Mung es un tipo de legumbre resistente a la sequ\u00eda; y su rica materia org\u00e1nica se utiliza en el suelo como fertilizante. Usos: El Mash javanes se puede tomar en diferentes platos; como con arroz, por ejemplo. Su uso en la dieta aporta grandes beneficios [&hellip;]<\/p>\n","protected":false},"featured_media":16468,"template":"","meta":{"_surecart_dashboard_logo_width":"180px","_surecart_dashboard_show_logo":true,"_surecart_dashboard_navigation_orders":true,"_surecart_dashboard_navigation_invoices":true,"_surecart_dashboard_navigation_subscriptions":true,"_surecart_dashboard_navigation_downloads":true,"_surecart_dashboard_navigation_billing":true,"_surecart_dashboard_navigation_account":true,"_uag_custom_page_level_css":"","site-sidebar-layout":"default","site-content-layout":"default","ast-site-content-layout":"default","site-content-style":"default","site-sidebar-style":"default","ast-global-header-display":"","ast-banner-title-visibility":"","ast-main-header-display":"","ast-hfb-above-header-display":"","ast-hfb-below-header-display":"","ast-hfb-mobile-header-display":"","site-post-title":"","ast-breadcrumbs-content":"","ast-featured-img":"","footer-sml-layout":"","theme-transparent-header-meta":"default","adv-header-id-meta":"","stick-header-meta":"","header-above-stick-meta":"","header-main-stick-meta":"","header-below-stick-meta":"","astra-migrate-meta-layouts":"set","ast-page-background-enabled":"default","ast-page-background-meta":{"desktop":{"background-color":"","background-image":"","background-repeat":"repeat","background-position":"center center","background-size":"auto","background-attachment":"scroll","background-type":"","background-media":"","overlay-type":"","overlay-color":"","overlay-opacity":"","overlay-gradient":""},"tablet":{"background-color":"","background-image":"","background-repeat":"repeat","background-position":"center center","background-size":"auto","background-attachment":"scroll","background-type":"","background-media":"","overlay-type":"","overlay-color":"","overlay-opacity":"","overlay-gradient":""},"mobile":{"background-color":"","background-image":"","background-repeat":"repeat","background-position":"center center","background-size":"auto","background-attachment":"scroll","background-type":"","background-media":"","overlay-type":"","overlay-color":"","overlay-opacity":"","overlay-gradient":""}},"ast-content-background-meta":{"desktop":{"background-color":"var(--ast-global-color-5)","background-image":"","background-repeat":"repeat","background-position":"center center","background-size":"auto","background-attachment":"scroll","background-type":"","background-media":"","overlay-type":"","overlay-color":"","overlay-opacity":"","overlay-gradient":""},"tablet":{"background-color":"var(--ast-global-color-5)","background-image":"","background-repeat":"repeat","background-position":"center center","background-size":"auto","background-attachment":"scroll","background-type":"","background-media":"","overlay-type":"","overlay-color":"","overlay-opacity":"","overlay-gradient":""},"mobile":{"background-color":"var(--ast-global-color-5)","background-image":"","background-repeat":"repeat","background-position":"center center","background-size":"auto","background-attachment":"scroll","background-type":"","background-media":"","overlay-type":"","overlay-color":"","overlay-opacity":"","overlay-gradient":""}}},"pwb-brand":[52],"product_cat":[89],"product_tag":[590,559,1486,1031,1032],"class_list":{"0":"post-16467","1":"product","2":"type-product","3":"status-publish","4":"has-post-thumbnail","6":"pwb-brand-donya","7":"product_cat-legumbres","8":"product_tag-comida","9":"product_tag-legumbre","10":"product_tag-mash","11":"product_tag-mung","12":"product_tag-1032","13":"desktop-align-center","14":"tablet-align-center","15":"mobile-align-center","17":"first","18":"instock","19":"taxable","20":"shipping-taxable","21":"purchasable","22":"product-type-variable"},"yoast_head":"<!-- This site is optimized with the Yoast SEO plugin v23.6 - https:\/\/yoast.com\/wordpress\/plugins\/seo\/ -->\n<title>Mung ( Mash ) Granel Dayan - Delicias Persas<\/title>\n<meta name=\"description\" content=\"El Mash javanes es un tipo de legumbre con propiedades anti-envejecimiento, rico en cobre, facilitando la lucha contra las arrugas y l\u00edneas de edad.\" \/>\n<meta name=\"robots\" content=\"index, follow, max-snippet:-1, max-image-preview:large, max-video-preview:-1\" \/>\n<link rel=\"canonical\" href=\"https:\/\/deliciaspersas.com\/en\/tienda\/legumbres\/mung-mash-granel-dayan\/\" \/>\n<meta property=\"og:locale\" content=\"en_US\" \/>\n<meta property=\"og:type\" content=\"article\" \/>\n<meta property=\"og:title\" content=\"Mung ( Mash ) Granel Dayan - Delicias Persas\" \/>\n<meta property=\"og:description\" content=\"El Mash javanes es un tipo de legumbre con propiedades anti-envejecimiento, rico en cobre, facilitando la lucha contra las arrugas y l\u00edneas de edad.\" \/>\n<meta property=\"og:url\" content=\"https:\/\/deliciaspersas.com\/en\/tienda\/legumbres\/mung-mash-granel-dayan\/\" \/>\n<meta property=\"og:site_name\" content=\"Delicias Persas\" \/>\n<meta property=\"article:publisher\" content=\"https:\/\/www.facebook.com\/Deliciaspersas\" \/>\n<meta property=\"article:modified_time\" content=\"2026-02-07T16:42:44+00:00\" \/>\n<meta property=\"og:image\" content=\"https:\/\/deliciaspersas.com\/wp-content\/uploads\/Mung-Dayan.jpg\" \/>\n\t<meta property=\"og:image:width\" content=\"251\" \/>\n\t<meta property=\"og:image:height\" content=\"200\" \/>\n\t<meta property=\"og:image:type\" content=\"image\/jpeg\" \/>\n<meta name=\"twitter:card\" content=\"summary_large_image\" \/>\n<meta name=\"twitter:label1\" content=\"Est. reading time\" \/>\n\t<meta name=\"twitter:data1\" content=\"2 minutes\" \/>\n<script type=\"application\/ld+json\" class=\"yoast-schema-graph\">{\"@context\":\"https:\/\/schema.org\",\"@graph\":[{\"@type\":\"WebPage\",\"@id\":\"https:\/\/deliciaspersas.com\/en\/tienda\/legumbres\/mung-mash-granel-dayan\/\",\"url\":\"https:\/\/deliciaspersas.com\/en\/tienda\/legumbres\/mung-mash-granel-dayan\/\",\"name\":\"Mung ( Mash ) Granel Dayan - Delicias Persas\",\"isPartOf\":{\"@id\":\"https:\/\/deliciaspersas.com\/en\/#website\"},\"primaryImageOfPage\":{\"@id\":\"https:\/\/deliciaspersas.com\/en\/tienda\/legumbres\/mung-mash-granel-dayan\/#primaryimage\"},\"image\":{\"@id\":\"https:\/\/deliciaspersas.com\/en\/tienda\/legumbres\/mung-mash-granel-dayan\/#primaryimage\"},\"thumbnailUrl\":\"https:\/\/deliciaspersas.com\/wp-content\/uploads\/Mung-Dayan.jpg\",\"datePublished\":\"2025-01-18T16:08:21+00:00\",\"dateModified\":\"2026-02-07T16:42:44+00:00\",\"description\":\"El Mash javanes es un tipo de legumbre con propiedades anti-envejecimiento, rico en cobre, facilitando la lucha contra las arrugas y l\u00edneas de edad.\",\"breadcrumb\":{\"@id\":\"https:\/\/deliciaspersas.com\/en\/tienda\/legumbres\/mung-mash-granel-dayan\/#breadcrumb\"},\"inLanguage\":\"en-US\",\"potentialAction\":[{\"@type\":\"ReadAction\",\"target\":[\"https:\/\/deliciaspersas.com\/en\/tienda\/legumbres\/mung-mash-granel-dayan\/\"]}]},{\"@type\":\"ImageObject\",\"inLanguage\":\"en-US\",\"@id\":\"https:\/\/deliciaspersas.com\/en\/tienda\/legumbres\/mung-mash-granel-dayan\/#primaryimage\",\"url\":\"https:\/\/deliciaspersas.com\/wp-content\/uploads\/Mung-Dayan.jpg\",\"contentUrl\":\"https:\/\/deliciaspersas.com\/wp-content\/uploads\/Mung-Dayan.jpg\",\"width\":251,\"height\":200},{\"@type\":\"BreadcrumbList\",\"@id\":\"https:\/\/deliciaspersas.com\/en\/tienda\/legumbres\/mung-mash-granel-dayan\/#breadcrumb\",\"itemListElement\":[{\"@type\":\"ListItem\",\"position\":1,\"name\":\"Portada\",\"item\":\"https:\/\/deliciaspersas.com\/en\/\"},{\"@type\":\"ListItem\",\"position\":2,\"name\":\"Tienda\",\"item\":\"https:\/\/deliciaspersas.com\/\"},{\"@type\":\"ListItem\",\"position\":3,\"name\":\"Mung ( Mash ) Granel Dayan\"}]},{\"@type\":\"WebSite\",\"@id\":\"https:\/\/deliciaspersas.com\/en\/#website\",\"url\":\"https:\/\/deliciaspersas.com\/en\/\",\"name\":\"Delicias Persas\",\"description\":\"Gastronom&iacute;a persa al alcance de tus manos\",\"publisher\":{\"@id\":\"https:\/\/deliciaspersas.com\/en\/#organization\"},\"potentialAction\":[{\"@type\":\"SearchAction\",\"target\":{\"@type\":\"EntryPoint\",\"urlTemplate\":\"https:\/\/deliciaspersas.com\/en\/?s={search_term_string}\"},\"query-input\":{\"@type\":\"PropertyValueSpecification\",\"valueRequired\":true,\"valueName\":\"search_term_string\"}}],\"inLanguage\":\"en-US\"},{\"@type\":\"Organization\",\"@id\":\"https:\/\/deliciaspersas.com\/en\/#organization\",\"name\":\"Delicias Persas\",\"url\":\"https:\/\/deliciaspersas.com\/en\/\",\"logo\":{\"@type\":\"ImageObject\",\"inLanguage\":\"en-US\",\"@id\":\"https:\/\/deliciaspersas.com\/en\/#\/schema\/logo\/image\/\",\"url\":\"https:\/\/deliciaspersas.com\/wp-content\/uploads\/2020\/07\/logo-2020.png\",\"contentUrl\":\"https:\/\/deliciaspersas.com\/wp-content\/uploads\/2020\/07\/logo-2020.png\",\"width\":520,\"height\":490,\"caption\":\"Delicias Persas\"},\"image\":{\"@id\":\"https:\/\/deliciaspersas.com\/en\/#\/schema\/logo\/image\/\"},\"sameAs\":[\"https:\/\/www.facebook.com\/Deliciaspersas\",\"https:\/\/www.instagram.com\/delicias_persas\/\",\"https:\/\/www.linkedin.com\/delicias-persas\"]}]}<\/script>\n<!-- \/ Yoast SEO plugin. -->","yoast_head_json":{"title":"Mung ( Mash ) Granel Dayan - Delicias Persas","description":"El Mash javanes es un tipo de legumbre con propiedades anti-envejecimiento, rico en cobre, facilitando la lucha contra las arrugas y l\u00edneas de edad.","robots":{"index":"index","follow":"follow","max-snippet":"max-snippet:-1","max-image-preview":"max-image-preview:large","max-video-preview":"max-video-preview:-1"},"canonical":"https:\/\/deliciaspersas.com\/en\/tienda\/legumbres\/mung-mash-granel-dayan\/","og_locale":"en_US","og_type":"article","og_title":"Mung ( Mash ) Granel Dayan - Delicias Persas","og_description":"El Mash javanes es un tipo de legumbre con propiedades anti-envejecimiento, rico en cobre, facilitando la lucha contra las arrugas y l\u00edneas de edad.","og_url":"https:\/\/deliciaspersas.com\/en\/tienda\/legumbres\/mung-mash-granel-dayan\/","og_site_name":"Delicias Persas","article_publisher":"https:\/\/www.facebook.com\/Deliciaspersas","article_modified_time":"2026-02-07T16:42:44+00:00","og_image":[{"width":251,"height":200,"url":"https:\/\/deliciaspersas.com\/wp-content\/uploads\/Mung-Dayan.jpg","type":"image\/jpeg"}],"twitter_card":"summary_large_image","twitter_misc":{"Est. reading time":"2 minutes"},"schema":{"@context":"https:\/\/schema.org","@graph":[{"@type":"WebPage","@id":"https:\/\/deliciaspersas.com\/en\/tienda\/legumbres\/mung-mash-granel-dayan\/","url":"https:\/\/deliciaspersas.com\/en\/tienda\/legumbres\/mung-mash-granel-dayan\/","name":"Mung ( Mash ) Granel Dayan - Delicias Persas","isPartOf":{"@id":"https:\/\/deliciaspersas.com\/en\/#website"},"primaryImageOfPage":{"@id":"https:\/\/deliciaspersas.com\/en\/tienda\/legumbres\/mung-mash-granel-dayan\/#primaryimage"},"image":{"@id":"https:\/\/deliciaspersas.com\/en\/tienda\/legumbres\/mung-mash-granel-dayan\/#primaryimage"},"thumbnailUrl":"https:\/\/deliciaspersas.com\/wp-content\/uploads\/Mung-Dayan.jpg","datePublished":"2025-01-18T16:08:21+00:00","dateModified":"2026-02-07T16:42:44+00:00","description":"El Mash javanes es un tipo de legumbre con propiedades anti-envejecimiento, rico en cobre, facilitando la lucha contra las arrugas y l\u00edneas de edad.","breadcrumb":{"@id":"https:\/\/deliciaspersas.com\/en\/tienda\/legumbres\/mung-mash-granel-dayan\/#breadcrumb"},"inLanguage":"en-US","potentialAction":[{"@type":"ReadAction","target":["https:\/\/deliciaspersas.com\/en\/tienda\/legumbres\/mung-mash-granel-dayan\/"]}]},{"@type":"ImageObject","inLanguage":"en-US","@id":"https:\/\/deliciaspersas.com\/en\/tienda\/legumbres\/mung-mash-granel-dayan\/#primaryimage","url":"https:\/\/deliciaspersas.com\/wp-content\/uploads\/Mung-Dayan.jpg","contentUrl":"https:\/\/deliciaspersas.com\/wp-content\/uploads\/Mung-Dayan.jpg","width":251,"height":200},{"@type":"BreadcrumbList","@id":"https:\/\/deliciaspersas.com\/en\/tienda\/legumbres\/mung-mash-granel-dayan\/#breadcrumb","itemListElement":[{"@type":"ListItem","position":1,"name":"Portada","item":"https:\/\/deliciaspersas.com\/en\/"},{"@type":"ListItem","position":2,"name":"Tienda","item":"https:\/\/deliciaspersas.com\/"},{"@type":"ListItem","position":3,"name":"Mung ( Mash ) Granel Dayan"}]},{"@type":"WebSite","@id":"https:\/\/deliciaspersas.com\/en\/#website","url":"https:\/\/deliciaspersas.com\/en\/","name":"Delicias Persas","description":"Gastronom&iacute;a persa al alcance de tus manos","publisher":{"@id":"https:\/\/deliciaspersas.com\/en\/#organization"},"potentialAction":[{"@type":"SearchAction","target":{"@type":"EntryPoint","urlTemplate":"https:\/\/deliciaspersas.com\/en\/?s={search_term_string}"},"query-input":{"@type":"PropertyValueSpecification","valueRequired":true,"valueName":"search_term_string"}}],"inLanguage":"en-US"},{"@type":"Organization","@id":"https:\/\/deliciaspersas.com\/en\/#organization","name":"Delicias Persas","url":"https:\/\/deliciaspersas.com\/en\/","logo":{"@type":"ImageObject","inLanguage":"en-US","@id":"https:\/\/deliciaspersas.com\/en\/#\/schema\/logo\/image\/","url":"https:\/\/deliciaspersas.com\/wp-content\/uploads\/2020\/07\/logo-2020.png","contentUrl":"https:\/\/deliciaspersas.com\/wp-content\/uploads\/2020\/07\/logo-2020.png","width":520,"height":490,"caption":"Delicias Persas"},"image":{"@id":"https:\/\/deliciaspersas.com\/en\/#\/schema\/logo\/image\/"},"sameAs":["https:\/\/www.facebook.com\/Deliciaspersas","https:\/\/www.instagram.com\/delicias_persas\/","https:\/\/www.linkedin.com\/delicias-persas"]}]}},"uagb_featured_image_src":{"full":["https:\/\/deliciaspersas.com\/wp-content\/uploads\/Mung-Dayan.jpg",251,200,false],"thumbnail":["https:\/\/deliciaspersas.com\/wp-content\/uploads\/Mung-Dayan-150x150.jpg",150,150,true],"medium":["https:\/\/deliciaspersas.com\/wp-content\/uploads\/Mung-Dayan.jpg",251,200,false],"medium_large":["https:\/\/deliciaspersas.com\/wp-content\/uploads\/Mung-Dayan.jpg",251,200,false],"large":["https:\/\/deliciaspersas.com\/wp-content\/uploads\/Mung-Dayan.jpg",251,200,false],"1536x1536":["https:\/\/deliciaspersas.com\/wp-content\/uploads\/Mung-Dayan.jpg",251,200,false],"2048x2048":["https:\/\/deliciaspersas.com\/wp-content\/uploads\/Mung-Dayan.jpg",251,200,false],"woocommerce_thumbnail":["https:\/\/deliciaspersas.com\/wp-content\/uploads\/Mung-Dayan.jpg",251,200,false],"woocommerce_single":["https:\/\/deliciaspersas.com\/wp-content\/uploads\/Mung-Dayan.jpg",251,200,false],"woocommerce_gallery_thumbnail":["https:\/\/deliciaspersas.com\/wp-content\/uploads\/Mung-Dayan-100x100.jpg",100,100,true]},"uagb_author_info":{"display_name":"admin","author_link":"https:\/\/deliciaspersas.com\/en\/author\/"},"uagb_comment_info":0,"uagb_excerpt":"Mung ( Mash ) Granel Dayan Informaci\u00f3n del producto: El Mung es un tipo de legumbre resistente a la sequ\u00eda; y su rica materia org\u00e1nica se utiliza en el suelo como fertilizante. Usos: El Mash javanes se puede tomar en diferentes platos; como con arroz, por ejemplo. Su uso en la dieta aporta grandes beneficios&hellip;","brands":[{"id":52,"name":"Donya","slug":"donya"}],"_links":{"self":[{"href":"https:\/\/deliciaspersas.com\/en\/wp-json\/wp\/v2\/product\/16467"}],"collection":[{"href":"https:\/\/deliciaspersas.com\/en\/wp-json\/wp\/v2\/product"}],"about":[{"href":"https:\/\/deliciaspersas.com\/en\/wp-json\/wp\/v2\/types\/product"}],"wp:featuredmedia":[{"embeddable":true,"href":"https:\/\/deliciaspersas.com\/en\/wp-json\/wp\/v2\/media\/16468"}],"wp:attachment":[{"href":"https:\/\/deliciaspersas.com\/en\/wp-json\/wp\/v2\/media?parent=16467"}],"wp:term":[{"taxonomy":"pwb-brand","embeddable":true,"href":"https:\/\/deliciaspersas.com\/en\/wp-json\/wp\/v2\/pwb-brand?post=16467"},{"taxonomy":"product_cat","embeddable":true,"href":"https:\/\/deliciaspersas.com\/en\/wp-json\/wp\/v2\/product_cat?post=16467"},{"taxonomy":"product_tag","embeddable":true,"href":"https:\/\/deliciaspersas.com\/en\/wp-json\/wp\/v2\/product_tag?post=16467"}],"curies":[{"name":"wp","href":"https:\/\/api.w.org\/{rel}","templated":true}]}}