{"id":16475,"date":"2025-01-18T17:52:16","date_gmt":"2025-01-18T16:52:16","guid":{"rendered":"https:\/\/deliciaspersas.com\/?post_type=product&#038;p=16475"},"modified":"2025-11-12T14:25:57","modified_gmt":"2025-11-12T13:25:57","slug":"agua-de-rosas-aragh-golab-500ml-pamir","status":"publish","type":"product","link":"https:\/\/deliciaspersas.com\/en\/tienda\/destilados\/agua-de-rosas-aragh-golab-500ml-pamir\/","title":{"rendered":"Agua de rosas &#8211; Aragh Golab 500ml Pamir"},"content":{"rendered":"<h1>Agua de rosas &#8211; Aragh Golab 500ml Pamir<\/h1>\n<h6>Informaci\u00f3n del producto:<\/h6>\n<p>Debido al aroma tan agradable que tiene el agua de rosas, se usa para dar sabor a arroces y postres como los Baklava, helados, pudding, bollos y pasteles. Tambi\u00e9n se usa junto al t\u00e9 para obtener una bebida calmante.<\/p>\n<div>El agua de rosas es rica en flavonoides, antioxidantes, taninos y vitaminas esenciales como la A,C,D,E y B3.<\/div>\n<div><\/div>\n<div>Entre sus propiedades est\u00e1 el que mejora el humor, ayuda a disminuir la tensi\u00f3n nerviosa , mejora la textura de la piel\u00a0ya que\u00a0es antis\u00e9ptica, antibacteriana y antiinflamatoria.<\/div>\n<div><\/div>\n<h6>Usos:<\/h6>\n<p>Recetas, ensaladas, todo tipo de verduras y platos fr\u00edos, adem\u00e1s de postres y bebidas.<\/p>\n<h6>Beneficios:<\/h6>\n<p>Es un antibi\u00f3tico natural y tiene propiedades antis\u00e9pticas y antiinflamatorias, fortalece el sistema inmunol\u00f3gico y trata los resfriados y los dolores de garganta.<\/p>\n<p>Para mejorar la visi\u00f3n, puede utilizar este producto como gota para los ojos. Este liquido ayuda a prevenir enfermedades oculares como la degeneraci\u00f3n macular y las cataratas. Tambi\u00e9n alivia la fatiga ocular y es \u00fatil para las personas que pasan muchas horas frente a una computadora.<br \/>\nAumenta el flujo de bilis y ayuda a la salud del tracto gastrointestinal y causa problemas como hinchaz\u00f3n, dolor de est\u00f3mago, \u00falceras de est\u00f3mago. As\u00ed mismo es eficaz para tratar el reflujo.<br \/>\nTiene propiedades antiinflamatorias y reduce la presi\u00f3n arterial alta, fortalece el coraz\u00f3n y previene y trata las enfermedades cardiovasculares.<\/p>\n<p>Una prote\u00edna llamada amiloide afecta la funci\u00f3n cerebral y causa la enfermedad de Alzheimer. Este producto inhibe la funci\u00f3n amiloide y previene la demencia y el Alzheimer.<br \/>\nLa rosa tiene propiedades antiestr\u00e9s y antidepresivas y act\u00faa como diazepam en el cuerpo y te calma.<br \/>\nPara tratar los dolores de cabeza y las migra\u00f1as, puede usar agua de rosas y cubrirse la frente con un pa\u00f1o empapado en agua de rosas.<\/p>\n<h6>Ingredientes y al\u00e9rgenos:<\/h6>\n<p>Agua de Rosas <span style=\"font-size: 16px;\">y antioxidante.<\/span><\/p>\n<h6>Condiciones de conservaci\u00f3n:<\/h6>\n<p>Conservar en un lugar fresco, seco y protegido de la luz.<\/p>\n<h6>Informaci\u00f3n adicional:<\/h6>\n<p>Fabricado por: Pamir<\/p>\n<p>&nbsp;<\/p>\n","protected":false},"excerpt":{"rendered":"<p>Agua de rosas &#8211; Aragh Golab 500ml Pamir Informaci\u00f3n del producto: Debido al aroma tan agradable que tiene el agua de rosas, se usa para dar sabor a arroces y postres como los Baklava, helados, pudding, bollos y pasteles. Tambi\u00e9n se usa junto al t\u00e9 para obtener una bebida calmante. El agua de rosas es [&hellip;]<\/p>\n","protected":false},"featured_media":16476,"template":"","meta":{"_surecart_dashboard_logo_width":"180px","_surecart_dashboard_show_logo":true,"_surecart_dashboard_navigation_orders":true,"_surecart_dashboard_navigation_invoices":true,"_surecart_dashboard_navigation_subscriptions":true,"_surecart_dashboard_navigation_downloads":true,"_surecart_dashboard_navigation_billing":true,"_surecart_dashboard_navigation_account":true,"_uag_custom_page_level_css":"","site-sidebar-layout":"default","site-content-layout":"default","ast-site-content-layout":"default","site-content-style":"default","site-sidebar-style":"default","ast-global-header-display":"","ast-banner-title-visibility":"","ast-main-header-display":"","ast-hfb-above-header-display":"","ast-hfb-below-header-display":"","ast-hfb-mobile-header-display":"","site-post-title":"","ast-breadcrumbs-content":"","ast-featured-img":"","footer-sml-layout":"","theme-transparent-header-meta":"default","adv-header-id-meta":"","stick-header-meta":"","header-above-stick-meta":"","header-main-stick-meta":"","header-below-stick-meta":"","astra-migrate-meta-layouts":"set","ast-page-background-enabled":"default","ast-page-background-meta":{"desktop":{"background-color":"","background-image":"","background-repeat":"repeat","background-position":"center center","background-size":"auto","background-attachment":"scroll","background-type":"","background-media":"","overlay-type":"","overlay-color":"","overlay-opacity":"","overlay-gradient":""},"tablet":{"background-color":"","background-image":"","background-repeat":"repeat","background-position":"center center","background-size":"auto","background-attachment":"scroll","background-type":"","background-media":"","overlay-type":"","overlay-color":"","overlay-opacity":"","overlay-gradient":""},"mobile":{"background-color":"","background-image":"","background-repeat":"repeat","background-position":"center center","background-size":"auto","background-attachment":"scroll","background-type":"","background-media":"","overlay-type":"","overlay-color":"","overlay-opacity":"","overlay-gradient":""}},"ast-content-background-meta":{"desktop":{"background-color":"var(--ast-global-color-5)","background-image":"","background-repeat":"repeat","background-position":"center center","background-size":"auto","background-attachment":"scroll","background-type":"","background-media":"","overlay-type":"","overlay-color":"","overlay-opacity":"","overlay-gradient":""},"tablet":{"background-color":"var(--ast-global-color-5)","background-image":"","background-repeat":"repeat","background-position":"center center","background-size":"auto","background-attachment":"scroll","background-type":"","background-media":"","overlay-type":"","overlay-color":"","overlay-opacity":"","overlay-gradient":""},"mobile":{"background-color":"var(--ast-global-color-5)","background-image":"","background-repeat":"repeat","background-position":"center center","background-size":"auto","background-attachment":"scroll","background-type":"","background-media":"","overlay-type":"","overlay-color":"","overlay-opacity":"","overlay-gradient":""}}},"pwb-brand":[1137],"product_cat":[39],"product_tag":[834,586,597,824,1671,712],"class_list":{"0":"post-16475","1":"product","2":"type-product","3":"status-publish","4":"has-post-thumbnail","6":"pwb-brand-pamir","7":"product_cat-destilados","8":"product_tag-agua-de-rosas","9":"product_tag-buen-olor","10":"product_tag-destilado","11":"product_tag-extracto","12":"product_tag-golab","13":"product_tag-rosas","14":"desktop-align-center","15":"tablet-align-center","16":"mobile-align-center","18":"first","19":"instock","20":"taxable","21":"shipping-taxable","22":"purchasable","23":"product-type-simple"},"yoast_head":"<!-- This site is optimized with the Yoast SEO plugin v23.6 - https:\/\/yoast.com\/wordpress\/plugins\/seo\/ -->\n<title>Agua de rosas - Aragh Golab 500ml Pamir - Delicias Persas<\/title>\n<meta name=\"description\" content=\"Agua de rosas. Debido al aroma tan agradable que tiene, se usa para dar sabor a arroces y postres. Tambi\u00e9n se puede a\u00f1adir al t\u00e9...\" \/>\n<meta name=\"robots\" content=\"index, follow, max-snippet:-1, max-image-preview:large, max-video-preview:-1\" \/>\n<link rel=\"canonical\" href=\"https:\/\/deliciaspersas.com\/en\/tienda\/destilados\/agua-de-rosas-aragh-golab-500ml-pamir\/\" \/>\n<meta property=\"og:locale\" content=\"en_US\" \/>\n<meta property=\"og:type\" content=\"article\" \/>\n<meta property=\"og:title\" content=\"Agua de rosas - Aragh Golab 500ml Pamir - Delicias Persas\" \/>\n<meta property=\"og:description\" content=\"Agua de rosas. Debido al aroma tan agradable que tiene, se usa para dar sabor a arroces y postres. Tambi\u00e9n se puede a\u00f1adir al t\u00e9...\" \/>\n<meta property=\"og:url\" content=\"https:\/\/deliciaspersas.com\/en\/tienda\/destilados\/agua-de-rosas-aragh-golab-500ml-pamir\/\" \/>\n<meta property=\"og:site_name\" content=\"Delicias Persas\" \/>\n<meta property=\"article:publisher\" content=\"https:\/\/www.facebook.com\/Deliciaspersas\" \/>\n<meta property=\"article:modified_time\" content=\"2025-11-12T13:25:57+00:00\" \/>\n<meta property=\"og:image\" content=\"https:\/\/deliciaspersas.com\/wp-content\/uploads\/agua-de-rosas-pamir-Dayan-scaled.jpeg\" \/>\n\t<meta property=\"og:image:width\" content=\"1920\" \/>\n\t<meta property=\"og:image:height\" content=\"2560\" \/>\n\t<meta property=\"og:image:type\" content=\"image\/jpeg\" \/>\n<meta name=\"twitter:card\" content=\"summary_large_image\" \/>\n<meta name=\"twitter:label1\" content=\"Est. reading time\" \/>\n\t<meta name=\"twitter:data1\" content=\"2 minutes\" \/>\n<script type=\"application\/ld+json\" class=\"yoast-schema-graph\">{\"@context\":\"https:\/\/schema.org\",\"@graph\":[{\"@type\":\"WebPage\",\"@id\":\"https:\/\/deliciaspersas.com\/en\/tienda\/destilados\/agua-de-rosas-aragh-golab-500ml-pamir\/\",\"url\":\"https:\/\/deliciaspersas.com\/en\/tienda\/destilados\/agua-de-rosas-aragh-golab-500ml-pamir\/\",\"name\":\"Agua de rosas - Aragh Golab 500ml Pamir - Delicias Persas\",\"isPartOf\":{\"@id\":\"https:\/\/deliciaspersas.com\/en\/#website\"},\"primaryImageOfPage\":{\"@id\":\"https:\/\/deliciaspersas.com\/en\/tienda\/destilados\/agua-de-rosas-aragh-golab-500ml-pamir\/#primaryimage\"},\"image\":{\"@id\":\"https:\/\/deliciaspersas.com\/en\/tienda\/destilados\/agua-de-rosas-aragh-golab-500ml-pamir\/#primaryimage\"},\"thumbnailUrl\":\"https:\/\/deliciaspersas.com\/wp-content\/uploads\/agua-de-rosas-pamir-Dayan-scaled.jpeg\",\"datePublished\":\"2025-01-18T16:52:16+00:00\",\"dateModified\":\"2025-11-12T13:25:57+00:00\",\"description\":\"Agua de rosas. Debido al aroma tan agradable que tiene, se usa para dar sabor a arroces y postres. Tambi\u00e9n se puede a\u00f1adir al t\u00e9...\",\"breadcrumb\":{\"@id\":\"https:\/\/deliciaspersas.com\/en\/tienda\/destilados\/agua-de-rosas-aragh-golab-500ml-pamir\/#breadcrumb\"},\"inLanguage\":\"en-US\",\"potentialAction\":[{\"@type\":\"ReadAction\",\"target\":[\"https:\/\/deliciaspersas.com\/en\/tienda\/destilados\/agua-de-rosas-aragh-golab-500ml-pamir\/\"]}]},{\"@type\":\"ImageObject\",\"inLanguage\":\"en-US\",\"@id\":\"https:\/\/deliciaspersas.com\/en\/tienda\/destilados\/agua-de-rosas-aragh-golab-500ml-pamir\/#primaryimage\",\"url\":\"https:\/\/deliciaspersas.com\/wp-content\/uploads\/agua-de-rosas-pamir-Dayan-scaled.jpeg\",\"contentUrl\":\"https:\/\/deliciaspersas.com\/wp-content\/uploads\/agua-de-rosas-pamir-Dayan-scaled.jpeg\",\"width\":1920,\"height\":2560},{\"@type\":\"BreadcrumbList\",\"@id\":\"https:\/\/deliciaspersas.com\/en\/tienda\/destilados\/agua-de-rosas-aragh-golab-500ml-pamir\/#breadcrumb\",\"itemListElement\":[{\"@type\":\"ListItem\",\"position\":1,\"name\":\"Portada\",\"item\":\"https:\/\/deliciaspersas.com\/en\/\"},{\"@type\":\"ListItem\",\"position\":2,\"name\":\"Tienda\",\"item\":\"https:\/\/deliciaspersas.com\/\"},{\"@type\":\"ListItem\",\"position\":3,\"name\":\"Agua de rosas &#8211; Aragh Golab 500ml Pamir\"}]},{\"@type\":\"WebSite\",\"@id\":\"https:\/\/deliciaspersas.com\/en\/#website\",\"url\":\"https:\/\/deliciaspersas.com\/en\/\",\"name\":\"Delicias Persas\",\"description\":\"Gastronom&iacute;a persa al alcance de tus manos\",\"publisher\":{\"@id\":\"https:\/\/deliciaspersas.com\/en\/#organization\"},\"potentialAction\":[{\"@type\":\"SearchAction\",\"target\":{\"@type\":\"EntryPoint\",\"urlTemplate\":\"https:\/\/deliciaspersas.com\/en\/?s={search_term_string}\"},\"query-input\":{\"@type\":\"PropertyValueSpecification\",\"valueRequired\":true,\"valueName\":\"search_term_string\"}}],\"inLanguage\":\"en-US\"},{\"@type\":\"Organization\",\"@id\":\"https:\/\/deliciaspersas.com\/en\/#organization\",\"name\":\"Delicias Persas\",\"url\":\"https:\/\/deliciaspersas.com\/en\/\",\"logo\":{\"@type\":\"ImageObject\",\"inLanguage\":\"en-US\",\"@id\":\"https:\/\/deliciaspersas.com\/en\/#\/schema\/logo\/image\/\",\"url\":\"https:\/\/deliciaspersas.com\/wp-content\/uploads\/2020\/07\/logo-2020.png\",\"contentUrl\":\"https:\/\/deliciaspersas.com\/wp-content\/uploads\/2020\/07\/logo-2020.png\",\"width\":520,\"height\":490,\"caption\":\"Delicias Persas\"},\"image\":{\"@id\":\"https:\/\/deliciaspersas.com\/en\/#\/schema\/logo\/image\/\"},\"sameAs\":[\"https:\/\/www.facebook.com\/Deliciaspersas\",\"https:\/\/www.instagram.com\/delicias_persas\/\",\"https:\/\/www.linkedin.com\/delicias-persas\"]}]}<\/script>\n<!-- \/ Yoast SEO plugin. -->","yoast_head_json":{"title":"Agua de rosas - Aragh Golab 500ml Pamir - Delicias Persas","description":"Agua de rosas. Debido al aroma tan agradable que tiene, se usa para dar sabor a arroces y postres. Tambi\u00e9n se puede a\u00f1adir al t\u00e9...","robots":{"index":"index","follow":"follow","max-snippet":"max-snippet:-1","max-image-preview":"max-image-preview:large","max-video-preview":"max-video-preview:-1"},"canonical":"https:\/\/deliciaspersas.com\/en\/tienda\/destilados\/agua-de-rosas-aragh-golab-500ml-pamir\/","og_locale":"en_US","og_type":"article","og_title":"Agua de rosas - Aragh Golab 500ml Pamir - Delicias Persas","og_description":"Agua de rosas. Debido al aroma tan agradable que tiene, se usa para dar sabor a arroces y postres. Tambi\u00e9n se puede a\u00f1adir al t\u00e9...","og_url":"https:\/\/deliciaspersas.com\/en\/tienda\/destilados\/agua-de-rosas-aragh-golab-500ml-pamir\/","og_site_name":"Delicias Persas","article_publisher":"https:\/\/www.facebook.com\/Deliciaspersas","article_modified_time":"2025-11-12T13:25:57+00:00","og_image":[{"width":1920,"height":2560,"url":"https:\/\/deliciaspersas.com\/wp-content\/uploads\/agua-de-rosas-pamir-Dayan-scaled.jpeg","type":"image\/jpeg"}],"twitter_card":"summary_large_image","twitter_misc":{"Est. reading time":"2 minutes"},"schema":{"@context":"https:\/\/schema.org","@graph":[{"@type":"WebPage","@id":"https:\/\/deliciaspersas.com\/en\/tienda\/destilados\/agua-de-rosas-aragh-golab-500ml-pamir\/","url":"https:\/\/deliciaspersas.com\/en\/tienda\/destilados\/agua-de-rosas-aragh-golab-500ml-pamir\/","name":"Agua de rosas - Aragh Golab 500ml Pamir - Delicias Persas","isPartOf":{"@id":"https:\/\/deliciaspersas.com\/en\/#website"},"primaryImageOfPage":{"@id":"https:\/\/deliciaspersas.com\/en\/tienda\/destilados\/agua-de-rosas-aragh-golab-500ml-pamir\/#primaryimage"},"image":{"@id":"https:\/\/deliciaspersas.com\/en\/tienda\/destilados\/agua-de-rosas-aragh-golab-500ml-pamir\/#primaryimage"},"thumbnailUrl":"https:\/\/deliciaspersas.com\/wp-content\/uploads\/agua-de-rosas-pamir-Dayan-scaled.jpeg","datePublished":"2025-01-18T16:52:16+00:00","dateModified":"2025-11-12T13:25:57+00:00","description":"Agua de rosas. Debido al aroma tan agradable que tiene, se usa para dar sabor a arroces y postres. Tambi\u00e9n se puede a\u00f1adir al t\u00e9...","breadcrumb":{"@id":"https:\/\/deliciaspersas.com\/en\/tienda\/destilados\/agua-de-rosas-aragh-golab-500ml-pamir\/#breadcrumb"},"inLanguage":"en-US","potentialAction":[{"@type":"ReadAction","target":["https:\/\/deliciaspersas.com\/en\/tienda\/destilados\/agua-de-rosas-aragh-golab-500ml-pamir\/"]}]},{"@type":"ImageObject","inLanguage":"en-US","@id":"https:\/\/deliciaspersas.com\/en\/tienda\/destilados\/agua-de-rosas-aragh-golab-500ml-pamir\/#primaryimage","url":"https:\/\/deliciaspersas.com\/wp-content\/uploads\/agua-de-rosas-pamir-Dayan-scaled.jpeg","contentUrl":"https:\/\/deliciaspersas.com\/wp-content\/uploads\/agua-de-rosas-pamir-Dayan-scaled.jpeg","width":1920,"height":2560},{"@type":"BreadcrumbList","@id":"https:\/\/deliciaspersas.com\/en\/tienda\/destilados\/agua-de-rosas-aragh-golab-500ml-pamir\/#breadcrumb","itemListElement":[{"@type":"ListItem","position":1,"name":"Portada","item":"https:\/\/deliciaspersas.com\/en\/"},{"@type":"ListItem","position":2,"name":"Tienda","item":"https:\/\/deliciaspersas.com\/"},{"@type":"ListItem","position":3,"name":"Agua de rosas &#8211; Aragh Golab 500ml Pamir"}]},{"@type":"WebSite","@id":"https:\/\/deliciaspersas.com\/en\/#website","url":"https:\/\/deliciaspersas.com\/en\/","name":"Delicias Persas","description":"Gastronom&iacute;a persa al alcance de tus manos","publisher":{"@id":"https:\/\/deliciaspersas.com\/en\/#organization"},"potentialAction":[{"@type":"SearchAction","target":{"@type":"EntryPoint","urlTemplate":"https:\/\/deliciaspersas.com\/en\/?s={search_term_string}"},"query-input":{"@type":"PropertyValueSpecification","valueRequired":true,"valueName":"search_term_string"}}],"inLanguage":"en-US"},{"@type":"Organization","@id":"https:\/\/deliciaspersas.com\/en\/#organization","name":"Delicias Persas","url":"https:\/\/deliciaspersas.com\/en\/","logo":{"@type":"ImageObject","inLanguage":"en-US","@id":"https:\/\/deliciaspersas.com\/en\/#\/schema\/logo\/image\/","url":"https:\/\/deliciaspersas.com\/wp-content\/uploads\/2020\/07\/logo-2020.png","contentUrl":"https:\/\/deliciaspersas.com\/wp-content\/uploads\/2020\/07\/logo-2020.png","width":520,"height":490,"caption":"Delicias Persas"},"image":{"@id":"https:\/\/deliciaspersas.com\/en\/#\/schema\/logo\/image\/"},"sameAs":["https:\/\/www.facebook.com\/Deliciaspersas","https:\/\/www.instagram.com\/delicias_persas\/","https:\/\/www.linkedin.com\/delicias-persas"]}]}},"uagb_featured_image_src":{"full":["https:\/\/deliciaspersas.com\/wp-content\/uploads\/agua-de-rosas-pamir-Dayan-scaled.jpeg",1920,2560,false],"thumbnail":["https:\/\/deliciaspersas.com\/wp-content\/uploads\/agua-de-rosas-pamir-Dayan-150x150.jpeg",150,150,true],"medium":["https:\/\/deliciaspersas.com\/wp-content\/uploads\/agua-de-rosas-pamir-Dayan-225x300.jpeg",225,300,true],"medium_large":["https:\/\/deliciaspersas.com\/wp-content\/uploads\/agua-de-rosas-pamir-Dayan-768x1024.jpeg",768,1024,true],"large":["https:\/\/deliciaspersas.com\/wp-content\/uploads\/agua-de-rosas-pamir-Dayan-768x1024.jpeg",768,1024,true],"1536x1536":["https:\/\/deliciaspersas.com\/wp-content\/uploads\/agua-de-rosas-pamir-Dayan-1152x1536.jpeg",1152,1536,true],"2048x2048":["https:\/\/deliciaspersas.com\/wp-content\/uploads\/agua-de-rosas-pamir-Dayan-1536x2048.jpeg",1536,2048,true],"woocommerce_thumbnail":["https:\/\/deliciaspersas.com\/wp-content\/uploads\/agua-de-rosas-pamir-Dayan-300x300.jpeg",300,300,true],"woocommerce_single":["https:\/\/deliciaspersas.com\/wp-content\/uploads\/agua-de-rosas-pamir-Dayan-600x800.jpeg",600,800,true],"woocommerce_gallery_thumbnail":["https:\/\/deliciaspersas.com\/wp-content\/uploads\/agua-de-rosas-pamir-Dayan-100x100.jpeg",100,100,true]},"uagb_author_info":{"display_name":"admin","author_link":"https:\/\/deliciaspersas.com\/en\/author\/"},"uagb_comment_info":0,"uagb_excerpt":"Agua de rosas &#8211; Aragh Golab 500ml Pamir Informaci\u00f3n del producto: Debido al aroma tan agradable que tiene el agua de rosas, se usa para dar sabor a arroces y postres como los Baklava, helados, pudding, bollos y pasteles. Tambi\u00e9n se usa junto al t\u00e9 para obtener una bebida calmante. El agua de rosas es&hellip;","brands":[{"id":1137,"name":"Pamir","slug":"pamir"}],"_links":{"self":[{"href":"https:\/\/deliciaspersas.com\/en\/wp-json\/wp\/v2\/product\/16475"}],"collection":[{"href":"https:\/\/deliciaspersas.com\/en\/wp-json\/wp\/v2\/product"}],"about":[{"href":"https:\/\/deliciaspersas.com\/en\/wp-json\/wp\/v2\/types\/product"}],"wp:featuredmedia":[{"embeddable":true,"href":"https:\/\/deliciaspersas.com\/en\/wp-json\/wp\/v2\/media\/16476"}],"wp:attachment":[{"href":"https:\/\/deliciaspersas.com\/en\/wp-json\/wp\/v2\/media?parent=16475"}],"wp:term":[{"taxonomy":"pwb-brand","embeddable":true,"href":"https:\/\/deliciaspersas.com\/en\/wp-json\/wp\/v2\/pwb-brand?post=16475"},{"taxonomy":"product_cat","embeddable":true,"href":"https:\/\/deliciaspersas.com\/en\/wp-json\/wp\/v2\/product_cat?post=16475"},{"taxonomy":"product_tag","embeddable":true,"href":"https:\/\/deliciaspersas.com\/en\/wp-json\/wp\/v2\/product_tag?post=16475"}],"curies":[{"name":"wp","href":"https:\/\/api.w.org\/{rel}","templated":true}]}}