{"id":16496,"date":"2025-01-23T11:26:20","date_gmt":"2025-01-23T10:26:20","guid":{"rendered":"https:\/\/deliciaspersas.com\/?post_type=product&#038;p=16496"},"modified":"2026-03-24T18:58:35","modified_gmt":"2026-03-24T17:58:35","slug":"ciruela-deshidratada-aloo-bukhara-500g-dayan","status":"publish","type":"product","link":"https:\/\/deliciaspersas.com\/en\/tienda\/secos\/ciruela-deshidratada-aloo-bukhara-500g-dayan\/","title":{"rendered":"Ciruela deshidratada  (Aloo Bukhara) 500g Dayan"},"content":{"rendered":"<h1>Ciruela deshidratada (Aloo Bukhara) 500g Dayan<\/h1>\n<p>1. Trata los trastornos digestivos.<br \/>\nLos compuestos de sorbitol e isatina de las ciruelas regulan el sistema digestivo y eliminan el estre\u00f1imiento.<\/p>\n<p>2. Es una buena fuente de vitamina C. La vitamina C de la ciruela fortalece el organismo contra agentes infecciosos y lucha contra la inflamaci\u00f3n y los radicales libres.<br \/>\n3. Aumenta la salud cardiovascular.<\/p>\n<p>Las ciruelas tambi\u00e9n ayudan a mantener la salud del coraz\u00f3n. Esta fruta contiene antioxidantes que eliminan los radicales libres y evitan que el colesterol se oxide. La oxidaci\u00f3n del colesterol es peligrosa para los vasos sangu\u00edneos y, con el tiempo, puede provocar enfermedades card\u00edacas, como colesterol alto y ataques card\u00edacos. La vitamina C de las ciruelas es especialmente \u00fatil para prevenir problemas card\u00edacos en pacientes diab\u00e9ticos.<\/p>\n<p>4. Combate las c\u00e9lulas cancerosas.<\/p>\n<p>Seg\u00fan algunas investigaciones, las ciruelas pueden ser eficaces para prevenir ciertos c\u00e1nceres, incluidos los de mama, colon y v\u00edas respiratorias. Los pigmentos rojo azulados de la pulpa de esta fruta, conocidos como antocianinas, repelen los radicales libres y protegen as\u00ed el organismo contra el c\u00e1ncer. La vitamina A contenida en las ciruelas tambi\u00e9n previene el c\u00e1ncer oral. Las ciruelas son especialmente eficaces para prevenir el c\u00e1ncer de mama. El poder antioxidante de esta fruta y sus fitonutrientes (nutrientes vegetales) detienen el crecimiento de las c\u00e9lulas del c\u00e1ncer de mama sin da\u00f1ar las c\u00e9lulas sanas.<\/p>\n","protected":false},"excerpt":{"rendered":"<p>Ciruela deshidratada (Aloo Bukhara) 500g Dayan 1. Trata los trastornos digestivos. Los compuestos de sorbitol e isatina de las ciruelas regulan el sistema digestivo y eliminan el estre\u00f1imiento. 2. Es una buena fuente de vitamina C. La vitamina C de la ciruela fortalece el organismo contra agentes infecciosos y lucha contra la inflamaci\u00f3n y los [&hellip;]<\/p>\n","protected":false},"featured_media":13990,"template":"","meta":{"_surecart_dashboard_logo_width":"180px","_surecart_dashboard_show_logo":true,"_surecart_dashboard_navigation_orders":true,"_surecart_dashboard_navigation_invoices":true,"_surecart_dashboard_navigation_subscriptions":true,"_surecart_dashboard_navigation_downloads":true,"_surecart_dashboard_navigation_billing":true,"_surecart_dashboard_navigation_account":true,"_uag_custom_page_level_css":"","site-sidebar-layout":"default","site-content-layout":"","ast-site-content-layout":"default","site-content-style":"default","site-sidebar-style":"default","ast-global-header-display":"","ast-banner-title-visibility":"","ast-main-header-display":"","ast-hfb-above-header-display":"","ast-hfb-below-header-display":"","ast-hfb-mobile-header-display":"","site-post-title":"","ast-breadcrumbs-content":"","ast-featured-img":"","footer-sml-layout":"","theme-transparent-header-meta":"default","adv-header-id-meta":"","stick-header-meta":"","header-above-stick-meta":"","header-main-stick-meta":"","header-below-stick-meta":"","astra-migrate-meta-layouts":"set","ast-page-background-enabled":"default","ast-page-background-meta":{"desktop":{"background-color":"","background-image":"","background-repeat":"repeat","background-position":"center center","background-size":"auto","background-attachment":"scroll","background-type":"","background-media":"","overlay-type":"","overlay-color":"","overlay-opacity":"","overlay-gradient":""},"tablet":{"background-color":"","background-image":"","background-repeat":"repeat","background-position":"center center","background-size":"auto","background-attachment":"scroll","background-type":"","background-media":"","overlay-type":"","overlay-color":"","overlay-opacity":"","overlay-gradient":""},"mobile":{"background-color":"","background-image":"","background-repeat":"repeat","background-position":"center center","background-size":"auto","background-attachment":"scroll","background-type":"","background-media":"","overlay-type":"","overlay-color":"","overlay-opacity":"","overlay-gradient":""}},"ast-content-background-meta":{"desktop":{"background-color":"var(--ast-global-color-5)","background-image":"","background-repeat":"repeat","background-position":"center center","background-size":"auto","background-attachment":"scroll","background-type":"","background-media":"","overlay-type":"","overlay-color":"","overlay-opacity":"","overlay-gradient":""},"tablet":{"background-color":"var(--ast-global-color-5)","background-image":"","background-repeat":"repeat","background-position":"center center","background-size":"auto","background-attachment":"scroll","background-type":"","background-media":"","overlay-type":"","overlay-color":"","overlay-opacity":"","overlay-gradient":""},"mobile":{"background-color":"var(--ast-global-color-5)","background-image":"","background-repeat":"repeat","background-position":"center center","background-size":"auto","background-attachment":"scroll","background-type":"","background-media":"","overlay-type":"","overlay-color":"","overlay-opacity":"","overlay-gradient":""}}},"pwb-brand":[113],"product_cat":[40,1099,106],"product_tag":[571,555,1135,910],"class_list":{"0":"post-16496","1":"product","2":"type-product","3":"status-publish","4":"has-post-thumbnail","6":"pwb-brand-dayan-2","7":"product_cat-secos","8":"product_cat-granel","9":"product_cat-nuevos-productos","10":"product_tag-ciruela","11":"product_tag-deshidratada","12":"product_tag-granel","13":"product_tag-910","14":"desktop-align-center","15":"tablet-align-center","16":"mobile-align-center","18":"first","19":"outofstock","20":"taxable","21":"shipping-taxable","22":"purchasable","23":"product-type-simple"},"yoast_head":"<!-- This site is optimized with the Yoast SEO plugin v23.6 - https:\/\/yoast.com\/wordpress\/plugins\/seo\/ -->\n<title>Ciruela deshidratada (Aloo Bukhara) 500g Dayan - Delicias Persas<\/title>\n<meta name=\"robots\" content=\"index, follow, max-snippet:-1, max-image-preview:large, max-video-preview:-1\" \/>\n<link rel=\"canonical\" href=\"https:\/\/deliciaspersas.com\/en\/tienda\/secos\/ciruela-deshidratada-aloo-bukhara-500g-dayan\/\" \/>\n<meta property=\"og:locale\" content=\"en_US\" \/>\n<meta property=\"og:type\" content=\"article\" \/>\n<meta property=\"og:title\" content=\"Ciruela deshidratada (Aloo Bukhara) 500g Dayan - Delicias Persas\" \/>\n<meta property=\"og:description\" content=\"Ciruela deshidratada (Aloo Bukhara) 500g Dayan 1. Trata los trastornos digestivos. Los compuestos de sorbitol e isatina de las ciruelas regulan el sistema digestivo y eliminan el estre\u00f1imiento. 2. Es una buena fuente de vitamina C. La vitamina C de la ciruela fortalece el organismo contra agentes infecciosos y lucha contra la inflamaci\u00f3n y los [&hellip;]\" \/>\n<meta property=\"og:url\" content=\"https:\/\/deliciaspersas.com\/en\/tienda\/secos\/ciruela-deshidratada-aloo-bukhara-500g-dayan\/\" \/>\n<meta property=\"og:site_name\" content=\"Delicias Persas\" \/>\n<meta property=\"article:publisher\" content=\"https:\/\/www.facebook.com\/Deliciaspersas\" \/>\n<meta property=\"article:modified_time\" content=\"2026-03-24T17:58:35+00:00\" \/>\n<meta property=\"og:image\" content=\"https:\/\/deliciaspersas.com\/wp-content\/uploads\/\u0622\u0644\u0648-\u0628\u062e\u0627\u0631\u0627.jpg\" \/>\n\t<meta property=\"og:image:width\" content=\"700\" \/>\n\t<meta property=\"og:image:height\" content=\"700\" \/>\n\t<meta property=\"og:image:type\" content=\"image\/jpeg\" \/>\n<meta name=\"twitter:card\" content=\"summary_large_image\" \/>\n<meta name=\"twitter:label1\" content=\"Est. reading time\" \/>\n\t<meta name=\"twitter:data1\" content=\"2 minutes\" \/>\n<script type=\"application\/ld+json\" class=\"yoast-schema-graph\">{\"@context\":\"https:\/\/schema.org\",\"@graph\":[{\"@type\":\"WebPage\",\"@id\":\"https:\/\/deliciaspersas.com\/en\/tienda\/secos\/ciruela-deshidratada-aloo-bukhara-500g-dayan\/\",\"url\":\"https:\/\/deliciaspersas.com\/en\/tienda\/secos\/ciruela-deshidratada-aloo-bukhara-500g-dayan\/\",\"name\":\"Ciruela deshidratada (Aloo Bukhara) 500g Dayan - Delicias Persas\",\"isPartOf\":{\"@id\":\"https:\/\/deliciaspersas.com\/en\/#website\"},\"primaryImageOfPage\":{\"@id\":\"https:\/\/deliciaspersas.com\/en\/tienda\/secos\/ciruela-deshidratada-aloo-bukhara-500g-dayan\/#primaryimage\"},\"image\":{\"@id\":\"https:\/\/deliciaspersas.com\/en\/tienda\/secos\/ciruela-deshidratada-aloo-bukhara-500g-dayan\/#primaryimage\"},\"thumbnailUrl\":\"https:\/\/deliciaspersas.com\/wp-content\/uploads\/\u0622\u0644\u0648-\u0628\u062e\u0627\u0631\u0627.jpg\",\"datePublished\":\"2025-01-23T10:26:20+00:00\",\"dateModified\":\"2026-03-24T17:58:35+00:00\",\"breadcrumb\":{\"@id\":\"https:\/\/deliciaspersas.com\/en\/tienda\/secos\/ciruela-deshidratada-aloo-bukhara-500g-dayan\/#breadcrumb\"},\"inLanguage\":\"en-US\",\"potentialAction\":[{\"@type\":\"ReadAction\",\"target\":[\"https:\/\/deliciaspersas.com\/en\/tienda\/secos\/ciruela-deshidratada-aloo-bukhara-500g-dayan\/\"]}]},{\"@type\":\"ImageObject\",\"inLanguage\":\"en-US\",\"@id\":\"https:\/\/deliciaspersas.com\/en\/tienda\/secos\/ciruela-deshidratada-aloo-bukhara-500g-dayan\/#primaryimage\",\"url\":\"https:\/\/deliciaspersas.com\/wp-content\/uploads\/\u0622\u0644\u0648-\u0628\u062e\u0627\u0631\u0627.jpg\",\"contentUrl\":\"https:\/\/deliciaspersas.com\/wp-content\/uploads\/\u0622\u0644\u0648-\u0628\u062e\u0627\u0631\u0627.jpg\",\"width\":700,\"height\":700},{\"@type\":\"BreadcrumbList\",\"@id\":\"https:\/\/deliciaspersas.com\/en\/tienda\/secos\/ciruela-deshidratada-aloo-bukhara-500g-dayan\/#breadcrumb\",\"itemListElement\":[{\"@type\":\"ListItem\",\"position\":1,\"name\":\"Portada\",\"item\":\"https:\/\/deliciaspersas.com\/en\/\"},{\"@type\":\"ListItem\",\"position\":2,\"name\":\"Tienda\",\"item\":\"https:\/\/deliciaspersas.com\/\"},{\"@type\":\"ListItem\",\"position\":3,\"name\":\"Ciruela deshidratada (Aloo Bukhara) 500g Dayan\"}]},{\"@type\":\"WebSite\",\"@id\":\"https:\/\/deliciaspersas.com\/en\/#website\",\"url\":\"https:\/\/deliciaspersas.com\/en\/\",\"name\":\"Delicias Persas\",\"description\":\"Gastronom&iacute;a persa al alcance de tus manos\",\"publisher\":{\"@id\":\"https:\/\/deliciaspersas.com\/en\/#organization\"},\"potentialAction\":[{\"@type\":\"SearchAction\",\"target\":{\"@type\":\"EntryPoint\",\"urlTemplate\":\"https:\/\/deliciaspersas.com\/en\/?s={search_term_string}\"},\"query-input\":{\"@type\":\"PropertyValueSpecification\",\"valueRequired\":true,\"valueName\":\"search_term_string\"}}],\"inLanguage\":\"en-US\"},{\"@type\":\"Organization\",\"@id\":\"https:\/\/deliciaspersas.com\/en\/#organization\",\"name\":\"Delicias Persas\",\"url\":\"https:\/\/deliciaspersas.com\/en\/\",\"logo\":{\"@type\":\"ImageObject\",\"inLanguage\":\"en-US\",\"@id\":\"https:\/\/deliciaspersas.com\/en\/#\/schema\/logo\/image\/\",\"url\":\"https:\/\/deliciaspersas.com\/wp-content\/uploads\/2020\/07\/logo-2020.png\",\"contentUrl\":\"https:\/\/deliciaspersas.com\/wp-content\/uploads\/2020\/07\/logo-2020.png\",\"width\":520,\"height\":490,\"caption\":\"Delicias Persas\"},\"image\":{\"@id\":\"https:\/\/deliciaspersas.com\/en\/#\/schema\/logo\/image\/\"},\"sameAs\":[\"https:\/\/www.facebook.com\/Deliciaspersas\",\"https:\/\/www.instagram.com\/delicias_persas\/\",\"https:\/\/www.linkedin.com\/delicias-persas\"]}]}<\/script>\n<!-- \/ Yoast SEO plugin. -->","yoast_head_json":{"title":"Ciruela deshidratada (Aloo Bukhara) 500g Dayan - Delicias Persas","robots":{"index":"index","follow":"follow","max-snippet":"max-snippet:-1","max-image-preview":"max-image-preview:large","max-video-preview":"max-video-preview:-1"},"canonical":"https:\/\/deliciaspersas.com\/en\/tienda\/secos\/ciruela-deshidratada-aloo-bukhara-500g-dayan\/","og_locale":"en_US","og_type":"article","og_title":"Ciruela deshidratada (Aloo Bukhara) 500g Dayan - Delicias Persas","og_description":"Ciruela deshidratada (Aloo Bukhara) 500g Dayan 1. Trata los trastornos digestivos. Los compuestos de sorbitol e isatina de las ciruelas regulan el sistema digestivo y eliminan el estre\u00f1imiento. 2. Es una buena fuente de vitamina C. La vitamina C de la ciruela fortalece el organismo contra agentes infecciosos y lucha contra la inflamaci\u00f3n y los [&hellip;]","og_url":"https:\/\/deliciaspersas.com\/en\/tienda\/secos\/ciruela-deshidratada-aloo-bukhara-500g-dayan\/","og_site_name":"Delicias Persas","article_publisher":"https:\/\/www.facebook.com\/Deliciaspersas","article_modified_time":"2026-03-24T17:58:35+00:00","og_image":[{"width":700,"height":700,"url":"https:\/\/deliciaspersas.com\/wp-content\/uploads\/\u0622\u0644\u0648-\u0628\u062e\u0627\u0631\u0627.jpg","type":"image\/jpeg"}],"twitter_card":"summary_large_image","twitter_misc":{"Est. reading time":"2 minutes"},"schema":{"@context":"https:\/\/schema.org","@graph":[{"@type":"WebPage","@id":"https:\/\/deliciaspersas.com\/en\/tienda\/secos\/ciruela-deshidratada-aloo-bukhara-500g-dayan\/","url":"https:\/\/deliciaspersas.com\/en\/tienda\/secos\/ciruela-deshidratada-aloo-bukhara-500g-dayan\/","name":"Ciruela deshidratada (Aloo Bukhara) 500g Dayan - Delicias Persas","isPartOf":{"@id":"https:\/\/deliciaspersas.com\/en\/#website"},"primaryImageOfPage":{"@id":"https:\/\/deliciaspersas.com\/en\/tienda\/secos\/ciruela-deshidratada-aloo-bukhara-500g-dayan\/#primaryimage"},"image":{"@id":"https:\/\/deliciaspersas.com\/en\/tienda\/secos\/ciruela-deshidratada-aloo-bukhara-500g-dayan\/#primaryimage"},"thumbnailUrl":"https:\/\/deliciaspersas.com\/wp-content\/uploads\/\u0622\u0644\u0648-\u0628\u062e\u0627\u0631\u0627.jpg","datePublished":"2025-01-23T10:26:20+00:00","dateModified":"2026-03-24T17:58:35+00:00","breadcrumb":{"@id":"https:\/\/deliciaspersas.com\/en\/tienda\/secos\/ciruela-deshidratada-aloo-bukhara-500g-dayan\/#breadcrumb"},"inLanguage":"en-US","potentialAction":[{"@type":"ReadAction","target":["https:\/\/deliciaspersas.com\/en\/tienda\/secos\/ciruela-deshidratada-aloo-bukhara-500g-dayan\/"]}]},{"@type":"ImageObject","inLanguage":"en-US","@id":"https:\/\/deliciaspersas.com\/en\/tienda\/secos\/ciruela-deshidratada-aloo-bukhara-500g-dayan\/#primaryimage","url":"https:\/\/deliciaspersas.com\/wp-content\/uploads\/\u0622\u0644\u0648-\u0628\u062e\u0627\u0631\u0627.jpg","contentUrl":"https:\/\/deliciaspersas.com\/wp-content\/uploads\/\u0622\u0644\u0648-\u0628\u062e\u0627\u0631\u0627.jpg","width":700,"height":700},{"@type":"BreadcrumbList","@id":"https:\/\/deliciaspersas.com\/en\/tienda\/secos\/ciruela-deshidratada-aloo-bukhara-500g-dayan\/#breadcrumb","itemListElement":[{"@type":"ListItem","position":1,"name":"Portada","item":"https:\/\/deliciaspersas.com\/en\/"},{"@type":"ListItem","position":2,"name":"Tienda","item":"https:\/\/deliciaspersas.com\/"},{"@type":"ListItem","position":3,"name":"Ciruela deshidratada (Aloo Bukhara) 500g Dayan"}]},{"@type":"WebSite","@id":"https:\/\/deliciaspersas.com\/en\/#website","url":"https:\/\/deliciaspersas.com\/en\/","name":"Delicias Persas","description":"Gastronom&iacute;a persa al alcance de tus manos","publisher":{"@id":"https:\/\/deliciaspersas.com\/en\/#organization"},"potentialAction":[{"@type":"SearchAction","target":{"@type":"EntryPoint","urlTemplate":"https:\/\/deliciaspersas.com\/en\/?s={search_term_string}"},"query-input":{"@type":"PropertyValueSpecification","valueRequired":true,"valueName":"search_term_string"}}],"inLanguage":"en-US"},{"@type":"Organization","@id":"https:\/\/deliciaspersas.com\/en\/#organization","name":"Delicias Persas","url":"https:\/\/deliciaspersas.com\/en\/","logo":{"@type":"ImageObject","inLanguage":"en-US","@id":"https:\/\/deliciaspersas.com\/en\/#\/schema\/logo\/image\/","url":"https:\/\/deliciaspersas.com\/wp-content\/uploads\/2020\/07\/logo-2020.png","contentUrl":"https:\/\/deliciaspersas.com\/wp-content\/uploads\/2020\/07\/logo-2020.png","width":520,"height":490,"caption":"Delicias Persas"},"image":{"@id":"https:\/\/deliciaspersas.com\/en\/#\/schema\/logo\/image\/"},"sameAs":["https:\/\/www.facebook.com\/Deliciaspersas","https:\/\/www.instagram.com\/delicias_persas\/","https:\/\/www.linkedin.com\/delicias-persas"]}]}},"uagb_featured_image_src":{"full":["https:\/\/deliciaspersas.com\/wp-content\/uploads\/\u0622\u0644\u0648-\u0628\u062e\u0627\u0631\u0627.jpg",700,700,false],"thumbnail":["https:\/\/deliciaspersas.com\/wp-content\/uploads\/\u0622\u0644\u0648-\u0628\u062e\u0627\u0631\u0627-150x150.jpg",150,150,true],"medium":["https:\/\/deliciaspersas.com\/wp-content\/uploads\/\u0622\u0644\u0648-\u0628\u062e\u0627\u0631\u0627-300x300.jpg",300,300,true],"medium_large":["https:\/\/deliciaspersas.com\/wp-content\/uploads\/\u0622\u0644\u0648-\u0628\u062e\u0627\u0631\u0627.jpg",700,700,false],"large":["https:\/\/deliciaspersas.com\/wp-content\/uploads\/\u0622\u0644\u0648-\u0628\u062e\u0627\u0631\u0627.jpg",700,700,false],"1536x1536":["https:\/\/deliciaspersas.com\/wp-content\/uploads\/\u0622\u0644\u0648-\u0628\u062e\u0627\u0631\u0627.jpg",700,700,false],"2048x2048":["https:\/\/deliciaspersas.com\/wp-content\/uploads\/\u0622\u0644\u0648-\u0628\u062e\u0627\u0631\u0627.jpg",700,700,false],"woocommerce_thumbnail":["https:\/\/deliciaspersas.com\/wp-content\/uploads\/\u0622\u0644\u0648-\u0628\u062e\u0627\u0631\u0627-300x300.jpg",300,300,true],"woocommerce_single":["https:\/\/deliciaspersas.com\/wp-content\/uploads\/\u0622\u0644\u0648-\u0628\u062e\u0627\u0631\u0627-600x600.jpg",600,600,true],"woocommerce_gallery_thumbnail":["https:\/\/deliciaspersas.com\/wp-content\/uploads\/\u0622\u0644\u0648-\u0628\u062e\u0627\u0631\u0627-100x100.jpg",100,100,true]},"uagb_author_info":{"display_name":"admin","author_link":"https:\/\/deliciaspersas.com\/en\/author\/"},"uagb_comment_info":0,"uagb_excerpt":"Ciruela deshidratada (Aloo Bukhara) 500g Dayan 1. Trata los trastornos digestivos. Los compuestos de sorbitol e isatina de las ciruelas regulan el sistema digestivo y eliminan el estre\u00f1imiento. 2. Es una buena fuente de vitamina C. La vitamina C de la ciruela fortalece el organismo contra agentes infecciosos y lucha contra la inflamaci\u00f3n y los&hellip;","brands":[{"id":113,"name":"Dayan","slug":"dayan-2"}],"_links":{"self":[{"href":"https:\/\/deliciaspersas.com\/en\/wp-json\/wp\/v2\/product\/16496"}],"collection":[{"href":"https:\/\/deliciaspersas.com\/en\/wp-json\/wp\/v2\/product"}],"about":[{"href":"https:\/\/deliciaspersas.com\/en\/wp-json\/wp\/v2\/types\/product"}],"wp:featuredmedia":[{"embeddable":true,"href":"https:\/\/deliciaspersas.com\/en\/wp-json\/wp\/v2\/media\/13990"}],"wp:attachment":[{"href":"https:\/\/deliciaspersas.com\/en\/wp-json\/wp\/v2\/media?parent=16496"}],"wp:term":[{"taxonomy":"pwb-brand","embeddable":true,"href":"https:\/\/deliciaspersas.com\/en\/wp-json\/wp\/v2\/pwb-brand?post=16496"},{"taxonomy":"product_cat","embeddable":true,"href":"https:\/\/deliciaspersas.com\/en\/wp-json\/wp\/v2\/product_cat?post=16496"},{"taxonomy":"product_tag","embeddable":true,"href":"https:\/\/deliciaspersas.com\/en\/wp-json\/wp\/v2\/product_tag?post=16496"}],"curies":[{"name":"wp","href":"https:\/\/api.w.org\/{rel}","templated":true}]}}