{"id":16532,"date":"2025-02-04T13:07:08","date_gmt":"2025-02-04T12:07:08","guid":{"rendered":"https:\/\/deliciaspersas.com\/?post_type=product&#038;p=16532"},"modified":"2025-12-11T14:46:25","modified_gmt":"2025-12-11T13:46:25","slug":"pipas-de-sandilla-granel-tokhme-mahbubi-250g-dayan","status":"publish","type":"product","link":"https:\/\/deliciaspersas.com\/en\/tienda\/secos\/pipas-de-sandilla-granel-tokhme-mahbubi-250g-dayan\/","title":{"rendered":"Pipas de Sandilla granel (Tokhme Mahbubi) 250g Dayan"},"content":{"rendered":"<h1>Pipas de Sandilla granel (Tokhme Mahbubi) 250g Dayan<\/h1>\n<h6>Informaci\u00f3n Semillas populares del producto:<\/h6>\n<p class=\"title\" data-asset-id=\"967547802\">Semillas y pipas.<\/p>\n<h6>Usos:<\/h6>\n<div class=\"step\">\n<div class=\"paragraph\"><\/div>\n<\/div>\n<div class=\"step\">\n<div class=\"paragraph\">\n<p>Las pipas y las semillas son una fuente de energ\u00eda importante. Se trata de un alimento recomendado para personas que desarrollan una alta actividad f\u00edsica, al tiempo que son ricas en prote\u00ednas, que permiten el desarrollo muscular y la regeneraci\u00f3n de tejidos.<\/p>\n<p>Las semillas han ganado popularidad en los \u00faltimos a\u00f1os, ya que se ha reconocido que tienen algunos nutrientes y propiedades que contribuyen a mejorar la salud.<\/p>\n<p>No hay evidencias que demuestren que las semillas son \u00fatiles contra el estre\u00f1imiento. Sin embargo, cuando se preparan en agua pueden contribuir a la salud digestiva, ya que un adecuado aporte de l\u00edquido es clave en el tratamiento contra el estre\u00f1imiento.<\/p>\n<p>Adem\u00e1s, su ligero aporte de fibra ayuda a aumentar la frecuencia de las heces.<\/p>\n<p>Pueden emplearse como complemento en el proceso de perder peso, ya que son bajas en calor\u00edas\u00a0y contribuyen a prolongar la sensaci\u00f3n de saciedad.<\/p>\n<p>Las semillas son una fuente considerable de nutrientes en la dieta, lo que puede traducirse en una mejor salud. Concentran lo siguiente:<\/p>\n<p>Grasa, prote\u00edna, fibra, ceniza, carbohidratos y minerales (Ca, P, Mg, Na, K y Zn).<\/p>\n<p>Las semillas hacen un aporte cal\u00f3rico considerable. Por esta raz\u00f3n, se recomiendan para recargarse de energ\u00eda en esos momentos de fatiga. Incluso, su preparaci\u00f3n en agua puede ser una buena opci\u00f3n para rehidratar el organismo<strong>,<\/strong>\u00a0por ejemplo, en los d\u00edas de calor.<\/p>\n<p>Gracias a su ligero aporte de \u00e1cidos grasos monoinsaturados y poliinsaturados, estas semillas pueden causar efectos positivos sobre la salud card\u00edaca.<\/p>\n<p>Este tipo de grasas tienen un efecto positivo en la prevenci\u00f3n de enfermedades card\u00edacas, como aterosclerosis, ataques card\u00edacos y derrames cerebrales.\u00a0Adem\u00e1s, ayudan a reducir los niveles de colesterol malo en sangre.<\/p>\n<\/div>\n<\/div>\n<h6>Condiciones de conservaci\u00f3n:<\/h6>\n<p>Conservar en un lugar fresco, seco y protegido de la luz.<\/p>\n<h6>Informaci\u00f3n adicional:<\/h6>\n<p>Fabricado por: Dayan<\/p>\n","protected":false},"excerpt":{"rendered":"<p>Pipas de Sandilla granel (Tokhme Mahbubi) 250g Dayan Informaci\u00f3n Semillas populares del producto: Semillas y pipas. Usos: Las pipas y las semillas son una fuente de energ\u00eda importante. Se trata de un alimento recomendado para personas que desarrollan una alta actividad f\u00edsica, al tiempo que son ricas en prote\u00ednas, que permiten el desarrollo muscular y [&hellip;]<\/p>\n","protected":false},"featured_media":16533,"template":"","meta":{"_surecart_dashboard_logo_width":"180px","_surecart_dashboard_show_logo":true,"_surecart_dashboard_navigation_orders":true,"_surecart_dashboard_navigation_invoices":true,"_surecart_dashboard_navigation_subscriptions":true,"_surecart_dashboard_navigation_downloads":true,"_surecart_dashboard_navigation_billing":true,"_surecart_dashboard_navigation_account":true,"_uag_custom_page_level_css":"","site-sidebar-layout":"default","site-content-layout":"default","ast-site-content-layout":"default","site-content-style":"default","site-sidebar-style":"default","ast-global-header-display":"","ast-banner-title-visibility":"","ast-main-header-display":"","ast-hfb-above-header-display":"","ast-hfb-below-header-display":"","ast-hfb-mobile-header-display":"","site-post-title":"","ast-breadcrumbs-content":"","ast-featured-img":"","footer-sml-layout":"","theme-transparent-header-meta":"default","adv-header-id-meta":"","stick-header-meta":"","header-above-stick-meta":"","header-main-stick-meta":"","header-below-stick-meta":"","astra-migrate-meta-layouts":"set","ast-page-background-enabled":"default","ast-page-background-meta":{"desktop":{"background-color":"","background-image":"","background-repeat":"repeat","background-position":"center center","background-size":"auto","background-attachment":"scroll","background-type":"","background-media":"","overlay-type":"","overlay-color":"","overlay-opacity":"","overlay-gradient":""},"tablet":{"background-color":"","background-image":"","background-repeat":"repeat","background-position":"center center","background-size":"auto","background-attachment":"scroll","background-type":"","background-media":"","overlay-type":"","overlay-color":"","overlay-opacity":"","overlay-gradient":""},"mobile":{"background-color":"","background-image":"","background-repeat":"repeat","background-position":"center center","background-size":"auto","background-attachment":"scroll","background-type":"","background-media":"","overlay-type":"","overlay-color":"","overlay-opacity":"","overlay-gradient":""}},"ast-content-background-meta":{"desktop":{"background-color":"var(--ast-global-color-5)","background-image":"","background-repeat":"repeat","background-position":"center center","background-size":"auto","background-attachment":"scroll","background-type":"","background-media":"","overlay-type":"","overlay-color":"","overlay-opacity":"","overlay-gradient":""},"tablet":{"background-color":"var(--ast-global-color-5)","background-image":"","background-repeat":"repeat","background-position":"center center","background-size":"auto","background-attachment":"scroll","background-type":"","background-media":"","overlay-type":"","overlay-color":"","overlay-opacity":"","overlay-gradient":""},"mobile":{"background-color":"var(--ast-global-color-5)","background-image":"","background-repeat":"repeat","background-position":"center center","background-size":"auto","background-attachment":"scroll","background-type":"","background-media":"","overlay-type":"","overlay-color":"","overlay-opacity":"","overlay-gradient":""}}},"pwb-brand":[113],"product_cat":[40,1099],"product_tag":[556,1543,875,1675,791,278,281,279],"class_list":{"0":"post-16532","1":"product","2":"type-product","3":"status-publish","4":"has-post-thumbnail","6":"pwb-brand-dayan-2","7":"product_cat-secos","8":"product_cat-granel","9":"product_tag-frutos-secos","10":"product_tag-nuts","11":"product_tag-pipas","12":"product_tag-sandia","13":"product_tag-semillas","14":"product_tag-278","15":"product_tag-281","16":"product_tag-279","17":"desktop-align-center","18":"tablet-align-center","19":"mobile-align-center","21":"first","22":"instock","23":"taxable","24":"shipping-taxable","25":"purchasable","26":"product-type-simple"},"yoast_head":"<!-- This site is optimized with the Yoast SEO plugin v23.6 - https:\/\/yoast.com\/wordpress\/plugins\/seo\/ -->\n<title>Pipas de Sandilla granel (Tokhme Mahbubi) 250g Dayan - Delicias Persas<\/title>\n<meta name=\"description\" content=\"El Semillas populareses un a\u00f1adido de nuestros platos, comunmente a\u00f1adido al arroz, y es empleado en diferentes platos\" \/>\n<meta name=\"robots\" content=\"index, follow, max-snippet:-1, max-image-preview:large, max-video-preview:-1\" \/>\n<link rel=\"canonical\" href=\"https:\/\/deliciaspersas.com\/en\/tienda\/secos\/pipas-de-sandilla-granel-tokhme-mahbubi-250g-dayan\/\" \/>\n<meta property=\"og:locale\" content=\"en_US\" \/>\n<meta property=\"og:type\" content=\"article\" \/>\n<meta property=\"og:title\" content=\"Pipas de Sandilla granel (Tokhme Mahbubi) 250g Dayan - Delicias Persas\" \/>\n<meta property=\"og:description\" content=\"El Semillas populareses un a\u00f1adido de nuestros platos, comunmente a\u00f1adido al arroz, y es empleado en diferentes platos\" \/>\n<meta property=\"og:url\" content=\"https:\/\/deliciaspersas.com\/en\/tienda\/secos\/pipas-de-sandilla-granel-tokhme-mahbubi-250g-dayan\/\" \/>\n<meta property=\"og:site_name\" content=\"Delicias Persas\" \/>\n<meta property=\"article:publisher\" content=\"https:\/\/www.facebook.com\/Deliciaspersas\" \/>\n<meta property=\"article:modified_time\" content=\"2025-12-11T13:46:25+00:00\" \/>\n<meta property=\"og:image\" content=\"https:\/\/deliciaspersas.com\/wp-content\/uploads\/Pipas-Sandia-Dayan.webp\" \/>\n\t<meta property=\"og:image:width\" content=\"1000\" \/>\n\t<meta property=\"og:image:height\" content=\"1000\" \/>\n\t<meta property=\"og:image:type\" content=\"image\/webp\" \/>\n<meta name=\"twitter:card\" content=\"summary_large_image\" \/>\n<meta name=\"twitter:label1\" content=\"Est. reading time\" \/>\n\t<meta name=\"twitter:data1\" content=\"2 minutes\" \/>\n<script type=\"application\/ld+json\" class=\"yoast-schema-graph\">{\"@context\":\"https:\/\/schema.org\",\"@graph\":[{\"@type\":\"WebPage\",\"@id\":\"https:\/\/deliciaspersas.com\/en\/tienda\/secos\/pipas-de-sandilla-granel-tokhme-mahbubi-250g-dayan\/\",\"url\":\"https:\/\/deliciaspersas.com\/en\/tienda\/secos\/pipas-de-sandilla-granel-tokhme-mahbubi-250g-dayan\/\",\"name\":\"Pipas de Sandilla granel (Tokhme Mahbubi) 250g Dayan - Delicias Persas\",\"isPartOf\":{\"@id\":\"https:\/\/deliciaspersas.com\/en\/#website\"},\"primaryImageOfPage\":{\"@id\":\"https:\/\/deliciaspersas.com\/en\/tienda\/secos\/pipas-de-sandilla-granel-tokhme-mahbubi-250g-dayan\/#primaryimage\"},\"image\":{\"@id\":\"https:\/\/deliciaspersas.com\/en\/tienda\/secos\/pipas-de-sandilla-granel-tokhme-mahbubi-250g-dayan\/#primaryimage\"},\"thumbnailUrl\":\"https:\/\/deliciaspersas.com\/wp-content\/uploads\/Pipas-Sandia-Dayan.webp\",\"datePublished\":\"2025-02-04T12:07:08+00:00\",\"dateModified\":\"2025-12-11T13:46:25+00:00\",\"description\":\"El Semillas populareses un a\u00f1adido de nuestros platos, comunmente a\u00f1adido al arroz, y es empleado en diferentes platos\",\"breadcrumb\":{\"@id\":\"https:\/\/deliciaspersas.com\/en\/tienda\/secos\/pipas-de-sandilla-granel-tokhme-mahbubi-250g-dayan\/#breadcrumb\"},\"inLanguage\":\"en-US\",\"potentialAction\":[{\"@type\":\"ReadAction\",\"target\":[\"https:\/\/deliciaspersas.com\/en\/tienda\/secos\/pipas-de-sandilla-granel-tokhme-mahbubi-250g-dayan\/\"]}]},{\"@type\":\"ImageObject\",\"inLanguage\":\"en-US\",\"@id\":\"https:\/\/deliciaspersas.com\/en\/tienda\/secos\/pipas-de-sandilla-granel-tokhme-mahbubi-250g-dayan\/#primaryimage\",\"url\":\"https:\/\/deliciaspersas.com\/wp-content\/uploads\/Pipas-Sandia-Dayan.webp\",\"contentUrl\":\"https:\/\/deliciaspersas.com\/wp-content\/uploads\/Pipas-Sandia-Dayan.webp\",\"width\":1000,\"height\":1000},{\"@type\":\"BreadcrumbList\",\"@id\":\"https:\/\/deliciaspersas.com\/en\/tienda\/secos\/pipas-de-sandilla-granel-tokhme-mahbubi-250g-dayan\/#breadcrumb\",\"itemListElement\":[{\"@type\":\"ListItem\",\"position\":1,\"name\":\"Portada\",\"item\":\"https:\/\/deliciaspersas.com\/en\/\"},{\"@type\":\"ListItem\",\"position\":2,\"name\":\"Tienda\",\"item\":\"https:\/\/deliciaspersas.com\/\"},{\"@type\":\"ListItem\",\"position\":3,\"name\":\"Pipas de Sandilla granel (Tokhme Mahbubi) 250g Dayan\"}]},{\"@type\":\"WebSite\",\"@id\":\"https:\/\/deliciaspersas.com\/en\/#website\",\"url\":\"https:\/\/deliciaspersas.com\/en\/\",\"name\":\"Delicias Persas\",\"description\":\"Gastronom&iacute;a persa al alcance de tus manos\",\"publisher\":{\"@id\":\"https:\/\/deliciaspersas.com\/en\/#organization\"},\"potentialAction\":[{\"@type\":\"SearchAction\",\"target\":{\"@type\":\"EntryPoint\",\"urlTemplate\":\"https:\/\/deliciaspersas.com\/en\/?s={search_term_string}\"},\"query-input\":{\"@type\":\"PropertyValueSpecification\",\"valueRequired\":true,\"valueName\":\"search_term_string\"}}],\"inLanguage\":\"en-US\"},{\"@type\":\"Organization\",\"@id\":\"https:\/\/deliciaspersas.com\/en\/#organization\",\"name\":\"Delicias Persas\",\"url\":\"https:\/\/deliciaspersas.com\/en\/\",\"logo\":{\"@type\":\"ImageObject\",\"inLanguage\":\"en-US\",\"@id\":\"https:\/\/deliciaspersas.com\/en\/#\/schema\/logo\/image\/\",\"url\":\"https:\/\/deliciaspersas.com\/wp-content\/uploads\/2020\/07\/logo-2020.png\",\"contentUrl\":\"https:\/\/deliciaspersas.com\/wp-content\/uploads\/2020\/07\/logo-2020.png\",\"width\":520,\"height\":490,\"caption\":\"Delicias Persas\"},\"image\":{\"@id\":\"https:\/\/deliciaspersas.com\/en\/#\/schema\/logo\/image\/\"},\"sameAs\":[\"https:\/\/www.facebook.com\/Deliciaspersas\",\"https:\/\/www.instagram.com\/delicias_persas\/\",\"https:\/\/www.linkedin.com\/delicias-persas\"]}]}<\/script>\n<!-- \/ Yoast SEO plugin. -->","yoast_head_json":{"title":"Pipas de Sandilla granel (Tokhme Mahbubi) 250g Dayan - Delicias Persas","description":"El Semillas populareses un a\u00f1adido de nuestros platos, comunmente a\u00f1adido al arroz, y es empleado en diferentes platos","robots":{"index":"index","follow":"follow","max-snippet":"max-snippet:-1","max-image-preview":"max-image-preview:large","max-video-preview":"max-video-preview:-1"},"canonical":"https:\/\/deliciaspersas.com\/en\/tienda\/secos\/pipas-de-sandilla-granel-tokhme-mahbubi-250g-dayan\/","og_locale":"en_US","og_type":"article","og_title":"Pipas de Sandilla granel (Tokhme Mahbubi) 250g Dayan - Delicias Persas","og_description":"El Semillas populareses un a\u00f1adido de nuestros platos, comunmente a\u00f1adido al arroz, y es empleado en diferentes platos","og_url":"https:\/\/deliciaspersas.com\/en\/tienda\/secos\/pipas-de-sandilla-granel-tokhme-mahbubi-250g-dayan\/","og_site_name":"Delicias Persas","article_publisher":"https:\/\/www.facebook.com\/Deliciaspersas","article_modified_time":"2025-12-11T13:46:25+00:00","og_image":[{"width":1000,"height":1000,"url":"https:\/\/deliciaspersas.com\/wp-content\/uploads\/Pipas-Sandia-Dayan.webp","type":"image\/webp"}],"twitter_card":"summary_large_image","twitter_misc":{"Est. reading time":"2 minutes"},"schema":{"@context":"https:\/\/schema.org","@graph":[{"@type":"WebPage","@id":"https:\/\/deliciaspersas.com\/en\/tienda\/secos\/pipas-de-sandilla-granel-tokhme-mahbubi-250g-dayan\/","url":"https:\/\/deliciaspersas.com\/en\/tienda\/secos\/pipas-de-sandilla-granel-tokhme-mahbubi-250g-dayan\/","name":"Pipas de Sandilla granel (Tokhme Mahbubi) 250g Dayan - Delicias Persas","isPartOf":{"@id":"https:\/\/deliciaspersas.com\/en\/#website"},"primaryImageOfPage":{"@id":"https:\/\/deliciaspersas.com\/en\/tienda\/secos\/pipas-de-sandilla-granel-tokhme-mahbubi-250g-dayan\/#primaryimage"},"image":{"@id":"https:\/\/deliciaspersas.com\/en\/tienda\/secos\/pipas-de-sandilla-granel-tokhme-mahbubi-250g-dayan\/#primaryimage"},"thumbnailUrl":"https:\/\/deliciaspersas.com\/wp-content\/uploads\/Pipas-Sandia-Dayan.webp","datePublished":"2025-02-04T12:07:08+00:00","dateModified":"2025-12-11T13:46:25+00:00","description":"El Semillas populareses un a\u00f1adido de nuestros platos, comunmente a\u00f1adido al arroz, y es empleado en diferentes platos","breadcrumb":{"@id":"https:\/\/deliciaspersas.com\/en\/tienda\/secos\/pipas-de-sandilla-granel-tokhme-mahbubi-250g-dayan\/#breadcrumb"},"inLanguage":"en-US","potentialAction":[{"@type":"ReadAction","target":["https:\/\/deliciaspersas.com\/en\/tienda\/secos\/pipas-de-sandilla-granel-tokhme-mahbubi-250g-dayan\/"]}]},{"@type":"ImageObject","inLanguage":"en-US","@id":"https:\/\/deliciaspersas.com\/en\/tienda\/secos\/pipas-de-sandilla-granel-tokhme-mahbubi-250g-dayan\/#primaryimage","url":"https:\/\/deliciaspersas.com\/wp-content\/uploads\/Pipas-Sandia-Dayan.webp","contentUrl":"https:\/\/deliciaspersas.com\/wp-content\/uploads\/Pipas-Sandia-Dayan.webp","width":1000,"height":1000},{"@type":"BreadcrumbList","@id":"https:\/\/deliciaspersas.com\/en\/tienda\/secos\/pipas-de-sandilla-granel-tokhme-mahbubi-250g-dayan\/#breadcrumb","itemListElement":[{"@type":"ListItem","position":1,"name":"Portada","item":"https:\/\/deliciaspersas.com\/en\/"},{"@type":"ListItem","position":2,"name":"Tienda","item":"https:\/\/deliciaspersas.com\/"},{"@type":"ListItem","position":3,"name":"Pipas de Sandilla granel (Tokhme Mahbubi) 250g Dayan"}]},{"@type":"WebSite","@id":"https:\/\/deliciaspersas.com\/en\/#website","url":"https:\/\/deliciaspersas.com\/en\/","name":"Delicias Persas","description":"Gastronom&iacute;a persa al alcance de tus manos","publisher":{"@id":"https:\/\/deliciaspersas.com\/en\/#organization"},"potentialAction":[{"@type":"SearchAction","target":{"@type":"EntryPoint","urlTemplate":"https:\/\/deliciaspersas.com\/en\/?s={search_term_string}"},"query-input":{"@type":"PropertyValueSpecification","valueRequired":true,"valueName":"search_term_string"}}],"inLanguage":"en-US"},{"@type":"Organization","@id":"https:\/\/deliciaspersas.com\/en\/#organization","name":"Delicias Persas","url":"https:\/\/deliciaspersas.com\/en\/","logo":{"@type":"ImageObject","inLanguage":"en-US","@id":"https:\/\/deliciaspersas.com\/en\/#\/schema\/logo\/image\/","url":"https:\/\/deliciaspersas.com\/wp-content\/uploads\/2020\/07\/logo-2020.png","contentUrl":"https:\/\/deliciaspersas.com\/wp-content\/uploads\/2020\/07\/logo-2020.png","width":520,"height":490,"caption":"Delicias Persas"},"image":{"@id":"https:\/\/deliciaspersas.com\/en\/#\/schema\/logo\/image\/"},"sameAs":["https:\/\/www.facebook.com\/Deliciaspersas","https:\/\/www.instagram.com\/delicias_persas\/","https:\/\/www.linkedin.com\/delicias-persas"]}]}},"uagb_featured_image_src":{"full":["https:\/\/deliciaspersas.com\/wp-content\/uploads\/Pipas-Sandia-Dayan.webp",1000,1000,false],"thumbnail":["https:\/\/deliciaspersas.com\/wp-content\/uploads\/Pipas-Sandia-Dayan-150x150.webp",150,150,true],"medium":["https:\/\/deliciaspersas.com\/wp-content\/uploads\/Pipas-Sandia-Dayan-300x300.webp",300,300,true],"medium_large":["https:\/\/deliciaspersas.com\/wp-content\/uploads\/Pipas-Sandia-Dayan-768x768.webp",768,768,true],"large":["https:\/\/deliciaspersas.com\/wp-content\/uploads\/Pipas-Sandia-Dayan.webp",1000,1000,false],"1536x1536":["https:\/\/deliciaspersas.com\/wp-content\/uploads\/Pipas-Sandia-Dayan.webp",1000,1000,false],"2048x2048":["https:\/\/deliciaspersas.com\/wp-content\/uploads\/Pipas-Sandia-Dayan.webp",1000,1000,false],"woocommerce_thumbnail":["https:\/\/deliciaspersas.com\/wp-content\/uploads\/Pipas-Sandia-Dayan-300x300.webp",300,300,true],"woocommerce_single":["https:\/\/deliciaspersas.com\/wp-content\/uploads\/Pipas-Sandia-Dayan-600x600.webp",600,600,true],"woocommerce_gallery_thumbnail":["https:\/\/deliciaspersas.com\/wp-content\/uploads\/Pipas-Sandia-Dayan-100x100.webp",100,100,true]},"uagb_author_info":{"display_name":"admin","author_link":"https:\/\/deliciaspersas.com\/en\/author\/"},"uagb_comment_info":0,"uagb_excerpt":"Pipas de Sandilla granel (Tokhme Mahbubi) 250g Dayan Informaci\u00f3n Semillas populares del producto: Semillas y pipas. Usos: Las pipas y las semillas son una fuente de energ\u00eda importante. Se trata de un alimento recomendado para personas que desarrollan una alta actividad f\u00edsica, al tiempo que son ricas en prote\u00ednas, que permiten el desarrollo muscular y&hellip;","brands":[{"id":113,"name":"Dayan","slug":"dayan-2"}],"_links":{"self":[{"href":"https:\/\/deliciaspersas.com\/en\/wp-json\/wp\/v2\/product\/16532"}],"collection":[{"href":"https:\/\/deliciaspersas.com\/en\/wp-json\/wp\/v2\/product"}],"about":[{"href":"https:\/\/deliciaspersas.com\/en\/wp-json\/wp\/v2\/types\/product"}],"wp:featuredmedia":[{"embeddable":true,"href":"https:\/\/deliciaspersas.com\/en\/wp-json\/wp\/v2\/media\/16533"}],"wp:attachment":[{"href":"https:\/\/deliciaspersas.com\/en\/wp-json\/wp\/v2\/media?parent=16532"}],"wp:term":[{"taxonomy":"pwb-brand","embeddable":true,"href":"https:\/\/deliciaspersas.com\/en\/wp-json\/wp\/v2\/pwb-brand?post=16532"},{"taxonomy":"product_cat","embeddable":true,"href":"https:\/\/deliciaspersas.com\/en\/wp-json\/wp\/v2\/product_cat?post=16532"},{"taxonomy":"product_tag","embeddable":true,"href":"https:\/\/deliciaspersas.com\/en\/wp-json\/wp\/v2\/product_tag?post=16532"}],"curies":[{"name":"wp","href":"https:\/\/api.w.org\/{rel}","templated":true}]}}