{"id":16797,"date":"2025-04-15T12:20:11","date_gmt":"2025-04-15T10:20:11","guid":{"rendered":"https:\/\/deliciaspersas.com\/?post_type=product&#038;p=16797"},"modified":"2025-04-15T12:23:23","modified_gmt":"2025-04-15T10:23:23","slug":"pack-2-unidades-guindillas-en-escabeche-620g-esalat","status":"publish","type":"product","link":"https:\/\/deliciaspersas.com\/en\/tienda\/encurtidos\/pack-2-unidades-guindillas-en-escabeche-620g-esalat\/","title":{"rendered":"Pack 2 unidades Guindillas en escabeche 620g Esalat"},"content":{"rendered":"<h1>\u00a0Pack 2 unidades Guindillas en escabeche 620g Esalat<\/h1>\n<h6>Informaci\u00f3n del producto:<\/h6>\n<p>La cocina persa tiene una amplia variedad de diferentes tipos seg\u00fan las costumbres regionales. Cada hogar encontrar\u00e1 un Torshi favorito en funci\u00f3n de su sabor, como agrio, salado, ajo o picante.\u00a0El torshi es una parte indispensable de las comidas persas, ayuda a la digesti\u00f3n y le da a la comida un sabor extraordinario, por lo que se sirve de varias maneras al mismo tiempo para que todos puedan encontrar su propio gusto.\u00a0Un buen torshi es una guarnici\u00f3n picante y sabrosa que aumenta el disfrute del plato principal.\u00a0Torshi puede mantenerse en la nevera durante meses despu\u00e9s de abrirse.<\/p>\n<h6>Usos:<\/h6>\n<p>Platos variados, acompa\u00f1amiento en diversas comidas.<\/p>\n<h6>Beneficios:<\/h6>\n<p>El vinagre se usa para hacer encurtidos. El vinagre, especialmente el vinagre de manzana, reduce el az\u00facar en sangre y ralentiza la absorci\u00f3n de carbohidratos despu\u00e9s de comer y previene los niveles altos de az\u00facar en sangre.<\/p>\n<p>Una de las sustancias \u00fatiles utilizadas en la preparaci\u00f3n de encurtidos son las verduras y frutas que tienen muchas propiedades nutricionales. El calor no se utiliza en la preparaci\u00f3n de encurtidos, por lo que se conservan sus propiedades nutricionales. El sabor amargo de los encurtidos puede deberse al \u00e1cido producido durante la fermentaci\u00f3n. El proceso de fermentaci\u00f3n se debe a la actividad de las bacterias lactobacilos, que provocan la producci\u00f3n de vitaminas B, que juegan un papel importante en la salud gastrointestinal.<\/p>\n<p>Los alimentos fermentados ayudan al sistema digestivo del cuerpo al equilibrar el \u00e1cido del est\u00f3mago y las bacterias intestinales y ayudan a los intestinos a absorber m\u00e1s nutrientes. La fermentaci\u00f3n natural de los alimentos conserva los nutrientes y descompone los alimentos en una forma m\u00e1s digerible.<\/p>\n<h6>Ingredientes y al\u00e9rgenos:<\/h6>\n<p>Se compone de zanahorias, cebollas, berenjenas, pepinos, pimientos verdes, coliflor, apio, repollo blanco rallado en vinagre blanco o vinagre de manzana.<\/p>\n<h6>Condiciones de conservaci\u00f3n:<\/h6>\n<p>Conservar en un lugar fresco, seco y protegido de la luz.<\/p>\n<h6>Informaci\u00f3n adicional:<\/h6>\n<p>Fabricado por: 1&amp;1<\/p>\n<p>Azadegan Azadgan South,<\/p>\n<p>Fatah Square,<\/p>\n<p>esalat<\/p>\n","protected":false},"excerpt":{"rendered":"<p>\u00a0Pack 2 unidades Guindillas en escabeche 620g Esalat Informaci\u00f3n del producto: La cocina persa tiene una amplia variedad de diferentes tipos seg\u00fan las costumbres regionales. Cada hogar encontrar\u00e1 un Torshi favorito en funci\u00f3n de su sabor, como agrio, salado, ajo o picante.\u00a0El torshi es una parte indispensable de las comidas persas, ayuda a la digesti\u00f3n [&hellip;]<\/p>\n","protected":false},"featured_media":13611,"template":"","meta":{"_surecart_dashboard_logo_width":"180px","_surecart_dashboard_show_logo":true,"_surecart_dashboard_navigation_orders":true,"_surecart_dashboard_navigation_invoices":true,"_surecart_dashboard_navigation_subscriptions":true,"_surecart_dashboard_navigation_downloads":true,"_surecart_dashboard_navigation_billing":true,"_surecart_dashboard_navigation_account":true,"_uag_custom_page_level_css":"","site-sidebar-layout":"default","site-content-layout":"default","ast-site-content-layout":"default","site-content-style":"default","site-sidebar-style":"default","ast-global-header-display":"","ast-banner-title-visibility":"","ast-main-header-display":"","ast-hfb-above-header-display":"","ast-hfb-below-header-display":"","ast-hfb-mobile-header-display":"","site-post-title":"","ast-breadcrumbs-content":"","ast-featured-img":"","footer-sml-layout":"","theme-transparent-header-meta":"default","adv-header-id-meta":"","stick-header-meta":"","header-above-stick-meta":"","header-main-stick-meta":"","header-below-stick-meta":"","astra-migrate-meta-layouts":"set","ast-page-background-enabled":"default","ast-page-background-meta":{"desktop":{"background-color":"","background-image":"","background-repeat":"repeat","background-position":"center center","background-size":"auto","background-attachment":"scroll","background-type":"","background-media":"","overlay-type":"","overlay-color":"","overlay-opacity":"","overlay-gradient":""},"tablet":{"background-color":"","background-image":"","background-repeat":"repeat","background-position":"center center","background-size":"auto","background-attachment":"scroll","background-type":"","background-media":"","overlay-type":"","overlay-color":"","overlay-opacity":"","overlay-gradient":""},"mobile":{"background-color":"","background-image":"","background-repeat":"repeat","background-position":"center center","background-size":"auto","background-attachment":"scroll","background-type":"","background-media":"","overlay-type":"","overlay-color":"","overlay-opacity":"","overlay-gradient":""}},"ast-content-background-meta":{"desktop":{"background-color":"var(--ast-global-color-5)","background-image":"","background-repeat":"repeat","background-position":"center center","background-size":"auto","background-attachment":"scroll","background-type":"","background-media":"","overlay-type":"","overlay-color":"","overlay-opacity":"","overlay-gradient":""},"tablet":{"background-color":"var(--ast-global-color-5)","background-image":"","background-repeat":"repeat","background-position":"center center","background-size":"auto","background-attachment":"scroll","background-type":"","background-media":"","overlay-type":"","overlay-color":"","overlay-opacity":"","overlay-gradient":""},"mobile":{"background-color":"var(--ast-global-color-5)","background-image":"","background-repeat":"repeat","background-position":"center center","background-size":"auto","background-attachment":"scroll","background-type":"","background-media":"","overlay-type":"","overlay-color":"","overlay-opacity":"","overlay-gradient":""}}},"pwb-brand":[183],"product_cat":[38,1129],"product_tag":[338,342,341,343,279,345],"class_list":{"0":"post-16797","1":"product","2":"type-product","3":"status-publish","4":"has-post-thumbnail","6":"pwb-brand-esalat","7":"product_cat-encurtidos","8":"product_cat-esalat","9":"product_tag-338","10":"product_tag-342","11":"product_tag-341","12":"product_tag-343","13":"product_tag-279","14":"product_tag-345","15":"desktop-align-center","16":"tablet-align-center","17":"mobile-align-center","19":"first","20":"instock","21":"sale","22":"taxable","23":"shipping-taxable","24":"purchasable","25":"product-type-simple"},"yoast_head":"<!-- This site is optimized with the Yoast SEO plugin v23.6 - https:\/\/yoast.com\/wordpress\/plugins\/seo\/ -->\n<title>Pack 2 unidades Guindillas en escabeche 620g Esalat - Delicias Persas<\/title>\n<meta name=\"description\" content=\"El Pimientos en escabeche 620 g esalat es una parte indispensable de las comidas persas, ayuda a la digesti\u00f3n y le da a la comida un sabor extraordinario.\" \/>\n<meta name=\"robots\" content=\"index, follow, max-snippet:-1, max-image-preview:large, max-video-preview:-1\" \/>\n<link rel=\"canonical\" href=\"https:\/\/deliciaspersas.com\/en\/tienda\/encurtidos\/pack-2-unidades-guindillas-en-escabeche-620g-esalat\/\" \/>\n<meta property=\"og:locale\" content=\"en_US\" \/>\n<meta property=\"og:type\" content=\"article\" \/>\n<meta property=\"og:title\" content=\"Pack 2 unidades Guindillas en escabeche 620g Esalat - Delicias Persas\" \/>\n<meta property=\"og:description\" content=\"El Pimientos en escabeche 620 g esalat es una parte indispensable de las comidas persas, ayuda a la digesti\u00f3n y le da a la comida un sabor extraordinario.\" \/>\n<meta property=\"og:url\" content=\"https:\/\/deliciaspersas.com\/en\/tienda\/encurtidos\/pack-2-unidades-guindillas-en-escabeche-620g-esalat\/\" \/>\n<meta property=\"og:site_name\" content=\"Delicias Persas\" \/>\n<meta property=\"article:publisher\" content=\"https:\/\/www.facebook.com\/Deliciaspersas\" \/>\n<meta property=\"article:modified_time\" content=\"2025-04-15T10:23:23+00:00\" \/>\n<meta property=\"og:image\" content=\"https:\/\/deliciaspersas.com\/wp-content\/uploads\/BuKvbcxkrZ5oanPo.jpg\" \/>\n\t<meta property=\"og:image:width\" content=\"407\" \/>\n\t<meta property=\"og:image:height\" content=\"407\" \/>\n\t<meta property=\"og:image:type\" content=\"image\/jpeg\" \/>\n<meta name=\"twitter:card\" content=\"summary_large_image\" \/>\n<meta name=\"twitter:label1\" content=\"Est. reading time\" \/>\n\t<meta name=\"twitter:data1\" content=\"2 minutes\" \/>\n<script type=\"application\/ld+json\" class=\"yoast-schema-graph\">{\"@context\":\"https:\/\/schema.org\",\"@graph\":[{\"@type\":\"WebPage\",\"@id\":\"https:\/\/deliciaspersas.com\/en\/tienda\/encurtidos\/pack-2-unidades-guindillas-en-escabeche-620g-esalat\/\",\"url\":\"https:\/\/deliciaspersas.com\/en\/tienda\/encurtidos\/pack-2-unidades-guindillas-en-escabeche-620g-esalat\/\",\"name\":\"Pack 2 unidades Guindillas en escabeche 620g Esalat - Delicias Persas\",\"isPartOf\":{\"@id\":\"https:\/\/deliciaspersas.com\/en\/#website\"},\"primaryImageOfPage\":{\"@id\":\"https:\/\/deliciaspersas.com\/en\/tienda\/encurtidos\/pack-2-unidades-guindillas-en-escabeche-620g-esalat\/#primaryimage\"},\"image\":{\"@id\":\"https:\/\/deliciaspersas.com\/en\/tienda\/encurtidos\/pack-2-unidades-guindillas-en-escabeche-620g-esalat\/#primaryimage\"},\"thumbnailUrl\":\"https:\/\/deliciaspersas.com\/wp-content\/uploads\/BuKvbcxkrZ5oanPo.jpg\",\"datePublished\":\"2025-04-15T10:20:11+00:00\",\"dateModified\":\"2025-04-15T10:23:23+00:00\",\"description\":\"El Pimientos en escabeche 620 g esalat es una parte indispensable de las comidas persas, ayuda a la digesti\u00f3n y le da a la comida un sabor extraordinario.\",\"breadcrumb\":{\"@id\":\"https:\/\/deliciaspersas.com\/en\/tienda\/encurtidos\/pack-2-unidades-guindillas-en-escabeche-620g-esalat\/#breadcrumb\"},\"inLanguage\":\"en-US\",\"potentialAction\":[{\"@type\":\"ReadAction\",\"target\":[\"https:\/\/deliciaspersas.com\/en\/tienda\/encurtidos\/pack-2-unidades-guindillas-en-escabeche-620g-esalat\/\"]}]},{\"@type\":\"ImageObject\",\"inLanguage\":\"en-US\",\"@id\":\"https:\/\/deliciaspersas.com\/en\/tienda\/encurtidos\/pack-2-unidades-guindillas-en-escabeche-620g-esalat\/#primaryimage\",\"url\":\"https:\/\/deliciaspersas.com\/wp-content\/uploads\/BuKvbcxkrZ5oanPo.jpg\",\"contentUrl\":\"https:\/\/deliciaspersas.com\/wp-content\/uploads\/BuKvbcxkrZ5oanPo.jpg\",\"width\":407,\"height\":407},{\"@type\":\"BreadcrumbList\",\"@id\":\"https:\/\/deliciaspersas.com\/en\/tienda\/encurtidos\/pack-2-unidades-guindillas-en-escabeche-620g-esalat\/#breadcrumb\",\"itemListElement\":[{\"@type\":\"ListItem\",\"position\":1,\"name\":\"Portada\",\"item\":\"https:\/\/deliciaspersas.com\/en\/\"},{\"@type\":\"ListItem\",\"position\":2,\"name\":\"Tienda\",\"item\":\"https:\/\/deliciaspersas.com\/\"},{\"@type\":\"ListItem\",\"position\":3,\"name\":\"Pack 2 unidades Guindillas en escabeche 620g Esalat\"}]},{\"@type\":\"WebSite\",\"@id\":\"https:\/\/deliciaspersas.com\/en\/#website\",\"url\":\"https:\/\/deliciaspersas.com\/en\/\",\"name\":\"Delicias Persas\",\"description\":\"Gastronom&iacute;a persa al alcance de tus manos\",\"publisher\":{\"@id\":\"https:\/\/deliciaspersas.com\/en\/#organization\"},\"potentialAction\":[{\"@type\":\"SearchAction\",\"target\":{\"@type\":\"EntryPoint\",\"urlTemplate\":\"https:\/\/deliciaspersas.com\/en\/?s={search_term_string}\"},\"query-input\":{\"@type\":\"PropertyValueSpecification\",\"valueRequired\":true,\"valueName\":\"search_term_string\"}}],\"inLanguage\":\"en-US\"},{\"@type\":\"Organization\",\"@id\":\"https:\/\/deliciaspersas.com\/en\/#organization\",\"name\":\"Delicias Persas\",\"url\":\"https:\/\/deliciaspersas.com\/en\/\",\"logo\":{\"@type\":\"ImageObject\",\"inLanguage\":\"en-US\",\"@id\":\"https:\/\/deliciaspersas.com\/en\/#\/schema\/logo\/image\/\",\"url\":\"https:\/\/deliciaspersas.com\/wp-content\/uploads\/2020\/07\/logo-2020.png\",\"contentUrl\":\"https:\/\/deliciaspersas.com\/wp-content\/uploads\/2020\/07\/logo-2020.png\",\"width\":520,\"height\":490,\"caption\":\"Delicias Persas\"},\"image\":{\"@id\":\"https:\/\/deliciaspersas.com\/en\/#\/schema\/logo\/image\/\"},\"sameAs\":[\"https:\/\/www.facebook.com\/Deliciaspersas\",\"https:\/\/www.instagram.com\/delicias_persas\/\",\"https:\/\/www.linkedin.com\/delicias-persas\"]}]}<\/script>\n<!-- \/ Yoast SEO plugin. -->","yoast_head_json":{"title":"Pack 2 unidades Guindillas en escabeche 620g Esalat - Delicias Persas","description":"El Pimientos en escabeche 620 g esalat es una parte indispensable de las comidas persas, ayuda a la digesti\u00f3n y le da a la comida un sabor extraordinario.","robots":{"index":"index","follow":"follow","max-snippet":"max-snippet:-1","max-image-preview":"max-image-preview:large","max-video-preview":"max-video-preview:-1"},"canonical":"https:\/\/deliciaspersas.com\/en\/tienda\/encurtidos\/pack-2-unidades-guindillas-en-escabeche-620g-esalat\/","og_locale":"en_US","og_type":"article","og_title":"Pack 2 unidades Guindillas en escabeche 620g Esalat - Delicias Persas","og_description":"El Pimientos en escabeche 620 g esalat es una parte indispensable de las comidas persas, ayuda a la digesti\u00f3n y le da a la comida un sabor extraordinario.","og_url":"https:\/\/deliciaspersas.com\/en\/tienda\/encurtidos\/pack-2-unidades-guindillas-en-escabeche-620g-esalat\/","og_site_name":"Delicias Persas","article_publisher":"https:\/\/www.facebook.com\/Deliciaspersas","article_modified_time":"2025-04-15T10:23:23+00:00","og_image":[{"width":407,"height":407,"url":"https:\/\/deliciaspersas.com\/wp-content\/uploads\/BuKvbcxkrZ5oanPo.jpg","type":"image\/jpeg"}],"twitter_card":"summary_large_image","twitter_misc":{"Est. reading time":"2 minutes"},"schema":{"@context":"https:\/\/schema.org","@graph":[{"@type":"WebPage","@id":"https:\/\/deliciaspersas.com\/en\/tienda\/encurtidos\/pack-2-unidades-guindillas-en-escabeche-620g-esalat\/","url":"https:\/\/deliciaspersas.com\/en\/tienda\/encurtidos\/pack-2-unidades-guindillas-en-escabeche-620g-esalat\/","name":"Pack 2 unidades Guindillas en escabeche 620g Esalat - Delicias Persas","isPartOf":{"@id":"https:\/\/deliciaspersas.com\/en\/#website"},"primaryImageOfPage":{"@id":"https:\/\/deliciaspersas.com\/en\/tienda\/encurtidos\/pack-2-unidades-guindillas-en-escabeche-620g-esalat\/#primaryimage"},"image":{"@id":"https:\/\/deliciaspersas.com\/en\/tienda\/encurtidos\/pack-2-unidades-guindillas-en-escabeche-620g-esalat\/#primaryimage"},"thumbnailUrl":"https:\/\/deliciaspersas.com\/wp-content\/uploads\/BuKvbcxkrZ5oanPo.jpg","datePublished":"2025-04-15T10:20:11+00:00","dateModified":"2025-04-15T10:23:23+00:00","description":"El Pimientos en escabeche 620 g esalat es una parte indispensable de las comidas persas, ayuda a la digesti\u00f3n y le da a la comida un sabor extraordinario.","breadcrumb":{"@id":"https:\/\/deliciaspersas.com\/en\/tienda\/encurtidos\/pack-2-unidades-guindillas-en-escabeche-620g-esalat\/#breadcrumb"},"inLanguage":"en-US","potentialAction":[{"@type":"ReadAction","target":["https:\/\/deliciaspersas.com\/en\/tienda\/encurtidos\/pack-2-unidades-guindillas-en-escabeche-620g-esalat\/"]}]},{"@type":"ImageObject","inLanguage":"en-US","@id":"https:\/\/deliciaspersas.com\/en\/tienda\/encurtidos\/pack-2-unidades-guindillas-en-escabeche-620g-esalat\/#primaryimage","url":"https:\/\/deliciaspersas.com\/wp-content\/uploads\/BuKvbcxkrZ5oanPo.jpg","contentUrl":"https:\/\/deliciaspersas.com\/wp-content\/uploads\/BuKvbcxkrZ5oanPo.jpg","width":407,"height":407},{"@type":"BreadcrumbList","@id":"https:\/\/deliciaspersas.com\/en\/tienda\/encurtidos\/pack-2-unidades-guindillas-en-escabeche-620g-esalat\/#breadcrumb","itemListElement":[{"@type":"ListItem","position":1,"name":"Portada","item":"https:\/\/deliciaspersas.com\/en\/"},{"@type":"ListItem","position":2,"name":"Tienda","item":"https:\/\/deliciaspersas.com\/"},{"@type":"ListItem","position":3,"name":"Pack 2 unidades Guindillas en escabeche 620g Esalat"}]},{"@type":"WebSite","@id":"https:\/\/deliciaspersas.com\/en\/#website","url":"https:\/\/deliciaspersas.com\/en\/","name":"Delicias Persas","description":"Gastronom&iacute;a persa al alcance de tus manos","publisher":{"@id":"https:\/\/deliciaspersas.com\/en\/#organization"},"potentialAction":[{"@type":"SearchAction","target":{"@type":"EntryPoint","urlTemplate":"https:\/\/deliciaspersas.com\/en\/?s={search_term_string}"},"query-input":{"@type":"PropertyValueSpecification","valueRequired":true,"valueName":"search_term_string"}}],"inLanguage":"en-US"},{"@type":"Organization","@id":"https:\/\/deliciaspersas.com\/en\/#organization","name":"Delicias Persas","url":"https:\/\/deliciaspersas.com\/en\/","logo":{"@type":"ImageObject","inLanguage":"en-US","@id":"https:\/\/deliciaspersas.com\/en\/#\/schema\/logo\/image\/","url":"https:\/\/deliciaspersas.com\/wp-content\/uploads\/2020\/07\/logo-2020.png","contentUrl":"https:\/\/deliciaspersas.com\/wp-content\/uploads\/2020\/07\/logo-2020.png","width":520,"height":490,"caption":"Delicias Persas"},"image":{"@id":"https:\/\/deliciaspersas.com\/en\/#\/schema\/logo\/image\/"},"sameAs":["https:\/\/www.facebook.com\/Deliciaspersas","https:\/\/www.instagram.com\/delicias_persas\/","https:\/\/www.linkedin.com\/delicias-persas"]}]}},"uagb_featured_image_src":{"full":["https:\/\/deliciaspersas.com\/wp-content\/uploads\/BuKvbcxkrZ5oanPo.jpg",407,407,false],"thumbnail":["https:\/\/deliciaspersas.com\/wp-content\/uploads\/BuKvbcxkrZ5oanPo-150x150.jpg",150,150,true],"medium":["https:\/\/deliciaspersas.com\/wp-content\/uploads\/BuKvbcxkrZ5oanPo-300x300.jpg",300,300,true],"medium_large":["https:\/\/deliciaspersas.com\/wp-content\/uploads\/BuKvbcxkrZ5oanPo.jpg",407,407,false],"large":["https:\/\/deliciaspersas.com\/wp-content\/uploads\/BuKvbcxkrZ5oanPo.jpg",407,407,false],"1536x1536":["https:\/\/deliciaspersas.com\/wp-content\/uploads\/BuKvbcxkrZ5oanPo.jpg",407,407,false],"2048x2048":["https:\/\/deliciaspersas.com\/wp-content\/uploads\/BuKvbcxkrZ5oanPo.jpg",407,407,false],"woocommerce_thumbnail":["https:\/\/deliciaspersas.com\/wp-content\/uploads\/BuKvbcxkrZ5oanPo-300x300.jpg",300,300,true],"woocommerce_single":["https:\/\/deliciaspersas.com\/wp-content\/uploads\/BuKvbcxkrZ5oanPo.jpg",407,407,false],"woocommerce_gallery_thumbnail":["https:\/\/deliciaspersas.com\/wp-content\/uploads\/BuKvbcxkrZ5oanPo-100x100.jpg",100,100,true]},"uagb_author_info":{"display_name":"admin","author_link":"https:\/\/deliciaspersas.com\/en\/author\/"},"uagb_comment_info":0,"uagb_excerpt":"\u00a0Pack 2 unidades Guindillas en escabeche 620g Esalat Informaci\u00f3n del producto: La cocina persa tiene una amplia variedad de diferentes tipos seg\u00fan las costumbres regionales. Cada hogar encontrar\u00e1 un Torshi favorito en funci\u00f3n de su sabor, como agrio, salado, ajo o picante.\u00a0El torshi es una parte indispensable de las comidas persas, ayuda a la digesti\u00f3n&hellip;","brands":[{"id":183,"name":"Esalat","slug":"esalat"}],"_links":{"self":[{"href":"https:\/\/deliciaspersas.com\/en\/wp-json\/wp\/v2\/product\/16797"}],"collection":[{"href":"https:\/\/deliciaspersas.com\/en\/wp-json\/wp\/v2\/product"}],"about":[{"href":"https:\/\/deliciaspersas.com\/en\/wp-json\/wp\/v2\/types\/product"}],"wp:featuredmedia":[{"embeddable":true,"href":"https:\/\/deliciaspersas.com\/en\/wp-json\/wp\/v2\/media\/13611"}],"wp:attachment":[{"href":"https:\/\/deliciaspersas.com\/en\/wp-json\/wp\/v2\/media?parent=16797"}],"wp:term":[{"taxonomy":"pwb-brand","embeddable":true,"href":"https:\/\/deliciaspersas.com\/en\/wp-json\/wp\/v2\/pwb-brand?post=16797"},{"taxonomy":"product_cat","embeddable":true,"href":"https:\/\/deliciaspersas.com\/en\/wp-json\/wp\/v2\/product_cat?post=16797"},{"taxonomy":"product_tag","embeddable":true,"href":"https:\/\/deliciaspersas.com\/en\/wp-json\/wp\/v2\/product_tag?post=16797"}],"curies":[{"name":"wp","href":"https:\/\/api.w.org\/{rel}","templated":true}]}}