{"id":17096,"date":"2025-08-22T10:26:35","date_gmt":"2025-08-22T08:26:35","guid":{"rendered":"https:\/\/deliciaspersas.com\/?post_type=product&#038;p=17096"},"modified":"2026-04-19T15:36:04","modified_gmt":"2026-04-19T13:36:04","slug":"estafado-ghorme-sabzi-khoresht-ghormeh-sabzi-460g-gilani","status":"publish","type":"product","link":"https:\/\/deliciaspersas.com\/en\/tienda\/ready\/estafado-ghorme-sabzi-khoresht-ghormeh-sabzi-460g-gilani\/","title":{"rendered":"Estafado Ghorme Sabzi (khoresht ghormeh sabzi ) 460g Gilani"},"content":{"rendered":"<h1>Estafado Ghorme Sabzi (khoresht ghormeh sabzi ) 460g Gilani<\/h1>\n<h6>Informaci\u00f3n del producto:<\/h6>\n<p class=\"title\" data-asset-id=\"967547802\">El estofado Ghormeh Sabzi es uno de los guisos iran\u00edes m\u00e1s populares que se remonta a hace 2000 a 5000 a\u00f1os.<\/p>\n<p class=\"title\" data-asset-id=\"967547802\">Quiz\u00e1s hayan pocos iran\u00edes a los que no les guste este delicioso guiso. El guiso de verduras es uno de los platos iran\u00edes m\u00e1s originales que se prepara en la mayor parte de nuestro pa\u00eds con una receta especial. Eso s\u00ed, en algunas ciudades, este guiso se cocina con otros ingredientes que no son muy diferentes, por ejemplo, en lugar de frijoles rojos, se utilizan frijoles pintos, y en algunos lugares, en lugar de los habituales guisos de verduras, arom\u00e1ticas de monta\u00f1a y verduras de la zona. se utilizan.<\/p>\n<h6>Usos:<\/h6>\n<p>Este producto se puede comer como acompa\u00f1ante de un plato de arroze y est\u00e1 listo para comer.<\/p>\n<h6>Beneficios:<\/h6>\n<p>Entre otros beneficios, los m\u00e1s destacados de la judia roja aplicado en este guiso, son:<\/p>\n<ul>\n<li>El\u00a0<strong>alto contenido en fibra<\/strong>\u00a0ayuda a completar el\u00a0<strong>sistema digestivo<\/strong><\/li>\n<li><strong>Fortalece<\/strong>\u00a0el sistema\u00a0<strong>cardiovascular<\/strong><\/li>\n<li>Ayuda al<strong>\u00a0crecimiento sano del feto durante el embarazo<\/strong><\/li>\n<li>Para adelgazar por su poco contenido en grasa.<\/li>\n<\/ul>\n<p>Los beneficios de la hierbabuena aplicada en este guiso son:<\/p>\n<ul>\n<li data-priority=\"\">Alivia malestares estomacales. Sin duda, uno de los beneficios de la hierbabuena m\u00e1s conocidos es que \u00e9sta puede ayudar a aliviar algunos malestares estomacales entre ellos: indigesti\u00f3n, gases, hinchaz\u00f3n y &#8230;<\/li>\n<li data-priority=\"\">Combate infecciones bacterianas. Las infecciones son provocadas principalmente por bacterias o virus, en el caso de las infecciones causadas por bacterias \u00e9stas pueden ser combatidas por la hierbabuena.<\/li>\n<li data-priority=\"\">Refresca el aliento. Otro de los beneficios de incluir hierbabuena en la alimentaci\u00f3n es que puede refrescar el aliento.<\/li>\n<li data-priority=\"\">Alivia la migra\u00f1a. Las personas que padecen de migra\u00f1as o dolores de cabeza constantemente, deben saber que uno de los beneficios de la hierbabuena es que puede reducir estos dolores.<\/li>\n<li data-priority=\"\">Reduce los c\u00f3licos menstruales. La hierbabuena act\u00faa en nuestro cuerpo como un relajante muscular por lo que adem\u00e1s de aliviar los dolores de cabeza tambi\u00e9n puede reducir los c\u00f3licos menstruales.<\/li>\n<\/ul>\n<h6>Condiciones de conservaci\u00f3n:<\/h6>\n<p>Conservar en un lugar fresco, seco y protegido de la luz.<\/p>\n<h6>Informaci\u00f3n adicional:<\/h6>\n<p>Fabricado por: Gilani<\/p>\n","protected":false},"excerpt":{"rendered":"<p>Estafado Ghorme Sabzi (khoresht ghormeh sabzi ) 460g Gilani Informaci\u00f3n del producto: El estofado Ghormeh Sabzi es uno de los guisos iran\u00edes m\u00e1s populares que se remonta a hace 2000 a 5000 a\u00f1os. Quiz\u00e1s hayan pocos iran\u00edes a los que no les guste este delicioso guiso. El guiso de verduras es uno de los platos [&hellip;]<\/p>\n","protected":false},"featured_media":17097,"template":"","meta":{"_surecart_dashboard_logo_width":"180px","_surecart_dashboard_show_logo":true,"_surecart_dashboard_navigation_orders":true,"_surecart_dashboard_navigation_invoices":true,"_surecart_dashboard_navigation_subscriptions":true,"_surecart_dashboard_navigation_downloads":true,"_surecart_dashboard_navigation_billing":true,"_surecart_dashboard_navigation_account":true,"_uag_custom_page_level_css":"","site-sidebar-layout":"default","site-content-layout":"default","ast-site-content-layout":"default","site-content-style":"default","site-sidebar-style":"default","ast-global-header-display":"","ast-banner-title-visibility":"","ast-main-header-display":"","ast-hfb-above-header-display":"","ast-hfb-below-header-display":"","ast-hfb-mobile-header-display":"","site-post-title":"","ast-breadcrumbs-content":"","ast-featured-img":"","footer-sml-layout":"","theme-transparent-header-meta":"default","adv-header-id-meta":"","stick-header-meta":"","header-above-stick-meta":"","header-main-stick-meta":"","header-below-stick-meta":"","astra-migrate-meta-layouts":"set","ast-page-background-enabled":"default","ast-page-background-meta":{"desktop":{"background-color":"","background-image":"","background-repeat":"repeat","background-position":"center center","background-size":"auto","background-attachment":"scroll","background-type":"","background-media":"","overlay-type":"","overlay-color":"","overlay-opacity":"","overlay-gradient":""},"tablet":{"background-color":"","background-image":"","background-repeat":"repeat","background-position":"center center","background-size":"auto","background-attachment":"scroll","background-type":"","background-media":"","overlay-type":"","overlay-color":"","overlay-opacity":"","overlay-gradient":""},"mobile":{"background-color":"","background-image":"","background-repeat":"repeat","background-position":"center center","background-size":"auto","background-attachment":"scroll","background-type":"","background-media":"","overlay-type":"","overlay-color":"","overlay-opacity":"","overlay-gradient":""}},"ast-content-background-meta":{"desktop":{"background-color":"var(--ast-global-color-5)","background-image":"","background-repeat":"repeat","background-position":"center center","background-size":"auto","background-attachment":"scroll","background-type":"","background-media":"","overlay-type":"","overlay-color":"","overlay-opacity":"","overlay-gradient":""},"tablet":{"background-color":"var(--ast-global-color-5)","background-image":"","background-repeat":"repeat","background-position":"center center","background-size":"auto","background-attachment":"scroll","background-type":"","background-media":"","overlay-type":"","overlay-color":"","overlay-opacity":"","overlay-gradient":""},"mobile":{"background-color":"var(--ast-global-color-5)","background-image":"","background-repeat":"repeat","background-position":"center center","background-size":"auto","background-attachment":"scroll","background-type":"","background-media":"","overlay-type":"","overlay-color":"","overlay-opacity":"","overlay-gradient":""}}},"pwb-brand":[1679],"product_cat":[35,34],"product_tag":[564,667,573,668,669,450],"class_list":{"0":"post-17096","1":"product","2":"type-product","3":"status-publish","4":"has-post-thumbnail","6":"pwb-brand-gilani","7":"product_cat-conservas","8":"product_cat-ready","9":"product_tag-conserva","10":"product_tag-ghorme-sabzi","11":"product_tag-guiso","12":"product_tag-listo-para-comer","13":"product_tag-669","14":"product_tag-450","15":"desktop-align-center","16":"tablet-align-center","17":"mobile-align-center","19":"first","20":"instock","21":"taxable","22":"shipping-taxable","23":"purchasable","24":"product-type-simple"},"yoast_head":"<!-- This site is optimized with the Yoast SEO plugin v23.6 - https:\/\/yoast.com\/wordpress\/plugins\/seo\/ -->\n<title>Estafado Ghorme Sabzi (khoresht ghormeh sabzi ) 460g Gilani - Delicias Persas<\/title>\n<meta name=\"description\" content=\"Ghorme Sabzi 460g SarashpazInformaci\u00f3n del producto:El estofado Ghormeh Sabzi es uno de los guisos iran\u00edes m\u00e1s populares que....\" \/>\n<meta name=\"robots\" content=\"index, follow, max-snippet:-1, max-image-preview:large, max-video-preview:-1\" \/>\n<link rel=\"canonical\" href=\"https:\/\/deliciaspersas.com\/en\/tienda\/ready\/estafado-ghorme-sabzi-khoresht-ghormeh-sabzi-460g-gilani\/\" \/>\n<meta property=\"og:locale\" content=\"en_US\" \/>\n<meta property=\"og:type\" content=\"article\" \/>\n<meta property=\"og:title\" content=\"Estafado Ghorme Sabzi (khoresht ghormeh sabzi ) 460g Gilani - Delicias Persas\" \/>\n<meta property=\"og:description\" content=\"Ghorme Sabzi 460g SarashpazInformaci\u00f3n del producto:El estofado Ghormeh Sabzi es uno de los guisos iran\u00edes m\u00e1s populares que....\" \/>\n<meta property=\"og:url\" content=\"https:\/\/deliciaspersas.com\/en\/tienda\/ready\/estafado-ghorme-sabzi-khoresht-ghormeh-sabzi-460g-gilani\/\" \/>\n<meta property=\"og:site_name\" content=\"Delicias Persas\" \/>\n<meta property=\"article:publisher\" content=\"https:\/\/www.facebook.com\/Deliciaspersas\" \/>\n<meta property=\"article:modified_time\" content=\"2026-04-19T13:36:04+00:00\" \/>\n<meta property=\"og:image\" content=\"https:\/\/deliciaspersas.com\/wp-content\/uploads\/Estafado-ghormeh-sabzi-Gilani-Dayan.webp\" \/>\n\t<meta property=\"og:image:width\" content=\"800\" \/>\n\t<meta property=\"og:image:height\" content=\"800\" \/>\n\t<meta property=\"og:image:type\" content=\"image\/webp\" \/>\n<meta name=\"twitter:card\" content=\"summary_large_image\" \/>\n<meta name=\"twitter:label1\" content=\"Est. reading time\" \/>\n\t<meta name=\"twitter:data1\" content=\"2 minutes\" \/>\n<script type=\"application\/ld+json\" class=\"yoast-schema-graph\">{\"@context\":\"https:\/\/schema.org\",\"@graph\":[{\"@type\":\"WebPage\",\"@id\":\"https:\/\/deliciaspersas.com\/en\/tienda\/ready\/estafado-ghorme-sabzi-khoresht-ghormeh-sabzi-460g-gilani\/\",\"url\":\"https:\/\/deliciaspersas.com\/en\/tienda\/ready\/estafado-ghorme-sabzi-khoresht-ghormeh-sabzi-460g-gilani\/\",\"name\":\"Estafado Ghorme Sabzi (khoresht ghormeh sabzi ) 460g Gilani - Delicias Persas\",\"isPartOf\":{\"@id\":\"https:\/\/deliciaspersas.com\/en\/#website\"},\"primaryImageOfPage\":{\"@id\":\"https:\/\/deliciaspersas.com\/en\/tienda\/ready\/estafado-ghorme-sabzi-khoresht-ghormeh-sabzi-460g-gilani\/#primaryimage\"},\"image\":{\"@id\":\"https:\/\/deliciaspersas.com\/en\/tienda\/ready\/estafado-ghorme-sabzi-khoresht-ghormeh-sabzi-460g-gilani\/#primaryimage\"},\"thumbnailUrl\":\"https:\/\/deliciaspersas.com\/wp-content\/uploads\/Estafado-ghormeh-sabzi-Gilani-Dayan.webp\",\"datePublished\":\"2025-08-22T08:26:35+00:00\",\"dateModified\":\"2026-04-19T13:36:04+00:00\",\"description\":\"Ghorme Sabzi 460g SarashpazInformaci\u00f3n del producto:El estofado Ghormeh Sabzi es uno de los guisos iran\u00edes m\u00e1s populares que....\",\"breadcrumb\":{\"@id\":\"https:\/\/deliciaspersas.com\/en\/tienda\/ready\/estafado-ghorme-sabzi-khoresht-ghormeh-sabzi-460g-gilani\/#breadcrumb\"},\"inLanguage\":\"en-US\",\"potentialAction\":[{\"@type\":\"ReadAction\",\"target\":[\"https:\/\/deliciaspersas.com\/en\/tienda\/ready\/estafado-ghorme-sabzi-khoresht-ghormeh-sabzi-460g-gilani\/\"]}]},{\"@type\":\"ImageObject\",\"inLanguage\":\"en-US\",\"@id\":\"https:\/\/deliciaspersas.com\/en\/tienda\/ready\/estafado-ghorme-sabzi-khoresht-ghormeh-sabzi-460g-gilani\/#primaryimage\",\"url\":\"https:\/\/deliciaspersas.com\/wp-content\/uploads\/Estafado-ghormeh-sabzi-Gilani-Dayan.webp\",\"contentUrl\":\"https:\/\/deliciaspersas.com\/wp-content\/uploads\/Estafado-ghormeh-sabzi-Gilani-Dayan.webp\",\"width\":800,\"height\":800},{\"@type\":\"BreadcrumbList\",\"@id\":\"https:\/\/deliciaspersas.com\/en\/tienda\/ready\/estafado-ghorme-sabzi-khoresht-ghormeh-sabzi-460g-gilani\/#breadcrumb\",\"itemListElement\":[{\"@type\":\"ListItem\",\"position\":1,\"name\":\"Portada\",\"item\":\"https:\/\/deliciaspersas.com\/en\/\"},{\"@type\":\"ListItem\",\"position\":2,\"name\":\"Tienda\",\"item\":\"https:\/\/deliciaspersas.com\/\"},{\"@type\":\"ListItem\",\"position\":3,\"name\":\"Estafado Ghorme Sabzi (khoresht ghormeh sabzi ) 460g Gilani\"}]},{\"@type\":\"WebSite\",\"@id\":\"https:\/\/deliciaspersas.com\/en\/#website\",\"url\":\"https:\/\/deliciaspersas.com\/en\/\",\"name\":\"Delicias Persas\",\"description\":\"Gastronom&iacute;a persa al alcance de tus manos\",\"publisher\":{\"@id\":\"https:\/\/deliciaspersas.com\/en\/#organization\"},\"potentialAction\":[{\"@type\":\"SearchAction\",\"target\":{\"@type\":\"EntryPoint\",\"urlTemplate\":\"https:\/\/deliciaspersas.com\/en\/?s={search_term_string}\"},\"query-input\":{\"@type\":\"PropertyValueSpecification\",\"valueRequired\":true,\"valueName\":\"search_term_string\"}}],\"inLanguage\":\"en-US\"},{\"@type\":\"Organization\",\"@id\":\"https:\/\/deliciaspersas.com\/en\/#organization\",\"name\":\"Delicias Persas\",\"url\":\"https:\/\/deliciaspersas.com\/en\/\",\"logo\":{\"@type\":\"ImageObject\",\"inLanguage\":\"en-US\",\"@id\":\"https:\/\/deliciaspersas.com\/en\/#\/schema\/logo\/image\/\",\"url\":\"https:\/\/deliciaspersas.com\/wp-content\/uploads\/2020\/07\/logo-2020.png\",\"contentUrl\":\"https:\/\/deliciaspersas.com\/wp-content\/uploads\/2020\/07\/logo-2020.png\",\"width\":520,\"height\":490,\"caption\":\"Delicias Persas\"},\"image\":{\"@id\":\"https:\/\/deliciaspersas.com\/en\/#\/schema\/logo\/image\/\"},\"sameAs\":[\"https:\/\/www.facebook.com\/Deliciaspersas\",\"https:\/\/www.instagram.com\/delicias_persas\/\",\"https:\/\/www.linkedin.com\/delicias-persas\"]}]}<\/script>\n<!-- \/ Yoast SEO plugin. -->","yoast_head_json":{"title":"Estafado Ghorme Sabzi (khoresht ghormeh sabzi ) 460g Gilani - Delicias Persas","description":"Ghorme Sabzi 460g SarashpazInformaci\u00f3n del producto:El estofado Ghormeh Sabzi es uno de los guisos iran\u00edes m\u00e1s populares que....","robots":{"index":"index","follow":"follow","max-snippet":"max-snippet:-1","max-image-preview":"max-image-preview:large","max-video-preview":"max-video-preview:-1"},"canonical":"https:\/\/deliciaspersas.com\/en\/tienda\/ready\/estafado-ghorme-sabzi-khoresht-ghormeh-sabzi-460g-gilani\/","og_locale":"en_US","og_type":"article","og_title":"Estafado Ghorme Sabzi (khoresht ghormeh sabzi ) 460g Gilani - Delicias Persas","og_description":"Ghorme Sabzi 460g SarashpazInformaci\u00f3n del producto:El estofado Ghormeh Sabzi es uno de los guisos iran\u00edes m\u00e1s populares que....","og_url":"https:\/\/deliciaspersas.com\/en\/tienda\/ready\/estafado-ghorme-sabzi-khoresht-ghormeh-sabzi-460g-gilani\/","og_site_name":"Delicias Persas","article_publisher":"https:\/\/www.facebook.com\/Deliciaspersas","article_modified_time":"2026-04-19T13:36:04+00:00","og_image":[{"width":800,"height":800,"url":"https:\/\/deliciaspersas.com\/wp-content\/uploads\/Estafado-ghormeh-sabzi-Gilani-Dayan.webp","type":"image\/webp"}],"twitter_card":"summary_large_image","twitter_misc":{"Est. reading time":"2 minutes"},"schema":{"@context":"https:\/\/schema.org","@graph":[{"@type":"WebPage","@id":"https:\/\/deliciaspersas.com\/en\/tienda\/ready\/estafado-ghorme-sabzi-khoresht-ghormeh-sabzi-460g-gilani\/","url":"https:\/\/deliciaspersas.com\/en\/tienda\/ready\/estafado-ghorme-sabzi-khoresht-ghormeh-sabzi-460g-gilani\/","name":"Estafado Ghorme Sabzi (khoresht ghormeh sabzi ) 460g Gilani - Delicias Persas","isPartOf":{"@id":"https:\/\/deliciaspersas.com\/en\/#website"},"primaryImageOfPage":{"@id":"https:\/\/deliciaspersas.com\/en\/tienda\/ready\/estafado-ghorme-sabzi-khoresht-ghormeh-sabzi-460g-gilani\/#primaryimage"},"image":{"@id":"https:\/\/deliciaspersas.com\/en\/tienda\/ready\/estafado-ghorme-sabzi-khoresht-ghormeh-sabzi-460g-gilani\/#primaryimage"},"thumbnailUrl":"https:\/\/deliciaspersas.com\/wp-content\/uploads\/Estafado-ghormeh-sabzi-Gilani-Dayan.webp","datePublished":"2025-08-22T08:26:35+00:00","dateModified":"2026-04-19T13:36:04+00:00","description":"Ghorme Sabzi 460g SarashpazInformaci\u00f3n del producto:El estofado Ghormeh Sabzi es uno de los guisos iran\u00edes m\u00e1s populares que....","breadcrumb":{"@id":"https:\/\/deliciaspersas.com\/en\/tienda\/ready\/estafado-ghorme-sabzi-khoresht-ghormeh-sabzi-460g-gilani\/#breadcrumb"},"inLanguage":"en-US","potentialAction":[{"@type":"ReadAction","target":["https:\/\/deliciaspersas.com\/en\/tienda\/ready\/estafado-ghorme-sabzi-khoresht-ghormeh-sabzi-460g-gilani\/"]}]},{"@type":"ImageObject","inLanguage":"en-US","@id":"https:\/\/deliciaspersas.com\/en\/tienda\/ready\/estafado-ghorme-sabzi-khoresht-ghormeh-sabzi-460g-gilani\/#primaryimage","url":"https:\/\/deliciaspersas.com\/wp-content\/uploads\/Estafado-ghormeh-sabzi-Gilani-Dayan.webp","contentUrl":"https:\/\/deliciaspersas.com\/wp-content\/uploads\/Estafado-ghormeh-sabzi-Gilani-Dayan.webp","width":800,"height":800},{"@type":"BreadcrumbList","@id":"https:\/\/deliciaspersas.com\/en\/tienda\/ready\/estafado-ghorme-sabzi-khoresht-ghormeh-sabzi-460g-gilani\/#breadcrumb","itemListElement":[{"@type":"ListItem","position":1,"name":"Portada","item":"https:\/\/deliciaspersas.com\/en\/"},{"@type":"ListItem","position":2,"name":"Tienda","item":"https:\/\/deliciaspersas.com\/"},{"@type":"ListItem","position":3,"name":"Estafado Ghorme Sabzi (khoresht ghormeh sabzi ) 460g Gilani"}]},{"@type":"WebSite","@id":"https:\/\/deliciaspersas.com\/en\/#website","url":"https:\/\/deliciaspersas.com\/en\/","name":"Delicias Persas","description":"Gastronom&iacute;a persa al alcance de tus manos","publisher":{"@id":"https:\/\/deliciaspersas.com\/en\/#organization"},"potentialAction":[{"@type":"SearchAction","target":{"@type":"EntryPoint","urlTemplate":"https:\/\/deliciaspersas.com\/en\/?s={search_term_string}"},"query-input":{"@type":"PropertyValueSpecification","valueRequired":true,"valueName":"search_term_string"}}],"inLanguage":"en-US"},{"@type":"Organization","@id":"https:\/\/deliciaspersas.com\/en\/#organization","name":"Delicias Persas","url":"https:\/\/deliciaspersas.com\/en\/","logo":{"@type":"ImageObject","inLanguage":"en-US","@id":"https:\/\/deliciaspersas.com\/en\/#\/schema\/logo\/image\/","url":"https:\/\/deliciaspersas.com\/wp-content\/uploads\/2020\/07\/logo-2020.png","contentUrl":"https:\/\/deliciaspersas.com\/wp-content\/uploads\/2020\/07\/logo-2020.png","width":520,"height":490,"caption":"Delicias Persas"},"image":{"@id":"https:\/\/deliciaspersas.com\/en\/#\/schema\/logo\/image\/"},"sameAs":["https:\/\/www.facebook.com\/Deliciaspersas","https:\/\/www.instagram.com\/delicias_persas\/","https:\/\/www.linkedin.com\/delicias-persas"]}]}},"uagb_featured_image_src":{"full":["https:\/\/deliciaspersas.com\/wp-content\/uploads\/Estafado-ghormeh-sabzi-Gilani-Dayan.webp",800,800,false],"thumbnail":["https:\/\/deliciaspersas.com\/wp-content\/uploads\/Estafado-ghormeh-sabzi-Gilani-Dayan-150x150.webp",150,150,true],"medium":["https:\/\/deliciaspersas.com\/wp-content\/uploads\/Estafado-ghormeh-sabzi-Gilani-Dayan-300x300.webp",300,300,true],"medium_large":["https:\/\/deliciaspersas.com\/wp-content\/uploads\/Estafado-ghormeh-sabzi-Gilani-Dayan-768x768.webp",768,768,true],"large":["https:\/\/deliciaspersas.com\/wp-content\/uploads\/Estafado-ghormeh-sabzi-Gilani-Dayan.webp",800,800,false],"1536x1536":["https:\/\/deliciaspersas.com\/wp-content\/uploads\/Estafado-ghormeh-sabzi-Gilani-Dayan.webp",800,800,false],"2048x2048":["https:\/\/deliciaspersas.com\/wp-content\/uploads\/Estafado-ghormeh-sabzi-Gilani-Dayan.webp",800,800,false],"woocommerce_thumbnail":["https:\/\/deliciaspersas.com\/wp-content\/uploads\/Estafado-ghormeh-sabzi-Gilani-Dayan-300x300.webp",300,300,true],"woocommerce_single":["https:\/\/deliciaspersas.com\/wp-content\/uploads\/Estafado-ghormeh-sabzi-Gilani-Dayan-600x600.webp",600,600,true],"woocommerce_gallery_thumbnail":["https:\/\/deliciaspersas.com\/wp-content\/uploads\/Estafado-ghormeh-sabzi-Gilani-Dayan-100x100.webp",100,100,true]},"uagb_author_info":{"display_name":"admin","author_link":"https:\/\/deliciaspersas.com\/en\/author\/"},"uagb_comment_info":0,"uagb_excerpt":"Estafado Ghorme Sabzi (khoresht ghormeh sabzi ) 460g Gilani Informaci\u00f3n del producto: El estofado Ghormeh Sabzi es uno de los guisos iran\u00edes m\u00e1s populares que se remonta a hace 2000 a 5000 a\u00f1os. Quiz\u00e1s hayan pocos iran\u00edes a los que no les guste este delicioso guiso. El guiso de verduras es uno de los platos&hellip;","brands":[{"id":1679,"name":"Gilani","slug":"gilani"}],"_links":{"self":[{"href":"https:\/\/deliciaspersas.com\/en\/wp-json\/wp\/v2\/product\/17096"}],"collection":[{"href":"https:\/\/deliciaspersas.com\/en\/wp-json\/wp\/v2\/product"}],"about":[{"href":"https:\/\/deliciaspersas.com\/en\/wp-json\/wp\/v2\/types\/product"}],"wp:featuredmedia":[{"embeddable":true,"href":"https:\/\/deliciaspersas.com\/en\/wp-json\/wp\/v2\/media\/17097"}],"wp:attachment":[{"href":"https:\/\/deliciaspersas.com\/en\/wp-json\/wp\/v2\/media?parent=17096"}],"wp:term":[{"taxonomy":"pwb-brand","embeddable":true,"href":"https:\/\/deliciaspersas.com\/en\/wp-json\/wp\/v2\/pwb-brand?post=17096"},{"taxonomy":"product_cat","embeddable":true,"href":"https:\/\/deliciaspersas.com\/en\/wp-json\/wp\/v2\/product_cat?post=17096"},{"taxonomy":"product_tag","embeddable":true,"href":"https:\/\/deliciaspersas.com\/en\/wp-json\/wp\/v2\/product_tag?post=17096"}],"curies":[{"name":"wp","href":"https:\/\/api.w.org\/{rel}","templated":true}]}}