{"id":17100,"date":"2025-08-22T10:30:27","date_gmt":"2025-08-22T08:30:27","guid":{"rendered":"https:\/\/deliciaspersas.com\/?post_type=product&#038;p=17100"},"modified":"2026-02-23T16:12:28","modified_gmt":"2026-02-23T15:12:28","slug":"hierbas-fritas-sabzi-sorkh-shode-460g-gilani","status":"publish","type":"product","link":"https:\/\/deliciaspersas.com\/en\/tienda\/ready\/hierbas-fritas-sabzi-sorkh-shode-460g-gilani\/","title":{"rendered":"Hierbas fritas (Sabzi sorkh shode) 460g Gilani"},"content":{"rendered":"<h1>Hierbas fritas (Sabzi sorkh shode) 460g Gilani<\/h1>\n<p>&nbsp;<\/p>\n<h6>Informaci\u00f3n del producto:<\/h6>\n<p class=\"title\" data-asset-id=\"967547802\">Estas hierbas fritas ( perejil, cebollino, korainder y fenogreco ) son cocidas al vapor y se conservan ligeramente. Son empleadas para la preparaci\u00f3n del ghormeh Sabzi.<\/p>\n<h6>Ingredientes y al\u00e9rgenos:<\/h6>\n<p>est\u00e1 compuesto de perejil, cebollino, korainder y fenogreco. Estas son cocidas al vapor.<\/p>\n<h6>Condiciones de conservaci\u00f3n:<\/h6>\n<p>Conservar en un lugar fresco, seco y protegido de la luz.<\/p>\n<h6>Usos:<\/h6>\n<p>Estas hierbas fritas son\u00a0empleadas para la preparaci\u00f3n del ghormeh Sabzi.<\/p>\n<h6>Beneficios:<\/h6>\n<p>Prejil es un integrante de estas hierbas fritas y ayuda en la digesti\u00f3n. El perejil es remedio para las digestiones lentas por ser antiinflamatorio y rico en minerales.<\/p>\n<p>Es rico en potasio y se concidera como un diur\u00e9tico. Es un gran antioxidante y alivia las picaduras. Tambi\u00e9n esta planta protege los huesos.<\/p>\n<p>Cebollino es otro integrante de las hierbas fritas y reduce el colesterol.<\/p>\n<p>Tambi\u00e9n mejora la circulaci\u00f3n y combate el c\u00e1ncer.\u00a0Gracias a su contenido en vitamina C, ayuda al organismo a protegerse se las infecciones y mejora el sistema inmune.<\/p>\n<p>Su aporte en antioxidantes, le convierten en un aliado perfecto contra el envejecimiento celular.<\/p>\n<p>Fenogreco es otro integrante de estas hierbas fritas y\u00a0act\u00faan como un t\u00f3nico amargo, que favorece la recuperaci\u00f3n del apetito y ayuda a regular la digesti\u00f3n.<\/p>\n<p>Tambi\u00e9n como remedio tradicional de herbolario, la alholva se ha recomendado como un reconstituyente natural, que puede ayudar a fortalecer el organismo, y como acompa\u00f1amiento de terapias diet\u00e9ticas para aumentar de peso.<\/p>\n<p>Es un apoyo v\u00e1lido en casos de anorexia moderada, delgadez excesiva y debilidad f\u00edsica.<\/p>\n<p>Por su efecto antiinflamatorio a nivel digestivo, es un recurso eficaz para tratar la gastritis\u00a0y los c\u00f3licos.<\/p>\n<p>Alivia el dolor de los espasmos gastrointestinales y ayuda a recuperar el normal funcionamiento de los \u00f3rganos de la digesti\u00f3n.<\/p>\n","protected":false},"excerpt":{"rendered":"<p>Hierbas fritas (Sabzi sorkh shode) 460g Gilani &nbsp; Informaci\u00f3n del producto: Estas hierbas fritas ( perejil, cebollino, korainder y fenogreco ) son cocidas al vapor y se conservan ligeramente. Son empleadas para la preparaci\u00f3n del ghormeh Sabzi. Ingredientes y al\u00e9rgenos: est\u00e1 compuesto de perejil, cebollino, korainder y fenogreco. Estas son cocidas al vapor. Condiciones de [&hellip;]<\/p>\n","protected":false},"featured_media":17101,"template":"","meta":{"_surecart_dashboard_logo_width":"180px","_surecart_dashboard_show_logo":true,"_surecart_dashboard_navigation_orders":true,"_surecart_dashboard_navigation_invoices":true,"_surecart_dashboard_navigation_subscriptions":true,"_surecart_dashboard_navigation_downloads":true,"_surecart_dashboard_navigation_billing":true,"_surecart_dashboard_navigation_account":true,"_uag_custom_page_level_css":"","site-sidebar-layout":"default","site-content-layout":"default","ast-site-content-layout":"default","site-content-style":"default","site-sidebar-style":"default","ast-global-header-display":"","ast-banner-title-visibility":"","ast-main-header-display":"","ast-hfb-above-header-display":"","ast-hfb-below-header-display":"","ast-hfb-mobile-header-display":"","site-post-title":"","ast-breadcrumbs-content":"","ast-featured-img":"","footer-sml-layout":"","theme-transparent-header-meta":"default","adv-header-id-meta":"","stick-header-meta":"","header-above-stick-meta":"","header-main-stick-meta":"","header-below-stick-meta":"","astra-migrate-meta-layouts":"set","ast-page-background-enabled":"default","ast-page-background-meta":{"desktop":{"background-color":"","background-image":"","background-repeat":"repeat","background-position":"center center","background-size":"auto","background-attachment":"scroll","background-type":"","background-media":"","overlay-type":"","overlay-color":"","overlay-opacity":"","overlay-gradient":""},"tablet":{"background-color":"","background-image":"","background-repeat":"repeat","background-position":"center center","background-size":"auto","background-attachment":"scroll","background-type":"","background-media":"","overlay-type":"","overlay-color":"","overlay-opacity":"","overlay-gradient":""},"mobile":{"background-color":"","background-image":"","background-repeat":"repeat","background-position":"center center","background-size":"auto","background-attachment":"scroll","background-type":"","background-media":"","overlay-type":"","overlay-color":"","overlay-opacity":"","overlay-gradient":""}},"ast-content-background-meta":{"desktop":{"background-color":"var(--ast-global-color-5)","background-image":"","background-repeat":"repeat","background-position":"center center","background-size":"auto","background-attachment":"scroll","background-type":"","background-media":"","overlay-type":"","overlay-color":"","overlay-opacity":"","overlay-gradient":""},"tablet":{"background-color":"var(--ast-global-color-5)","background-image":"","background-repeat":"repeat","background-position":"center center","background-size":"auto","background-attachment":"scroll","background-type":"","background-media":"","overlay-type":"","overlay-color":"","overlay-opacity":"","overlay-gradient":""},"mobile":{"background-color":"var(--ast-global-color-5)","background-image":"","background-repeat":"repeat","background-position":"center center","background-size":"auto","background-attachment":"scroll","background-type":"","background-media":"","overlay-type":"","overlay-color":"","overlay-opacity":"","overlay-gradient":""}}},"pwb-brand":[1679],"product_cat":[35,41,34],"product_tag":[1000,1635,1701,607,811,1001],"class_list":{"0":"post-17100","1":"product","2":"type-product","3":"status-publish","4":"has-post-thumbnail","6":"pwb-brand-gilani","7":"product_cat-conservas","8":"product_cat-hierbas","9":"product_cat-ready","10":"product_tag-fritas","11":"product_tag-ghormeh-sabzi","12":"product_tag-gilani","13":"product_tag-hierbas","14":"product_tag-verduras","15":"product_tag-1001","16":"desktop-align-center","17":"tablet-align-center","18":"mobile-align-center","20":"first","21":"outofstock","22":"taxable","23":"shipping-taxable","24":"purchasable","25":"product-type-simple"},"yoast_head":"<!-- This site is optimized with the Yoast SEO plugin v23.6 - https:\/\/yoast.com\/wordpress\/plugins\/seo\/ -->\n<title>Hierbas fritas (Sabzi sorkh shode) 460g Gilani - Delicias Persas<\/title>\n<meta name=\"description\" content=\"Estas hierbas fritas ( perejil, cebollino, korainder y fenogreco ) son cocidas al vapor. Son empleadas para la preparaci\u00f3n del ghormeh Sabzi.\" \/>\n<meta name=\"robots\" content=\"index, follow, max-snippet:-1, max-image-preview:large, max-video-preview:-1\" \/>\n<link rel=\"canonical\" href=\"https:\/\/deliciaspersas.com\/en\/tienda\/ready\/hierbas-fritas-sabzi-sorkh-shode-460g-gilani\/\" \/>\n<meta property=\"og:locale\" content=\"en_US\" \/>\n<meta property=\"og:type\" content=\"article\" \/>\n<meta property=\"og:title\" content=\"Hierbas fritas (Sabzi sorkh shode) 460g Gilani - Delicias Persas\" \/>\n<meta property=\"og:description\" content=\"Estas hierbas fritas ( perejil, cebollino, korainder y fenogreco ) son cocidas al vapor. Son empleadas para la preparaci\u00f3n del ghormeh Sabzi.\" \/>\n<meta property=\"og:url\" content=\"https:\/\/deliciaspersas.com\/en\/tienda\/ready\/hierbas-fritas-sabzi-sorkh-shode-460g-gilani\/\" \/>\n<meta property=\"og:site_name\" content=\"Delicias Persas\" \/>\n<meta property=\"article:publisher\" content=\"https:\/\/www.facebook.com\/Deliciaspersas\" \/>\n<meta property=\"article:modified_time\" content=\"2026-02-23T15:12:28+00:00\" \/>\n<meta property=\"og:image\" content=\"https:\/\/deliciaspersas.com\/wp-content\/uploads\/Hierbas-Fritas-Ghormeh-sabzi-Gilani-Dayan.jpg\" \/>\n\t<meta property=\"og:image:width\" content=\"800\" \/>\n\t<meta property=\"og:image:height\" content=\"800\" \/>\n\t<meta property=\"og:image:type\" content=\"image\/jpeg\" \/>\n<meta name=\"twitter:card\" content=\"summary_large_image\" \/>\n<meta name=\"twitter:label1\" content=\"Est. reading time\" \/>\n\t<meta name=\"twitter:data1\" content=\"2 minutes\" \/>\n<script type=\"application\/ld+json\" class=\"yoast-schema-graph\">{\"@context\":\"https:\/\/schema.org\",\"@graph\":[{\"@type\":\"WebPage\",\"@id\":\"https:\/\/deliciaspersas.com\/en\/tienda\/ready\/hierbas-fritas-sabzi-sorkh-shode-460g-gilani\/\",\"url\":\"https:\/\/deliciaspersas.com\/en\/tienda\/ready\/hierbas-fritas-sabzi-sorkh-shode-460g-gilani\/\",\"name\":\"Hierbas fritas (Sabzi sorkh shode) 460g Gilani - Delicias Persas\",\"isPartOf\":{\"@id\":\"https:\/\/deliciaspersas.com\/en\/#website\"},\"primaryImageOfPage\":{\"@id\":\"https:\/\/deliciaspersas.com\/en\/tienda\/ready\/hierbas-fritas-sabzi-sorkh-shode-460g-gilani\/#primaryimage\"},\"image\":{\"@id\":\"https:\/\/deliciaspersas.com\/en\/tienda\/ready\/hierbas-fritas-sabzi-sorkh-shode-460g-gilani\/#primaryimage\"},\"thumbnailUrl\":\"https:\/\/deliciaspersas.com\/wp-content\/uploads\/Hierbas-Fritas-Ghormeh-sabzi-Gilani-Dayan.jpg\",\"datePublished\":\"2025-08-22T08:30:27+00:00\",\"dateModified\":\"2026-02-23T15:12:28+00:00\",\"description\":\"Estas hierbas fritas ( perejil, cebollino, korainder y fenogreco ) son cocidas al vapor. Son empleadas para la preparaci\u00f3n del ghormeh Sabzi.\",\"breadcrumb\":{\"@id\":\"https:\/\/deliciaspersas.com\/en\/tienda\/ready\/hierbas-fritas-sabzi-sorkh-shode-460g-gilani\/#breadcrumb\"},\"inLanguage\":\"en-US\",\"potentialAction\":[{\"@type\":\"ReadAction\",\"target\":[\"https:\/\/deliciaspersas.com\/en\/tienda\/ready\/hierbas-fritas-sabzi-sorkh-shode-460g-gilani\/\"]}]},{\"@type\":\"ImageObject\",\"inLanguage\":\"en-US\",\"@id\":\"https:\/\/deliciaspersas.com\/en\/tienda\/ready\/hierbas-fritas-sabzi-sorkh-shode-460g-gilani\/#primaryimage\",\"url\":\"https:\/\/deliciaspersas.com\/wp-content\/uploads\/Hierbas-Fritas-Ghormeh-sabzi-Gilani-Dayan.jpg\",\"contentUrl\":\"https:\/\/deliciaspersas.com\/wp-content\/uploads\/Hierbas-Fritas-Ghormeh-sabzi-Gilani-Dayan.jpg\",\"width\":800,\"height\":800},{\"@type\":\"BreadcrumbList\",\"@id\":\"https:\/\/deliciaspersas.com\/en\/tienda\/ready\/hierbas-fritas-sabzi-sorkh-shode-460g-gilani\/#breadcrumb\",\"itemListElement\":[{\"@type\":\"ListItem\",\"position\":1,\"name\":\"Portada\",\"item\":\"https:\/\/deliciaspersas.com\/en\/\"},{\"@type\":\"ListItem\",\"position\":2,\"name\":\"Tienda\",\"item\":\"https:\/\/deliciaspersas.com\/\"},{\"@type\":\"ListItem\",\"position\":3,\"name\":\"Hierbas fritas (Sabzi sorkh shode) 460g Gilani\"}]},{\"@type\":\"WebSite\",\"@id\":\"https:\/\/deliciaspersas.com\/en\/#website\",\"url\":\"https:\/\/deliciaspersas.com\/en\/\",\"name\":\"Delicias Persas\",\"description\":\"Gastronom&iacute;a persa al alcance de tus manos\",\"publisher\":{\"@id\":\"https:\/\/deliciaspersas.com\/en\/#organization\"},\"potentialAction\":[{\"@type\":\"SearchAction\",\"target\":{\"@type\":\"EntryPoint\",\"urlTemplate\":\"https:\/\/deliciaspersas.com\/en\/?s={search_term_string}\"},\"query-input\":{\"@type\":\"PropertyValueSpecification\",\"valueRequired\":true,\"valueName\":\"search_term_string\"}}],\"inLanguage\":\"en-US\"},{\"@type\":\"Organization\",\"@id\":\"https:\/\/deliciaspersas.com\/en\/#organization\",\"name\":\"Delicias Persas\",\"url\":\"https:\/\/deliciaspersas.com\/en\/\",\"logo\":{\"@type\":\"ImageObject\",\"inLanguage\":\"en-US\",\"@id\":\"https:\/\/deliciaspersas.com\/en\/#\/schema\/logo\/image\/\",\"url\":\"https:\/\/deliciaspersas.com\/wp-content\/uploads\/2020\/07\/logo-2020.png\",\"contentUrl\":\"https:\/\/deliciaspersas.com\/wp-content\/uploads\/2020\/07\/logo-2020.png\",\"width\":520,\"height\":490,\"caption\":\"Delicias Persas\"},\"image\":{\"@id\":\"https:\/\/deliciaspersas.com\/en\/#\/schema\/logo\/image\/\"},\"sameAs\":[\"https:\/\/www.facebook.com\/Deliciaspersas\",\"https:\/\/www.instagram.com\/delicias_persas\/\",\"https:\/\/www.linkedin.com\/delicias-persas\"]}]}<\/script>\n<!-- \/ Yoast SEO plugin. -->","yoast_head_json":{"title":"Hierbas fritas (Sabzi sorkh shode) 460g Gilani - Delicias Persas","description":"Estas hierbas fritas ( perejil, cebollino, korainder y fenogreco ) son cocidas al vapor. Son empleadas para la preparaci\u00f3n del ghormeh Sabzi.","robots":{"index":"index","follow":"follow","max-snippet":"max-snippet:-1","max-image-preview":"max-image-preview:large","max-video-preview":"max-video-preview:-1"},"canonical":"https:\/\/deliciaspersas.com\/en\/tienda\/ready\/hierbas-fritas-sabzi-sorkh-shode-460g-gilani\/","og_locale":"en_US","og_type":"article","og_title":"Hierbas fritas (Sabzi sorkh shode) 460g Gilani - Delicias Persas","og_description":"Estas hierbas fritas ( perejil, cebollino, korainder y fenogreco ) son cocidas al vapor. Son empleadas para la preparaci\u00f3n del ghormeh Sabzi.","og_url":"https:\/\/deliciaspersas.com\/en\/tienda\/ready\/hierbas-fritas-sabzi-sorkh-shode-460g-gilani\/","og_site_name":"Delicias Persas","article_publisher":"https:\/\/www.facebook.com\/Deliciaspersas","article_modified_time":"2026-02-23T15:12:28+00:00","og_image":[{"width":800,"height":800,"url":"https:\/\/deliciaspersas.com\/wp-content\/uploads\/Hierbas-Fritas-Ghormeh-sabzi-Gilani-Dayan.jpg","type":"image\/jpeg"}],"twitter_card":"summary_large_image","twitter_misc":{"Est. reading time":"2 minutes"},"schema":{"@context":"https:\/\/schema.org","@graph":[{"@type":"WebPage","@id":"https:\/\/deliciaspersas.com\/en\/tienda\/ready\/hierbas-fritas-sabzi-sorkh-shode-460g-gilani\/","url":"https:\/\/deliciaspersas.com\/en\/tienda\/ready\/hierbas-fritas-sabzi-sorkh-shode-460g-gilani\/","name":"Hierbas fritas (Sabzi sorkh shode) 460g Gilani - Delicias Persas","isPartOf":{"@id":"https:\/\/deliciaspersas.com\/en\/#website"},"primaryImageOfPage":{"@id":"https:\/\/deliciaspersas.com\/en\/tienda\/ready\/hierbas-fritas-sabzi-sorkh-shode-460g-gilani\/#primaryimage"},"image":{"@id":"https:\/\/deliciaspersas.com\/en\/tienda\/ready\/hierbas-fritas-sabzi-sorkh-shode-460g-gilani\/#primaryimage"},"thumbnailUrl":"https:\/\/deliciaspersas.com\/wp-content\/uploads\/Hierbas-Fritas-Ghormeh-sabzi-Gilani-Dayan.jpg","datePublished":"2025-08-22T08:30:27+00:00","dateModified":"2026-02-23T15:12:28+00:00","description":"Estas hierbas fritas ( perejil, cebollino, korainder y fenogreco ) son cocidas al vapor. Son empleadas para la preparaci\u00f3n del ghormeh Sabzi.","breadcrumb":{"@id":"https:\/\/deliciaspersas.com\/en\/tienda\/ready\/hierbas-fritas-sabzi-sorkh-shode-460g-gilani\/#breadcrumb"},"inLanguage":"en-US","potentialAction":[{"@type":"ReadAction","target":["https:\/\/deliciaspersas.com\/en\/tienda\/ready\/hierbas-fritas-sabzi-sorkh-shode-460g-gilani\/"]}]},{"@type":"ImageObject","inLanguage":"en-US","@id":"https:\/\/deliciaspersas.com\/en\/tienda\/ready\/hierbas-fritas-sabzi-sorkh-shode-460g-gilani\/#primaryimage","url":"https:\/\/deliciaspersas.com\/wp-content\/uploads\/Hierbas-Fritas-Ghormeh-sabzi-Gilani-Dayan.jpg","contentUrl":"https:\/\/deliciaspersas.com\/wp-content\/uploads\/Hierbas-Fritas-Ghormeh-sabzi-Gilani-Dayan.jpg","width":800,"height":800},{"@type":"BreadcrumbList","@id":"https:\/\/deliciaspersas.com\/en\/tienda\/ready\/hierbas-fritas-sabzi-sorkh-shode-460g-gilani\/#breadcrumb","itemListElement":[{"@type":"ListItem","position":1,"name":"Portada","item":"https:\/\/deliciaspersas.com\/en\/"},{"@type":"ListItem","position":2,"name":"Tienda","item":"https:\/\/deliciaspersas.com\/"},{"@type":"ListItem","position":3,"name":"Hierbas fritas (Sabzi sorkh shode) 460g Gilani"}]},{"@type":"WebSite","@id":"https:\/\/deliciaspersas.com\/en\/#website","url":"https:\/\/deliciaspersas.com\/en\/","name":"Delicias Persas","description":"Gastronom&iacute;a persa al alcance de tus manos","publisher":{"@id":"https:\/\/deliciaspersas.com\/en\/#organization"},"potentialAction":[{"@type":"SearchAction","target":{"@type":"EntryPoint","urlTemplate":"https:\/\/deliciaspersas.com\/en\/?s={search_term_string}"},"query-input":{"@type":"PropertyValueSpecification","valueRequired":true,"valueName":"search_term_string"}}],"inLanguage":"en-US"},{"@type":"Organization","@id":"https:\/\/deliciaspersas.com\/en\/#organization","name":"Delicias Persas","url":"https:\/\/deliciaspersas.com\/en\/","logo":{"@type":"ImageObject","inLanguage":"en-US","@id":"https:\/\/deliciaspersas.com\/en\/#\/schema\/logo\/image\/","url":"https:\/\/deliciaspersas.com\/wp-content\/uploads\/2020\/07\/logo-2020.png","contentUrl":"https:\/\/deliciaspersas.com\/wp-content\/uploads\/2020\/07\/logo-2020.png","width":520,"height":490,"caption":"Delicias Persas"},"image":{"@id":"https:\/\/deliciaspersas.com\/en\/#\/schema\/logo\/image\/"},"sameAs":["https:\/\/www.facebook.com\/Deliciaspersas","https:\/\/www.instagram.com\/delicias_persas\/","https:\/\/www.linkedin.com\/delicias-persas"]}]}},"uagb_featured_image_src":{"full":["https:\/\/deliciaspersas.com\/wp-content\/uploads\/Hierbas-Fritas-Ghormeh-sabzi-Gilani-Dayan.jpg",800,800,false],"thumbnail":["https:\/\/deliciaspersas.com\/wp-content\/uploads\/Hierbas-Fritas-Ghormeh-sabzi-Gilani-Dayan-150x150.jpg",150,150,true],"medium":["https:\/\/deliciaspersas.com\/wp-content\/uploads\/Hierbas-Fritas-Ghormeh-sabzi-Gilani-Dayan-300x300.jpg",300,300,true],"medium_large":["https:\/\/deliciaspersas.com\/wp-content\/uploads\/Hierbas-Fritas-Ghormeh-sabzi-Gilani-Dayan-768x768.jpg",768,768,true],"large":["https:\/\/deliciaspersas.com\/wp-content\/uploads\/Hierbas-Fritas-Ghormeh-sabzi-Gilani-Dayan.jpg",800,800,false],"1536x1536":["https:\/\/deliciaspersas.com\/wp-content\/uploads\/Hierbas-Fritas-Ghormeh-sabzi-Gilani-Dayan.jpg",800,800,false],"2048x2048":["https:\/\/deliciaspersas.com\/wp-content\/uploads\/Hierbas-Fritas-Ghormeh-sabzi-Gilani-Dayan.jpg",800,800,false],"woocommerce_thumbnail":["https:\/\/deliciaspersas.com\/wp-content\/uploads\/Hierbas-Fritas-Ghormeh-sabzi-Gilani-Dayan-300x300.jpg",300,300,true],"woocommerce_single":["https:\/\/deliciaspersas.com\/wp-content\/uploads\/Hierbas-Fritas-Ghormeh-sabzi-Gilani-Dayan-600x600.jpg",600,600,true],"woocommerce_gallery_thumbnail":["https:\/\/deliciaspersas.com\/wp-content\/uploads\/Hierbas-Fritas-Ghormeh-sabzi-Gilani-Dayan-100x100.jpg",100,100,true]},"uagb_author_info":{"display_name":"admin","author_link":"https:\/\/deliciaspersas.com\/en\/author\/"},"uagb_comment_info":0,"uagb_excerpt":"Hierbas fritas (Sabzi sorkh shode) 460g Gilani &nbsp; Informaci\u00f3n del producto: Estas hierbas fritas ( perejil, cebollino, korainder y fenogreco ) son cocidas al vapor y se conservan ligeramente. Son empleadas para la preparaci\u00f3n del ghormeh Sabzi. Ingredientes y al\u00e9rgenos: est\u00e1 compuesto de perejil, cebollino, korainder y fenogreco. Estas son cocidas al vapor. Condiciones de&hellip;","brands":[{"id":1679,"name":"Gilani","slug":"gilani"}],"_links":{"self":[{"href":"https:\/\/deliciaspersas.com\/en\/wp-json\/wp\/v2\/product\/17100"}],"collection":[{"href":"https:\/\/deliciaspersas.com\/en\/wp-json\/wp\/v2\/product"}],"about":[{"href":"https:\/\/deliciaspersas.com\/en\/wp-json\/wp\/v2\/types\/product"}],"wp:featuredmedia":[{"embeddable":true,"href":"https:\/\/deliciaspersas.com\/en\/wp-json\/wp\/v2\/media\/17101"}],"wp:attachment":[{"href":"https:\/\/deliciaspersas.com\/en\/wp-json\/wp\/v2\/media?parent=17100"}],"wp:term":[{"taxonomy":"pwb-brand","embeddable":true,"href":"https:\/\/deliciaspersas.com\/en\/wp-json\/wp\/v2\/pwb-brand?post=17100"},{"taxonomy":"product_cat","embeddable":true,"href":"https:\/\/deliciaspersas.com\/en\/wp-json\/wp\/v2\/product_cat?post=17100"},{"taxonomy":"product_tag","embeddable":true,"href":"https:\/\/deliciaspersas.com\/en\/wp-json\/wp\/v2\/product_tag?post=17100"}],"curies":[{"name":"wp","href":"https:\/\/api.w.org\/{rel}","templated":true}]}}