{"id":17115,"date":"2025-08-25T16:38:00","date_gmt":"2025-08-25T14:38:00","guid":{"rendered":"https:\/\/deliciaspersas.com\/?post_type=product&#038;p=17115"},"modified":"2026-03-24T19:42:51","modified_gmt":"2026-03-24T18:42:51","slug":"comida-afgana-ghabali-polo-460g-sarashpaz","status":"publish","type":"product","link":"https:\/\/deliciaspersas.com\/en\/tienda\/ready\/comida-afgana-ghabali-polo-460g-sarashpaz\/","title":{"rendered":"Comida Afgana (Ghabali polo )  460g Sarashpaz"},"content":{"rendered":"<h1>Comida Afgana (Ghabali polo ) 460g Sarashpaz<\/h1>\n<h6>Informaci\u00f3n del producto:<\/h6>\n<p>Estofado de melaza de granada con nueces.<\/p>\n<p>Este delicioso y tradicional plato persa se elabora ba\u00f1ando el pollo en un estofado elaborado con melaza de granada y nueces; aportando un gran sabor. Ademas, se aportan los beneficios de la melaza de granada, que es rica en vitaminas, minerales, antioxidantes, y e hidratos de carbono; y de la nuez, que rebajan el nivel de colesterol LDL y la hipertensi\u00f3n.<\/p>\n<h6>Beneficios:<\/h6>\n<p>El guiso de Fesenjan por tener aceites naturales y nueces, adem\u00e1s de prevenir enfermedades cardiovasculares, tiene efectos calmantes y efectivos sobre la psique humana.<\/p>\n<p>Las nueces en Fesenjan con un poco de canela causan varios tipos diferentes de psicod\u00e9licos como miristicina y anandamida en el cuerpo humano.<\/p>\n<p>La grasa del estofado Fesenjan produce la sustancia psicod\u00e9lica anandamida en el h\u00edgado humano.<\/p>\n<p>La anandamida tiene efectos calmantes similares al cannabis en el cuerpo humano, y la miristicina y la fentilamina tienen efectos calmantes y energizantes similares al \u00e9xtasis.<\/p>\n<p>A\u00f1adiendo un poco de azafr\u00e1n al plato que se consume con el estofado Fesenjan se completa la lista de efectos psicol\u00f3gicos beneficiosos del estofado.<\/p>\n<p>La nuez que es uno de los ingredientes principales de Fesenjan, es muy similar al tejido cerebral humano y tambi\u00e9n se la conoce como alimento para el cerebro debido a sus nutrientes beneficiosos para este \u00f3rgano y la memoria. Los granos de nuez son ricos en omega 3, lo que mejora la funci\u00f3n cerebral y previene diversas enfermedades relacionadas. Las nueces pueden considerarse una excelente fuente de prote\u00ednas, fibra, vitaminas y antioxidantes junto con minerales. Tambi\u00e9n contienen varios \u00e1cidos org\u00e1nicos, algunos aceites esenciales, oxalato de hierro y varias vitamina.<\/p>\n<h6>Ingredientes y al\u00e9rgenos:<\/h6>\n<p>Estofado elaborado con zumo de granada y nueces molidas.<\/p>\n<h6>Condiciones de conservaci\u00f3n:<\/h6>\n<p>Conservar en un lugar fresco, seco y protegido de la luz.<\/p>\n<h6>Informaci\u00f3n adicional:<\/h6>\n<p>Fabricado por: Sarashpaz<\/p>\n","protected":false},"excerpt":{"rendered":"<p>Comida Afgana (Ghabali polo ) 460g Sarashpaz Informaci\u00f3n del producto: Estofado de melaza de granada con nueces. Este delicioso y tradicional plato persa se elabora ba\u00f1ando el pollo en un estofado elaborado con melaza de granada y nueces; aportando un gran sabor. Ademas, se aportan los beneficios de la melaza de granada, que es rica [&hellip;]<\/p>\n","protected":false},"featured_media":17116,"template":"","meta":{"_surecart_dashboard_logo_width":"180px","_surecart_dashboard_show_logo":true,"_surecart_dashboard_navigation_orders":true,"_surecart_dashboard_navigation_invoices":true,"_surecart_dashboard_navigation_subscriptions":true,"_surecart_dashboard_navigation_downloads":true,"_surecart_dashboard_navigation_billing":true,"_surecart_dashboard_navigation_account":true,"_uag_custom_page_level_css":"","site-sidebar-layout":"default","site-content-layout":"default","ast-site-content-layout":"default","site-content-style":"default","site-sidebar-style":"default","ast-global-header-display":"","ast-banner-title-visibility":"","ast-main-header-display":"","ast-hfb-above-header-display":"","ast-hfb-below-header-display":"","ast-hfb-mobile-header-display":"","site-post-title":"","ast-breadcrumbs-content":"","ast-featured-img":"","footer-sml-layout":"","theme-transparent-header-meta":"default","adv-header-id-meta":"","stick-header-meta":"","header-above-stick-meta":"","header-main-stick-meta":"","header-below-stick-meta":"","astra-migrate-meta-layouts":"set","ast-page-background-enabled":"default","ast-page-background-meta":{"desktop":{"background-color":"","background-image":"","background-repeat":"repeat","background-position":"center center","background-size":"auto","background-attachment":"scroll","background-type":"","background-media":"","overlay-type":"","overlay-color":"","overlay-opacity":"","overlay-gradient":""},"tablet":{"background-color":"","background-image":"","background-repeat":"repeat","background-position":"center center","background-size":"auto","background-attachment":"scroll","background-type":"","background-media":"","overlay-type":"","overlay-color":"","overlay-opacity":"","overlay-gradient":""},"mobile":{"background-color":"","background-image":"","background-repeat":"repeat","background-position":"center center","background-size":"auto","background-attachment":"scroll","background-type":"","background-media":"","overlay-type":"","overlay-color":"","overlay-opacity":"","overlay-gradient":""}},"ast-content-background-meta":{"desktop":{"background-color":"var(--ast-global-color-5)","background-image":"","background-repeat":"repeat","background-position":"center center","background-size":"auto","background-attachment":"scroll","background-type":"","background-media":"","overlay-type":"","overlay-color":"","overlay-opacity":"","overlay-gradient":""},"tablet":{"background-color":"var(--ast-global-color-5)","background-image":"","background-repeat":"repeat","background-position":"center center","background-size":"auto","background-attachment":"scroll","background-type":"","background-media":"","overlay-type":"","overlay-color":"","overlay-opacity":"","overlay-gradient":""},"mobile":{"background-color":"var(--ast-global-color-5)","background-image":"","background-repeat":"repeat","background-position":"center center","background-size":"auto","background-attachment":"scroll","background-type":"","background-media":"","overlay-type":"","overlay-color":"","overlay-opacity":"","overlay-gradient":""}}},"pwb-brand":[199],"product_cat":[35,34],"product_tag":[1702,590,594,1703],"class_list":{"0":"post-17115","1":"product","2":"type-product","3":"status-publish","4":"has-post-thumbnail","6":"pwb-brand-sarashpaz","7":"product_cat-conservas","8":"product_cat-ready","9":"product_tag-afgana","10":"product_tag-comida","11":"product_tag-conservas","12":"product_tag-ghabali-polo","13":"desktop-align-center","14":"tablet-align-center","15":"mobile-align-center","17":"first","18":"instock","19":"taxable","20":"shipping-taxable","21":"purchasable","22":"product-type-simple"},"yoast_head":"<!-- This site is optimized with the Yoast SEO plugin v23.6 - https:\/\/yoast.com\/wordpress\/plugins\/seo\/ -->\n<title>Comida Afgana (Ghabali polo ) 460g Sarashpaz - Delicias Persas<\/title>\n<meta name=\"description\" content=\"Fesenjan, Este delicioso y tipico plato persa esta hecho de pollo, ba\u00f1ado en estofado de melaza de granada con nueces.\" \/>\n<meta name=\"robots\" content=\"index, follow, max-snippet:-1, max-image-preview:large, max-video-preview:-1\" \/>\n<link rel=\"canonical\" href=\"https:\/\/deliciaspersas.com\/en\/tienda\/ready\/comida-afgana-ghabali-polo-460g-sarashpaz\/\" \/>\n<meta property=\"og:locale\" content=\"en_US\" \/>\n<meta property=\"og:type\" content=\"article\" \/>\n<meta property=\"og:title\" content=\"Comida Afgana (Ghabali polo ) 460g Sarashpaz - Delicias Persas\" \/>\n<meta property=\"og:description\" content=\"Fesenjan, Este delicioso y tipico plato persa esta hecho de pollo, ba\u00f1ado en estofado de melaza de granada con nueces.\" \/>\n<meta property=\"og:url\" content=\"https:\/\/deliciaspersas.com\/en\/tienda\/ready\/comida-afgana-ghabali-polo-460g-sarashpaz\/\" \/>\n<meta property=\"og:site_name\" content=\"Delicias Persas\" \/>\n<meta property=\"article:publisher\" content=\"https:\/\/www.facebook.com\/Deliciaspersas\" \/>\n<meta property=\"article:modified_time\" content=\"2026-03-24T18:42:51+00:00\" \/>\n<meta property=\"og:image\" content=\"https:\/\/deliciaspersas.com\/wp-content\/uploads\/Ghabeli-polo-Sarashpaz-Dayan.jpeg\" \/>\n\t<meta property=\"og:image:width\" content=\"2452\" \/>\n\t<meta property=\"og:image:height\" content=\"2314\" \/>\n\t<meta property=\"og:image:type\" content=\"image\/jpeg\" \/>\n<meta name=\"twitter:card\" content=\"summary_large_image\" \/>\n<meta name=\"twitter:label1\" content=\"Est. reading time\" \/>\n\t<meta name=\"twitter:data1\" content=\"2 minutes\" \/>\n<script type=\"application\/ld+json\" class=\"yoast-schema-graph\">{\"@context\":\"https:\/\/schema.org\",\"@graph\":[{\"@type\":\"WebPage\",\"@id\":\"https:\/\/deliciaspersas.com\/en\/tienda\/ready\/comida-afgana-ghabali-polo-460g-sarashpaz\/\",\"url\":\"https:\/\/deliciaspersas.com\/en\/tienda\/ready\/comida-afgana-ghabali-polo-460g-sarashpaz\/\",\"name\":\"Comida Afgana (Ghabali polo ) 460g Sarashpaz - Delicias Persas\",\"isPartOf\":{\"@id\":\"https:\/\/deliciaspersas.com\/en\/#website\"},\"primaryImageOfPage\":{\"@id\":\"https:\/\/deliciaspersas.com\/en\/tienda\/ready\/comida-afgana-ghabali-polo-460g-sarashpaz\/#primaryimage\"},\"image\":{\"@id\":\"https:\/\/deliciaspersas.com\/en\/tienda\/ready\/comida-afgana-ghabali-polo-460g-sarashpaz\/#primaryimage\"},\"thumbnailUrl\":\"https:\/\/deliciaspersas.com\/wp-content\/uploads\/Ghabeli-polo-Sarashpaz-Dayan.jpeg\",\"datePublished\":\"2025-08-25T14:38:00+00:00\",\"dateModified\":\"2026-03-24T18:42:51+00:00\",\"description\":\"Fesenjan, Este delicioso y tipico plato persa esta hecho de pollo, ba\u00f1ado en estofado de melaza de granada con nueces.\",\"breadcrumb\":{\"@id\":\"https:\/\/deliciaspersas.com\/en\/tienda\/ready\/comida-afgana-ghabali-polo-460g-sarashpaz\/#breadcrumb\"},\"inLanguage\":\"en-US\",\"potentialAction\":[{\"@type\":\"ReadAction\",\"target\":[\"https:\/\/deliciaspersas.com\/en\/tienda\/ready\/comida-afgana-ghabali-polo-460g-sarashpaz\/\"]}]},{\"@type\":\"ImageObject\",\"inLanguage\":\"en-US\",\"@id\":\"https:\/\/deliciaspersas.com\/en\/tienda\/ready\/comida-afgana-ghabali-polo-460g-sarashpaz\/#primaryimage\",\"url\":\"https:\/\/deliciaspersas.com\/wp-content\/uploads\/Ghabeli-polo-Sarashpaz-Dayan.jpeg\",\"contentUrl\":\"https:\/\/deliciaspersas.com\/wp-content\/uploads\/Ghabeli-polo-Sarashpaz-Dayan.jpeg\",\"width\":2452,\"height\":2314},{\"@type\":\"BreadcrumbList\",\"@id\":\"https:\/\/deliciaspersas.com\/en\/tienda\/ready\/comida-afgana-ghabali-polo-460g-sarashpaz\/#breadcrumb\",\"itemListElement\":[{\"@type\":\"ListItem\",\"position\":1,\"name\":\"Portada\",\"item\":\"https:\/\/deliciaspersas.com\/en\/\"},{\"@type\":\"ListItem\",\"position\":2,\"name\":\"Tienda\",\"item\":\"https:\/\/deliciaspersas.com\/\"},{\"@type\":\"ListItem\",\"position\":3,\"name\":\"Comida Afgana (Ghabali polo ) 460g Sarashpaz\"}]},{\"@type\":\"WebSite\",\"@id\":\"https:\/\/deliciaspersas.com\/en\/#website\",\"url\":\"https:\/\/deliciaspersas.com\/en\/\",\"name\":\"Delicias Persas\",\"description\":\"Gastronom&iacute;a persa al alcance de tus manos\",\"publisher\":{\"@id\":\"https:\/\/deliciaspersas.com\/en\/#organization\"},\"potentialAction\":[{\"@type\":\"SearchAction\",\"target\":{\"@type\":\"EntryPoint\",\"urlTemplate\":\"https:\/\/deliciaspersas.com\/en\/?s={search_term_string}\"},\"query-input\":{\"@type\":\"PropertyValueSpecification\",\"valueRequired\":true,\"valueName\":\"search_term_string\"}}],\"inLanguage\":\"en-US\"},{\"@type\":\"Organization\",\"@id\":\"https:\/\/deliciaspersas.com\/en\/#organization\",\"name\":\"Delicias Persas\",\"url\":\"https:\/\/deliciaspersas.com\/en\/\",\"logo\":{\"@type\":\"ImageObject\",\"inLanguage\":\"en-US\",\"@id\":\"https:\/\/deliciaspersas.com\/en\/#\/schema\/logo\/image\/\",\"url\":\"https:\/\/deliciaspersas.com\/wp-content\/uploads\/2020\/07\/logo-2020.png\",\"contentUrl\":\"https:\/\/deliciaspersas.com\/wp-content\/uploads\/2020\/07\/logo-2020.png\",\"width\":520,\"height\":490,\"caption\":\"Delicias Persas\"},\"image\":{\"@id\":\"https:\/\/deliciaspersas.com\/en\/#\/schema\/logo\/image\/\"},\"sameAs\":[\"https:\/\/www.facebook.com\/Deliciaspersas\",\"https:\/\/www.instagram.com\/delicias_persas\/\",\"https:\/\/www.linkedin.com\/delicias-persas\"]}]}<\/script>\n<!-- \/ Yoast SEO plugin. -->","yoast_head_json":{"title":"Comida Afgana (Ghabali polo ) 460g Sarashpaz - Delicias Persas","description":"Fesenjan, Este delicioso y tipico plato persa esta hecho de pollo, ba\u00f1ado en estofado de melaza de granada con nueces.","robots":{"index":"index","follow":"follow","max-snippet":"max-snippet:-1","max-image-preview":"max-image-preview:large","max-video-preview":"max-video-preview:-1"},"canonical":"https:\/\/deliciaspersas.com\/en\/tienda\/ready\/comida-afgana-ghabali-polo-460g-sarashpaz\/","og_locale":"en_US","og_type":"article","og_title":"Comida Afgana (Ghabali polo ) 460g Sarashpaz - Delicias Persas","og_description":"Fesenjan, Este delicioso y tipico plato persa esta hecho de pollo, ba\u00f1ado en estofado de melaza de granada con nueces.","og_url":"https:\/\/deliciaspersas.com\/en\/tienda\/ready\/comida-afgana-ghabali-polo-460g-sarashpaz\/","og_site_name":"Delicias Persas","article_publisher":"https:\/\/www.facebook.com\/Deliciaspersas","article_modified_time":"2026-03-24T18:42:51+00:00","og_image":[{"width":2452,"height":2314,"url":"https:\/\/deliciaspersas.com\/wp-content\/uploads\/Ghabeli-polo-Sarashpaz-Dayan.jpeg","type":"image\/jpeg"}],"twitter_card":"summary_large_image","twitter_misc":{"Est. reading time":"2 minutes"},"schema":{"@context":"https:\/\/schema.org","@graph":[{"@type":"WebPage","@id":"https:\/\/deliciaspersas.com\/en\/tienda\/ready\/comida-afgana-ghabali-polo-460g-sarashpaz\/","url":"https:\/\/deliciaspersas.com\/en\/tienda\/ready\/comida-afgana-ghabali-polo-460g-sarashpaz\/","name":"Comida Afgana (Ghabali polo ) 460g Sarashpaz - Delicias Persas","isPartOf":{"@id":"https:\/\/deliciaspersas.com\/en\/#website"},"primaryImageOfPage":{"@id":"https:\/\/deliciaspersas.com\/en\/tienda\/ready\/comida-afgana-ghabali-polo-460g-sarashpaz\/#primaryimage"},"image":{"@id":"https:\/\/deliciaspersas.com\/en\/tienda\/ready\/comida-afgana-ghabali-polo-460g-sarashpaz\/#primaryimage"},"thumbnailUrl":"https:\/\/deliciaspersas.com\/wp-content\/uploads\/Ghabeli-polo-Sarashpaz-Dayan.jpeg","datePublished":"2025-08-25T14:38:00+00:00","dateModified":"2026-03-24T18:42:51+00:00","description":"Fesenjan, Este delicioso y tipico plato persa esta hecho de pollo, ba\u00f1ado en estofado de melaza de granada con nueces.","breadcrumb":{"@id":"https:\/\/deliciaspersas.com\/en\/tienda\/ready\/comida-afgana-ghabali-polo-460g-sarashpaz\/#breadcrumb"},"inLanguage":"en-US","potentialAction":[{"@type":"ReadAction","target":["https:\/\/deliciaspersas.com\/en\/tienda\/ready\/comida-afgana-ghabali-polo-460g-sarashpaz\/"]}]},{"@type":"ImageObject","inLanguage":"en-US","@id":"https:\/\/deliciaspersas.com\/en\/tienda\/ready\/comida-afgana-ghabali-polo-460g-sarashpaz\/#primaryimage","url":"https:\/\/deliciaspersas.com\/wp-content\/uploads\/Ghabeli-polo-Sarashpaz-Dayan.jpeg","contentUrl":"https:\/\/deliciaspersas.com\/wp-content\/uploads\/Ghabeli-polo-Sarashpaz-Dayan.jpeg","width":2452,"height":2314},{"@type":"BreadcrumbList","@id":"https:\/\/deliciaspersas.com\/en\/tienda\/ready\/comida-afgana-ghabali-polo-460g-sarashpaz\/#breadcrumb","itemListElement":[{"@type":"ListItem","position":1,"name":"Portada","item":"https:\/\/deliciaspersas.com\/en\/"},{"@type":"ListItem","position":2,"name":"Tienda","item":"https:\/\/deliciaspersas.com\/"},{"@type":"ListItem","position":3,"name":"Comida Afgana (Ghabali polo ) 460g Sarashpaz"}]},{"@type":"WebSite","@id":"https:\/\/deliciaspersas.com\/en\/#website","url":"https:\/\/deliciaspersas.com\/en\/","name":"Delicias Persas","description":"Gastronom&iacute;a persa al alcance de tus manos","publisher":{"@id":"https:\/\/deliciaspersas.com\/en\/#organization"},"potentialAction":[{"@type":"SearchAction","target":{"@type":"EntryPoint","urlTemplate":"https:\/\/deliciaspersas.com\/en\/?s={search_term_string}"},"query-input":{"@type":"PropertyValueSpecification","valueRequired":true,"valueName":"search_term_string"}}],"inLanguage":"en-US"},{"@type":"Organization","@id":"https:\/\/deliciaspersas.com\/en\/#organization","name":"Delicias Persas","url":"https:\/\/deliciaspersas.com\/en\/","logo":{"@type":"ImageObject","inLanguage":"en-US","@id":"https:\/\/deliciaspersas.com\/en\/#\/schema\/logo\/image\/","url":"https:\/\/deliciaspersas.com\/wp-content\/uploads\/2020\/07\/logo-2020.png","contentUrl":"https:\/\/deliciaspersas.com\/wp-content\/uploads\/2020\/07\/logo-2020.png","width":520,"height":490,"caption":"Delicias Persas"},"image":{"@id":"https:\/\/deliciaspersas.com\/en\/#\/schema\/logo\/image\/"},"sameAs":["https:\/\/www.facebook.com\/Deliciaspersas","https:\/\/www.instagram.com\/delicias_persas\/","https:\/\/www.linkedin.com\/delicias-persas"]}]}},"uagb_featured_image_src":{"full":["https:\/\/deliciaspersas.com\/wp-content\/uploads\/Ghabeli-polo-Sarashpaz-Dayan.jpeg",2452,2314,false],"thumbnail":["https:\/\/deliciaspersas.com\/wp-content\/uploads\/Ghabeli-polo-Sarashpaz-Dayan-150x150.jpeg",150,150,true],"medium":["https:\/\/deliciaspersas.com\/wp-content\/uploads\/Ghabeli-polo-Sarashpaz-Dayan-300x283.jpeg",300,283,true],"medium_large":["https:\/\/deliciaspersas.com\/wp-content\/uploads\/Ghabeli-polo-Sarashpaz-Dayan-768x725.jpeg",768,725,true],"large":["https:\/\/deliciaspersas.com\/wp-content\/uploads\/Ghabeli-polo-Sarashpaz-Dayan-1024x966.jpeg",1024,966,true],"1536x1536":["https:\/\/deliciaspersas.com\/wp-content\/uploads\/Ghabeli-polo-Sarashpaz-Dayan-1536x1450.jpeg",1536,1450,true],"2048x2048":["https:\/\/deliciaspersas.com\/wp-content\/uploads\/Ghabeli-polo-Sarashpaz-Dayan-2048x1933.jpeg",2048,1933,true],"woocommerce_thumbnail":["https:\/\/deliciaspersas.com\/wp-content\/uploads\/Ghabeli-polo-Sarashpaz-Dayan-300x300.jpeg",300,300,true],"woocommerce_single":["https:\/\/deliciaspersas.com\/wp-content\/uploads\/Ghabeli-polo-Sarashpaz-Dayan-600x566.jpeg",600,566,true],"woocommerce_gallery_thumbnail":["https:\/\/deliciaspersas.com\/wp-content\/uploads\/Ghabeli-polo-Sarashpaz-Dayan-100x100.jpeg",100,100,true]},"uagb_author_info":{"display_name":"admin","author_link":"https:\/\/deliciaspersas.com\/en\/author\/"},"uagb_comment_info":0,"uagb_excerpt":"Comida Afgana (Ghabali polo ) 460g Sarashpaz Informaci\u00f3n del producto: Estofado de melaza de granada con nueces. Este delicioso y tradicional plato persa se elabora ba\u00f1ando el pollo en un estofado elaborado con melaza de granada y nueces; aportando un gran sabor. Ademas, se aportan los beneficios de la melaza de granada, que es rica&hellip;","brands":[{"id":199,"name":"Sarashpaz","slug":"sarashpaz"}],"_links":{"self":[{"href":"https:\/\/deliciaspersas.com\/en\/wp-json\/wp\/v2\/product\/17115"}],"collection":[{"href":"https:\/\/deliciaspersas.com\/en\/wp-json\/wp\/v2\/product"}],"about":[{"href":"https:\/\/deliciaspersas.com\/en\/wp-json\/wp\/v2\/types\/product"}],"wp:featuredmedia":[{"embeddable":true,"href":"https:\/\/deliciaspersas.com\/en\/wp-json\/wp\/v2\/media\/17116"}],"wp:attachment":[{"href":"https:\/\/deliciaspersas.com\/en\/wp-json\/wp\/v2\/media?parent=17115"}],"wp:term":[{"taxonomy":"pwb-brand","embeddable":true,"href":"https:\/\/deliciaspersas.com\/en\/wp-json\/wp\/v2\/pwb-brand?post=17115"},{"taxonomy":"product_cat","embeddable":true,"href":"https:\/\/deliciaspersas.com\/en\/wp-json\/wp\/v2\/product_cat?post=17115"},{"taxonomy":"product_tag","embeddable":true,"href":"https:\/\/deliciaspersas.com\/en\/wp-json\/wp\/v2\/product_tag?post=17115"}],"curies":[{"name":"wp","href":"https:\/\/api.w.org\/{rel}","templated":true}]}}