{"id":17325,"date":"2025-11-22T17:07:53","date_gmt":"2025-11-22T16:07:53","guid":{"rendered":"https:\/\/deliciaspersas.com\/?post_type=product&#038;p=17325"},"modified":"2026-02-07T18:02:09","modified_gmt":"2026-02-07T17:02:09","slug":"okra-en-escabeche-bamieh-660g-dowlat","status":"publish","type":"product","link":"https:\/\/deliciaspersas.com\/en\/tienda\/hierbas\/okra-en-escabeche-bamieh-660g-dowlat\/","title":{"rendered":"Okra en escabeche (Bamieh ) 660g Dowlat"},"content":{"rendered":"<h1>Okra en escabeche (Bamieh ) 660g Dowlat<\/h1>\n<h4>Informaci\u00f3n del producto:<\/h4>\n<p>La okra es una planta tropical que crece en condiciones fr\u00edas. La planta tiene un tallo recto, cubierto de fibra.<\/p>\n<p>Los p\u00e9talos son amarillos pero rojos en el medio. El fruto es piramidal, alargado y contiene semillas fibrosas. Esta planta se cultiv\u00f3 y cosech\u00f3 por primera vez en Ir\u00e1n, en la ciudad de Sarakhs, y en Europa del Este se consume m\u00e1s que en otras partes del mar Mediterr\u00e1neo. En Turqu\u00eda, la okra se seca y se almacena para el consumo invernal. En Ir\u00e1n, se utiliza para preparar estofado de quingomb\u00f3, que es un plato famoso en el sur de Ir\u00e1n.<\/p>\n<h4>Beneficios:<\/h4>\n<p><strong>1. Comer okra te ayuda a adelgazar<\/strong><\/p>\n<p>Las okra son hortalizas\u00a0<em><strong>poco cal\u00f3ricas\u00a0<\/strong><\/em>que deben ser incluidas en tu plan alimentario para perder peso y tener una vida m\u00e1s saludable.<\/p>\n<p>Debido a estas fibras, la hortaliza tambi\u00e9n se considera un alimento de bajo \u00edndice gluc\u00e9mico, lo que significa que su consumo no promueve picos de glucemia. Cuando en cantidades elevadas en la sangre, s\u00f3lo una parte de la glucosa se almacena en forma de gluc\u00f3geno (para ser utilizado en la s\u00edntesis de energ\u00eda); el excedente se convierte en grasas.<\/p>\n<p><strong>2. La okra es un buen alimento para los diab\u00e9ticos<\/strong><\/p>\n<p>Una investigaci\u00f3n realizada con ratas\u00a0<em><strong>diab\u00e9ticas<\/strong><\/em>, publicada en el Jounal of Pharmacy &amp; Bioallied Sciences, revel\u00f3 que la okra presenta efectos antidiab\u00e9ticos y antihiperlipid\u00e9micos. En el estudio, uno de los grupos de animales consumi\u00f3 el polvo de semillas de la okra; otro el polvo obtenido a partir de sus c\u00e1scaras. Los polvos se administraron por v\u00eda oral en la siguiente dosis: 100 y 200mg\/kg. En comparaci\u00f3n con las ratas con diabetes del grupo control, los animales tratados con el polvo de okra tuvieron una reducci\u00f3n en sus niveles de glucemia (a\u00fan m\u00e1s evidente con el polvo de semillas, y en ambos casos a la dosis de 200mg\/kg), aumento del nivel de HDL (colesterol bueno) y reducci\u00f3n de los niveles de colesterol total, LDL, VLDL y triglic\u00e9ridos. La hiperlipidemia es una condici\u00f3n frecuente en los pacientes diab\u00e9ticos.<\/p>\n<p><strong>\u00a03. La okra ayuda a mantener la salud del sistema cardiovascular<\/strong><\/p>\n<p>Como ya vimos, adem\u00e1s de disminuir la absorci\u00f3n de glucosa, las fibras de la okra tambi\u00e9n tienen este efecto con relaci\u00f3n al\u00a0<em><strong>colesterol<\/strong><\/em>.<\/p>\n<p>El exceso de colesterol puede llevar a la aparici\u00f3n de placas ateroscler\u00f3ticas en las arterias, que pueden obstruir el flujo sangu\u00edneo por completo, generando infartos y accidentes vasculares cerebrales (derrames cerebrales).<\/p>\n<p>Los beneficios de la okra para el sistema cardiovascular tambi\u00e9n se derivan de la presencia del potasio. El mineral neutraliza los efectos hipertensivos del sodio en nuestro organismo y tambi\u00e9n relaja los vasos sangu\u00edneos. La hipertensi\u00f3n arterial es otro importante factor de riesgo para las enfermedades que afectan el coraz\u00f3n.<\/p>\n","protected":false},"excerpt":{"rendered":"<p>Okra en escabeche (Bamieh ) 660g Dowlat Informaci\u00f3n del producto: La okra es una planta tropical que crece en condiciones fr\u00edas. La planta tiene un tallo recto, cubierto de fibra. Los p\u00e9talos son amarillos pero rojos en el medio. El fruto es piramidal, alargado y contiene semillas fibrosas. Esta planta se cultiv\u00f3 y cosech\u00f3 por [&hellip;]<\/p>\n","protected":false},"featured_media":17326,"template":"","meta":{"_surecart_dashboard_logo_width":"180px","_surecart_dashboard_show_logo":true,"_surecart_dashboard_navigation_orders":true,"_surecart_dashboard_navigation_invoices":true,"_surecart_dashboard_navigation_subscriptions":true,"_surecart_dashboard_navigation_downloads":true,"_surecart_dashboard_navigation_billing":true,"_surecart_dashboard_navigation_account":true,"_uag_custom_page_level_css":"","site-sidebar-layout":"default","site-content-layout":"default","ast-site-content-layout":"default","site-content-style":"default","site-sidebar-style":"default","ast-global-header-display":"","ast-banner-title-visibility":"","ast-main-header-display":"","ast-hfb-above-header-display":"","ast-hfb-below-header-display":"","ast-hfb-mobile-header-display":"","site-post-title":"","ast-breadcrumbs-content":"","ast-featured-img":"","footer-sml-layout":"","theme-transparent-header-meta":"default","adv-header-id-meta":"","stick-header-meta":"","header-above-stick-meta":"","header-main-stick-meta":"","header-below-stick-meta":"","astra-migrate-meta-layouts":"set","ast-page-background-enabled":"default","ast-page-background-meta":{"desktop":{"background-color":"","background-image":"","background-repeat":"repeat","background-position":"center center","background-size":"auto","background-attachment":"scroll","background-type":"","background-media":"","overlay-type":"","overlay-color":"","overlay-opacity":"","overlay-gradient":""},"tablet":{"background-color":"","background-image":"","background-repeat":"repeat","background-position":"center center","background-size":"auto","background-attachment":"scroll","background-type":"","background-media":"","overlay-type":"","overlay-color":"","overlay-opacity":"","overlay-gradient":""},"mobile":{"background-color":"","background-image":"","background-repeat":"repeat","background-position":"center center","background-size":"auto","background-attachment":"scroll","background-type":"","background-media":"","overlay-type":"","overlay-color":"","overlay-opacity":"","overlay-gradient":""}},"ast-content-background-meta":{"desktop":{"background-color":"var(--ast-global-color-5)","background-image":"","background-repeat":"repeat","background-position":"center center","background-size":"auto","background-attachment":"scroll","background-type":"","background-media":"","overlay-type":"","overlay-color":"","overlay-opacity":"","overlay-gradient":""},"tablet":{"background-color":"var(--ast-global-color-5)","background-image":"","background-repeat":"repeat","background-position":"center center","background-size":"auto","background-attachment":"scroll","background-type":"","background-media":"","overlay-type":"","overlay-color":"","overlay-opacity":"","overlay-gradient":""},"mobile":{"background-color":"var(--ast-global-color-5)","background-image":"","background-repeat":"repeat","background-position":"center center","background-size":"auto","background-attachment":"scroll","background-type":"","background-media":"","overlay-type":"","overlay-color":"","overlay-opacity":"","overlay-gradient":""}}},"pwb-brand":[1200],"product_cat":[41],"product_tag":[721,381,348,380,279,379],"class_list":{"0":"post-17325","1":"product","2":"type-product","3":"status-publish","4":"has-post-thumbnail","6":"pwb-brand-dowlat","7":"product_cat-hierbas","8":"product_tag-okra","9":"product_tag-381","10":"product_tag-348","11":"product_tag-380","12":"product_tag-279","13":"product_tag-379","14":"desktop-align-center","15":"tablet-align-center","16":"mobile-align-center","18":"first","19":"instock","20":"taxable","21":"shipping-taxable","22":"purchasable","23":"product-type-simple"},"yoast_head":"<!-- This site is optimized with the Yoast SEO plugin v23.6 - https:\/\/yoast.com\/wordpress\/plugins\/seo\/ -->\n<title>Okra en escabeche (Bamieh ) 660g Dowlat - Delicias Persas<\/title>\n<meta name=\"description\" content=\"Estos bocaditos, rellenos de hojas de uva, son una buena fuente de nutrientes; y adem\u00e1s no tienen grasa ni colesterol.\" \/>\n<meta name=\"robots\" content=\"index, follow, max-snippet:-1, max-image-preview:large, max-video-preview:-1\" \/>\n<link rel=\"canonical\" href=\"https:\/\/deliciaspersas.com\/en\/tienda\/hierbas\/okra-en-escabeche-bamieh-660g-dowlat\/\" \/>\n<meta property=\"og:locale\" content=\"en_US\" \/>\n<meta property=\"og:type\" content=\"article\" \/>\n<meta property=\"og:title\" content=\"Okra en escabeche (Bamieh ) 660g Dowlat - Delicias Persas\" \/>\n<meta property=\"og:description\" content=\"Estos bocaditos, rellenos de hojas de uva, son una buena fuente de nutrientes; y adem\u00e1s no tienen grasa ni colesterol.\" \/>\n<meta property=\"og:url\" content=\"https:\/\/deliciaspersas.com\/en\/tienda\/hierbas\/okra-en-escabeche-bamieh-660g-dowlat\/\" \/>\n<meta property=\"og:site_name\" content=\"Delicias Persas\" \/>\n<meta property=\"article:publisher\" content=\"https:\/\/www.facebook.com\/Deliciaspersas\" \/>\n<meta property=\"article:modified_time\" content=\"2026-02-07T17:02:09+00:00\" \/>\n<meta property=\"og:image\" content=\"https:\/\/deliciaspersas.com\/wp-content\/uploads\/OKRA-EN-ESCABECHE-Dowlat-Dayan.jpg\" \/>\n\t<meta property=\"og:image:width\" content=\"1000\" \/>\n\t<meta property=\"og:image:height\" content=\"1000\" \/>\n\t<meta property=\"og:image:type\" content=\"image\/jpeg\" \/>\n<meta name=\"twitter:card\" content=\"summary_large_image\" \/>\n<meta name=\"twitter:label1\" content=\"Est. reading time\" \/>\n\t<meta name=\"twitter:data1\" content=\"3 minutes\" \/>\n<script type=\"application\/ld+json\" class=\"yoast-schema-graph\">{\"@context\":\"https:\/\/schema.org\",\"@graph\":[{\"@type\":\"WebPage\",\"@id\":\"https:\/\/deliciaspersas.com\/en\/tienda\/hierbas\/okra-en-escabeche-bamieh-660g-dowlat\/\",\"url\":\"https:\/\/deliciaspersas.com\/en\/tienda\/hierbas\/okra-en-escabeche-bamieh-660g-dowlat\/\",\"name\":\"Okra en escabeche (Bamieh ) 660g Dowlat - Delicias Persas\",\"isPartOf\":{\"@id\":\"https:\/\/deliciaspersas.com\/en\/#website\"},\"primaryImageOfPage\":{\"@id\":\"https:\/\/deliciaspersas.com\/en\/tienda\/hierbas\/okra-en-escabeche-bamieh-660g-dowlat\/#primaryimage\"},\"image\":{\"@id\":\"https:\/\/deliciaspersas.com\/en\/tienda\/hierbas\/okra-en-escabeche-bamieh-660g-dowlat\/#primaryimage\"},\"thumbnailUrl\":\"https:\/\/deliciaspersas.com\/wp-content\/uploads\/OKRA-EN-ESCABECHE-Dowlat-Dayan.jpg\",\"datePublished\":\"2025-11-22T16:07:53+00:00\",\"dateModified\":\"2026-02-07T17:02:09+00:00\",\"description\":\"Estos bocaditos, rellenos de hojas de uva, son una buena fuente de nutrientes; y adem\u00e1s no tienen grasa ni colesterol.\",\"breadcrumb\":{\"@id\":\"https:\/\/deliciaspersas.com\/en\/tienda\/hierbas\/okra-en-escabeche-bamieh-660g-dowlat\/#breadcrumb\"},\"inLanguage\":\"en-US\",\"potentialAction\":[{\"@type\":\"ReadAction\",\"target\":[\"https:\/\/deliciaspersas.com\/en\/tienda\/hierbas\/okra-en-escabeche-bamieh-660g-dowlat\/\"]}]},{\"@type\":\"ImageObject\",\"inLanguage\":\"en-US\",\"@id\":\"https:\/\/deliciaspersas.com\/en\/tienda\/hierbas\/okra-en-escabeche-bamieh-660g-dowlat\/#primaryimage\",\"url\":\"https:\/\/deliciaspersas.com\/wp-content\/uploads\/OKRA-EN-ESCABECHE-Dowlat-Dayan.jpg\",\"contentUrl\":\"https:\/\/deliciaspersas.com\/wp-content\/uploads\/OKRA-EN-ESCABECHE-Dowlat-Dayan.jpg\",\"width\":1000,\"height\":1000},{\"@type\":\"BreadcrumbList\",\"@id\":\"https:\/\/deliciaspersas.com\/en\/tienda\/hierbas\/okra-en-escabeche-bamieh-660g-dowlat\/#breadcrumb\",\"itemListElement\":[{\"@type\":\"ListItem\",\"position\":1,\"name\":\"Portada\",\"item\":\"https:\/\/deliciaspersas.com\/en\/\"},{\"@type\":\"ListItem\",\"position\":2,\"name\":\"Tienda\",\"item\":\"https:\/\/deliciaspersas.com\/\"},{\"@type\":\"ListItem\",\"position\":3,\"name\":\"Okra en escabeche (Bamieh ) 660g Dowlat\"}]},{\"@type\":\"WebSite\",\"@id\":\"https:\/\/deliciaspersas.com\/en\/#website\",\"url\":\"https:\/\/deliciaspersas.com\/en\/\",\"name\":\"Delicias Persas\",\"description\":\"Gastronom&iacute;a persa al alcance de tus manos\",\"publisher\":{\"@id\":\"https:\/\/deliciaspersas.com\/en\/#organization\"},\"potentialAction\":[{\"@type\":\"SearchAction\",\"target\":{\"@type\":\"EntryPoint\",\"urlTemplate\":\"https:\/\/deliciaspersas.com\/en\/?s={search_term_string}\"},\"query-input\":{\"@type\":\"PropertyValueSpecification\",\"valueRequired\":true,\"valueName\":\"search_term_string\"}}],\"inLanguage\":\"en-US\"},{\"@type\":\"Organization\",\"@id\":\"https:\/\/deliciaspersas.com\/en\/#organization\",\"name\":\"Delicias Persas\",\"url\":\"https:\/\/deliciaspersas.com\/en\/\",\"logo\":{\"@type\":\"ImageObject\",\"inLanguage\":\"en-US\",\"@id\":\"https:\/\/deliciaspersas.com\/en\/#\/schema\/logo\/image\/\",\"url\":\"https:\/\/deliciaspersas.com\/wp-content\/uploads\/2020\/07\/logo-2020.png\",\"contentUrl\":\"https:\/\/deliciaspersas.com\/wp-content\/uploads\/2020\/07\/logo-2020.png\",\"width\":520,\"height\":490,\"caption\":\"Delicias Persas\"},\"image\":{\"@id\":\"https:\/\/deliciaspersas.com\/en\/#\/schema\/logo\/image\/\"},\"sameAs\":[\"https:\/\/www.facebook.com\/Deliciaspersas\",\"https:\/\/www.instagram.com\/delicias_persas\/\",\"https:\/\/www.linkedin.com\/delicias-persas\"]}]}<\/script>\n<!-- \/ Yoast SEO plugin. -->","yoast_head_json":{"title":"Okra en escabeche (Bamieh ) 660g Dowlat - Delicias Persas","description":"Estos bocaditos, rellenos de hojas de uva, son una buena fuente de nutrientes; y adem\u00e1s no tienen grasa ni colesterol.","robots":{"index":"index","follow":"follow","max-snippet":"max-snippet:-1","max-image-preview":"max-image-preview:large","max-video-preview":"max-video-preview:-1"},"canonical":"https:\/\/deliciaspersas.com\/en\/tienda\/hierbas\/okra-en-escabeche-bamieh-660g-dowlat\/","og_locale":"en_US","og_type":"article","og_title":"Okra en escabeche (Bamieh ) 660g Dowlat - Delicias Persas","og_description":"Estos bocaditos, rellenos de hojas de uva, son una buena fuente de nutrientes; y adem\u00e1s no tienen grasa ni colesterol.","og_url":"https:\/\/deliciaspersas.com\/en\/tienda\/hierbas\/okra-en-escabeche-bamieh-660g-dowlat\/","og_site_name":"Delicias Persas","article_publisher":"https:\/\/www.facebook.com\/Deliciaspersas","article_modified_time":"2026-02-07T17:02:09+00:00","og_image":[{"width":1000,"height":1000,"url":"https:\/\/deliciaspersas.com\/wp-content\/uploads\/OKRA-EN-ESCABECHE-Dowlat-Dayan.jpg","type":"image\/jpeg"}],"twitter_card":"summary_large_image","twitter_misc":{"Est. reading time":"3 minutes"},"schema":{"@context":"https:\/\/schema.org","@graph":[{"@type":"WebPage","@id":"https:\/\/deliciaspersas.com\/en\/tienda\/hierbas\/okra-en-escabeche-bamieh-660g-dowlat\/","url":"https:\/\/deliciaspersas.com\/en\/tienda\/hierbas\/okra-en-escabeche-bamieh-660g-dowlat\/","name":"Okra en escabeche (Bamieh ) 660g Dowlat - Delicias Persas","isPartOf":{"@id":"https:\/\/deliciaspersas.com\/en\/#website"},"primaryImageOfPage":{"@id":"https:\/\/deliciaspersas.com\/en\/tienda\/hierbas\/okra-en-escabeche-bamieh-660g-dowlat\/#primaryimage"},"image":{"@id":"https:\/\/deliciaspersas.com\/en\/tienda\/hierbas\/okra-en-escabeche-bamieh-660g-dowlat\/#primaryimage"},"thumbnailUrl":"https:\/\/deliciaspersas.com\/wp-content\/uploads\/OKRA-EN-ESCABECHE-Dowlat-Dayan.jpg","datePublished":"2025-11-22T16:07:53+00:00","dateModified":"2026-02-07T17:02:09+00:00","description":"Estos bocaditos, rellenos de hojas de uva, son una buena fuente de nutrientes; y adem\u00e1s no tienen grasa ni colesterol.","breadcrumb":{"@id":"https:\/\/deliciaspersas.com\/en\/tienda\/hierbas\/okra-en-escabeche-bamieh-660g-dowlat\/#breadcrumb"},"inLanguage":"en-US","potentialAction":[{"@type":"ReadAction","target":["https:\/\/deliciaspersas.com\/en\/tienda\/hierbas\/okra-en-escabeche-bamieh-660g-dowlat\/"]}]},{"@type":"ImageObject","inLanguage":"en-US","@id":"https:\/\/deliciaspersas.com\/en\/tienda\/hierbas\/okra-en-escabeche-bamieh-660g-dowlat\/#primaryimage","url":"https:\/\/deliciaspersas.com\/wp-content\/uploads\/OKRA-EN-ESCABECHE-Dowlat-Dayan.jpg","contentUrl":"https:\/\/deliciaspersas.com\/wp-content\/uploads\/OKRA-EN-ESCABECHE-Dowlat-Dayan.jpg","width":1000,"height":1000},{"@type":"BreadcrumbList","@id":"https:\/\/deliciaspersas.com\/en\/tienda\/hierbas\/okra-en-escabeche-bamieh-660g-dowlat\/#breadcrumb","itemListElement":[{"@type":"ListItem","position":1,"name":"Portada","item":"https:\/\/deliciaspersas.com\/en\/"},{"@type":"ListItem","position":2,"name":"Tienda","item":"https:\/\/deliciaspersas.com\/"},{"@type":"ListItem","position":3,"name":"Okra en escabeche (Bamieh ) 660g Dowlat"}]},{"@type":"WebSite","@id":"https:\/\/deliciaspersas.com\/en\/#website","url":"https:\/\/deliciaspersas.com\/en\/","name":"Delicias Persas","description":"Gastronom&iacute;a persa al alcance de tus manos","publisher":{"@id":"https:\/\/deliciaspersas.com\/en\/#organization"},"potentialAction":[{"@type":"SearchAction","target":{"@type":"EntryPoint","urlTemplate":"https:\/\/deliciaspersas.com\/en\/?s={search_term_string}"},"query-input":{"@type":"PropertyValueSpecification","valueRequired":true,"valueName":"search_term_string"}}],"inLanguage":"en-US"},{"@type":"Organization","@id":"https:\/\/deliciaspersas.com\/en\/#organization","name":"Delicias Persas","url":"https:\/\/deliciaspersas.com\/en\/","logo":{"@type":"ImageObject","inLanguage":"en-US","@id":"https:\/\/deliciaspersas.com\/en\/#\/schema\/logo\/image\/","url":"https:\/\/deliciaspersas.com\/wp-content\/uploads\/2020\/07\/logo-2020.png","contentUrl":"https:\/\/deliciaspersas.com\/wp-content\/uploads\/2020\/07\/logo-2020.png","width":520,"height":490,"caption":"Delicias Persas"},"image":{"@id":"https:\/\/deliciaspersas.com\/en\/#\/schema\/logo\/image\/"},"sameAs":["https:\/\/www.facebook.com\/Deliciaspersas","https:\/\/www.instagram.com\/delicias_persas\/","https:\/\/www.linkedin.com\/delicias-persas"]}]}},"uagb_featured_image_src":{"full":["https:\/\/deliciaspersas.com\/wp-content\/uploads\/OKRA-EN-ESCABECHE-Dowlat-Dayan.jpg",1000,1000,false],"thumbnail":["https:\/\/deliciaspersas.com\/wp-content\/uploads\/OKRA-EN-ESCABECHE-Dowlat-Dayan-150x150.jpg",150,150,true],"medium":["https:\/\/deliciaspersas.com\/wp-content\/uploads\/OKRA-EN-ESCABECHE-Dowlat-Dayan-300x300.jpg",300,300,true],"medium_large":["https:\/\/deliciaspersas.com\/wp-content\/uploads\/OKRA-EN-ESCABECHE-Dowlat-Dayan-768x768.jpg",768,768,true],"large":["https:\/\/deliciaspersas.com\/wp-content\/uploads\/OKRA-EN-ESCABECHE-Dowlat-Dayan.jpg",1000,1000,false],"1536x1536":["https:\/\/deliciaspersas.com\/wp-content\/uploads\/OKRA-EN-ESCABECHE-Dowlat-Dayan.jpg",1000,1000,false],"2048x2048":["https:\/\/deliciaspersas.com\/wp-content\/uploads\/OKRA-EN-ESCABECHE-Dowlat-Dayan.jpg",1000,1000,false],"woocommerce_thumbnail":["https:\/\/deliciaspersas.com\/wp-content\/uploads\/OKRA-EN-ESCABECHE-Dowlat-Dayan-300x300.jpg",300,300,true],"woocommerce_single":["https:\/\/deliciaspersas.com\/wp-content\/uploads\/OKRA-EN-ESCABECHE-Dowlat-Dayan-600x600.jpg",600,600,true],"woocommerce_gallery_thumbnail":["https:\/\/deliciaspersas.com\/wp-content\/uploads\/OKRA-EN-ESCABECHE-Dowlat-Dayan-100x100.jpg",100,100,true]},"uagb_author_info":{"display_name":"admin","author_link":"https:\/\/deliciaspersas.com\/en\/author\/"},"uagb_comment_info":0,"uagb_excerpt":"Okra en escabeche (Bamieh ) 660g Dowlat Informaci\u00f3n del producto: La okra es una planta tropical que crece en condiciones fr\u00edas. La planta tiene un tallo recto, cubierto de fibra. Los p\u00e9talos son amarillos pero rojos en el medio. El fruto es piramidal, alargado y contiene semillas fibrosas. Esta planta se cultiv\u00f3 y cosech\u00f3 por&hellip;","brands":[{"id":1200,"name":"Dowlat","slug":"dowlat"}],"_links":{"self":[{"href":"https:\/\/deliciaspersas.com\/en\/wp-json\/wp\/v2\/product\/17325"}],"collection":[{"href":"https:\/\/deliciaspersas.com\/en\/wp-json\/wp\/v2\/product"}],"about":[{"href":"https:\/\/deliciaspersas.com\/en\/wp-json\/wp\/v2\/types\/product"}],"wp:featuredmedia":[{"embeddable":true,"href":"https:\/\/deliciaspersas.com\/en\/wp-json\/wp\/v2\/media\/17326"}],"wp:attachment":[{"href":"https:\/\/deliciaspersas.com\/en\/wp-json\/wp\/v2\/media?parent=17325"}],"wp:term":[{"taxonomy":"pwb-brand","embeddable":true,"href":"https:\/\/deliciaspersas.com\/en\/wp-json\/wp\/v2\/pwb-brand?post=17325"},{"taxonomy":"product_cat","embeddable":true,"href":"https:\/\/deliciaspersas.com\/en\/wp-json\/wp\/v2\/product_cat?post=17325"},{"taxonomy":"product_tag","embeddable":true,"href":"https:\/\/deliciaspersas.com\/en\/wp-json\/wp\/v2\/product_tag?post=17325"}],"curies":[{"name":"wp","href":"https:\/\/api.w.org\/{rel}","templated":true}]}}