{"id":17329,"date":"2025-11-22T17:11:55","date_gmt":"2025-11-22T16:11:55","guid":{"rendered":"https:\/\/deliciaspersas.com\/?post_type=product&#038;p=17329"},"modified":"2026-03-14T10:48:39","modified_gmt":"2026-03-14T09:48:39","slug":"pasta-de-granada-660-ml-robe-anar-dowlat","status":"publish","type":"product","link":"https:\/\/deliciaspersas.com\/en\/tienda\/destilados\/pasta-de-granada-660-ml-robe-anar-dowlat\/","title":{"rendered":"Pasta de granada 660 ml (Robe anar) Dowlat"},"content":{"rendered":"<h1>Pasta de granada 660 ml (Robe anar) Dowlat<\/h1>\n<p>&nbsp;<\/p>\n<h6>Informaci\u00f3n del producto:<\/h6>\n<p><span id=\"result_box\" lang=\"en\">La melaza de granada o exprimido de granada es una de las 10 mejores frutas del mundo. Las ciudades de Saveh, Nayyriz y Ferdos son las primeras en la producci\u00f3n mundial.<br \/>\nEsta fruta que contiene vitaminas contiene un tipo de compuestos (polifenoles) que reducen el colesterol LDL al reducir la producci\u00f3n de c\u00e9lulas grasas en los vasos sangu\u00edneos.<\/span><\/p>\n<p><strong>Melaza de granada<\/strong>\u00a0es un\u00a0<em>jarabe agridulce<\/em>\u00a0con un lugar valioso en la cocina oriental.<br \/>\nEs el adobo principal de todos los platos de aves, adem\u00e1s de en ensaladas y elaboraci\u00f3n de postres.<\/p>\n<h6>Usos:<\/h6>\n<p>Recetas, ensaladas, todo tipo de verduras y platos fr\u00edos y calientes, adem\u00e1s de postres.<\/p>\n<p>Los platos m\u00e1s populares en los que se suele aplicar la melaza de granada son la\u00a0<em>Muhammara<\/em>, una crema de pimientos, nueces y especias que se sirve como mezze, y el\u00a0<em>Fesenjan<\/em>, un plato en el que se incluye carne, generalmente aves. Pero hay muchas otras recetas en las que incluir la melaza de granada, en principio a cualquiera que quieras aportarle un jarabe dulce y \u00e1cido.<\/p>\n<h6>Beneficios:<\/h6>\n<p>La granada es una fruta que contiene numerosos beneficios para la salud. esta fruta se lleva cultivando hace de miles de a\u00f1os, y que es una de las frutas con mayor poder antioxidante que existen (gracias a su contenido en antocianinas, polifenoles y taninos), y adem\u00e1s es refrescante y deliciosa. La granada\u00a0es baja en calor\u00edas\u00a0y de un gran poder nutritivo por lo que la OMS recomienda su consumo. El consumo de melaza de granada es favorable para combatir y tratar diferentes trastornos como:<\/p>\n<p>Evita la retenci\u00f3n de l\u00edquidos.<\/p>\n<p>Est\u00e1 bien para tratar el colesterol.<\/p>\n<p>Es \u00fatil para combatir la enfermedad de Alzheimer.<\/p>\n<p>Ayuda a tratar el asma.<\/p>\n<p>Previene la arteriosclerosis.<\/p>\n<p>Frena los procesos de envejecimiento por sus propiedades antioxidantes.<\/p>\n<p>Previene ciertos tipos de c\u00e1ncer.<\/p>\n<p>Ayuda a combatir las molestias durante la menopausia.<\/p>\n<p>Tiene propiedades antiinflamatorias y\u00a0antis\u00e9pticas.<\/p>\n<h6>Ingredientes y al\u00e9rgenos:<\/h6>\n<p><span style=\"font-size: 16px;\">Concentrado de granada y antioxidante.<\/span><\/p>\n<h6>Condiciones de conservaci\u00f3n:<\/h6>\n<p>Conservar en un lugar fresco, seco y protegido de la luz.<\/p>\n<h6>Informaci\u00f3n adicional:<\/h6>\n<p>Fabricado por: Dowlat<\/p>\n","protected":false},"excerpt":{"rendered":"<p>Pasta de granada 660 ml (Robe anar) Dowlat &nbsp; Informaci\u00f3n del producto: La melaza de granada o exprimido de granada es una de las 10 mejores frutas del mundo. Las ciudades de Saveh, Nayyriz y Ferdos son las primeras en la producci\u00f3n mundial. Esta fruta que contiene vitaminas contiene un tipo de compuestos (polifenoles) que [&hellip;]<\/p>\n","protected":false},"featured_media":17330,"template":"","meta":{"_surecart_dashboard_logo_width":"180px","_surecart_dashboard_show_logo":true,"_surecart_dashboard_navigation_orders":true,"_surecart_dashboard_navigation_invoices":true,"_surecart_dashboard_navigation_subscriptions":true,"_surecart_dashboard_navigation_downloads":true,"_surecart_dashboard_navigation_billing":true,"_surecart_dashboard_navigation_account":true,"_uag_custom_page_level_css":"","site-sidebar-layout":"default","site-content-layout":"default","ast-site-content-layout":"default","site-content-style":"default","site-sidebar-style":"default","ast-global-header-display":"","ast-banner-title-visibility":"","ast-main-header-display":"","ast-hfb-above-header-display":"","ast-hfb-below-header-display":"","ast-hfb-mobile-header-display":"","site-post-title":"","ast-breadcrumbs-content":"","ast-featured-img":"","footer-sml-layout":"","theme-transparent-header-meta":"default","adv-header-id-meta":"","stick-header-meta":"","header-above-stick-meta":"","header-main-stick-meta":"","header-below-stick-meta":"","astra-migrate-meta-layouts":"set","ast-page-background-enabled":"default","ast-page-background-meta":{"desktop":{"background-color":"","background-image":"","background-repeat":"repeat","background-position":"center center","background-size":"auto","background-attachment":"scroll","background-type":"","background-media":"","overlay-type":"","overlay-color":"","overlay-opacity":"","overlay-gradient":""},"tablet":{"background-color":"","background-image":"","background-repeat":"repeat","background-position":"center center","background-size":"auto","background-attachment":"scroll","background-type":"","background-media":"","overlay-type":"","overlay-color":"","overlay-opacity":"","overlay-gradient":""},"mobile":{"background-color":"","background-image":"","background-repeat":"repeat","background-position":"center center","background-size":"auto","background-attachment":"scroll","background-type":"","background-media":"","overlay-type":"","overlay-color":"","overlay-opacity":"","overlay-gradient":""}},"ast-content-background-meta":{"desktop":{"background-color":"var(--ast-global-color-5)","background-image":"","background-repeat":"repeat","background-position":"center center","background-size":"auto","background-attachment":"scroll","background-type":"","background-media":"","overlay-type":"","overlay-color":"","overlay-opacity":"","overlay-gradient":""},"tablet":{"background-color":"var(--ast-global-color-5)","background-image":"","background-repeat":"repeat","background-position":"center center","background-size":"auto","background-attachment":"scroll","background-type":"","background-media":"","overlay-type":"","overlay-color":"","overlay-opacity":"","overlay-gradient":""},"mobile":{"background-color":"var(--ast-global-color-5)","background-image":"","background-repeat":"repeat","background-position":"center center","background-size":"auto","background-attachment":"scroll","background-type":"","background-media":"","overlay-type":"","overlay-color":"","overlay-opacity":"","overlay-gradient":""}}},"pwb-brand":[1200],"product_cat":[39],"product_tag":[963,1749,1637,1750,1023],"class_list":{"0":"post-17329","1":"product","2":"type-product","3":"status-publish","4":"has-post-thumbnail","6":"pwb-brand-dowlat","7":"product_cat-destilados","8":"product_tag-granada","9":"product_tag-melaza","10":"product_tag-pasta","11":"product_tag-pomegranat","12":"product_tag---2","13":"desktop-align-center","14":"tablet-align-center","15":"mobile-align-center","17":"first","18":"instock","19":"taxable","20":"shipping-taxable","21":"purchasable","22":"product-type-simple"},"yoast_head":"<!-- This site is optimized with the Yoast SEO plugin v23.6 - https:\/\/yoast.com\/wordpress\/plugins\/seo\/ -->\n<title>Pasta de granada 660 ml (Robe anar) Dowlat - Delicias Persas<\/title>\n<meta name=\"description\" content=\"Melaza de granada\u00a0es un\u00a0jarabe agridulce\u00a0con un lugar valioso en la cocina oriental. Es el adobo principal, ensaladas y elaboraci\u00f3n de postres.\" \/>\n<meta name=\"robots\" content=\"index, follow, max-snippet:-1, max-image-preview:large, max-video-preview:-1\" \/>\n<link rel=\"canonical\" href=\"https:\/\/deliciaspersas.com\/en\/tienda\/destilados\/pasta-de-granada-660-ml-robe-anar-dowlat\/\" \/>\n<meta property=\"og:locale\" content=\"en_US\" \/>\n<meta property=\"og:type\" content=\"article\" \/>\n<meta property=\"og:title\" content=\"Pasta de granada 660 ml (Robe anar) Dowlat - Delicias Persas\" \/>\n<meta property=\"og:description\" content=\"Melaza de granada\u00a0es un\u00a0jarabe agridulce\u00a0con un lugar valioso en la cocina oriental. Es el adobo principal, ensaladas y elaboraci\u00f3n de postres.\" \/>\n<meta property=\"og:url\" content=\"https:\/\/deliciaspersas.com\/en\/tienda\/destilados\/pasta-de-granada-660-ml-robe-anar-dowlat\/\" \/>\n<meta property=\"og:site_name\" content=\"Delicias Persas\" \/>\n<meta property=\"article:publisher\" content=\"https:\/\/www.facebook.com\/Deliciaspersas\" \/>\n<meta property=\"article:modified_time\" content=\"2026-03-14T09:48:39+00:00\" \/>\n<meta property=\"og:image\" content=\"https:\/\/deliciaspersas.com\/wp-content\/uploads\/Melasa-de-Granada-Dowlat-Dayan-.jpg\" \/>\n\t<meta property=\"og:image:width\" content=\"1000\" \/>\n\t<meta property=\"og:image:height\" content=\"1000\" \/>\n\t<meta property=\"og:image:type\" content=\"image\/jpeg\" \/>\n<meta name=\"twitter:card\" content=\"summary_large_image\" \/>\n<meta name=\"twitter:label1\" content=\"Est. reading time\" \/>\n\t<meta name=\"twitter:data1\" content=\"2 minutes\" \/>\n<script type=\"application\/ld+json\" class=\"yoast-schema-graph\">{\"@context\":\"https:\/\/schema.org\",\"@graph\":[{\"@type\":\"WebPage\",\"@id\":\"https:\/\/deliciaspersas.com\/en\/tienda\/destilados\/pasta-de-granada-660-ml-robe-anar-dowlat\/\",\"url\":\"https:\/\/deliciaspersas.com\/en\/tienda\/destilados\/pasta-de-granada-660-ml-robe-anar-dowlat\/\",\"name\":\"Pasta de granada 660 ml (Robe anar) Dowlat - Delicias Persas\",\"isPartOf\":{\"@id\":\"https:\/\/deliciaspersas.com\/en\/#website\"},\"primaryImageOfPage\":{\"@id\":\"https:\/\/deliciaspersas.com\/en\/tienda\/destilados\/pasta-de-granada-660-ml-robe-anar-dowlat\/#primaryimage\"},\"image\":{\"@id\":\"https:\/\/deliciaspersas.com\/en\/tienda\/destilados\/pasta-de-granada-660-ml-robe-anar-dowlat\/#primaryimage\"},\"thumbnailUrl\":\"https:\/\/deliciaspersas.com\/wp-content\/uploads\/Melasa-de-Granada-Dowlat-Dayan-.jpg\",\"datePublished\":\"2025-11-22T16:11:55+00:00\",\"dateModified\":\"2026-03-14T09:48:39+00:00\",\"description\":\"Melaza de granada\u00a0es un\u00a0jarabe agridulce\u00a0con un lugar valioso en la cocina oriental. Es el adobo principal, ensaladas y elaboraci\u00f3n de postres.\",\"breadcrumb\":{\"@id\":\"https:\/\/deliciaspersas.com\/en\/tienda\/destilados\/pasta-de-granada-660-ml-robe-anar-dowlat\/#breadcrumb\"},\"inLanguage\":\"en-US\",\"potentialAction\":[{\"@type\":\"ReadAction\",\"target\":[\"https:\/\/deliciaspersas.com\/en\/tienda\/destilados\/pasta-de-granada-660-ml-robe-anar-dowlat\/\"]}]},{\"@type\":\"ImageObject\",\"inLanguage\":\"en-US\",\"@id\":\"https:\/\/deliciaspersas.com\/en\/tienda\/destilados\/pasta-de-granada-660-ml-robe-anar-dowlat\/#primaryimage\",\"url\":\"https:\/\/deliciaspersas.com\/wp-content\/uploads\/Melasa-de-Granada-Dowlat-Dayan-.jpg\",\"contentUrl\":\"https:\/\/deliciaspersas.com\/wp-content\/uploads\/Melasa-de-Granada-Dowlat-Dayan-.jpg\",\"width\":1000,\"height\":1000},{\"@type\":\"BreadcrumbList\",\"@id\":\"https:\/\/deliciaspersas.com\/en\/tienda\/destilados\/pasta-de-granada-660-ml-robe-anar-dowlat\/#breadcrumb\",\"itemListElement\":[{\"@type\":\"ListItem\",\"position\":1,\"name\":\"Portada\",\"item\":\"https:\/\/deliciaspersas.com\/en\/\"},{\"@type\":\"ListItem\",\"position\":2,\"name\":\"Tienda\",\"item\":\"https:\/\/deliciaspersas.com\/\"},{\"@type\":\"ListItem\",\"position\":3,\"name\":\"Pasta de granada 660 ml (Robe anar) Dowlat\"}]},{\"@type\":\"WebSite\",\"@id\":\"https:\/\/deliciaspersas.com\/en\/#website\",\"url\":\"https:\/\/deliciaspersas.com\/en\/\",\"name\":\"Delicias Persas\",\"description\":\"Gastronom&iacute;a persa al alcance de tus manos\",\"publisher\":{\"@id\":\"https:\/\/deliciaspersas.com\/en\/#organization\"},\"potentialAction\":[{\"@type\":\"SearchAction\",\"target\":{\"@type\":\"EntryPoint\",\"urlTemplate\":\"https:\/\/deliciaspersas.com\/en\/?s={search_term_string}\"},\"query-input\":{\"@type\":\"PropertyValueSpecification\",\"valueRequired\":true,\"valueName\":\"search_term_string\"}}],\"inLanguage\":\"en-US\"},{\"@type\":\"Organization\",\"@id\":\"https:\/\/deliciaspersas.com\/en\/#organization\",\"name\":\"Delicias Persas\",\"url\":\"https:\/\/deliciaspersas.com\/en\/\",\"logo\":{\"@type\":\"ImageObject\",\"inLanguage\":\"en-US\",\"@id\":\"https:\/\/deliciaspersas.com\/en\/#\/schema\/logo\/image\/\",\"url\":\"https:\/\/deliciaspersas.com\/wp-content\/uploads\/2020\/07\/logo-2020.png\",\"contentUrl\":\"https:\/\/deliciaspersas.com\/wp-content\/uploads\/2020\/07\/logo-2020.png\",\"width\":520,\"height\":490,\"caption\":\"Delicias Persas\"},\"image\":{\"@id\":\"https:\/\/deliciaspersas.com\/en\/#\/schema\/logo\/image\/\"},\"sameAs\":[\"https:\/\/www.facebook.com\/Deliciaspersas\",\"https:\/\/www.instagram.com\/delicias_persas\/\",\"https:\/\/www.linkedin.com\/delicias-persas\"]}]}<\/script>\n<!-- \/ Yoast SEO plugin. -->","yoast_head_json":{"title":"Pasta de granada 660 ml (Robe anar) Dowlat - Delicias Persas","description":"Melaza de granada\u00a0es un\u00a0jarabe agridulce\u00a0con un lugar valioso en la cocina oriental. Es el adobo principal, ensaladas y elaboraci\u00f3n de postres.","robots":{"index":"index","follow":"follow","max-snippet":"max-snippet:-1","max-image-preview":"max-image-preview:large","max-video-preview":"max-video-preview:-1"},"canonical":"https:\/\/deliciaspersas.com\/en\/tienda\/destilados\/pasta-de-granada-660-ml-robe-anar-dowlat\/","og_locale":"en_US","og_type":"article","og_title":"Pasta de granada 660 ml (Robe anar) Dowlat - Delicias Persas","og_description":"Melaza de granada\u00a0es un\u00a0jarabe agridulce\u00a0con un lugar valioso en la cocina oriental. Es el adobo principal, ensaladas y elaboraci\u00f3n de postres.","og_url":"https:\/\/deliciaspersas.com\/en\/tienda\/destilados\/pasta-de-granada-660-ml-robe-anar-dowlat\/","og_site_name":"Delicias Persas","article_publisher":"https:\/\/www.facebook.com\/Deliciaspersas","article_modified_time":"2026-03-14T09:48:39+00:00","og_image":[{"width":1000,"height":1000,"url":"https:\/\/deliciaspersas.com\/wp-content\/uploads\/Melasa-de-Granada-Dowlat-Dayan-.jpg","type":"image\/jpeg"}],"twitter_card":"summary_large_image","twitter_misc":{"Est. reading time":"2 minutes"},"schema":{"@context":"https:\/\/schema.org","@graph":[{"@type":"WebPage","@id":"https:\/\/deliciaspersas.com\/en\/tienda\/destilados\/pasta-de-granada-660-ml-robe-anar-dowlat\/","url":"https:\/\/deliciaspersas.com\/en\/tienda\/destilados\/pasta-de-granada-660-ml-robe-anar-dowlat\/","name":"Pasta de granada 660 ml (Robe anar) Dowlat - Delicias Persas","isPartOf":{"@id":"https:\/\/deliciaspersas.com\/en\/#website"},"primaryImageOfPage":{"@id":"https:\/\/deliciaspersas.com\/en\/tienda\/destilados\/pasta-de-granada-660-ml-robe-anar-dowlat\/#primaryimage"},"image":{"@id":"https:\/\/deliciaspersas.com\/en\/tienda\/destilados\/pasta-de-granada-660-ml-robe-anar-dowlat\/#primaryimage"},"thumbnailUrl":"https:\/\/deliciaspersas.com\/wp-content\/uploads\/Melasa-de-Granada-Dowlat-Dayan-.jpg","datePublished":"2025-11-22T16:11:55+00:00","dateModified":"2026-03-14T09:48:39+00:00","description":"Melaza de granada\u00a0es un\u00a0jarabe agridulce\u00a0con un lugar valioso en la cocina oriental. Es el adobo principal, ensaladas y elaboraci\u00f3n de postres.","breadcrumb":{"@id":"https:\/\/deliciaspersas.com\/en\/tienda\/destilados\/pasta-de-granada-660-ml-robe-anar-dowlat\/#breadcrumb"},"inLanguage":"en-US","potentialAction":[{"@type":"ReadAction","target":["https:\/\/deliciaspersas.com\/en\/tienda\/destilados\/pasta-de-granada-660-ml-robe-anar-dowlat\/"]}]},{"@type":"ImageObject","inLanguage":"en-US","@id":"https:\/\/deliciaspersas.com\/en\/tienda\/destilados\/pasta-de-granada-660-ml-robe-anar-dowlat\/#primaryimage","url":"https:\/\/deliciaspersas.com\/wp-content\/uploads\/Melasa-de-Granada-Dowlat-Dayan-.jpg","contentUrl":"https:\/\/deliciaspersas.com\/wp-content\/uploads\/Melasa-de-Granada-Dowlat-Dayan-.jpg","width":1000,"height":1000},{"@type":"BreadcrumbList","@id":"https:\/\/deliciaspersas.com\/en\/tienda\/destilados\/pasta-de-granada-660-ml-robe-anar-dowlat\/#breadcrumb","itemListElement":[{"@type":"ListItem","position":1,"name":"Portada","item":"https:\/\/deliciaspersas.com\/en\/"},{"@type":"ListItem","position":2,"name":"Tienda","item":"https:\/\/deliciaspersas.com\/"},{"@type":"ListItem","position":3,"name":"Pasta de granada 660 ml (Robe anar) Dowlat"}]},{"@type":"WebSite","@id":"https:\/\/deliciaspersas.com\/en\/#website","url":"https:\/\/deliciaspersas.com\/en\/","name":"Delicias Persas","description":"Gastronom&iacute;a persa al alcance de tus manos","publisher":{"@id":"https:\/\/deliciaspersas.com\/en\/#organization"},"potentialAction":[{"@type":"SearchAction","target":{"@type":"EntryPoint","urlTemplate":"https:\/\/deliciaspersas.com\/en\/?s={search_term_string}"},"query-input":{"@type":"PropertyValueSpecification","valueRequired":true,"valueName":"search_term_string"}}],"inLanguage":"en-US"},{"@type":"Organization","@id":"https:\/\/deliciaspersas.com\/en\/#organization","name":"Delicias Persas","url":"https:\/\/deliciaspersas.com\/en\/","logo":{"@type":"ImageObject","inLanguage":"en-US","@id":"https:\/\/deliciaspersas.com\/en\/#\/schema\/logo\/image\/","url":"https:\/\/deliciaspersas.com\/wp-content\/uploads\/2020\/07\/logo-2020.png","contentUrl":"https:\/\/deliciaspersas.com\/wp-content\/uploads\/2020\/07\/logo-2020.png","width":520,"height":490,"caption":"Delicias Persas"},"image":{"@id":"https:\/\/deliciaspersas.com\/en\/#\/schema\/logo\/image\/"},"sameAs":["https:\/\/www.facebook.com\/Deliciaspersas","https:\/\/www.instagram.com\/delicias_persas\/","https:\/\/www.linkedin.com\/delicias-persas"]}]}},"uagb_featured_image_src":{"full":["https:\/\/deliciaspersas.com\/wp-content\/uploads\/Melasa-de-Granada-Dowlat-Dayan-.jpg",1000,1000,false],"thumbnail":["https:\/\/deliciaspersas.com\/wp-content\/uploads\/Melasa-de-Granada-Dowlat-Dayan--150x150.jpg",150,150,true],"medium":["https:\/\/deliciaspersas.com\/wp-content\/uploads\/Melasa-de-Granada-Dowlat-Dayan--300x300.jpg",300,300,true],"medium_large":["https:\/\/deliciaspersas.com\/wp-content\/uploads\/Melasa-de-Granada-Dowlat-Dayan--768x768.jpg",768,768,true],"large":["https:\/\/deliciaspersas.com\/wp-content\/uploads\/Melasa-de-Granada-Dowlat-Dayan-.jpg",1000,1000,false],"1536x1536":["https:\/\/deliciaspersas.com\/wp-content\/uploads\/Melasa-de-Granada-Dowlat-Dayan-.jpg",1000,1000,false],"2048x2048":["https:\/\/deliciaspersas.com\/wp-content\/uploads\/Melasa-de-Granada-Dowlat-Dayan-.jpg",1000,1000,false],"woocommerce_thumbnail":["https:\/\/deliciaspersas.com\/wp-content\/uploads\/Melasa-de-Granada-Dowlat-Dayan--300x300.jpg",300,300,true],"woocommerce_single":["https:\/\/deliciaspersas.com\/wp-content\/uploads\/Melasa-de-Granada-Dowlat-Dayan--600x600.jpg",600,600,true],"woocommerce_gallery_thumbnail":["https:\/\/deliciaspersas.com\/wp-content\/uploads\/Melasa-de-Granada-Dowlat-Dayan--100x100.jpg",100,100,true]},"uagb_author_info":{"display_name":"admin","author_link":"https:\/\/deliciaspersas.com\/en\/author\/"},"uagb_comment_info":0,"uagb_excerpt":"Pasta de granada 660 ml (Robe anar) Dowlat &nbsp; Informaci\u00f3n del producto: La melaza de granada o exprimido de granada es una de las 10 mejores frutas del mundo. Las ciudades de Saveh, Nayyriz y Ferdos son las primeras en la producci\u00f3n mundial. Esta fruta que contiene vitaminas contiene un tipo de compuestos (polifenoles) que&hellip;","brands":[{"id":1200,"name":"Dowlat","slug":"dowlat"}],"_links":{"self":[{"href":"https:\/\/deliciaspersas.com\/en\/wp-json\/wp\/v2\/product\/17329"}],"collection":[{"href":"https:\/\/deliciaspersas.com\/en\/wp-json\/wp\/v2\/product"}],"about":[{"href":"https:\/\/deliciaspersas.com\/en\/wp-json\/wp\/v2\/types\/product"}],"wp:featuredmedia":[{"embeddable":true,"href":"https:\/\/deliciaspersas.com\/en\/wp-json\/wp\/v2\/media\/17330"}],"wp:attachment":[{"href":"https:\/\/deliciaspersas.com\/en\/wp-json\/wp\/v2\/media?parent=17329"}],"wp:term":[{"taxonomy":"pwb-brand","embeddable":true,"href":"https:\/\/deliciaspersas.com\/en\/wp-json\/wp\/v2\/pwb-brand?post=17329"},{"taxonomy":"product_cat","embeddable":true,"href":"https:\/\/deliciaspersas.com\/en\/wp-json\/wp\/v2\/product_cat?post=17329"},{"taxonomy":"product_tag","embeddable":true,"href":"https:\/\/deliciaspersas.com\/en\/wp-json\/wp\/v2\/product_tag?post=17329"}],"curies":[{"name":"wp","href":"https:\/\/api.w.org\/{rel}","templated":true}]}}