{"id":17869,"date":"2026-04-22T09:55:33","date_gmt":"2026-04-22T07:55:33","guid":{"rendered":"https:\/\/deliciaspersas.com\/?post_type=product&#038;p=17869"},"modified":"2026-04-22T10:10:32","modified_gmt":"2026-04-22T08:10:32","slug":"agracejos-zereshk-200g-dowlat","status":"publish","type":"product","link":"https:\/\/deliciaspersas.com\/en\/tienda\/frutas\/agracejos-zereshk-200g-dowlat\/","title":{"rendered":"Agracejos (Zereshk)  200g Dowlat"},"content":{"rendered":"<h1 style=\"padding-left: 40px;\">Agracejos (Zereshk) 200g Dowlat<\/h1>\n<h6>Informaci\u00f3n del producto:<\/h6>\n<h6>Usos:<\/h6>\n<p class=\"p1\">El zereshk es un a\u00f1adido de nuestros platos, comunmente a\u00f1adido al arroz, y es empleado en diferentes platos como el &#8220;Zereshk polo&#8221;. Adem\u00e1s, posee diversos beneficios como: promueve la secreci\u00f3n de bilis por la ves\u00edcula y ayuda a prevenir los c\u00e1lculos biliares. Act\u00faa como un excelente agente antibacteriano en infecciones del tracto digestivo que pueden manifestarse con c\u00f3licos o diarreas.<\/p>\n<h6>Beneficios:<\/h6>\n<p>Zereshk es una rica fuente de vitamina C. Tambi\u00e9n contiene vitaminas B, como tiamina y minerales como el zinc.<\/p>\n<p>Este producto contiene elementos de gran valor medicinal, este qu\u00edmico se utiliza como antibi\u00f3tico para matar bacterias, hongos y protozoos.<\/p>\n<p>Los frutos, los tallos y la corteza de la ra\u00edz de Zereshk contienen sustancias qu\u00edmicas como alcaloides e isoquinolina que son suficientemente eficaces en el tratamiento de diversas enfermedades.<\/p>\n<p>Ayuda a reducir la inflamaci\u00f3n. De hecho, la inflamaci\u00f3n es la causa principal de algunas enfermedades infecciosas, y el tratamiento de estas inflamaciones puede ser tolerable al causar pocos s\u00edntomas. Contiene algunos agentes antibacterianos y antif\u00fangicos, lo que lo convierte en una excelente soluci\u00f3n para combatir la infecci\u00f3n.<\/p>\n<p>Otro beneficio para la salud de este producto es el tratamiento de las infecciones del tracto urinario.<br \/>\nUno de los beneficios m\u00e1s importantes de Zereshk es que, debido a la presencia de algunos agentes antibacterianos y antif\u00fangicos, puede ayudar a tratar las infecciones gastrointestinales.<br \/>\nAdem\u00e1s ayuda a tratar el dolor de garganta y algunas afecciones leves, como los resfriados. Esto se debe a la presencia de vitamina C en \u00e9l.<\/p>\n<p>Todas las frutas contienen mucha fibra, lo que es bueno para la digesti\u00f3n. Zereshk tambi\u00e9n es \u00fatil para mejorar la digesti\u00f3n debido a su rico contenido en fibra. Adem\u00e1s, los efectos antibacterianos y antif\u00fangicos de este producto pueden ayudar a mantener un cuerpo sano y libre de infecciones.<\/p>\n<div class=\"step\">\n<div class=\"paragraph\">\n<p><span style=\"font-size: 1.1em; font-weight: bold;\">Ingredientes y al\u00e9rgenos:<\/span><\/p>\n<\/div>\n<\/div>\n<p>Zereshk.<\/p>\n<h6>Condiciones de conservaci\u00f3n:<\/h6>\n<p>Conservar en un lugar fresco, seco y protegido de la luz.<\/p>\n","protected":false},"excerpt":{"rendered":"<p>Agracejos (Zereshk) 200g Dowlat Informaci\u00f3n del producto: Usos: El zereshk es un a\u00f1adido de nuestros platos, comunmente a\u00f1adido al arroz, y es empleado en diferentes platos como el &#8220;Zereshk polo&#8221;. Adem\u00e1s, posee diversos beneficios como: promueve la secreci\u00f3n de bilis por la ves\u00edcula y ayuda a prevenir los c\u00e1lculos biliares. Act\u00faa como un excelente agente [&hellip;]<\/p>\n","protected":false},"featured_media":17872,"template":"","meta":{"_surecart_dashboard_logo_width":"180px","_surecart_dashboard_show_logo":true,"_surecart_dashboard_navigation_orders":true,"_surecart_dashboard_navigation_invoices":true,"_surecart_dashboard_navigation_subscriptions":true,"_surecart_dashboard_navigation_downloads":true,"_surecart_dashboard_navigation_billing":true,"_surecart_dashboard_navigation_account":true,"_uag_custom_page_level_css":"","site-sidebar-layout":"default","site-content-layout":"default","ast-site-content-layout":"default","site-content-style":"default","site-sidebar-style":"default","ast-global-header-display":"","ast-banner-title-visibility":"","ast-main-header-display":"","ast-hfb-above-header-display":"","ast-hfb-below-header-display":"","ast-hfb-mobile-header-display":"","site-post-title":"","ast-breadcrumbs-content":"","ast-featured-img":"","footer-sml-layout":"","theme-transparent-header-meta":"default","adv-header-id-meta":"","stick-header-meta":"","header-above-stick-meta":"","header-main-stick-meta":"","header-below-stick-meta":"","astra-migrate-meta-layouts":"set","ast-page-background-enabled":"default","ast-page-background-meta":{"desktop":{"background-color":"","background-image":"","background-repeat":"repeat","background-position":"center center","background-size":"auto","background-attachment":"scroll","background-type":"","background-media":"","overlay-type":"","overlay-color":"","overlay-opacity":"","overlay-gradient":""},"tablet":{"background-color":"","background-image":"","background-repeat":"repeat","background-position":"center center","background-size":"auto","background-attachment":"scroll","background-type":"","background-media":"","overlay-type":"","overlay-color":"","overlay-opacity":"","overlay-gradient":""},"mobile":{"background-color":"","background-image":"","background-repeat":"repeat","background-position":"center center","background-size":"auto","background-attachment":"scroll","background-type":"","background-media":"","overlay-type":"","overlay-color":"","overlay-opacity":"","overlay-gradient":""}},"ast-content-background-meta":{"desktop":{"background-color":"var(--ast-global-color-5)","background-image":"","background-repeat":"repeat","background-position":"center center","background-size":"auto","background-attachment":"scroll","background-type":"","background-media":"","overlay-type":"","overlay-color":"","overlay-opacity":"","overlay-gradient":""},"tablet":{"background-color":"var(--ast-global-color-5)","background-image":"","background-repeat":"repeat","background-position":"center center","background-size":"auto","background-attachment":"scroll","background-type":"","background-media":"","overlay-type":"","overlay-color":"","overlay-opacity":"","overlay-gradient":""},"mobile":{"background-color":"var(--ast-global-color-5)","background-image":"","background-repeat":"repeat","background-position":"center center","background-size":"auto","background-attachment":"scroll","background-type":"","background-media":"","overlay-type":"","overlay-color":"","overlay-opacity":"","overlay-gradient":""}}},"pwb-brand":[1200],"product_cat":[33,1099],"product_tag":[1757,1638,1301,1302,807,808],"class_list":{"0":"post-17869","1":"product","2":"type-product","3":"status-publish","4":"has-post-thumbnail","6":"pwb-brand-dowlat","7":"product_cat-frutas","8":"product_cat-granel","9":"product_tag-agresejos","10":"product_tag-arandano","11":"product_tag-berbero","12":"product_tag-rojo","13":"product_tag-zereshk","14":"product_tag-808","15":"desktop-align-center","16":"tablet-align-center","17":"mobile-align-center","19":"first","20":"instock","21":"taxable","22":"shipping-taxable","23":"purchasable","24":"product-type-simple"},"yoast_head":"<!-- This site is optimized with the Yoast SEO plugin v23.6 - https:\/\/yoast.com\/wordpress\/plugins\/seo\/ -->\n<title>Agracejos (Zereshk) 200g Dowlat - Delicias Persas<\/title>\n<meta name=\"description\" content=\"El zereshk es un a\u00f1adido de nuestros platos, comunmente a\u00f1adido al arroz, y es empleado en diferentes platos como el &quot;Zereshk polo&quot;.\" \/>\n<meta name=\"robots\" content=\"index, follow, max-snippet:-1, max-image-preview:large, max-video-preview:-1\" \/>\n<link rel=\"canonical\" href=\"https:\/\/deliciaspersas.com\/en\/tienda\/frutas\/agracejos-zereshk-200g-dowlat\/\" \/>\n<meta property=\"og:locale\" content=\"en_US\" \/>\n<meta property=\"og:type\" content=\"article\" \/>\n<meta property=\"og:title\" content=\"Agracejos (Zereshk) 200g Dowlat - Delicias Persas\" \/>\n<meta property=\"og:description\" content=\"El zereshk es un a\u00f1adido de nuestros platos, comunmente a\u00f1adido al arroz, y es empleado en diferentes platos como el &quot;Zereshk polo&quot;.\" \/>\n<meta property=\"og:url\" content=\"https:\/\/deliciaspersas.com\/en\/tienda\/frutas\/agracejos-zereshk-200g-dowlat\/\" \/>\n<meta property=\"og:site_name\" content=\"Delicias Persas\" \/>\n<meta property=\"article:publisher\" content=\"https:\/\/www.facebook.com\/Deliciaspersas\" \/>\n<meta property=\"article:modified_time\" content=\"2026-04-22T08:10:32+00:00\" \/>\n<meta property=\"og:image\" content=\"https:\/\/deliciaspersas.com\/wp-content\/uploads\/Agresejos-Zereshk-Dowlat.jpeg\" \/>\n\t<meta property=\"og:image:width\" content=\"800\" \/>\n\t<meta property=\"og:image:height\" content=\"1066\" \/>\n\t<meta property=\"og:image:type\" content=\"image\/jpeg\" \/>\n<meta name=\"twitter:card\" content=\"summary_large_image\" \/>\n<meta name=\"twitter:label1\" content=\"Est. reading time\" \/>\n\t<meta name=\"twitter:data1\" content=\"2 minutes\" \/>\n<script type=\"application\/ld+json\" class=\"yoast-schema-graph\">{\"@context\":\"https:\/\/schema.org\",\"@graph\":[{\"@type\":\"WebPage\",\"@id\":\"https:\/\/deliciaspersas.com\/en\/tienda\/frutas\/agracejos-zereshk-200g-dowlat\/\",\"url\":\"https:\/\/deliciaspersas.com\/en\/tienda\/frutas\/agracejos-zereshk-200g-dowlat\/\",\"name\":\"Agracejos (Zereshk) 200g Dowlat - Delicias Persas\",\"isPartOf\":{\"@id\":\"https:\/\/deliciaspersas.com\/en\/#website\"},\"primaryImageOfPage\":{\"@id\":\"https:\/\/deliciaspersas.com\/en\/tienda\/frutas\/agracejos-zereshk-200g-dowlat\/#primaryimage\"},\"image\":{\"@id\":\"https:\/\/deliciaspersas.com\/en\/tienda\/frutas\/agracejos-zereshk-200g-dowlat\/#primaryimage\"},\"thumbnailUrl\":\"https:\/\/deliciaspersas.com\/wp-content\/uploads\/Agresejos-Zereshk-Dowlat.jpeg\",\"datePublished\":\"2026-04-22T07:55:33+00:00\",\"dateModified\":\"2026-04-22T08:10:32+00:00\",\"description\":\"El zereshk es un a\u00f1adido de nuestros platos, comunmente a\u00f1adido al arroz, y es empleado en diferentes platos como el \\\"Zereshk polo\\\".\",\"breadcrumb\":{\"@id\":\"https:\/\/deliciaspersas.com\/en\/tienda\/frutas\/agracejos-zereshk-200g-dowlat\/#breadcrumb\"},\"inLanguage\":\"en-US\",\"potentialAction\":[{\"@type\":\"ReadAction\",\"target\":[\"https:\/\/deliciaspersas.com\/en\/tienda\/frutas\/agracejos-zereshk-200g-dowlat\/\"]}]},{\"@type\":\"ImageObject\",\"inLanguage\":\"en-US\",\"@id\":\"https:\/\/deliciaspersas.com\/en\/tienda\/frutas\/agracejos-zereshk-200g-dowlat\/#primaryimage\",\"url\":\"https:\/\/deliciaspersas.com\/wp-content\/uploads\/Agresejos-Zereshk-Dowlat.jpeg\",\"contentUrl\":\"https:\/\/deliciaspersas.com\/wp-content\/uploads\/Agresejos-Zereshk-Dowlat.jpeg\",\"width\":800,\"height\":1066},{\"@type\":\"BreadcrumbList\",\"@id\":\"https:\/\/deliciaspersas.com\/en\/tienda\/frutas\/agracejos-zereshk-200g-dowlat\/#breadcrumb\",\"itemListElement\":[{\"@type\":\"ListItem\",\"position\":1,\"name\":\"Portada\",\"item\":\"https:\/\/deliciaspersas.com\/en\/\"},{\"@type\":\"ListItem\",\"position\":2,\"name\":\"Tienda\",\"item\":\"https:\/\/deliciaspersas.com\/\"},{\"@type\":\"ListItem\",\"position\":3,\"name\":\"Agracejos (Zereshk) 200g Dowlat\"}]},{\"@type\":\"WebSite\",\"@id\":\"https:\/\/deliciaspersas.com\/en\/#website\",\"url\":\"https:\/\/deliciaspersas.com\/en\/\",\"name\":\"Delicias Persas\",\"description\":\"Gastronom&iacute;a persa al alcance de tus manos\",\"publisher\":{\"@id\":\"https:\/\/deliciaspersas.com\/en\/#organization\"},\"potentialAction\":[{\"@type\":\"SearchAction\",\"target\":{\"@type\":\"EntryPoint\",\"urlTemplate\":\"https:\/\/deliciaspersas.com\/en\/?s={search_term_string}\"},\"query-input\":{\"@type\":\"PropertyValueSpecification\",\"valueRequired\":true,\"valueName\":\"search_term_string\"}}],\"inLanguage\":\"en-US\"},{\"@type\":\"Organization\",\"@id\":\"https:\/\/deliciaspersas.com\/en\/#organization\",\"name\":\"Delicias Persas\",\"url\":\"https:\/\/deliciaspersas.com\/en\/\",\"logo\":{\"@type\":\"ImageObject\",\"inLanguage\":\"en-US\",\"@id\":\"https:\/\/deliciaspersas.com\/en\/#\/schema\/logo\/image\/\",\"url\":\"https:\/\/deliciaspersas.com\/wp-content\/uploads\/2020\/07\/logo-2020.png\",\"contentUrl\":\"https:\/\/deliciaspersas.com\/wp-content\/uploads\/2020\/07\/logo-2020.png\",\"width\":520,\"height\":490,\"caption\":\"Delicias Persas\"},\"image\":{\"@id\":\"https:\/\/deliciaspersas.com\/en\/#\/schema\/logo\/image\/\"},\"sameAs\":[\"https:\/\/www.facebook.com\/Deliciaspersas\",\"https:\/\/www.instagram.com\/delicias_persas\/\",\"https:\/\/www.linkedin.com\/delicias-persas\"]}]}<\/script>\n<!-- \/ Yoast SEO plugin. -->","yoast_head_json":{"title":"Agracejos (Zereshk) 200g Dowlat - Delicias Persas","description":"El zereshk es un a\u00f1adido de nuestros platos, comunmente a\u00f1adido al arroz, y es empleado en diferentes platos como el \"Zereshk polo\".","robots":{"index":"index","follow":"follow","max-snippet":"max-snippet:-1","max-image-preview":"max-image-preview:large","max-video-preview":"max-video-preview:-1"},"canonical":"https:\/\/deliciaspersas.com\/en\/tienda\/frutas\/agracejos-zereshk-200g-dowlat\/","og_locale":"en_US","og_type":"article","og_title":"Agracejos (Zereshk) 200g Dowlat - Delicias Persas","og_description":"El zereshk es un a\u00f1adido de nuestros platos, comunmente a\u00f1adido al arroz, y es empleado en diferentes platos como el \"Zereshk polo\".","og_url":"https:\/\/deliciaspersas.com\/en\/tienda\/frutas\/agracejos-zereshk-200g-dowlat\/","og_site_name":"Delicias Persas","article_publisher":"https:\/\/www.facebook.com\/Deliciaspersas","article_modified_time":"2026-04-22T08:10:32+00:00","og_image":[{"width":800,"height":1066,"url":"https:\/\/deliciaspersas.com\/wp-content\/uploads\/Agresejos-Zereshk-Dowlat.jpeg","type":"image\/jpeg"}],"twitter_card":"summary_large_image","twitter_misc":{"Est. reading time":"2 minutes"},"schema":{"@context":"https:\/\/schema.org","@graph":[{"@type":"WebPage","@id":"https:\/\/deliciaspersas.com\/en\/tienda\/frutas\/agracejos-zereshk-200g-dowlat\/","url":"https:\/\/deliciaspersas.com\/en\/tienda\/frutas\/agracejos-zereshk-200g-dowlat\/","name":"Agracejos (Zereshk) 200g Dowlat - Delicias Persas","isPartOf":{"@id":"https:\/\/deliciaspersas.com\/en\/#website"},"primaryImageOfPage":{"@id":"https:\/\/deliciaspersas.com\/en\/tienda\/frutas\/agracejos-zereshk-200g-dowlat\/#primaryimage"},"image":{"@id":"https:\/\/deliciaspersas.com\/en\/tienda\/frutas\/agracejos-zereshk-200g-dowlat\/#primaryimage"},"thumbnailUrl":"https:\/\/deliciaspersas.com\/wp-content\/uploads\/Agresejos-Zereshk-Dowlat.jpeg","datePublished":"2026-04-22T07:55:33+00:00","dateModified":"2026-04-22T08:10:32+00:00","description":"El zereshk es un a\u00f1adido de nuestros platos, comunmente a\u00f1adido al arroz, y es empleado en diferentes platos como el \"Zereshk polo\".","breadcrumb":{"@id":"https:\/\/deliciaspersas.com\/en\/tienda\/frutas\/agracejos-zereshk-200g-dowlat\/#breadcrumb"},"inLanguage":"en-US","potentialAction":[{"@type":"ReadAction","target":["https:\/\/deliciaspersas.com\/en\/tienda\/frutas\/agracejos-zereshk-200g-dowlat\/"]}]},{"@type":"ImageObject","inLanguage":"en-US","@id":"https:\/\/deliciaspersas.com\/en\/tienda\/frutas\/agracejos-zereshk-200g-dowlat\/#primaryimage","url":"https:\/\/deliciaspersas.com\/wp-content\/uploads\/Agresejos-Zereshk-Dowlat.jpeg","contentUrl":"https:\/\/deliciaspersas.com\/wp-content\/uploads\/Agresejos-Zereshk-Dowlat.jpeg","width":800,"height":1066},{"@type":"BreadcrumbList","@id":"https:\/\/deliciaspersas.com\/en\/tienda\/frutas\/agracejos-zereshk-200g-dowlat\/#breadcrumb","itemListElement":[{"@type":"ListItem","position":1,"name":"Portada","item":"https:\/\/deliciaspersas.com\/en\/"},{"@type":"ListItem","position":2,"name":"Tienda","item":"https:\/\/deliciaspersas.com\/"},{"@type":"ListItem","position":3,"name":"Agracejos (Zereshk) 200g Dowlat"}]},{"@type":"WebSite","@id":"https:\/\/deliciaspersas.com\/en\/#website","url":"https:\/\/deliciaspersas.com\/en\/","name":"Delicias Persas","description":"Gastronom&iacute;a persa al alcance de tus manos","publisher":{"@id":"https:\/\/deliciaspersas.com\/en\/#organization"},"potentialAction":[{"@type":"SearchAction","target":{"@type":"EntryPoint","urlTemplate":"https:\/\/deliciaspersas.com\/en\/?s={search_term_string}"},"query-input":{"@type":"PropertyValueSpecification","valueRequired":true,"valueName":"search_term_string"}}],"inLanguage":"en-US"},{"@type":"Organization","@id":"https:\/\/deliciaspersas.com\/en\/#organization","name":"Delicias Persas","url":"https:\/\/deliciaspersas.com\/en\/","logo":{"@type":"ImageObject","inLanguage":"en-US","@id":"https:\/\/deliciaspersas.com\/en\/#\/schema\/logo\/image\/","url":"https:\/\/deliciaspersas.com\/wp-content\/uploads\/2020\/07\/logo-2020.png","contentUrl":"https:\/\/deliciaspersas.com\/wp-content\/uploads\/2020\/07\/logo-2020.png","width":520,"height":490,"caption":"Delicias Persas"},"image":{"@id":"https:\/\/deliciaspersas.com\/en\/#\/schema\/logo\/image\/"},"sameAs":["https:\/\/www.facebook.com\/Deliciaspersas","https:\/\/www.instagram.com\/delicias_persas\/","https:\/\/www.linkedin.com\/delicias-persas"]}]}},"uagb_featured_image_src":{"full":["https:\/\/deliciaspersas.com\/wp-content\/uploads\/Agresejos-Zereshk-Dowlat.jpeg",800,1066,false],"thumbnail":["https:\/\/deliciaspersas.com\/wp-content\/uploads\/Agresejos-Zereshk-Dowlat-150x150.jpeg",150,150,true],"medium":["https:\/\/deliciaspersas.com\/wp-content\/uploads\/Agresejos-Zereshk-Dowlat-225x300.jpeg",225,300,true],"medium_large":["https:\/\/deliciaspersas.com\/wp-content\/uploads\/Agresejos-Zereshk-Dowlat-768x1023.jpeg",768,1023,true],"large":["https:\/\/deliciaspersas.com\/wp-content\/uploads\/Agresejos-Zereshk-Dowlat-768x1024.jpeg",768,1024,true],"1536x1536":["https:\/\/deliciaspersas.com\/wp-content\/uploads\/Agresejos-Zereshk-Dowlat.jpeg",800,1066,false],"2048x2048":["https:\/\/deliciaspersas.com\/wp-content\/uploads\/Agresejos-Zereshk-Dowlat.jpeg",800,1066,false],"woocommerce_thumbnail":["https:\/\/deliciaspersas.com\/wp-content\/uploads\/Agresejos-Zereshk-Dowlat-300x300.jpeg",300,300,true],"woocommerce_single":["https:\/\/deliciaspersas.com\/wp-content\/uploads\/Agresejos-Zereshk-Dowlat-600x800.jpeg",600,800,true],"woocommerce_gallery_thumbnail":["https:\/\/deliciaspersas.com\/wp-content\/uploads\/Agresejos-Zereshk-Dowlat-100x100.jpeg",100,100,true]},"uagb_author_info":{"display_name":"admin","author_link":"https:\/\/deliciaspersas.com\/en\/author\/"},"uagb_comment_info":0,"uagb_excerpt":"Agracejos (Zereshk) 200g Dowlat Informaci\u00f3n del producto: Usos: El zereshk es un a\u00f1adido de nuestros platos, comunmente a\u00f1adido al arroz, y es empleado en diferentes platos como el &#8220;Zereshk polo&#8221;. Adem\u00e1s, posee diversos beneficios como: promueve la secreci\u00f3n de bilis por la ves\u00edcula y ayuda a prevenir los c\u00e1lculos biliares. Act\u00faa como un excelente agente&hellip;","brands":[{"id":1200,"name":"Dowlat","slug":"dowlat"}],"_links":{"self":[{"href":"https:\/\/deliciaspersas.com\/en\/wp-json\/wp\/v2\/product\/17869"}],"collection":[{"href":"https:\/\/deliciaspersas.com\/en\/wp-json\/wp\/v2\/product"}],"about":[{"href":"https:\/\/deliciaspersas.com\/en\/wp-json\/wp\/v2\/types\/product"}],"wp:featuredmedia":[{"embeddable":true,"href":"https:\/\/deliciaspersas.com\/en\/wp-json\/wp\/v2\/media\/17872"}],"wp:attachment":[{"href":"https:\/\/deliciaspersas.com\/en\/wp-json\/wp\/v2\/media?parent=17869"}],"wp:term":[{"taxonomy":"pwb-brand","embeddable":true,"href":"https:\/\/deliciaspersas.com\/en\/wp-json\/wp\/v2\/pwb-brand?post=17869"},{"taxonomy":"product_cat","embeddable":true,"href":"https:\/\/deliciaspersas.com\/en\/wp-json\/wp\/v2\/product_cat?post=17869"},{"taxonomy":"product_tag","embeddable":true,"href":"https:\/\/deliciaspersas.com\/en\/wp-json\/wp\/v2\/product_tag?post=17869"}],"curies":[{"name":"wp","href":"https:\/\/api.w.org\/{rel}","templated":true}]}}