{"id":3746,"date":"2020-07-21T12:45:10","date_gmt":"2020-07-21T10:45:10","guid":{"rendered":"https:\/\/deliciaspersas.com\/?post_type=product&#038;p=3746"},"modified":"2025-08-14T10:24:20","modified_gmt":"2025-08-14T08:24:20","slug":"agua-de-menta-aragh-nana-11","status":"publish","type":"product","link":"https:\/\/deliciaspersas.com\/en\/tienda\/destilados\/agua-de-menta-aragh-nana-11\/","title":{"rendered":"Agua de menta Aragh nana 330ml 1&amp;1"},"content":{"rendered":"<h1>Agua de menta Aragh nana 330ml 1&amp;1<\/h1>\n<h6>Informaci\u00f3n del producto:<\/h6>\n<p>Debido al aroma tan agradable que tiene la menta, se usa para dar sabor a arroces y postres como los Baklava, helados, pudding, bollos y pasteles. Tambi\u00e9n se usa junto al t\u00e9 para obtener una bebida calmante.<\/p>\n<div>El agua de rosas es rica en flavonoides, antioxidantes, taninos y vitaminas esenciales como la A,C,D,E y B3.<\/div>\n<div><\/div>\n<div>Entre sus propiedades est\u00e1 el que mejora el humor, ayuda a disminuir la tensi\u00f3n nerviosa , mejora la textura de la piel\u00a0ya que\u00a0es antis\u00e9ptica, antibacteriana y antiinflamatoria.<\/div>\n<div><\/div>\n<h6>Usos:<\/h6>\n<p>Recetas, ensaladas, todo tipo de verduras y platos fr\u00edos, adem\u00e1s de postres y bebidas.<\/p>\n<h6>Beneficios:<\/h6>\n<p>El agua de menta son especialmente \u00fatiles para aliviar los trastornos digestivos. Sin ir m\u00e1s lejos, las\u00a0infusiones de dicha planta ayudan con las digestiones m\u00e1s pesadas. Adem\u00e1s, se trata de un remedio 100% natural que reduce la hinchaz\u00f3n abdominal provocada por los gases\u00a0y las flatulencias. Tambi\u00e9n reduce la irritaci\u00f3n intestinal, propia de afecciones como la colitis o la enfermedad de Crohn, y evita los v\u00f3mitos y los c\u00f3licos abdominales. Y, por \u00faltimo, su aroma activa las gl\u00e1ndulas salivales de la boca y aquellas que segregan las enzimas digestivas. Ante este compendio de propiedades, las infusiones de menta son ideales para\u00a0despu\u00e9s de comer.<\/p>\n<p>El\u00a0sistema respiratorio\u00a0tambi\u00e9n se ve recompensado con su consumo. El mentol descongestiona las v\u00edas respiratorias y alivia trastornos tan frecuentes como el asma o los\u00a0resfriados comunes. Tambi\u00e9n lucha contra la irritaci\u00f3n que causa la tos cr\u00f3nica, gracias a su efecto refrescante que enfr\u00eda y calma la garganta, la nariz y el resto de canales respiratorios.<\/p>\n<p>Por otro lado, el aceite de menta es un buen antipruriginoso, que sirve para aliviar la picaz\u00f3n, y antis\u00e9ptico, grandes aliados de la salud de nuestra piel. Esta planta ayuda a curar las infecciones, mitigar los s\u00edntomas propios del acn\u00e9\u00a0y aplacar los eczemas, la dermatitis y la urticaria; adem\u00e1s de actuar como complemento de los tratamientos contra las picaduras de insectos, la irritaci\u00f3n o la hinchaz\u00f3n.<\/p>\n<h6>Ingredientes y al\u00e9rgenos:<\/h6>\n<p><span style=\"font-size: 16px\">Zumo de menta y antioxidante.<\/span><\/p>\n<h6>Condiciones de conservaci\u00f3n:<\/h6>\n<p>Conservar en un lugar fresco, seco y protegido de la luz.<\/p>\n<h6>Informaci\u00f3n adicional:<\/h6>\n<p>Fabricado por: 1&amp;1<\/p>\n<p>Azadegan Azadgan South,<\/p>\n<p>Fatah Square,<\/p>\n<p>Maedeh Food Industry Complex<\/p>\n","protected":false},"excerpt":{"rendered":"<p>Agua de menta Aragh nana 330ml 1&amp;1 Informaci\u00f3n del producto: Debido al aroma tan agradable que tiene la menta, se usa para dar sabor a arroces y postres como los Baklava, helados, pudding, bollos y pasteles. Tambi\u00e9n se usa junto al t\u00e9 para obtener una bebida calmante. El agua de rosas es rica en flavonoides, [&hellip;]<\/p>\n","protected":false},"featured_media":3747,"template":"","meta":{"_surecart_dashboard_logo_width":"180px","_surecart_dashboard_show_logo":true,"_surecart_dashboard_navigation_orders":true,"_surecart_dashboard_navigation_invoices":true,"_surecart_dashboard_navigation_subscriptions":true,"_surecart_dashboard_navigation_downloads":true,"_surecart_dashboard_navigation_billing":true,"_surecart_dashboard_navigation_account":true,"_uag_custom_page_level_css":"","site-sidebar-layout":"default","site-content-layout":"default","ast-site-content-layout":"","site-content-style":"default","site-sidebar-style":"default","ast-global-header-display":"","ast-banner-title-visibility":"","ast-main-header-display":"","ast-hfb-above-header-display":"","ast-hfb-below-header-display":"","ast-hfb-mobile-header-display":"","site-post-title":"","ast-breadcrumbs-content":"","ast-featured-img":"","footer-sml-layout":"","theme-transparent-header-meta":"default","adv-header-id-meta":"","stick-header-meta":"","header-above-stick-meta":"","header-main-stick-meta":"","header-below-stick-meta":"","astra-migrate-meta-layouts":"default","ast-page-background-enabled":"default","ast-page-background-meta":{"desktop":{"background-color":"","background-image":"","background-repeat":"repeat","background-position":"center center","background-size":"auto","background-attachment":"scroll","background-type":"","background-media":"","overlay-type":"","overlay-color":"","overlay-opacity":"","overlay-gradient":""},"tablet":{"background-color":"","background-image":"","background-repeat":"repeat","background-position":"center center","background-size":"auto","background-attachment":"scroll","background-type":"","background-media":"","overlay-type":"","overlay-color":"","overlay-opacity":"","overlay-gradient":""},"mobile":{"background-color":"","background-image":"","background-repeat":"repeat","background-position":"center center","background-size":"auto","background-attachment":"scroll","background-type":"","background-media":"","overlay-type":"","overlay-color":"","overlay-opacity":"","overlay-gradient":""}},"ast-content-background-meta":{"desktop":{"background-color":"var(--ast-global-color-5)","background-image":"","background-repeat":"repeat","background-position":"center center","background-size":"auto","background-attachment":"scroll","background-type":"","background-media":"","overlay-type":"","overlay-color":"","overlay-opacity":"","overlay-gradient":""},"tablet":{"background-color":"var(--ast-global-color-5)","background-image":"","background-repeat":"repeat","background-position":"center center","background-size":"auto","background-attachment":"scroll","background-type":"","background-media":"","overlay-type":"","overlay-color":"","overlay-opacity":"","overlay-gradient":""},"mobile":{"background-color":"var(--ast-global-color-5)","background-image":"","background-repeat":"repeat","background-position":"center center","background-size":"auto","background-attachment":"scroll","background-type":"","background-media":"","overlay-type":"","overlay-color":"","overlay-opacity":"","overlay-gradient":""}}},"pwb-brand":[51],"product_cat":[39],"product_tag":[597,824,832,833],"class_list":{"0":"post-3746","1":"product","2":"type-product","3":"status-publish","4":"has-post-thumbnail","6":"pwb-brand-51","7":"product_cat-destilados","8":"product_tag-destilado","9":"product_tag-extracto","10":"product_tag-menta","11":"product_tag-833","12":"desktop-align-center","13":"tablet-align-center","14":"mobile-align-center","16":"first","17":"instock","18":"taxable","19":"shipping-taxable","20":"purchasable","21":"product-type-simple"},"yoast_head":"<!-- This site is optimized with the Yoast SEO plugin v23.6 - https:\/\/yoast.com\/wordpress\/plugins\/seo\/ -->\n<title>Agua de menta Aragh nana 330ml 1&amp;1 - Delicias Persas<\/title>\n<meta name=\"description\" content=\"Agua de menta. Debido al aroma tan agradable que tiene, se usa para dar sabor a arroces y postres. Tambi\u00e9n se a\u00f1ade al t\u00e9...\" \/>\n<meta name=\"robots\" content=\"index, follow, max-snippet:-1, max-image-preview:large, max-video-preview:-1\" \/>\n<link rel=\"canonical\" href=\"https:\/\/deliciaspersas.com\/en\/tienda\/destilados\/agua-de-menta-aragh-nana-11\/\" \/>\n<meta property=\"og:locale\" content=\"en_US\" \/>\n<meta property=\"og:type\" content=\"article\" \/>\n<meta property=\"og:title\" content=\"Agua de menta Aragh nana 330ml 1&amp;1 - Delicias Persas\" \/>\n<meta property=\"og:description\" content=\"Agua de menta. Debido al aroma tan agradable que tiene, se usa para dar sabor a arroces y postres. Tambi\u00e9n se a\u00f1ade al t\u00e9...\" \/>\n<meta property=\"og:url\" content=\"https:\/\/deliciaspersas.com\/en\/tienda\/destilados\/agua-de-menta-aragh-nana-11\/\" \/>\n<meta property=\"og:site_name\" content=\"Delicias Persas\" \/>\n<meta property=\"article:publisher\" content=\"https:\/\/www.facebook.com\/Deliciaspersas\" \/>\n<meta property=\"article:modified_time\" content=\"2025-08-14T08:24:20+00:00\" \/>\n<meta property=\"og:image\" content=\"https:\/\/deliciaspersas.com\/wp-content\/uploads\/2020\/07\/Agua-de-menta-330ml-11.jpeg\" \/>\n\t<meta property=\"og:image:width\" content=\"700\" \/>\n\t<meta property=\"og:image:height\" content=\"700\" \/>\n\t<meta property=\"og:image:type\" content=\"image\/jpeg\" \/>\n<meta name=\"twitter:card\" content=\"summary_large_image\" \/>\n<meta name=\"twitter:label1\" content=\"Est. reading time\" \/>\n\t<meta name=\"twitter:data1\" content=\"2 minutes\" \/>\n<script type=\"application\/ld+json\" class=\"yoast-schema-graph\">{\"@context\":\"https:\/\/schema.org\",\"@graph\":[{\"@type\":\"WebPage\",\"@id\":\"https:\/\/deliciaspersas.com\/en\/tienda\/destilados\/agua-de-menta-aragh-nana-11\/\",\"url\":\"https:\/\/deliciaspersas.com\/en\/tienda\/destilados\/agua-de-menta-aragh-nana-11\/\",\"name\":\"Agua de menta Aragh nana 330ml 1&amp;1 - Delicias Persas\",\"isPartOf\":{\"@id\":\"https:\/\/deliciaspersas.com\/en\/#website\"},\"primaryImageOfPage\":{\"@id\":\"https:\/\/deliciaspersas.com\/en\/tienda\/destilados\/agua-de-menta-aragh-nana-11\/#primaryimage\"},\"image\":{\"@id\":\"https:\/\/deliciaspersas.com\/en\/tienda\/destilados\/agua-de-menta-aragh-nana-11\/#primaryimage\"},\"thumbnailUrl\":\"https:\/\/deliciaspersas.com\/wp-content\/uploads\/2020\/07\/Agua-de-menta-330ml-11.jpeg\",\"datePublished\":\"2020-07-21T10:45:10+00:00\",\"dateModified\":\"2025-08-14T08:24:20+00:00\",\"description\":\"Agua de menta. Debido al aroma tan agradable que tiene, se usa para dar sabor a arroces y postres. Tambi\u00e9n se a\u00f1ade al t\u00e9...\",\"breadcrumb\":{\"@id\":\"https:\/\/deliciaspersas.com\/en\/tienda\/destilados\/agua-de-menta-aragh-nana-11\/#breadcrumb\"},\"inLanguage\":\"en-US\",\"potentialAction\":[{\"@type\":\"ReadAction\",\"target\":[\"https:\/\/deliciaspersas.com\/en\/tienda\/destilados\/agua-de-menta-aragh-nana-11\/\"]}]},{\"@type\":\"ImageObject\",\"inLanguage\":\"en-US\",\"@id\":\"https:\/\/deliciaspersas.com\/en\/tienda\/destilados\/agua-de-menta-aragh-nana-11\/#primaryimage\",\"url\":\"https:\/\/deliciaspersas.com\/wp-content\/uploads\/2020\/07\/Agua-de-menta-330ml-11.jpeg\",\"contentUrl\":\"https:\/\/deliciaspersas.com\/wp-content\/uploads\/2020\/07\/Agua-de-menta-330ml-11.jpeg\",\"width\":700,\"height\":700,\"caption\":\"Agua de menta 330ml 1&1\"},{\"@type\":\"BreadcrumbList\",\"@id\":\"https:\/\/deliciaspersas.com\/en\/tienda\/destilados\/agua-de-menta-aragh-nana-11\/#breadcrumb\",\"itemListElement\":[{\"@type\":\"ListItem\",\"position\":1,\"name\":\"Portada\",\"item\":\"https:\/\/deliciaspersas.com\/en\/\"},{\"@type\":\"ListItem\",\"position\":2,\"name\":\"Tienda\",\"item\":\"https:\/\/deliciaspersas.com\/\"},{\"@type\":\"ListItem\",\"position\":3,\"name\":\"Agua de menta Aragh nana 330ml 1&amp;1\"}]},{\"@type\":\"WebSite\",\"@id\":\"https:\/\/deliciaspersas.com\/en\/#website\",\"url\":\"https:\/\/deliciaspersas.com\/en\/\",\"name\":\"Delicias Persas\",\"description\":\"Gastronom&iacute;a persa al alcance de tus manos\",\"publisher\":{\"@id\":\"https:\/\/deliciaspersas.com\/en\/#organization\"},\"potentialAction\":[{\"@type\":\"SearchAction\",\"target\":{\"@type\":\"EntryPoint\",\"urlTemplate\":\"https:\/\/deliciaspersas.com\/en\/?s={search_term_string}\"},\"query-input\":{\"@type\":\"PropertyValueSpecification\",\"valueRequired\":true,\"valueName\":\"search_term_string\"}}],\"inLanguage\":\"en-US\"},{\"@type\":\"Organization\",\"@id\":\"https:\/\/deliciaspersas.com\/en\/#organization\",\"name\":\"Delicias Persas\",\"url\":\"https:\/\/deliciaspersas.com\/en\/\",\"logo\":{\"@type\":\"ImageObject\",\"inLanguage\":\"en-US\",\"@id\":\"https:\/\/deliciaspersas.com\/en\/#\/schema\/logo\/image\/\",\"url\":\"https:\/\/deliciaspersas.com\/wp-content\/uploads\/2020\/07\/logo-2020.png\",\"contentUrl\":\"https:\/\/deliciaspersas.com\/wp-content\/uploads\/2020\/07\/logo-2020.png\",\"width\":520,\"height\":490,\"caption\":\"Delicias Persas\"},\"image\":{\"@id\":\"https:\/\/deliciaspersas.com\/en\/#\/schema\/logo\/image\/\"},\"sameAs\":[\"https:\/\/www.facebook.com\/Deliciaspersas\",\"https:\/\/www.instagram.com\/delicias_persas\/\",\"https:\/\/www.linkedin.com\/delicias-persas\"]}]}<\/script>\n<!-- \/ Yoast SEO plugin. -->","yoast_head_json":{"title":"Agua de menta Aragh nana 330ml 1&amp;1 - Delicias Persas","description":"Agua de menta. Debido al aroma tan agradable que tiene, se usa para dar sabor a arroces y postres. Tambi\u00e9n se a\u00f1ade al t\u00e9...","robots":{"index":"index","follow":"follow","max-snippet":"max-snippet:-1","max-image-preview":"max-image-preview:large","max-video-preview":"max-video-preview:-1"},"canonical":"https:\/\/deliciaspersas.com\/en\/tienda\/destilados\/agua-de-menta-aragh-nana-11\/","og_locale":"en_US","og_type":"article","og_title":"Agua de menta Aragh nana 330ml 1&amp;1 - Delicias Persas","og_description":"Agua de menta. Debido al aroma tan agradable que tiene, se usa para dar sabor a arroces y postres. Tambi\u00e9n se a\u00f1ade al t\u00e9...","og_url":"https:\/\/deliciaspersas.com\/en\/tienda\/destilados\/agua-de-menta-aragh-nana-11\/","og_site_name":"Delicias Persas","article_publisher":"https:\/\/www.facebook.com\/Deliciaspersas","article_modified_time":"2025-08-14T08:24:20+00:00","og_image":[{"width":700,"height":700,"url":"https:\/\/deliciaspersas.com\/wp-content\/uploads\/2020\/07\/Agua-de-menta-330ml-11.jpeg","type":"image\/jpeg"}],"twitter_card":"summary_large_image","twitter_misc":{"Est. reading time":"2 minutes"},"schema":{"@context":"https:\/\/schema.org","@graph":[{"@type":"WebPage","@id":"https:\/\/deliciaspersas.com\/en\/tienda\/destilados\/agua-de-menta-aragh-nana-11\/","url":"https:\/\/deliciaspersas.com\/en\/tienda\/destilados\/agua-de-menta-aragh-nana-11\/","name":"Agua de menta Aragh nana 330ml 1&amp;1 - Delicias Persas","isPartOf":{"@id":"https:\/\/deliciaspersas.com\/en\/#website"},"primaryImageOfPage":{"@id":"https:\/\/deliciaspersas.com\/en\/tienda\/destilados\/agua-de-menta-aragh-nana-11\/#primaryimage"},"image":{"@id":"https:\/\/deliciaspersas.com\/en\/tienda\/destilados\/agua-de-menta-aragh-nana-11\/#primaryimage"},"thumbnailUrl":"https:\/\/deliciaspersas.com\/wp-content\/uploads\/2020\/07\/Agua-de-menta-330ml-11.jpeg","datePublished":"2020-07-21T10:45:10+00:00","dateModified":"2025-08-14T08:24:20+00:00","description":"Agua de menta. Debido al aroma tan agradable que tiene, se usa para dar sabor a arroces y postres. Tambi\u00e9n se a\u00f1ade al t\u00e9...","breadcrumb":{"@id":"https:\/\/deliciaspersas.com\/en\/tienda\/destilados\/agua-de-menta-aragh-nana-11\/#breadcrumb"},"inLanguage":"en-US","potentialAction":[{"@type":"ReadAction","target":["https:\/\/deliciaspersas.com\/en\/tienda\/destilados\/agua-de-menta-aragh-nana-11\/"]}]},{"@type":"ImageObject","inLanguage":"en-US","@id":"https:\/\/deliciaspersas.com\/en\/tienda\/destilados\/agua-de-menta-aragh-nana-11\/#primaryimage","url":"https:\/\/deliciaspersas.com\/wp-content\/uploads\/2020\/07\/Agua-de-menta-330ml-11.jpeg","contentUrl":"https:\/\/deliciaspersas.com\/wp-content\/uploads\/2020\/07\/Agua-de-menta-330ml-11.jpeg","width":700,"height":700,"caption":"Agua de menta 330ml 1&1"},{"@type":"BreadcrumbList","@id":"https:\/\/deliciaspersas.com\/en\/tienda\/destilados\/agua-de-menta-aragh-nana-11\/#breadcrumb","itemListElement":[{"@type":"ListItem","position":1,"name":"Portada","item":"https:\/\/deliciaspersas.com\/en\/"},{"@type":"ListItem","position":2,"name":"Tienda","item":"https:\/\/deliciaspersas.com\/"},{"@type":"ListItem","position":3,"name":"Agua de menta Aragh nana 330ml 1&amp;1"}]},{"@type":"WebSite","@id":"https:\/\/deliciaspersas.com\/en\/#website","url":"https:\/\/deliciaspersas.com\/en\/","name":"Delicias Persas","description":"Gastronom&iacute;a persa al alcance de tus manos","publisher":{"@id":"https:\/\/deliciaspersas.com\/en\/#organization"},"potentialAction":[{"@type":"SearchAction","target":{"@type":"EntryPoint","urlTemplate":"https:\/\/deliciaspersas.com\/en\/?s={search_term_string}"},"query-input":{"@type":"PropertyValueSpecification","valueRequired":true,"valueName":"search_term_string"}}],"inLanguage":"en-US"},{"@type":"Organization","@id":"https:\/\/deliciaspersas.com\/en\/#organization","name":"Delicias Persas","url":"https:\/\/deliciaspersas.com\/en\/","logo":{"@type":"ImageObject","inLanguage":"en-US","@id":"https:\/\/deliciaspersas.com\/en\/#\/schema\/logo\/image\/","url":"https:\/\/deliciaspersas.com\/wp-content\/uploads\/2020\/07\/logo-2020.png","contentUrl":"https:\/\/deliciaspersas.com\/wp-content\/uploads\/2020\/07\/logo-2020.png","width":520,"height":490,"caption":"Delicias Persas"},"image":{"@id":"https:\/\/deliciaspersas.com\/en\/#\/schema\/logo\/image\/"},"sameAs":["https:\/\/www.facebook.com\/Deliciaspersas","https:\/\/www.instagram.com\/delicias_persas\/","https:\/\/www.linkedin.com\/delicias-persas"]}]}},"uagb_featured_image_src":{"full":["https:\/\/deliciaspersas.com\/wp-content\/uploads\/2020\/07\/Agua-de-menta-330ml-11.jpeg",700,700,false],"thumbnail":["https:\/\/deliciaspersas.com\/wp-content\/uploads\/2020\/07\/Agua-de-menta-330ml-11-150x150.jpeg",150,150,true],"medium":["https:\/\/deliciaspersas.com\/wp-content\/uploads\/2020\/07\/Agua-de-menta-330ml-11-300x300.jpeg",300,300,true],"medium_large":["https:\/\/deliciaspersas.com\/wp-content\/uploads\/2020\/07\/Agua-de-menta-330ml-11.jpeg",700,700,false],"large":["https:\/\/deliciaspersas.com\/wp-content\/uploads\/2020\/07\/Agua-de-menta-330ml-11.jpeg",700,700,false],"1536x1536":["https:\/\/deliciaspersas.com\/wp-content\/uploads\/2020\/07\/Agua-de-menta-330ml-11.jpeg",700,700,false],"2048x2048":["https:\/\/deliciaspersas.com\/wp-content\/uploads\/2020\/07\/Agua-de-menta-330ml-11.jpeg",700,700,false],"woocommerce_thumbnail":["https:\/\/deliciaspersas.com\/wp-content\/uploads\/2020\/07\/Agua-de-menta-330ml-11-300x300.jpeg",300,300,true],"woocommerce_single":["https:\/\/deliciaspersas.com\/wp-content\/uploads\/2020\/07\/Agua-de-menta-330ml-11-600x600.jpeg",600,600,true],"woocommerce_gallery_thumbnail":["https:\/\/deliciaspersas.com\/wp-content\/uploads\/2020\/07\/Agua-de-menta-330ml-11-100x100.jpeg",100,100,true]},"uagb_author_info":{"display_name":"admin","author_link":"https:\/\/deliciaspersas.com\/en\/author\/"},"uagb_comment_info":0,"uagb_excerpt":"Agua de menta Aragh nana 330ml 1&amp;1 Informaci\u00f3n del producto: Debido al aroma tan agradable que tiene la menta, se usa para dar sabor a arroces y postres como los Baklava, helados, pudding, bollos y pasteles. Tambi\u00e9n se usa junto al t\u00e9 para obtener una bebida calmante. El agua de rosas es rica en flavonoides,&hellip;","brands":[{"id":51,"name":"1&amp;1","slug":"11"}],"_links":{"self":[{"href":"https:\/\/deliciaspersas.com\/en\/wp-json\/wp\/v2\/product\/3746"}],"collection":[{"href":"https:\/\/deliciaspersas.com\/en\/wp-json\/wp\/v2\/product"}],"about":[{"href":"https:\/\/deliciaspersas.com\/en\/wp-json\/wp\/v2\/types\/product"}],"wp:featuredmedia":[{"embeddable":true,"href":"https:\/\/deliciaspersas.com\/en\/wp-json\/wp\/v2\/media\/3747"}],"wp:attachment":[{"href":"https:\/\/deliciaspersas.com\/en\/wp-json\/wp\/v2\/media?parent=3746"}],"wp:term":[{"taxonomy":"pwb-brand","embeddable":true,"href":"https:\/\/deliciaspersas.com\/en\/wp-json\/wp\/v2\/pwb-brand?post=3746"},{"taxonomy":"product_cat","embeddable":true,"href":"https:\/\/deliciaspersas.com\/en\/wp-json\/wp\/v2\/product_cat?post=3746"},{"taxonomy":"product_tag","embeddable":true,"href":"https:\/\/deliciaspersas.com\/en\/wp-json\/wp\/v2\/product_tag?post=3746"}],"curies":[{"name":"wp","href":"https:\/\/api.w.org\/{rel}","templated":true}]}}