{"id":3811,"date":"2020-07-22T15:50:44","date_gmt":"2020-07-22T13:50:44","guid":{"rendered":"https:\/\/deliciaspersas.com\/?post_type=product&#038;p=3811"},"modified":"2026-02-23T20:14:44","modified_gmt":"2026-02-23T19:14:44","slug":"pepinillos-en-escabeche-khiarshoor-1500g","status":"publish","type":"product","link":"https:\/\/deliciaspersas.com\/en\/tienda\/encurtidos\/pepinillos-en-escabeche-khiarshoor-1500g\/","title":{"rendered":"Pepinillos en escabeche Khiarshoor 1500g 1&amp;1"},"content":{"rendered":"<h1>Pepinillos en escabeche 1500g 1&amp;1<\/h1>\n<h6>Informaci\u00f3n del producto:<\/h6>\n<p>Producto excelente para guarniciones.<\/p>\n<p>Las propiedades nutricionales del pepinillo son numerosas:<\/p>\n<ul>\n<li>Prote\u00ednas.<\/li>\n<li>L\u00edpidos<\/li>\n<li>Minerales (manganeso, hierro, cobre, yodo).<\/li>\n<li>Vitaminas B y C y, en menor medida, vitamina K.<\/li>\n<\/ul>\n<p>Muy bajo en calor\u00edas, el pepinillo se compone principalmente de agua (\u00b1 96%) y cuenta con tal solo 18 kcal \/ 100 gramos. Eso s\u00ed, debes tener en cuenta que una porci\u00f3n de 4 pepinillos, generalmente la de un adulto, no tiene m\u00e1s de cinco calor\u00edas.<\/p>\n<h6>Usos:<\/h6>\n<p>Acompa\u00f1ante, aperitivo.<\/p>\n<h6>Beneficios:<\/h6>\n<p>Los pepinillos en escabeche son fuente de prote\u00ednas y vitamina B6.<\/p>\n<p>Tienen un alto contenido de\u00a0agua.<\/p>\n<p>Aporta vitamina C, potasio, f\u00f3sforo, hierro, magnesio y \u00e1cido f\u00f3lico.<\/p>\n<p>Son bajos en calor\u00edas,\u00a0ricos en fibra\u00a0y\u00a0no aportan grasa.<\/p>\n<p>Las\u00a0propiedades del pepinillo en vinagre son varias y tienen muchos beneficiosas para la salud.<\/p>\n<p>El agua y la fibra que aportan los pepinillos en escabeche ayudan a prevenir el estre\u00f1imiento.<\/p>\n<p>Ayudan a mejorar el\u00a0estado de la piel.<\/p>\n<p>No\u00a0producen\u00a0picos de glucosa\u00a0en sangre.<\/p>\n<p>Son ricos en\u00a0antioxidantes.<\/p>\n<p>Ayudan a\u00a0evitar que se acumule la grasa\u00a0y\u00a0activan el metabolismo.<\/p>\n<p>Su bajo aporte en calor\u00edas y grasas, pero alto en fibra los hace\u00a0aptos para una dieta de p\u00e9rdida de peso\u00a0ya que, adem\u00e1s, tienen\u00a0efecto saciante.<\/p>\n<p>Son fuente natural de\u00a0probi\u00f3ticos.<\/p>\n<p>Entre sus beneficios es de destacar que como es muy rico en agua realiza una importante acci\u00f3n digestiva, depurativa y diur\u00e9tica. Siendo as\u00ed un alimento ideal para aquellas personas que quieren perder peso o est\u00e1n a dieta. Y en general\u00a0 para los que quieren mantener su peso.<\/p>\n<p>Los pepinillos en escabeche al presentar vitamina C aportan un gran efecto antioxidante, siendo esencial para estimular el sistema inmunitario. Esto nos protege de muchas defensas para combatir las enfermedades comunes.<\/p>\n<h6>Ingredientes y al\u00e9rgenos:<\/h6>\n<p>Se compone de Pepinos, Vinagre, Sal: 4.5% m\u00e1ximo, Pimienta, Ajo, Estrag\u00f3n.<\/p>\n<h6>Condiciones de conservaci\u00f3n:<\/h6>\n<p>Conservar en un lugar fresco, seco y protegido de la luz.<\/p>\n<h6>Informaci\u00f3n adicional:<\/h6>\n<p>Fabricado por: 1&amp;1<\/p>\n<p>Azadegan Azadgan South,<\/p>\n<p>Fatah Square,<\/p>\n<p>Maedeh Food Industry Complex<\/p>\n","protected":false},"excerpt":{"rendered":"<p>Pepinillos en escabeche 1500g 1&amp;1 Informaci\u00f3n del producto: Producto excelente para guarniciones. Las propiedades nutricionales del pepinillo son numerosas: Prote\u00ednas. L\u00edpidos Minerales (manganeso, hierro, cobre, yodo). Vitaminas B y C y, en menor medida, vitamina K. Muy bajo en calor\u00edas, el pepinillo se compone principalmente de agua (\u00b1 96%) y cuenta con tal solo 18 [&hellip;]<\/p>\n","protected":false},"featured_media":3841,"template":"","meta":{"_surecart_dashboard_logo_width":"180px","_surecart_dashboard_show_logo":true,"_surecart_dashboard_navigation_orders":true,"_surecart_dashboard_navigation_invoices":true,"_surecart_dashboard_navigation_subscriptions":true,"_surecart_dashboard_navigation_downloads":true,"_surecart_dashboard_navigation_billing":true,"_surecart_dashboard_navigation_account":true,"_uag_custom_page_level_css":"","site-sidebar-layout":"default","site-content-layout":"default","ast-site-content-layout":"default","site-content-style":"default","site-sidebar-style":"default","ast-global-header-display":"","ast-banner-title-visibility":"","ast-main-header-display":"","ast-hfb-above-header-display":"","ast-hfb-below-header-display":"","ast-hfb-mobile-header-display":"","site-post-title":"","ast-breadcrumbs-content":"","ast-featured-img":"","footer-sml-layout":"","theme-transparent-header-meta":"default","adv-header-id-meta":"","stick-header-meta":"","header-above-stick-meta":"","header-main-stick-meta":"","header-below-stick-meta":"","astra-migrate-meta-layouts":"set","ast-page-background-enabled":"default","ast-page-background-meta":{"desktop":{"background-color":"","background-image":"","background-repeat":"repeat","background-position":"center center","background-size":"auto","background-attachment":"scroll","background-type":"","background-media":"","overlay-type":"","overlay-color":"","overlay-opacity":"","overlay-gradient":""},"tablet":{"background-color":"","background-image":"","background-repeat":"repeat","background-position":"center center","background-size":"auto","background-attachment":"scroll","background-type":"","background-media":"","overlay-type":"","overlay-color":"","overlay-opacity":"","overlay-gradient":""},"mobile":{"background-color":"","background-image":"","background-repeat":"repeat","background-position":"center center","background-size":"auto","background-attachment":"scroll","background-type":"","background-media":"","overlay-type":"","overlay-color":"","overlay-opacity":"","overlay-gradient":""}},"ast-content-background-meta":{"desktop":{"background-color":"var(--ast-global-color-5)","background-image":"","background-repeat":"repeat","background-position":"center center","background-size":"auto","background-attachment":"scroll","background-type":"","background-media":"","overlay-type":"","overlay-color":"","overlay-opacity":"","overlay-gradient":""},"tablet":{"background-color":"var(--ast-global-color-5)","background-image":"","background-repeat":"repeat","background-position":"center center","background-size":"auto","background-attachment":"scroll","background-type":"","background-media":"","overlay-type":"","overlay-color":"","overlay-opacity":"","overlay-gradient":""},"mobile":{"background-color":"var(--ast-global-color-5)","background-image":"","background-repeat":"repeat","background-position":"center center","background-size":"auto","background-attachment":"scroll","background-type":"","background-media":"","overlay-type":"","overlay-color":"","overlay-opacity":"","overlay-gradient":""}}},"pwb-brand":[51],"product_cat":[38],"product_tag":[839,746,741,344],"class_list":{"0":"post-3811","1":"product","2":"type-product","3":"status-publish","4":"has-post-thumbnail","6":"pwb-brand-51","7":"product_cat-encurtidos","8":"product_tag-encurtido","9":"product_tag-pepinillo","10":"product_tag-salado","11":"product_tag-344","12":"desktop-align-center","13":"tablet-align-center","14":"mobile-align-center","16":"first","17":"outofstock","18":"taxable","19":"shipping-taxable","20":"purchasable","21":"product-type-simple"},"yoast_head":"<!-- This site is optimized with the Yoast SEO plugin v23.6 - https:\/\/yoast.com\/wordpress\/plugins\/seo\/ -->\n<title>Pepinillos en escabeche Khiarshoor 1500g 1&amp;1 - Delicias Persas<\/title>\n<meta name=\"description\" content=\"Pepinillos en escabeche. Producto excelente para guarniciones, las propiedades nutricionales del pepinillo son numerosas prote\u00ednas, l\u00edpidos, minerales...\" \/>\n<meta name=\"robots\" content=\"index, follow, max-snippet:-1, max-image-preview:large, max-video-preview:-1\" \/>\n<link rel=\"canonical\" href=\"https:\/\/deliciaspersas.com\/en\/tienda\/encurtidos\/pepinillos-en-escabeche-khiarshoor-1500g\/\" \/>\n<meta property=\"og:locale\" content=\"en_US\" \/>\n<meta property=\"og:type\" content=\"article\" \/>\n<meta property=\"og:title\" content=\"Pepinillos en escabeche Khiarshoor 1500g 1&amp;1 - Delicias Persas\" \/>\n<meta property=\"og:description\" content=\"Pepinillos en escabeche. Producto excelente para guarniciones, las propiedades nutricionales del pepinillo son numerosas prote\u00ednas, l\u00edpidos, minerales...\" \/>\n<meta property=\"og:url\" content=\"https:\/\/deliciaspersas.com\/en\/tienda\/encurtidos\/pepinillos-en-escabeche-khiarshoor-1500g\/\" \/>\n<meta property=\"og:site_name\" content=\"Delicias Persas\" \/>\n<meta property=\"article:publisher\" content=\"https:\/\/www.facebook.com\/Deliciaspersas\" \/>\n<meta property=\"article:modified_time\" content=\"2026-02-23T19:14:44+00:00\" \/>\n<meta property=\"og:image\" content=\"https:\/\/deliciaspersas.com\/wp-content\/uploads\/2020\/07\/Pepinillos-en-escabeche-Khiarshoor-11.jpg\" \/>\n\t<meta property=\"og:image:width\" content=\"800\" \/>\n\t<meta property=\"og:image:height\" content=\"800\" \/>\n\t<meta property=\"og:image:type\" content=\"image\/jpeg\" \/>\n<meta name=\"twitter:card\" content=\"summary_large_image\" \/>\n<meta name=\"twitter:label1\" content=\"Est. reading time\" \/>\n\t<meta name=\"twitter:data1\" content=\"2 minutes\" \/>\n<script type=\"application\/ld+json\" class=\"yoast-schema-graph\">{\"@context\":\"https:\/\/schema.org\",\"@graph\":[{\"@type\":\"WebPage\",\"@id\":\"https:\/\/deliciaspersas.com\/en\/tienda\/encurtidos\/pepinillos-en-escabeche-khiarshoor-1500g\/\",\"url\":\"https:\/\/deliciaspersas.com\/en\/tienda\/encurtidos\/pepinillos-en-escabeche-khiarshoor-1500g\/\",\"name\":\"Pepinillos en escabeche Khiarshoor 1500g 1&amp;1 - Delicias Persas\",\"isPartOf\":{\"@id\":\"https:\/\/deliciaspersas.com\/en\/#website\"},\"primaryImageOfPage\":{\"@id\":\"https:\/\/deliciaspersas.com\/en\/tienda\/encurtidos\/pepinillos-en-escabeche-khiarshoor-1500g\/#primaryimage\"},\"image\":{\"@id\":\"https:\/\/deliciaspersas.com\/en\/tienda\/encurtidos\/pepinillos-en-escabeche-khiarshoor-1500g\/#primaryimage\"},\"thumbnailUrl\":\"https:\/\/deliciaspersas.com\/wp-content\/uploads\/2020\/07\/Pepinillos-en-escabeche-Khiarshoor-11.jpg\",\"datePublished\":\"2020-07-22T13:50:44+00:00\",\"dateModified\":\"2026-02-23T19:14:44+00:00\",\"description\":\"Pepinillos en escabeche. Producto excelente para guarniciones, las propiedades nutricionales del pepinillo son numerosas prote\u00ednas, l\u00edpidos, minerales...\",\"breadcrumb\":{\"@id\":\"https:\/\/deliciaspersas.com\/en\/tienda\/encurtidos\/pepinillos-en-escabeche-khiarshoor-1500g\/#breadcrumb\"},\"inLanguage\":\"en-US\",\"potentialAction\":[{\"@type\":\"ReadAction\",\"target\":[\"https:\/\/deliciaspersas.com\/en\/tienda\/encurtidos\/pepinillos-en-escabeche-khiarshoor-1500g\/\"]}]},{\"@type\":\"ImageObject\",\"inLanguage\":\"en-US\",\"@id\":\"https:\/\/deliciaspersas.com\/en\/tienda\/encurtidos\/pepinillos-en-escabeche-khiarshoor-1500g\/#primaryimage\",\"url\":\"https:\/\/deliciaspersas.com\/wp-content\/uploads\/2020\/07\/Pepinillos-en-escabeche-Khiarshoor-11.jpg\",\"contentUrl\":\"https:\/\/deliciaspersas.com\/wp-content\/uploads\/2020\/07\/Pepinillos-en-escabeche-Khiarshoor-11.jpg\",\"width\":800,\"height\":800,\"caption\":\"Pepinillos en escabeche Khiarshoor 1&1\"},{\"@type\":\"BreadcrumbList\",\"@id\":\"https:\/\/deliciaspersas.com\/en\/tienda\/encurtidos\/pepinillos-en-escabeche-khiarshoor-1500g\/#breadcrumb\",\"itemListElement\":[{\"@type\":\"ListItem\",\"position\":1,\"name\":\"Portada\",\"item\":\"https:\/\/deliciaspersas.com\/en\/\"},{\"@type\":\"ListItem\",\"position\":2,\"name\":\"Tienda\",\"item\":\"https:\/\/deliciaspersas.com\/\"},{\"@type\":\"ListItem\",\"position\":3,\"name\":\"Pepinillos en escabeche Khiarshoor 1500g 1&amp;1\"}]},{\"@type\":\"WebSite\",\"@id\":\"https:\/\/deliciaspersas.com\/en\/#website\",\"url\":\"https:\/\/deliciaspersas.com\/en\/\",\"name\":\"Delicias Persas\",\"description\":\"Gastronom&iacute;a persa al alcance de tus manos\",\"publisher\":{\"@id\":\"https:\/\/deliciaspersas.com\/en\/#organization\"},\"potentialAction\":[{\"@type\":\"SearchAction\",\"target\":{\"@type\":\"EntryPoint\",\"urlTemplate\":\"https:\/\/deliciaspersas.com\/en\/?s={search_term_string}\"},\"query-input\":{\"@type\":\"PropertyValueSpecification\",\"valueRequired\":true,\"valueName\":\"search_term_string\"}}],\"inLanguage\":\"en-US\"},{\"@type\":\"Organization\",\"@id\":\"https:\/\/deliciaspersas.com\/en\/#organization\",\"name\":\"Delicias Persas\",\"url\":\"https:\/\/deliciaspersas.com\/en\/\",\"logo\":{\"@type\":\"ImageObject\",\"inLanguage\":\"en-US\",\"@id\":\"https:\/\/deliciaspersas.com\/en\/#\/schema\/logo\/image\/\",\"url\":\"https:\/\/deliciaspersas.com\/wp-content\/uploads\/2020\/07\/logo-2020.png\",\"contentUrl\":\"https:\/\/deliciaspersas.com\/wp-content\/uploads\/2020\/07\/logo-2020.png\",\"width\":520,\"height\":490,\"caption\":\"Delicias Persas\"},\"image\":{\"@id\":\"https:\/\/deliciaspersas.com\/en\/#\/schema\/logo\/image\/\"},\"sameAs\":[\"https:\/\/www.facebook.com\/Deliciaspersas\",\"https:\/\/www.instagram.com\/delicias_persas\/\",\"https:\/\/www.linkedin.com\/delicias-persas\"]}]}<\/script>\n<!-- \/ Yoast SEO plugin. -->","yoast_head_json":{"title":"Pepinillos en escabeche Khiarshoor 1500g 1&amp;1 - Delicias Persas","description":"Pepinillos en escabeche. Producto excelente para guarniciones, las propiedades nutricionales del pepinillo son numerosas prote\u00ednas, l\u00edpidos, minerales...","robots":{"index":"index","follow":"follow","max-snippet":"max-snippet:-1","max-image-preview":"max-image-preview:large","max-video-preview":"max-video-preview:-1"},"canonical":"https:\/\/deliciaspersas.com\/en\/tienda\/encurtidos\/pepinillos-en-escabeche-khiarshoor-1500g\/","og_locale":"en_US","og_type":"article","og_title":"Pepinillos en escabeche Khiarshoor 1500g 1&amp;1 - Delicias Persas","og_description":"Pepinillos en escabeche. Producto excelente para guarniciones, las propiedades nutricionales del pepinillo son numerosas prote\u00ednas, l\u00edpidos, minerales...","og_url":"https:\/\/deliciaspersas.com\/en\/tienda\/encurtidos\/pepinillos-en-escabeche-khiarshoor-1500g\/","og_site_name":"Delicias Persas","article_publisher":"https:\/\/www.facebook.com\/Deliciaspersas","article_modified_time":"2026-02-23T19:14:44+00:00","og_image":[{"width":800,"height":800,"url":"https:\/\/deliciaspersas.com\/wp-content\/uploads\/2020\/07\/Pepinillos-en-escabeche-Khiarshoor-11.jpg","type":"image\/jpeg"}],"twitter_card":"summary_large_image","twitter_misc":{"Est. reading time":"2 minutes"},"schema":{"@context":"https:\/\/schema.org","@graph":[{"@type":"WebPage","@id":"https:\/\/deliciaspersas.com\/en\/tienda\/encurtidos\/pepinillos-en-escabeche-khiarshoor-1500g\/","url":"https:\/\/deliciaspersas.com\/en\/tienda\/encurtidos\/pepinillos-en-escabeche-khiarshoor-1500g\/","name":"Pepinillos en escabeche Khiarshoor 1500g 1&amp;1 - Delicias Persas","isPartOf":{"@id":"https:\/\/deliciaspersas.com\/en\/#website"},"primaryImageOfPage":{"@id":"https:\/\/deliciaspersas.com\/en\/tienda\/encurtidos\/pepinillos-en-escabeche-khiarshoor-1500g\/#primaryimage"},"image":{"@id":"https:\/\/deliciaspersas.com\/en\/tienda\/encurtidos\/pepinillos-en-escabeche-khiarshoor-1500g\/#primaryimage"},"thumbnailUrl":"https:\/\/deliciaspersas.com\/wp-content\/uploads\/2020\/07\/Pepinillos-en-escabeche-Khiarshoor-11.jpg","datePublished":"2020-07-22T13:50:44+00:00","dateModified":"2026-02-23T19:14:44+00:00","description":"Pepinillos en escabeche. Producto excelente para guarniciones, las propiedades nutricionales del pepinillo son numerosas prote\u00ednas, l\u00edpidos, minerales...","breadcrumb":{"@id":"https:\/\/deliciaspersas.com\/en\/tienda\/encurtidos\/pepinillos-en-escabeche-khiarshoor-1500g\/#breadcrumb"},"inLanguage":"en-US","potentialAction":[{"@type":"ReadAction","target":["https:\/\/deliciaspersas.com\/en\/tienda\/encurtidos\/pepinillos-en-escabeche-khiarshoor-1500g\/"]}]},{"@type":"ImageObject","inLanguage":"en-US","@id":"https:\/\/deliciaspersas.com\/en\/tienda\/encurtidos\/pepinillos-en-escabeche-khiarshoor-1500g\/#primaryimage","url":"https:\/\/deliciaspersas.com\/wp-content\/uploads\/2020\/07\/Pepinillos-en-escabeche-Khiarshoor-11.jpg","contentUrl":"https:\/\/deliciaspersas.com\/wp-content\/uploads\/2020\/07\/Pepinillos-en-escabeche-Khiarshoor-11.jpg","width":800,"height":800,"caption":"Pepinillos en escabeche Khiarshoor 1&1"},{"@type":"BreadcrumbList","@id":"https:\/\/deliciaspersas.com\/en\/tienda\/encurtidos\/pepinillos-en-escabeche-khiarshoor-1500g\/#breadcrumb","itemListElement":[{"@type":"ListItem","position":1,"name":"Portada","item":"https:\/\/deliciaspersas.com\/en\/"},{"@type":"ListItem","position":2,"name":"Tienda","item":"https:\/\/deliciaspersas.com\/"},{"@type":"ListItem","position":3,"name":"Pepinillos en escabeche Khiarshoor 1500g 1&amp;1"}]},{"@type":"WebSite","@id":"https:\/\/deliciaspersas.com\/en\/#website","url":"https:\/\/deliciaspersas.com\/en\/","name":"Delicias Persas","description":"Gastronom&iacute;a persa al alcance de tus manos","publisher":{"@id":"https:\/\/deliciaspersas.com\/en\/#organization"},"potentialAction":[{"@type":"SearchAction","target":{"@type":"EntryPoint","urlTemplate":"https:\/\/deliciaspersas.com\/en\/?s={search_term_string}"},"query-input":{"@type":"PropertyValueSpecification","valueRequired":true,"valueName":"search_term_string"}}],"inLanguage":"en-US"},{"@type":"Organization","@id":"https:\/\/deliciaspersas.com\/en\/#organization","name":"Delicias Persas","url":"https:\/\/deliciaspersas.com\/en\/","logo":{"@type":"ImageObject","inLanguage":"en-US","@id":"https:\/\/deliciaspersas.com\/en\/#\/schema\/logo\/image\/","url":"https:\/\/deliciaspersas.com\/wp-content\/uploads\/2020\/07\/logo-2020.png","contentUrl":"https:\/\/deliciaspersas.com\/wp-content\/uploads\/2020\/07\/logo-2020.png","width":520,"height":490,"caption":"Delicias Persas"},"image":{"@id":"https:\/\/deliciaspersas.com\/en\/#\/schema\/logo\/image\/"},"sameAs":["https:\/\/www.facebook.com\/Deliciaspersas","https:\/\/www.instagram.com\/delicias_persas\/","https:\/\/www.linkedin.com\/delicias-persas"]}]}},"uagb_featured_image_src":{"full":["https:\/\/deliciaspersas.com\/wp-content\/uploads\/2020\/07\/Pepinillos-en-escabeche-Khiarshoor-11.jpg",800,800,false],"thumbnail":["https:\/\/deliciaspersas.com\/wp-content\/uploads\/2020\/07\/Pepinillos-en-escabeche-Khiarshoor-11-150x150.jpg",150,150,true],"medium":["https:\/\/deliciaspersas.com\/wp-content\/uploads\/2020\/07\/Pepinillos-en-escabeche-Khiarshoor-11-300x300.jpg",300,300,true],"medium_large":["https:\/\/deliciaspersas.com\/wp-content\/uploads\/2020\/07\/Pepinillos-en-escabeche-Khiarshoor-11-768x768.jpg",768,768,true],"large":["https:\/\/deliciaspersas.com\/wp-content\/uploads\/2020\/07\/Pepinillos-en-escabeche-Khiarshoor-11.jpg",800,800,false],"1536x1536":["https:\/\/deliciaspersas.com\/wp-content\/uploads\/2020\/07\/Pepinillos-en-escabeche-Khiarshoor-11.jpg",800,800,false],"2048x2048":["https:\/\/deliciaspersas.com\/wp-content\/uploads\/2020\/07\/Pepinillos-en-escabeche-Khiarshoor-11.jpg",800,800,false],"woocommerce_thumbnail":["https:\/\/deliciaspersas.com\/wp-content\/uploads\/2020\/07\/Pepinillos-en-escabeche-Khiarshoor-11-300x300.jpg",300,300,true],"woocommerce_single":["https:\/\/deliciaspersas.com\/wp-content\/uploads\/2020\/07\/Pepinillos-en-escabeche-Khiarshoor-11-600x600.jpg",600,600,true],"woocommerce_gallery_thumbnail":["https:\/\/deliciaspersas.com\/wp-content\/uploads\/2020\/07\/Pepinillos-en-escabeche-Khiarshoor-11-100x100.jpg",100,100,true]},"uagb_author_info":{"display_name":"ventas.dayan","author_link":"https:\/\/deliciaspersas.com\/en\/author\/"},"uagb_comment_info":0,"uagb_excerpt":"Pepinillos en escabeche 1500g 1&amp;1 Informaci\u00f3n del producto: Producto excelente para guarniciones. Las propiedades nutricionales del pepinillo son numerosas: Prote\u00ednas. L\u00edpidos Minerales (manganeso, hierro, cobre, yodo). Vitaminas B y C y, en menor medida, vitamina K. Muy bajo en calor\u00edas, el pepinillo se compone principalmente de agua (\u00b1 96%) y cuenta con tal solo 18&hellip;","brands":[{"id":51,"name":"1&amp;1","slug":"11"}],"_links":{"self":[{"href":"https:\/\/deliciaspersas.com\/en\/wp-json\/wp\/v2\/product\/3811"}],"collection":[{"href":"https:\/\/deliciaspersas.com\/en\/wp-json\/wp\/v2\/product"}],"about":[{"href":"https:\/\/deliciaspersas.com\/en\/wp-json\/wp\/v2\/types\/product"}],"wp:featuredmedia":[{"embeddable":true,"href":"https:\/\/deliciaspersas.com\/en\/wp-json\/wp\/v2\/media\/3841"}],"wp:attachment":[{"href":"https:\/\/deliciaspersas.com\/en\/wp-json\/wp\/v2\/media?parent=3811"}],"wp:term":[{"taxonomy":"pwb-brand","embeddable":true,"href":"https:\/\/deliciaspersas.com\/en\/wp-json\/wp\/v2\/pwb-brand?post=3811"},{"taxonomy":"product_cat","embeddable":true,"href":"https:\/\/deliciaspersas.com\/en\/wp-json\/wp\/v2\/product_cat?post=3811"},{"taxonomy":"product_tag","embeddable":true,"href":"https:\/\/deliciaspersas.com\/en\/wp-json\/wp\/v2\/product_tag?post=3811"}],"curies":[{"name":"wp","href":"https:\/\/api.w.org\/{rel}","templated":true}]}}