{"id":3933,"date":"2020-07-24T12:01:32","date_gmt":"2020-07-24T10:01:32","guid":{"rendered":"https:\/\/deliciaspersas.com\/?post_type=product&#038;p=3933"},"modified":"2025-06-13T16:55:49","modified_gmt":"2025-06-13T14:55:49","slug":"agua-de-comino-zireh-anjoman","status":"publish","type":"product","link":"https:\/\/deliciaspersas.com\/en\/tienda\/destilados\/agua-de-comino-zireh-anjoman\/","title":{"rendered":"Agua de Comino negro ( Zireh siah ) 330ml Sarashpaz"},"content":{"rendered":"<h1>Agua de Comino Zireh 330ml Anjoman<\/h1>\n<h6>Informaci\u00f3n del producto:<\/h6>\n<p>En la gastronom\u00eda espa\u00f1ola, el comino est\u00e1 muy presente. Es fundamental a la hora de preparar los mojos canarios, varios tipos de embutido como la morcilla de Burgos, adem\u00e1s de en potajes de garbanzos, guisos de carne, cremas de verduras\u2026 el listado es interminable.<\/p>\n<p>Otros platos con comino muy famosos a nivel internacional ser\u00edan la chimichanga mexicana, el cusc\u00fas, el humus, el\u00a0<i>tajine<\/i>\u00a0o, como ya hemos comentado, varios tipos de curri. En cualquier caso, se considera que\u00a0esta especia ayuda a digerir platos pesados gracias a sus propiedades saludables, siendo responsable de reducir la producci\u00f3n de gases en el organismo.<\/p>\n<p>Y es que el comino es muy bueno para mejorar la digesti\u00f3n, es antiespasm\u00f3dico y tambi\u00e9n es un diur\u00e9tico saludable. Adem\u00e1s,\u00a0se puede tomar haciendo una infusi\u00f3n con sus semillas\u00a0o bien diluyendo su molido en agua. Tambi\u00e9n se pueden preparar cataplasmas o ung\u00fcentos para uso local. En cualquier caso, hay que tener cuidado con un consumo excesivo y consultar con un experto antes de iniciar un tratamiento.<\/p>\n<h6>Usos:<\/h6>\n<p>Recetas, ensaladas, todo tipo de verduras, platos fr\u00edos y calientes.<\/p>\n<h6>Beneficios:<\/h6>\n<div class=\"elementor-element elementor-element-57ed044 elementor-widget elementor-widget-text-editor\" data-id=\"57ed044\" data-element_type=\"widget\" data-widget_type=\"text-editor.default\">\n<div class=\"elementor-widget-container\">\n<div class=\"elementor-text-editor elementor-clearfix\">Las propiedades de comino son muy importantes para mejorar la salud de nuestro organismo:<br \/>\nEl consumo de comino nos aporta vitaminas como: magnesio, vitamina E, potasio, f\u00f3sforo, calcio, hierro y vitamina A.<\/div>\n<\/div>\n<\/div>\n<div class=\"elementor-element elementor-element-760bd2d elementor-widget elementor-widget-text-editor\" data-id=\"760bd2d\" data-element_type=\"widget\" data-widget_type=\"text-editor.default\">\n<div class=\"elementor-widget-container\">\n<div class=\"elementor-text-editor elementor-clearfix\">Sus minerales ricos en hierro dan fuerza al sistema inmunol\u00f3gico, lo cual aumenta las defensas y ayuda a combatir enfermedades como la anemia ferrop\u00e9nica.<br \/>\nEs un sedante natural que ayuda a disminuir el insomnio.<br \/>\nEs un adelgazante natural y ayuda a mejorar la digesti\u00f3n, disminuyendo las flatulencias y reduciendo la inflamaci\u00f3n abdominal.<\/div>\n<\/div>\n<\/div>\n<h6>Ingredientes y al\u00e9rgenos:<\/h6>\n<p>Agua de comino.<\/p>\n<h6>Condiciones de conservaci\u00f3n:<\/h6>\n<p>Conservar en un lugar fresco, seco y protegido de la luz.<\/p>\n<h6>Informaci\u00f3n adicional:<\/h6>\n<p>Fabricado por: Anjoman<\/p>\n<p>14 Premier Park Road<br \/>\nPark Royal<br \/>\nLondon NW10 7NZ<\/p>\n","protected":false},"excerpt":{"rendered":"<p>Agua de Comino Zireh 330ml Anjoman Informaci\u00f3n del producto: En la gastronom\u00eda espa\u00f1ola, el comino est\u00e1 muy presente. Es fundamental a la hora de preparar los mojos canarios, varios tipos de embutido como la morcilla de Burgos, adem\u00e1s de en potajes de garbanzos, guisos de carne, cremas de verduras\u2026 el listado es interminable. Otros platos [&hellip;]<\/p>\n","protected":false},"featured_media":3947,"template":"","meta":{"_surecart_dashboard_logo_width":"180px","_surecart_dashboard_show_logo":true,"_surecart_dashboard_navigation_orders":true,"_surecart_dashboard_navigation_invoices":true,"_surecart_dashboard_navigation_subscriptions":true,"_surecart_dashboard_navigation_downloads":true,"_surecart_dashboard_navigation_billing":true,"_surecart_dashboard_navigation_account":true,"_uag_custom_page_level_css":"","site-sidebar-layout":"default","site-content-layout":"default","ast-site-content-layout":"default","site-content-style":"default","site-sidebar-style":"default","ast-global-header-display":"","ast-banner-title-visibility":"","ast-main-header-display":"","ast-hfb-above-header-display":"","ast-hfb-below-header-display":"","ast-hfb-mobile-header-display":"","site-post-title":"","ast-breadcrumbs-content":"","ast-featured-img":"","footer-sml-layout":"","theme-transparent-header-meta":"default","adv-header-id-meta":"","stick-header-meta":"","header-above-stick-meta":"","header-main-stick-meta":"","header-below-stick-meta":"","astra-migrate-meta-layouts":"set","ast-page-background-enabled":"default","ast-page-background-meta":{"desktop":{"background-color":"","background-image":"","background-repeat":"repeat","background-position":"center center","background-size":"auto","background-attachment":"scroll","background-type":"","background-media":"","overlay-type":"","overlay-color":"","overlay-opacity":"","overlay-gradient":""},"tablet":{"background-color":"","background-image":"","background-repeat":"repeat","background-position":"center center","background-size":"auto","background-attachment":"scroll","background-type":"","background-media":"","overlay-type":"","overlay-color":"","overlay-opacity":"","overlay-gradient":""},"mobile":{"background-color":"","background-image":"","background-repeat":"repeat","background-position":"center center","background-size":"auto","background-attachment":"scroll","background-type":"","background-media":"","overlay-type":"","overlay-color":"","overlay-opacity":"","overlay-gradient":""}},"ast-content-background-meta":{"desktop":{"background-color":"var(--ast-global-color-5)","background-image":"","background-repeat":"repeat","background-position":"center center","background-size":"auto","background-attachment":"scroll","background-type":"","background-media":"","overlay-type":"","overlay-color":"","overlay-opacity":"","overlay-gradient":""},"tablet":{"background-color":"var(--ast-global-color-5)","background-image":"","background-repeat":"repeat","background-position":"center center","background-size":"auto","background-attachment":"scroll","background-type":"","background-media":"","overlay-type":"","overlay-color":"","overlay-opacity":"","overlay-gradient":""},"mobile":{"background-color":"var(--ast-global-color-5)","background-image":"","background-repeat":"repeat","background-position":"center center","background-size":"auto","background-attachment":"scroll","background-type":"","background-media":"","overlay-type":"","overlay-color":"","overlay-opacity":"","overlay-gradient":""}}},"pwb-brand":[199],"product_cat":[39],"product_tag":[1472,1471,613,1470,597,824,826],"class_list":{"0":"post-3933","1":"product","2":"type-product","3":"status-publish","4":"has-post-thumbnail","6":"pwb-brand-sarashpaz","7":"product_cat-destilados","8":"product_tag-agua-de-comino","9":"product_tag-aragh","10":"product_tag-comino","11":"product_tag-comino-negro","12":"product_tag-destilado","13":"product_tag-extracto","14":"product_tag-826","15":"desktop-align-center","16":"tablet-align-center","17":"mobile-align-center","19":"first","20":"instock","21":"taxable","22":"shipping-taxable","23":"purchasable","24":"product-type-simple"},"yoast_head":"<!-- This site is optimized with the Yoast SEO plugin v23.6 - https:\/\/yoast.com\/wordpress\/plugins\/seo\/ -->\n<title>Agua de Comino negro ( Zireh siah ) 330ml Sarashpaz - Delicias Persas<\/title>\n<meta name=\"description\" content=\"Agua de comino. En la gastronom\u00eda espa\u00f1ola, el comino est\u00e1 muy presente. Es fundamental a la hora de preparar los mojos canarios, tipos de embutido...\" \/>\n<meta name=\"robots\" content=\"index, follow, max-snippet:-1, max-image-preview:large, max-video-preview:-1\" \/>\n<link rel=\"canonical\" href=\"https:\/\/deliciaspersas.com\/en\/tienda\/destilados\/agua-de-comino-zireh-anjoman\/\" \/>\n<meta property=\"og:locale\" content=\"en_US\" \/>\n<meta property=\"og:type\" content=\"article\" \/>\n<meta property=\"og:title\" content=\"Agua de Comino negro ( Zireh siah ) 330ml Sarashpaz - Delicias Persas\" \/>\n<meta property=\"og:description\" content=\"Agua de comino. En la gastronom\u00eda espa\u00f1ola, el comino est\u00e1 muy presente. Es fundamental a la hora de preparar los mojos canarios, tipos de embutido...\" \/>\n<meta property=\"og:url\" content=\"https:\/\/deliciaspersas.com\/en\/tienda\/destilados\/agua-de-comino-zireh-anjoman\/\" \/>\n<meta property=\"og:site_name\" content=\"Delicias Persas\" \/>\n<meta property=\"article:publisher\" content=\"https:\/\/www.facebook.com\/Deliciaspersas\" \/>\n<meta property=\"article:modified_time\" content=\"2025-06-13T14:55:49+00:00\" \/>\n<meta property=\"og:image\" content=\"https:\/\/deliciaspersas.com\/wp-content\/uploads\/2020\/07\/Agua-de-comino-zireh-330ml-Anjoman.jpg\" \/>\n\t<meta property=\"og:image:width\" content=\"760\" \/>\n\t<meta property=\"og:image:height\" content=\"760\" \/>\n\t<meta property=\"og:image:type\" content=\"image\/jpeg\" \/>\n<meta name=\"twitter:card\" content=\"summary_large_image\" \/>\n<meta name=\"twitter:label1\" content=\"Est. reading time\" \/>\n\t<meta name=\"twitter:data1\" content=\"2 minutes\" \/>\n<script type=\"application\/ld+json\" class=\"yoast-schema-graph\">{\"@context\":\"https:\/\/schema.org\",\"@graph\":[{\"@type\":\"WebPage\",\"@id\":\"https:\/\/deliciaspersas.com\/en\/tienda\/destilados\/agua-de-comino-zireh-anjoman\/\",\"url\":\"https:\/\/deliciaspersas.com\/en\/tienda\/destilados\/agua-de-comino-zireh-anjoman\/\",\"name\":\"Agua de Comino negro ( Zireh siah ) 330ml Sarashpaz - Delicias Persas\",\"isPartOf\":{\"@id\":\"https:\/\/deliciaspersas.com\/en\/#website\"},\"primaryImageOfPage\":{\"@id\":\"https:\/\/deliciaspersas.com\/en\/tienda\/destilados\/agua-de-comino-zireh-anjoman\/#primaryimage\"},\"image\":{\"@id\":\"https:\/\/deliciaspersas.com\/en\/tienda\/destilados\/agua-de-comino-zireh-anjoman\/#primaryimage\"},\"thumbnailUrl\":\"https:\/\/deliciaspersas.com\/wp-content\/uploads\/2020\/07\/Agua-de-comino-zireh-330ml-Anjoman.jpg\",\"datePublished\":\"2020-07-24T10:01:32+00:00\",\"dateModified\":\"2025-06-13T14:55:49+00:00\",\"description\":\"Agua de comino. En la gastronom\u00eda espa\u00f1ola, el comino est\u00e1 muy presente. Es fundamental a la hora de preparar los mojos canarios, tipos de embutido...\",\"breadcrumb\":{\"@id\":\"https:\/\/deliciaspersas.com\/en\/tienda\/destilados\/agua-de-comino-zireh-anjoman\/#breadcrumb\"},\"inLanguage\":\"en-US\",\"potentialAction\":[{\"@type\":\"ReadAction\",\"target\":[\"https:\/\/deliciaspersas.com\/en\/tienda\/destilados\/agua-de-comino-zireh-anjoman\/\"]}]},{\"@type\":\"ImageObject\",\"inLanguage\":\"en-US\",\"@id\":\"https:\/\/deliciaspersas.com\/en\/tienda\/destilados\/agua-de-comino-zireh-anjoman\/#primaryimage\",\"url\":\"https:\/\/deliciaspersas.com\/wp-content\/uploads\/2020\/07\/Agua-de-comino-zireh-330ml-Anjoman.jpg\",\"contentUrl\":\"https:\/\/deliciaspersas.com\/wp-content\/uploads\/2020\/07\/Agua-de-comino-zireh-330ml-Anjoman.jpg\",\"width\":760,\"height\":760,\"caption\":\"Agua de comino zireh 330ml Anjoman\"},{\"@type\":\"BreadcrumbList\",\"@id\":\"https:\/\/deliciaspersas.com\/en\/tienda\/destilados\/agua-de-comino-zireh-anjoman\/#breadcrumb\",\"itemListElement\":[{\"@type\":\"ListItem\",\"position\":1,\"name\":\"Portada\",\"item\":\"https:\/\/deliciaspersas.com\/en\/\"},{\"@type\":\"ListItem\",\"position\":2,\"name\":\"Tienda\",\"item\":\"https:\/\/deliciaspersas.com\/\"},{\"@type\":\"ListItem\",\"position\":3,\"name\":\"Agua de Comino negro ( Zireh siah ) 330ml Sarashpaz\"}]},{\"@type\":\"WebSite\",\"@id\":\"https:\/\/deliciaspersas.com\/en\/#website\",\"url\":\"https:\/\/deliciaspersas.com\/en\/\",\"name\":\"Delicias Persas\",\"description\":\"Gastronom&iacute;a persa al alcance de tus manos\",\"publisher\":{\"@id\":\"https:\/\/deliciaspersas.com\/en\/#organization\"},\"potentialAction\":[{\"@type\":\"SearchAction\",\"target\":{\"@type\":\"EntryPoint\",\"urlTemplate\":\"https:\/\/deliciaspersas.com\/en\/?s={search_term_string}\"},\"query-input\":{\"@type\":\"PropertyValueSpecification\",\"valueRequired\":true,\"valueName\":\"search_term_string\"}}],\"inLanguage\":\"en-US\"},{\"@type\":\"Organization\",\"@id\":\"https:\/\/deliciaspersas.com\/en\/#organization\",\"name\":\"Delicias Persas\",\"url\":\"https:\/\/deliciaspersas.com\/en\/\",\"logo\":{\"@type\":\"ImageObject\",\"inLanguage\":\"en-US\",\"@id\":\"https:\/\/deliciaspersas.com\/en\/#\/schema\/logo\/image\/\",\"url\":\"https:\/\/deliciaspersas.com\/wp-content\/uploads\/2020\/07\/logo-2020.png\",\"contentUrl\":\"https:\/\/deliciaspersas.com\/wp-content\/uploads\/2020\/07\/logo-2020.png\",\"width\":520,\"height\":490,\"caption\":\"Delicias Persas\"},\"image\":{\"@id\":\"https:\/\/deliciaspersas.com\/en\/#\/schema\/logo\/image\/\"},\"sameAs\":[\"https:\/\/www.facebook.com\/Deliciaspersas\",\"https:\/\/www.instagram.com\/delicias_persas\/\",\"https:\/\/www.linkedin.com\/delicias-persas\"]}]}<\/script>\n<!-- \/ Yoast SEO plugin. -->","yoast_head_json":{"title":"Agua de Comino negro ( Zireh siah ) 330ml Sarashpaz - Delicias Persas","description":"Agua de comino. En la gastronom\u00eda espa\u00f1ola, el comino est\u00e1 muy presente. Es fundamental a la hora de preparar los mojos canarios, tipos de embutido...","robots":{"index":"index","follow":"follow","max-snippet":"max-snippet:-1","max-image-preview":"max-image-preview:large","max-video-preview":"max-video-preview:-1"},"canonical":"https:\/\/deliciaspersas.com\/en\/tienda\/destilados\/agua-de-comino-zireh-anjoman\/","og_locale":"en_US","og_type":"article","og_title":"Agua de Comino negro ( Zireh siah ) 330ml Sarashpaz - Delicias Persas","og_description":"Agua de comino. En la gastronom\u00eda espa\u00f1ola, el comino est\u00e1 muy presente. Es fundamental a la hora de preparar los mojos canarios, tipos de embutido...","og_url":"https:\/\/deliciaspersas.com\/en\/tienda\/destilados\/agua-de-comino-zireh-anjoman\/","og_site_name":"Delicias Persas","article_publisher":"https:\/\/www.facebook.com\/Deliciaspersas","article_modified_time":"2025-06-13T14:55:49+00:00","og_image":[{"width":760,"height":760,"url":"https:\/\/deliciaspersas.com\/wp-content\/uploads\/2020\/07\/Agua-de-comino-zireh-330ml-Anjoman.jpg","type":"image\/jpeg"}],"twitter_card":"summary_large_image","twitter_misc":{"Est. reading time":"2 minutes"},"schema":{"@context":"https:\/\/schema.org","@graph":[{"@type":"WebPage","@id":"https:\/\/deliciaspersas.com\/en\/tienda\/destilados\/agua-de-comino-zireh-anjoman\/","url":"https:\/\/deliciaspersas.com\/en\/tienda\/destilados\/agua-de-comino-zireh-anjoman\/","name":"Agua de Comino negro ( Zireh siah ) 330ml Sarashpaz - Delicias Persas","isPartOf":{"@id":"https:\/\/deliciaspersas.com\/en\/#website"},"primaryImageOfPage":{"@id":"https:\/\/deliciaspersas.com\/en\/tienda\/destilados\/agua-de-comino-zireh-anjoman\/#primaryimage"},"image":{"@id":"https:\/\/deliciaspersas.com\/en\/tienda\/destilados\/agua-de-comino-zireh-anjoman\/#primaryimage"},"thumbnailUrl":"https:\/\/deliciaspersas.com\/wp-content\/uploads\/2020\/07\/Agua-de-comino-zireh-330ml-Anjoman.jpg","datePublished":"2020-07-24T10:01:32+00:00","dateModified":"2025-06-13T14:55:49+00:00","description":"Agua de comino. En la gastronom\u00eda espa\u00f1ola, el comino est\u00e1 muy presente. Es fundamental a la hora de preparar los mojos canarios, tipos de embutido...","breadcrumb":{"@id":"https:\/\/deliciaspersas.com\/en\/tienda\/destilados\/agua-de-comino-zireh-anjoman\/#breadcrumb"},"inLanguage":"en-US","potentialAction":[{"@type":"ReadAction","target":["https:\/\/deliciaspersas.com\/en\/tienda\/destilados\/agua-de-comino-zireh-anjoman\/"]}]},{"@type":"ImageObject","inLanguage":"en-US","@id":"https:\/\/deliciaspersas.com\/en\/tienda\/destilados\/agua-de-comino-zireh-anjoman\/#primaryimage","url":"https:\/\/deliciaspersas.com\/wp-content\/uploads\/2020\/07\/Agua-de-comino-zireh-330ml-Anjoman.jpg","contentUrl":"https:\/\/deliciaspersas.com\/wp-content\/uploads\/2020\/07\/Agua-de-comino-zireh-330ml-Anjoman.jpg","width":760,"height":760,"caption":"Agua de comino zireh 330ml Anjoman"},{"@type":"BreadcrumbList","@id":"https:\/\/deliciaspersas.com\/en\/tienda\/destilados\/agua-de-comino-zireh-anjoman\/#breadcrumb","itemListElement":[{"@type":"ListItem","position":1,"name":"Portada","item":"https:\/\/deliciaspersas.com\/en\/"},{"@type":"ListItem","position":2,"name":"Tienda","item":"https:\/\/deliciaspersas.com\/"},{"@type":"ListItem","position":3,"name":"Agua de Comino negro ( Zireh siah ) 330ml Sarashpaz"}]},{"@type":"WebSite","@id":"https:\/\/deliciaspersas.com\/en\/#website","url":"https:\/\/deliciaspersas.com\/en\/","name":"Delicias Persas","description":"Gastronom&iacute;a persa al alcance de tus manos","publisher":{"@id":"https:\/\/deliciaspersas.com\/en\/#organization"},"potentialAction":[{"@type":"SearchAction","target":{"@type":"EntryPoint","urlTemplate":"https:\/\/deliciaspersas.com\/en\/?s={search_term_string}"},"query-input":{"@type":"PropertyValueSpecification","valueRequired":true,"valueName":"search_term_string"}}],"inLanguage":"en-US"},{"@type":"Organization","@id":"https:\/\/deliciaspersas.com\/en\/#organization","name":"Delicias Persas","url":"https:\/\/deliciaspersas.com\/en\/","logo":{"@type":"ImageObject","inLanguage":"en-US","@id":"https:\/\/deliciaspersas.com\/en\/#\/schema\/logo\/image\/","url":"https:\/\/deliciaspersas.com\/wp-content\/uploads\/2020\/07\/logo-2020.png","contentUrl":"https:\/\/deliciaspersas.com\/wp-content\/uploads\/2020\/07\/logo-2020.png","width":520,"height":490,"caption":"Delicias Persas"},"image":{"@id":"https:\/\/deliciaspersas.com\/en\/#\/schema\/logo\/image\/"},"sameAs":["https:\/\/www.facebook.com\/Deliciaspersas","https:\/\/www.instagram.com\/delicias_persas\/","https:\/\/www.linkedin.com\/delicias-persas"]}]}},"uagb_featured_image_src":{"full":["https:\/\/deliciaspersas.com\/wp-content\/uploads\/2020\/07\/Agua-de-comino-zireh-330ml-Anjoman.jpg",760,760,false],"thumbnail":["https:\/\/deliciaspersas.com\/wp-content\/uploads\/2020\/07\/Agua-de-comino-zireh-330ml-Anjoman-150x150.jpg",150,150,true],"medium":["https:\/\/deliciaspersas.com\/wp-content\/uploads\/2020\/07\/Agua-de-comino-zireh-330ml-Anjoman-300x300.jpg",300,300,true],"medium_large":["https:\/\/deliciaspersas.com\/wp-content\/uploads\/2020\/07\/Agua-de-comino-zireh-330ml-Anjoman.jpg",760,760,false],"large":["https:\/\/deliciaspersas.com\/wp-content\/uploads\/2020\/07\/Agua-de-comino-zireh-330ml-Anjoman.jpg",760,760,false],"1536x1536":["https:\/\/deliciaspersas.com\/wp-content\/uploads\/2020\/07\/Agua-de-comino-zireh-330ml-Anjoman.jpg",760,760,false],"2048x2048":["https:\/\/deliciaspersas.com\/wp-content\/uploads\/2020\/07\/Agua-de-comino-zireh-330ml-Anjoman.jpg",760,760,false],"woocommerce_thumbnail":["https:\/\/deliciaspersas.com\/wp-content\/uploads\/2020\/07\/Agua-de-comino-zireh-330ml-Anjoman-300x300.jpg",300,300,true],"woocommerce_single":["https:\/\/deliciaspersas.com\/wp-content\/uploads\/2020\/07\/Agua-de-comino-zireh-330ml-Anjoman-600x600.jpg",600,600,true],"woocommerce_gallery_thumbnail":["https:\/\/deliciaspersas.com\/wp-content\/uploads\/2020\/07\/Agua-de-comino-zireh-330ml-Anjoman-100x100.jpg",100,100,true]},"uagb_author_info":{"display_name":"admin","author_link":"https:\/\/deliciaspersas.com\/en\/author\/"},"uagb_comment_info":0,"uagb_excerpt":"Agua de Comino Zireh 330ml Anjoman Informaci\u00f3n del producto: En la gastronom\u00eda espa\u00f1ola, el comino est\u00e1 muy presente. Es fundamental a la hora de preparar los mojos canarios, varios tipos de embutido como la morcilla de Burgos, adem\u00e1s de en potajes de garbanzos, guisos de carne, cremas de verduras\u2026 el listado es interminable. Otros platos&hellip;","brands":[{"id":199,"name":"Sarashpaz","slug":"sarashpaz"}],"_links":{"self":[{"href":"https:\/\/deliciaspersas.com\/en\/wp-json\/wp\/v2\/product\/3933"}],"collection":[{"href":"https:\/\/deliciaspersas.com\/en\/wp-json\/wp\/v2\/product"}],"about":[{"href":"https:\/\/deliciaspersas.com\/en\/wp-json\/wp\/v2\/types\/product"}],"wp:featuredmedia":[{"embeddable":true,"href":"https:\/\/deliciaspersas.com\/en\/wp-json\/wp\/v2\/media\/3947"}],"wp:attachment":[{"href":"https:\/\/deliciaspersas.com\/en\/wp-json\/wp\/v2\/media?parent=3933"}],"wp:term":[{"taxonomy":"pwb-brand","embeddable":true,"href":"https:\/\/deliciaspersas.com\/en\/wp-json\/wp\/v2\/pwb-brand?post=3933"},{"taxonomy":"product_cat","embeddable":true,"href":"https:\/\/deliciaspersas.com\/en\/wp-json\/wp\/v2\/product_cat?post=3933"},{"taxonomy":"product_tag","embeddable":true,"href":"https:\/\/deliciaspersas.com\/en\/wp-json\/wp\/v2\/product_tag?post=3933"}],"curies":[{"name":"wp","href":"https:\/\/api.w.org\/{rel}","templated":true}]}}