{"id":3954,"date":"2020-07-25T12:22:13","date_gmt":"2020-07-25T10:22:13","guid":{"rendered":"https:\/\/deliciaspersas.com\/?post_type=product&#038;p=3954"},"modified":"2025-06-05T12:50:52","modified_gmt":"2025-06-05T10:50:52","slug":"agua-de-shatareh-330ml-sarashpaz","status":"publish","type":"product","link":"https:\/\/deliciaspersas.com\/en\/tienda\/destilados\/agua-de-shatareh-330ml-sarashpaz\/","title":{"rendered":"Agua de Shatareh 330ml Sarashpaz"},"content":{"rendered":"<h1>Agua de Shatareh 330ml Sarashpaz<\/h1>\n<h6>Informaci\u00f3n del producto:<\/h6>\n<p>Destilados t\u00edpicos iran\u00edes.<\/p>\n<h6>Usos:<\/h6>\n<p>Recetas, ensaladas, todo tipo de verduras, platos fr\u00edos y calientes, adem\u00e1s de bebidas.<\/p>\n<h6>Beneficios:<\/h6>\n<p>El Shatareh tiene muchas propiedades para la salud humana.<\/p>\n<p>Una de las propiedades de Shatareh es que ayuda en la secreci\u00f3n de enzimas digestivas y facilita la digesti\u00f3n de los alimentos y tambi\u00e9n es un excelente aperitivo.Adem\u00e1s de sus muchas propiedades curativas, tiene propiedades antis\u00e9pticas, antiespasm\u00f3dicas, sedantes, antihistam\u00ednicas, diur\u00e9ticas, laxantes y t\u00f3nicas para el est\u00f3mago. Es eficaz para mejorar y tratar las enfermedades cardiovasculares. El mejor momento para utilizar este producto es obtener sus beneficios medicinales antes de las comidas y en la cantidad de un vaso.<\/p>\n<p>Una de las mejores propiedades de Shatareh es ayudar a mantener la piel sana y ligera. Adem\u00e1s, con sus m\u00faltiples beneficios mejora y trata el acn\u00e9 y las espinillas purulentas. El uso de este producto es muy recomendable para los j\u00f3venes que tienen granos y subcut\u00e1neos. As\u00ed, para tener una piel sana y radiante, bebe tres vasos al d\u00eda antes de comer.<br \/>\nEs febril y reduce la fiebre causada por diversas enfermedades.<\/p>\n<p>Las propiedades medicinales de Shatareh son muy efectivas y \u00fatiles para fortalecer el h\u00edgado as\u00ed como su insuficiencia.<\/p>\n<p>Se usa para tratar la picaz\u00f3n en el cuerpo.<\/p>\n<p>Tiene propiedades beneficiosas para limpiar la sangre.<\/p>\n<p>Con sus propiedades curativas mejora las \u00falceras bucales.<\/p>\n<p>El uso de este producto aporta vitalidad y frescor.<\/p>\n<p>Reduce la concentraci\u00f3n sangu\u00ednea y la adhesi\u00f3n.<\/p>\n<p>Las propiedades terap\u00e9uticas de Shatareh es anti-ictericia.<\/p>\n<p>Es eficaz en el tratamiento de la lepra.<\/p>\n<p>Tambi\u00e9n este producto es eficaz para eliminar la bilis.<\/p>\n<h6>Ingredientes y al\u00e9rgenos:<\/h6>\n<p>Agua de Shatareh.<\/p>\n<h6>Condiciones de conservaci\u00f3n:<\/h6>\n<p>Conservar en un lugar fresco, seco y protegido de la luz.<\/p>\n<h6>Informaci\u00f3n adicional:<\/h6>\n<p>Fabricado por: Sarashpaz<\/p>\n","protected":false},"excerpt":{"rendered":"<p>Agua de Shatareh 330ml Sarashpaz Informaci\u00f3n del producto: Destilados t\u00edpicos iran\u00edes. Usos: Recetas, ensaladas, todo tipo de verduras, platos fr\u00edos y calientes, adem\u00e1s de bebidas. Beneficios: El Shatareh tiene muchas propiedades para la salud humana. Una de las propiedades de Shatareh es que ayuda en la secreci\u00f3n de enzimas digestivas y facilita la digesti\u00f3n de [&hellip;]<\/p>\n","protected":false},"featured_media":3955,"template":"","meta":{"_surecart_dashboard_logo_width":"180px","_surecart_dashboard_show_logo":true,"_surecart_dashboard_navigation_orders":true,"_surecart_dashboard_navigation_invoices":true,"_surecart_dashboard_navigation_subscriptions":true,"_surecart_dashboard_navigation_downloads":true,"_surecart_dashboard_navigation_billing":true,"_surecart_dashboard_navigation_account":true,"_uag_custom_page_level_css":"","site-sidebar-layout":"default","site-content-layout":"default","ast-site-content-layout":"default","site-content-style":"default","site-sidebar-style":"default","ast-global-header-display":"","ast-banner-title-visibility":"","ast-main-header-display":"","ast-hfb-above-header-display":"","ast-hfb-below-header-display":"","ast-hfb-mobile-header-display":"","site-post-title":"","ast-breadcrumbs-content":"","ast-featured-img":"","footer-sml-layout":"","theme-transparent-header-meta":"default","adv-header-id-meta":"","stick-header-meta":"","header-above-stick-meta":"","header-main-stick-meta":"","header-below-stick-meta":"","astra-migrate-meta-layouts":"set","ast-page-background-enabled":"default","ast-page-background-meta":{"desktop":{"background-color":"","background-image":"","background-repeat":"repeat","background-position":"center center","background-size":"auto","background-attachment":"scroll","background-type":"","background-media":"","overlay-type":"","overlay-color":"","overlay-opacity":"","overlay-gradient":""},"tablet":{"background-color":"","background-image":"","background-repeat":"repeat","background-position":"center center","background-size":"auto","background-attachment":"scroll","background-type":"","background-media":"","overlay-type":"","overlay-color":"","overlay-opacity":"","overlay-gradient":""},"mobile":{"background-color":"","background-image":"","background-repeat":"repeat","background-position":"center center","background-size":"auto","background-attachment":"scroll","background-type":"","background-media":"","overlay-type":"","overlay-color":"","overlay-opacity":"","overlay-gradient":""}},"ast-content-background-meta":{"desktop":{"background-color":"var(--ast-global-color-5)","background-image":"","background-repeat":"repeat","background-position":"center center","background-size":"auto","background-attachment":"scroll","background-type":"","background-media":"","overlay-type":"","overlay-color":"","overlay-opacity":"","overlay-gradient":""},"tablet":{"background-color":"var(--ast-global-color-5)","background-image":"","background-repeat":"repeat","background-position":"center center","background-size":"auto","background-attachment":"scroll","background-type":"","background-media":"","overlay-type":"","overlay-color":"","overlay-opacity":"","overlay-gradient":""},"mobile":{"background-color":"var(--ast-global-color-5)","background-image":"","background-repeat":"repeat","background-position":"center center","background-size":"auto","background-attachment":"scroll","background-type":"","background-media":"","overlay-type":"","overlay-color":"","overlay-opacity":"","overlay-gradient":""}}},"pwb-brand":[199],"product_cat":[39],"product_tag":[604,824,607,837],"class_list":{"0":"post-3954","1":"product","2":"type-product","3":"status-publish","4":"has-post-thumbnail","6":"pwb-brand-sarashpaz","7":"product_cat-destilados","8":"product_tag-destilados","9":"product_tag-extracto","10":"product_tag-hierbas","11":"product_tag-837","12":"desktop-align-center","13":"tablet-align-center","14":"mobile-align-center","16":"first","17":"instock","18":"taxable","19":"shipping-taxable","20":"purchasable","21":"product-type-simple"},"yoast_head":"<!-- This site is optimized with the Yoast SEO plugin v23.6 - https:\/\/yoast.com\/wordpress\/plugins\/seo\/ -->\n<title>Agua de Shatareh 330ml Sarashpaz - Delicias Persas<\/title>\n<meta name=\"description\" content=\"Agua de Shatareh 330ml Anjoman. Se usa en una gran diversidad de bebidas que referescan y ayudan a la digesti\u00f3n...\" \/>\n<meta name=\"robots\" content=\"index, follow, max-snippet:-1, max-image-preview:large, max-video-preview:-1\" \/>\n<link rel=\"canonical\" href=\"https:\/\/deliciaspersas.com\/en\/tienda\/destilados\/agua-de-shatareh-330ml-sarashpaz\/\" \/>\n<meta property=\"og:locale\" content=\"en_US\" \/>\n<meta property=\"og:type\" content=\"article\" \/>\n<meta property=\"og:title\" content=\"Agua de Shatareh 330ml Sarashpaz - Delicias Persas\" \/>\n<meta property=\"og:description\" content=\"Agua de Shatareh 330ml Anjoman. Se usa en una gran diversidad de bebidas que referescan y ayudan a la digesti\u00f3n...\" \/>\n<meta property=\"og:url\" content=\"https:\/\/deliciaspersas.com\/en\/tienda\/destilados\/agua-de-shatareh-330ml-sarashpaz\/\" \/>\n<meta property=\"og:site_name\" content=\"Delicias Persas\" \/>\n<meta property=\"article:publisher\" content=\"https:\/\/www.facebook.com\/Deliciaspersas\" \/>\n<meta property=\"article:modified_time\" content=\"2025-06-05T10:50:52+00:00\" \/>\n<meta property=\"og:image\" content=\"https:\/\/deliciaspersas.com\/wp-content\/uploads\/2020\/07\/Agua-de-Shatareh-330ml-Anjoman.jpg\" \/>\n\t<meta property=\"og:image:width\" content=\"760\" \/>\n\t<meta property=\"og:image:height\" content=\"760\" \/>\n\t<meta property=\"og:image:type\" content=\"image\/jpeg\" \/>\n<meta name=\"twitter:card\" content=\"summary_large_image\" \/>\n<meta name=\"twitter:label1\" content=\"Est. reading time\" \/>\n\t<meta name=\"twitter:data1\" content=\"2 minutes\" \/>\n<script type=\"application\/ld+json\" class=\"yoast-schema-graph\">{\"@context\":\"https:\/\/schema.org\",\"@graph\":[{\"@type\":\"WebPage\",\"@id\":\"https:\/\/deliciaspersas.com\/en\/tienda\/destilados\/agua-de-shatareh-330ml-sarashpaz\/\",\"url\":\"https:\/\/deliciaspersas.com\/en\/tienda\/destilados\/agua-de-shatareh-330ml-sarashpaz\/\",\"name\":\"Agua de Shatareh 330ml Sarashpaz - Delicias Persas\",\"isPartOf\":{\"@id\":\"https:\/\/deliciaspersas.com\/en\/#website\"},\"primaryImageOfPage\":{\"@id\":\"https:\/\/deliciaspersas.com\/en\/tienda\/destilados\/agua-de-shatareh-330ml-sarashpaz\/#primaryimage\"},\"image\":{\"@id\":\"https:\/\/deliciaspersas.com\/en\/tienda\/destilados\/agua-de-shatareh-330ml-sarashpaz\/#primaryimage\"},\"thumbnailUrl\":\"https:\/\/deliciaspersas.com\/wp-content\/uploads\/2020\/07\/Agua-de-Shatareh-330ml-Anjoman.jpg\",\"datePublished\":\"2020-07-25T10:22:13+00:00\",\"dateModified\":\"2025-06-05T10:50:52+00:00\",\"description\":\"Agua de Shatareh 330ml Anjoman. Se usa en una gran diversidad de bebidas que referescan y ayudan a la digesti\u00f3n...\",\"breadcrumb\":{\"@id\":\"https:\/\/deliciaspersas.com\/en\/tienda\/destilados\/agua-de-shatareh-330ml-sarashpaz\/#breadcrumb\"},\"inLanguage\":\"en-US\",\"potentialAction\":[{\"@type\":\"ReadAction\",\"target\":[\"https:\/\/deliciaspersas.com\/en\/tienda\/destilados\/agua-de-shatareh-330ml-sarashpaz\/\"]}]},{\"@type\":\"ImageObject\",\"inLanguage\":\"en-US\",\"@id\":\"https:\/\/deliciaspersas.com\/en\/tienda\/destilados\/agua-de-shatareh-330ml-sarashpaz\/#primaryimage\",\"url\":\"https:\/\/deliciaspersas.com\/wp-content\/uploads\/2020\/07\/Agua-de-Shatareh-330ml-Anjoman.jpg\",\"contentUrl\":\"https:\/\/deliciaspersas.com\/wp-content\/uploads\/2020\/07\/Agua-de-Shatareh-330ml-Anjoman.jpg\",\"width\":760,\"height\":760,\"caption\":\"Agua de Shatareh 330ml Anjoman\"},{\"@type\":\"BreadcrumbList\",\"@id\":\"https:\/\/deliciaspersas.com\/en\/tienda\/destilados\/agua-de-shatareh-330ml-sarashpaz\/#breadcrumb\",\"itemListElement\":[{\"@type\":\"ListItem\",\"position\":1,\"name\":\"Portada\",\"item\":\"https:\/\/deliciaspersas.com\/en\/\"},{\"@type\":\"ListItem\",\"position\":2,\"name\":\"Tienda\",\"item\":\"https:\/\/deliciaspersas.com\/\"},{\"@type\":\"ListItem\",\"position\":3,\"name\":\"Agua de Shatareh 330ml Sarashpaz\"}]},{\"@type\":\"WebSite\",\"@id\":\"https:\/\/deliciaspersas.com\/en\/#website\",\"url\":\"https:\/\/deliciaspersas.com\/en\/\",\"name\":\"Delicias Persas\",\"description\":\"Gastronom&iacute;a persa al alcance de tus manos\",\"publisher\":{\"@id\":\"https:\/\/deliciaspersas.com\/en\/#organization\"},\"potentialAction\":[{\"@type\":\"SearchAction\",\"target\":{\"@type\":\"EntryPoint\",\"urlTemplate\":\"https:\/\/deliciaspersas.com\/en\/?s={search_term_string}\"},\"query-input\":{\"@type\":\"PropertyValueSpecification\",\"valueRequired\":true,\"valueName\":\"search_term_string\"}}],\"inLanguage\":\"en-US\"},{\"@type\":\"Organization\",\"@id\":\"https:\/\/deliciaspersas.com\/en\/#organization\",\"name\":\"Delicias Persas\",\"url\":\"https:\/\/deliciaspersas.com\/en\/\",\"logo\":{\"@type\":\"ImageObject\",\"inLanguage\":\"en-US\",\"@id\":\"https:\/\/deliciaspersas.com\/en\/#\/schema\/logo\/image\/\",\"url\":\"https:\/\/deliciaspersas.com\/wp-content\/uploads\/2020\/07\/logo-2020.png\",\"contentUrl\":\"https:\/\/deliciaspersas.com\/wp-content\/uploads\/2020\/07\/logo-2020.png\",\"width\":520,\"height\":490,\"caption\":\"Delicias Persas\"},\"image\":{\"@id\":\"https:\/\/deliciaspersas.com\/en\/#\/schema\/logo\/image\/\"},\"sameAs\":[\"https:\/\/www.facebook.com\/Deliciaspersas\",\"https:\/\/www.instagram.com\/delicias_persas\/\",\"https:\/\/www.linkedin.com\/delicias-persas\"]}]}<\/script>\n<!-- \/ Yoast SEO plugin. -->","yoast_head_json":{"title":"Agua de Shatareh 330ml Sarashpaz - Delicias Persas","description":"Agua de Shatareh 330ml Anjoman. Se usa en una gran diversidad de bebidas que referescan y ayudan a la digesti\u00f3n...","robots":{"index":"index","follow":"follow","max-snippet":"max-snippet:-1","max-image-preview":"max-image-preview:large","max-video-preview":"max-video-preview:-1"},"canonical":"https:\/\/deliciaspersas.com\/en\/tienda\/destilados\/agua-de-shatareh-330ml-sarashpaz\/","og_locale":"en_US","og_type":"article","og_title":"Agua de Shatareh 330ml Sarashpaz - Delicias Persas","og_description":"Agua de Shatareh 330ml Anjoman. Se usa en una gran diversidad de bebidas que referescan y ayudan a la digesti\u00f3n...","og_url":"https:\/\/deliciaspersas.com\/en\/tienda\/destilados\/agua-de-shatareh-330ml-sarashpaz\/","og_site_name":"Delicias Persas","article_publisher":"https:\/\/www.facebook.com\/Deliciaspersas","article_modified_time":"2025-06-05T10:50:52+00:00","og_image":[{"width":760,"height":760,"url":"https:\/\/deliciaspersas.com\/wp-content\/uploads\/2020\/07\/Agua-de-Shatareh-330ml-Anjoman.jpg","type":"image\/jpeg"}],"twitter_card":"summary_large_image","twitter_misc":{"Est. reading time":"2 minutes"},"schema":{"@context":"https:\/\/schema.org","@graph":[{"@type":"WebPage","@id":"https:\/\/deliciaspersas.com\/en\/tienda\/destilados\/agua-de-shatareh-330ml-sarashpaz\/","url":"https:\/\/deliciaspersas.com\/en\/tienda\/destilados\/agua-de-shatareh-330ml-sarashpaz\/","name":"Agua de Shatareh 330ml Sarashpaz - Delicias Persas","isPartOf":{"@id":"https:\/\/deliciaspersas.com\/en\/#website"},"primaryImageOfPage":{"@id":"https:\/\/deliciaspersas.com\/en\/tienda\/destilados\/agua-de-shatareh-330ml-sarashpaz\/#primaryimage"},"image":{"@id":"https:\/\/deliciaspersas.com\/en\/tienda\/destilados\/agua-de-shatareh-330ml-sarashpaz\/#primaryimage"},"thumbnailUrl":"https:\/\/deliciaspersas.com\/wp-content\/uploads\/2020\/07\/Agua-de-Shatareh-330ml-Anjoman.jpg","datePublished":"2020-07-25T10:22:13+00:00","dateModified":"2025-06-05T10:50:52+00:00","description":"Agua de Shatareh 330ml Anjoman. Se usa en una gran diversidad de bebidas que referescan y ayudan a la digesti\u00f3n...","breadcrumb":{"@id":"https:\/\/deliciaspersas.com\/en\/tienda\/destilados\/agua-de-shatareh-330ml-sarashpaz\/#breadcrumb"},"inLanguage":"en-US","potentialAction":[{"@type":"ReadAction","target":["https:\/\/deliciaspersas.com\/en\/tienda\/destilados\/agua-de-shatareh-330ml-sarashpaz\/"]}]},{"@type":"ImageObject","inLanguage":"en-US","@id":"https:\/\/deliciaspersas.com\/en\/tienda\/destilados\/agua-de-shatareh-330ml-sarashpaz\/#primaryimage","url":"https:\/\/deliciaspersas.com\/wp-content\/uploads\/2020\/07\/Agua-de-Shatareh-330ml-Anjoman.jpg","contentUrl":"https:\/\/deliciaspersas.com\/wp-content\/uploads\/2020\/07\/Agua-de-Shatareh-330ml-Anjoman.jpg","width":760,"height":760,"caption":"Agua de Shatareh 330ml Anjoman"},{"@type":"BreadcrumbList","@id":"https:\/\/deliciaspersas.com\/en\/tienda\/destilados\/agua-de-shatareh-330ml-sarashpaz\/#breadcrumb","itemListElement":[{"@type":"ListItem","position":1,"name":"Portada","item":"https:\/\/deliciaspersas.com\/en\/"},{"@type":"ListItem","position":2,"name":"Tienda","item":"https:\/\/deliciaspersas.com\/"},{"@type":"ListItem","position":3,"name":"Agua de Shatareh 330ml Sarashpaz"}]},{"@type":"WebSite","@id":"https:\/\/deliciaspersas.com\/en\/#website","url":"https:\/\/deliciaspersas.com\/en\/","name":"Delicias Persas","description":"Gastronom&iacute;a persa al alcance de tus manos","publisher":{"@id":"https:\/\/deliciaspersas.com\/en\/#organization"},"potentialAction":[{"@type":"SearchAction","target":{"@type":"EntryPoint","urlTemplate":"https:\/\/deliciaspersas.com\/en\/?s={search_term_string}"},"query-input":{"@type":"PropertyValueSpecification","valueRequired":true,"valueName":"search_term_string"}}],"inLanguage":"en-US"},{"@type":"Organization","@id":"https:\/\/deliciaspersas.com\/en\/#organization","name":"Delicias Persas","url":"https:\/\/deliciaspersas.com\/en\/","logo":{"@type":"ImageObject","inLanguage":"en-US","@id":"https:\/\/deliciaspersas.com\/en\/#\/schema\/logo\/image\/","url":"https:\/\/deliciaspersas.com\/wp-content\/uploads\/2020\/07\/logo-2020.png","contentUrl":"https:\/\/deliciaspersas.com\/wp-content\/uploads\/2020\/07\/logo-2020.png","width":520,"height":490,"caption":"Delicias Persas"},"image":{"@id":"https:\/\/deliciaspersas.com\/en\/#\/schema\/logo\/image\/"},"sameAs":["https:\/\/www.facebook.com\/Deliciaspersas","https:\/\/www.instagram.com\/delicias_persas\/","https:\/\/www.linkedin.com\/delicias-persas"]}]}},"uagb_featured_image_src":{"full":["https:\/\/deliciaspersas.com\/wp-content\/uploads\/2020\/07\/Agua-de-Shatareh-330ml-Anjoman.jpg",760,760,false],"thumbnail":["https:\/\/deliciaspersas.com\/wp-content\/uploads\/2020\/07\/Agua-de-Shatareh-330ml-Anjoman-150x150.jpg",150,150,true],"medium":["https:\/\/deliciaspersas.com\/wp-content\/uploads\/2020\/07\/Agua-de-Shatareh-330ml-Anjoman-300x300.jpg",300,300,true],"medium_large":["https:\/\/deliciaspersas.com\/wp-content\/uploads\/2020\/07\/Agua-de-Shatareh-330ml-Anjoman.jpg",760,760,false],"large":["https:\/\/deliciaspersas.com\/wp-content\/uploads\/2020\/07\/Agua-de-Shatareh-330ml-Anjoman.jpg",760,760,false],"1536x1536":["https:\/\/deliciaspersas.com\/wp-content\/uploads\/2020\/07\/Agua-de-Shatareh-330ml-Anjoman.jpg",760,760,false],"2048x2048":["https:\/\/deliciaspersas.com\/wp-content\/uploads\/2020\/07\/Agua-de-Shatareh-330ml-Anjoman.jpg",760,760,false],"woocommerce_thumbnail":["https:\/\/deliciaspersas.com\/wp-content\/uploads\/2020\/07\/Agua-de-Shatareh-330ml-Anjoman-300x300.jpg",300,300,true],"woocommerce_single":["https:\/\/deliciaspersas.com\/wp-content\/uploads\/2020\/07\/Agua-de-Shatareh-330ml-Anjoman-600x600.jpg",600,600,true],"woocommerce_gallery_thumbnail":["https:\/\/deliciaspersas.com\/wp-content\/uploads\/2020\/07\/Agua-de-Shatareh-330ml-Anjoman-100x100.jpg",100,100,true]},"uagb_author_info":{"display_name":"admin","author_link":"https:\/\/deliciaspersas.com\/en\/author\/"},"uagb_comment_info":0,"uagb_excerpt":"Agua de Shatareh 330ml Sarashpaz Informaci\u00f3n del producto: Destilados t\u00edpicos iran\u00edes. Usos: Recetas, ensaladas, todo tipo de verduras, platos fr\u00edos y calientes, adem\u00e1s de bebidas. Beneficios: El Shatareh tiene muchas propiedades para la salud humana. Una de las propiedades de Shatareh es que ayuda en la secreci\u00f3n de enzimas digestivas y facilita la digesti\u00f3n de&hellip;","brands":[{"id":199,"name":"Sarashpaz","slug":"sarashpaz"}],"_links":{"self":[{"href":"https:\/\/deliciaspersas.com\/en\/wp-json\/wp\/v2\/product\/3954"}],"collection":[{"href":"https:\/\/deliciaspersas.com\/en\/wp-json\/wp\/v2\/product"}],"about":[{"href":"https:\/\/deliciaspersas.com\/en\/wp-json\/wp\/v2\/types\/product"}],"wp:featuredmedia":[{"embeddable":true,"href":"https:\/\/deliciaspersas.com\/en\/wp-json\/wp\/v2\/media\/3955"}],"wp:attachment":[{"href":"https:\/\/deliciaspersas.com\/en\/wp-json\/wp\/v2\/media?parent=3954"}],"wp:term":[{"taxonomy":"pwb-brand","embeddable":true,"href":"https:\/\/deliciaspersas.com\/en\/wp-json\/wp\/v2\/pwb-brand?post=3954"},{"taxonomy":"product_cat","embeddable":true,"href":"https:\/\/deliciaspersas.com\/en\/wp-json\/wp\/v2\/product_cat?post=3954"},{"taxonomy":"product_tag","embeddable":true,"href":"https:\/\/deliciaspersas.com\/en\/wp-json\/wp\/v2\/product_tag?post=3954"}],"curies":[{"name":"wp","href":"https:\/\/api.w.org\/{rel}","templated":true}]}}