{"id":3956,"date":"2020-07-25T12:21:32","date_gmt":"2020-07-25T10:21:32","guid":{"rendered":"https:\/\/deliciaspersas.com\/?post_type=product&#038;p=3956"},"modified":"2023-06-23T09:19:20","modified_gmt":"2023-06-23T07:19:20","slug":"agua-de-achicoria-aragh-kasni-400ml-esalat","status":"publish","type":"product","link":"https:\/\/deliciaspersas.com\/en\/tienda\/destilados\/agua-de-achicoria-aragh-kasni-400ml-esalat\/","title":{"rendered":"Agua de Achicoria (Aragh Kasni) 400ml Esalat"},"content":{"rendered":"<h1>Agua de Achicoria (Aragh Kasni) 400ml Esalat<\/h1>\n<h6>Informaci\u00f3n del producto:<\/h6>\n<p>Destilados t\u00edpicos iran\u00edes.<\/p>\n<h6>Usos:<\/h6>\n<p>Recetas, ensaladas, todo tipo de verduras, platos fr\u00edos y calientes, adem\u00e1s de bebidas.<\/p>\n<h6>Beneficios:<\/h6>\n<p>El agua de Kasney es de naturaleza fr\u00eda y puede equilibrar la temperatura corporal cuando se calienta.<\/p>\n<p>Cuanto m\u00e1s amargo, mayores son los beneficios de este producto y m\u00e1s eficaz es para curar las enfermedades del h\u00edgado.<\/p>\n<p>Con sus efectos sobre el h\u00edgado provoca la excreci\u00f3n de bilis en el cuerpo y elimina la ictericia y aligera la carga sobre el h\u00edgado, por lo tanto es un analg\u00e9sico eficaz para la fiebre.<\/p>\n<p>Muchos granos son causados \u200b\u200bpor calor o sangre sucia, todos los cuales son causados \u200b\u200bpor el &#8220;h\u00edgado&#8221;. Por lo tanto, el h\u00edgado debe limpiarse de sangre sucia y espesa. Cuando se limpia el h\u00edgado, la cara queda limpia y sin imperfecciones. Algunas otras espinillas son causadas por alterar la regulaci\u00f3n hormonal del cuerpo. El h\u00edgado es responsable de regular las hormonas en el cuerpo, lo que causa muchos problemas con la disfunci\u00f3n hep\u00e1tica, incluidos los trastornos hormonales. El sudor de achicoria elimina la bilis del cuerpo y mejora la funci\u00f3n hep\u00e1tica, proporciona la base para regular las hormonas y eliminar los granos resultantes.<\/p>\n<p>Tambi\u00e9n tiene fibra, que estimula los intestinos, alivia el estre\u00f1imiento y ayuda a controlar la afecci\u00f3n.<\/p>\n<p>Este producto reduce el crecimiento de tumores cancerosos, no permite el crecimiento de tumores y tiene altas propiedades antioxidantes. Los polifenoles de esta planta tienen efectos positivos en la prevenci\u00f3n de varios tipos de c\u00e1ncer, incluidos el c\u00e1ncer de mama y el c\u00e1ncer de colon.<\/p>\n<p>La ra\u00edz de esta hierba tiene propiedades anti-flatulencias y la propiedad quemagrasa especialmente la grasa alrededor del abdomen.<\/p>\n<h6>Ingredientes y al\u00e9rgenos:<\/h6>\n<p>Agua de Kasney.<\/p>\n<h6>Condiciones de conservaci\u00f3n:<\/h6>\n<p>Conservar en un lugar fresco, seco y protegido de la luz.<\/p>\n<h6>Informaci\u00f3n adicional:<\/h6>\n<p>Fabricado por: Anjoman<\/p>\n<p>14 Premier Park Road<br \/>\nPark Royal<br \/>\nLondon NW10 7NZ<\/p>\n","protected":false},"excerpt":{"rendered":"<p>Agua de Achicoria (Aragh Kasni) 400ml Esalat Informaci\u00f3n del producto: Destilados t\u00edpicos iran\u00edes. Usos: Recetas, ensaladas, todo tipo de verduras, platos fr\u00edos y calientes, adem\u00e1s de bebidas. Beneficios: El agua de Kasney es de naturaleza fr\u00eda y puede equilibrar la temperatura corporal cuando se calienta. Cuanto m\u00e1s amargo, mayores son los beneficios de este producto [&hellip;]<\/p>\n","protected":false},"featured_media":11526,"template":"","meta":{"_surecart_dashboard_logo_width":"180px","_surecart_dashboard_show_logo":true,"_surecart_dashboard_navigation_orders":true,"_surecart_dashboard_navigation_invoices":true,"_surecart_dashboard_navigation_subscriptions":true,"_surecart_dashboard_navigation_downloads":true,"_surecart_dashboard_navigation_billing":true,"_surecart_dashboard_navigation_account":true,"_uag_custom_page_level_css":"","site-sidebar-layout":"default","site-content-layout":"default","ast-site-content-layout":"","site-content-style":"default","site-sidebar-style":"default","ast-global-header-display":"","ast-banner-title-visibility":"","ast-main-header-display":"","ast-hfb-above-header-display":"","ast-hfb-below-header-display":"","ast-hfb-mobile-header-display":"","site-post-title":"","ast-breadcrumbs-content":"","ast-featured-img":"","footer-sml-layout":"","theme-transparent-header-meta":"default","adv-header-id-meta":"","stick-header-meta":"","header-above-stick-meta":"","header-main-stick-meta":"","header-below-stick-meta":"","astra-migrate-meta-layouts":"default","ast-page-background-enabled":"default","ast-page-background-meta":{"desktop":{"background-color":"","background-image":"","background-repeat":"repeat","background-position":"center center","background-size":"auto","background-attachment":"scroll","background-type":"","background-media":"","overlay-type":"","overlay-color":"","overlay-opacity":"","overlay-gradient":""},"tablet":{"background-color":"","background-image":"","background-repeat":"repeat","background-position":"center center","background-size":"auto","background-attachment":"scroll","background-type":"","background-media":"","overlay-type":"","overlay-color":"","overlay-opacity":"","overlay-gradient":""},"mobile":{"background-color":"","background-image":"","background-repeat":"repeat","background-position":"center center","background-size":"auto","background-attachment":"scroll","background-type":"","background-media":"","overlay-type":"","overlay-color":"","overlay-opacity":"","overlay-gradient":""}},"ast-content-background-meta":{"desktop":{"background-color":"var(--ast-global-color-5)","background-image":"","background-repeat":"repeat","background-position":"center center","background-size":"auto","background-attachment":"scroll","background-type":"","background-media":"","overlay-type":"","overlay-color":"","overlay-opacity":"","overlay-gradient":""},"tablet":{"background-color":"var(--ast-global-color-5)","background-image":"","background-repeat":"repeat","background-position":"center center","background-size":"auto","background-attachment":"scroll","background-type":"","background-media":"","overlay-type":"","overlay-color":"","overlay-opacity":"","overlay-gradient":""},"mobile":{"background-color":"var(--ast-global-color-5)","background-image":"","background-repeat":"repeat","background-position":"center center","background-size":"auto","background-attachment":"scroll","background-type":"","background-media":"","overlay-type":"","overlay-color":"","overlay-opacity":"","overlay-gradient":""}}},"pwb-brand":[183],"product_cat":[39,1129],"product_tag":[597,824,831],"class_list":{"0":"post-3956","1":"product","2":"type-product","3":"status-publish","4":"has-post-thumbnail","6":"pwb-brand-esalat","7":"product_cat-destilados","8":"product_cat-esalat","9":"product_tag-destilado","10":"product_tag-extracto","11":"product_tag-831","12":"desktop-align-center","13":"tablet-align-center","14":"mobile-align-center","16":"first","17":"instock","18":"taxable","19":"shipping-taxable","20":"purchasable","21":"product-type-simple"},"yoast_head":"<!-- This site is optimized with the Yoast SEO plugin v23.6 - https:\/\/yoast.com\/wordpress\/plugins\/seo\/ -->\n<title>Agua de Achicoria (Aragh Kasni) 400ml Esalat - Delicias Persas<\/title>\n<meta name=\"description\" content=\"Agua de Kasney 330ml Anjoman. Se usa en una gran diversidad de bebidas que referescan y ayudan a la digesti\u00f3n...\" \/>\n<meta name=\"robots\" content=\"index, follow, max-snippet:-1, max-image-preview:large, max-video-preview:-1\" \/>\n<link rel=\"canonical\" href=\"https:\/\/deliciaspersas.com\/en\/tienda\/destilados\/agua-de-achicoria-aragh-kasni-400ml-esalat\/\" \/>\n<meta property=\"og:locale\" content=\"en_US\" \/>\n<meta property=\"og:type\" content=\"article\" \/>\n<meta property=\"og:title\" content=\"Agua de Achicoria (Aragh Kasni) 400ml Esalat - Delicias Persas\" \/>\n<meta property=\"og:description\" content=\"Agua de Kasney 330ml Anjoman. Se usa en una gran diversidad de bebidas que referescan y ayudan a la digesti\u00f3n...\" \/>\n<meta property=\"og:url\" content=\"https:\/\/deliciaspersas.com\/en\/tienda\/destilados\/agua-de-achicoria-aragh-kasni-400ml-esalat\/\" \/>\n<meta property=\"og:site_name\" content=\"Delicias Persas\" \/>\n<meta property=\"article:publisher\" content=\"https:\/\/www.facebook.com\/Deliciaspersas\" \/>\n<meta property=\"article:modified_time\" content=\"2023-06-23T07:19:20+00:00\" \/>\n<meta property=\"og:image\" content=\"https:\/\/deliciaspersas.com\/wp-content\/uploads\/Agua-de-sauce.jpg\" \/>\n\t<meta property=\"og:image:width\" content=\"1000\" \/>\n\t<meta property=\"og:image:height\" content=\"1000\" \/>\n\t<meta property=\"og:image:type\" content=\"image\/jpeg\" \/>\n<meta name=\"twitter:card\" content=\"summary_large_image\" \/>\n<meta name=\"twitter:label1\" content=\"Est. reading time\" \/>\n\t<meta name=\"twitter:data1\" content=\"2 minutes\" \/>\n<script type=\"application\/ld+json\" class=\"yoast-schema-graph\">{\"@context\":\"https:\/\/schema.org\",\"@graph\":[{\"@type\":\"WebPage\",\"@id\":\"https:\/\/deliciaspersas.com\/en\/tienda\/destilados\/agua-de-achicoria-aragh-kasni-400ml-esalat\/\",\"url\":\"https:\/\/deliciaspersas.com\/en\/tienda\/destilados\/agua-de-achicoria-aragh-kasni-400ml-esalat\/\",\"name\":\"Agua de Achicoria (Aragh Kasni) 400ml Esalat - Delicias Persas\",\"isPartOf\":{\"@id\":\"https:\/\/deliciaspersas.com\/en\/#website\"},\"primaryImageOfPage\":{\"@id\":\"https:\/\/deliciaspersas.com\/en\/tienda\/destilados\/agua-de-achicoria-aragh-kasni-400ml-esalat\/#primaryimage\"},\"image\":{\"@id\":\"https:\/\/deliciaspersas.com\/en\/tienda\/destilados\/agua-de-achicoria-aragh-kasni-400ml-esalat\/#primaryimage\"},\"thumbnailUrl\":\"https:\/\/deliciaspersas.com\/wp-content\/uploads\/Agua-de-sauce.jpg\",\"datePublished\":\"2020-07-25T10:21:32+00:00\",\"dateModified\":\"2023-06-23T07:19:20+00:00\",\"description\":\"Agua de Kasney 330ml Anjoman. Se usa en una gran diversidad de bebidas que referescan y ayudan a la digesti\u00f3n...\",\"breadcrumb\":{\"@id\":\"https:\/\/deliciaspersas.com\/en\/tienda\/destilados\/agua-de-achicoria-aragh-kasni-400ml-esalat\/#breadcrumb\"},\"inLanguage\":\"en-US\",\"potentialAction\":[{\"@type\":\"ReadAction\",\"target\":[\"https:\/\/deliciaspersas.com\/en\/tienda\/destilados\/agua-de-achicoria-aragh-kasni-400ml-esalat\/\"]}]},{\"@type\":\"ImageObject\",\"inLanguage\":\"en-US\",\"@id\":\"https:\/\/deliciaspersas.com\/en\/tienda\/destilados\/agua-de-achicoria-aragh-kasni-400ml-esalat\/#primaryimage\",\"url\":\"https:\/\/deliciaspersas.com\/wp-content\/uploads\/Agua-de-sauce.jpg\",\"contentUrl\":\"https:\/\/deliciaspersas.com\/wp-content\/uploads\/Agua-de-sauce.jpg\",\"width\":1000,\"height\":1000},{\"@type\":\"BreadcrumbList\",\"@id\":\"https:\/\/deliciaspersas.com\/en\/tienda\/destilados\/agua-de-achicoria-aragh-kasni-400ml-esalat\/#breadcrumb\",\"itemListElement\":[{\"@type\":\"ListItem\",\"position\":1,\"name\":\"Portada\",\"item\":\"https:\/\/deliciaspersas.com\/en\/\"},{\"@type\":\"ListItem\",\"position\":2,\"name\":\"Tienda\",\"item\":\"https:\/\/deliciaspersas.com\/\"},{\"@type\":\"ListItem\",\"position\":3,\"name\":\"Agua de Achicoria (Aragh Kasni) 400ml Esalat\"}]},{\"@type\":\"WebSite\",\"@id\":\"https:\/\/deliciaspersas.com\/en\/#website\",\"url\":\"https:\/\/deliciaspersas.com\/en\/\",\"name\":\"Delicias Persas\",\"description\":\"Gastronom&iacute;a persa al alcance de tus manos\",\"publisher\":{\"@id\":\"https:\/\/deliciaspersas.com\/en\/#organization\"},\"potentialAction\":[{\"@type\":\"SearchAction\",\"target\":{\"@type\":\"EntryPoint\",\"urlTemplate\":\"https:\/\/deliciaspersas.com\/en\/?s={search_term_string}\"},\"query-input\":{\"@type\":\"PropertyValueSpecification\",\"valueRequired\":true,\"valueName\":\"search_term_string\"}}],\"inLanguage\":\"en-US\"},{\"@type\":\"Organization\",\"@id\":\"https:\/\/deliciaspersas.com\/en\/#organization\",\"name\":\"Delicias Persas\",\"url\":\"https:\/\/deliciaspersas.com\/en\/\",\"logo\":{\"@type\":\"ImageObject\",\"inLanguage\":\"en-US\",\"@id\":\"https:\/\/deliciaspersas.com\/en\/#\/schema\/logo\/image\/\",\"url\":\"https:\/\/deliciaspersas.com\/wp-content\/uploads\/2020\/07\/logo-2020.png\",\"contentUrl\":\"https:\/\/deliciaspersas.com\/wp-content\/uploads\/2020\/07\/logo-2020.png\",\"width\":520,\"height\":490,\"caption\":\"Delicias Persas\"},\"image\":{\"@id\":\"https:\/\/deliciaspersas.com\/en\/#\/schema\/logo\/image\/\"},\"sameAs\":[\"https:\/\/www.facebook.com\/Deliciaspersas\",\"https:\/\/www.instagram.com\/delicias_persas\/\",\"https:\/\/www.linkedin.com\/delicias-persas\"]}]}<\/script>\n<!-- \/ Yoast SEO plugin. -->","yoast_head_json":{"title":"Agua de Achicoria (Aragh Kasni) 400ml Esalat - Delicias Persas","description":"Agua de Kasney 330ml Anjoman. Se usa en una gran diversidad de bebidas que referescan y ayudan a la digesti\u00f3n...","robots":{"index":"index","follow":"follow","max-snippet":"max-snippet:-1","max-image-preview":"max-image-preview:large","max-video-preview":"max-video-preview:-1"},"canonical":"https:\/\/deliciaspersas.com\/en\/tienda\/destilados\/agua-de-achicoria-aragh-kasni-400ml-esalat\/","og_locale":"en_US","og_type":"article","og_title":"Agua de Achicoria (Aragh Kasni) 400ml Esalat - Delicias Persas","og_description":"Agua de Kasney 330ml Anjoman. Se usa en una gran diversidad de bebidas que referescan y ayudan a la digesti\u00f3n...","og_url":"https:\/\/deliciaspersas.com\/en\/tienda\/destilados\/agua-de-achicoria-aragh-kasni-400ml-esalat\/","og_site_name":"Delicias Persas","article_publisher":"https:\/\/www.facebook.com\/Deliciaspersas","article_modified_time":"2023-06-23T07:19:20+00:00","og_image":[{"width":1000,"height":1000,"url":"https:\/\/deliciaspersas.com\/wp-content\/uploads\/Agua-de-sauce.jpg","type":"image\/jpeg"}],"twitter_card":"summary_large_image","twitter_misc":{"Est. reading time":"2 minutes"},"schema":{"@context":"https:\/\/schema.org","@graph":[{"@type":"WebPage","@id":"https:\/\/deliciaspersas.com\/en\/tienda\/destilados\/agua-de-achicoria-aragh-kasni-400ml-esalat\/","url":"https:\/\/deliciaspersas.com\/en\/tienda\/destilados\/agua-de-achicoria-aragh-kasni-400ml-esalat\/","name":"Agua de Achicoria (Aragh Kasni) 400ml Esalat - Delicias Persas","isPartOf":{"@id":"https:\/\/deliciaspersas.com\/en\/#website"},"primaryImageOfPage":{"@id":"https:\/\/deliciaspersas.com\/en\/tienda\/destilados\/agua-de-achicoria-aragh-kasni-400ml-esalat\/#primaryimage"},"image":{"@id":"https:\/\/deliciaspersas.com\/en\/tienda\/destilados\/agua-de-achicoria-aragh-kasni-400ml-esalat\/#primaryimage"},"thumbnailUrl":"https:\/\/deliciaspersas.com\/wp-content\/uploads\/Agua-de-sauce.jpg","datePublished":"2020-07-25T10:21:32+00:00","dateModified":"2023-06-23T07:19:20+00:00","description":"Agua de Kasney 330ml Anjoman. Se usa en una gran diversidad de bebidas que referescan y ayudan a la digesti\u00f3n...","breadcrumb":{"@id":"https:\/\/deliciaspersas.com\/en\/tienda\/destilados\/agua-de-achicoria-aragh-kasni-400ml-esalat\/#breadcrumb"},"inLanguage":"en-US","potentialAction":[{"@type":"ReadAction","target":["https:\/\/deliciaspersas.com\/en\/tienda\/destilados\/agua-de-achicoria-aragh-kasni-400ml-esalat\/"]}]},{"@type":"ImageObject","inLanguage":"en-US","@id":"https:\/\/deliciaspersas.com\/en\/tienda\/destilados\/agua-de-achicoria-aragh-kasni-400ml-esalat\/#primaryimage","url":"https:\/\/deliciaspersas.com\/wp-content\/uploads\/Agua-de-sauce.jpg","contentUrl":"https:\/\/deliciaspersas.com\/wp-content\/uploads\/Agua-de-sauce.jpg","width":1000,"height":1000},{"@type":"BreadcrumbList","@id":"https:\/\/deliciaspersas.com\/en\/tienda\/destilados\/agua-de-achicoria-aragh-kasni-400ml-esalat\/#breadcrumb","itemListElement":[{"@type":"ListItem","position":1,"name":"Portada","item":"https:\/\/deliciaspersas.com\/en\/"},{"@type":"ListItem","position":2,"name":"Tienda","item":"https:\/\/deliciaspersas.com\/"},{"@type":"ListItem","position":3,"name":"Agua de Achicoria (Aragh Kasni) 400ml Esalat"}]},{"@type":"WebSite","@id":"https:\/\/deliciaspersas.com\/en\/#website","url":"https:\/\/deliciaspersas.com\/en\/","name":"Delicias Persas","description":"Gastronom&iacute;a persa al alcance de tus manos","publisher":{"@id":"https:\/\/deliciaspersas.com\/en\/#organization"},"potentialAction":[{"@type":"SearchAction","target":{"@type":"EntryPoint","urlTemplate":"https:\/\/deliciaspersas.com\/en\/?s={search_term_string}"},"query-input":{"@type":"PropertyValueSpecification","valueRequired":true,"valueName":"search_term_string"}}],"inLanguage":"en-US"},{"@type":"Organization","@id":"https:\/\/deliciaspersas.com\/en\/#organization","name":"Delicias Persas","url":"https:\/\/deliciaspersas.com\/en\/","logo":{"@type":"ImageObject","inLanguage":"en-US","@id":"https:\/\/deliciaspersas.com\/en\/#\/schema\/logo\/image\/","url":"https:\/\/deliciaspersas.com\/wp-content\/uploads\/2020\/07\/logo-2020.png","contentUrl":"https:\/\/deliciaspersas.com\/wp-content\/uploads\/2020\/07\/logo-2020.png","width":520,"height":490,"caption":"Delicias Persas"},"image":{"@id":"https:\/\/deliciaspersas.com\/en\/#\/schema\/logo\/image\/"},"sameAs":["https:\/\/www.facebook.com\/Deliciaspersas","https:\/\/www.instagram.com\/delicias_persas\/","https:\/\/www.linkedin.com\/delicias-persas"]}]}},"uagb_featured_image_src":{"full":["https:\/\/deliciaspersas.com\/wp-content\/uploads\/Agua-de-sauce.jpg",1000,1000,false],"thumbnail":["https:\/\/deliciaspersas.com\/wp-content\/uploads\/Agua-de-sauce-150x150.jpg",150,150,true],"medium":["https:\/\/deliciaspersas.com\/wp-content\/uploads\/Agua-de-sauce-300x300.jpg",300,300,true],"medium_large":["https:\/\/deliciaspersas.com\/wp-content\/uploads\/Agua-de-sauce-768x768.jpg",768,768,true],"large":["https:\/\/deliciaspersas.com\/wp-content\/uploads\/Agua-de-sauce.jpg",1000,1000,false],"1536x1536":["https:\/\/deliciaspersas.com\/wp-content\/uploads\/Agua-de-sauce.jpg",1000,1000,false],"2048x2048":["https:\/\/deliciaspersas.com\/wp-content\/uploads\/Agua-de-sauce.jpg",1000,1000,false],"woocommerce_thumbnail":["https:\/\/deliciaspersas.com\/wp-content\/uploads\/Agua-de-sauce-300x300.jpg",300,300,true],"woocommerce_single":["https:\/\/deliciaspersas.com\/wp-content\/uploads\/Agua-de-sauce-600x600.jpg",600,600,true],"woocommerce_gallery_thumbnail":["https:\/\/deliciaspersas.com\/wp-content\/uploads\/Agua-de-sauce-100x100.jpg",100,100,true]},"uagb_author_info":{"display_name":"admin","author_link":"https:\/\/deliciaspersas.com\/en\/author\/"},"uagb_comment_info":0,"uagb_excerpt":"Agua de Achicoria (Aragh Kasni) 400ml Esalat Informaci\u00f3n del producto: Destilados t\u00edpicos iran\u00edes. Usos: Recetas, ensaladas, todo tipo de verduras, platos fr\u00edos y calientes, adem\u00e1s de bebidas. Beneficios: El agua de Kasney es de naturaleza fr\u00eda y puede equilibrar la temperatura corporal cuando se calienta. Cuanto m\u00e1s amargo, mayores son los beneficios de este producto&hellip;","brands":[{"id":183,"name":"Esalat","slug":"esalat"}],"_links":{"self":[{"href":"https:\/\/deliciaspersas.com\/en\/wp-json\/wp\/v2\/product\/3956"}],"collection":[{"href":"https:\/\/deliciaspersas.com\/en\/wp-json\/wp\/v2\/product"}],"about":[{"href":"https:\/\/deliciaspersas.com\/en\/wp-json\/wp\/v2\/types\/product"}],"wp:featuredmedia":[{"embeddable":true,"href":"https:\/\/deliciaspersas.com\/en\/wp-json\/wp\/v2\/media\/11526"}],"wp:attachment":[{"href":"https:\/\/deliciaspersas.com\/en\/wp-json\/wp\/v2\/media?parent=3956"}],"wp:term":[{"taxonomy":"pwb-brand","embeddable":true,"href":"https:\/\/deliciaspersas.com\/en\/wp-json\/wp\/v2\/pwb-brand?post=3956"},{"taxonomy":"product_cat","embeddable":true,"href":"https:\/\/deliciaspersas.com\/en\/wp-json\/wp\/v2\/product_cat?post=3956"},{"taxonomy":"product_tag","embeddable":true,"href":"https:\/\/deliciaspersas.com\/en\/wp-json\/wp\/v2\/product_tag?post=3956"}],"curies":[{"name":"wp","href":"https:\/\/api.w.org\/{rel}","templated":true}]}}