{"id":4026,"date":"2020-08-13T13:36:01","date_gmt":"2020-08-13T11:36:01","guid":{"rendered":"https:\/\/deliciaspersas.com\/?post_type=product&#038;p=4026"},"modified":"2024-08-20T11:25:43","modified_gmt":"2024-08-20T09:25:43","slug":"judia-pinta-lubia-lubia-chiti-granel-dayan","status":"publish","type":"product","link":"https:\/\/deliciaspersas.com\/en\/tienda\/legumbres\/judia-pinta-lubia-lubia-chiti-granel-dayan\/","title":{"rendered":"Judia pinta Lubia ( lubia chiti ) granel Dayan"},"content":{"rendered":"<h1>Judia pinta Lubia ( lubia chiti ) granel Dayan<\/h1>\n<h6>Informaci\u00f3n del producto:<\/h6>\n<p>Las jud\u00edas pintas son legumbres que destacan por sus cualidades nutricionales, sobretodo por su alto contenido en hierro y fibra; y apenas tienen grasas y ayudan a tener en plena forma el coraz\u00f3n y todo el sistema cardiovascular, pues contribuyen a controlar los niveles de colesterol y az\u00facar en sangre.<\/p>\n<h6>Ingredientes y al\u00e9rgenos:<\/h6>\n<p>Judia pinta.<\/p>\n<h6>Usos:<\/h6>\n<p>Las jud\u00edas pintas se pueden emplear en much\u00edsimos platos: con arroz, verduras, fideos..<\/p>\n<p>Para incorporar jud\u00edas a la dieta habitual, podemos acudir a estos ejemplares secos que deberemos dejar en remojo por un m\u00ednimo de 8 horas y despu\u00e9s cocinar para consumirlos.<\/p>\n<p>As\u00ed, podemos incorporar las jud\u00edas pintas a una sopa, unos burritos vegetarianos, un aperitivo, una ensalada o un cl\u00e1sico plato de cuchara como un guisado de alubias y calabaza.<\/p>\n<h6>Beneficios:<\/h6>\n<p>Las alubias o jud\u00edas son fuente de hidratos complejos pero al mismo tiempo, son dentro de las legumbres, ejemplares con alto contenido en prote\u00ednas.<\/p>\n<p>Por su riqueza en fibra y en prote\u00ednas as\u00ed como por su bajo contenido en hidratos, las jud\u00edas pintas resultan muy saciantes\u00a0y son aliadas de quienes buscan\u00a0adelgazar.<\/p>\n<p>Su fibra y su almid\u00f3n resistente puede mejorar el tr\u00e1nsito intestinal ayudando a prevenir o revertir el estre\u00f1imiento, mientras que tambi\u00e9n su ingesta puede influir positivamente sobre la flor intestinal ayudando a reducir el riesgo diferentes enfermedades, entre ellas, el c\u00e1ncer colorrectal.<\/p>\n<p>Por estos componentes y otros como los polifenoles, las jud\u00edas pintas contribuyen a prevenir patolog\u00edas metab\u00f3licas varias como por ejemplo, diabetes, obesidad, enfermedades cardiovasculares.<\/p>\n<p>Por \u00faltimo, las jud\u00edas pintas como otras legumbres\u00a0pueden enriquecer nuestra dieta en cu\u00e1nto a calidad nutricional y resultan particularmente\u00a0\u00fatiles para veganos o vegetarianos que buscan incrementar la ingesta de prote\u00ednas.<\/p>\n<h6>Condiciones de conservaci\u00f3n:<\/h6>\n<p>Conservar en un lugar fresco, seco y protegido de la luz.<\/p>\n<h6>Informaci\u00f3n adicional:<\/h6>\n<p>Fabricado por: Anjoman<\/p>\n<p>14 Premier Park Road<br \/>\nPark Royal<br \/>\nLondon NW10 7NZ<\/p>\n","protected":false},"excerpt":{"rendered":"<p>Judia pinta Lubia ( lubia chiti ) granel Dayan Informaci\u00f3n del producto: Las jud\u00edas pintas son legumbres que destacan por sus cualidades nutricionales, sobretodo por su alto contenido en hierro y fibra; y apenas tienen grasas y ayudan a tener en plena forma el coraz\u00f3n y todo el sistema cardiovascular, pues contribuyen a controlar los [&hellip;]<\/p>\n","protected":false},"featured_media":15021,"template":"","meta":{"_surecart_dashboard_logo_width":"180px","_surecart_dashboard_show_logo":true,"_surecart_dashboard_navigation_orders":true,"_surecart_dashboard_navigation_invoices":true,"_surecart_dashboard_navigation_subscriptions":true,"_surecart_dashboard_navigation_downloads":true,"_surecart_dashboard_navigation_billing":true,"_surecart_dashboard_navigation_account":true,"_uag_custom_page_level_css":"","site-sidebar-layout":"default","site-content-layout":"default","ast-site-content-layout":"default","site-content-style":"default","site-sidebar-style":"default","ast-global-header-display":"","ast-banner-title-visibility":"","ast-main-header-display":"","ast-hfb-above-header-display":"","ast-hfb-below-header-display":"","ast-hfb-mobile-header-display":"","site-post-title":"","ast-breadcrumbs-content":"","ast-featured-img":"","footer-sml-layout":"","theme-transparent-header-meta":"default","adv-header-id-meta":"","stick-header-meta":"","header-above-stick-meta":"","header-main-stick-meta":"","header-below-stick-meta":"","astra-migrate-meta-layouts":"set","ast-page-background-enabled":"default","ast-page-background-meta":{"desktop":{"background-color":"","background-image":"","background-repeat":"repeat","background-position":"center center","background-size":"auto","background-attachment":"scroll","background-type":"","background-media":"","overlay-type":"","overlay-color":"","overlay-opacity":"","overlay-gradient":""},"tablet":{"background-color":"","background-image":"","background-repeat":"repeat","background-position":"center center","background-size":"auto","background-attachment":"scroll","background-type":"","background-media":"","overlay-type":"","overlay-color":"","overlay-opacity":"","overlay-gradient":""},"mobile":{"background-color":"","background-image":"","background-repeat":"repeat","background-position":"center center","background-size":"auto","background-attachment":"scroll","background-type":"","background-media":"","overlay-type":"","overlay-color":"","overlay-opacity":"","overlay-gradient":""}},"ast-content-background-meta":{"desktop":{"background-color":"var(--ast-global-color-5)","background-image":"","background-repeat":"repeat","background-position":"center center","background-size":"auto","background-attachment":"scroll","background-type":"","background-media":"","overlay-type":"","overlay-color":"","overlay-opacity":"","overlay-gradient":""},"tablet":{"background-color":"var(--ast-global-color-5)","background-image":"","background-repeat":"repeat","background-position":"center center","background-size":"auto","background-attachment":"scroll","background-type":"","background-media":"","overlay-type":"","overlay-color":"","overlay-opacity":"","overlay-gradient":""},"mobile":{"background-color":"var(--ast-global-color-5)","background-image":"","background-repeat":"repeat","background-position":"center center","background-size":"auto","background-attachment":"scroll","background-type":"","background-media":"","overlay-type":"","overlay-color":"","overlay-opacity":"","overlay-gradient":""}}},"pwb-brand":[113],"product_cat":[89],"product_tag":[557,1008,559,1009],"class_list":{"0":"post-4026","1":"product","2":"type-product","3":"status-publish","4":"has-post-thumbnail","6":"pwb-brand-dayan-2","7":"product_cat-legumbres","8":"product_tag-alubias","9":"product_tag-judia","10":"product_tag-legumbre","11":"product_tag-1009","12":"desktop-align-center","13":"tablet-align-center","14":"mobile-align-center","16":"first","17":"instock","18":"taxable","19":"shipping-taxable","20":"purchasable","21":"product-type-variable"},"yoast_head":"<!-- This site is optimized with the Yoast SEO plugin v23.6 - https:\/\/yoast.com\/wordpress\/plugins\/seo\/ -->\n<title>Judia pinta Lubia ( lubia chiti ) granel Dayan - Delicias Persas<\/title>\n<meta name=\"description\" content=\"Las jud\u00edas pintas son legumbres que destacan por sus cualidades nutricionales, sobretodo por su alto contenido en hierro y fibra.\" \/>\n<meta name=\"robots\" content=\"index, follow, max-snippet:-1, max-image-preview:large, max-video-preview:-1\" \/>\n<link rel=\"canonical\" href=\"https:\/\/deliciaspersas.com\/en\/tienda\/legumbres\/judia-pinta-lubia-lubia-chiti-granel-dayan\/\" \/>\n<meta property=\"og:locale\" content=\"en_US\" \/>\n<meta property=\"og:type\" content=\"article\" \/>\n<meta property=\"og:title\" content=\"Judia pinta Lubia ( lubia chiti ) granel Dayan - Delicias Persas\" \/>\n<meta property=\"og:description\" content=\"Las jud\u00edas pintas son legumbres que destacan por sus cualidades nutricionales, sobretodo por su alto contenido en hierro y fibra.\" \/>\n<meta property=\"og:url\" content=\"https:\/\/deliciaspersas.com\/en\/tienda\/legumbres\/judia-pinta-lubia-lubia-chiti-granel-dayan\/\" \/>\n<meta property=\"og:site_name\" content=\"Delicias Persas\" \/>\n<meta property=\"article:publisher\" content=\"https:\/\/www.facebook.com\/Deliciaspersas\" \/>\n<meta property=\"article:modified_time\" content=\"2024-08-20T09:25:43+00:00\" \/>\n<meta property=\"og:image\" content=\"https:\/\/deliciaspersas.com\/wp-content\/uploads\/lubia-chiti-Dayan.jpg\" \/>\n\t<meta property=\"og:image:width\" content=\"1200\" \/>\n\t<meta property=\"og:image:height\" content=\"900\" \/>\n\t<meta property=\"og:image:type\" content=\"image\/jpeg\" \/>\n<meta name=\"twitter:card\" content=\"summary_large_image\" \/>\n<meta name=\"twitter:label1\" content=\"Est. reading time\" \/>\n\t<meta name=\"twitter:data1\" content=\"2 minutes\" \/>\n<script type=\"application\/ld+json\" class=\"yoast-schema-graph\">{\"@context\":\"https:\/\/schema.org\",\"@graph\":[{\"@type\":\"WebPage\",\"@id\":\"https:\/\/deliciaspersas.com\/en\/tienda\/legumbres\/judia-pinta-lubia-lubia-chiti-granel-dayan\/\",\"url\":\"https:\/\/deliciaspersas.com\/en\/tienda\/legumbres\/judia-pinta-lubia-lubia-chiti-granel-dayan\/\",\"name\":\"Judia pinta Lubia ( lubia chiti ) granel Dayan - Delicias Persas\",\"isPartOf\":{\"@id\":\"https:\/\/deliciaspersas.com\/en\/#website\"},\"primaryImageOfPage\":{\"@id\":\"https:\/\/deliciaspersas.com\/en\/tienda\/legumbres\/judia-pinta-lubia-lubia-chiti-granel-dayan\/#primaryimage\"},\"image\":{\"@id\":\"https:\/\/deliciaspersas.com\/en\/tienda\/legumbres\/judia-pinta-lubia-lubia-chiti-granel-dayan\/#primaryimage\"},\"thumbnailUrl\":\"https:\/\/deliciaspersas.com\/wp-content\/uploads\/lubia-chiti-Dayan.jpg\",\"datePublished\":\"2020-08-13T11:36:01+00:00\",\"dateModified\":\"2024-08-20T09:25:43+00:00\",\"description\":\"Las jud\u00edas pintas son legumbres que destacan por sus cualidades nutricionales, sobretodo por su alto contenido en hierro y fibra.\",\"breadcrumb\":{\"@id\":\"https:\/\/deliciaspersas.com\/en\/tienda\/legumbres\/judia-pinta-lubia-lubia-chiti-granel-dayan\/#breadcrumb\"},\"inLanguage\":\"en-US\",\"potentialAction\":[{\"@type\":\"ReadAction\",\"target\":[\"https:\/\/deliciaspersas.com\/en\/tienda\/legumbres\/judia-pinta-lubia-lubia-chiti-granel-dayan\/\"]}]},{\"@type\":\"ImageObject\",\"inLanguage\":\"en-US\",\"@id\":\"https:\/\/deliciaspersas.com\/en\/tienda\/legumbres\/judia-pinta-lubia-lubia-chiti-granel-dayan\/#primaryimage\",\"url\":\"https:\/\/deliciaspersas.com\/wp-content\/uploads\/lubia-chiti-Dayan.jpg\",\"contentUrl\":\"https:\/\/deliciaspersas.com\/wp-content\/uploads\/lubia-chiti-Dayan.jpg\",\"width\":1200,\"height\":900},{\"@type\":\"BreadcrumbList\",\"@id\":\"https:\/\/deliciaspersas.com\/en\/tienda\/legumbres\/judia-pinta-lubia-lubia-chiti-granel-dayan\/#breadcrumb\",\"itemListElement\":[{\"@type\":\"ListItem\",\"position\":1,\"name\":\"Portada\",\"item\":\"https:\/\/deliciaspersas.com\/en\/\"},{\"@type\":\"ListItem\",\"position\":2,\"name\":\"Tienda\",\"item\":\"https:\/\/deliciaspersas.com\/\"},{\"@type\":\"ListItem\",\"position\":3,\"name\":\"Judia pinta Lubia ( lubia chiti ) granel Dayan\"}]},{\"@type\":\"WebSite\",\"@id\":\"https:\/\/deliciaspersas.com\/en\/#website\",\"url\":\"https:\/\/deliciaspersas.com\/en\/\",\"name\":\"Delicias Persas\",\"description\":\"Gastronom&iacute;a persa al alcance de tus manos\",\"publisher\":{\"@id\":\"https:\/\/deliciaspersas.com\/en\/#organization\"},\"potentialAction\":[{\"@type\":\"SearchAction\",\"target\":{\"@type\":\"EntryPoint\",\"urlTemplate\":\"https:\/\/deliciaspersas.com\/en\/?s={search_term_string}\"},\"query-input\":{\"@type\":\"PropertyValueSpecification\",\"valueRequired\":true,\"valueName\":\"search_term_string\"}}],\"inLanguage\":\"en-US\"},{\"@type\":\"Organization\",\"@id\":\"https:\/\/deliciaspersas.com\/en\/#organization\",\"name\":\"Delicias Persas\",\"url\":\"https:\/\/deliciaspersas.com\/en\/\",\"logo\":{\"@type\":\"ImageObject\",\"inLanguage\":\"en-US\",\"@id\":\"https:\/\/deliciaspersas.com\/en\/#\/schema\/logo\/image\/\",\"url\":\"https:\/\/deliciaspersas.com\/wp-content\/uploads\/2020\/07\/logo-2020.png\",\"contentUrl\":\"https:\/\/deliciaspersas.com\/wp-content\/uploads\/2020\/07\/logo-2020.png\",\"width\":520,\"height\":490,\"caption\":\"Delicias Persas\"},\"image\":{\"@id\":\"https:\/\/deliciaspersas.com\/en\/#\/schema\/logo\/image\/\"},\"sameAs\":[\"https:\/\/www.facebook.com\/Deliciaspersas\",\"https:\/\/www.instagram.com\/delicias_persas\/\",\"https:\/\/www.linkedin.com\/delicias-persas\"]}]}<\/script>\n<!-- \/ Yoast SEO plugin. -->","yoast_head_json":{"title":"Judia pinta Lubia ( lubia chiti ) granel Dayan - Delicias Persas","description":"Las jud\u00edas pintas son legumbres que destacan por sus cualidades nutricionales, sobretodo por su alto contenido en hierro y fibra.","robots":{"index":"index","follow":"follow","max-snippet":"max-snippet:-1","max-image-preview":"max-image-preview:large","max-video-preview":"max-video-preview:-1"},"canonical":"https:\/\/deliciaspersas.com\/en\/tienda\/legumbres\/judia-pinta-lubia-lubia-chiti-granel-dayan\/","og_locale":"en_US","og_type":"article","og_title":"Judia pinta Lubia ( lubia chiti ) granel Dayan - Delicias Persas","og_description":"Las jud\u00edas pintas son legumbres que destacan por sus cualidades nutricionales, sobretodo por su alto contenido en hierro y fibra.","og_url":"https:\/\/deliciaspersas.com\/en\/tienda\/legumbres\/judia-pinta-lubia-lubia-chiti-granel-dayan\/","og_site_name":"Delicias Persas","article_publisher":"https:\/\/www.facebook.com\/Deliciaspersas","article_modified_time":"2024-08-20T09:25:43+00:00","og_image":[{"width":1200,"height":900,"url":"https:\/\/deliciaspersas.com\/wp-content\/uploads\/lubia-chiti-Dayan.jpg","type":"image\/jpeg"}],"twitter_card":"summary_large_image","twitter_misc":{"Est. reading time":"2 minutes"},"schema":{"@context":"https:\/\/schema.org","@graph":[{"@type":"WebPage","@id":"https:\/\/deliciaspersas.com\/en\/tienda\/legumbres\/judia-pinta-lubia-lubia-chiti-granel-dayan\/","url":"https:\/\/deliciaspersas.com\/en\/tienda\/legumbres\/judia-pinta-lubia-lubia-chiti-granel-dayan\/","name":"Judia pinta Lubia ( lubia chiti ) granel Dayan - Delicias Persas","isPartOf":{"@id":"https:\/\/deliciaspersas.com\/en\/#website"},"primaryImageOfPage":{"@id":"https:\/\/deliciaspersas.com\/en\/tienda\/legumbres\/judia-pinta-lubia-lubia-chiti-granel-dayan\/#primaryimage"},"image":{"@id":"https:\/\/deliciaspersas.com\/en\/tienda\/legumbres\/judia-pinta-lubia-lubia-chiti-granel-dayan\/#primaryimage"},"thumbnailUrl":"https:\/\/deliciaspersas.com\/wp-content\/uploads\/lubia-chiti-Dayan.jpg","datePublished":"2020-08-13T11:36:01+00:00","dateModified":"2024-08-20T09:25:43+00:00","description":"Las jud\u00edas pintas son legumbres que destacan por sus cualidades nutricionales, sobretodo por su alto contenido en hierro y fibra.","breadcrumb":{"@id":"https:\/\/deliciaspersas.com\/en\/tienda\/legumbres\/judia-pinta-lubia-lubia-chiti-granel-dayan\/#breadcrumb"},"inLanguage":"en-US","potentialAction":[{"@type":"ReadAction","target":["https:\/\/deliciaspersas.com\/en\/tienda\/legumbres\/judia-pinta-lubia-lubia-chiti-granel-dayan\/"]}]},{"@type":"ImageObject","inLanguage":"en-US","@id":"https:\/\/deliciaspersas.com\/en\/tienda\/legumbres\/judia-pinta-lubia-lubia-chiti-granel-dayan\/#primaryimage","url":"https:\/\/deliciaspersas.com\/wp-content\/uploads\/lubia-chiti-Dayan.jpg","contentUrl":"https:\/\/deliciaspersas.com\/wp-content\/uploads\/lubia-chiti-Dayan.jpg","width":1200,"height":900},{"@type":"BreadcrumbList","@id":"https:\/\/deliciaspersas.com\/en\/tienda\/legumbres\/judia-pinta-lubia-lubia-chiti-granel-dayan\/#breadcrumb","itemListElement":[{"@type":"ListItem","position":1,"name":"Portada","item":"https:\/\/deliciaspersas.com\/en\/"},{"@type":"ListItem","position":2,"name":"Tienda","item":"https:\/\/deliciaspersas.com\/"},{"@type":"ListItem","position":3,"name":"Judia pinta Lubia ( lubia chiti ) granel Dayan"}]},{"@type":"WebSite","@id":"https:\/\/deliciaspersas.com\/en\/#website","url":"https:\/\/deliciaspersas.com\/en\/","name":"Delicias Persas","description":"Gastronom&iacute;a persa al alcance de tus manos","publisher":{"@id":"https:\/\/deliciaspersas.com\/en\/#organization"},"potentialAction":[{"@type":"SearchAction","target":{"@type":"EntryPoint","urlTemplate":"https:\/\/deliciaspersas.com\/en\/?s={search_term_string}"},"query-input":{"@type":"PropertyValueSpecification","valueRequired":true,"valueName":"search_term_string"}}],"inLanguage":"en-US"},{"@type":"Organization","@id":"https:\/\/deliciaspersas.com\/en\/#organization","name":"Delicias Persas","url":"https:\/\/deliciaspersas.com\/en\/","logo":{"@type":"ImageObject","inLanguage":"en-US","@id":"https:\/\/deliciaspersas.com\/en\/#\/schema\/logo\/image\/","url":"https:\/\/deliciaspersas.com\/wp-content\/uploads\/2020\/07\/logo-2020.png","contentUrl":"https:\/\/deliciaspersas.com\/wp-content\/uploads\/2020\/07\/logo-2020.png","width":520,"height":490,"caption":"Delicias Persas"},"image":{"@id":"https:\/\/deliciaspersas.com\/en\/#\/schema\/logo\/image\/"},"sameAs":["https:\/\/www.facebook.com\/Deliciaspersas","https:\/\/www.instagram.com\/delicias_persas\/","https:\/\/www.linkedin.com\/delicias-persas"]}]}},"uagb_featured_image_src":{"full":["https:\/\/deliciaspersas.com\/wp-content\/uploads\/lubia-chiti-Dayan.jpg",1200,900,false],"thumbnail":["https:\/\/deliciaspersas.com\/wp-content\/uploads\/lubia-chiti-Dayan-150x150.jpg",150,150,true],"medium":["https:\/\/deliciaspersas.com\/wp-content\/uploads\/lubia-chiti-Dayan-300x225.jpg",300,225,true],"medium_large":["https:\/\/deliciaspersas.com\/wp-content\/uploads\/lubia-chiti-Dayan-768x576.jpg",768,576,true],"large":["https:\/\/deliciaspersas.com\/wp-content\/uploads\/lubia-chiti-Dayan-1024x768.jpg",1024,768,true],"1536x1536":["https:\/\/deliciaspersas.com\/wp-content\/uploads\/lubia-chiti-Dayan.jpg",1200,900,false],"2048x2048":["https:\/\/deliciaspersas.com\/wp-content\/uploads\/lubia-chiti-Dayan.jpg",1200,900,false],"woocommerce_thumbnail":["https:\/\/deliciaspersas.com\/wp-content\/uploads\/lubia-chiti-Dayan-300x300.jpg",300,300,true],"woocommerce_single":["https:\/\/deliciaspersas.com\/wp-content\/uploads\/lubia-chiti-Dayan-600x450.jpg",600,450,true],"woocommerce_gallery_thumbnail":["https:\/\/deliciaspersas.com\/wp-content\/uploads\/lubia-chiti-Dayan-100x100.jpg",100,100,true]},"uagb_author_info":{"display_name":"ventas.dayan","author_link":"https:\/\/deliciaspersas.com\/en\/author\/"},"uagb_comment_info":0,"uagb_excerpt":"Judia pinta Lubia ( lubia chiti ) granel Dayan Informaci\u00f3n del producto: Las jud\u00edas pintas son legumbres que destacan por sus cualidades nutricionales, sobretodo por su alto contenido en hierro y fibra; y apenas tienen grasas y ayudan a tener en plena forma el coraz\u00f3n y todo el sistema cardiovascular, pues contribuyen a controlar los&hellip;","brands":[{"id":113,"name":"Dayan","slug":"dayan-2"}],"_links":{"self":[{"href":"https:\/\/deliciaspersas.com\/en\/wp-json\/wp\/v2\/product\/4026"}],"collection":[{"href":"https:\/\/deliciaspersas.com\/en\/wp-json\/wp\/v2\/product"}],"about":[{"href":"https:\/\/deliciaspersas.com\/en\/wp-json\/wp\/v2\/types\/product"}],"wp:featuredmedia":[{"embeddable":true,"href":"https:\/\/deliciaspersas.com\/en\/wp-json\/wp\/v2\/media\/15021"}],"wp:attachment":[{"href":"https:\/\/deliciaspersas.com\/en\/wp-json\/wp\/v2\/media?parent=4026"}],"wp:term":[{"taxonomy":"pwb-brand","embeddable":true,"href":"https:\/\/deliciaspersas.com\/en\/wp-json\/wp\/v2\/pwb-brand?post=4026"},{"taxonomy":"product_cat","embeddable":true,"href":"https:\/\/deliciaspersas.com\/en\/wp-json\/wp\/v2\/product_cat?post=4026"},{"taxonomy":"product_tag","embeddable":true,"href":"https:\/\/deliciaspersas.com\/en\/wp-json\/wp\/v2\/product_tag?post=4026"}],"curies":[{"name":"wp","href":"https:\/\/api.w.org\/{rel}","templated":true}]}}