{"id":4051,"date":"2020-08-31T13:35:24","date_gmt":"2020-08-31T11:35:24","guid":{"rendered":"https:\/\/deliciaspersas.com\/?post_type=product&#038;p=4051"},"modified":"2022-01-09T22:12:43","modified_gmt":"2022-01-09T21:12:43","slug":"cheetoz-crunchy","status":"publish","type":"product","link":"https:\/\/deliciaspersas.com\/en\/tienda\/encurtidos\/cheetoz-crunchy\/","title":{"rendered":"Crunchy 85g Cheetoz"},"content":{"rendered":"<h1>Crunchy 85g Cheetoz<\/h1>\n<h6>Informaci\u00f3n del producto:<\/h6>\n<div>Deliciosas patatas fritas con sabor a queso crujientes.<\/div>\n<h6>Usos:<\/h6>\n<p>Estas patatas son un delicioso snack del que podr\u00e1s disfrutar a cualquier hora del d\u00eda.<\/p>\n<h6>Ingredientes y al\u00e9rgenos:<\/h6>\n<p>Estos Cheetoz Crunchy est\u00e1n formados por patatas fritas hinchadas con delicioso queso.<\/p>\n<h6>Condiciones de conservaci\u00f3n:<\/h6>\n<p>Conservar en un lugar fresco, seco y protegido de la luz.<\/p>\n<h6>Curiosidades:<\/h6>\n<p>Cheetos es una marca de aperitivos de harina de ma\u00edz con sabor a queso. El creador de Fritos,\u00a0 Charles Elmer Doolin, invent\u00f3 Cheetos en 1948 con distribuci\u00f3n en los estados Unidos.<\/p>\n<p>Los Cheetos se elaboran mediante una mezcla de ma\u00edz y agua, que se calienta a presi\u00f3n y despu\u00e9s se deja secar. Cuando la mezcla toma contacto con el aire caliente, el vapor que est\u00e1 presente en la pasta se expande y la masa se infla. Despu\u00e9s, se le a\u00f1ade el sabor deseado. La primera variante, Cheetos Crunchy, eran peque\u00f1os trozos de ma\u00edz crujiente con sabor a queso que se mantuvo como \u00fanica variante durante 23 a\u00f1os. No fue hasta 1971 cuando se introdujeron los Cheetos Puffs, basados en la receta de los cheese puffs. Desde entonces se han comercializado numerosas variantes, adaptadas al gusto de cada pa\u00eds.\u00a0Solamente en Estados Unidos se comercializan m\u00e1s de 20 variedades.\u200b<\/p>\n<p>En 1994, Cheetos se convirti\u00f3 en la primera marca estadounidense de aperitivos fabricada y distribuida en China.<\/p>\n<p>La mascota de Cheetos es Chester Cheetah, un guepardo antropom\u00f3rfico de aspecto delgado y que viste gafas de sol y calzado deportivo. El personaje fue creado en 1986 por la agencia publicitaria DDB Worldwide,\u200b mientras que los primeros anuncios de televisi\u00f3n datan de 1987. Si bien se trataba originalmente de una campa\u00f1a provisional,\u200b tuvo tal \u00e9xito entre el p\u00fablico joven que ha terminado convirti\u00e9ndose en el s\u00edmbolo de la marca, llegando a protagonizar una serie de televisi\u00f3n y videojuegos.<\/p>\n<h6>Informaci\u00f3n adicional:<\/h6>\n<p>Fabricado por: cheetoz.<\/p>\n<p>&nbsp;<\/p>\n","protected":false},"excerpt":{"rendered":"<p>Crunchy 85g Cheetoz Informaci\u00f3n del producto: Deliciosas patatas fritas con sabor a queso crujientes. Usos: Estas patatas son un delicioso snack del que podr\u00e1s disfrutar a cualquier hora del d\u00eda. Ingredientes y al\u00e9rgenos: Estos Cheetoz Crunchy est\u00e1n formados por patatas fritas hinchadas con delicioso queso. Condiciones de conservaci\u00f3n: Conservar en un lugar fresco, seco y [&hellip;]<\/p>\n","protected":false},"featured_media":4667,"template":"","meta":{"_surecart_dashboard_logo_width":"180px","_surecart_dashboard_show_logo":true,"_surecart_dashboard_navigation_orders":true,"_surecart_dashboard_navigation_invoices":true,"_surecart_dashboard_navigation_subscriptions":true,"_surecart_dashboard_navigation_downloads":true,"_surecart_dashboard_navigation_billing":true,"_surecart_dashboard_navigation_account":true,"_uag_custom_page_level_css":"","site-sidebar-layout":"default","site-content-layout":"default","ast-site-content-layout":"","site-content-style":"default","site-sidebar-style":"default","ast-global-header-display":"","ast-banner-title-visibility":"","ast-main-header-display":"","ast-hfb-above-header-display":"","ast-hfb-below-header-display":"","ast-hfb-mobile-header-display":"","site-post-title":"","ast-breadcrumbs-content":"","ast-featured-img":"","footer-sml-layout":"","theme-transparent-header-meta":"default","adv-header-id-meta":"","stick-header-meta":"","header-above-stick-meta":"","header-main-stick-meta":"","header-below-stick-meta":"","astra-migrate-meta-layouts":"default","ast-page-background-enabled":"default","ast-page-background-meta":{"desktop":{"background-color":"","background-image":"","background-repeat":"repeat","background-position":"center center","background-size":"auto","background-attachment":"scroll","background-type":"","background-media":"","overlay-type":"","overlay-color":"","overlay-opacity":"","overlay-gradient":""},"tablet":{"background-color":"","background-image":"","background-repeat":"repeat","background-position":"center center","background-size":"auto","background-attachment":"scroll","background-type":"","background-media":"","overlay-type":"","overlay-color":"","overlay-opacity":"","overlay-gradient":""},"mobile":{"background-color":"","background-image":"","background-repeat":"repeat","background-position":"center center","background-size":"auto","background-attachment":"scroll","background-type":"","background-media":"","overlay-type":"","overlay-color":"","overlay-opacity":"","overlay-gradient":""}},"ast-content-background-meta":{"desktop":{"background-color":"var(--ast-global-color-5)","background-image":"","background-repeat":"repeat","background-position":"center center","background-size":"auto","background-attachment":"scroll","background-type":"","background-media":"","overlay-type":"","overlay-color":"","overlay-opacity":"","overlay-gradient":""},"tablet":{"background-color":"var(--ast-global-color-5)","background-image":"","background-repeat":"repeat","background-position":"center center","background-size":"auto","background-attachment":"scroll","background-type":"","background-media":"","overlay-type":"","overlay-color":"","overlay-opacity":"","overlay-gradient":""},"mobile":{"background-color":"var(--ast-global-color-5)","background-image":"","background-repeat":"repeat","background-position":"center center","background-size":"auto","background-attachment":"scroll","background-type":"","background-media":"","overlay-type":"","overlay-color":"","overlay-opacity":"","overlay-gradient":""}}},"pwb-brand":[54],"product_cat":[38,44],"product_tag":[920,670,921],"class_list":{"0":"post-4051","1":"product","2":"type-product","3":"status-publish","4":"has-post-thumbnail","6":"pwb-brand-chetooz","7":"product_cat-encurtidos","8":"product_cat-ofertas","9":"product_tag-aperitivos","10":"product_tag-cheetoz","11":"product_tag-921","12":"desktop-align-center","13":"tablet-align-center","14":"mobile-align-center","16":"first","17":"outofstock","18":"taxable","19":"shipping-taxable","20":"purchasable","21":"product-type-simple"},"yoast_head":"<!-- This site is optimized with the Yoast SEO plugin v23.6 - https:\/\/yoast.com\/wordpress\/plugins\/seo\/ -->\n<title>Crunchy 85g Cheetoz - Delicias Persas<\/title>\n<meta name=\"description\" content=\"Estos Cheetoz Crunchy est\u00e1n formados por patatas fritas hinchadas con delicioso queso de las que podr\u00e1s disfrutar a cualquier hora del d\u00eda.\" \/>\n<meta name=\"robots\" content=\"index, follow, max-snippet:-1, max-image-preview:large, max-video-preview:-1\" \/>\n<link rel=\"canonical\" href=\"https:\/\/deliciaspersas.com\/en\/tienda\/encurtidos\/cheetoz-crunchy\/\" \/>\n<meta property=\"og:locale\" content=\"en_US\" \/>\n<meta property=\"og:type\" content=\"article\" \/>\n<meta property=\"og:title\" content=\"Crunchy 85g Cheetoz - Delicias Persas\" \/>\n<meta property=\"og:description\" content=\"Estos Cheetoz Crunchy est\u00e1n formados por patatas fritas hinchadas con delicioso queso de las que podr\u00e1s disfrutar a cualquier hora del d\u00eda.\" \/>\n<meta property=\"og:url\" content=\"https:\/\/deliciaspersas.com\/en\/tienda\/encurtidos\/cheetoz-crunchy\/\" \/>\n<meta property=\"og:site_name\" content=\"Delicias Persas\" \/>\n<meta property=\"article:publisher\" content=\"https:\/\/www.facebook.com\/Deliciaspersas\" \/>\n<meta property=\"article:modified_time\" content=\"2022-01-09T21:12:43+00:00\" \/>\n<meta property=\"og:image\" content=\"https:\/\/deliciaspersas.com\/wp-content\/uploads\/5-1.jpg\" \/>\n\t<meta property=\"og:image:width\" content=\"760\" \/>\n\t<meta property=\"og:image:height\" content=\"760\" \/>\n\t<meta property=\"og:image:type\" content=\"image\/jpeg\" \/>\n<meta name=\"twitter:card\" content=\"summary_large_image\" \/>\n<meta name=\"twitter:label1\" content=\"Est. reading time\" \/>\n\t<meta name=\"twitter:data1\" content=\"2 minutes\" \/>\n<script type=\"application\/ld+json\" class=\"yoast-schema-graph\">{\"@context\":\"https:\/\/schema.org\",\"@graph\":[{\"@type\":\"WebPage\",\"@id\":\"https:\/\/deliciaspersas.com\/en\/tienda\/encurtidos\/cheetoz-crunchy\/\",\"url\":\"https:\/\/deliciaspersas.com\/en\/tienda\/encurtidos\/cheetoz-crunchy\/\",\"name\":\"Crunchy 85g Cheetoz - Delicias Persas\",\"isPartOf\":{\"@id\":\"https:\/\/deliciaspersas.com\/en\/#website\"},\"primaryImageOfPage\":{\"@id\":\"https:\/\/deliciaspersas.com\/en\/tienda\/encurtidos\/cheetoz-crunchy\/#primaryimage\"},\"image\":{\"@id\":\"https:\/\/deliciaspersas.com\/en\/tienda\/encurtidos\/cheetoz-crunchy\/#primaryimage\"},\"thumbnailUrl\":\"https:\/\/deliciaspersas.com\/wp-content\/uploads\/5-1.jpg\",\"datePublished\":\"2020-08-31T11:35:24+00:00\",\"dateModified\":\"2022-01-09T21:12:43+00:00\",\"description\":\"Estos Cheetoz Crunchy est\u00e1n formados por patatas fritas hinchadas con delicioso queso de las que podr\u00e1s disfrutar a cualquier hora del d\u00eda.\",\"breadcrumb\":{\"@id\":\"https:\/\/deliciaspersas.com\/en\/tienda\/encurtidos\/cheetoz-crunchy\/#breadcrumb\"},\"inLanguage\":\"en-US\",\"potentialAction\":[{\"@type\":\"ReadAction\",\"target\":[\"https:\/\/deliciaspersas.com\/en\/tienda\/encurtidos\/cheetoz-crunchy\/\"]}]},{\"@type\":\"ImageObject\",\"inLanguage\":\"en-US\",\"@id\":\"https:\/\/deliciaspersas.com\/en\/tienda\/encurtidos\/cheetoz-crunchy\/#primaryimage\",\"url\":\"https:\/\/deliciaspersas.com\/wp-content\/uploads\/5-1.jpg\",\"contentUrl\":\"https:\/\/deliciaspersas.com\/wp-content\/uploads\/5-1.jpg\",\"width\":760,\"height\":760,\"caption\":\"Cheetoz Crunchy 95g\"},{\"@type\":\"BreadcrumbList\",\"@id\":\"https:\/\/deliciaspersas.com\/en\/tienda\/encurtidos\/cheetoz-crunchy\/#breadcrumb\",\"itemListElement\":[{\"@type\":\"ListItem\",\"position\":1,\"name\":\"Portada\",\"item\":\"https:\/\/deliciaspersas.com\/en\/\"},{\"@type\":\"ListItem\",\"position\":2,\"name\":\"Tienda\",\"item\":\"https:\/\/deliciaspersas.com\/\"},{\"@type\":\"ListItem\",\"position\":3,\"name\":\"Crunchy 85g Cheetoz\"}]},{\"@type\":\"WebSite\",\"@id\":\"https:\/\/deliciaspersas.com\/en\/#website\",\"url\":\"https:\/\/deliciaspersas.com\/en\/\",\"name\":\"Delicias Persas\",\"description\":\"Gastronom&iacute;a persa al alcance de tus manos\",\"publisher\":{\"@id\":\"https:\/\/deliciaspersas.com\/en\/#organization\"},\"potentialAction\":[{\"@type\":\"SearchAction\",\"target\":{\"@type\":\"EntryPoint\",\"urlTemplate\":\"https:\/\/deliciaspersas.com\/en\/?s={search_term_string}\"},\"query-input\":{\"@type\":\"PropertyValueSpecification\",\"valueRequired\":true,\"valueName\":\"search_term_string\"}}],\"inLanguage\":\"en-US\"},{\"@type\":\"Organization\",\"@id\":\"https:\/\/deliciaspersas.com\/en\/#organization\",\"name\":\"Delicias Persas\",\"url\":\"https:\/\/deliciaspersas.com\/en\/\",\"logo\":{\"@type\":\"ImageObject\",\"inLanguage\":\"en-US\",\"@id\":\"https:\/\/deliciaspersas.com\/en\/#\/schema\/logo\/image\/\",\"url\":\"https:\/\/deliciaspersas.com\/wp-content\/uploads\/2020\/07\/logo-2020.png\",\"contentUrl\":\"https:\/\/deliciaspersas.com\/wp-content\/uploads\/2020\/07\/logo-2020.png\",\"width\":520,\"height\":490,\"caption\":\"Delicias Persas\"},\"image\":{\"@id\":\"https:\/\/deliciaspersas.com\/en\/#\/schema\/logo\/image\/\"},\"sameAs\":[\"https:\/\/www.facebook.com\/Deliciaspersas\",\"https:\/\/www.instagram.com\/delicias_persas\/\",\"https:\/\/www.linkedin.com\/delicias-persas\"]}]}<\/script>\n<!-- \/ Yoast SEO plugin. -->","yoast_head_json":{"title":"Crunchy 85g Cheetoz - Delicias Persas","description":"Estos Cheetoz Crunchy est\u00e1n formados por patatas fritas hinchadas con delicioso queso de las que podr\u00e1s disfrutar a cualquier hora del d\u00eda.","robots":{"index":"index","follow":"follow","max-snippet":"max-snippet:-1","max-image-preview":"max-image-preview:large","max-video-preview":"max-video-preview:-1"},"canonical":"https:\/\/deliciaspersas.com\/en\/tienda\/encurtidos\/cheetoz-crunchy\/","og_locale":"en_US","og_type":"article","og_title":"Crunchy 85g Cheetoz - Delicias Persas","og_description":"Estos Cheetoz Crunchy est\u00e1n formados por patatas fritas hinchadas con delicioso queso de las que podr\u00e1s disfrutar a cualquier hora del d\u00eda.","og_url":"https:\/\/deliciaspersas.com\/en\/tienda\/encurtidos\/cheetoz-crunchy\/","og_site_name":"Delicias Persas","article_publisher":"https:\/\/www.facebook.com\/Deliciaspersas","article_modified_time":"2022-01-09T21:12:43+00:00","og_image":[{"width":760,"height":760,"url":"https:\/\/deliciaspersas.com\/wp-content\/uploads\/5-1.jpg","type":"image\/jpeg"}],"twitter_card":"summary_large_image","twitter_misc":{"Est. reading time":"2 minutes"},"schema":{"@context":"https:\/\/schema.org","@graph":[{"@type":"WebPage","@id":"https:\/\/deliciaspersas.com\/en\/tienda\/encurtidos\/cheetoz-crunchy\/","url":"https:\/\/deliciaspersas.com\/en\/tienda\/encurtidos\/cheetoz-crunchy\/","name":"Crunchy 85g Cheetoz - Delicias Persas","isPartOf":{"@id":"https:\/\/deliciaspersas.com\/en\/#website"},"primaryImageOfPage":{"@id":"https:\/\/deliciaspersas.com\/en\/tienda\/encurtidos\/cheetoz-crunchy\/#primaryimage"},"image":{"@id":"https:\/\/deliciaspersas.com\/en\/tienda\/encurtidos\/cheetoz-crunchy\/#primaryimage"},"thumbnailUrl":"https:\/\/deliciaspersas.com\/wp-content\/uploads\/5-1.jpg","datePublished":"2020-08-31T11:35:24+00:00","dateModified":"2022-01-09T21:12:43+00:00","description":"Estos Cheetoz Crunchy est\u00e1n formados por patatas fritas hinchadas con delicioso queso de las que podr\u00e1s disfrutar a cualquier hora del d\u00eda.","breadcrumb":{"@id":"https:\/\/deliciaspersas.com\/en\/tienda\/encurtidos\/cheetoz-crunchy\/#breadcrumb"},"inLanguage":"en-US","potentialAction":[{"@type":"ReadAction","target":["https:\/\/deliciaspersas.com\/en\/tienda\/encurtidos\/cheetoz-crunchy\/"]}]},{"@type":"ImageObject","inLanguage":"en-US","@id":"https:\/\/deliciaspersas.com\/en\/tienda\/encurtidos\/cheetoz-crunchy\/#primaryimage","url":"https:\/\/deliciaspersas.com\/wp-content\/uploads\/5-1.jpg","contentUrl":"https:\/\/deliciaspersas.com\/wp-content\/uploads\/5-1.jpg","width":760,"height":760,"caption":"Cheetoz Crunchy 95g"},{"@type":"BreadcrumbList","@id":"https:\/\/deliciaspersas.com\/en\/tienda\/encurtidos\/cheetoz-crunchy\/#breadcrumb","itemListElement":[{"@type":"ListItem","position":1,"name":"Portada","item":"https:\/\/deliciaspersas.com\/en\/"},{"@type":"ListItem","position":2,"name":"Tienda","item":"https:\/\/deliciaspersas.com\/"},{"@type":"ListItem","position":3,"name":"Crunchy 85g Cheetoz"}]},{"@type":"WebSite","@id":"https:\/\/deliciaspersas.com\/en\/#website","url":"https:\/\/deliciaspersas.com\/en\/","name":"Delicias Persas","description":"Gastronom&iacute;a persa al alcance de tus manos","publisher":{"@id":"https:\/\/deliciaspersas.com\/en\/#organization"},"potentialAction":[{"@type":"SearchAction","target":{"@type":"EntryPoint","urlTemplate":"https:\/\/deliciaspersas.com\/en\/?s={search_term_string}"},"query-input":{"@type":"PropertyValueSpecification","valueRequired":true,"valueName":"search_term_string"}}],"inLanguage":"en-US"},{"@type":"Organization","@id":"https:\/\/deliciaspersas.com\/en\/#organization","name":"Delicias Persas","url":"https:\/\/deliciaspersas.com\/en\/","logo":{"@type":"ImageObject","inLanguage":"en-US","@id":"https:\/\/deliciaspersas.com\/en\/#\/schema\/logo\/image\/","url":"https:\/\/deliciaspersas.com\/wp-content\/uploads\/2020\/07\/logo-2020.png","contentUrl":"https:\/\/deliciaspersas.com\/wp-content\/uploads\/2020\/07\/logo-2020.png","width":520,"height":490,"caption":"Delicias Persas"},"image":{"@id":"https:\/\/deliciaspersas.com\/en\/#\/schema\/logo\/image\/"},"sameAs":["https:\/\/www.facebook.com\/Deliciaspersas","https:\/\/www.instagram.com\/delicias_persas\/","https:\/\/www.linkedin.com\/delicias-persas"]}]}},"uagb_featured_image_src":{"full":["https:\/\/deliciaspersas.com\/wp-content\/uploads\/5-1.jpg",760,760,false],"thumbnail":["https:\/\/deliciaspersas.com\/wp-content\/uploads\/5-1-150x150.jpg",150,150,true],"medium":["https:\/\/deliciaspersas.com\/wp-content\/uploads\/5-1-300x300.jpg",300,300,true],"medium_large":["https:\/\/deliciaspersas.com\/wp-content\/uploads\/5-1.jpg",760,760,false],"large":["https:\/\/deliciaspersas.com\/wp-content\/uploads\/5-1.jpg",760,760,false],"1536x1536":["https:\/\/deliciaspersas.com\/wp-content\/uploads\/5-1.jpg",760,760,false],"2048x2048":["https:\/\/deliciaspersas.com\/wp-content\/uploads\/5-1.jpg",760,760,false],"woocommerce_thumbnail":["https:\/\/deliciaspersas.com\/wp-content\/uploads\/5-1-300x300.jpg",300,300,true],"woocommerce_single":["https:\/\/deliciaspersas.com\/wp-content\/uploads\/5-1-600x600.jpg",600,600,true],"woocommerce_gallery_thumbnail":["https:\/\/deliciaspersas.com\/wp-content\/uploads\/5-1-100x100.jpg",100,100,true]},"uagb_author_info":{"display_name":"ventas.dayan","author_link":"https:\/\/deliciaspersas.com\/en\/author\/"},"uagb_comment_info":0,"uagb_excerpt":"Crunchy 85g Cheetoz Informaci\u00f3n del producto: Deliciosas patatas fritas con sabor a queso crujientes. Usos: Estas patatas son un delicioso snack del que podr\u00e1s disfrutar a cualquier hora del d\u00eda. Ingredientes y al\u00e9rgenos: Estos Cheetoz Crunchy est\u00e1n formados por patatas fritas hinchadas con delicioso queso. Condiciones de conservaci\u00f3n: Conservar en un lugar fresco, seco y&hellip;","brands":[{"id":54,"name":"Cheetoz","slug":"chetooz"}],"_links":{"self":[{"href":"https:\/\/deliciaspersas.com\/en\/wp-json\/wp\/v2\/product\/4051"}],"collection":[{"href":"https:\/\/deliciaspersas.com\/en\/wp-json\/wp\/v2\/product"}],"about":[{"href":"https:\/\/deliciaspersas.com\/en\/wp-json\/wp\/v2\/types\/product"}],"wp:featuredmedia":[{"embeddable":true,"href":"https:\/\/deliciaspersas.com\/en\/wp-json\/wp\/v2\/media\/4667"}],"wp:attachment":[{"href":"https:\/\/deliciaspersas.com\/en\/wp-json\/wp\/v2\/media?parent=4051"}],"wp:term":[{"taxonomy":"pwb-brand","embeddable":true,"href":"https:\/\/deliciaspersas.com\/en\/wp-json\/wp\/v2\/pwb-brand?post=4051"},{"taxonomy":"product_cat","embeddable":true,"href":"https:\/\/deliciaspersas.com\/en\/wp-json\/wp\/v2\/product_cat?post=4051"},{"taxonomy":"product_tag","embeddable":true,"href":"https:\/\/deliciaspersas.com\/en\/wp-json\/wp\/v2\/product_tag?post=4051"}],"curies":[{"name":"wp","href":"https:\/\/api.w.org\/{rel}","templated":true}]}}