{"id":4073,"date":"2020-08-06T10:28:33","date_gmt":"2020-08-06T08:28:33","guid":{"rendered":"https:\/\/deliciaspersas.com\/?post_type=product&#038;p=4073"},"modified":"2024-12-20T17:58:04","modified_gmt":"2024-12-20T16:58:04","slug":"torshi-bandari-mixto-verduras-en-escabeche-troceadas-zoshk","status":"publish","type":"product","link":"https:\/\/deliciaspersas.com\/en\/tienda\/encurtidos\/torshi-bandari-mixto-verduras-en-escabeche-troceadas-zoshk\/","title":{"rendered":"Torshi Bandari mixto verduras en escabeche troceadas 650g Zoshk"},"content":{"rendered":"<h1>Torshi Bandari mixto verduras en escabeche troceadas 650g Zoshk<\/h1>\n<h6>Informaci\u00f3n del producto:<\/h6>\n<p>Un buen Torshi es una guarnici\u00f3n picante y sabrosa que aumenta el disfrute del plato principal. Torshi puede mantenerse en la nevera durante meses despu\u00e9s de abrirse. Bandari Torshi es de la provincia del Golfo P\u00e9rsico, donde la influencia de las especias indias y \u00e1rabes es bastante pronunciada.<\/p>\n<h6>Usos:<\/h6>\n<p>El Torshi es una parte indispensable de las comidas persas, ayuda a la digesti\u00f3n y le da a la comida un sabor extraordinario, por lo que se sirve de varias maneras al mismo tiempo para que todos puedan encontrar su propio gusto.<\/p>\n<h6>Beneficios:<\/h6>\n<p>El vinagre se usa para hacer Torshi Bandari. El vinagre, especialmente el vinagre de sidra de manzana, reduce el az\u00facar en sangre y ralentiza la absorci\u00f3n de carbohidratos despu\u00e9s de comer y previene los niveles altos de az\u00facar en sangre.<\/p>\n<p>Una de las sustancias \u00fatiles utilizadas en la preparaci\u00f3n de encurtidos son las verduras y frutas que tienen muchas propiedades nutricionales. El calor no se utiliza en la preparaci\u00f3n de encurtidos, por lo que se conservan sus propiedades nutricionales. El sabor amargo de los encurtidos puede deberse al \u00e1cido producido durante la fermentaci\u00f3n. El proceso de fermentaci\u00f3n se debe a la actividad de las bacterias lactobacilos, que provocan la producci\u00f3n de vitaminas B, que juegan un papel importante en la salud gastrointestinal.<\/p>\n<p>Las especias son uno de los alimentos fermentados m\u00e1s importantes. Los alimentos fermentados ayudan al sistema digestivo del cuerpo al equilibrar el \u00e1cido del est\u00f3mago y las bacterias intestinales y ayudan a los intestinos a absorber m\u00e1s nutrientes. La fermentaci\u00f3n natural de los alimentos conserva los nutrientes y descompone los alimentos en una forma m\u00e1s digerible.<\/p>\n<p>Los encurtidos tienen propiedades desinfectantes. En el proceso de decapado y fermentaci\u00f3n se crean nuevas sustancias como los antioxidantes que pueden ser \u00fatiles para que el organismo prevenga algunos c\u00e1nceres.<\/p>\n<div class=\"step\">\n<div class=\"paragraph\">\n<p><span style=\"font-size: 1.1em;font-weight: bold\">Ingredientes y al\u00e9rgenos:<\/span><\/p>\n<\/div>\n<\/div>\n<p><span lang=\"DE\">El torshi bandari consta de vegetales en escabeche como: la coliflor, zanahorias, calabac\u00edn, pimientos picantes, <\/span><span lang=\"DE\">chiles, sal, c\u00farcuma, algunas especias de la zona\u00a0\u00a0con\u00a0<\/span><span lang=\"DE\">\u00a0comino negro, en vinagre en vinagre de vino blanco.<\/span><\/p>\n<h6>Condiciones de conservaci\u00f3n:<\/h6>\n<p>Conservar en un lugar fresco, seco y protegido de la luz.<\/p>\n<h6>Informaci\u00f3n adicional:<\/h6>\n<p>Fabricado por: Zoshk<\/p>\n","protected":false},"excerpt":{"rendered":"<p>Torshi Bandari mixto verduras en escabeche troceadas 650g Zoshk Informaci\u00f3n del producto: Un buen Torshi es una guarnici\u00f3n picante y sabrosa que aumenta el disfrute del plato principal. Torshi puede mantenerse en la nevera durante meses despu\u00e9s de abrirse. Bandari Torshi es de la provincia del Golfo P\u00e9rsico, donde la influencia de las especias indias [&hellip;]<\/p>\n","protected":false},"featured_media":4699,"template":"","meta":{"_surecart_dashboard_logo_width":"180px","_surecart_dashboard_show_logo":true,"_surecart_dashboard_navigation_orders":true,"_surecart_dashboard_navigation_invoices":true,"_surecart_dashboard_navigation_subscriptions":true,"_surecart_dashboard_navigation_downloads":true,"_surecart_dashboard_navigation_billing":true,"_surecart_dashboard_navigation_account":true,"_uag_custom_page_level_css":"","site-sidebar-layout":"default","site-content-layout":"default","ast-site-content-layout":"","site-content-style":"default","site-sidebar-style":"default","ast-global-header-display":"","ast-banner-title-visibility":"","ast-main-header-display":"","ast-hfb-above-header-display":"","ast-hfb-below-header-display":"","ast-hfb-mobile-header-display":"","site-post-title":"","ast-breadcrumbs-content":"","ast-featured-img":"","footer-sml-layout":"","theme-transparent-header-meta":"default","adv-header-id-meta":"","stick-header-meta":"","header-above-stick-meta":"","header-main-stick-meta":"","header-below-stick-meta":"","astra-migrate-meta-layouts":"default","ast-page-background-enabled":"default","ast-page-background-meta":{"desktop":{"background-color":"","background-image":"","background-repeat":"repeat","background-position":"center center","background-size":"auto","background-attachment":"scroll","background-type":"","background-media":"","overlay-type":"","overlay-color":"","overlay-opacity":"","overlay-gradient":""},"tablet":{"background-color":"","background-image":"","background-repeat":"repeat","background-position":"center center","background-size":"auto","background-attachment":"scroll","background-type":"","background-media":"","overlay-type":"","overlay-color":"","overlay-opacity":"","overlay-gradient":""},"mobile":{"background-color":"","background-image":"","background-repeat":"repeat","background-position":"center center","background-size":"auto","background-attachment":"scroll","background-type":"","background-media":"","overlay-type":"","overlay-color":"","overlay-opacity":"","overlay-gradient":""}},"ast-content-background-meta":{"desktop":{"background-color":"var(--ast-global-color-5)","background-image":"","background-repeat":"repeat","background-position":"center center","background-size":"auto","background-attachment":"scroll","background-type":"","background-media":"","overlay-type":"","overlay-color":"","overlay-opacity":"","overlay-gradient":""},"tablet":{"background-color":"var(--ast-global-color-5)","background-image":"","background-repeat":"repeat","background-position":"center center","background-size":"auto","background-attachment":"scroll","background-type":"","background-media":"","overlay-type":"","overlay-color":"","overlay-opacity":"","overlay-gradient":""},"mobile":{"background-color":"var(--ast-global-color-5)","background-image":"","background-repeat":"repeat","background-position":"center center","background-size":"auto","background-attachment":"scroll","background-type":"","background-media":"","overlay-type":"","overlay-color":"","overlay-opacity":"","overlay-gradient":""}}},"pwb-brand":[67],"product_cat":[38],"product_tag":[812,694,1093,811,341],"class_list":{"0":"post-4073","1":"product","2":"type-product","3":"status-publish","4":"has-post-thumbnail","6":"pwb-brand-zoshk","7":"product_cat-encurtidos","8":"product_tag-en-escabeche","9":"product_tag-escabeche","10":"product_tag-troceadas","11":"product_tag-verduras","12":"product_tag-341","13":"desktop-align-center","14":"tablet-align-center","15":"mobile-align-center","17":"first","18":"outofstock","19":"taxable","20":"shipping-taxable","21":"purchasable","22":"product-type-simple"},"yoast_head":"<!-- This site is optimized with the Yoast SEO plugin v23.6 - https:\/\/yoast.com\/wordpress\/plugins\/seo\/ -->\n<title>Torshi Bandari mixto verduras en escabeche troceadas 650g Zoshk - Delicias Persas<\/title>\n<meta name=\"description\" content=\"Torshi bandari. El torshi es una ayuda indispensable para la digesti\u00f3n y le da a la comida un sabor extraordinario...\" \/>\n<meta name=\"robots\" content=\"index, follow, max-snippet:-1, max-image-preview:large, max-video-preview:-1\" \/>\n<link rel=\"canonical\" href=\"https:\/\/deliciaspersas.com\/en\/tienda\/encurtidos\/torshi-bandari-mixto-verduras-en-escabeche-troceadas-zoshk\/\" \/>\n<meta property=\"og:locale\" content=\"en_US\" \/>\n<meta property=\"og:type\" content=\"article\" \/>\n<meta property=\"og:title\" content=\"Torshi Bandari mixto verduras en escabeche troceadas 650g Zoshk - Delicias Persas\" \/>\n<meta property=\"og:description\" content=\"Torshi bandari. El torshi es una ayuda indispensable para la digesti\u00f3n y le da a la comida un sabor extraordinario...\" \/>\n<meta property=\"og:url\" content=\"https:\/\/deliciaspersas.com\/en\/tienda\/encurtidos\/torshi-bandari-mixto-verduras-en-escabeche-troceadas-zoshk\/\" \/>\n<meta property=\"og:site_name\" content=\"Delicias Persas\" \/>\n<meta property=\"article:publisher\" content=\"https:\/\/www.facebook.com\/Deliciaspersas\" \/>\n<meta property=\"article:modified_time\" content=\"2024-12-20T16:58:04+00:00\" \/>\n<meta property=\"og:image\" content=\"https:\/\/deliciaspersas.com\/wp-content\/uploads\/Torshi-Bandari-mixto-verduras-en-escabeche-troceadas-650g-Zoshk.jpg\" \/>\n\t<meta property=\"og:image:width\" content=\"760\" \/>\n\t<meta property=\"og:image:height\" content=\"760\" \/>\n\t<meta property=\"og:image:type\" content=\"image\/jpeg\" \/>\n<meta name=\"twitter:card\" content=\"summary_large_image\" \/>\n<meta name=\"twitter:label1\" content=\"Est. reading time\" \/>\n\t<meta name=\"twitter:data1\" content=\"2 minutes\" \/>\n<script type=\"application\/ld+json\" class=\"yoast-schema-graph\">{\"@context\":\"https:\/\/schema.org\",\"@graph\":[{\"@type\":\"WebPage\",\"@id\":\"https:\/\/deliciaspersas.com\/en\/tienda\/encurtidos\/torshi-bandari-mixto-verduras-en-escabeche-troceadas-zoshk\/\",\"url\":\"https:\/\/deliciaspersas.com\/en\/tienda\/encurtidos\/torshi-bandari-mixto-verduras-en-escabeche-troceadas-zoshk\/\",\"name\":\"Torshi Bandari mixto verduras en escabeche troceadas 650g Zoshk - Delicias Persas\",\"isPartOf\":{\"@id\":\"https:\/\/deliciaspersas.com\/en\/#website\"},\"primaryImageOfPage\":{\"@id\":\"https:\/\/deliciaspersas.com\/en\/tienda\/encurtidos\/torshi-bandari-mixto-verduras-en-escabeche-troceadas-zoshk\/#primaryimage\"},\"image\":{\"@id\":\"https:\/\/deliciaspersas.com\/en\/tienda\/encurtidos\/torshi-bandari-mixto-verduras-en-escabeche-troceadas-zoshk\/#primaryimage\"},\"thumbnailUrl\":\"https:\/\/deliciaspersas.com\/wp-content\/uploads\/Torshi-Bandari-mixto-verduras-en-escabeche-troceadas-650g-Zoshk.jpg\",\"datePublished\":\"2020-08-06T08:28:33+00:00\",\"dateModified\":\"2024-12-20T16:58:04+00:00\",\"description\":\"Torshi bandari. El torshi es una ayuda indispensable para la digesti\u00f3n y le da a la comida un sabor extraordinario...\",\"breadcrumb\":{\"@id\":\"https:\/\/deliciaspersas.com\/en\/tienda\/encurtidos\/torshi-bandari-mixto-verduras-en-escabeche-troceadas-zoshk\/#breadcrumb\"},\"inLanguage\":\"en-US\",\"potentialAction\":[{\"@type\":\"ReadAction\",\"target\":[\"https:\/\/deliciaspersas.com\/en\/tienda\/encurtidos\/torshi-bandari-mixto-verduras-en-escabeche-troceadas-zoshk\/\"]}]},{\"@type\":\"ImageObject\",\"inLanguage\":\"en-US\",\"@id\":\"https:\/\/deliciaspersas.com\/en\/tienda\/encurtidos\/torshi-bandari-mixto-verduras-en-escabeche-troceadas-zoshk\/#primaryimage\",\"url\":\"https:\/\/deliciaspersas.com\/wp-content\/uploads\/Torshi-Bandari-mixto-verduras-en-escabeche-troceadas-650g-Zoshk.jpg\",\"contentUrl\":\"https:\/\/deliciaspersas.com\/wp-content\/uploads\/Torshi-Bandari-mixto-verduras-en-escabeche-troceadas-650g-Zoshk.jpg\",\"width\":760,\"height\":760,\"caption\":\"Torshi Bandari mixto verduras en escabeche troceadas 650g Zoshk\"},{\"@type\":\"BreadcrumbList\",\"@id\":\"https:\/\/deliciaspersas.com\/en\/tienda\/encurtidos\/torshi-bandari-mixto-verduras-en-escabeche-troceadas-zoshk\/#breadcrumb\",\"itemListElement\":[{\"@type\":\"ListItem\",\"position\":1,\"name\":\"Portada\",\"item\":\"https:\/\/deliciaspersas.com\/en\/\"},{\"@type\":\"ListItem\",\"position\":2,\"name\":\"Tienda\",\"item\":\"https:\/\/deliciaspersas.com\/\"},{\"@type\":\"ListItem\",\"position\":3,\"name\":\"Torshi Bandari mixto verduras en escabeche troceadas 650g Zoshk\"}]},{\"@type\":\"WebSite\",\"@id\":\"https:\/\/deliciaspersas.com\/en\/#website\",\"url\":\"https:\/\/deliciaspersas.com\/en\/\",\"name\":\"Delicias Persas\",\"description\":\"Gastronom&iacute;a persa al alcance de tus manos\",\"publisher\":{\"@id\":\"https:\/\/deliciaspersas.com\/en\/#organization\"},\"potentialAction\":[{\"@type\":\"SearchAction\",\"target\":{\"@type\":\"EntryPoint\",\"urlTemplate\":\"https:\/\/deliciaspersas.com\/en\/?s={search_term_string}\"},\"query-input\":{\"@type\":\"PropertyValueSpecification\",\"valueRequired\":true,\"valueName\":\"search_term_string\"}}],\"inLanguage\":\"en-US\"},{\"@type\":\"Organization\",\"@id\":\"https:\/\/deliciaspersas.com\/en\/#organization\",\"name\":\"Delicias Persas\",\"url\":\"https:\/\/deliciaspersas.com\/en\/\",\"logo\":{\"@type\":\"ImageObject\",\"inLanguage\":\"en-US\",\"@id\":\"https:\/\/deliciaspersas.com\/en\/#\/schema\/logo\/image\/\",\"url\":\"https:\/\/deliciaspersas.com\/wp-content\/uploads\/2020\/07\/logo-2020.png\",\"contentUrl\":\"https:\/\/deliciaspersas.com\/wp-content\/uploads\/2020\/07\/logo-2020.png\",\"width\":520,\"height\":490,\"caption\":\"Delicias Persas\"},\"image\":{\"@id\":\"https:\/\/deliciaspersas.com\/en\/#\/schema\/logo\/image\/\"},\"sameAs\":[\"https:\/\/www.facebook.com\/Deliciaspersas\",\"https:\/\/www.instagram.com\/delicias_persas\/\",\"https:\/\/www.linkedin.com\/delicias-persas\"]}]}<\/script>\n<!-- \/ Yoast SEO plugin. -->","yoast_head_json":{"title":"Torshi Bandari mixto verduras en escabeche troceadas 650g Zoshk - Delicias Persas","description":"Torshi bandari. El torshi es una ayuda indispensable para la digesti\u00f3n y le da a la comida un sabor extraordinario...","robots":{"index":"index","follow":"follow","max-snippet":"max-snippet:-1","max-image-preview":"max-image-preview:large","max-video-preview":"max-video-preview:-1"},"canonical":"https:\/\/deliciaspersas.com\/en\/tienda\/encurtidos\/torshi-bandari-mixto-verduras-en-escabeche-troceadas-zoshk\/","og_locale":"en_US","og_type":"article","og_title":"Torshi Bandari mixto verduras en escabeche troceadas 650g Zoshk - Delicias Persas","og_description":"Torshi bandari. El torshi es una ayuda indispensable para la digesti\u00f3n y le da a la comida un sabor extraordinario...","og_url":"https:\/\/deliciaspersas.com\/en\/tienda\/encurtidos\/torshi-bandari-mixto-verduras-en-escabeche-troceadas-zoshk\/","og_site_name":"Delicias Persas","article_publisher":"https:\/\/www.facebook.com\/Deliciaspersas","article_modified_time":"2024-12-20T16:58:04+00:00","og_image":[{"width":760,"height":760,"url":"https:\/\/deliciaspersas.com\/wp-content\/uploads\/Torshi-Bandari-mixto-verduras-en-escabeche-troceadas-650g-Zoshk.jpg","type":"image\/jpeg"}],"twitter_card":"summary_large_image","twitter_misc":{"Est. reading time":"2 minutes"},"schema":{"@context":"https:\/\/schema.org","@graph":[{"@type":"WebPage","@id":"https:\/\/deliciaspersas.com\/en\/tienda\/encurtidos\/torshi-bandari-mixto-verduras-en-escabeche-troceadas-zoshk\/","url":"https:\/\/deliciaspersas.com\/en\/tienda\/encurtidos\/torshi-bandari-mixto-verduras-en-escabeche-troceadas-zoshk\/","name":"Torshi Bandari mixto verduras en escabeche troceadas 650g Zoshk - Delicias Persas","isPartOf":{"@id":"https:\/\/deliciaspersas.com\/en\/#website"},"primaryImageOfPage":{"@id":"https:\/\/deliciaspersas.com\/en\/tienda\/encurtidos\/torshi-bandari-mixto-verduras-en-escabeche-troceadas-zoshk\/#primaryimage"},"image":{"@id":"https:\/\/deliciaspersas.com\/en\/tienda\/encurtidos\/torshi-bandari-mixto-verduras-en-escabeche-troceadas-zoshk\/#primaryimage"},"thumbnailUrl":"https:\/\/deliciaspersas.com\/wp-content\/uploads\/Torshi-Bandari-mixto-verduras-en-escabeche-troceadas-650g-Zoshk.jpg","datePublished":"2020-08-06T08:28:33+00:00","dateModified":"2024-12-20T16:58:04+00:00","description":"Torshi bandari. El torshi es una ayuda indispensable para la digesti\u00f3n y le da a la comida un sabor extraordinario...","breadcrumb":{"@id":"https:\/\/deliciaspersas.com\/en\/tienda\/encurtidos\/torshi-bandari-mixto-verduras-en-escabeche-troceadas-zoshk\/#breadcrumb"},"inLanguage":"en-US","potentialAction":[{"@type":"ReadAction","target":["https:\/\/deliciaspersas.com\/en\/tienda\/encurtidos\/torshi-bandari-mixto-verduras-en-escabeche-troceadas-zoshk\/"]}]},{"@type":"ImageObject","inLanguage":"en-US","@id":"https:\/\/deliciaspersas.com\/en\/tienda\/encurtidos\/torshi-bandari-mixto-verduras-en-escabeche-troceadas-zoshk\/#primaryimage","url":"https:\/\/deliciaspersas.com\/wp-content\/uploads\/Torshi-Bandari-mixto-verduras-en-escabeche-troceadas-650g-Zoshk.jpg","contentUrl":"https:\/\/deliciaspersas.com\/wp-content\/uploads\/Torshi-Bandari-mixto-verduras-en-escabeche-troceadas-650g-Zoshk.jpg","width":760,"height":760,"caption":"Torshi Bandari mixto verduras en escabeche troceadas 650g Zoshk"},{"@type":"BreadcrumbList","@id":"https:\/\/deliciaspersas.com\/en\/tienda\/encurtidos\/torshi-bandari-mixto-verduras-en-escabeche-troceadas-zoshk\/#breadcrumb","itemListElement":[{"@type":"ListItem","position":1,"name":"Portada","item":"https:\/\/deliciaspersas.com\/en\/"},{"@type":"ListItem","position":2,"name":"Tienda","item":"https:\/\/deliciaspersas.com\/"},{"@type":"ListItem","position":3,"name":"Torshi Bandari mixto verduras en escabeche troceadas 650g Zoshk"}]},{"@type":"WebSite","@id":"https:\/\/deliciaspersas.com\/en\/#website","url":"https:\/\/deliciaspersas.com\/en\/","name":"Delicias Persas","description":"Gastronom&iacute;a persa al alcance de tus manos","publisher":{"@id":"https:\/\/deliciaspersas.com\/en\/#organization"},"potentialAction":[{"@type":"SearchAction","target":{"@type":"EntryPoint","urlTemplate":"https:\/\/deliciaspersas.com\/en\/?s={search_term_string}"},"query-input":{"@type":"PropertyValueSpecification","valueRequired":true,"valueName":"search_term_string"}}],"inLanguage":"en-US"},{"@type":"Organization","@id":"https:\/\/deliciaspersas.com\/en\/#organization","name":"Delicias Persas","url":"https:\/\/deliciaspersas.com\/en\/","logo":{"@type":"ImageObject","inLanguage":"en-US","@id":"https:\/\/deliciaspersas.com\/en\/#\/schema\/logo\/image\/","url":"https:\/\/deliciaspersas.com\/wp-content\/uploads\/2020\/07\/logo-2020.png","contentUrl":"https:\/\/deliciaspersas.com\/wp-content\/uploads\/2020\/07\/logo-2020.png","width":520,"height":490,"caption":"Delicias Persas"},"image":{"@id":"https:\/\/deliciaspersas.com\/en\/#\/schema\/logo\/image\/"},"sameAs":["https:\/\/www.facebook.com\/Deliciaspersas","https:\/\/www.instagram.com\/delicias_persas\/","https:\/\/www.linkedin.com\/delicias-persas"]}]}},"uagb_featured_image_src":{"full":["https:\/\/deliciaspersas.com\/wp-content\/uploads\/Torshi-Bandari-mixto-verduras-en-escabeche-troceadas-650g-Zoshk.jpg",760,760,false],"thumbnail":["https:\/\/deliciaspersas.com\/wp-content\/uploads\/Torshi-Bandari-mixto-verduras-en-escabeche-troceadas-650g-Zoshk-150x150.jpg",150,150,true],"medium":["https:\/\/deliciaspersas.com\/wp-content\/uploads\/Torshi-Bandari-mixto-verduras-en-escabeche-troceadas-650g-Zoshk-300x300.jpg",300,300,true],"medium_large":["https:\/\/deliciaspersas.com\/wp-content\/uploads\/Torshi-Bandari-mixto-verduras-en-escabeche-troceadas-650g-Zoshk.jpg",760,760,false],"large":["https:\/\/deliciaspersas.com\/wp-content\/uploads\/Torshi-Bandari-mixto-verduras-en-escabeche-troceadas-650g-Zoshk.jpg",760,760,false],"1536x1536":["https:\/\/deliciaspersas.com\/wp-content\/uploads\/Torshi-Bandari-mixto-verduras-en-escabeche-troceadas-650g-Zoshk.jpg",760,760,false],"2048x2048":["https:\/\/deliciaspersas.com\/wp-content\/uploads\/Torshi-Bandari-mixto-verduras-en-escabeche-troceadas-650g-Zoshk.jpg",760,760,false],"woocommerce_thumbnail":["https:\/\/deliciaspersas.com\/wp-content\/uploads\/Torshi-Bandari-mixto-verduras-en-escabeche-troceadas-650g-Zoshk-300x300.jpg",300,300,true],"woocommerce_single":["https:\/\/deliciaspersas.com\/wp-content\/uploads\/Torshi-Bandari-mixto-verduras-en-escabeche-troceadas-650g-Zoshk-600x600.jpg",600,600,true],"woocommerce_gallery_thumbnail":["https:\/\/deliciaspersas.com\/wp-content\/uploads\/Torshi-Bandari-mixto-verduras-en-escabeche-troceadas-650g-Zoshk-100x100.jpg",100,100,true]},"uagb_author_info":{"display_name":"ventas.dayan","author_link":"https:\/\/deliciaspersas.com\/en\/author\/"},"uagb_comment_info":0,"uagb_excerpt":"Torshi Bandari mixto verduras en escabeche troceadas 650g Zoshk Informaci\u00f3n del producto: Un buen Torshi es una guarnici\u00f3n picante y sabrosa que aumenta el disfrute del plato principal. Torshi puede mantenerse en la nevera durante meses despu\u00e9s de abrirse. Bandari Torshi es de la provincia del Golfo P\u00e9rsico, donde la influencia de las especias indias&hellip;","brands":[{"id":67,"name":"Zoshk","slug":"zoshk"}],"_links":{"self":[{"href":"https:\/\/deliciaspersas.com\/en\/wp-json\/wp\/v2\/product\/4073"}],"collection":[{"href":"https:\/\/deliciaspersas.com\/en\/wp-json\/wp\/v2\/product"}],"about":[{"href":"https:\/\/deliciaspersas.com\/en\/wp-json\/wp\/v2\/types\/product"}],"wp:featuredmedia":[{"embeddable":true,"href":"https:\/\/deliciaspersas.com\/en\/wp-json\/wp\/v2\/media\/4699"}],"wp:attachment":[{"href":"https:\/\/deliciaspersas.com\/en\/wp-json\/wp\/v2\/media?parent=4073"}],"wp:term":[{"taxonomy":"pwb-brand","embeddable":true,"href":"https:\/\/deliciaspersas.com\/en\/wp-json\/wp\/v2\/pwb-brand?post=4073"},{"taxonomy":"product_cat","embeddable":true,"href":"https:\/\/deliciaspersas.com\/en\/wp-json\/wp\/v2\/product_cat?post=4073"},{"taxonomy":"product_tag","embeddable":true,"href":"https:\/\/deliciaspersas.com\/en\/wp-json\/wp\/v2\/product_tag?post=4073"}],"curies":[{"name":"wp","href":"https:\/\/api.w.org\/{rel}","templated":true}]}}