{"id":4087,"date":"2020-08-05T11:49:43","date_gmt":"2020-08-05T09:49:43","guid":{"rendered":"https:\/\/deliciaspersas.com\/?post_type=product&#038;p=4087"},"modified":"2023-03-25T16:00:20","modified_gmt":"2023-03-25T15:00:20","slug":"crema-de-sesamo-eyvan","status":"publish","type":"product","link":"https:\/\/deliciaspersas.com\/en\/tienda\/delicias-dulces\/crema-de-sesamo-eyvan\/","title":{"rendered":"Crema de d\u00e1tiles con s\u00e9samo 250g Eyvan"},"content":{"rendered":"<h1>Crema de d\u00e1tiles con s\u00e9samo 250g Eyvan<\/h1>\n<h6>Informaci\u00f3n del producto:<\/h6>\n<p>El tahini o tahina es una\u00a0crema de s\u00e9samo muy utilizada en la cocina persa. Esta pasta se obtiene a partir de semillas de s\u00e9samo o ajonjol\u00ed molida.<\/p>\n<h6>Usos:<\/h6>\n<p>La crema de s\u00e9samo es un aderezo com\u00fan en nuestra gastronom\u00eda, y su uso aporta diversos beneficios tales como la ayuda al sistema \u00f3seo gracias a su gran aporte de calcio, la disminici\u00f3n del colesterol, ya que contiene \u00e1cidos grasos insaturados y fitoesteroles que inhiben la absorci\u00f3n del colesterol en los intestinos.<\/p>\n<h6>Beneficios:<\/h6>\n<p class=\"p1\">El uso de esta crema, aporta los beneficios de la crema de d\u00e1tiles, como su aporte de\u00a0Vitaminas\u00a0A, C y E, vitaminas del grupo B (B1, B2 y B3)\u00a0y minerales:Potasio,\u00a0magnesio, calcio, cobre, zinc, selenio, f\u00f3sforo, calcio, hierro y sodio.\u00a0As\u00ed como los beneficios de la canela, que regula los niveles de colesterol, y es un magn\u00edfico estimulante.<\/p>\n<p>los d\u00e1tiles, por su alto contenido en fibra diet\u00e9tica, logran combatir e estre\u00f1imiento.<\/p>\n<p>Los minerales que se encuentran en los d\u00e1tiles, hacen de ellos un alimento ideal para fortalecer los huesos y combatir las enfermedades como la osteoporosis.<\/p>\n<p>Al tener poca grasa\u00a0ayudan a regular los niveles de colestrol malo y prevenir enfermedades del coraz\u00f3n.<\/p>\n<p>Son grandes portadores de energ\u00eda\u00a0saludable, ya que contienen az\u00facares naturales pero con un bajo \u00edndice gluc\u00e9mico. Por ello puedencombatir el cansancio y la fatiga y a\u00f1adir un plus de energ\u00eda.<\/p>\n<p>Gracias a su\u00a0aporte en potasio pueden\u00a0regular el sistema nervioso.<\/p>\n<p>Varios<b>\u00a0<\/b>estudios han demostrado que los d\u00e1tiles son beneficiosos para aumentar la potencia sexual gracias a sus altos niveles de estradiol y flavonoides, que aumentan el recuento de esperma y la movilidad de los mismos.<\/p>\n<p>Los d\u00e1tiles pueden deben incluirse como parte de una dieta saludable.<\/p>\n<p>Por su contenido en az\u00facares, los d\u00e1tilesno son aptos para los diab\u00e9ticos.\u00a0Tampoco se recomienda en caso de insuficiencia renal o problemas de est\u00f3mago.<\/p>\n<div class=\"step\">\n<div class=\"paragraph\">\n<p><span style=\"font-size: 1.1em; font-weight: bold;\">Ingredientes y al\u00e9rgenos:<\/span><\/p>\n<\/div>\n<\/div>\n<p>Sus ingredientes son:<\/p>\n<ol class=\"list-unstyled text-cookpad-18\" data-target=\"dir.auto\">\n<li>200 gramos de semillas de s\u00e9samo.<\/li>\n<li>40 gramos de aceite de s\u00e9samo o de oliva.<\/li>\n<\/ol>\n<h6>Condiciones de conservaci\u00f3n:<\/h6>\n<p>Conservar en un lugar fresco, seco y protegido de la luz.<\/p>\n<h6>Informaci\u00f3n adicional:<\/h6>\n<p>Fabricado por: Eyvan.<\/p>\n","protected":false},"excerpt":{"rendered":"<p>Crema de d\u00e1tiles con s\u00e9samo 250g Eyvan Informaci\u00f3n del producto: El tahini o tahina es una\u00a0crema de s\u00e9samo muy utilizada en la cocina persa. Esta pasta se obtiene a partir de semillas de s\u00e9samo o ajonjol\u00ed molida. Usos: La crema de s\u00e9samo es un aderezo com\u00fan en nuestra gastronom\u00eda, y su uso aporta diversos beneficios [&hellip;]<\/p>\n","protected":false},"featured_media":4232,"template":"","meta":{"_surecart_dashboard_logo_width":"180px","_surecart_dashboard_show_logo":true,"_surecart_dashboard_navigation_orders":true,"_surecart_dashboard_navigation_invoices":true,"_surecart_dashboard_navigation_subscriptions":true,"_surecart_dashboard_navigation_downloads":true,"_surecart_dashboard_navigation_billing":true,"_surecart_dashboard_navigation_account":true,"_uag_custom_page_level_css":"","site-sidebar-layout":"default","site-content-layout":"default","ast-site-content-layout":"","site-content-style":"default","site-sidebar-style":"default","ast-global-header-display":"","ast-banner-title-visibility":"","ast-main-header-display":"","ast-hfb-above-header-display":"","ast-hfb-below-header-display":"","ast-hfb-mobile-header-display":"","site-post-title":"","ast-breadcrumbs-content":"","ast-featured-img":"","footer-sml-layout":"","theme-transparent-header-meta":"default","adv-header-id-meta":"","stick-header-meta":"","header-above-stick-meta":"","header-main-stick-meta":"","header-below-stick-meta":"","astra-migrate-meta-layouts":"default","ast-page-background-enabled":"default","ast-page-background-meta":{"desktop":{"background-color":"","background-image":"","background-repeat":"repeat","background-position":"center center","background-size":"auto","background-attachment":"scroll","background-type":"","background-media":"","overlay-type":"","overlay-color":"","overlay-opacity":"","overlay-gradient":""},"tablet":{"background-color":"","background-image":"","background-repeat":"repeat","background-position":"center center","background-size":"auto","background-attachment":"scroll","background-type":"","background-media":"","overlay-type":"","overlay-color":"","overlay-opacity":"","overlay-gradient":""},"mobile":{"background-color":"","background-image":"","background-repeat":"repeat","background-position":"center center","background-size":"auto","background-attachment":"scroll","background-type":"","background-media":"","overlay-type":"","overlay-color":"","overlay-opacity":"","overlay-gradient":""}},"ast-content-background-meta":{"desktop":{"background-color":"var(--ast-global-color-5)","background-image":"","background-repeat":"repeat","background-position":"center center","background-size":"auto","background-attachment":"scroll","background-type":"","background-media":"","overlay-type":"","overlay-color":"","overlay-opacity":"","overlay-gradient":""},"tablet":{"background-color":"var(--ast-global-color-5)","background-image":"","background-repeat":"repeat","background-position":"center center","background-size":"auto","background-attachment":"scroll","background-type":"","background-media":"","overlay-type":"","overlay-color":"","overlay-opacity":"","overlay-gradient":""},"mobile":{"background-color":"var(--ast-global-color-5)","background-image":"","background-repeat":"repeat","background-position":"center center","background-size":"auto","background-attachment":"scroll","background-type":"","background-media":"","overlay-type":"","overlay-color":"","overlay-opacity":"","overlay-gradient":""}}},"pwb-brand":[73],"product_cat":[31,36],"product_tag":[611,918,917,576,919],"class_list":{"0":"post-4087","1":"product","2":"type-product","3":"status-publish","4":"has-post-thumbnail","6":"pwb-brand-eyvan","7":"product_cat-delicias-dulces","8":"product_cat-desayuno","9":"product_tag-canela","10":"product_tag-crema-de-datil","11":"product_tag-datiles","12":"product_tag-desayuno","13":"product_tag-919","14":"desktop-align-center","15":"tablet-align-center","16":"mobile-align-center","18":"first","19":"outofstock","20":"sale","21":"taxable","22":"shipping-taxable","23":"purchasable","24":"product-type-simple"},"yoast_head":"<!-- This site is optimized with the Yoast SEO plugin v23.6 - https:\/\/yoast.com\/wordpress\/plugins\/seo\/ -->\n<title>Crema de d\u00e1tiles con s\u00e9samo 250g Eyvan - Delicias Persas<\/title>\n<meta name=\"description\" content=\"La crema de sesamo es un postre com\u00fan persa, y su uso aporta diversos beneficios tales como la ayuda al sistema \u00f3seo...\" \/>\n<meta name=\"robots\" content=\"index, follow, max-snippet:-1, max-image-preview:large, max-video-preview:-1\" \/>\n<link rel=\"canonical\" href=\"https:\/\/deliciaspersas.com\/en\/tienda\/delicias-dulces\/crema-de-sesamo-eyvan\/\" \/>\n<meta property=\"og:locale\" content=\"en_US\" \/>\n<meta property=\"og:type\" content=\"article\" \/>\n<meta property=\"og:title\" content=\"Crema de d\u00e1tiles con s\u00e9samo 250g Eyvan - Delicias Persas\" \/>\n<meta property=\"og:description\" content=\"La crema de sesamo es un postre com\u00fan persa, y su uso aporta diversos beneficios tales como la ayuda al sistema \u00f3seo...\" \/>\n<meta property=\"og:url\" content=\"https:\/\/deliciaspersas.com\/en\/tienda\/delicias-dulces\/crema-de-sesamo-eyvan\/\" \/>\n<meta property=\"og:site_name\" content=\"Delicias Persas\" \/>\n<meta property=\"article:publisher\" content=\"https:\/\/www.facebook.com\/Deliciaspersas\" \/>\n<meta property=\"article:modified_time\" content=\"2023-03-25T15:00:20+00:00\" \/>\n<meta property=\"og:image\" content=\"https:\/\/deliciaspersas.com\/wp-content\/uploads\/2020\/07\/8-2.jpg\" \/>\n\t<meta property=\"og:image:width\" content=\"760\" \/>\n\t<meta property=\"og:image:height\" content=\"760\" \/>\n\t<meta property=\"og:image:type\" content=\"image\/jpeg\" \/>\n<meta name=\"twitter:card\" content=\"summary_large_image\" \/>\n<meta name=\"twitter:label1\" content=\"Est. reading time\" \/>\n\t<meta name=\"twitter:data1\" content=\"2 minutes\" \/>\n<script type=\"application\/ld+json\" class=\"yoast-schema-graph\">{\"@context\":\"https:\/\/schema.org\",\"@graph\":[{\"@type\":\"WebPage\",\"@id\":\"https:\/\/deliciaspersas.com\/en\/tienda\/delicias-dulces\/crema-de-sesamo-eyvan\/\",\"url\":\"https:\/\/deliciaspersas.com\/en\/tienda\/delicias-dulces\/crema-de-sesamo-eyvan\/\",\"name\":\"Crema de d\u00e1tiles con s\u00e9samo 250g Eyvan - Delicias Persas\",\"isPartOf\":{\"@id\":\"https:\/\/deliciaspersas.com\/en\/#website\"},\"primaryImageOfPage\":{\"@id\":\"https:\/\/deliciaspersas.com\/en\/tienda\/delicias-dulces\/crema-de-sesamo-eyvan\/#primaryimage\"},\"image\":{\"@id\":\"https:\/\/deliciaspersas.com\/en\/tienda\/delicias-dulces\/crema-de-sesamo-eyvan\/#primaryimage\"},\"thumbnailUrl\":\"https:\/\/deliciaspersas.com\/wp-content\/uploads\/2020\/07\/8-2.jpg\",\"datePublished\":\"2020-08-05T09:49:43+00:00\",\"dateModified\":\"2023-03-25T15:00:20+00:00\",\"description\":\"La crema de sesamo es un postre com\u00fan persa, y su uso aporta diversos beneficios tales como la ayuda al sistema \u00f3seo...\",\"breadcrumb\":{\"@id\":\"https:\/\/deliciaspersas.com\/en\/tienda\/delicias-dulces\/crema-de-sesamo-eyvan\/#breadcrumb\"},\"inLanguage\":\"en-US\",\"potentialAction\":[{\"@type\":\"ReadAction\",\"target\":[\"https:\/\/deliciaspersas.com\/en\/tienda\/delicias-dulces\/crema-de-sesamo-eyvan\/\"]}]},{\"@type\":\"ImageObject\",\"inLanguage\":\"en-US\",\"@id\":\"https:\/\/deliciaspersas.com\/en\/tienda\/delicias-dulces\/crema-de-sesamo-eyvan\/#primaryimage\",\"url\":\"https:\/\/deliciaspersas.com\/wp-content\/uploads\/2020\/07\/8-2.jpg\",\"contentUrl\":\"https:\/\/deliciaspersas.com\/wp-content\/uploads\/2020\/07\/8-2.jpg\",\"width\":760,\"height\":760},{\"@type\":\"BreadcrumbList\",\"@id\":\"https:\/\/deliciaspersas.com\/en\/tienda\/delicias-dulces\/crema-de-sesamo-eyvan\/#breadcrumb\",\"itemListElement\":[{\"@type\":\"ListItem\",\"position\":1,\"name\":\"Portada\",\"item\":\"https:\/\/deliciaspersas.com\/en\/\"},{\"@type\":\"ListItem\",\"position\":2,\"name\":\"Tienda\",\"item\":\"https:\/\/deliciaspersas.com\/\"},{\"@type\":\"ListItem\",\"position\":3,\"name\":\"Crema de d\u00e1tiles con s\u00e9samo 250g Eyvan\"}]},{\"@type\":\"WebSite\",\"@id\":\"https:\/\/deliciaspersas.com\/en\/#website\",\"url\":\"https:\/\/deliciaspersas.com\/en\/\",\"name\":\"Delicias Persas\",\"description\":\"Gastronom&iacute;a persa al alcance de tus manos\",\"publisher\":{\"@id\":\"https:\/\/deliciaspersas.com\/en\/#organization\"},\"potentialAction\":[{\"@type\":\"SearchAction\",\"target\":{\"@type\":\"EntryPoint\",\"urlTemplate\":\"https:\/\/deliciaspersas.com\/en\/?s={search_term_string}\"},\"query-input\":{\"@type\":\"PropertyValueSpecification\",\"valueRequired\":true,\"valueName\":\"search_term_string\"}}],\"inLanguage\":\"en-US\"},{\"@type\":\"Organization\",\"@id\":\"https:\/\/deliciaspersas.com\/en\/#organization\",\"name\":\"Delicias Persas\",\"url\":\"https:\/\/deliciaspersas.com\/en\/\",\"logo\":{\"@type\":\"ImageObject\",\"inLanguage\":\"en-US\",\"@id\":\"https:\/\/deliciaspersas.com\/en\/#\/schema\/logo\/image\/\",\"url\":\"https:\/\/deliciaspersas.com\/wp-content\/uploads\/2020\/07\/logo-2020.png\",\"contentUrl\":\"https:\/\/deliciaspersas.com\/wp-content\/uploads\/2020\/07\/logo-2020.png\",\"width\":520,\"height\":490,\"caption\":\"Delicias Persas\"},\"image\":{\"@id\":\"https:\/\/deliciaspersas.com\/en\/#\/schema\/logo\/image\/\"},\"sameAs\":[\"https:\/\/www.facebook.com\/Deliciaspersas\",\"https:\/\/www.instagram.com\/delicias_persas\/\",\"https:\/\/www.linkedin.com\/delicias-persas\"]}]}<\/script>\n<!-- \/ Yoast SEO plugin. -->","yoast_head_json":{"title":"Crema de d\u00e1tiles con s\u00e9samo 250g Eyvan - Delicias Persas","description":"La crema de sesamo es un postre com\u00fan persa, y su uso aporta diversos beneficios tales como la ayuda al sistema \u00f3seo...","robots":{"index":"index","follow":"follow","max-snippet":"max-snippet:-1","max-image-preview":"max-image-preview:large","max-video-preview":"max-video-preview:-1"},"canonical":"https:\/\/deliciaspersas.com\/en\/tienda\/delicias-dulces\/crema-de-sesamo-eyvan\/","og_locale":"en_US","og_type":"article","og_title":"Crema de d\u00e1tiles con s\u00e9samo 250g Eyvan - Delicias Persas","og_description":"La crema de sesamo es un postre com\u00fan persa, y su uso aporta diversos beneficios tales como la ayuda al sistema \u00f3seo...","og_url":"https:\/\/deliciaspersas.com\/en\/tienda\/delicias-dulces\/crema-de-sesamo-eyvan\/","og_site_name":"Delicias Persas","article_publisher":"https:\/\/www.facebook.com\/Deliciaspersas","article_modified_time":"2023-03-25T15:00:20+00:00","og_image":[{"width":760,"height":760,"url":"https:\/\/deliciaspersas.com\/wp-content\/uploads\/2020\/07\/8-2.jpg","type":"image\/jpeg"}],"twitter_card":"summary_large_image","twitter_misc":{"Est. reading time":"2 minutes"},"schema":{"@context":"https:\/\/schema.org","@graph":[{"@type":"WebPage","@id":"https:\/\/deliciaspersas.com\/en\/tienda\/delicias-dulces\/crema-de-sesamo-eyvan\/","url":"https:\/\/deliciaspersas.com\/en\/tienda\/delicias-dulces\/crema-de-sesamo-eyvan\/","name":"Crema de d\u00e1tiles con s\u00e9samo 250g Eyvan - Delicias Persas","isPartOf":{"@id":"https:\/\/deliciaspersas.com\/en\/#website"},"primaryImageOfPage":{"@id":"https:\/\/deliciaspersas.com\/en\/tienda\/delicias-dulces\/crema-de-sesamo-eyvan\/#primaryimage"},"image":{"@id":"https:\/\/deliciaspersas.com\/en\/tienda\/delicias-dulces\/crema-de-sesamo-eyvan\/#primaryimage"},"thumbnailUrl":"https:\/\/deliciaspersas.com\/wp-content\/uploads\/2020\/07\/8-2.jpg","datePublished":"2020-08-05T09:49:43+00:00","dateModified":"2023-03-25T15:00:20+00:00","description":"La crema de sesamo es un postre com\u00fan persa, y su uso aporta diversos beneficios tales como la ayuda al sistema \u00f3seo...","breadcrumb":{"@id":"https:\/\/deliciaspersas.com\/en\/tienda\/delicias-dulces\/crema-de-sesamo-eyvan\/#breadcrumb"},"inLanguage":"en-US","potentialAction":[{"@type":"ReadAction","target":["https:\/\/deliciaspersas.com\/en\/tienda\/delicias-dulces\/crema-de-sesamo-eyvan\/"]}]},{"@type":"ImageObject","inLanguage":"en-US","@id":"https:\/\/deliciaspersas.com\/en\/tienda\/delicias-dulces\/crema-de-sesamo-eyvan\/#primaryimage","url":"https:\/\/deliciaspersas.com\/wp-content\/uploads\/2020\/07\/8-2.jpg","contentUrl":"https:\/\/deliciaspersas.com\/wp-content\/uploads\/2020\/07\/8-2.jpg","width":760,"height":760},{"@type":"BreadcrumbList","@id":"https:\/\/deliciaspersas.com\/en\/tienda\/delicias-dulces\/crema-de-sesamo-eyvan\/#breadcrumb","itemListElement":[{"@type":"ListItem","position":1,"name":"Portada","item":"https:\/\/deliciaspersas.com\/en\/"},{"@type":"ListItem","position":2,"name":"Tienda","item":"https:\/\/deliciaspersas.com\/"},{"@type":"ListItem","position":3,"name":"Crema de d\u00e1tiles con s\u00e9samo 250g Eyvan"}]},{"@type":"WebSite","@id":"https:\/\/deliciaspersas.com\/en\/#website","url":"https:\/\/deliciaspersas.com\/en\/","name":"Delicias Persas","description":"Gastronom&iacute;a persa al alcance de tus manos","publisher":{"@id":"https:\/\/deliciaspersas.com\/en\/#organization"},"potentialAction":[{"@type":"SearchAction","target":{"@type":"EntryPoint","urlTemplate":"https:\/\/deliciaspersas.com\/en\/?s={search_term_string}"},"query-input":{"@type":"PropertyValueSpecification","valueRequired":true,"valueName":"search_term_string"}}],"inLanguage":"en-US"},{"@type":"Organization","@id":"https:\/\/deliciaspersas.com\/en\/#organization","name":"Delicias Persas","url":"https:\/\/deliciaspersas.com\/en\/","logo":{"@type":"ImageObject","inLanguage":"en-US","@id":"https:\/\/deliciaspersas.com\/en\/#\/schema\/logo\/image\/","url":"https:\/\/deliciaspersas.com\/wp-content\/uploads\/2020\/07\/logo-2020.png","contentUrl":"https:\/\/deliciaspersas.com\/wp-content\/uploads\/2020\/07\/logo-2020.png","width":520,"height":490,"caption":"Delicias Persas"},"image":{"@id":"https:\/\/deliciaspersas.com\/en\/#\/schema\/logo\/image\/"},"sameAs":["https:\/\/www.facebook.com\/Deliciaspersas","https:\/\/www.instagram.com\/delicias_persas\/","https:\/\/www.linkedin.com\/delicias-persas"]}]}},"uagb_featured_image_src":{"full":["https:\/\/deliciaspersas.com\/wp-content\/uploads\/2020\/07\/8-2.jpg",760,760,false],"thumbnail":["https:\/\/deliciaspersas.com\/wp-content\/uploads\/2020\/07\/8-2-150x150.jpg",150,150,true],"medium":["https:\/\/deliciaspersas.com\/wp-content\/uploads\/2020\/07\/8-2-300x300.jpg",300,300,true],"medium_large":["https:\/\/deliciaspersas.com\/wp-content\/uploads\/2020\/07\/8-2.jpg",760,760,false],"large":["https:\/\/deliciaspersas.com\/wp-content\/uploads\/2020\/07\/8-2.jpg",760,760,false],"1536x1536":["https:\/\/deliciaspersas.com\/wp-content\/uploads\/2020\/07\/8-2.jpg",760,760,false],"2048x2048":["https:\/\/deliciaspersas.com\/wp-content\/uploads\/2020\/07\/8-2.jpg",760,760,false],"woocommerce_thumbnail":["https:\/\/deliciaspersas.com\/wp-content\/uploads\/2020\/07\/8-2-300x300.jpg",300,300,true],"woocommerce_single":["https:\/\/deliciaspersas.com\/wp-content\/uploads\/2020\/07\/8-2-600x600.jpg",600,600,true],"woocommerce_gallery_thumbnail":["https:\/\/deliciaspersas.com\/wp-content\/uploads\/2020\/07\/8-2-100x100.jpg",100,100,true]},"uagb_author_info":{"display_name":"ventas.dayan","author_link":"https:\/\/deliciaspersas.com\/en\/author\/"},"uagb_comment_info":0,"uagb_excerpt":"Crema de d\u00e1tiles con s\u00e9samo 250g Eyvan Informaci\u00f3n del producto: El tahini o tahina es una\u00a0crema de s\u00e9samo muy utilizada en la cocina persa. Esta pasta se obtiene a partir de semillas de s\u00e9samo o ajonjol\u00ed molida. Usos: La crema de s\u00e9samo es un aderezo com\u00fan en nuestra gastronom\u00eda, y su uso aporta diversos beneficios&hellip;","brands":[{"id":73,"name":"Eyvan","slug":"eyvan"}],"_links":{"self":[{"href":"https:\/\/deliciaspersas.com\/en\/wp-json\/wp\/v2\/product\/4087"}],"collection":[{"href":"https:\/\/deliciaspersas.com\/en\/wp-json\/wp\/v2\/product"}],"about":[{"href":"https:\/\/deliciaspersas.com\/en\/wp-json\/wp\/v2\/types\/product"}],"wp:featuredmedia":[{"embeddable":true,"href":"https:\/\/deliciaspersas.com\/en\/wp-json\/wp\/v2\/media\/4232"}],"wp:attachment":[{"href":"https:\/\/deliciaspersas.com\/en\/wp-json\/wp\/v2\/media?parent=4087"}],"wp:term":[{"taxonomy":"pwb-brand","embeddable":true,"href":"https:\/\/deliciaspersas.com\/en\/wp-json\/wp\/v2\/pwb-brand?post=4087"},{"taxonomy":"product_cat","embeddable":true,"href":"https:\/\/deliciaspersas.com\/en\/wp-json\/wp\/v2\/product_cat?post=4087"},{"taxonomy":"product_tag","embeddable":true,"href":"https:\/\/deliciaspersas.com\/en\/wp-json\/wp\/v2\/product_tag?post=4087"}],"curies":[{"name":"wp","href":"https:\/\/api.w.org\/{rel}","templated":true}]}}