{"id":4108,"date":"2020-08-06T09:17:05","date_gmt":"2020-08-06T07:17:05","guid":{"rendered":"https:\/\/deliciaspersas.com\/?post_type=product&#038;p=4108"},"modified":"2024-08-05T16:50:26","modified_gmt":"2024-08-05T14:50:26","slug":"reshteh-polo-tarkhine","status":"publish","type":"product","link":"https:\/\/deliciaspersas.com\/en\/tienda\/ofertas\/reshteh-polo-tarkhine\/","title":{"rendered":"Fideos de arroz Reshteh polo 400g Tarkhineh"},"content":{"rendered":"<h1>Fideos de arroz Reshteh polo 400g Tarkhineh<\/h1>\n<h6>Informaci\u00f3n del producto:<\/h6>\n<p>Estos fideos se emplean para la preparaci\u00f3n del plato Sabzi Polo.<\/p>\n<h6>Usos:<\/h6>\n<p>Estos fideos, sirven para la preparaci\u00f3n del sabzi polo; un t\u00edpico plato persa, que emplea tambi\u00e9n arroz y pescado.<\/p>\n<h6>Beneficios:<\/h6>\n<p>Hoy en d\u00eda encontramos una gran cantidad de productos que contienen harina de trigo. Algunos productos que forman parte de nuestra dieta como el pan o la pasta est\u00e1n elaborados con una cantidad importante de harina. Reshteh polo tambi\u00e9n es uno de estos productos.<\/p>\n<p>En realidad para que una dieta pueda ser considerada sana y equilibrada ha de contener alimentos de todo tipo. Tampoco pueden faltar aquellos que nos aportan una cantidad considerable de hidratos de carbono.<\/p>\n<p>La harina de trigo tomada con moderaci\u00f3n es un alimento recomendable para aquellas personas que tengan \u00e1cido \u00farico elevado, ayudando por ejemplo a evitar ataques de gota. Tambi\u00e9n beneficia al sistema circulatorio y al coraz\u00f3n, por lo que es id\u00f3neo para aquellos que tienen colesterol.<\/p>\n<p>Por su aportaci\u00f3n de hierro es aconsejable para aquellas personas que realizan entrenamientos muy intensos, puesto que es capaz de desarrollar y proteger la musculatura. Por su parte, el potasio que contiene la harina de trigo puede ayudar a regular la presi\u00f3n arterial e incluso a prevenir el reuma y la artritis.<\/p>\n<p>El trigo aporta minerales como el magnesio, hierro, calcio, potasio, zinc o selenio; vitaminas A, del grupo B y E, fibra, hidratos de carbono y prote\u00edna vegetal. El aporte de estos macro y micronutrientes es mucho m\u00e1s bajo en las harinas de trigo que han sido refinadas. Tambi\u00e9n es muy conocido el germen de trigo\u00a0por sus propiedades nutricionales y beneficios para la salud.<\/p>\n<div class=\"step\">\n<div class=\"paragraph\">\n<p><span style=\"font-size: 1.1em; font-weight: bold;\">Ingredientes y al\u00e9rgenos:<\/span><\/p>\n<\/div>\n<\/div>\n<p>Fideos.<\/p>\n<h6>Condiciones de conservaci\u00f3n:<\/h6>\n<p>Conservar en un lugar fresco, seco y protegido de la luz.<\/p>\n<h6>Informaci\u00f3n adicional:<\/h6>\n<p>Fabricado por: Tarkhineh<\/p>\n","protected":false},"excerpt":{"rendered":"<p>Fideos de arroz Reshteh polo 400g Tarkhineh Informaci\u00f3n del producto: Estos fideos se emplean para la preparaci\u00f3n del plato Sabzi Polo. Usos: Estos fideos, sirven para la preparaci\u00f3n del sabzi polo; un t\u00edpico plato persa, que emplea tambi\u00e9n arroz y pescado. Beneficios: Hoy en d\u00eda encontramos una gran cantidad de productos que contienen harina de [&hellip;]<\/p>\n","protected":false},"featured_media":4261,"template":"","meta":{"_surecart_dashboard_logo_width":"180px","_surecart_dashboard_show_logo":true,"_surecart_dashboard_navigation_orders":true,"_surecart_dashboard_navigation_invoices":true,"_surecart_dashboard_navigation_subscriptions":true,"_surecart_dashboard_navigation_downloads":true,"_surecart_dashboard_navigation_billing":true,"_surecart_dashboard_navigation_account":true,"_uag_custom_page_level_css":"","site-sidebar-layout":"default","site-content-layout":"default","ast-site-content-layout":"default","site-content-style":"default","site-sidebar-style":"default","ast-global-header-display":"","ast-banner-title-visibility":"","ast-main-header-display":"","ast-hfb-above-header-display":"","ast-hfb-below-header-display":"","ast-hfb-mobile-header-display":"","site-post-title":"","ast-breadcrumbs-content":"","ast-featured-img":"","footer-sml-layout":"","theme-transparent-header-meta":"default","adv-header-id-meta":"","stick-header-meta":"","header-above-stick-meta":"","header-main-stick-meta":"","header-below-stick-meta":"","astra-migrate-meta-layouts":"set","ast-page-background-enabled":"default","ast-page-background-meta":{"desktop":{"background-color":"","background-image":"","background-repeat":"repeat","background-position":"center center","background-size":"auto","background-attachment":"scroll","background-type":"","background-media":"","overlay-type":"","overlay-color":"","overlay-opacity":"","overlay-gradient":""},"tablet":{"background-color":"","background-image":"","background-repeat":"repeat","background-position":"center center","background-size":"auto","background-attachment":"scroll","background-type":"","background-media":"","overlay-type":"","overlay-color":"","overlay-opacity":"","overlay-gradient":""},"mobile":{"background-color":"","background-image":"","background-repeat":"repeat","background-position":"center center","background-size":"auto","background-attachment":"scroll","background-type":"","background-media":"","overlay-type":"","overlay-color":"","overlay-opacity":"","overlay-gradient":""}},"ast-content-background-meta":{"desktop":{"background-color":"var(--ast-global-color-5)","background-image":"","background-repeat":"repeat","background-position":"center center","background-size":"auto","background-attachment":"scroll","background-type":"","background-media":"","overlay-type":"","overlay-color":"","overlay-opacity":"","overlay-gradient":""},"tablet":{"background-color":"var(--ast-global-color-5)","background-image":"","background-repeat":"repeat","background-position":"center center","background-size":"auto","background-attachment":"scroll","background-type":"","background-media":"","overlay-type":"","overlay-color":"","overlay-opacity":"","overlay-gradient":""},"mobile":{"background-color":"var(--ast-global-color-5)","background-image":"","background-repeat":"repeat","background-position":"center center","background-size":"auto","background-attachment":"scroll","background-type":"","background-media":"","overlay-type":"","overlay-color":"","overlay-opacity":"","overlay-gradient":""}}},"pwb-brand":[83],"product_cat":[548,44],"product_tag":[703,1057,630,947,631,523],"class_list":{"0":"post-4108","1":"product","2":"type-product","3":"status-publish","4":"has-post-thumbnail","6":"pwb-brand-tarkhineh","7":"product_cat-fideos","8":"product_cat-ofertas","9":"product_tag-ash","10":"product_tag-caliente","11":"product_tag-fideos","12":"product_tag-harina","13":"product_tag-sopa","14":"product_tag-523","15":"desktop-align-center","16":"tablet-align-center","17":"mobile-align-center","19":"first","20":"outofstock","21":"taxable","22":"shipping-taxable","23":"purchasable","24":"product-type-simple"},"yoast_head":"<!-- This site is optimized with the Yoast SEO plugin v23.6 - https:\/\/yoast.com\/wordpress\/plugins\/seo\/ -->\n<title>Fideos de arroz Reshteh polo 400g Tarkhineh - Delicias Persas<\/title>\n<meta name=\"description\" content=\"Reshteh polo. Sirven para la preparaci\u00f3n del sabzi polo; un t\u00edpico plato persa, que emplea tambi\u00e9n arroz y pescado.\" \/>\n<meta name=\"robots\" content=\"index, follow, max-snippet:-1, max-image-preview:large, max-video-preview:-1\" \/>\n<link rel=\"canonical\" href=\"https:\/\/deliciaspersas.com\/en\/tienda\/ofertas\/reshteh-polo-tarkhine\/\" \/>\n<meta property=\"og:locale\" content=\"en_US\" \/>\n<meta property=\"og:type\" content=\"article\" \/>\n<meta property=\"og:title\" content=\"Fideos de arroz Reshteh polo 400g Tarkhineh - Delicias Persas\" \/>\n<meta property=\"og:description\" content=\"Reshteh polo. Sirven para la preparaci\u00f3n del sabzi polo; un t\u00edpico plato persa, que emplea tambi\u00e9n arroz y pescado.\" \/>\n<meta property=\"og:url\" content=\"https:\/\/deliciaspersas.com\/en\/tienda\/ofertas\/reshteh-polo-tarkhine\/\" \/>\n<meta property=\"og:site_name\" content=\"Delicias Persas\" \/>\n<meta property=\"article:publisher\" content=\"https:\/\/www.facebook.com\/Deliciaspersas\" \/>\n<meta property=\"article:modified_time\" content=\"2024-08-05T14:50:26+00:00\" \/>\n<meta property=\"og:image\" content=\"https:\/\/deliciaspersas.com\/wp-content\/uploads\/2020\/07\/25-1.jpg\" \/>\n\t<meta property=\"og:image:width\" content=\"760\" \/>\n\t<meta property=\"og:image:height\" content=\"760\" \/>\n\t<meta property=\"og:image:type\" content=\"image\/jpeg\" \/>\n<meta name=\"twitter:card\" content=\"summary_large_image\" \/>\n<meta name=\"twitter:label1\" content=\"Est. reading time\" \/>\n\t<meta name=\"twitter:data1\" content=\"2 minutes\" \/>\n<script type=\"application\/ld+json\" class=\"yoast-schema-graph\">{\"@context\":\"https:\/\/schema.org\",\"@graph\":[{\"@type\":\"WebPage\",\"@id\":\"https:\/\/deliciaspersas.com\/en\/tienda\/ofertas\/reshteh-polo-tarkhine\/\",\"url\":\"https:\/\/deliciaspersas.com\/en\/tienda\/ofertas\/reshteh-polo-tarkhine\/\",\"name\":\"Fideos de arroz Reshteh polo 400g Tarkhineh - Delicias Persas\",\"isPartOf\":{\"@id\":\"https:\/\/deliciaspersas.com\/en\/#website\"},\"primaryImageOfPage\":{\"@id\":\"https:\/\/deliciaspersas.com\/en\/tienda\/ofertas\/reshteh-polo-tarkhine\/#primaryimage\"},\"image\":{\"@id\":\"https:\/\/deliciaspersas.com\/en\/tienda\/ofertas\/reshteh-polo-tarkhine\/#primaryimage\"},\"thumbnailUrl\":\"https:\/\/deliciaspersas.com\/wp-content\/uploads\/2020\/07\/25-1.jpg\",\"datePublished\":\"2020-08-06T07:17:05+00:00\",\"dateModified\":\"2024-08-05T14:50:26+00:00\",\"description\":\"Reshteh polo. Sirven para la preparaci\u00f3n del sabzi polo; un t\u00edpico plato persa, que emplea tambi\u00e9n arroz y pescado.\",\"breadcrumb\":{\"@id\":\"https:\/\/deliciaspersas.com\/en\/tienda\/ofertas\/reshteh-polo-tarkhine\/#breadcrumb\"},\"inLanguage\":\"en-US\",\"potentialAction\":[{\"@type\":\"ReadAction\",\"target\":[\"https:\/\/deliciaspersas.com\/en\/tienda\/ofertas\/reshteh-polo-tarkhine\/\"]}]},{\"@type\":\"ImageObject\",\"inLanguage\":\"en-US\",\"@id\":\"https:\/\/deliciaspersas.com\/en\/tienda\/ofertas\/reshteh-polo-tarkhine\/#primaryimage\",\"url\":\"https:\/\/deliciaspersas.com\/wp-content\/uploads\/2020\/07\/25-1.jpg\",\"contentUrl\":\"https:\/\/deliciaspersas.com\/wp-content\/uploads\/2020\/07\/25-1.jpg\",\"width\":760,\"height\":760,\"caption\":\"Reshte polo 400g Tarkhineh\"},{\"@type\":\"BreadcrumbList\",\"@id\":\"https:\/\/deliciaspersas.com\/en\/tienda\/ofertas\/reshteh-polo-tarkhine\/#breadcrumb\",\"itemListElement\":[{\"@type\":\"ListItem\",\"position\":1,\"name\":\"Portada\",\"item\":\"https:\/\/deliciaspersas.com\/en\/\"},{\"@type\":\"ListItem\",\"position\":2,\"name\":\"Tienda\",\"item\":\"https:\/\/deliciaspersas.com\/\"},{\"@type\":\"ListItem\",\"position\":3,\"name\":\"Fideos de arroz Reshteh polo 400g Tarkhineh\"}]},{\"@type\":\"WebSite\",\"@id\":\"https:\/\/deliciaspersas.com\/en\/#website\",\"url\":\"https:\/\/deliciaspersas.com\/en\/\",\"name\":\"Delicias Persas\",\"description\":\"Gastronom&iacute;a persa al alcance de tus manos\",\"publisher\":{\"@id\":\"https:\/\/deliciaspersas.com\/en\/#organization\"},\"potentialAction\":[{\"@type\":\"SearchAction\",\"target\":{\"@type\":\"EntryPoint\",\"urlTemplate\":\"https:\/\/deliciaspersas.com\/en\/?s={search_term_string}\"},\"query-input\":{\"@type\":\"PropertyValueSpecification\",\"valueRequired\":true,\"valueName\":\"search_term_string\"}}],\"inLanguage\":\"en-US\"},{\"@type\":\"Organization\",\"@id\":\"https:\/\/deliciaspersas.com\/en\/#organization\",\"name\":\"Delicias Persas\",\"url\":\"https:\/\/deliciaspersas.com\/en\/\",\"logo\":{\"@type\":\"ImageObject\",\"inLanguage\":\"en-US\",\"@id\":\"https:\/\/deliciaspersas.com\/en\/#\/schema\/logo\/image\/\",\"url\":\"https:\/\/deliciaspersas.com\/wp-content\/uploads\/2020\/07\/logo-2020.png\",\"contentUrl\":\"https:\/\/deliciaspersas.com\/wp-content\/uploads\/2020\/07\/logo-2020.png\",\"width\":520,\"height\":490,\"caption\":\"Delicias Persas\"},\"image\":{\"@id\":\"https:\/\/deliciaspersas.com\/en\/#\/schema\/logo\/image\/\"},\"sameAs\":[\"https:\/\/www.facebook.com\/Deliciaspersas\",\"https:\/\/www.instagram.com\/delicias_persas\/\",\"https:\/\/www.linkedin.com\/delicias-persas\"]}]}<\/script>\n<!-- \/ Yoast SEO plugin. -->","yoast_head_json":{"title":"Fideos de arroz Reshteh polo 400g Tarkhineh - Delicias Persas","description":"Reshteh polo. Sirven para la preparaci\u00f3n del sabzi polo; un t\u00edpico plato persa, que emplea tambi\u00e9n arroz y pescado.","robots":{"index":"index","follow":"follow","max-snippet":"max-snippet:-1","max-image-preview":"max-image-preview:large","max-video-preview":"max-video-preview:-1"},"canonical":"https:\/\/deliciaspersas.com\/en\/tienda\/ofertas\/reshteh-polo-tarkhine\/","og_locale":"en_US","og_type":"article","og_title":"Fideos de arroz Reshteh polo 400g Tarkhineh - Delicias Persas","og_description":"Reshteh polo. Sirven para la preparaci\u00f3n del sabzi polo; un t\u00edpico plato persa, que emplea tambi\u00e9n arroz y pescado.","og_url":"https:\/\/deliciaspersas.com\/en\/tienda\/ofertas\/reshteh-polo-tarkhine\/","og_site_name":"Delicias Persas","article_publisher":"https:\/\/www.facebook.com\/Deliciaspersas","article_modified_time":"2024-08-05T14:50:26+00:00","og_image":[{"width":760,"height":760,"url":"https:\/\/deliciaspersas.com\/wp-content\/uploads\/2020\/07\/25-1.jpg","type":"image\/jpeg"}],"twitter_card":"summary_large_image","twitter_misc":{"Est. reading time":"2 minutes"},"schema":{"@context":"https:\/\/schema.org","@graph":[{"@type":"WebPage","@id":"https:\/\/deliciaspersas.com\/en\/tienda\/ofertas\/reshteh-polo-tarkhine\/","url":"https:\/\/deliciaspersas.com\/en\/tienda\/ofertas\/reshteh-polo-tarkhine\/","name":"Fideos de arroz Reshteh polo 400g Tarkhineh - Delicias Persas","isPartOf":{"@id":"https:\/\/deliciaspersas.com\/en\/#website"},"primaryImageOfPage":{"@id":"https:\/\/deliciaspersas.com\/en\/tienda\/ofertas\/reshteh-polo-tarkhine\/#primaryimage"},"image":{"@id":"https:\/\/deliciaspersas.com\/en\/tienda\/ofertas\/reshteh-polo-tarkhine\/#primaryimage"},"thumbnailUrl":"https:\/\/deliciaspersas.com\/wp-content\/uploads\/2020\/07\/25-1.jpg","datePublished":"2020-08-06T07:17:05+00:00","dateModified":"2024-08-05T14:50:26+00:00","description":"Reshteh polo. Sirven para la preparaci\u00f3n del sabzi polo; un t\u00edpico plato persa, que emplea tambi\u00e9n arroz y pescado.","breadcrumb":{"@id":"https:\/\/deliciaspersas.com\/en\/tienda\/ofertas\/reshteh-polo-tarkhine\/#breadcrumb"},"inLanguage":"en-US","potentialAction":[{"@type":"ReadAction","target":["https:\/\/deliciaspersas.com\/en\/tienda\/ofertas\/reshteh-polo-tarkhine\/"]}]},{"@type":"ImageObject","inLanguage":"en-US","@id":"https:\/\/deliciaspersas.com\/en\/tienda\/ofertas\/reshteh-polo-tarkhine\/#primaryimage","url":"https:\/\/deliciaspersas.com\/wp-content\/uploads\/2020\/07\/25-1.jpg","contentUrl":"https:\/\/deliciaspersas.com\/wp-content\/uploads\/2020\/07\/25-1.jpg","width":760,"height":760,"caption":"Reshte polo 400g Tarkhineh"},{"@type":"BreadcrumbList","@id":"https:\/\/deliciaspersas.com\/en\/tienda\/ofertas\/reshteh-polo-tarkhine\/#breadcrumb","itemListElement":[{"@type":"ListItem","position":1,"name":"Portada","item":"https:\/\/deliciaspersas.com\/en\/"},{"@type":"ListItem","position":2,"name":"Tienda","item":"https:\/\/deliciaspersas.com\/"},{"@type":"ListItem","position":3,"name":"Fideos de arroz Reshteh polo 400g Tarkhineh"}]},{"@type":"WebSite","@id":"https:\/\/deliciaspersas.com\/en\/#website","url":"https:\/\/deliciaspersas.com\/en\/","name":"Delicias Persas","description":"Gastronom&iacute;a persa al alcance de tus manos","publisher":{"@id":"https:\/\/deliciaspersas.com\/en\/#organization"},"potentialAction":[{"@type":"SearchAction","target":{"@type":"EntryPoint","urlTemplate":"https:\/\/deliciaspersas.com\/en\/?s={search_term_string}"},"query-input":{"@type":"PropertyValueSpecification","valueRequired":true,"valueName":"search_term_string"}}],"inLanguage":"en-US"},{"@type":"Organization","@id":"https:\/\/deliciaspersas.com\/en\/#organization","name":"Delicias Persas","url":"https:\/\/deliciaspersas.com\/en\/","logo":{"@type":"ImageObject","inLanguage":"en-US","@id":"https:\/\/deliciaspersas.com\/en\/#\/schema\/logo\/image\/","url":"https:\/\/deliciaspersas.com\/wp-content\/uploads\/2020\/07\/logo-2020.png","contentUrl":"https:\/\/deliciaspersas.com\/wp-content\/uploads\/2020\/07\/logo-2020.png","width":520,"height":490,"caption":"Delicias Persas"},"image":{"@id":"https:\/\/deliciaspersas.com\/en\/#\/schema\/logo\/image\/"},"sameAs":["https:\/\/www.facebook.com\/Deliciaspersas","https:\/\/www.instagram.com\/delicias_persas\/","https:\/\/www.linkedin.com\/delicias-persas"]}]}},"uagb_featured_image_src":{"full":["https:\/\/deliciaspersas.com\/wp-content\/uploads\/2020\/07\/25-1.jpg",760,760,false],"thumbnail":["https:\/\/deliciaspersas.com\/wp-content\/uploads\/2020\/07\/25-1-150x150.jpg",150,150,true],"medium":["https:\/\/deliciaspersas.com\/wp-content\/uploads\/2020\/07\/25-1-300x300.jpg",300,300,true],"medium_large":["https:\/\/deliciaspersas.com\/wp-content\/uploads\/2020\/07\/25-1.jpg",760,760,false],"large":["https:\/\/deliciaspersas.com\/wp-content\/uploads\/2020\/07\/25-1.jpg",760,760,false],"1536x1536":["https:\/\/deliciaspersas.com\/wp-content\/uploads\/2020\/07\/25-1.jpg",760,760,false],"2048x2048":["https:\/\/deliciaspersas.com\/wp-content\/uploads\/2020\/07\/25-1.jpg",760,760,false],"woocommerce_thumbnail":["https:\/\/deliciaspersas.com\/wp-content\/uploads\/2020\/07\/25-1-300x300.jpg",300,300,true],"woocommerce_single":["https:\/\/deliciaspersas.com\/wp-content\/uploads\/2020\/07\/25-1-600x600.jpg",600,600,true],"woocommerce_gallery_thumbnail":["https:\/\/deliciaspersas.com\/wp-content\/uploads\/2020\/07\/25-1-100x100.jpg",100,100,true]},"uagb_author_info":{"display_name":"ventas.dayan","author_link":"https:\/\/deliciaspersas.com\/en\/author\/"},"uagb_comment_info":0,"uagb_excerpt":"Fideos de arroz Reshteh polo 400g Tarkhineh Informaci\u00f3n del producto: Estos fideos se emplean para la preparaci\u00f3n del plato Sabzi Polo. Usos: Estos fideos, sirven para la preparaci\u00f3n del sabzi polo; un t\u00edpico plato persa, que emplea tambi\u00e9n arroz y pescado. Beneficios: Hoy en d\u00eda encontramos una gran cantidad de productos que contienen harina de&hellip;","brands":[{"id":83,"name":"Tarkhineh","slug":"tarkhineh"}],"_links":{"self":[{"href":"https:\/\/deliciaspersas.com\/en\/wp-json\/wp\/v2\/product\/4108"}],"collection":[{"href":"https:\/\/deliciaspersas.com\/en\/wp-json\/wp\/v2\/product"}],"about":[{"href":"https:\/\/deliciaspersas.com\/en\/wp-json\/wp\/v2\/types\/product"}],"wp:featuredmedia":[{"embeddable":true,"href":"https:\/\/deliciaspersas.com\/en\/wp-json\/wp\/v2\/media\/4261"}],"wp:attachment":[{"href":"https:\/\/deliciaspersas.com\/en\/wp-json\/wp\/v2\/media?parent=4108"}],"wp:term":[{"taxonomy":"pwb-brand","embeddable":true,"href":"https:\/\/deliciaspersas.com\/en\/wp-json\/wp\/v2\/pwb-brand?post=4108"},{"taxonomy":"product_cat","embeddable":true,"href":"https:\/\/deliciaspersas.com\/en\/wp-json\/wp\/v2\/product_cat?post=4108"},{"taxonomy":"product_tag","embeddable":true,"href":"https:\/\/deliciaspersas.com\/en\/wp-json\/wp\/v2\/product_tag?post=4108"}],"curies":[{"name":"wp","href":"https:\/\/api.w.org\/{rel}","templated":true}]}}