{"id":4126,"date":"2020-07-30T10:03:40","date_gmt":"2020-07-30T08:03:40","guid":{"rendered":"https:\/\/deliciaspersas.com\/?post_type=product&#038;p=4126"},"modified":"2022-11-28T13:53:44","modified_gmt":"2022-11-28T12:53:44","slug":"bicarbonato-jooshe-shirin-donya","status":"publish","type":"product","link":"https:\/\/deliciaspersas.com\/en\/tienda\/especias\/bicarbonato-jooshe-shirin-donya\/","title":{"rendered":"Bicarbonato Jooshe shirin 200g Donya"},"content":{"rendered":"<h1>Bicarbonato Jooshe shirin 200g Donya<\/h1>\n<h6>Informaci\u00f3n del producto:<\/h6>\n<p>El bicarbonato es un compuesto blanco s\u00f3lido cristalino que se obtiene de un mineral presente en la naturaleza llamado natr\u00f3n, el cual contiene grandes cantidades de bicarbonato s\u00f3dico.<\/p>\n<h6>Ingredientes y al\u00e9rgenos:<\/h6>\n<p>Es un compuesto soluble en agua y que en presencia de \u00e1cido se descompone formando di\u00f3xido de carbono (CO2) y agua. \u201c\u00c9sto le confiere la\u00a0propiedad de neutralizar \u00e1cidos\u201d.<\/p>\n<h6>Beneficios:<\/h6>\n<p>El bicarbonato s\u00f3dico se utiliza como anti\u00e1cido, es decir, como elemento que permite reducir el exceso de acidez en determinadas partes del organismo humano. De modo que,\u00a0act\u00faa neutralizando el exceso de \u00e1cido que se acumula en el est\u00f3mago.<\/p>\n<h6>Usos:<\/h6>\n<p>Principalmente se usa en la cocina, sin embargo, tambi\u00e9n se utiliza en otros \u00e1mbitos como la cosm\u00e9tica, la limpieza industrial o el control de plagas.<\/p>\n<p>Se puede usar como exfoliante: Aplica en el rostro la mezcla de 3\/4 de bicarbonato de sodio y 1\/4 de agua, y frota suavemente sobre el rostro o el cuerpo con movimientos circulares y enjuaga.<\/p>\n<p>Tambi\u00e9n se puede usar como crema antiacn\u00e9: Mezcla media cucharadita de miel, una cucharada de bicarbonato de sodio y si lo deseas, un chorrito de aceite vegetal. Remueve y apl\u00edcalo, masajeando suavemente y aclarando despu\u00e9s de 5 minutos.<\/p>\n<p>Lo puedes hacer una o dos veces a la semana para obtener resultados.<\/p>\n<p>Otro uso es como relajante muscular para pies: Un buena\u00a0receta natural es combinar agua tibia y tres cucharadas de bicarbonato. Frota y deja reposar durante unos minutos. Para terminar a\u00f1ade unas gotitas de aceite esencial\u00a0de lavanda.<\/p>\n<p>As\u00ed mismo se usa como desodorante: En un recipiente\u00a0mezcla aceite de coco y bicarbonato\u00a0hasta obtener la consistencia deseada.<\/p>\n<p>O para tratamiento capilar: Para conseguir un cabello limpio y con brillo,\u00a0mezcla 100 mililitros de agua con tres cucharadas de bicarbonato y roc\u00eda el cabello. Masajea el cuero cabelludo, deja actuar por 5 minutos y enjuaga.<\/p>\n<h6>Condiciones de conservaci\u00f3n:<\/h6>\n<p>Conservar en un lugar fresco, seco y protegido de la luz.<\/p>\n<h6>Informaci\u00f3n adicional:<\/h6>\n<p>Fabricado por: Donya<\/p>\n<p><span class=\"LrzXr\">UNIT 1B, 6 Greycaine Rd<\/span><\/p>\n<p><span class=\"LrzXr\">Watford WD24 7GP, <\/span><\/p>\n<p><span class=\"LrzXr\">Reino Unido<\/span><\/p>\n","protected":false},"excerpt":{"rendered":"<p>Bicarbonato Jooshe shirin 200g Donya Informaci\u00f3n del producto: El bicarbonato es un compuesto blanco s\u00f3lido cristalino que se obtiene de un mineral presente en la naturaleza llamado natr\u00f3n, el cual contiene grandes cantidades de bicarbonato s\u00f3dico. Ingredientes y al\u00e9rgenos: Es un compuesto soluble en agua y que en presencia de \u00e1cido se descompone formando di\u00f3xido [&hellip;]<\/p>\n","protected":false},"featured_media":4127,"template":"","meta":{"_surecart_dashboard_logo_width":"180px","_surecart_dashboard_show_logo":true,"_surecart_dashboard_navigation_orders":true,"_surecart_dashboard_navigation_invoices":true,"_surecart_dashboard_navigation_subscriptions":true,"_surecart_dashboard_navigation_downloads":true,"_surecart_dashboard_navigation_billing":true,"_surecart_dashboard_navigation_account":true,"_uag_custom_page_level_css":"","site-sidebar-layout":"default","site-content-layout":"default","ast-site-content-layout":"","site-content-style":"default","site-sidebar-style":"default","ast-global-header-display":"","ast-banner-title-visibility":"","ast-main-header-display":"","ast-hfb-above-header-display":"","ast-hfb-below-header-display":"","ast-hfb-mobile-header-display":"","site-post-title":"","ast-breadcrumbs-content":"","ast-featured-img":"","footer-sml-layout":"","theme-transparent-header-meta":"default","adv-header-id-meta":"","stick-header-meta":"","header-above-stick-meta":"","header-main-stick-meta":"","header-below-stick-meta":"","astra-migrate-meta-layouts":"default","ast-page-background-enabled":"default","ast-page-background-meta":{"desktop":{"background-color":"","background-image":"","background-repeat":"repeat","background-position":"center center","background-size":"auto","background-attachment":"scroll","background-type":"","background-media":"","overlay-type":"","overlay-color":"","overlay-opacity":"","overlay-gradient":""},"tablet":{"background-color":"","background-image":"","background-repeat":"repeat","background-position":"center center","background-size":"auto","background-attachment":"scroll","background-type":"","background-media":"","overlay-type":"","overlay-color":"","overlay-opacity":"","overlay-gradient":""},"mobile":{"background-color":"","background-image":"","background-repeat":"repeat","background-position":"center center","background-size":"auto","background-attachment":"scroll","background-type":"","background-media":"","overlay-type":"","overlay-color":"","overlay-opacity":"","overlay-gradient":""}},"ast-content-background-meta":{"desktop":{"background-color":"var(--ast-global-color-5)","background-image":"","background-repeat":"repeat","background-position":"center center","background-size":"auto","background-attachment":"scroll","background-type":"","background-media":"","overlay-type":"","overlay-color":"","overlay-opacity":"","overlay-gradient":""},"tablet":{"background-color":"var(--ast-global-color-5)","background-image":"","background-repeat":"repeat","background-position":"center center","background-size":"auto","background-attachment":"scroll","background-type":"","background-media":"","overlay-type":"","overlay-color":"","overlay-opacity":"","overlay-gradient":""},"mobile":{"background-color":"var(--ast-global-color-5)","background-image":"","background-repeat":"repeat","background-position":"center center","background-size":"auto","background-attachment":"scroll","background-type":"","background-media":"","overlay-type":"","overlay-color":"","overlay-opacity":"","overlay-gradient":""}}},"pwb-brand":[52],"product_cat":[32,44],"product_tag":[881,882,883],"class_list":{"0":"post-4126","1":"product","2":"type-product","3":"status-publish","4":"has-post-thumbnail","6":"pwb-brand-donya","7":"product_cat-especias","8":"product_cat-ofertas","9":"product_tag-bicarbonato","10":"product_tag-sodio","11":"product_tag-883","12":"desktop-align-center","13":"tablet-align-center","14":"mobile-align-center","16":"first","17":"outofstock","18":"taxable","19":"shipping-taxable","20":"purchasable","21":"product-type-simple"},"yoast_head":"<!-- This site is optimized with the Yoast SEO plugin v23.6 - https:\/\/yoast.com\/wordpress\/plugins\/seo\/ -->\n<title>Bicarbonato Jooshe shirin 200g Donya - Delicias Persas<\/title>\n<meta name=\"description\" content=\"El bicarbonato es un compuesto blanco soluble en agua que se utiliza como anti\u00e1cido, que permite reducir el exceso de acidez en el organi...\" \/>\n<meta name=\"robots\" content=\"index, follow, max-snippet:-1, max-image-preview:large, max-video-preview:-1\" \/>\n<link rel=\"canonical\" href=\"https:\/\/deliciaspersas.com\/en\/tienda\/especias\/bicarbonato-jooshe-shirin-donya\/\" \/>\n<meta property=\"og:locale\" content=\"en_US\" \/>\n<meta property=\"og:type\" content=\"article\" \/>\n<meta property=\"og:title\" content=\"Bicarbonato Jooshe shirin 200g Donya - Delicias Persas\" \/>\n<meta property=\"og:description\" content=\"El bicarbonato es un compuesto blanco soluble en agua que se utiliza como anti\u00e1cido, que permite reducir el exceso de acidez en el organi...\" \/>\n<meta property=\"og:url\" content=\"https:\/\/deliciaspersas.com\/en\/tienda\/especias\/bicarbonato-jooshe-shirin-donya\/\" \/>\n<meta property=\"og:site_name\" content=\"Delicias Persas\" \/>\n<meta property=\"article:publisher\" content=\"https:\/\/www.facebook.com\/Deliciaspersas\" \/>\n<meta property=\"article:modified_time\" content=\"2022-11-28T12:53:44+00:00\" \/>\n<meta property=\"og:image\" content=\"https:\/\/deliciaspersas.com\/wp-content\/uploads\/2020\/07\/5-1.jpg\" \/>\n\t<meta property=\"og:image:width\" content=\"760\" \/>\n\t<meta property=\"og:image:height\" content=\"760\" \/>\n\t<meta property=\"og:image:type\" content=\"image\/jpeg\" \/>\n<meta name=\"twitter:card\" content=\"summary_large_image\" \/>\n<meta name=\"twitter:label1\" content=\"Est. reading time\" \/>\n\t<meta name=\"twitter:data1\" content=\"2 minutes\" \/>\n<script type=\"application\/ld+json\" class=\"yoast-schema-graph\">{\"@context\":\"https:\/\/schema.org\",\"@graph\":[{\"@type\":\"WebPage\",\"@id\":\"https:\/\/deliciaspersas.com\/en\/tienda\/especias\/bicarbonato-jooshe-shirin-donya\/\",\"url\":\"https:\/\/deliciaspersas.com\/en\/tienda\/especias\/bicarbonato-jooshe-shirin-donya\/\",\"name\":\"Bicarbonato Jooshe shirin 200g Donya - Delicias Persas\",\"isPartOf\":{\"@id\":\"https:\/\/deliciaspersas.com\/en\/#website\"},\"primaryImageOfPage\":{\"@id\":\"https:\/\/deliciaspersas.com\/en\/tienda\/especias\/bicarbonato-jooshe-shirin-donya\/#primaryimage\"},\"image\":{\"@id\":\"https:\/\/deliciaspersas.com\/en\/tienda\/especias\/bicarbonato-jooshe-shirin-donya\/#primaryimage\"},\"thumbnailUrl\":\"https:\/\/deliciaspersas.com\/wp-content\/uploads\/2020\/07\/5-1.jpg\",\"datePublished\":\"2020-07-30T08:03:40+00:00\",\"dateModified\":\"2022-11-28T12:53:44+00:00\",\"description\":\"El bicarbonato es un compuesto blanco soluble en agua que se utiliza como anti\u00e1cido, que permite reducir el exceso de acidez en el organi...\",\"breadcrumb\":{\"@id\":\"https:\/\/deliciaspersas.com\/en\/tienda\/especias\/bicarbonato-jooshe-shirin-donya\/#breadcrumb\"},\"inLanguage\":\"en-US\",\"potentialAction\":[{\"@type\":\"ReadAction\",\"target\":[\"https:\/\/deliciaspersas.com\/en\/tienda\/especias\/bicarbonato-jooshe-shirin-donya\/\"]}]},{\"@type\":\"ImageObject\",\"inLanguage\":\"en-US\",\"@id\":\"https:\/\/deliciaspersas.com\/en\/tienda\/especias\/bicarbonato-jooshe-shirin-donya\/#primaryimage\",\"url\":\"https:\/\/deliciaspersas.com\/wp-content\/uploads\/2020\/07\/5-1.jpg\",\"contentUrl\":\"https:\/\/deliciaspersas.com\/wp-content\/uploads\/2020\/07\/5-1.jpg\",\"width\":760,\"height\":760,\"caption\":\"Bicarbonato joshe shirin 200g Donya\"},{\"@type\":\"BreadcrumbList\",\"@id\":\"https:\/\/deliciaspersas.com\/en\/tienda\/especias\/bicarbonato-jooshe-shirin-donya\/#breadcrumb\",\"itemListElement\":[{\"@type\":\"ListItem\",\"position\":1,\"name\":\"Portada\",\"item\":\"https:\/\/deliciaspersas.com\/en\/\"},{\"@type\":\"ListItem\",\"position\":2,\"name\":\"Tienda\",\"item\":\"https:\/\/deliciaspersas.com\/\"},{\"@type\":\"ListItem\",\"position\":3,\"name\":\"Bicarbonato Jooshe shirin 200g Donya\"}]},{\"@type\":\"WebSite\",\"@id\":\"https:\/\/deliciaspersas.com\/en\/#website\",\"url\":\"https:\/\/deliciaspersas.com\/en\/\",\"name\":\"Delicias Persas\",\"description\":\"Gastronom&iacute;a persa al alcance de tus manos\",\"publisher\":{\"@id\":\"https:\/\/deliciaspersas.com\/en\/#organization\"},\"potentialAction\":[{\"@type\":\"SearchAction\",\"target\":{\"@type\":\"EntryPoint\",\"urlTemplate\":\"https:\/\/deliciaspersas.com\/en\/?s={search_term_string}\"},\"query-input\":{\"@type\":\"PropertyValueSpecification\",\"valueRequired\":true,\"valueName\":\"search_term_string\"}}],\"inLanguage\":\"en-US\"},{\"@type\":\"Organization\",\"@id\":\"https:\/\/deliciaspersas.com\/en\/#organization\",\"name\":\"Delicias Persas\",\"url\":\"https:\/\/deliciaspersas.com\/en\/\",\"logo\":{\"@type\":\"ImageObject\",\"inLanguage\":\"en-US\",\"@id\":\"https:\/\/deliciaspersas.com\/en\/#\/schema\/logo\/image\/\",\"url\":\"https:\/\/deliciaspersas.com\/wp-content\/uploads\/2020\/07\/logo-2020.png\",\"contentUrl\":\"https:\/\/deliciaspersas.com\/wp-content\/uploads\/2020\/07\/logo-2020.png\",\"width\":520,\"height\":490,\"caption\":\"Delicias Persas\"},\"image\":{\"@id\":\"https:\/\/deliciaspersas.com\/en\/#\/schema\/logo\/image\/\"},\"sameAs\":[\"https:\/\/www.facebook.com\/Deliciaspersas\",\"https:\/\/www.instagram.com\/delicias_persas\/\",\"https:\/\/www.linkedin.com\/delicias-persas\"]}]}<\/script>\n<!-- \/ Yoast SEO plugin. -->","yoast_head_json":{"title":"Bicarbonato Jooshe shirin 200g Donya - Delicias Persas","description":"El bicarbonato es un compuesto blanco soluble en agua que se utiliza como anti\u00e1cido, que permite reducir el exceso de acidez en el organi...","robots":{"index":"index","follow":"follow","max-snippet":"max-snippet:-1","max-image-preview":"max-image-preview:large","max-video-preview":"max-video-preview:-1"},"canonical":"https:\/\/deliciaspersas.com\/en\/tienda\/especias\/bicarbonato-jooshe-shirin-donya\/","og_locale":"en_US","og_type":"article","og_title":"Bicarbonato Jooshe shirin 200g Donya - Delicias Persas","og_description":"El bicarbonato es un compuesto blanco soluble en agua que se utiliza como anti\u00e1cido, que permite reducir el exceso de acidez en el organi...","og_url":"https:\/\/deliciaspersas.com\/en\/tienda\/especias\/bicarbonato-jooshe-shirin-donya\/","og_site_name":"Delicias Persas","article_publisher":"https:\/\/www.facebook.com\/Deliciaspersas","article_modified_time":"2022-11-28T12:53:44+00:00","og_image":[{"width":760,"height":760,"url":"https:\/\/deliciaspersas.com\/wp-content\/uploads\/2020\/07\/5-1.jpg","type":"image\/jpeg"}],"twitter_card":"summary_large_image","twitter_misc":{"Est. reading time":"2 minutes"},"schema":{"@context":"https:\/\/schema.org","@graph":[{"@type":"WebPage","@id":"https:\/\/deliciaspersas.com\/en\/tienda\/especias\/bicarbonato-jooshe-shirin-donya\/","url":"https:\/\/deliciaspersas.com\/en\/tienda\/especias\/bicarbonato-jooshe-shirin-donya\/","name":"Bicarbonato Jooshe shirin 200g Donya - Delicias Persas","isPartOf":{"@id":"https:\/\/deliciaspersas.com\/en\/#website"},"primaryImageOfPage":{"@id":"https:\/\/deliciaspersas.com\/en\/tienda\/especias\/bicarbonato-jooshe-shirin-donya\/#primaryimage"},"image":{"@id":"https:\/\/deliciaspersas.com\/en\/tienda\/especias\/bicarbonato-jooshe-shirin-donya\/#primaryimage"},"thumbnailUrl":"https:\/\/deliciaspersas.com\/wp-content\/uploads\/2020\/07\/5-1.jpg","datePublished":"2020-07-30T08:03:40+00:00","dateModified":"2022-11-28T12:53:44+00:00","description":"El bicarbonato es un compuesto blanco soluble en agua que se utiliza como anti\u00e1cido, que permite reducir el exceso de acidez en el organi...","breadcrumb":{"@id":"https:\/\/deliciaspersas.com\/en\/tienda\/especias\/bicarbonato-jooshe-shirin-donya\/#breadcrumb"},"inLanguage":"en-US","potentialAction":[{"@type":"ReadAction","target":["https:\/\/deliciaspersas.com\/en\/tienda\/especias\/bicarbonato-jooshe-shirin-donya\/"]}]},{"@type":"ImageObject","inLanguage":"en-US","@id":"https:\/\/deliciaspersas.com\/en\/tienda\/especias\/bicarbonato-jooshe-shirin-donya\/#primaryimage","url":"https:\/\/deliciaspersas.com\/wp-content\/uploads\/2020\/07\/5-1.jpg","contentUrl":"https:\/\/deliciaspersas.com\/wp-content\/uploads\/2020\/07\/5-1.jpg","width":760,"height":760,"caption":"Bicarbonato joshe shirin 200g Donya"},{"@type":"BreadcrumbList","@id":"https:\/\/deliciaspersas.com\/en\/tienda\/especias\/bicarbonato-jooshe-shirin-donya\/#breadcrumb","itemListElement":[{"@type":"ListItem","position":1,"name":"Portada","item":"https:\/\/deliciaspersas.com\/en\/"},{"@type":"ListItem","position":2,"name":"Tienda","item":"https:\/\/deliciaspersas.com\/"},{"@type":"ListItem","position":3,"name":"Bicarbonato Jooshe shirin 200g Donya"}]},{"@type":"WebSite","@id":"https:\/\/deliciaspersas.com\/en\/#website","url":"https:\/\/deliciaspersas.com\/en\/","name":"Delicias Persas","description":"Gastronom&iacute;a persa al alcance de tus manos","publisher":{"@id":"https:\/\/deliciaspersas.com\/en\/#organization"},"potentialAction":[{"@type":"SearchAction","target":{"@type":"EntryPoint","urlTemplate":"https:\/\/deliciaspersas.com\/en\/?s={search_term_string}"},"query-input":{"@type":"PropertyValueSpecification","valueRequired":true,"valueName":"search_term_string"}}],"inLanguage":"en-US"},{"@type":"Organization","@id":"https:\/\/deliciaspersas.com\/en\/#organization","name":"Delicias Persas","url":"https:\/\/deliciaspersas.com\/en\/","logo":{"@type":"ImageObject","inLanguage":"en-US","@id":"https:\/\/deliciaspersas.com\/en\/#\/schema\/logo\/image\/","url":"https:\/\/deliciaspersas.com\/wp-content\/uploads\/2020\/07\/logo-2020.png","contentUrl":"https:\/\/deliciaspersas.com\/wp-content\/uploads\/2020\/07\/logo-2020.png","width":520,"height":490,"caption":"Delicias Persas"},"image":{"@id":"https:\/\/deliciaspersas.com\/en\/#\/schema\/logo\/image\/"},"sameAs":["https:\/\/www.facebook.com\/Deliciaspersas","https:\/\/www.instagram.com\/delicias_persas\/","https:\/\/www.linkedin.com\/delicias-persas"]}]}},"uagb_featured_image_src":{"full":["https:\/\/deliciaspersas.com\/wp-content\/uploads\/2020\/07\/5-1.jpg",760,760,false],"thumbnail":["https:\/\/deliciaspersas.com\/wp-content\/uploads\/2020\/07\/5-1-150x150.jpg",150,150,true],"medium":["https:\/\/deliciaspersas.com\/wp-content\/uploads\/2020\/07\/5-1-300x300.jpg",300,300,true],"medium_large":["https:\/\/deliciaspersas.com\/wp-content\/uploads\/2020\/07\/5-1.jpg",760,760,false],"large":["https:\/\/deliciaspersas.com\/wp-content\/uploads\/2020\/07\/5-1.jpg",760,760,false],"1536x1536":["https:\/\/deliciaspersas.com\/wp-content\/uploads\/2020\/07\/5-1.jpg",760,760,false],"2048x2048":["https:\/\/deliciaspersas.com\/wp-content\/uploads\/2020\/07\/5-1.jpg",760,760,false],"woocommerce_thumbnail":["https:\/\/deliciaspersas.com\/wp-content\/uploads\/2020\/07\/5-1-300x300.jpg",300,300,true],"woocommerce_single":["https:\/\/deliciaspersas.com\/wp-content\/uploads\/2020\/07\/5-1-600x600.jpg",600,600,true],"woocommerce_gallery_thumbnail":["https:\/\/deliciaspersas.com\/wp-content\/uploads\/2020\/07\/5-1-100x100.jpg",100,100,true]},"uagb_author_info":{"display_name":"ventas.dayan","author_link":"https:\/\/deliciaspersas.com\/en\/author\/"},"uagb_comment_info":0,"uagb_excerpt":"Bicarbonato Jooshe shirin 200g Donya Informaci\u00f3n del producto: El bicarbonato es un compuesto blanco s\u00f3lido cristalino que se obtiene de un mineral presente en la naturaleza llamado natr\u00f3n, el cual contiene grandes cantidades de bicarbonato s\u00f3dico. Ingredientes y al\u00e9rgenos: Es un compuesto soluble en agua y que en presencia de \u00e1cido se descompone formando di\u00f3xido&hellip;","brands":[{"id":52,"name":"Donya","slug":"donya"}],"_links":{"self":[{"href":"https:\/\/deliciaspersas.com\/en\/wp-json\/wp\/v2\/product\/4126"}],"collection":[{"href":"https:\/\/deliciaspersas.com\/en\/wp-json\/wp\/v2\/product"}],"about":[{"href":"https:\/\/deliciaspersas.com\/en\/wp-json\/wp\/v2\/types\/product"}],"wp:featuredmedia":[{"embeddable":true,"href":"https:\/\/deliciaspersas.com\/en\/wp-json\/wp\/v2\/media\/4127"}],"wp:attachment":[{"href":"https:\/\/deliciaspersas.com\/en\/wp-json\/wp\/v2\/media?parent=4126"}],"wp:term":[{"taxonomy":"pwb-brand","embeddable":true,"href":"https:\/\/deliciaspersas.com\/en\/wp-json\/wp\/v2\/pwb-brand?post=4126"},{"taxonomy":"product_cat","embeddable":true,"href":"https:\/\/deliciaspersas.com\/en\/wp-json\/wp\/v2\/product_cat?post=4126"},{"taxonomy":"product_tag","embeddable":true,"href":"https:\/\/deliciaspersas.com\/en\/wp-json\/wp\/v2\/product_tag?post=4126"}],"curies":[{"name":"wp","href":"https:\/\/api.w.org\/{rel}","templated":true}]}}