{"id":4130,"date":"2020-07-30T11:03:06","date_gmt":"2020-07-30T09:03:06","guid":{"rendered":"https:\/\/deliciaspersas.com\/?post_type=product&#038;p=4130"},"modified":"2024-08-05T16:50:33","modified_gmt":"2024-08-05T14:50:33","slug":"alubias-rojas-lubia-ghermez-400g-donya","status":"publish","type":"product","link":"https:\/\/deliciaspersas.com\/en\/tienda\/legumbres\/alubias-rojas-lubia-ghermez-400g-donya\/","title":{"rendered":"Alubias rojas Lubia ghermez 400g Donya"},"content":{"rendered":"<h1>Alubias rojas Lubia ghermez 400g Donya<\/h1>\n<h6>Informaci\u00f3n del producto:<\/h6>\n<p class=\"title\" data-asset-id=\"967547802\">Deliciosas y de primera calidad alubias rojas de Donya, empleadas en diferentes platos de la gastronom\u00eda persa.<\/p>\n<h6>Ingredientes y al\u00e9rgenos:<\/h6>\n<p>Alubias rojas.<\/p>\n<h6>Usos:<\/h6>\n<p>Las alubias rojas, son empleadas en diversos platos de nuestra gastronom\u00eda, como el &#8220;Ash reshteh&#8221;, o el &#8220;Ghormeh sabzi&#8221;. \u00a0En concreto, las alubias son una de las legumbres m\u00e1s conocidas.\u00a0Pueden formar parte de un guiso caliente en invierno\u00a0o de una ensalada para el verano.<\/p>\n<h6>Beneficios:<\/h6>\n<p>Todas comparten los mismos\u00a0beneficios de las legumbres: son una gran fuente de prote\u00ednas vegetales,\u00a0por tanto, pueden sustituir a la carne si se complementan con cereales o con frutos secos.\u00a0A las prote\u00ednas vegetales les faltan algunos de los amino\u00e1cidos esenciales, aquellos que son necesarios para el correcto funcionamiento del cuerpo, pero que este no puede producir.<\/p>\n<div id=\"article-body-content\" class=\"article-body__content\" data-action=\"toggle\" data-status=\"on\">\n<p id=\"paragraph_7\" data-gtm-vis-recent-on-screen-1664348_109=\"10637\" data-gtm-vis-first-on-screen-1664348_109=\"10637\" data-gtm-vis-total-visible-time-1664348_109=\"100\" data-gtm-vis-has-fired-1664348_109=\"1\">Combinando las prote\u00ednas de las legumbres y, por ejemplo, las de un cereal como el arroz el aporte de prote\u00ednas ya es completo. Las carnes animales presentan la ventaja de que tienen prote\u00ednas completas de por s\u00ed, pero\u00a0los expertos recomiendan que rebajemos el consumo de ellas.<\/p>\n<p data-gtm-vis-recent-on-screen-1664348_109=\"10637\" data-gtm-vis-first-on-screen-1664348_109=\"10637\" data-gtm-vis-total-visible-time-1664348_109=\"100\" data-gtm-vis-has-fired-1664348_109=\"1\">Tambi\u00e9n cuentan con hidratos de carbono, minerales y vitaminas. En concreto, son ricas en vitamina B6, potasio, f\u00f3sforo, cobre, manganeso y \u00e1cido f\u00f3lico. Destacan sobre todo por su contenido en hierro y fibra soluble e insoluble.<\/p>\n<p id=\"paragraph_12\">Las personas que deben cuidar su salud cardiovascular pueden encontrar en las alubias un buen aliado en la dieta. Eso s\u00ed,\u00a0deben excluir de los guisos las carnes procesadas y m\u00e1s grasas. La fibra insoluble que contienen tiene un papel muy importante en la regulaci\u00f3n del az\u00facar en sangre.<\/p>\n<p id=\"paragraph_13\">Pero, adem\u00e1s, no contienen apenas grasas saturadas ni colesterol. Tienen un peque\u00f1o aporte de l\u00edpidos insaturados, que tienen un efecto cardioprotector.<\/p>\n<\/div>\n<h6>Condiciones de conservaci\u00f3n:<\/h6>\n<p>Conservar en un lugar fresco, seco y protegido de la luz.<\/p>\n<h6>Informaci\u00f3n adicional:<\/h6>\n<p>Fabricado por: Donya<\/p>\n<p><span class=\"LrzXr\">UNIT 1B, 6 Greycaine Rd<\/span><\/p>\n<p><span class=\"LrzXr\">Watford WD24 7GP, <\/span><\/p>\n<p><span class=\"LrzXr\">Reino Unido<\/span><\/p>\n","protected":false},"excerpt":{"rendered":"<p>Alubias rojas Lubia ghermez 400g Donya Informaci\u00f3n del producto: Deliciosas y de primera calidad alubias rojas de Donya, empleadas en diferentes platos de la gastronom\u00eda persa. Ingredientes y al\u00e9rgenos: Alubias rojas. Usos: Las alubias rojas, son empleadas en diversos platos de nuestra gastronom\u00eda, como el &#8220;Ash reshteh&#8221;, o el &#8220;Ghormeh sabzi&#8221;. \u00a0En concreto, las alubias [&hellip;]<\/p>\n","protected":false},"featured_media":4129,"template":"","meta":{"_surecart_dashboard_logo_width":"180px","_surecart_dashboard_show_logo":true,"_surecart_dashboard_navigation_orders":true,"_surecart_dashboard_navigation_invoices":true,"_surecart_dashboard_navigation_subscriptions":true,"_surecart_dashboard_navigation_downloads":true,"_surecart_dashboard_navigation_billing":true,"_surecart_dashboard_navigation_account":true,"_uag_custom_page_level_css":"","site-sidebar-layout":"default","site-content-layout":"default","ast-site-content-layout":"default","site-content-style":"default","site-sidebar-style":"default","ast-global-header-display":"","ast-banner-title-visibility":"","ast-main-header-display":"","ast-hfb-above-header-display":"","ast-hfb-below-header-display":"","ast-hfb-mobile-header-display":"","site-post-title":"","ast-breadcrumbs-content":"","ast-featured-img":"","footer-sml-layout":"","theme-transparent-header-meta":"default","adv-header-id-meta":"","stick-header-meta":"","header-above-stick-meta":"","header-main-stick-meta":"","header-below-stick-meta":"","astra-migrate-meta-layouts":"set","ast-page-background-enabled":"default","ast-page-background-meta":{"desktop":{"background-color":"","background-image":"","background-repeat":"repeat","background-position":"center center","background-size":"auto","background-attachment":"scroll","background-type":"","background-media":"","overlay-type":"","overlay-color":"","overlay-opacity":"","overlay-gradient":""},"tablet":{"background-color":"","background-image":"","background-repeat":"repeat","background-position":"center center","background-size":"auto","background-attachment":"scroll","background-type":"","background-media":"","overlay-type":"","overlay-color":"","overlay-opacity":"","overlay-gradient":""},"mobile":{"background-color":"","background-image":"","background-repeat":"repeat","background-position":"center center","background-size":"auto","background-attachment":"scroll","background-type":"","background-media":"","overlay-type":"","overlay-color":"","overlay-opacity":"","overlay-gradient":""}},"ast-content-background-meta":{"desktop":{"background-color":"var(--ast-global-color-5)","background-image":"","background-repeat":"repeat","background-position":"center center","background-size":"auto","background-attachment":"scroll","background-type":"","background-media":"","overlay-type":"","overlay-color":"","overlay-opacity":"","overlay-gradient":""},"tablet":{"background-color":"var(--ast-global-color-5)","background-image":"","background-repeat":"repeat","background-position":"center center","background-size":"auto","background-attachment":"scroll","background-type":"","background-media":"","overlay-type":"","overlay-color":"","overlay-opacity":"","overlay-gradient":""},"mobile":{"background-color":"var(--ast-global-color-5)","background-image":"","background-repeat":"repeat","background-position":"center center","background-size":"auto","background-attachment":"scroll","background-type":"","background-media":"","overlay-type":"","overlay-color":"","overlay-opacity":"","overlay-gradient":""}}},"pwb-brand":[52],"product_cat":[89],"product_tag":[557,854,559,855],"class_list":{"0":"post-4130","1":"product","2":"type-product","3":"status-publish","4":"has-post-thumbnail","6":"pwb-brand-donya","7":"product_cat-legumbres","8":"product_tag-alubias","9":"product_tag-alubias-rojas","10":"product_tag-legumbre","11":"product_tag-855","12":"desktop-align-center","13":"tablet-align-center","14":"mobile-align-center","16":"first","17":"outofstock","18":"taxable","19":"shipping-taxable","20":"purchasable","21":"product-type-simple"},"yoast_head":"<!-- This site is optimized with the Yoast SEO plugin v23.6 - https:\/\/yoast.com\/wordpress\/plugins\/seo\/ -->\n<title>Alubias rojas Lubia ghermez 400g Donya - Delicias Persas<\/title>\n<meta name=\"description\" content=\"Alubias rojas Lubia ghermez 400g Donya. Deliciosas y de primera calidad empleadas en diversos platos como Ash reshteh, Ghormeh sabzi...\" \/>\n<meta name=\"robots\" content=\"index, follow, max-snippet:-1, max-image-preview:large, max-video-preview:-1\" \/>\n<link rel=\"canonical\" href=\"https:\/\/deliciaspersas.com\/en\/tienda\/legumbres\/alubias-rojas-lubia-ghermez-400g-donya\/\" \/>\n<meta property=\"og:locale\" content=\"en_US\" \/>\n<meta property=\"og:type\" content=\"article\" \/>\n<meta property=\"og:title\" content=\"Alubias rojas Lubia ghermez 400g Donya - Delicias Persas\" \/>\n<meta property=\"og:description\" content=\"Alubias rojas Lubia ghermez 400g Donya. Deliciosas y de primera calidad empleadas en diversos platos como Ash reshteh, Ghormeh sabzi...\" \/>\n<meta property=\"og:url\" content=\"https:\/\/deliciaspersas.com\/en\/tienda\/legumbres\/alubias-rojas-lubia-ghermez-400g-donya\/\" \/>\n<meta property=\"og:site_name\" content=\"Delicias Persas\" \/>\n<meta property=\"article:publisher\" content=\"https:\/\/www.facebook.com\/Deliciaspersas\" \/>\n<meta property=\"article:modified_time\" content=\"2024-08-05T14:50:33+00:00\" \/>\n<meta property=\"og:image\" content=\"https:\/\/deliciaspersas.com\/wp-content\/uploads\/2020\/07\/6.jpg\" \/>\n\t<meta property=\"og:image:width\" content=\"760\" \/>\n\t<meta property=\"og:image:height\" content=\"760\" \/>\n\t<meta property=\"og:image:type\" content=\"image\/jpeg\" \/>\n<meta name=\"twitter:card\" content=\"summary_large_image\" \/>\n<meta name=\"twitter:label1\" content=\"Est. reading time\" \/>\n\t<meta name=\"twitter:data1\" content=\"2 minutes\" \/>\n<script type=\"application\/ld+json\" class=\"yoast-schema-graph\">{\"@context\":\"https:\/\/schema.org\",\"@graph\":[{\"@type\":\"WebPage\",\"@id\":\"https:\/\/deliciaspersas.com\/en\/tienda\/legumbres\/alubias-rojas-lubia-ghermez-400g-donya\/\",\"url\":\"https:\/\/deliciaspersas.com\/en\/tienda\/legumbres\/alubias-rojas-lubia-ghermez-400g-donya\/\",\"name\":\"Alubias rojas Lubia ghermez 400g Donya - Delicias Persas\",\"isPartOf\":{\"@id\":\"https:\/\/deliciaspersas.com\/en\/#website\"},\"primaryImageOfPage\":{\"@id\":\"https:\/\/deliciaspersas.com\/en\/tienda\/legumbres\/alubias-rojas-lubia-ghermez-400g-donya\/#primaryimage\"},\"image\":{\"@id\":\"https:\/\/deliciaspersas.com\/en\/tienda\/legumbres\/alubias-rojas-lubia-ghermez-400g-donya\/#primaryimage\"},\"thumbnailUrl\":\"https:\/\/deliciaspersas.com\/wp-content\/uploads\/2020\/07\/6.jpg\",\"datePublished\":\"2020-07-30T09:03:06+00:00\",\"dateModified\":\"2024-08-05T14:50:33+00:00\",\"description\":\"Alubias rojas Lubia ghermez 400g Donya. Deliciosas y de primera calidad empleadas en diversos platos como Ash reshteh, Ghormeh sabzi...\",\"breadcrumb\":{\"@id\":\"https:\/\/deliciaspersas.com\/en\/tienda\/legumbres\/alubias-rojas-lubia-ghermez-400g-donya\/#breadcrumb\"},\"inLanguage\":\"en-US\",\"potentialAction\":[{\"@type\":\"ReadAction\",\"target\":[\"https:\/\/deliciaspersas.com\/en\/tienda\/legumbres\/alubias-rojas-lubia-ghermez-400g-donya\/\"]}]},{\"@type\":\"ImageObject\",\"inLanguage\":\"en-US\",\"@id\":\"https:\/\/deliciaspersas.com\/en\/tienda\/legumbres\/alubias-rojas-lubia-ghermez-400g-donya\/#primaryimage\",\"url\":\"https:\/\/deliciaspersas.com\/wp-content\/uploads\/2020\/07\/6.jpg\",\"contentUrl\":\"https:\/\/deliciaspersas.com\/wp-content\/uploads\/2020\/07\/6.jpg\",\"width\":760,\"height\":760,\"caption\":\"Alubias rojas Lubia ghermez 400g Donya\"},{\"@type\":\"BreadcrumbList\",\"@id\":\"https:\/\/deliciaspersas.com\/en\/tienda\/legumbres\/alubias-rojas-lubia-ghermez-400g-donya\/#breadcrumb\",\"itemListElement\":[{\"@type\":\"ListItem\",\"position\":1,\"name\":\"Portada\",\"item\":\"https:\/\/deliciaspersas.com\/en\/\"},{\"@type\":\"ListItem\",\"position\":2,\"name\":\"Tienda\",\"item\":\"https:\/\/deliciaspersas.com\/\"},{\"@type\":\"ListItem\",\"position\":3,\"name\":\"Alubias rojas Lubia ghermez 400g Donya\"}]},{\"@type\":\"WebSite\",\"@id\":\"https:\/\/deliciaspersas.com\/en\/#website\",\"url\":\"https:\/\/deliciaspersas.com\/en\/\",\"name\":\"Delicias Persas\",\"description\":\"Gastronom&iacute;a persa al alcance de tus manos\",\"publisher\":{\"@id\":\"https:\/\/deliciaspersas.com\/en\/#organization\"},\"potentialAction\":[{\"@type\":\"SearchAction\",\"target\":{\"@type\":\"EntryPoint\",\"urlTemplate\":\"https:\/\/deliciaspersas.com\/en\/?s={search_term_string}\"},\"query-input\":{\"@type\":\"PropertyValueSpecification\",\"valueRequired\":true,\"valueName\":\"search_term_string\"}}],\"inLanguage\":\"en-US\"},{\"@type\":\"Organization\",\"@id\":\"https:\/\/deliciaspersas.com\/en\/#organization\",\"name\":\"Delicias Persas\",\"url\":\"https:\/\/deliciaspersas.com\/en\/\",\"logo\":{\"@type\":\"ImageObject\",\"inLanguage\":\"en-US\",\"@id\":\"https:\/\/deliciaspersas.com\/en\/#\/schema\/logo\/image\/\",\"url\":\"https:\/\/deliciaspersas.com\/wp-content\/uploads\/2020\/07\/logo-2020.png\",\"contentUrl\":\"https:\/\/deliciaspersas.com\/wp-content\/uploads\/2020\/07\/logo-2020.png\",\"width\":520,\"height\":490,\"caption\":\"Delicias Persas\"},\"image\":{\"@id\":\"https:\/\/deliciaspersas.com\/en\/#\/schema\/logo\/image\/\"},\"sameAs\":[\"https:\/\/www.facebook.com\/Deliciaspersas\",\"https:\/\/www.instagram.com\/delicias_persas\/\",\"https:\/\/www.linkedin.com\/delicias-persas\"]}]}<\/script>\n<!-- \/ Yoast SEO plugin. -->","yoast_head_json":{"title":"Alubias rojas Lubia ghermez 400g Donya - Delicias Persas","description":"Alubias rojas Lubia ghermez 400g Donya. Deliciosas y de primera calidad empleadas en diversos platos como Ash reshteh, Ghormeh sabzi...","robots":{"index":"index","follow":"follow","max-snippet":"max-snippet:-1","max-image-preview":"max-image-preview:large","max-video-preview":"max-video-preview:-1"},"canonical":"https:\/\/deliciaspersas.com\/en\/tienda\/legumbres\/alubias-rojas-lubia-ghermez-400g-donya\/","og_locale":"en_US","og_type":"article","og_title":"Alubias rojas Lubia ghermez 400g Donya - Delicias Persas","og_description":"Alubias rojas Lubia ghermez 400g Donya. Deliciosas y de primera calidad empleadas en diversos platos como Ash reshteh, Ghormeh sabzi...","og_url":"https:\/\/deliciaspersas.com\/en\/tienda\/legumbres\/alubias-rojas-lubia-ghermez-400g-donya\/","og_site_name":"Delicias Persas","article_publisher":"https:\/\/www.facebook.com\/Deliciaspersas","article_modified_time":"2024-08-05T14:50:33+00:00","og_image":[{"width":760,"height":760,"url":"https:\/\/deliciaspersas.com\/wp-content\/uploads\/2020\/07\/6.jpg","type":"image\/jpeg"}],"twitter_card":"summary_large_image","twitter_misc":{"Est. reading time":"2 minutes"},"schema":{"@context":"https:\/\/schema.org","@graph":[{"@type":"WebPage","@id":"https:\/\/deliciaspersas.com\/en\/tienda\/legumbres\/alubias-rojas-lubia-ghermez-400g-donya\/","url":"https:\/\/deliciaspersas.com\/en\/tienda\/legumbres\/alubias-rojas-lubia-ghermez-400g-donya\/","name":"Alubias rojas Lubia ghermez 400g Donya - Delicias Persas","isPartOf":{"@id":"https:\/\/deliciaspersas.com\/en\/#website"},"primaryImageOfPage":{"@id":"https:\/\/deliciaspersas.com\/en\/tienda\/legumbres\/alubias-rojas-lubia-ghermez-400g-donya\/#primaryimage"},"image":{"@id":"https:\/\/deliciaspersas.com\/en\/tienda\/legumbres\/alubias-rojas-lubia-ghermez-400g-donya\/#primaryimage"},"thumbnailUrl":"https:\/\/deliciaspersas.com\/wp-content\/uploads\/2020\/07\/6.jpg","datePublished":"2020-07-30T09:03:06+00:00","dateModified":"2024-08-05T14:50:33+00:00","description":"Alubias rojas Lubia ghermez 400g Donya. Deliciosas y de primera calidad empleadas en diversos platos como Ash reshteh, Ghormeh sabzi...","breadcrumb":{"@id":"https:\/\/deliciaspersas.com\/en\/tienda\/legumbres\/alubias-rojas-lubia-ghermez-400g-donya\/#breadcrumb"},"inLanguage":"en-US","potentialAction":[{"@type":"ReadAction","target":["https:\/\/deliciaspersas.com\/en\/tienda\/legumbres\/alubias-rojas-lubia-ghermez-400g-donya\/"]}]},{"@type":"ImageObject","inLanguage":"en-US","@id":"https:\/\/deliciaspersas.com\/en\/tienda\/legumbres\/alubias-rojas-lubia-ghermez-400g-donya\/#primaryimage","url":"https:\/\/deliciaspersas.com\/wp-content\/uploads\/2020\/07\/6.jpg","contentUrl":"https:\/\/deliciaspersas.com\/wp-content\/uploads\/2020\/07\/6.jpg","width":760,"height":760,"caption":"Alubias rojas Lubia ghermez 400g Donya"},{"@type":"BreadcrumbList","@id":"https:\/\/deliciaspersas.com\/en\/tienda\/legumbres\/alubias-rojas-lubia-ghermez-400g-donya\/#breadcrumb","itemListElement":[{"@type":"ListItem","position":1,"name":"Portada","item":"https:\/\/deliciaspersas.com\/en\/"},{"@type":"ListItem","position":2,"name":"Tienda","item":"https:\/\/deliciaspersas.com\/"},{"@type":"ListItem","position":3,"name":"Alubias rojas Lubia ghermez 400g Donya"}]},{"@type":"WebSite","@id":"https:\/\/deliciaspersas.com\/en\/#website","url":"https:\/\/deliciaspersas.com\/en\/","name":"Delicias Persas","description":"Gastronom&iacute;a persa al alcance de tus manos","publisher":{"@id":"https:\/\/deliciaspersas.com\/en\/#organization"},"potentialAction":[{"@type":"SearchAction","target":{"@type":"EntryPoint","urlTemplate":"https:\/\/deliciaspersas.com\/en\/?s={search_term_string}"},"query-input":{"@type":"PropertyValueSpecification","valueRequired":true,"valueName":"search_term_string"}}],"inLanguage":"en-US"},{"@type":"Organization","@id":"https:\/\/deliciaspersas.com\/en\/#organization","name":"Delicias Persas","url":"https:\/\/deliciaspersas.com\/en\/","logo":{"@type":"ImageObject","inLanguage":"en-US","@id":"https:\/\/deliciaspersas.com\/en\/#\/schema\/logo\/image\/","url":"https:\/\/deliciaspersas.com\/wp-content\/uploads\/2020\/07\/logo-2020.png","contentUrl":"https:\/\/deliciaspersas.com\/wp-content\/uploads\/2020\/07\/logo-2020.png","width":520,"height":490,"caption":"Delicias Persas"},"image":{"@id":"https:\/\/deliciaspersas.com\/en\/#\/schema\/logo\/image\/"},"sameAs":["https:\/\/www.facebook.com\/Deliciaspersas","https:\/\/www.instagram.com\/delicias_persas\/","https:\/\/www.linkedin.com\/delicias-persas"]}]}},"uagb_featured_image_src":{"full":["https:\/\/deliciaspersas.com\/wp-content\/uploads\/2020\/07\/6.jpg",760,760,false],"thumbnail":["https:\/\/deliciaspersas.com\/wp-content\/uploads\/2020\/07\/6-150x150.jpg",150,150,true],"medium":["https:\/\/deliciaspersas.com\/wp-content\/uploads\/2020\/07\/6-300x300.jpg",300,300,true],"medium_large":["https:\/\/deliciaspersas.com\/wp-content\/uploads\/2020\/07\/6.jpg",760,760,false],"large":["https:\/\/deliciaspersas.com\/wp-content\/uploads\/2020\/07\/6.jpg",760,760,false],"1536x1536":["https:\/\/deliciaspersas.com\/wp-content\/uploads\/2020\/07\/6.jpg",760,760,false],"2048x2048":["https:\/\/deliciaspersas.com\/wp-content\/uploads\/2020\/07\/6.jpg",760,760,false],"woocommerce_thumbnail":["https:\/\/deliciaspersas.com\/wp-content\/uploads\/2020\/07\/6-300x300.jpg",300,300,true],"woocommerce_single":["https:\/\/deliciaspersas.com\/wp-content\/uploads\/2020\/07\/6-600x600.jpg",600,600,true],"woocommerce_gallery_thumbnail":["https:\/\/deliciaspersas.com\/wp-content\/uploads\/2020\/07\/6-100x100.jpg",100,100,true]},"uagb_author_info":{"display_name":"ventas.dayan","author_link":"https:\/\/deliciaspersas.com\/en\/author\/"},"uagb_comment_info":0,"uagb_excerpt":"Alubias rojas Lubia ghermez 400g Donya Informaci\u00f3n del producto: Deliciosas y de primera calidad alubias rojas de Donya, empleadas en diferentes platos de la gastronom\u00eda persa. Ingredientes y al\u00e9rgenos: Alubias rojas. Usos: Las alubias rojas, son empleadas en diversos platos de nuestra gastronom\u00eda, como el &#8220;Ash reshteh&#8221;, o el &#8220;Ghormeh sabzi&#8221;. \u00a0En concreto, las alubias&hellip;","brands":[{"id":52,"name":"Donya","slug":"donya"}],"_links":{"self":[{"href":"https:\/\/deliciaspersas.com\/en\/wp-json\/wp\/v2\/product\/4130"}],"collection":[{"href":"https:\/\/deliciaspersas.com\/en\/wp-json\/wp\/v2\/product"}],"about":[{"href":"https:\/\/deliciaspersas.com\/en\/wp-json\/wp\/v2\/types\/product"}],"wp:featuredmedia":[{"embeddable":true,"href":"https:\/\/deliciaspersas.com\/en\/wp-json\/wp\/v2\/media\/4129"}],"wp:attachment":[{"href":"https:\/\/deliciaspersas.com\/en\/wp-json\/wp\/v2\/media?parent=4130"}],"wp:term":[{"taxonomy":"pwb-brand","embeddable":true,"href":"https:\/\/deliciaspersas.com\/en\/wp-json\/wp\/v2\/pwb-brand?post=4130"},{"taxonomy":"product_cat","embeddable":true,"href":"https:\/\/deliciaspersas.com\/en\/wp-json\/wp\/v2\/product_cat?post=4130"},{"taxonomy":"product_tag","embeddable":true,"href":"https:\/\/deliciaspersas.com\/en\/wp-json\/wp\/v2\/product_tag?post=4130"}],"curies":[{"name":"wp","href":"https:\/\/api.w.org\/{rel}","templated":true}]}}