{"id":4143,"date":"2020-09-01T19:01:57","date_gmt":"2020-09-01T17:01:57","guid":{"rendered":"https:\/\/deliciaspersas.com\/?post_type=product&#038;p=4143"},"modified":"2025-11-18T15:29:05","modified_gmt":"2025-11-18T14:29:05","slug":"harina-de-garbanzo-ard-nokhodchi-granel-dayan","status":"publish","type":"product","link":"https:\/\/deliciaspersas.com\/en\/tienda\/especias\/harina-de-garbanzo-ard-nokhodchi-granel-dayan\/","title":{"rendered":"Harina de Garbanzo (Ard nokhodchi ) granel Dayan"},"content":{"rendered":"<h1>Harina de Garbanzo (Ard nokhodchi ) granel Dayan<\/h1>\n<h6>Informaci\u00f3n del producto:<\/h6>\n<p class=\"title\" data-asset-id=\"967547802\">La harina de garbanzos es el producto obtenido de pulverizar finamente ciertas variedades de garbanzo. Tambi\u00e9n conocida como harina chana.<\/p>\n<h6>Ingredientes y al\u00e9rgenos:<\/h6>\n<p>Garbanzo pulverizado.<\/p>\n<h6>Usos:<\/h6>\n<p>la harina de garbanzo se usa en reposter\u00eda, en la preparaci\u00f3n de diferentes comidas o en panader\u00eda.<\/p>\n<p>La harina de garbanzos es conocida por ser el sustituto perfecto del huevo en la tortilla de patata (o de otros vegetales) para las\u00a0personas veganas o con intolerancia al huevo.<\/p>\n<p>Es perfecta para\u00a0rebozar carnes, pescados y verduras, pues aporta jugosidad y potencia el sabor de los alimentos.<\/p>\n<p>\u00dasela como espesante de guisos, gracias a su alto contenido en almid\u00f3n.<\/p>\n<p>Para hacer\u00a0pan sin gluten. Este tipo de pan se puede hacer a partir de la combinaci\u00f3n de harina de arroz, harina de ma\u00edz y almid\u00f3n de mandioca. Te proponemos que le a\u00f1ades la harina de garbanzo 150g Donya para dotarlo del\u00a0 sabor a pan artesano.<\/p>\n<p>A\u00f1\u00e1dela a tu crema o sopa de verduras.\u00a0Es un fant\u00e1stico truco de cocina con el que lograr\u00e1s enriquecer las sopas, espes\u00e1ndolas m\u00e1s y dando lugar a un sabor m\u00e1s intenso.<\/p>\n<h6>Beneficios:<\/h6>\n<p>El uso de la harina de garbanzo en tu dieta te aportar\u00e1 m\u00faltiples beneficios gracias a sus ricos contenidos en fibra, prote\u00ednas, minerales (magnesio y potasio), \u00e1cido f\u00f3lico, y vitaminas del grupo B. Es una excelente fuente de prote\u00ednas de origen vegetal y aporta\u00a0hidratos de carbono\u00a0de liberaci\u00f3n lenta.<\/p>\n<p>Es rica en lecitina, un tipo de grasa que mezcla con las grasas ingeridas por el organismo con el agua y favorece su expulsi\u00f3n. tambi\u00e9n aporta \u00e1cidos grasos esenciales, en especial,\u00a0Omega 6.<\/p>\n<h6>Condiciones de conservaci\u00f3n:<\/h6>\n<p>Conservar en un lugar fresco, seco y protegido de la luz.<\/p>\n<h6>Informaci\u00f3n adicional:<\/h6>\n<p>Fabricado por: Dayan<\/p>\n","protected":false},"excerpt":{"rendered":"<p>Harina de Garbanzo (Ard nokhodchi ) granel Dayan Informaci\u00f3n del producto: La harina de garbanzos es el producto obtenido de pulverizar finamente ciertas variedades de garbanzo. Tambi\u00e9n conocida como harina chana. Ingredientes y al\u00e9rgenos: Garbanzo pulverizado. Usos: la harina de garbanzo se usa en reposter\u00eda, en la preparaci\u00f3n de diferentes comidas o en panader\u00eda. La [&hellip;]<\/p>\n","protected":false},"featured_media":15119,"template":"","meta":{"_surecart_dashboard_logo_width":"180px","_surecart_dashboard_show_logo":true,"_surecart_dashboard_navigation_orders":true,"_surecart_dashboard_navigation_invoices":true,"_surecart_dashboard_navigation_subscriptions":true,"_surecart_dashboard_navigation_downloads":true,"_surecart_dashboard_navigation_billing":true,"_surecart_dashboard_navigation_account":true,"_uag_custom_page_level_css":"","site-sidebar-layout":"default","site-content-layout":"default","ast-site-content-layout":"default","site-content-style":"default","site-sidebar-style":"default","ast-global-header-display":"","ast-banner-title-visibility":"","ast-main-header-display":"","ast-hfb-above-header-display":"","ast-hfb-below-header-display":"","ast-hfb-mobile-header-display":"","site-post-title":"","ast-breadcrumbs-content":"","ast-featured-img":"","footer-sml-layout":"","theme-transparent-header-meta":"default","adv-header-id-meta":"","stick-header-meta":"","header-above-stick-meta":"","header-main-stick-meta":"","header-below-stick-meta":"","astra-migrate-meta-layouts":"set","ast-page-background-enabled":"default","ast-page-background-meta":{"desktop":{"background-color":"","background-image":"","background-repeat":"repeat","background-position":"center center","background-size":"auto","background-attachment":"scroll","background-type":"","background-media":"","overlay-type":"","overlay-color":"","overlay-opacity":"","overlay-gradient":""},"tablet":{"background-color":"","background-image":"","background-repeat":"repeat","background-position":"center center","background-size":"auto","background-attachment":"scroll","background-type":"","background-media":"","overlay-type":"","overlay-color":"","overlay-opacity":"","overlay-gradient":""},"mobile":{"background-color":"","background-image":"","background-repeat":"repeat","background-position":"center center","background-size":"auto","background-attachment":"scroll","background-type":"","background-media":"","overlay-type":"","overlay-color":"","overlay-opacity":"","overlay-gradient":""}},"ast-content-background-meta":{"desktop":{"background-color":"var(--ast-global-color-5)","background-image":"","background-repeat":"repeat","background-position":"center center","background-size":"auto","background-attachment":"scroll","background-type":"","background-media":"","overlay-type":"","overlay-color":"","overlay-opacity":"","overlay-gradient":""},"tablet":{"background-color":"var(--ast-global-color-5)","background-image":"","background-repeat":"repeat","background-position":"center center","background-size":"auto","background-attachment":"scroll","background-type":"","background-media":"","overlay-type":"","overlay-color":"","overlay-opacity":"","overlay-gradient":""},"mobile":{"background-color":"var(--ast-global-color-5)","background-image":"","background-repeat":"repeat","background-position":"center center","background-size":"auto","background-attachment":"scroll","background-type":"","background-media":"","overlay-type":"","overlay-color":"","overlay-opacity":"","overlay-gradient":""}}},"pwb-brand":[113],"product_cat":[32,1099,106],"product_tag":[1560,619,620,1559],"class_list":{"0":"post-4143","1":"product","2":"type-product","3":"status-publish","4":"has-post-thumbnail","6":"pwb-brand-dayan-2","7":"product_cat-especias","8":"product_cat-granel","9":"product_cat-nuevos-productos","10":"product_tag-ard","11":"product_tag-garbanzos","12":"product_tag-harina-de-garbanzo","13":"product_tag-nokhod-chi","14":"desktop-align-center","15":"tablet-align-center","16":"mobile-align-center","18":"first","19":"instock","20":"taxable","21":"shipping-taxable","22":"purchasable","23":"product-type-variable"},"yoast_head":"<!-- This site is optimized with the Yoast SEO plugin v23.6 - https:\/\/yoast.com\/wordpress\/plugins\/seo\/ -->\n<title>Harina de Garbanzo (Ard nokhodchi ) granel Dayan - Delicias Persas<\/title>\n<meta name=\"description\" content=\"La harina de garbanzo es obtenida pulverizazando el garbanzo. Tambi\u00e9n conocida como harina chana. Posee vitaminas minerales y fibra.\" \/>\n<meta name=\"robots\" content=\"index, follow, max-snippet:-1, max-image-preview:large, max-video-preview:-1\" \/>\n<link rel=\"canonical\" href=\"https:\/\/deliciaspersas.com\/en\/tienda\/especias\/harina-de-garbanzo-ard-nokhodchi-granel-dayan\/\" \/>\n<meta property=\"og:locale\" content=\"en_US\" \/>\n<meta property=\"og:type\" content=\"article\" \/>\n<meta property=\"og:title\" content=\"Harina de Garbanzo (Ard nokhodchi ) granel Dayan - Delicias Persas\" \/>\n<meta property=\"og:description\" content=\"La harina de garbanzo es obtenida pulverizazando el garbanzo. Tambi\u00e9n conocida como harina chana. Posee vitaminas minerales y fibra.\" \/>\n<meta property=\"og:url\" content=\"https:\/\/deliciaspersas.com\/en\/tienda\/especias\/harina-de-garbanzo-ard-nokhodchi-granel-dayan\/\" \/>\n<meta property=\"og:site_name\" content=\"Delicias Persas\" \/>\n<meta property=\"article:publisher\" content=\"https:\/\/www.facebook.com\/Deliciaspersas\" \/>\n<meta property=\"article:modified_time\" content=\"2025-11-18T14:29:05+00:00\" \/>\n<meta property=\"og:image\" content=\"https:\/\/deliciaspersas.com\/wp-content\/uploads\/Harina-de-Garbanzos-Dayan.jpg\" \/>\n\t<meta property=\"og:image:width\" content=\"800\" \/>\n\t<meta property=\"og:image:height\" content=\"600\" \/>\n\t<meta property=\"og:image:type\" content=\"image\/jpeg\" \/>\n<meta name=\"twitter:card\" content=\"summary_large_image\" \/>\n<meta name=\"twitter:label1\" content=\"Est. reading time\" \/>\n\t<meta name=\"twitter:data1\" content=\"2 minutes\" \/>\n<script type=\"application\/ld+json\" class=\"yoast-schema-graph\">{\"@context\":\"https:\/\/schema.org\",\"@graph\":[{\"@type\":\"WebPage\",\"@id\":\"https:\/\/deliciaspersas.com\/en\/tienda\/especias\/harina-de-garbanzo-ard-nokhodchi-granel-dayan\/\",\"url\":\"https:\/\/deliciaspersas.com\/en\/tienda\/especias\/harina-de-garbanzo-ard-nokhodchi-granel-dayan\/\",\"name\":\"Harina de Garbanzo (Ard nokhodchi ) granel Dayan - Delicias Persas\",\"isPartOf\":{\"@id\":\"https:\/\/deliciaspersas.com\/en\/#website\"},\"primaryImageOfPage\":{\"@id\":\"https:\/\/deliciaspersas.com\/en\/tienda\/especias\/harina-de-garbanzo-ard-nokhodchi-granel-dayan\/#primaryimage\"},\"image\":{\"@id\":\"https:\/\/deliciaspersas.com\/en\/tienda\/especias\/harina-de-garbanzo-ard-nokhodchi-granel-dayan\/#primaryimage\"},\"thumbnailUrl\":\"https:\/\/deliciaspersas.com\/wp-content\/uploads\/Harina-de-Garbanzos-Dayan.jpg\",\"datePublished\":\"2020-09-01T17:01:57+00:00\",\"dateModified\":\"2025-11-18T14:29:05+00:00\",\"description\":\"La harina de garbanzo es obtenida pulverizazando el garbanzo. Tambi\u00e9n conocida como harina chana. Posee vitaminas minerales y fibra.\",\"breadcrumb\":{\"@id\":\"https:\/\/deliciaspersas.com\/en\/tienda\/especias\/harina-de-garbanzo-ard-nokhodchi-granel-dayan\/#breadcrumb\"},\"inLanguage\":\"en-US\",\"potentialAction\":[{\"@type\":\"ReadAction\",\"target\":[\"https:\/\/deliciaspersas.com\/en\/tienda\/especias\/harina-de-garbanzo-ard-nokhodchi-granel-dayan\/\"]}]},{\"@type\":\"ImageObject\",\"inLanguage\":\"en-US\",\"@id\":\"https:\/\/deliciaspersas.com\/en\/tienda\/especias\/harina-de-garbanzo-ard-nokhodchi-granel-dayan\/#primaryimage\",\"url\":\"https:\/\/deliciaspersas.com\/wp-content\/uploads\/Harina-de-Garbanzos-Dayan.jpg\",\"contentUrl\":\"https:\/\/deliciaspersas.com\/wp-content\/uploads\/Harina-de-Garbanzos-Dayan.jpg\",\"width\":800,\"height\":600},{\"@type\":\"BreadcrumbList\",\"@id\":\"https:\/\/deliciaspersas.com\/en\/tienda\/especias\/harina-de-garbanzo-ard-nokhodchi-granel-dayan\/#breadcrumb\",\"itemListElement\":[{\"@type\":\"ListItem\",\"position\":1,\"name\":\"Portada\",\"item\":\"https:\/\/deliciaspersas.com\/en\/\"},{\"@type\":\"ListItem\",\"position\":2,\"name\":\"Tienda\",\"item\":\"https:\/\/deliciaspersas.com\/\"},{\"@type\":\"ListItem\",\"position\":3,\"name\":\"Harina de Garbanzo (Ard nokhodchi ) granel Dayan\"}]},{\"@type\":\"WebSite\",\"@id\":\"https:\/\/deliciaspersas.com\/en\/#website\",\"url\":\"https:\/\/deliciaspersas.com\/en\/\",\"name\":\"Delicias Persas\",\"description\":\"Gastronom&iacute;a persa al alcance de tus manos\",\"publisher\":{\"@id\":\"https:\/\/deliciaspersas.com\/en\/#organization\"},\"potentialAction\":[{\"@type\":\"SearchAction\",\"target\":{\"@type\":\"EntryPoint\",\"urlTemplate\":\"https:\/\/deliciaspersas.com\/en\/?s={search_term_string}\"},\"query-input\":{\"@type\":\"PropertyValueSpecification\",\"valueRequired\":true,\"valueName\":\"search_term_string\"}}],\"inLanguage\":\"en-US\"},{\"@type\":\"Organization\",\"@id\":\"https:\/\/deliciaspersas.com\/en\/#organization\",\"name\":\"Delicias Persas\",\"url\":\"https:\/\/deliciaspersas.com\/en\/\",\"logo\":{\"@type\":\"ImageObject\",\"inLanguage\":\"en-US\",\"@id\":\"https:\/\/deliciaspersas.com\/en\/#\/schema\/logo\/image\/\",\"url\":\"https:\/\/deliciaspersas.com\/wp-content\/uploads\/2020\/07\/logo-2020.png\",\"contentUrl\":\"https:\/\/deliciaspersas.com\/wp-content\/uploads\/2020\/07\/logo-2020.png\",\"width\":520,\"height\":490,\"caption\":\"Delicias Persas\"},\"image\":{\"@id\":\"https:\/\/deliciaspersas.com\/en\/#\/schema\/logo\/image\/\"},\"sameAs\":[\"https:\/\/www.facebook.com\/Deliciaspersas\",\"https:\/\/www.instagram.com\/delicias_persas\/\",\"https:\/\/www.linkedin.com\/delicias-persas\"]}]}<\/script>\n<!-- \/ Yoast SEO plugin. -->","yoast_head_json":{"title":"Harina de Garbanzo (Ard nokhodchi ) granel Dayan - Delicias Persas","description":"La harina de garbanzo es obtenida pulverizazando el garbanzo. Tambi\u00e9n conocida como harina chana. Posee vitaminas minerales y fibra.","robots":{"index":"index","follow":"follow","max-snippet":"max-snippet:-1","max-image-preview":"max-image-preview:large","max-video-preview":"max-video-preview:-1"},"canonical":"https:\/\/deliciaspersas.com\/en\/tienda\/especias\/harina-de-garbanzo-ard-nokhodchi-granel-dayan\/","og_locale":"en_US","og_type":"article","og_title":"Harina de Garbanzo (Ard nokhodchi ) granel Dayan - Delicias Persas","og_description":"La harina de garbanzo es obtenida pulverizazando el garbanzo. Tambi\u00e9n conocida como harina chana. Posee vitaminas minerales y fibra.","og_url":"https:\/\/deliciaspersas.com\/en\/tienda\/especias\/harina-de-garbanzo-ard-nokhodchi-granel-dayan\/","og_site_name":"Delicias Persas","article_publisher":"https:\/\/www.facebook.com\/Deliciaspersas","article_modified_time":"2025-11-18T14:29:05+00:00","og_image":[{"width":800,"height":600,"url":"https:\/\/deliciaspersas.com\/wp-content\/uploads\/Harina-de-Garbanzos-Dayan.jpg","type":"image\/jpeg"}],"twitter_card":"summary_large_image","twitter_misc":{"Est. reading time":"2 minutes"},"schema":{"@context":"https:\/\/schema.org","@graph":[{"@type":"WebPage","@id":"https:\/\/deliciaspersas.com\/en\/tienda\/especias\/harina-de-garbanzo-ard-nokhodchi-granel-dayan\/","url":"https:\/\/deliciaspersas.com\/en\/tienda\/especias\/harina-de-garbanzo-ard-nokhodchi-granel-dayan\/","name":"Harina de Garbanzo (Ard nokhodchi ) granel Dayan - Delicias Persas","isPartOf":{"@id":"https:\/\/deliciaspersas.com\/en\/#website"},"primaryImageOfPage":{"@id":"https:\/\/deliciaspersas.com\/en\/tienda\/especias\/harina-de-garbanzo-ard-nokhodchi-granel-dayan\/#primaryimage"},"image":{"@id":"https:\/\/deliciaspersas.com\/en\/tienda\/especias\/harina-de-garbanzo-ard-nokhodchi-granel-dayan\/#primaryimage"},"thumbnailUrl":"https:\/\/deliciaspersas.com\/wp-content\/uploads\/Harina-de-Garbanzos-Dayan.jpg","datePublished":"2020-09-01T17:01:57+00:00","dateModified":"2025-11-18T14:29:05+00:00","description":"La harina de garbanzo es obtenida pulverizazando el garbanzo. Tambi\u00e9n conocida como harina chana. Posee vitaminas minerales y fibra.","breadcrumb":{"@id":"https:\/\/deliciaspersas.com\/en\/tienda\/especias\/harina-de-garbanzo-ard-nokhodchi-granel-dayan\/#breadcrumb"},"inLanguage":"en-US","potentialAction":[{"@type":"ReadAction","target":["https:\/\/deliciaspersas.com\/en\/tienda\/especias\/harina-de-garbanzo-ard-nokhodchi-granel-dayan\/"]}]},{"@type":"ImageObject","inLanguage":"en-US","@id":"https:\/\/deliciaspersas.com\/en\/tienda\/especias\/harina-de-garbanzo-ard-nokhodchi-granel-dayan\/#primaryimage","url":"https:\/\/deliciaspersas.com\/wp-content\/uploads\/Harina-de-Garbanzos-Dayan.jpg","contentUrl":"https:\/\/deliciaspersas.com\/wp-content\/uploads\/Harina-de-Garbanzos-Dayan.jpg","width":800,"height":600},{"@type":"BreadcrumbList","@id":"https:\/\/deliciaspersas.com\/en\/tienda\/especias\/harina-de-garbanzo-ard-nokhodchi-granel-dayan\/#breadcrumb","itemListElement":[{"@type":"ListItem","position":1,"name":"Portada","item":"https:\/\/deliciaspersas.com\/en\/"},{"@type":"ListItem","position":2,"name":"Tienda","item":"https:\/\/deliciaspersas.com\/"},{"@type":"ListItem","position":3,"name":"Harina de Garbanzo (Ard nokhodchi ) granel Dayan"}]},{"@type":"WebSite","@id":"https:\/\/deliciaspersas.com\/en\/#website","url":"https:\/\/deliciaspersas.com\/en\/","name":"Delicias Persas","description":"Gastronom&iacute;a persa al alcance de tus manos","publisher":{"@id":"https:\/\/deliciaspersas.com\/en\/#organization"},"potentialAction":[{"@type":"SearchAction","target":{"@type":"EntryPoint","urlTemplate":"https:\/\/deliciaspersas.com\/en\/?s={search_term_string}"},"query-input":{"@type":"PropertyValueSpecification","valueRequired":true,"valueName":"search_term_string"}}],"inLanguage":"en-US"},{"@type":"Organization","@id":"https:\/\/deliciaspersas.com\/en\/#organization","name":"Delicias Persas","url":"https:\/\/deliciaspersas.com\/en\/","logo":{"@type":"ImageObject","inLanguage":"en-US","@id":"https:\/\/deliciaspersas.com\/en\/#\/schema\/logo\/image\/","url":"https:\/\/deliciaspersas.com\/wp-content\/uploads\/2020\/07\/logo-2020.png","contentUrl":"https:\/\/deliciaspersas.com\/wp-content\/uploads\/2020\/07\/logo-2020.png","width":520,"height":490,"caption":"Delicias Persas"},"image":{"@id":"https:\/\/deliciaspersas.com\/en\/#\/schema\/logo\/image\/"},"sameAs":["https:\/\/www.facebook.com\/Deliciaspersas","https:\/\/www.instagram.com\/delicias_persas\/","https:\/\/www.linkedin.com\/delicias-persas"]}]}},"uagb_featured_image_src":{"full":["https:\/\/deliciaspersas.com\/wp-content\/uploads\/Harina-de-Garbanzos-Dayan.jpg",800,600,false],"thumbnail":["https:\/\/deliciaspersas.com\/wp-content\/uploads\/Harina-de-Garbanzos-Dayan-150x150.jpg",150,150,true],"medium":["https:\/\/deliciaspersas.com\/wp-content\/uploads\/Harina-de-Garbanzos-Dayan-300x225.jpg",300,225,true],"medium_large":["https:\/\/deliciaspersas.com\/wp-content\/uploads\/Harina-de-Garbanzos-Dayan-768x576.jpg",768,576,true],"large":["https:\/\/deliciaspersas.com\/wp-content\/uploads\/Harina-de-Garbanzos-Dayan.jpg",800,600,false],"1536x1536":["https:\/\/deliciaspersas.com\/wp-content\/uploads\/Harina-de-Garbanzos-Dayan.jpg",800,600,false],"2048x2048":["https:\/\/deliciaspersas.com\/wp-content\/uploads\/Harina-de-Garbanzos-Dayan.jpg",800,600,false],"woocommerce_thumbnail":["https:\/\/deliciaspersas.com\/wp-content\/uploads\/Harina-de-Garbanzos-Dayan-300x300.jpg",300,300,true],"woocommerce_single":["https:\/\/deliciaspersas.com\/wp-content\/uploads\/Harina-de-Garbanzos-Dayan-600x450.jpg",600,450,true],"woocommerce_gallery_thumbnail":["https:\/\/deliciaspersas.com\/wp-content\/uploads\/Harina-de-Garbanzos-Dayan-100x100.jpg",100,100,true]},"uagb_author_info":{"display_name":"ventas.dayan","author_link":"https:\/\/deliciaspersas.com\/en\/author\/"},"uagb_comment_info":0,"uagb_excerpt":"Harina de Garbanzo (Ard nokhodchi ) granel Dayan Informaci\u00f3n del producto: La harina de garbanzos es el producto obtenido de pulverizar finamente ciertas variedades de garbanzo. Tambi\u00e9n conocida como harina chana. Ingredientes y al\u00e9rgenos: Garbanzo pulverizado. Usos: la harina de garbanzo se usa en reposter\u00eda, en la preparaci\u00f3n de diferentes comidas o en panader\u00eda. La&hellip;","brands":[{"id":113,"name":"Dayan","slug":"dayan-2"}],"_links":{"self":[{"href":"https:\/\/deliciaspersas.com\/en\/wp-json\/wp\/v2\/product\/4143"}],"collection":[{"href":"https:\/\/deliciaspersas.com\/en\/wp-json\/wp\/v2\/product"}],"about":[{"href":"https:\/\/deliciaspersas.com\/en\/wp-json\/wp\/v2\/types\/product"}],"wp:featuredmedia":[{"embeddable":true,"href":"https:\/\/deliciaspersas.com\/en\/wp-json\/wp\/v2\/media\/15119"}],"wp:attachment":[{"href":"https:\/\/deliciaspersas.com\/en\/wp-json\/wp\/v2\/media?parent=4143"}],"wp:term":[{"taxonomy":"pwb-brand","embeddable":true,"href":"https:\/\/deliciaspersas.com\/en\/wp-json\/wp\/v2\/pwb-brand?post=4143"},{"taxonomy":"product_cat","embeddable":true,"href":"https:\/\/deliciaspersas.com\/en\/wp-json\/wp\/v2\/product_cat?post=4143"},{"taxonomy":"product_tag","embeddable":true,"href":"https:\/\/deliciaspersas.com\/en\/wp-json\/wp\/v2\/product_tag?post=4143"}],"curies":[{"name":"wp","href":"https:\/\/api.w.org\/{rel}","templated":true}]}}