{"id":4159,"date":"2020-08-02T16:55:45","date_gmt":"2020-08-02T14:55:45","guid":{"rendered":"https:\/\/deliciaspersas.com\/?post_type=product&#038;p=4159"},"modified":"2023-06-28T17:52:09","modified_gmt":"2023-06-28T15:52:09","slug":"espand-granel-100g","status":"publish","type":"product","link":"https:\/\/deliciaspersas.com\/en\/tienda\/especias\/espand-granel-100g\/","title":{"rendered":"Espand granel 100g"},"content":{"rendered":"<h1>Espand granel 100g<\/h1>\n<h6>Informaci\u00f3n del producto:<\/h6>\n<p class=\"title\" data-asset-id=\"967547802\">El Espand es una especia muy empleada en Ir\u00e1n por sus propiedades medicinales y decorativas.<\/p>\n<h6>Ingredientes y al\u00e9rgenos:<\/h6>\n<p>Especia Spand.<\/p>\n<h6>Usos:<\/h6>\n<p>Se puede utilizar de diferentes maneras. En primer lugar, tradicionalmente se emplea para para dar bendiciones, quem\u00e1ndolo y acercando el humo a las personas queridas. Adem\u00e1s. el olor de su humo tambi\u00e9n sirve para perfumar el hogar. Otro de sus usos, es medicinal; aplicando la especia tratada sobre heridas, para facilitar su cura.<\/p>\n<h6>Beneficios:<\/h6>\n<p>Este producto tiene propiedades curativas especiales, como una acci\u00f3n estimulante sobre el motor, el sistema nervioso central y el cerebro. esta planta pertenece a la familia de las nitrariasis y se usa para tratar varias afecciones de salud, como el asma, la menstruaci\u00f3n anormal y la infestaci\u00f3n por tenias. Ayuda principalmente a aliviar el asma y este elemento tiene diferentes propiedades medicinales, como aumentar el poder del instinto sexual, esterilizante y antimicrobiano.<\/p>\n<p>Es una de las plantas que se utilizan para tratar la fiebre irregular. Tambi\u00e9n es \u00fatil para tratar la malaria persistente, pero no es muy eficaz en casos agudos.<\/p>\n<p>Las semillas de esta planta se dan en extracto, inducci\u00f3n o en forma de polvo.<br \/>\nLas propiedades sedantes de esta planta son \u00fatiles para tratar el insomnio.<br \/>\nTambi\u00e9n es \u00fatil para la menstruaci\u00f3n irregular.<\/p>\n<p>Las semillas de esta planta tienen propiedades galactogogo y se dan a las madres lactantes, lo que aumenta la secreci\u00f3n de leche.<\/p>\n<p>Esta planta se usa para tratar la laringitis. El extracto de estas semillas tambi\u00e9n se utiliza como enjuague bucal.<\/p>\n<p>Esta planta es eficaz para matar los piojos. Frote el cuero cabelludo con una pasta de ra\u00edz de esta planta y aceite de mostaza para deshacerse de los piojos.<\/p>\n<h6>Condiciones de conservaci\u00f3n:<\/h6>\n<p>Conservar en un lugar fresco, seco y protegido de la luz.<\/p>\n<h6>Informaci\u00f3n adicional:<\/h6>\n<p>Fabricado por: Donya<\/p>\n<p><span class=\"LrzXr\">UNIT 1B, 6 Greycaine Rd<\/span><\/p>\n<p><span class=\"LrzXr\">Watford WD24 7GP,<\/span><\/p>\n","protected":false},"excerpt":{"rendered":"<p>Espand granel 100g Informaci\u00f3n del producto: El Espand es una especia muy empleada en Ir\u00e1n por sus propiedades medicinales y decorativas. Ingredientes y al\u00e9rgenos: Especia Spand. Usos: Se puede utilizar de diferentes maneras. En primer lugar, tradicionalmente se emplea para para dar bendiciones, quem\u00e1ndolo y acercando el humo a las personas queridas. Adem\u00e1s. el olor [&hellip;]<\/p>\n","protected":false},"featured_media":11632,"template":"","meta":{"_surecart_dashboard_logo_width":"180px","_surecart_dashboard_show_logo":true,"_surecart_dashboard_navigation_orders":true,"_surecart_dashboard_navigation_invoices":true,"_surecart_dashboard_navigation_subscriptions":true,"_surecart_dashboard_navigation_downloads":true,"_surecart_dashboard_navigation_billing":true,"_surecart_dashboard_navigation_account":true,"_uag_custom_page_level_css":"","site-sidebar-layout":"default","site-content-layout":"default","ast-site-content-layout":"","site-content-style":"default","site-sidebar-style":"default","ast-global-header-display":"","ast-banner-title-visibility":"","ast-main-header-display":"","ast-hfb-above-header-display":"","ast-hfb-below-header-display":"","ast-hfb-mobile-header-display":"","site-post-title":"","ast-breadcrumbs-content":"","ast-featured-img":"","footer-sml-layout":"","theme-transparent-header-meta":"default","adv-header-id-meta":"","stick-header-meta":"","header-above-stick-meta":"","header-main-stick-meta":"","header-below-stick-meta":"","astra-migrate-meta-layouts":"default","ast-page-background-enabled":"default","ast-page-background-meta":{"desktop":{"background-color":"","background-image":"","background-repeat":"repeat","background-position":"center center","background-size":"auto","background-attachment":"scroll","background-type":"","background-media":"","overlay-type":"","overlay-color":"","overlay-opacity":"","overlay-gradient":""},"tablet":{"background-color":"","background-image":"","background-repeat":"repeat","background-position":"center center","background-size":"auto","background-attachment":"scroll","background-type":"","background-media":"","overlay-type":"","overlay-color":"","overlay-opacity":"","overlay-gradient":""},"mobile":{"background-color":"","background-image":"","background-repeat":"repeat","background-position":"center center","background-size":"auto","background-attachment":"scroll","background-type":"","background-media":"","overlay-type":"","overlay-color":"","overlay-opacity":"","overlay-gradient":""}},"ast-content-background-meta":{"desktop":{"background-color":"var(--ast-global-color-5)","background-image":"","background-repeat":"repeat","background-position":"center center","background-size":"auto","background-attachment":"scroll","background-type":"","background-media":"","overlay-type":"","overlay-color":"","overlay-opacity":"","overlay-gradient":""},"tablet":{"background-color":"var(--ast-global-color-5)","background-image":"","background-repeat":"repeat","background-position":"center center","background-size":"auto","background-attachment":"scroll","background-type":"","background-media":"","overlay-type":"","overlay-color":"","overlay-opacity":"","overlay-gradient":""},"mobile":{"background-color":"var(--ast-global-color-5)","background-image":"","background-repeat":"repeat","background-position":"center center","background-size":"auto","background-attachment":"scroll","background-type":"","background-media":"","overlay-type":"","overlay-color":"","overlay-opacity":"","overlay-gradient":""}}},"pwb-brand":[113],"product_cat":[32],"product_tag":[954,890,955,956],"class_list":{"0":"post-4159","1":"product","2":"type-product","3":"status-publish","4":"has-post-thumbnail","6":"pwb-brand-dayan-2","7":"product_cat-especias","8":"product_tag-espand","9":"product_tag-especies","10":"product_tag-humo","11":"product_tag-956","12":"desktop-align-center","13":"tablet-align-center","14":"mobile-align-center","16":"first","17":"instock","18":"taxable","19":"shipping-taxable","20":"purchasable","21":"product-type-simple"},"yoast_head":"<!-- This site is optimized with the Yoast SEO plugin v23.6 - https:\/\/yoast.com\/wordpress\/plugins\/seo\/ -->\n<title>Espand granel 100g - Delicias Persas<\/title>\n<meta name=\"description\" content=\"El Espand es una especia muy empleada en Ir\u00e1n al ser empleado su humo como bendici\u00f3n y ambientador para el hogar; y sus...\" \/>\n<meta name=\"robots\" content=\"index, follow, max-snippet:-1, max-image-preview:large, max-video-preview:-1\" \/>\n<link rel=\"canonical\" href=\"https:\/\/deliciaspersas.com\/en\/tienda\/especias\/espand-granel-100g\/\" \/>\n<meta property=\"og:locale\" content=\"en_US\" \/>\n<meta property=\"og:type\" content=\"article\" \/>\n<meta property=\"og:title\" content=\"Espand granel 100g - Delicias Persas\" \/>\n<meta property=\"og:description\" content=\"El Espand es una especia muy empleada en Ir\u00e1n al ser empleado su humo como bendici\u00f3n y ambientador para el hogar; y sus...\" \/>\n<meta property=\"og:url\" content=\"https:\/\/deliciaspersas.com\/en\/tienda\/especias\/espand-granel-100g\/\" \/>\n<meta property=\"og:site_name\" content=\"Delicias Persas\" \/>\n<meta property=\"article:publisher\" content=\"https:\/\/www.facebook.com\/Deliciaspersas\" \/>\n<meta property=\"article:modified_time\" content=\"2023-06-28T15:52:09+00:00\" \/>\n<meta property=\"og:image\" content=\"https:\/\/deliciaspersas.com\/wp-content\/uploads\/Espand.webp\" \/>\n\t<meta property=\"og:image:width\" content=\"1000\" \/>\n\t<meta property=\"og:image:height\" content=\"1000\" \/>\n\t<meta property=\"og:image:type\" content=\"image\/webp\" \/>\n<meta name=\"twitter:card\" content=\"summary_large_image\" \/>\n<meta name=\"twitter:label1\" content=\"Est. reading time\" \/>\n\t<meta name=\"twitter:data1\" content=\"2 minutes\" \/>\n<script type=\"application\/ld+json\" class=\"yoast-schema-graph\">{\"@context\":\"https:\/\/schema.org\",\"@graph\":[{\"@type\":\"WebPage\",\"@id\":\"https:\/\/deliciaspersas.com\/en\/tienda\/especias\/espand-granel-100g\/\",\"url\":\"https:\/\/deliciaspersas.com\/en\/tienda\/especias\/espand-granel-100g\/\",\"name\":\"Espand granel 100g - Delicias Persas\",\"isPartOf\":{\"@id\":\"https:\/\/deliciaspersas.com\/en\/#website\"},\"primaryImageOfPage\":{\"@id\":\"https:\/\/deliciaspersas.com\/en\/tienda\/especias\/espand-granel-100g\/#primaryimage\"},\"image\":{\"@id\":\"https:\/\/deliciaspersas.com\/en\/tienda\/especias\/espand-granel-100g\/#primaryimage\"},\"thumbnailUrl\":\"https:\/\/deliciaspersas.com\/wp-content\/uploads\/Espand.webp\",\"datePublished\":\"2020-08-02T14:55:45+00:00\",\"dateModified\":\"2023-06-28T15:52:09+00:00\",\"description\":\"El Espand es una especia muy empleada en Ir\u00e1n al ser empleado su humo como bendici\u00f3n y ambientador para el hogar; y sus...\",\"breadcrumb\":{\"@id\":\"https:\/\/deliciaspersas.com\/en\/tienda\/especias\/espand-granel-100g\/#breadcrumb\"},\"inLanguage\":\"en-US\",\"potentialAction\":[{\"@type\":\"ReadAction\",\"target\":[\"https:\/\/deliciaspersas.com\/en\/tienda\/especias\/espand-granel-100g\/\"]}]},{\"@type\":\"ImageObject\",\"inLanguage\":\"en-US\",\"@id\":\"https:\/\/deliciaspersas.com\/en\/tienda\/especias\/espand-granel-100g\/#primaryimage\",\"url\":\"https:\/\/deliciaspersas.com\/wp-content\/uploads\/Espand.webp\",\"contentUrl\":\"https:\/\/deliciaspersas.com\/wp-content\/uploads\/Espand.webp\",\"width\":1000,\"height\":1000},{\"@type\":\"BreadcrumbList\",\"@id\":\"https:\/\/deliciaspersas.com\/en\/tienda\/especias\/espand-granel-100g\/#breadcrumb\",\"itemListElement\":[{\"@type\":\"ListItem\",\"position\":1,\"name\":\"Portada\",\"item\":\"https:\/\/deliciaspersas.com\/en\/\"},{\"@type\":\"ListItem\",\"position\":2,\"name\":\"Tienda\",\"item\":\"https:\/\/deliciaspersas.com\/\"},{\"@type\":\"ListItem\",\"position\":3,\"name\":\"Espand granel 100g\"}]},{\"@type\":\"WebSite\",\"@id\":\"https:\/\/deliciaspersas.com\/en\/#website\",\"url\":\"https:\/\/deliciaspersas.com\/en\/\",\"name\":\"Delicias Persas\",\"description\":\"Gastronom&iacute;a persa al alcance de tus manos\",\"publisher\":{\"@id\":\"https:\/\/deliciaspersas.com\/en\/#organization\"},\"potentialAction\":[{\"@type\":\"SearchAction\",\"target\":{\"@type\":\"EntryPoint\",\"urlTemplate\":\"https:\/\/deliciaspersas.com\/en\/?s={search_term_string}\"},\"query-input\":{\"@type\":\"PropertyValueSpecification\",\"valueRequired\":true,\"valueName\":\"search_term_string\"}}],\"inLanguage\":\"en-US\"},{\"@type\":\"Organization\",\"@id\":\"https:\/\/deliciaspersas.com\/en\/#organization\",\"name\":\"Delicias Persas\",\"url\":\"https:\/\/deliciaspersas.com\/en\/\",\"logo\":{\"@type\":\"ImageObject\",\"inLanguage\":\"en-US\",\"@id\":\"https:\/\/deliciaspersas.com\/en\/#\/schema\/logo\/image\/\",\"url\":\"https:\/\/deliciaspersas.com\/wp-content\/uploads\/2020\/07\/logo-2020.png\",\"contentUrl\":\"https:\/\/deliciaspersas.com\/wp-content\/uploads\/2020\/07\/logo-2020.png\",\"width\":520,\"height\":490,\"caption\":\"Delicias Persas\"},\"image\":{\"@id\":\"https:\/\/deliciaspersas.com\/en\/#\/schema\/logo\/image\/\"},\"sameAs\":[\"https:\/\/www.facebook.com\/Deliciaspersas\",\"https:\/\/www.instagram.com\/delicias_persas\/\",\"https:\/\/www.linkedin.com\/delicias-persas\"]}]}<\/script>\n<!-- \/ Yoast SEO plugin. -->","yoast_head_json":{"title":"Espand granel 100g - Delicias Persas","description":"El Espand es una especia muy empleada en Ir\u00e1n al ser empleado su humo como bendici\u00f3n y ambientador para el hogar; y sus...","robots":{"index":"index","follow":"follow","max-snippet":"max-snippet:-1","max-image-preview":"max-image-preview:large","max-video-preview":"max-video-preview:-1"},"canonical":"https:\/\/deliciaspersas.com\/en\/tienda\/especias\/espand-granel-100g\/","og_locale":"en_US","og_type":"article","og_title":"Espand granel 100g - Delicias Persas","og_description":"El Espand es una especia muy empleada en Ir\u00e1n al ser empleado su humo como bendici\u00f3n y ambientador para el hogar; y sus...","og_url":"https:\/\/deliciaspersas.com\/en\/tienda\/especias\/espand-granel-100g\/","og_site_name":"Delicias Persas","article_publisher":"https:\/\/www.facebook.com\/Deliciaspersas","article_modified_time":"2023-06-28T15:52:09+00:00","og_image":[{"width":1000,"height":1000,"url":"https:\/\/deliciaspersas.com\/wp-content\/uploads\/Espand.webp","type":"image\/webp"}],"twitter_card":"summary_large_image","twitter_misc":{"Est. reading time":"2 minutes"},"schema":{"@context":"https:\/\/schema.org","@graph":[{"@type":"WebPage","@id":"https:\/\/deliciaspersas.com\/en\/tienda\/especias\/espand-granel-100g\/","url":"https:\/\/deliciaspersas.com\/en\/tienda\/especias\/espand-granel-100g\/","name":"Espand granel 100g - Delicias Persas","isPartOf":{"@id":"https:\/\/deliciaspersas.com\/en\/#website"},"primaryImageOfPage":{"@id":"https:\/\/deliciaspersas.com\/en\/tienda\/especias\/espand-granel-100g\/#primaryimage"},"image":{"@id":"https:\/\/deliciaspersas.com\/en\/tienda\/especias\/espand-granel-100g\/#primaryimage"},"thumbnailUrl":"https:\/\/deliciaspersas.com\/wp-content\/uploads\/Espand.webp","datePublished":"2020-08-02T14:55:45+00:00","dateModified":"2023-06-28T15:52:09+00:00","description":"El Espand es una especia muy empleada en Ir\u00e1n al ser empleado su humo como bendici\u00f3n y ambientador para el hogar; y sus...","breadcrumb":{"@id":"https:\/\/deliciaspersas.com\/en\/tienda\/especias\/espand-granel-100g\/#breadcrumb"},"inLanguage":"en-US","potentialAction":[{"@type":"ReadAction","target":["https:\/\/deliciaspersas.com\/en\/tienda\/especias\/espand-granel-100g\/"]}]},{"@type":"ImageObject","inLanguage":"en-US","@id":"https:\/\/deliciaspersas.com\/en\/tienda\/especias\/espand-granel-100g\/#primaryimage","url":"https:\/\/deliciaspersas.com\/wp-content\/uploads\/Espand.webp","contentUrl":"https:\/\/deliciaspersas.com\/wp-content\/uploads\/Espand.webp","width":1000,"height":1000},{"@type":"BreadcrumbList","@id":"https:\/\/deliciaspersas.com\/en\/tienda\/especias\/espand-granel-100g\/#breadcrumb","itemListElement":[{"@type":"ListItem","position":1,"name":"Portada","item":"https:\/\/deliciaspersas.com\/en\/"},{"@type":"ListItem","position":2,"name":"Tienda","item":"https:\/\/deliciaspersas.com\/"},{"@type":"ListItem","position":3,"name":"Espand granel 100g"}]},{"@type":"WebSite","@id":"https:\/\/deliciaspersas.com\/en\/#website","url":"https:\/\/deliciaspersas.com\/en\/","name":"Delicias Persas","description":"Gastronom&iacute;a persa al alcance de tus manos","publisher":{"@id":"https:\/\/deliciaspersas.com\/en\/#organization"},"potentialAction":[{"@type":"SearchAction","target":{"@type":"EntryPoint","urlTemplate":"https:\/\/deliciaspersas.com\/en\/?s={search_term_string}"},"query-input":{"@type":"PropertyValueSpecification","valueRequired":true,"valueName":"search_term_string"}}],"inLanguage":"en-US"},{"@type":"Organization","@id":"https:\/\/deliciaspersas.com\/en\/#organization","name":"Delicias Persas","url":"https:\/\/deliciaspersas.com\/en\/","logo":{"@type":"ImageObject","inLanguage":"en-US","@id":"https:\/\/deliciaspersas.com\/en\/#\/schema\/logo\/image\/","url":"https:\/\/deliciaspersas.com\/wp-content\/uploads\/2020\/07\/logo-2020.png","contentUrl":"https:\/\/deliciaspersas.com\/wp-content\/uploads\/2020\/07\/logo-2020.png","width":520,"height":490,"caption":"Delicias Persas"},"image":{"@id":"https:\/\/deliciaspersas.com\/en\/#\/schema\/logo\/image\/"},"sameAs":["https:\/\/www.facebook.com\/Deliciaspersas","https:\/\/www.instagram.com\/delicias_persas\/","https:\/\/www.linkedin.com\/delicias-persas"]}]}},"uagb_featured_image_src":{"full":["https:\/\/deliciaspersas.com\/wp-content\/uploads\/Espand.webp",1000,1000,false],"thumbnail":["https:\/\/deliciaspersas.com\/wp-content\/uploads\/Espand-150x150.webp",150,150,true],"medium":["https:\/\/deliciaspersas.com\/wp-content\/uploads\/Espand-300x300.webp",300,300,true],"medium_large":["https:\/\/deliciaspersas.com\/wp-content\/uploads\/Espand-768x768.webp",768,768,true],"large":["https:\/\/deliciaspersas.com\/wp-content\/uploads\/Espand.webp",1000,1000,false],"1536x1536":["https:\/\/deliciaspersas.com\/wp-content\/uploads\/Espand.webp",1000,1000,false],"2048x2048":["https:\/\/deliciaspersas.com\/wp-content\/uploads\/Espand.webp",1000,1000,false],"woocommerce_thumbnail":["https:\/\/deliciaspersas.com\/wp-content\/uploads\/Espand-300x300.webp",300,300,true],"woocommerce_single":["https:\/\/deliciaspersas.com\/wp-content\/uploads\/Espand-600x600.webp",600,600,true],"woocommerce_gallery_thumbnail":["https:\/\/deliciaspersas.com\/wp-content\/uploads\/Espand-100x100.webp",100,100,true]},"uagb_author_info":{"display_name":"ventas.dayan","author_link":"https:\/\/deliciaspersas.com\/en\/author\/"},"uagb_comment_info":0,"uagb_excerpt":"Espand granel 100g Informaci\u00f3n del producto: El Espand es una especia muy empleada en Ir\u00e1n por sus propiedades medicinales y decorativas. Ingredientes y al\u00e9rgenos: Especia Spand. Usos: Se puede utilizar de diferentes maneras. En primer lugar, tradicionalmente se emplea para para dar bendiciones, quem\u00e1ndolo y acercando el humo a las personas queridas. Adem\u00e1s. el olor&hellip;","brands":[{"id":113,"name":"Dayan","slug":"dayan-2"}],"_links":{"self":[{"href":"https:\/\/deliciaspersas.com\/en\/wp-json\/wp\/v2\/product\/4159"}],"collection":[{"href":"https:\/\/deliciaspersas.com\/en\/wp-json\/wp\/v2\/product"}],"about":[{"href":"https:\/\/deliciaspersas.com\/en\/wp-json\/wp\/v2\/types\/product"}],"wp:featuredmedia":[{"embeddable":true,"href":"https:\/\/deliciaspersas.com\/en\/wp-json\/wp\/v2\/media\/11632"}],"wp:attachment":[{"href":"https:\/\/deliciaspersas.com\/en\/wp-json\/wp\/v2\/media?parent=4159"}],"wp:term":[{"taxonomy":"pwb-brand","embeddable":true,"href":"https:\/\/deliciaspersas.com\/en\/wp-json\/wp\/v2\/pwb-brand?post=4159"},{"taxonomy":"product_cat","embeddable":true,"href":"https:\/\/deliciaspersas.com\/en\/wp-json\/wp\/v2\/product_cat?post=4159"},{"taxonomy":"product_tag","embeddable":true,"href":"https:\/\/deliciaspersas.com\/en\/wp-json\/wp\/v2\/product_tag?post=4159"}],"curies":[{"name":"wp","href":"https:\/\/api.w.org\/{rel}","templated":true}]}}