{"id":4165,"date":"2020-08-02T17:01:48","date_gmt":"2020-08-02T15:01:48","guid":{"rendered":"https:\/\/deliciaspersas.com\/?post_type=product&#038;p=4165"},"modified":"2024-05-06T10:30:15","modified_gmt":"2024-05-06T08:30:15","slug":"pipas-de-calabaza-200g-donya","status":"publish","type":"product","link":"https:\/\/deliciaspersas.com\/en\/tienda\/encurtidos\/pipas-de-calabaza-200g-donya\/","title":{"rendered":"Pipas de calabaza 200g Donya"},"content":{"rendered":"<h1>Pipas de calabaza 200g Donya<\/h1>\n<h6>Informaci\u00f3n del producto:<\/h6>\n<p>Pipas de calabaza.<\/p>\n<h6>Usos:<\/h6>\n<p>Las pipas de calabaza contienen vitamina A 62 IU, y vitaminas C, E, K y D en menores proporciones. En cuanto a los minerales, tienen gran cantidad de magnesio 262 ,mg por raci\u00f3n de 100 gramos. El magnesio es importante para poder producir energ\u00eda.<\/p>\n<h6>Beneficios:<\/h6>\n<p>Las pipas de calabaza son uno de esos s\u00faper alimentos que tienen m\u00faltiples propiedades. Parece mentira que un alimento tan peque\u00f1o sea tan rico en nutrientes. Comer a diario unas cuentas pipas de calabaza favorece una mejor salud. Tienen Omega 3, alta cantidad de minerales, vitaminas y adem\u00e1s se pueden comer solas o en cualquier receta.<\/p>\n<p>Las pipas de calabazas\u00a0tiene \u00e1cidos poliinsaturados en alta proporci\u00f3n,\u00a09g por cada raci\u00f3n de 100 gramos. Tambi\u00e9n tienen o \u00e1cidos\u00a0 linoleico y linolenico. Los \u00e1cidos poliinsaturados son fuente de beneficios para la salud. Contribuye al buen funcionamiento del coraz\u00f3n y del cerebro.<\/p>\n<p>Los frutos secos como las nueces o las pipas de calabaza son las mejores fuentes de Omega-3 de origen vegetal. (\u00e1cido alfa-linol\u00e9nico o ALA).<\/p>\n<p>Tambi\u00e9n tienen un efecto beneficioso para la salud de la pr\u00f3stata. La hipertrofia benigna\u00a0 de pr\u00f3stata afecta a muchos hombres a partir de los 50 a\u00f1os (se trata de un agrandamiento de la pr\u00f3stata). La cucurbitina un amino\u00e1cido componente del aceite de pipas de calabaza\u00a0parecen tener un efecto muy positivo para frenar este trastorno.<\/p>\n<p>Las pipas de calabaza contienen\u00a0vitamina A 62 IU, y vitaminas C, E, K y D en menores proporciones. En cuanto a los minerales, tienen gran cantidad de magnesio 262 ,mg por raci\u00f3n de 100 gramos. El magnesio es importante para poder producir energ\u00eda. Sin este mineral nuestros m\u00fasculos no podr\u00edan realizar bien su funci\u00f3n.\u00a0Los iones de magnesio intervienen en m\u00e1s de 300 funciones bioqu\u00edmicas.<\/p>\n<h6>Ingredientes y al\u00e9rgenos:<\/h6>\n<p>Pepitas de calabaza.<\/p>\n<h6>Condiciones de conservaci\u00f3n:<\/h6>\n<p>Conservar en un lugar fresco, seco y protegido de la luz.<\/p>\n<h6>Informaci\u00f3n adicional:<\/h6>\n<p>Fabricado por: Donya<\/p>\n<p><span class=\"LrzXr\">UNIT 1B, 6 Greycaine Rd<\/span><\/p>\n<p><span class=\"LrzXr\">Watford WD24 7GP,<\/span><\/p>\n","protected":false},"excerpt":{"rendered":"<p>Pipas de calabaza 200g Donya Informaci\u00f3n del producto: Pipas de calabaza. Usos: Las pipas de calabaza contienen vitamina A 62 IU, y vitaminas C, E, K y D en menores proporciones. En cuanto a los minerales, tienen gran cantidad de magnesio 262 ,mg por raci\u00f3n de 100 gramos. El magnesio es importante para poder producir [&hellip;]<\/p>\n","protected":false},"featured_media":4187,"template":"","meta":{"_surecart_dashboard_logo_width":"180px","_surecart_dashboard_show_logo":true,"_surecart_dashboard_navigation_orders":true,"_surecart_dashboard_navigation_invoices":true,"_surecart_dashboard_navigation_subscriptions":true,"_surecart_dashboard_navigation_downloads":true,"_surecart_dashboard_navigation_billing":true,"_surecart_dashboard_navigation_account":true,"_uag_custom_page_level_css":"","site-sidebar-layout":"default","site-content-layout":"default","ast-site-content-layout":"default","site-content-style":"default","site-sidebar-style":"default","ast-global-header-display":"","ast-banner-title-visibility":"","ast-main-header-display":"","ast-hfb-above-header-display":"","ast-hfb-below-header-display":"","ast-hfb-mobile-header-display":"","site-post-title":"","ast-breadcrumbs-content":"","ast-featured-img":"","footer-sml-layout":"","theme-transparent-header-meta":"default","adv-header-id-meta":"","stick-header-meta":"","header-above-stick-meta":"","header-main-stick-meta":"","header-below-stick-meta":"","astra-migrate-meta-layouts":"set","ast-page-background-enabled":"default","ast-page-background-meta":{"desktop":{"background-color":"","background-image":"","background-repeat":"repeat","background-position":"center center","background-size":"auto","background-attachment":"scroll","background-type":"","background-media":"","overlay-type":"","overlay-color":"","overlay-opacity":"","overlay-gradient":""},"tablet":{"background-color":"","background-image":"","background-repeat":"repeat","background-position":"center center","background-size":"auto","background-attachment":"scroll","background-type":"","background-media":"","overlay-type":"","overlay-color":"","overlay-opacity":"","overlay-gradient":""},"mobile":{"background-color":"","background-image":"","background-repeat":"repeat","background-position":"center center","background-size":"auto","background-attachment":"scroll","background-type":"","background-media":"","overlay-type":"","overlay-color":"","overlay-opacity":"","overlay-gradient":""}},"ast-content-background-meta":{"desktop":{"background-color":"var(--ast-global-color-5)","background-image":"","background-repeat":"repeat","background-position":"center center","background-size":"auto","background-attachment":"scroll","background-type":"","background-media":"","overlay-type":"","overlay-color":"","overlay-opacity":"","overlay-gradient":""},"tablet":{"background-color":"var(--ast-global-color-5)","background-image":"","background-repeat":"repeat","background-position":"center center","background-size":"auto","background-attachment":"scroll","background-type":"","background-media":"","overlay-type":"","overlay-color":"","overlay-opacity":"","overlay-gradient":""},"mobile":{"background-color":"var(--ast-global-color-5)","background-image":"","background-repeat":"repeat","background-position":"center center","background-size":"auto","background-attachment":"scroll","background-type":"","background-media":"","overlay-type":"","overlay-color":"","overlay-opacity":"","overlay-gradient":""}}},"pwb-brand":[52],"product_cat":[38,40],"product_tag":[672,1056,383],"class_list":{"0":"post-4165","1":"product","2":"type-product","3":"status-publish","4":"has-post-thumbnail","6":"pwb-brand-donya","7":"product_cat-encurtidos","8":"product_cat-secos","9":"product_tag-aperitivo","10":"product_tag-pipa","11":"product_tag-383","12":"desktop-align-center","13":"tablet-align-center","14":"mobile-align-center","16":"first","17":"outofstock","18":"taxable","19":"shipping-taxable","20":"purchasable","21":"product-type-simple"},"yoast_head":"<!-- This site is optimized with the Yoast SEO plugin v23.6 - https:\/\/yoast.com\/wordpress\/plugins\/seo\/ -->\n<title>Pipas de calabaza 200g Donya - Delicias Persas<\/title>\n<meta name=\"description\" content=\"Las\u00a0pipas de calabaza\u00a0contienen vitaminas A, C, E, K y D. En cuanto a los minerales, tienen gran cantidad de magnesio 262 ,mg por raci\u00f3n...\" \/>\n<meta name=\"robots\" content=\"index, follow, max-snippet:-1, max-image-preview:large, max-video-preview:-1\" \/>\n<link rel=\"canonical\" href=\"https:\/\/deliciaspersas.com\/en\/tienda\/encurtidos\/pipas-de-calabaza-200g-donya\/\" \/>\n<meta property=\"og:locale\" content=\"en_US\" \/>\n<meta property=\"og:type\" content=\"article\" \/>\n<meta property=\"og:title\" content=\"Pipas de calabaza 200g Donya - Delicias Persas\" \/>\n<meta property=\"og:description\" content=\"Las\u00a0pipas de calabaza\u00a0contienen vitaminas A, C, E, K y D. En cuanto a los minerales, tienen gran cantidad de magnesio 262 ,mg por raci\u00f3n...\" \/>\n<meta property=\"og:url\" content=\"https:\/\/deliciaspersas.com\/en\/tienda\/encurtidos\/pipas-de-calabaza-200g-donya\/\" \/>\n<meta property=\"og:site_name\" content=\"Delicias Persas\" \/>\n<meta property=\"article:publisher\" content=\"https:\/\/www.facebook.com\/Deliciaspersas\" \/>\n<meta property=\"article:modified_time\" content=\"2024-05-06T08:30:15+00:00\" \/>\n<meta property=\"og:image\" content=\"https:\/\/deliciaspersas.com\/wp-content\/uploads\/2020\/07\/Pipas-de-calabaza-180g-Donya.jpg\" \/>\n\t<meta property=\"og:image:width\" content=\"760\" \/>\n\t<meta property=\"og:image:height\" content=\"760\" \/>\n\t<meta property=\"og:image:type\" content=\"image\/jpeg\" \/>\n<meta name=\"twitter:card\" content=\"summary_large_image\" \/>\n<meta name=\"twitter:label1\" content=\"Est. reading time\" \/>\n\t<meta name=\"twitter:data1\" content=\"2 minutes\" \/>\n<script type=\"application\/ld+json\" class=\"yoast-schema-graph\">{\"@context\":\"https:\/\/schema.org\",\"@graph\":[{\"@type\":\"WebPage\",\"@id\":\"https:\/\/deliciaspersas.com\/en\/tienda\/encurtidos\/pipas-de-calabaza-200g-donya\/\",\"url\":\"https:\/\/deliciaspersas.com\/en\/tienda\/encurtidos\/pipas-de-calabaza-200g-donya\/\",\"name\":\"Pipas de calabaza 200g Donya - Delicias Persas\",\"isPartOf\":{\"@id\":\"https:\/\/deliciaspersas.com\/en\/#website\"},\"primaryImageOfPage\":{\"@id\":\"https:\/\/deliciaspersas.com\/en\/tienda\/encurtidos\/pipas-de-calabaza-200g-donya\/#primaryimage\"},\"image\":{\"@id\":\"https:\/\/deliciaspersas.com\/en\/tienda\/encurtidos\/pipas-de-calabaza-200g-donya\/#primaryimage\"},\"thumbnailUrl\":\"https:\/\/deliciaspersas.com\/wp-content\/uploads\/2020\/07\/Pipas-de-calabaza-180g-Donya.jpg\",\"datePublished\":\"2020-08-02T15:01:48+00:00\",\"dateModified\":\"2024-05-06T08:30:15+00:00\",\"description\":\"Las\u00a0pipas de calabaza\u00a0contienen vitaminas A, C, E, K y D. En cuanto a los minerales, tienen gran cantidad de magnesio 262 ,mg por raci\u00f3n...\",\"breadcrumb\":{\"@id\":\"https:\/\/deliciaspersas.com\/en\/tienda\/encurtidos\/pipas-de-calabaza-200g-donya\/#breadcrumb\"},\"inLanguage\":\"en-US\",\"potentialAction\":[{\"@type\":\"ReadAction\",\"target\":[\"https:\/\/deliciaspersas.com\/en\/tienda\/encurtidos\/pipas-de-calabaza-200g-donya\/\"]}]},{\"@type\":\"ImageObject\",\"inLanguage\":\"en-US\",\"@id\":\"https:\/\/deliciaspersas.com\/en\/tienda\/encurtidos\/pipas-de-calabaza-200g-donya\/#primaryimage\",\"url\":\"https:\/\/deliciaspersas.com\/wp-content\/uploads\/2020\/07\/Pipas-de-calabaza-180g-Donya.jpg\",\"contentUrl\":\"https:\/\/deliciaspersas.com\/wp-content\/uploads\/2020\/07\/Pipas-de-calabaza-180g-Donya.jpg\",\"width\":760,\"height\":760,\"caption\":\"Pipas de calabaza 180g Donya\"},{\"@type\":\"BreadcrumbList\",\"@id\":\"https:\/\/deliciaspersas.com\/en\/tienda\/encurtidos\/pipas-de-calabaza-200g-donya\/#breadcrumb\",\"itemListElement\":[{\"@type\":\"ListItem\",\"position\":1,\"name\":\"Portada\",\"item\":\"https:\/\/deliciaspersas.com\/en\/\"},{\"@type\":\"ListItem\",\"position\":2,\"name\":\"Tienda\",\"item\":\"https:\/\/deliciaspersas.com\/\"},{\"@type\":\"ListItem\",\"position\":3,\"name\":\"Pipas de calabaza 200g Donya\"}]},{\"@type\":\"WebSite\",\"@id\":\"https:\/\/deliciaspersas.com\/en\/#website\",\"url\":\"https:\/\/deliciaspersas.com\/en\/\",\"name\":\"Delicias Persas\",\"description\":\"Gastronom&iacute;a persa al alcance de tus manos\",\"publisher\":{\"@id\":\"https:\/\/deliciaspersas.com\/en\/#organization\"},\"potentialAction\":[{\"@type\":\"SearchAction\",\"target\":{\"@type\":\"EntryPoint\",\"urlTemplate\":\"https:\/\/deliciaspersas.com\/en\/?s={search_term_string}\"},\"query-input\":{\"@type\":\"PropertyValueSpecification\",\"valueRequired\":true,\"valueName\":\"search_term_string\"}}],\"inLanguage\":\"en-US\"},{\"@type\":\"Organization\",\"@id\":\"https:\/\/deliciaspersas.com\/en\/#organization\",\"name\":\"Delicias Persas\",\"url\":\"https:\/\/deliciaspersas.com\/en\/\",\"logo\":{\"@type\":\"ImageObject\",\"inLanguage\":\"en-US\",\"@id\":\"https:\/\/deliciaspersas.com\/en\/#\/schema\/logo\/image\/\",\"url\":\"https:\/\/deliciaspersas.com\/wp-content\/uploads\/2020\/07\/logo-2020.png\",\"contentUrl\":\"https:\/\/deliciaspersas.com\/wp-content\/uploads\/2020\/07\/logo-2020.png\",\"width\":520,\"height\":490,\"caption\":\"Delicias Persas\"},\"image\":{\"@id\":\"https:\/\/deliciaspersas.com\/en\/#\/schema\/logo\/image\/\"},\"sameAs\":[\"https:\/\/www.facebook.com\/Deliciaspersas\",\"https:\/\/www.instagram.com\/delicias_persas\/\",\"https:\/\/www.linkedin.com\/delicias-persas\"]}]}<\/script>\n<!-- \/ Yoast SEO plugin. -->","yoast_head_json":{"title":"Pipas de calabaza 200g Donya - Delicias Persas","description":"Las\u00a0pipas de calabaza\u00a0contienen vitaminas A, C, E, K y D. En cuanto a los minerales, tienen gran cantidad de magnesio 262 ,mg por raci\u00f3n...","robots":{"index":"index","follow":"follow","max-snippet":"max-snippet:-1","max-image-preview":"max-image-preview:large","max-video-preview":"max-video-preview:-1"},"canonical":"https:\/\/deliciaspersas.com\/en\/tienda\/encurtidos\/pipas-de-calabaza-200g-donya\/","og_locale":"en_US","og_type":"article","og_title":"Pipas de calabaza 200g Donya - Delicias Persas","og_description":"Las\u00a0pipas de calabaza\u00a0contienen vitaminas A, C, E, K y D. En cuanto a los minerales, tienen gran cantidad de magnesio 262 ,mg por raci\u00f3n...","og_url":"https:\/\/deliciaspersas.com\/en\/tienda\/encurtidos\/pipas-de-calabaza-200g-donya\/","og_site_name":"Delicias Persas","article_publisher":"https:\/\/www.facebook.com\/Deliciaspersas","article_modified_time":"2024-05-06T08:30:15+00:00","og_image":[{"width":760,"height":760,"url":"https:\/\/deliciaspersas.com\/wp-content\/uploads\/2020\/07\/Pipas-de-calabaza-180g-Donya.jpg","type":"image\/jpeg"}],"twitter_card":"summary_large_image","twitter_misc":{"Est. reading time":"2 minutes"},"schema":{"@context":"https:\/\/schema.org","@graph":[{"@type":"WebPage","@id":"https:\/\/deliciaspersas.com\/en\/tienda\/encurtidos\/pipas-de-calabaza-200g-donya\/","url":"https:\/\/deliciaspersas.com\/en\/tienda\/encurtidos\/pipas-de-calabaza-200g-donya\/","name":"Pipas de calabaza 200g Donya - Delicias Persas","isPartOf":{"@id":"https:\/\/deliciaspersas.com\/en\/#website"},"primaryImageOfPage":{"@id":"https:\/\/deliciaspersas.com\/en\/tienda\/encurtidos\/pipas-de-calabaza-200g-donya\/#primaryimage"},"image":{"@id":"https:\/\/deliciaspersas.com\/en\/tienda\/encurtidos\/pipas-de-calabaza-200g-donya\/#primaryimage"},"thumbnailUrl":"https:\/\/deliciaspersas.com\/wp-content\/uploads\/2020\/07\/Pipas-de-calabaza-180g-Donya.jpg","datePublished":"2020-08-02T15:01:48+00:00","dateModified":"2024-05-06T08:30:15+00:00","description":"Las\u00a0pipas de calabaza\u00a0contienen vitaminas A, C, E, K y D. En cuanto a los minerales, tienen gran cantidad de magnesio 262 ,mg por raci\u00f3n...","breadcrumb":{"@id":"https:\/\/deliciaspersas.com\/en\/tienda\/encurtidos\/pipas-de-calabaza-200g-donya\/#breadcrumb"},"inLanguage":"en-US","potentialAction":[{"@type":"ReadAction","target":["https:\/\/deliciaspersas.com\/en\/tienda\/encurtidos\/pipas-de-calabaza-200g-donya\/"]}]},{"@type":"ImageObject","inLanguage":"en-US","@id":"https:\/\/deliciaspersas.com\/en\/tienda\/encurtidos\/pipas-de-calabaza-200g-donya\/#primaryimage","url":"https:\/\/deliciaspersas.com\/wp-content\/uploads\/2020\/07\/Pipas-de-calabaza-180g-Donya.jpg","contentUrl":"https:\/\/deliciaspersas.com\/wp-content\/uploads\/2020\/07\/Pipas-de-calabaza-180g-Donya.jpg","width":760,"height":760,"caption":"Pipas de calabaza 180g Donya"},{"@type":"BreadcrumbList","@id":"https:\/\/deliciaspersas.com\/en\/tienda\/encurtidos\/pipas-de-calabaza-200g-donya\/#breadcrumb","itemListElement":[{"@type":"ListItem","position":1,"name":"Portada","item":"https:\/\/deliciaspersas.com\/en\/"},{"@type":"ListItem","position":2,"name":"Tienda","item":"https:\/\/deliciaspersas.com\/"},{"@type":"ListItem","position":3,"name":"Pipas de calabaza 200g Donya"}]},{"@type":"WebSite","@id":"https:\/\/deliciaspersas.com\/en\/#website","url":"https:\/\/deliciaspersas.com\/en\/","name":"Delicias Persas","description":"Gastronom&iacute;a persa al alcance de tus manos","publisher":{"@id":"https:\/\/deliciaspersas.com\/en\/#organization"},"potentialAction":[{"@type":"SearchAction","target":{"@type":"EntryPoint","urlTemplate":"https:\/\/deliciaspersas.com\/en\/?s={search_term_string}"},"query-input":{"@type":"PropertyValueSpecification","valueRequired":true,"valueName":"search_term_string"}}],"inLanguage":"en-US"},{"@type":"Organization","@id":"https:\/\/deliciaspersas.com\/en\/#organization","name":"Delicias Persas","url":"https:\/\/deliciaspersas.com\/en\/","logo":{"@type":"ImageObject","inLanguage":"en-US","@id":"https:\/\/deliciaspersas.com\/en\/#\/schema\/logo\/image\/","url":"https:\/\/deliciaspersas.com\/wp-content\/uploads\/2020\/07\/logo-2020.png","contentUrl":"https:\/\/deliciaspersas.com\/wp-content\/uploads\/2020\/07\/logo-2020.png","width":520,"height":490,"caption":"Delicias Persas"},"image":{"@id":"https:\/\/deliciaspersas.com\/en\/#\/schema\/logo\/image\/"},"sameAs":["https:\/\/www.facebook.com\/Deliciaspersas","https:\/\/www.instagram.com\/delicias_persas\/","https:\/\/www.linkedin.com\/delicias-persas"]}]}},"uagb_featured_image_src":{"full":["https:\/\/deliciaspersas.com\/wp-content\/uploads\/2020\/07\/Pipas-de-calabaza-180g-Donya.jpg",760,760,false],"thumbnail":["https:\/\/deliciaspersas.com\/wp-content\/uploads\/2020\/07\/Pipas-de-calabaza-180g-Donya-150x150.jpg",150,150,true],"medium":["https:\/\/deliciaspersas.com\/wp-content\/uploads\/2020\/07\/Pipas-de-calabaza-180g-Donya-300x300.jpg",300,300,true],"medium_large":["https:\/\/deliciaspersas.com\/wp-content\/uploads\/2020\/07\/Pipas-de-calabaza-180g-Donya.jpg",760,760,false],"large":["https:\/\/deliciaspersas.com\/wp-content\/uploads\/2020\/07\/Pipas-de-calabaza-180g-Donya.jpg",760,760,false],"1536x1536":["https:\/\/deliciaspersas.com\/wp-content\/uploads\/2020\/07\/Pipas-de-calabaza-180g-Donya.jpg",760,760,false],"2048x2048":["https:\/\/deliciaspersas.com\/wp-content\/uploads\/2020\/07\/Pipas-de-calabaza-180g-Donya.jpg",760,760,false],"woocommerce_thumbnail":["https:\/\/deliciaspersas.com\/wp-content\/uploads\/2020\/07\/Pipas-de-calabaza-180g-Donya-300x300.jpg",300,300,true],"woocommerce_single":["https:\/\/deliciaspersas.com\/wp-content\/uploads\/2020\/07\/Pipas-de-calabaza-180g-Donya-600x600.jpg",600,600,true],"woocommerce_gallery_thumbnail":["https:\/\/deliciaspersas.com\/wp-content\/uploads\/2020\/07\/Pipas-de-calabaza-180g-Donya-100x100.jpg",100,100,true]},"uagb_author_info":{"display_name":"ventas.dayan","author_link":"https:\/\/deliciaspersas.com\/en\/author\/"},"uagb_comment_info":0,"uagb_excerpt":"Pipas de calabaza 200g Donya Informaci\u00f3n del producto: Pipas de calabaza. Usos: Las pipas de calabaza contienen vitamina A 62 IU, y vitaminas C, E, K y D en menores proporciones. En cuanto a los minerales, tienen gran cantidad de magnesio 262 ,mg por raci\u00f3n de 100 gramos. El magnesio es importante para poder producir&hellip;","brands":[{"id":52,"name":"Donya","slug":"donya"}],"_links":{"self":[{"href":"https:\/\/deliciaspersas.com\/en\/wp-json\/wp\/v2\/product\/4165"}],"collection":[{"href":"https:\/\/deliciaspersas.com\/en\/wp-json\/wp\/v2\/product"}],"about":[{"href":"https:\/\/deliciaspersas.com\/en\/wp-json\/wp\/v2\/types\/product"}],"wp:featuredmedia":[{"embeddable":true,"href":"https:\/\/deliciaspersas.com\/en\/wp-json\/wp\/v2\/media\/4187"}],"wp:attachment":[{"href":"https:\/\/deliciaspersas.com\/en\/wp-json\/wp\/v2\/media?parent=4165"}],"wp:term":[{"taxonomy":"pwb-brand","embeddable":true,"href":"https:\/\/deliciaspersas.com\/en\/wp-json\/wp\/v2\/pwb-brand?post=4165"},{"taxonomy":"product_cat","embeddable":true,"href":"https:\/\/deliciaspersas.com\/en\/wp-json\/wp\/v2\/product_cat?post=4165"},{"taxonomy":"product_tag","embeddable":true,"href":"https:\/\/deliciaspersas.com\/en\/wp-json\/wp\/v2\/product_tag?post=4165"}],"curies":[{"name":"wp","href":"https:\/\/api.w.org\/{rel}","templated":true}]}}